{"id":122064,"date":"2023-07-27T03:03:23","date_gmt":"2023-07-26T19:03:23","guid":{"rendered":"https:\/\/zxdoll.com\/?post_type=product&#038;p=122064"},"modified":"2025-09-14T23:42:08","modified_gmt":"2025-09-14T15:42:08","slug":"huge-ass-sex-passion-doll-kiss","status":"publish","type":"product","link":"https:\/\/zxdoll.com\/fr\/product\/huge-ass-sex-passion-doll-kiss\/","title":{"rendered":"Poup\u00e9e de passion sexuelle au cul \u00e9norme Kiss Nancey 170cm"},"content":{"rendered":"<h4><strong>Images de poup\u00e9e de sexe<\/strong><\/h4>\n\t                <ul class=\"easy-image-gallery thumbnails-14 linked\">\r\n                    <li><a data-fancybox=\"gallery980\" href=\"https:\/\/zxdoll.com\/wp-content\/uploads\/2023\/07\/tiffany-doll-anal-jlfd1-533x800.jpg\" class=\"eig-popup\" title=\"\" data-caption=\"\" target=\"_blank\"><i class=\"icon-view\"><\/i><span class=\"overlay\"><\/span><img decoding=\"async\" width=\"150\" height=\"150\" src=\"https:\/\/zxdoll.com\/wp-content\/uploads\/2023\/07\/tiffany-doll-anal-jlfd1-150x150.jpg\" class=\"attachment-thumbnail size-thumbnail\" alt=\"\" title=\"\"><\/a><\/li><li><a data-fancybox=\"gallery980\" href=\"https:\/\/zxdoll.com\/wp-content\/uploads\/2023\/07\/tiffany-doll-anal-jlfd2-533x800.jpg\" class=\"eig-popup\" title=\"\" data-caption=\"\" target=\"_blank\"><i class=\"icon-view\"><\/i><span class=\"overlay\"><\/span><img decoding=\"async\" width=\"150\" height=\"150\" src=\"https:\/\/zxdoll.com\/wp-content\/uploads\/2023\/07\/tiffany-doll-anal-jlfd2-150x150.jpg\" class=\"attachment-thumbnail size-thumbnail\" alt=\"\" title=\"\"><\/a><\/li><li><a data-fancybox=\"gallery980\" href=\"https:\/\/zxdoll.com\/wp-content\/uploads\/2023\/07\/tiffany-doll-anal-jlfd3-533x800.jpg\" class=\"eig-popup\" title=\"\" data-caption=\"\" target=\"_blank\"><i class=\"icon-view\"><\/i><span class=\"overlay\"><\/span><img decoding=\"async\" width=\"150\" height=\"150\" src=\"https:\/\/zxdoll.com\/wp-content\/uploads\/2023\/07\/tiffany-doll-anal-jlfd3-150x150.jpg\" class=\"attachment-thumbnail size-thumbnail\" alt=\"\" title=\"\"><\/a><\/li><li><a data-fancybox=\"gallery980\" href=\"https:\/\/zxdoll.com\/wp-content\/uploads\/2023\/07\/tiffany-doll-anal-jlfd4.jpg\" class=\"eig-popup\" title=\"\" data-caption=\"\" target=\"_blank\"><i class=\"icon-view\"><\/i><span class=\"overlay\"><\/span><img loading=\"lazy\" decoding=\"async\" width=\"150\" height=\"150\" src=\"https:\/\/zxdoll.com\/wp-content\/uploads\/2023\/07\/tiffany-doll-anal-jlfd4-150x150.jpg\" class=\"attachment-thumbnail size-thumbnail\" alt=\"\" title=\"\"><\/a><\/li><li><a data-fancybox=\"gallery980\" href=\"https:\/\/zxdoll.com\/wp-content\/uploads\/2023\/07\/tiffany-doll-anal-jlfd5-533x800.jpg\" class=\"eig-popup\" title=\"\" data-caption=\"\" target=\"_blank\"><i class=\"icon-view\"><\/i><span class=\"overlay\"><\/span><img loading=\"lazy\" decoding=\"async\" width=\"150\" height=\"150\" src=\"https:\/\/zxdoll.com\/wp-content\/uploads\/2023\/07\/tiffany-doll-anal-jlfd5-150x150.jpg\" class=\"attachment-thumbnail size-thumbnail\" alt=\"\" title=\"\"><\/a><\/li><li><a data-fancybox=\"gallery980\" href=\"https:\/\/zxdoll.com\/wp-content\/uploads\/2023\/07\/tiffany-doll-anal-jlfd6-533x800.jpg\" class=\"eig-popup\" title=\"\" data-caption=\"\" target=\"_blank\"><i class=\"icon-view\"><\/i><span class=\"overlay\"><\/span><img loading=\"lazy\" decoding=\"async\" width=\"150\" height=\"150\" src=\"https:\/\/zxdoll.com\/wp-content\/uploads\/2023\/07\/tiffany-doll-anal-jlfd6-150x150.jpg\" class=\"attachment-thumbnail size-thumbnail\" alt=\"\" title=\"\"><\/a><\/li><li><a data-fancybox=\"gallery980\" href=\"https:\/\/zxdoll.com\/wp-content\/uploads\/2023\/07\/tiffany-doll-anal-jlfd7-533x800.jpg\" class=\"eig-popup\" title=\"\" data-caption=\"\" target=\"_blank\"><i class=\"icon-view\"><\/i><span class=\"overlay\"><\/span><img loading=\"lazy\" decoding=\"async\" width=\"150\" height=\"150\" src=\"https:\/\/zxdoll.com\/wp-content\/uploads\/2023\/07\/tiffany-doll-anal-jlfd7-150x150.jpg\" class=\"attachment-thumbnail size-thumbnail\" alt=\"\" title=\"\"><\/a><\/li><li><a data-fancybox=\"gallery980\" href=\"https:\/\/zxdoll.com\/wp-content\/uploads\/2023\/07\/tiffany-doll-anal-jlfd8.jpg\" class=\"eig-popup\" title=\"\" data-caption=\"\" target=\"_blank\"><i class=\"icon-view\"><\/i><span class=\"overlay\"><\/span><img loading=\"lazy\" decoding=\"async\" width=\"150\" height=\"150\" src=\"https:\/\/zxdoll.com\/wp-content\/uploads\/2023\/07\/tiffany-doll-anal-jlfd8-150x150.jpg\" class=\"attachment-thumbnail size-thumbnail\" alt=\"\" title=\"\"><\/a><\/li><li><a data-fancybox=\"gallery980\" href=\"https:\/\/zxdoll.com\/wp-content\/uploads\/2023\/07\/tiffany-doll-anal-jlfd9.jpg\" class=\"eig-popup\" title=\"\" data-caption=\"\" target=\"_blank\"><i class=\"icon-view\"><\/i><span class=\"overlay\"><\/span><img loading=\"lazy\" decoding=\"async\" width=\"150\" height=\"150\" src=\"https:\/\/zxdoll.com\/wp-content\/uploads\/2023\/07\/tiffany-doll-anal-jlfd9-150x150.jpg\" class=\"attachment-thumbnail size-thumbnail\" alt=\"\" title=\"\"><\/a><\/li><li><a data-fancybox=\"gallery980\" href=\"https:\/\/zxdoll.com\/wp-content\/uploads\/2023\/07\/tiffany-doll-anal-jlfd10-533x800.jpg\" class=\"eig-popup\" title=\"\" data-caption=\"\" target=\"_blank\"><i class=\"icon-view\"><\/i><span class=\"overlay\"><\/span><img loading=\"lazy\" decoding=\"async\" width=\"150\" height=\"150\" src=\"https:\/\/zxdoll.com\/wp-content\/uploads\/2023\/07\/tiffany-doll-anal-jlfd10-150x150.jpg\" class=\"attachment-thumbnail size-thumbnail\" alt=\"\" title=\"\"><\/a><\/li><li><a data-fancybox=\"gallery980\" href=\"https:\/\/zxdoll.com\/wp-content\/uploads\/2023\/07\/tiffany-doll-anal-jlfd11.jpg\" class=\"eig-popup\" title=\"\" data-caption=\"\" target=\"_blank\"><i class=\"icon-view\"><\/i><span class=\"overlay\"><\/span><img loading=\"lazy\" decoding=\"async\" width=\"150\" height=\"150\" src=\"https:\/\/zxdoll.com\/wp-content\/uploads\/2023\/07\/tiffany-doll-anal-jlfd11-150x150.jpg\" class=\"attachment-thumbnail size-thumbnail\" alt=\"\" title=\"\"><\/a><\/li><li><a data-fancybox=\"gallery980\" href=\"https:\/\/zxdoll.com\/wp-content\/uploads\/2023\/07\/tiffany-doll-anal-jlfd12.jpg\" class=\"eig-popup\" title=\"\" data-caption=\"\" target=\"_blank\"><i class=\"icon-view\"><\/i><span class=\"overlay\"><\/span><img loading=\"lazy\" decoding=\"async\" width=\"100\" height=\"150\" src=\"https:\/\/zxdoll.com\/wp-content\/uploads\/2023\/07\/tiffany-doll-anal-jlfd12.jpg\" class=\"attachment-thumbnail size-thumbnail\" alt=\"\" title=\"\"><\/a><\/li><li><a data-fancybox=\"gallery980\" href=\"https:\/\/zxdoll.com\/wp-content\/uploads\/2023\/07\/tiffany-doll-anal-jlfd13.jpg\" class=\"eig-popup\" title=\"\" data-caption=\"\" target=\"_blank\"><i class=\"icon-view\"><\/i><span class=\"overlay\"><\/span><img loading=\"lazy\" decoding=\"async\" width=\"150\" height=\"150\" src=\"https:\/\/zxdoll.com\/wp-content\/uploads\/2023\/07\/tiffany-doll-anal-jlfd13-150x150.jpg\" class=\"attachment-thumbnail size-thumbnail\" alt=\"\" title=\"\"><\/a><\/li><li><a data-fancybox=\"gallery980\" href=\"https:\/\/zxdoll.com\/wp-content\/uploads\/2023\/07\/tiffany-doll-anal-jlfd14-533x800.jpg\" class=\"eig-popup\" title=\"\" data-caption=\"\" target=\"_blank\"><i class=\"icon-view\"><\/i><span class=\"overlay\"><\/span><img loading=\"lazy\" decoding=\"async\" width=\"150\" height=\"150\" src=\"https:\/\/zxdoll.com\/wp-content\/uploads\/2023\/07\/tiffany-doll-anal-jlfd14-150x150.jpg\" class=\"attachment-thumbnail size-thumbnail\" alt=\"\" title=\"\"><\/a><\/li><\/ul>\n<h4>Tableaux des tailles<\/h4>\n<table width=\"311\">\n<tbody>\n<tr>\n<td width=\"130\">Mat\u00e9riel<\/td>\n<td width=\"181\">T\u00eate en silicone + corps en TPE<\/td>\n<\/tr>\n<tr>\n<td>Hauteur<\/td>\n<td>170cm<\/td>\n<\/tr>\n<tr>\n<td>Sein<\/td>\n<td>80cm<\/td>\n<\/tr>\n<tr>\n<td>Taille<\/td>\n<td>68cm<\/td>\n<\/tr>\n<tr>\n<td>Hanche<\/td>\n<td>90cm<\/td>\n<\/tr>\n<tr>\n<td>Largeur d&#039;\u00e9paule<\/td>\n<td>36cm<\/td>\n<\/tr>\n<tr>\n<td>Longueur de bras<\/td>\n<td>50cm<\/td>\n<\/tr>\n<tr>\n<td>Longueur de la main<\/td>\n<td>15cm<\/td>\n<\/tr>\n<tr>\n<td>Longueur de jambe<\/td>\n<td>80cm<\/td>\n<\/tr>\n<tr>\n<td>Cuisse Ligne<\/td>\n<td>52cm<\/td>\n<\/tr>\n<tr>\n<td>Ligne de mollet<\/td>\n<td>33cm<\/td>\n<\/tr>\n<tr>\n<td>Taille des pieds<\/td>\n<td>21cm<\/td>\n<\/tr>\n<tr>\n<td>Profondeur du vagin<\/td>\n<td>14cm<\/td>\n<\/tr>\n<tr>\n<td>Profondeur anale<\/td>\n<td>10 cm<\/td>\n<\/tr>\n<tr>\n<td>Poids net<\/td>\n<td>42KG<\/td>\n<\/tr>\n<\/tbody>\n<\/table>\n<h4>\u00c0 propos de la poup\u00e9e sexuelle<\/h4>\n<p>&nbsp;<\/p>","protected":false},"excerpt":{"rendered":"<p>Images de poup\u00e9es sexuelles Tableau des tailles Mat\u00e9riau T\u00eate en silicone + TPE Hauteur du corps 170 cm Poitrine 80 cm Taille 68 cm Hanche 90 cm \u00c9paule<\/p>","protected":false},"featured_media":122078,"comment_status":"open","ping_status":"closed","template":"","meta":[],"product_brand":[],"product_cat":[165,75,231,192,107,117],"product_tag":[],"class_list":{"0":"post-122064","1":"product","2":"type-product","3":"status-publish","4":"has-post-thumbnail","6":"product_cat-fine-love-dolls","7":"product_cat-160cm-170cm-sex-dolls","8":"product_cat-41kg-45kg","9":"product_cat-hybrid-doll","10":"product_cat-skinny-sex-dolls","11":"product_cat-small-breast-sex-doll","12":"pa_brand-qita-doll","13":"tm-has-options","15":"first","16":"instock","17":"sale","18":"shipping-taxable","19":"purchasable","20":"product-type-simple"},"_links":{"self":[{"href":"https:\/\/zxdoll.com\/fr\/wp-json\/wp\/v2\/product\/122064","targetHints":{"allow":["GET"]}}],"collection":[{"href":"https:\/\/zxdoll.com\/fr\/wp-json\/wp\/v2\/product"}],"about":[{"href":"https:\/\/zxdoll.com\/fr\/wp-json\/wp\/v2\/types\/product"}],"replies":[{"embeddable":true,"href":"https:\/\/zxdoll.com\/fr\/wp-json\/wp\/v2\/comments?post=122064"}],"version-history":[{"count":1,"href":"https:\/\/zxdoll.com\/fr\/wp-json\/wp\/v2\/product\/122064\/revisions"}],"predecessor-version":[{"id":122144,"href":"https:\/\/zxdoll.com\/fr\/wp-json\/wp\/v2\/product\/122064\/revisions\/122144"}],"wp:featuredmedia":[{"embeddable":true,"href":"https:\/\/zxdoll.com\/fr\/wp-json\/wp\/v2\/media\/122078"}],"wp:attachment":[{"href":"https:\/\/zxdoll.com\/fr\/wp-json\/wp\/v2\/media?parent=122064"}],"wp:term":[{"taxonomy":"product_brand","embeddable":true,"href":"https:\/\/zxdoll.com\/fr\/wp-json\/wp\/v2\/product_brand?post=122064"},{"taxonomy":"product_cat","embeddable":true,"href":"https:\/\/zxdoll.com\/fr\/wp-json\/wp\/v2\/product_cat?post=122064"},{"taxonomy":"product_tag","embeddable":true,"href":"https:\/\/zxdoll.com\/fr\/wp-json\/wp\/v2\/product_tag?post=122064"}],"curies":[{"name":"wp","href":"https:\/\/api.w.org\/{rel}","templated":true}]}}