{"id":110776,"date":"2023-07-24T00:00:30","date_gmt":"2023-07-23T16:00:30","guid":{"rendered":"https:\/\/zxdoll.com\/?post_type=product&#038;p=110776"},"modified":"2025-09-09T02:21:55","modified_gmt":"2025-09-08T18:21:55","slug":"taking-sex-doll-hard-fucking-dinner","status":"publish","type":"product","link":"https:\/\/zxdoll.com\/fr\/product\/taking-sex-doll-hard-fucking-dinner\/","title":{"rendered":"Prendre une poup\u00e9e sexuelle pour un d\u00eener de baise dur Twanda 140cm"},"content":{"rendered":"<h4><strong>Images de poup\u00e9e de sexe<\/strong><\/h4>\n\t                <ul class=\"easy-image-gallery thumbnails-19 linked\">\r\n                    <li><a data-fancybox=\"gallery147\" href=\"https:\/\/zxdoll.com\/wp-content\/uploads\/2023\/07\/life-size-male-doll-f5iuc1-600x800.jpg\" class=\"eig-popup\" title=\"\" data-caption=\"\" target=\"_blank\"><i class=\"icon-view\"><\/i><span class=\"overlay\"><\/span><img decoding=\"async\" width=\"150\" height=\"150\" src=\"https:\/\/zxdoll.com\/wp-content\/uploads\/2023\/07\/life-size-male-doll-f5iuc1-150x150.jpg\" class=\"attachment-thumbnail size-thumbnail\" alt=\"\" title=\"\"><\/a><\/li><li><a data-fancybox=\"gallery147\" href=\"https:\/\/zxdoll.com\/wp-content\/uploads\/2023\/07\/life-size-male-doll-f5iuc2-600x800.jpg\" class=\"eig-popup\" title=\"\" data-caption=\"\" target=\"_blank\"><i class=\"icon-view\"><\/i><span class=\"overlay\"><\/span><img decoding=\"async\" width=\"150\" height=\"150\" src=\"https:\/\/zxdoll.com\/wp-content\/uploads\/2023\/07\/life-size-male-doll-f5iuc2-150x150.jpg\" class=\"attachment-thumbnail size-thumbnail\" alt=\"\" title=\"\"><\/a><\/li><li><a data-fancybox=\"gallery147\" href=\"https:\/\/zxdoll.com\/wp-content\/uploads\/2023\/07\/life-size-male-doll-f5iuc3-600x800.jpg\" class=\"eig-popup\" title=\"\" data-caption=\"\" target=\"_blank\"><i class=\"icon-view\"><\/i><span class=\"overlay\"><\/span><img decoding=\"async\" width=\"150\" height=\"150\" src=\"https:\/\/zxdoll.com\/wp-content\/uploads\/2023\/07\/life-size-male-doll-f5iuc3-150x150.jpg\" class=\"attachment-thumbnail size-thumbnail\" alt=\"\" title=\"\"><\/a><\/li><li><a data-fancybox=\"gallery147\" href=\"https:\/\/zxdoll.com\/wp-content\/uploads\/2023\/07\/life-size-male-doll-f5iuc4-600x800.jpg\" class=\"eig-popup\" title=\"\" data-caption=\"\" target=\"_blank\"><i class=\"icon-view\"><\/i><span class=\"overlay\"><\/span><img loading=\"lazy\" decoding=\"async\" width=\"150\" height=\"150\" src=\"https:\/\/zxdoll.com\/wp-content\/uploads\/2023\/07\/life-size-male-doll-f5iuc4-150x150.jpg\" class=\"attachment-thumbnail size-thumbnail\" alt=\"\" title=\"\"><\/a><\/li><li><a data-fancybox=\"gallery147\" href=\"https:\/\/zxdoll.com\/wp-content\/uploads\/2023\/07\/life-size-male-doll-f5iuc5-600x800.jpg\" class=\"eig-popup\" title=\"\" data-caption=\"\" target=\"_blank\"><i class=\"icon-view\"><\/i><span class=\"overlay\"><\/span><img loading=\"lazy\" decoding=\"async\" width=\"150\" height=\"150\" src=\"https:\/\/zxdoll.com\/wp-content\/uploads\/2023\/07\/life-size-male-doll-f5iuc5-150x150.jpg\" class=\"attachment-thumbnail size-thumbnail\" alt=\"\" title=\"\"><\/a><\/li><li><a data-fancybox=\"gallery147\" href=\"https:\/\/zxdoll.com\/wp-content\/uploads\/2023\/07\/life-size-male-doll-f5iuc6.jpg\" class=\"eig-popup\" title=\"\" data-caption=\"\" target=\"_blank\"><i class=\"icon-view\"><\/i><span class=\"overlay\"><\/span><img loading=\"lazy\" decoding=\"async\" width=\"150\" height=\"150\" src=\"https:\/\/zxdoll.com\/wp-content\/uploads\/2023\/07\/life-size-male-doll-f5iuc6-150x150.jpg\" class=\"attachment-thumbnail size-thumbnail\" alt=\"\" title=\"\"><\/a><\/li><li><a data-fancybox=\"gallery147\" href=\"https:\/\/zxdoll.com\/wp-content\/uploads\/2023\/07\/life-size-male-doll-f5iuc7.jpg\" class=\"eig-popup\" title=\"\" data-caption=\"\" target=\"_blank\"><i class=\"icon-view\"><\/i><span class=\"overlay\"><\/span><img loading=\"lazy\" decoding=\"async\" width=\"150\" height=\"150\" src=\"https:\/\/zxdoll.com\/wp-content\/uploads\/2023\/07\/life-size-male-doll-f5iuc7-150x150.jpg\" class=\"attachment-thumbnail size-thumbnail\" alt=\"\" title=\"\"><\/a><\/li><li><a data-fancybox=\"gallery147\" href=\"https:\/\/zxdoll.com\/wp-content\/uploads\/2023\/07\/life-size-male-doll-f5iuc8.jpg\" class=\"eig-popup\" title=\"\" data-caption=\"\" target=\"_blank\"><i class=\"icon-view\"><\/i><span class=\"overlay\"><\/span><img loading=\"lazy\" decoding=\"async\" width=\"150\" height=\"150\" src=\"https:\/\/zxdoll.com\/wp-content\/uploads\/2023\/07\/life-size-male-doll-f5iuc8-150x150.jpg\" class=\"attachment-thumbnail size-thumbnail\" alt=\"\" title=\"\"><\/a><\/li><li><a data-fancybox=\"gallery147\" href=\"https:\/\/zxdoll.com\/wp-content\/uploads\/2023\/07\/life-size-male-doll-f5iuc9.jpg\" class=\"eig-popup\" title=\"\" data-caption=\"\" target=\"_blank\"><i class=\"icon-view\"><\/i><span class=\"overlay\"><\/span><img loading=\"lazy\" decoding=\"async\" width=\"150\" height=\"150\" src=\"https:\/\/zxdoll.com\/wp-content\/uploads\/2023\/07\/life-size-male-doll-f5iuc9-150x150.jpg\" class=\"attachment-thumbnail size-thumbnail\" alt=\"\" title=\"\"><\/a><\/li><li><a data-fancybox=\"gallery147\" href=\"https:\/\/zxdoll.com\/wp-content\/uploads\/2023\/07\/life-size-male-doll-f5iuc10-533x800.jpg\" class=\"eig-popup\" title=\"\" data-caption=\"\" target=\"_blank\"><i class=\"icon-view\"><\/i><span class=\"overlay\"><\/span><img loading=\"lazy\" decoding=\"async\" width=\"150\" height=\"150\" src=\"https:\/\/zxdoll.com\/wp-content\/uploads\/2023\/07\/life-size-male-doll-f5iuc10-150x150.jpg\" class=\"attachment-thumbnail size-thumbnail\" alt=\"\" title=\"\"><\/a><\/li><li><a data-fancybox=\"gallery147\" href=\"https:\/\/zxdoll.com\/wp-content\/uploads\/2023\/07\/life-size-male-doll-f5iuc11.jpg\" class=\"eig-popup\" title=\"\" data-caption=\"\" target=\"_blank\"><i class=\"icon-view\"><\/i><span class=\"overlay\"><\/span><img loading=\"lazy\" decoding=\"async\" width=\"150\" height=\"150\" src=\"https:\/\/zxdoll.com\/wp-content\/uploads\/2023\/07\/life-size-male-doll-f5iuc11-150x150.jpg\" class=\"attachment-thumbnail size-thumbnail\" alt=\"\" title=\"\"><\/a><\/li><li><a data-fancybox=\"gallery147\" href=\"https:\/\/zxdoll.com\/wp-content\/uploads\/2023\/07\/life-size-male-doll-f5iuc12-758x800.jpg\" class=\"eig-popup\" title=\"\" data-caption=\"\" target=\"_blank\"><i class=\"icon-view\"><\/i><span class=\"overlay\"><\/span><img loading=\"lazy\" decoding=\"async\" width=\"150\" height=\"150\" src=\"https:\/\/zxdoll.com\/wp-content\/uploads\/2023\/07\/life-size-male-doll-f5iuc12-150x150.jpg\" class=\"attachment-thumbnail size-thumbnail\" alt=\"\" srcset=\"https:\/\/zxdoll.com\/wp-content\/uploads\/2023\/07\/life-size-male-doll-f5iuc12-150x150.jpg 150w, https:\/\/zxdoll.com\/wp-content\/uploads\/2023\/07\/life-size-male-doll-f5iuc12-11x12.jpg 11w\" sizes=\"(max-width: 150px) 100vw, 150px\" title=\"\"><\/a><\/li><li><a data-fancybox=\"gallery147\" href=\"https:\/\/zxdoll.com\/wp-content\/uploads\/2023\/07\/life-size-male-doll-f5iuc13-765x800.jpg\" class=\"eig-popup\" title=\"\" data-caption=\"\" target=\"_blank\"><i class=\"icon-view\"><\/i><span class=\"overlay\"><\/span><img loading=\"lazy\" decoding=\"async\" width=\"150\" height=\"150\" src=\"https:\/\/zxdoll.com\/wp-content\/uploads\/2023\/07\/life-size-male-doll-f5iuc13-150x150.jpg\" class=\"attachment-thumbnail size-thumbnail\" alt=\"\" srcset=\"https:\/\/zxdoll.com\/wp-content\/uploads\/2023\/07\/life-size-male-doll-f5iuc13-150x150.jpg 150w, https:\/\/zxdoll.com\/wp-content\/uploads\/2023\/07\/life-size-male-doll-f5iuc13-11x12.jpg 11w\" sizes=\"(max-width: 150px) 100vw, 150px\" title=\"\"><\/a><\/li><li><a data-fancybox=\"gallery147\" href=\"https:\/\/zxdoll.com\/wp-content\/uploads\/2023\/07\/life-size-male-doll-f5iuc14-600x800.jpg\" class=\"eig-popup\" title=\"\" data-caption=\"\" target=\"_blank\"><i class=\"icon-view\"><\/i><span class=\"overlay\"><\/span><img loading=\"lazy\" decoding=\"async\" width=\"150\" height=\"150\" src=\"https:\/\/zxdoll.com\/wp-content\/uploads\/2023\/07\/life-size-male-doll-f5iuc14-150x150.jpg\" class=\"attachment-thumbnail size-thumbnail\" alt=\"\" title=\"\"><\/a><\/li><li><a data-fancybox=\"gallery147\" href=\"https:\/\/zxdoll.com\/wp-content\/uploads\/2023\/07\/life-size-male-doll-f5iuc15-626x800.jpg\" class=\"eig-popup\" title=\"\" data-caption=\"\" target=\"_blank\"><i class=\"icon-view\"><\/i><span class=\"overlay\"><\/span><img loading=\"lazy\" decoding=\"async\" width=\"150\" height=\"150\" src=\"https:\/\/zxdoll.com\/wp-content\/uploads\/2023\/07\/life-size-male-doll-f5iuc15-150x150.jpg\" class=\"attachment-thumbnail size-thumbnail\" alt=\"\" title=\"\"><\/a><\/li><li><a data-fancybox=\"gallery147\" href=\"https:\/\/zxdoll.com\/wp-content\/uploads\/2023\/07\/life-size-male-doll-f5iuc16.jpg\" class=\"eig-popup\" title=\"\" data-caption=\"\" target=\"_blank\"><i class=\"icon-view\"><\/i><span class=\"overlay\"><\/span><img loading=\"lazy\" decoding=\"async\" width=\"150\" height=\"150\" src=\"https:\/\/zxdoll.com\/wp-content\/uploads\/2023\/07\/life-size-male-doll-f5iuc16-150x150.jpg\" class=\"attachment-thumbnail size-thumbnail\" alt=\"\" title=\"\"><\/a><\/li><li><a data-fancybox=\"gallery147\" href=\"https:\/\/zxdoll.com\/wp-content\/uploads\/2023\/07\/life-size-male-doll-f5iuc17-600x800.jpg\" class=\"eig-popup\" title=\"\" data-caption=\"\" target=\"_blank\"><i class=\"icon-view\"><\/i><span class=\"overlay\"><\/span><img loading=\"lazy\" decoding=\"async\" width=\"150\" height=\"150\" src=\"https:\/\/zxdoll.com\/wp-content\/uploads\/2023\/07\/life-size-male-doll-f5iuc17-150x150.jpg\" class=\"attachment-thumbnail size-thumbnail\" alt=\"\" title=\"\"><\/a><\/li><li><a data-fancybox=\"gallery147\" href=\"https:\/\/zxdoll.com\/wp-content\/uploads\/2023\/07\/life-size-male-doll-f5iuc18-604x800.jpg\" class=\"eig-popup\" title=\"\" data-caption=\"\" target=\"_blank\"><i class=\"icon-view\"><\/i><span class=\"overlay\"><\/span><img loading=\"lazy\" decoding=\"async\" width=\"150\" height=\"150\" src=\"https:\/\/zxdoll.com\/wp-content\/uploads\/2023\/07\/life-size-male-doll-f5iuc18-150x150.jpg\" class=\"attachment-thumbnail size-thumbnail\" alt=\"\" title=\"\"><\/a><\/li><li><a data-fancybox=\"gallery147\" href=\"https:\/\/zxdoll.com\/wp-content\/uploads\/2023\/07\/life-size-male-doll-f5iuc19-600x800.jpg\" class=\"eig-popup\" title=\"\" data-caption=\"\" target=\"_blank\"><i class=\"icon-view\"><\/i><span class=\"overlay\"><\/span><img loading=\"lazy\" decoding=\"async\" width=\"150\" height=\"150\" src=\"https:\/\/zxdoll.com\/wp-content\/uploads\/2023\/07\/life-size-male-doll-f5iuc19-150x150.jpg\" class=\"attachment-thumbnail size-thumbnail\" alt=\"\" title=\"\"><\/a><\/li><\/ul>\n<h4>Tableaux des tailles<\/h4>\n<table width=\"358\">\n<tbody>\n<tr>\n<td width=\"145\">Mat\u00e9riel<\/td>\n<td width=\"213\">TPE<\/td>\n<\/tr>\n<tr>\n<td>Hauteur<\/td>\n<td>140cm<\/td>\n<\/tr>\n<tr>\n<td>Poids net<\/td>\n<td>25 kg<\/td>\n<\/tr>\n<tr>\n<td>Bousiller<\/td>\n<td>66cm<\/td>\n<\/tr>\n<tr>\n<td>Taille<\/td>\n<td>53cm<\/td>\n<\/tr>\n<tr>\n<td>Hanche<\/td>\n<td>69cm<\/td>\n<\/tr>\n<tr>\n<td>Bras<\/td>\n<td>54cm<\/td>\n<\/tr>\n<tr>\n<td>\u00c9paule<\/td>\n<td>36cm<\/td>\n<\/tr>\n<tr>\n<td>Longueur de jambe<\/td>\n<td>70cm<\/td>\n<\/tr>\n<tr>\n<td>Longueur du pied<\/td>\n<td>18cm<\/td>\n<\/tr>\n<tr>\n<td>Profondeur orale<\/td>\n<td>12cm<\/td>\n<\/tr>\n<tr>\n<td>Profondeur anale<\/td>\n<td>16cm<\/td>\n<\/tr>\n<tr>\n<td>P\u00e9nis mou<\/td>\n<td>8 cm (longueur) * 3,5 cm (circonf\u00e9rence)<\/td>\n<\/tr>\n<tr>\n<td>P\u00e9nis dur<\/td>\n<td>14 cm (longueur) * 3,5 cm (circonf\u00e9rence)<\/td>\n<\/tr>\n<\/tbody>\n<\/table>\n<h4>\u00c0 propos de la poup\u00e9e sexuelle<\/h4>\n<p>&nbsp;<\/p>","protected":false},"excerpt":{"rendered":"<p>Images de poup\u00e9es sexuelles Tableaux de tailles Mat\u00e9riau TPE Hauteur 140 cm Poids net 25 kg Buste 66 cm Taille 53 cm Hanche 69 cm Bras 54 cm<\/p>","protected":false},"featured_media":154861,"comment_status":"open","ping_status":"closed","template":"","meta":[],"product_brand":[],"product_cat":[119,74,151,227],"product_tag":[],"class_list":{"0":"post-110776","1":"product","2":"type-product","3":"status-publish","4":"has-post-thumbnail","6":"product_cat-tpe-sex-doll","7":"product_cat-140cm-149cm-sex-dolls","8":"product_cat-male-real-doll","9":"product_cat-under-25kg","10":"pa_brand-dh-doll","11":"tm-has-options","13":"first","14":"instock","15":"sale","16":"shipping-taxable","17":"purchasable","18":"product-type-simple"},"_links":{"self":[{"href":"https:\/\/zxdoll.com\/fr\/wp-json\/wp\/v2\/product\/110776","targetHints":{"allow":["GET"]}}],"collection":[{"href":"https:\/\/zxdoll.com\/fr\/wp-json\/wp\/v2\/product"}],"about":[{"href":"https:\/\/zxdoll.com\/fr\/wp-json\/wp\/v2\/types\/product"}],"replies":[{"embeddable":true,"href":"https:\/\/zxdoll.com\/fr\/wp-json\/wp\/v2\/comments?post=110776"}],"version-history":[{"count":1,"href":"https:\/\/zxdoll.com\/fr\/wp-json\/wp\/v2\/product\/110776\/revisions"}],"predecessor-version":[{"id":110817,"href":"https:\/\/zxdoll.com\/fr\/wp-json\/wp\/v2\/product\/110776\/revisions\/110817"}],"wp:featuredmedia":[{"embeddable":true,"href":"https:\/\/zxdoll.com\/fr\/wp-json\/wp\/v2\/media\/154861"}],"wp:attachment":[{"href":"https:\/\/zxdoll.com\/fr\/wp-json\/wp\/v2\/media?parent=110776"}],"wp:term":[{"taxonomy":"product_brand","embeddable":true,"href":"https:\/\/zxdoll.com\/fr\/wp-json\/wp\/v2\/product_brand?post=110776"},{"taxonomy":"product_cat","embeddable":true,"href":"https:\/\/zxdoll.com\/fr\/wp-json\/wp\/v2\/product_cat?post=110776"},{"taxonomy":"product_tag","embeddable":true,"href":"https:\/\/zxdoll.com\/fr\/wp-json\/wp\/v2\/product_tag?post=110776"}],"curies":[{"name":"wp","href":"https:\/\/api.w.org\/{rel}","templated":true}]}}