{"id":8534,"date":"2022-12-07T07:19:14","date_gmt":"2022-12-07T07:19:14","guid":{"rendered":"https:\/\/hoxdoll.com\/?page_id=8534"},"modified":"2024-04-03T14:00:52","modified_gmt":"2024-04-03T06:00:52","slug":"terms-and-conditions","status":"publish","type":"page","link":"https:\/\/zxdoll.com\/fr\/terms-and-conditions\/","title":{"rendered":"Termes et conditions"},"content":{"rendered":"<div data-elementor-type=\"wp-page\" data-elementor-id=\"8534\" class=\"elementor elementor-8534\" data-elementor-post-type=\"page\">\n\t\t\t\t\t\t<section class=\"wd-negative-gap elementor-section elementor-top-section elementor-element elementor-element-6c754541 elementor-section-boxed elementor-section-height-default elementor-section-height-default\" data-id=\"6c754541\" data-element_type=\"section\" data-e-type=\"section\">\n\t\t\t\t\t\t<div class=\"elementor-container elementor-column-gap-default\">\n\t\t\t\t\t<div class=\"elementor-column elementor-col-100 elementor-top-column elementor-element elementor-element-7446fdb\" data-id=\"7446fdb\" data-element_type=\"column\" data-e-type=\"column\">\n\t\t\t<div class=\"elementor-widget-wrap elementor-element-populated\">\n\t\t\t\t\t\t<div class=\"elementor-element elementor-element-4d0f3a76 color-scheme-inherit text-left elementor-widget elementor-widget-text-editor\" data-id=\"4d0f3a76\" data-element_type=\"widget\" data-e-type=\"widget\" data-widget_type=\"text-editor.default\">\n\t\t\t\t<div class=\"elementor-widget-container\">\n\t\t\t\t\t\t\t\t\t\n<h2 class=\"wp-block-heading\">Aper\u00e7u<\/h2>\n\n<p>Les termes et conditions suivants r\u00e9gissent votre utilisation de ce site Web. En utilisant le site Web, vous acceptez ces termes et conditions dans leur int\u00e9gralit\u00e9. Si par hasard vous n&#039;acceptez pas l&#039;un de ces termes et conditions ou une partie d&#039;entre eux, vous ne devez pas utiliser ce site Web.<\/p>\n<p>Ce site Web utilise des cookies, et en utilisant ce site Web et en acceptant nos termes et conditions, vous consentez \u00e0 l&#039;utilisation de cookies par zxdoll.com conform\u00e9ment \u00e0 la politique de confidentialit\u00e9\/cookies de zxdoll.com.<\/p>\n<p>Vous devez noter que le site Web de l&#039;adresse zxdoll.com peut avoir un contenu que certains utilisateurs peuvent ne pas trouver agr\u00e9able, et il est destin\u00e9 uniquement aux personnes matures. Vous ne pouvez utiliser le site Web que si vous avez 18 ans et plus.<\/p>\n\t\t\t\t\t\t\t\t<\/div>\n\t\t\t\t<\/div>\n\t\t\t\t<div class=\"elementor-element elementor-element-f327b42 color-scheme-inherit text-left elementor-widget elementor-widget-text-editor\" data-id=\"f327b42\" data-element_type=\"widget\" data-e-type=\"widget\" data-widget_type=\"text-editor.default\">\n\t\t\t\t<div class=\"elementor-widget-container\">\n\t\t\t\t\t\t\t\t\t\n<h2 class=\"wp-block-heading\">Il ne faut pas:<\/h2>\n\n\n\n<ul>\n<li>Caviardez ou r\u00e9utilisez tout mat\u00e9riel de la n\u00f4tre (y compris la duplication dans un site Web imitateur.)<\/li>\n<li>\nVendre, louer ou pirater tout mat\u00e9riel de notre site Web.\n<\/li>\n<li>\nAfficher publiquement tout mat\u00e9riel de notre site Web.\n<\/li>\n<li>\nR\u00e9pliquer, copier ou reproduire ou autrement profiter de tout mat\u00e9riel sur ce site Web \u00e0 des fins commerciales.\n<\/li>\n<li>\nModifier ou modifier de quelque mani\u00e8re que ce soit quoi que ce soit sur le site.\n<\/li>\n<li>\nRecycler le mat\u00e9riel du site Web \u00e0 moins que son contenu ne soit con\u00e7u pour\/mis \u00e0 disposition pour la redistribution.\n<\/li>\n<\/ul>\n\t\t\t\t\t\t\t\t<\/div>\n\t\t\t\t<\/div>\n\t\t\t\t<div class=\"elementor-element elementor-element-9f37b95 color-scheme-inherit text-left elementor-widget elementor-widget-text-editor\" data-id=\"9f37b95\" data-element_type=\"widget\" data-e-type=\"widget\" data-widget_type=\"text-editor.default\">\n\t\t\t\t<div class=\"elementor-widget-container\">\n\t\t\t\t\t\t\t\t\t\n<h2 class=\"wp-block-heading\">Contenu utilisateur\u00a0:<\/h2>\n\n<ul>\n<li>Dans les termes et conditions, le &quot;contenu appartenant \u00e0 l&#039;utilisateur&quot; d\u00e9signe les d\u00e9tails (y compris et sans s&#039;y limiter le texte, les images, les d\u00e9tails audio, les d\u00e9tails vid\u00e9o et les informations audiovisuelles) soumis au site Web \u00e0 tout moment.<\/li>\n<li>Vous accordez \u00e0 zxdoll.com des licences mondiales, explicites et libres de droits pour utiliser, reproduire, modifier, traduire et \u00e9galement distribuer votre contenu appartenant \u00e0 l&#039;utilisateur dans les m\u00e9dias existants ou futurs.<\/li>\n<li>Vous accordez \u00e9galement \u00e0 zxdoll.com le droit de sous-licencier les droits et le droit de prendre des mesures en cas de violation de toute sorte de ces droits.<\/li>\n<li>Votre contenu utilisateur doit \u00eatre dans les limites de la loi et ne doit pas enfreindre les droits l\u00e9gaux d&#039;un tiers. De plus, cela ne doit pas \u00eatre de nature \u00e0 mener \u00e0 une bataille juridique contre vous, zxdoll.com ou un tiers en vertu de toutes les lois applicables.<\/li>\n<li>Vous ne pouvez pas soumettre de contenu ayant fait l&#039;objet de menaces ou de plaintes l\u00e9gales sur le site Web.<\/li>\n<li>Zdoll.com se r\u00e9serve le droit de modifier ou de supprimer tout mat\u00e9riel soumis ou stock\u00e9 sur nos serveurs, h\u00e9berg\u00e9 ou publi\u00e9 sur notre site Web.<\/li>\n<li>Ind\u00e9pendamment des droits de zxdoll.com en vertu des termes et conditions sur le contenu de l&#039;utilisateur, nous ne nous engageons jamais \u00e0 surveiller la soumission ou la publication de ce contenu sur notre site Web.<\/li>\n<\/ul>\n\t\t\t\t\t\t\t\t<\/div>\n\t\t\t\t<\/div>\n\t\t\t\t<div class=\"elementor-element elementor-element-9cc508b color-scheme-inherit text-left elementor-widget elementor-widget-text-editor\" data-id=\"9cc508b\" data-element_type=\"widget\" data-e-type=\"widget\" data-widget_type=\"text-editor.default\">\n\t\t\t\t<div class=\"elementor-widget-container\">\n\t\t\t\t\t\t\t\t\t\n<h2 class=\"wp-block-heading\">Autres parties:<\/h2>\n\n<p>Vous acceptez qu&#039;en tant qu&#039;entit\u00e9 \u00e0 responsabilit\u00e9 limit\u00e9e, zxdoll.com a int\u00e9r\u00eat \u00e0 limiter les responsabilit\u00e9s personnelles de tous ses dirigeants et employ\u00e9s. Nous convenons que vous ne pr\u00e9senterez aucune r\u00e9clamation personnellement \u00e0 nos dirigeants ou employ\u00e9s concernant les pertes que vous pourriez subir en relation avec le site Web.<\/p>\n<p>Sans pr\u00e9judice du paragraphe pr\u00e9c\u00e9dent, vous acceptez que les garanties et responsabilit\u00e9s d\u00e9crites dans la clause de non-responsabilit\u00e9 de ce site Web prot\u00e8gent les dirigeants, employ\u00e9s, agents, filiales, ayants droit, successeurs, sous-traitants et zxdoll.com de zxdoll.com.<\/p>\n\t\t\t\t\t\t\t\t<\/div>\n\t\t\t\t<\/div>\n\t\t\t\t<div class=\"elementor-element elementor-element-1357fd3 color-scheme-inherit text-left elementor-widget elementor-widget-text-editor\" data-id=\"1357fd3\" data-element_type=\"widget\" data-e-type=\"widget\" data-widget_type=\"text-editor.default\">\n\t\t\t\t<div class=\"elementor-widget-container\">\n\t\t\t\t\t\t\t\t\t\n<h2 class=\"wp-block-heading\">Violations de ces termes et conditions\u00a0:<\/h2>\n\n<p>En l&#039;absence de pr\u00e9disposition aux autres droits de zxdoll.com en vertu des termes et conditions, s&#039;il y a une violation de votre part de quelque mani\u00e8re que ce soit, zxdoll.com peut prendre toutes les mesures qu&#039;il juge appropri\u00e9es pour traiter la violation, notamment\u00a0:<\/p>\n<p>soit suspendre votre acc\u00e8s au site Web, soit vous interdire l&#039;acc\u00e8s, emp\u00eacher les ordinateurs sous votre adresse IP d&#039;acc\u00e9der au site Web, demander \u00e0 votre fournisseur de services de bloquer votre acc\u00e8s au site Web ou engager des poursuites judiciaires contre vous.<\/p>\n\t\t\t\t\t\t\t\t<\/div>\n\t\t\t\t<\/div>\n\t\t\t\t<div class=\"elementor-element elementor-element-1a84d8e color-scheme-inherit text-left elementor-widget elementor-widget-text-editor\" data-id=\"1a84d8e\" data-element_type=\"widget\" data-e-type=\"widget\" data-widget_type=\"text-editor.default\">\n\t\t\t\t<div class=\"elementor-widget-container\">\n\t\t\t\t\t\t\t\t\t\n<h2 class=\"wp-block-heading\">Mission:<\/h2>\n\n<p>zxdoll.com se r\u00e9serve le droit de transf\u00e9rer, sous-louer ou autrement traiter les droits et\/ou obligations de zxdoll.com en vertu des termes de la condition sans avoir besoin de vous en informer ou de demander votre permission.<\/p>\n<p>Vous n&#039;\u00eates pas autoris\u00e9 \u00e0 transf\u00e9rer, sous-louer ou autrement traiter les droits et\/ou obligations de zxdoll en vertu de ces termes et conditions.<\/p>\n\t\t\t\t\t\t\t\t<\/div>\n\t\t\t\t<\/div>\n\t\t\t\t<div class=\"elementor-element elementor-element-6ce1024 color-scheme-inherit text-left elementor-widget elementor-widget-text-editor\" data-id=\"6ce1024\" data-element_type=\"widget\" data-e-type=\"widget\" data-widget_type=\"text-editor.default\">\n\t\t\t\t<div class=\"elementor-widget-container\">\n\t\t\t\t\t\t\t\t\t\n<h2 class=\"wp-block-heading\">Accord complet:<\/h2>\n\n<p>Ces termes et conditions ainsi que la politique de confidentialit\u00e9 de zxdoll constituent l&#039;int\u00e9gralit\u00e9 de l&#039;accord entre vous et zxdoll.com en ce qui concerne votre utilisation de ce site Web et s&#039;imposent sur tous les accords pr\u00e9c\u00e9dents concernant votre utilisation du site Web.<\/p>\n\t\t\t\t\t\t\t\t<\/div>\n\t\t\t\t<\/div>\n\t\t\t\t<div class=\"elementor-element elementor-element-5a0ea1b color-scheme-inherit text-left elementor-widget elementor-widget-text-editor\" data-id=\"5a0ea1b\" data-element_type=\"widget\" data-e-type=\"widget\" data-widget_type=\"text-editor.default\">\n\t\t\t\t<div class=\"elementor-widget-container\">\n\t\t\t\t\t\t\t\t\t\n<h2 class=\"wp-block-heading\">Licence d&#039;utilisation du site Web\u00a0:<\/h2>\n\n<p>Sauf indication contraire, www.zxdoll.com et ses conc\u00e9dants sont propri\u00e9taires du mat\u00e9riel et de l&#039;int\u00e9gralit\u00e9 des droits de propri\u00e9t\u00e9 intellectuelle sur le site Web. Sous r\u00e9serve de licence, tous ces droits de propri\u00e9t\u00e9 intellectuelle sont d\u00e9tenus.<\/p>\n<p>Vous ne pouvez t\u00e9l\u00e9charger et afficher \u00e0 des fins de mise en cache (uniquement\u00a0!), Imprimer des pages, des manuels d&#039;utilisation et d&#039;autres informations sur les produits pour un usage personnel, que si vous \u00eates soumis aux restrictions \u00e9nonc\u00e9es ci-dessous dans les pr\u00e9sentes conditions g\u00e9n\u00e9rales.<\/p>\n\t\t\t\t\t\t\t\t<\/div>\n\t\t\t\t<\/div>\n\t\t\t\t<div class=\"elementor-element elementor-element-58dcb3e color-scheme-inherit text-left elementor-widget elementor-widget-text-editor\" data-id=\"58dcb3e\" data-element_type=\"widget\" data-e-type=\"widget\" data-widget_type=\"text-editor.default\">\n\t\t\t\t<div class=\"elementor-widget-container\">\n\t\t\t\t\t\t\t\t\t\n<h2 class=\"wp-block-heading\">Utilisation acceptable\u00a0:<\/h2>\n<ul>\n<li>Vous ne devez pas utiliser le site Web d&#039;une mani\u00e8re qui cause ou pourrait causer des dommages au site Web ou une alt\u00e9ration de l&#039;accessibilit\u00e9 ou de la disponibilit\u00e9 du site Web ou d&#039;une mani\u00e8re qui est ou est en relation avec des activit\u00e9s illicites, ill\u00e9gales, frauduleuses ou fins ou activit\u00e9s nuisibles<\/li>\n<li>Vous ne devez pas utiliser le site Web pour dupliquer, stocker, h\u00e9berger, envoyer, utiliser, recevoir, publier ou distribuer des donn\u00e9es contenant (ou li\u00e9es \u00e0) des logiciels espions, des virus informatiques, des chevaux de Troie, des vers, des rootkits, des enregistreurs de frappe ou d&#039;autres logiciels malveillants. logiciel.<\/li>\n<li>Vous ne devez pas effectuer de service de collecte de donn\u00e9es syst\u00e9matique ou automatis\u00e9 (y compris, mais sans s&#039;y limiter, le grattage, l&#039;exploration de donn\u00e9es, l&#039;extraction et la r\u00e9colte) en relation avec ce site Web sans notre autorisation expresse et \u00e9crite.<\/li>\n<li>Vous ne devez pas utiliser ce site Web pour transmettre ou envoyer des conversations commerciales non sollicit\u00e9es.<\/li>\n<li>Vous ne devez pas utiliser ce site Web \u00e0 des fins li\u00e9es au marketing sans le consentement \u00e9crit absolu de zxdoll.com.<\/li>\n<\/ul>\n\t\t\t\t\t\t\t\t<\/div>\n\t\t\t\t<\/div>\n\t\t\t\t<div class=\"elementor-element elementor-element-d382a76 color-scheme-inherit text-left elementor-widget elementor-widget-text-editor\" data-id=\"d382a76\" data-element_type=\"widget\" data-e-type=\"widget\" data-widget_type=\"text-editor.default\">\n\t\t\t\t<div class=\"elementor-widget-container\">\n\t\t\t\t\t\t\t\t\t\n<h2 class=\"wp-block-heading\">Limitations de responsabilit\u00e9\u00a0:<\/h2>\n\n<p>Zxdoll ne sera pas responsable envers vous (en vertu du droit de la responsabilit\u00e9 d\u00e9lictuelle, du droit de contact ou autre) en association avec le contenu ou autrement en relation avec ce site Web, d&#039;autant plus que le site est fourni gratuitement pour toute perte directe.<\/p>\n<p>Pour toute perte indirecte, sp\u00e9ciale ou substantielle ou pour toute perte commerciale, perte de revenus, de revenus, de b\u00e9n\u00e9fices ou d&#039;\u00e9conomies anticip\u00e9es, perte de contrat ou de relations commerciales, ternissement de r\u00e9putation ou de bonne volont\u00e9, perte ou dommage d&#039;informations ou de donn\u00e9es.<\/p>\n<p>Ces limitations s&#039;appliquent aux responsabilit\u00e9s m\u00eame si zxdoll.com a \u00e9t\u00e9 clairement et honn\u00eatement inform\u00e9 de la perte potentielle.<\/p>\n\t\t\t\t\t\t\t\t<\/div>\n\t\t\t\t<\/div>\n\t\t\t\t<div class=\"elementor-element elementor-element-092f8a7 color-scheme-inherit text-left elementor-widget elementor-widget-text-editor\" data-id=\"092f8a7\" data-element_type=\"widget\" data-e-type=\"widget\" data-widget_type=\"text-editor.default\">\n\t\t\t\t<div class=\"elementor-widget-container\">\n\t\t\t\t\t\t\t\t\t\n<h2 class=\"wp-block-heading\">Caract\u00e8re raisonnable:<\/h2>\n\n\n\n<p>En utilisant ce site Web, vous reconnaissez que les exclusions et limitations de responsabilit\u00e9 \u00e9nonc\u00e9es dans la clause de non-responsabilit\u00e9 du site Web sont raisonnables.<\/p>\n<p>Si vous n&#039;\u00eates pas d&#039;accord avec cela, vous ne devez pas utiliser ce site Web. <\/p>\n\t\t\t\t\t\t\t\t<\/div>\n\t\t\t\t<\/div>\n\t\t\t\t<div class=\"elementor-element elementor-element-9900a6d color-scheme-inherit text-left elementor-widget elementor-widget-text-editor\" data-id=\"9900a6d\" data-element_type=\"widget\" data-e-type=\"widget\" data-widget_type=\"text-editor.default\">\n\t\t\t\t<div class=\"elementor-widget-container\">\n\t\t\t\t\t\t\t\t\t\n<h2 class=\"wp-block-heading\">Dispositions inapplicables :<\/h2>\n\n\n\n<p>Si l&#039;une des dispositions de la clause de non-responsabilit\u00e9 du site Web s&#039;av\u00e8re inapplicable en vertu des lois applicables, les autres dispositions de la clause de non-responsabilit\u00e9 du site Web fonctionneront, car elles ne seront pas affect\u00e9es.<\/p>\n\t\t\t\t\t\t\t\t<\/div>\n\t\t\t\t<\/div>\n\t\t\t\t<div class=\"elementor-element elementor-element-81b2ecb color-scheme-inherit text-left elementor-widget elementor-widget-text-editor\" data-id=\"81b2ecb\" data-element_type=\"widget\" data-e-type=\"widget\" data-widget_type=\"text-editor.default\">\n\t\t\t\t<div class=\"elementor-widget-container\">\n\t\t\t\t\t\t\t\t\t\n<h2 class=\"wp-block-heading\">Indemnit\u00e9:<\/h2>\n\n<p>\u00c0 l&#039;avenir, vous indemnisez zxdoll.com et vous vous engagez \u00e0 maintenir zxdoll.com indemnis\u00e9 contre toute perte, dommage, co\u00fbt, responsabilit\u00e9 et d\u00e9pense (sans limite aux frais juridiques ou aux montants pay\u00e9s par zxdoll.com \u00e0 un tiers pour r\u00e9gler des r\u00e9clamations ou des litiges sur les conseils des conseillers juridiques de zxdoll.com) acquis ou subis par zxdoll.com en raison de tout faux pas de votre part de ces termes et conditions, ou survenus en raison de toute r\u00e9clamation de votre part en violation de l&#039;un de ces termes et conditions.<\/p>\n\t\t\t\t\t\t\t\t<\/div>\n\t\t\t\t<\/div>\n\t\t\t\t<div class=\"elementor-element elementor-element-2c7d2f2 color-scheme-inherit text-left elementor-widget elementor-widget-text-editor\" data-id=\"2c7d2f2\" data-element_type=\"widget\" data-e-type=\"widget\" data-widget_type=\"text-editor.default\">\n\t\t\t\t<div class=\"elementor-widget-container\">\n\t\t\t\t\t\t\t\t\t\n<h2 class=\"wp-block-heading\">Variation:<\/h2>\n\n<p>Zxdoll.com peut modifier occasionnellement ces termes et conditions. Les conditions g\u00e9n\u00e9rales r\u00e9vis\u00e9es entreront en vigueur \u00e0 compter de la date de publication des conditions g\u00e9n\u00e9rales r\u00e9vis\u00e9es sur ce site. Veuillez consulter r\u00e9guli\u00e8rement la page pour vous assurer que vous \u00eates toujours familiaris\u00e9 avec les versions actuelles.<\/p>\n\t\t\t\t\t\t\t\t<\/div>\n\t\t\t\t<\/div>\n\t\t\t\t<div class=\"elementor-element elementor-element-e355b0c color-scheme-inherit text-left elementor-widget elementor-widget-text-editor\" data-id=\"e355b0c\" data-element_type=\"widget\" data-e-type=\"widget\" data-widget_type=\"text-editor.default\">\n\t\t\t\t<div class=\"elementor-widget-container\">\n\t\t\t\t\t\t\t\t\t\n<h2 class=\"wp-block-heading\">Divisibilit\u00e9\u00a0:<\/h2>\n\n\n\n<p>Si une fourniture de ces termes et conditions est consid\u00e9r\u00e9e par un tribunal ou une autorit\u00e9 charg\u00e9e de l&#039;application de la loi comme ill\u00e9gale ou inapplicable, les autres avenants continueront de fonctionner. Si une partie de celle-ci \u00e9tait jug\u00e9e non fonctionnelle ou ill\u00e9gale, cette partie serait r\u00e9put\u00e9e supprim\u00e9e, mais le reste de la disposition continuera d&#039;\u00eatre en vigueur.<\/p>\n\t\t\t\t\t\t\t\t<\/div>\n\t\t\t\t<\/div>\n\t\t\t\t<div class=\"elementor-element elementor-element-800a0e3 color-scheme-inherit text-left elementor-widget elementor-widget-text-editor\" data-id=\"800a0e3\" data-element_type=\"widget\" data-e-type=\"widget\" data-widget_type=\"text-editor.default\">\n\t\t\t\t<div class=\"elementor-widget-container\">\n\t\t\t\t\t\t\t\t\t\n<h2 class=\"wp-block-heading\">Droit et juridiction :<\/h2>\n\n\n\n<p>Ces conditions d&#039;utilisation et tout autre accord que nous vous fournissons seront r\u00e9gis et ex\u00e9cut\u00e9s conform\u00e9ment aux lois du Royaume-Uni, et tout litige concernant ces termes et conditions sera d\u00e9sormais soumis \u00e0 la juridiction distincte des tribunaux locaux.<\/p>\n\t\t\t\t\t\t\t\t<\/div>\n\t\t\t\t<\/div>\n\t\t\t\t\t<\/div>\n\t\t<\/div>\n\t\t\t\t\t<\/div>\n\t\t<\/section>\n\t\t\t\t<\/div>","protected":false},"excerpt":{"rendered":"<p>Vue d&#039;ensemble Les termes et conditions suivants r\u00e9gissent votre utilisation de ce site Web. En utilisant le site Web, vous<\/p>","protected":false},"author":4,"featured_media":0,"parent":0,"menu_order":0,"comment_status":"closed","ping_status":"closed","template":"","meta":{"footnotes":""},"class_list":["post-8534","page","type-page","status-publish","hentry"],"_links":{"self":[{"href":"https:\/\/zxdoll.com\/fr\/wp-json\/wp\/v2\/pages\/8534","targetHints":{"allow":["GET"]}}],"collection":[{"href":"https:\/\/zxdoll.com\/fr\/wp-json\/wp\/v2\/pages"}],"about":[{"href":"https:\/\/zxdoll.com\/fr\/wp-json\/wp\/v2\/types\/page"}],"author":[{"embeddable":true,"href":"https:\/\/zxdoll.com\/fr\/wp-json\/wp\/v2\/users\/4"}],"replies":[{"embeddable":true,"href":"https:\/\/zxdoll.com\/fr\/wp-json\/wp\/v2\/comments?post=8534"}],"version-history":[{"count":1,"href":"https:\/\/zxdoll.com\/fr\/wp-json\/wp\/v2\/pages\/8534\/revisions"}],"predecessor-version":[{"id":155674,"href":"https:\/\/zxdoll.com\/fr\/wp-json\/wp\/v2\/pages\/8534\/revisions\/155674"}],"wp:attachment":[{"href":"https:\/\/zxdoll.com\/fr\/wp-json\/wp\/v2\/media?parent=8534"}],"curies":[{"name":"wp","href":"https:\/\/api.w.org\/{rel}","templated":true}]}}