{"id":25557,"date":"2023-03-29T03:04:29","date_gmt":"2023-03-28T19:04:29","guid":{"rendered":"https:\/\/zxdoll.com\/?post_type=product&#038;p=25557"},"modified":"2025-09-16T01:16:26","modified_gmt":"2025-09-15T17:16:26","slug":"canada-fuckable-custom-love-dolls","status":"publish","type":"product","link":"https:\/\/zxdoll.com\/fi\/product\/canada-fuckable-custom-love-dolls\/","title":{"rendered":"Kanada Fuckable Custom Love Dolls Rhoda 161cm"},"content":{"rendered":"<h4><strong>Seksinukkekuvia<\/strong><\/h4>\n\t                <ul class=\"easy-image-gallery thumbnails-14 linked\">\r\n                    <li><a data-fancybox=\"gallery372\" href=\"https:\/\/zxdoll.com\/wp-content\/uploads\/2023\/03\/life-size-female-doll-a8ii1-533x800.jpg\" class=\"eig-popup\" title=\"\" data-caption=\"\" target=\"_blank\"><i class=\"icon-view\"><\/i><span class=\"overlay\"><\/span><img decoding=\"async\" width=\"150\" height=\"150\" src=\"https:\/\/zxdoll.com\/wp-content\/uploads\/2023\/03\/life-size-female-doll-a8ii1-150x150.jpg\" class=\"attachment-thumbnail size-thumbnail\" alt=\"\" title=\"\"><\/a><\/li><li><a data-fancybox=\"gallery372\" href=\"https:\/\/zxdoll.com\/wp-content\/uploads\/2023\/03\/life-size-female-doll-a8ii2-800x800.jpg\" class=\"eig-popup\" title=\"\" data-caption=\"\" target=\"_blank\"><i class=\"icon-view\"><\/i><span class=\"overlay\"><\/span><img decoding=\"async\" width=\"150\" height=\"150\" src=\"https:\/\/zxdoll.com\/wp-content\/uploads\/2023\/03\/life-size-female-doll-a8ii2-150x150.jpg\" class=\"attachment-thumbnail size-thumbnail\" alt=\"\" srcset=\"https:\/\/zxdoll.com\/wp-content\/uploads\/2023\/03\/life-size-female-doll-a8ii2-150x150.jpg 150w, https:\/\/zxdoll.com\/wp-content\/uploads\/2023\/03\/life-size-female-doll-a8ii2-300x300.jpg 300w, https:\/\/zxdoll.com\/wp-content\/uploads\/2023\/03\/life-size-female-doll-a8ii2-800x800.jpg 800w, https:\/\/zxdoll.com\/wp-content\/uploads\/2023\/03\/life-size-female-doll-a8ii2-768x768.jpg 768w, https:\/\/zxdoll.com\/wp-content\/uploads\/2023\/03\/life-size-female-doll-a8ii2-12x12.jpg 12w, https:\/\/zxdoll.com\/wp-content\/uploads\/2023\/03\/life-size-female-doll-a8ii2-860x860.jpg 860w, https:\/\/zxdoll.com\/wp-content\/uploads\/2023\/03\/life-size-female-doll-a8ii2-430x430.jpg 430w, https:\/\/zxdoll.com\/wp-content\/uploads\/2023\/03\/life-size-female-doll-a8ii2-700x700.jpg 700w, https:\/\/zxdoll.com\/wp-content\/uploads\/2023\/03\/life-size-female-doll-a8ii2.jpg 1001w\" sizes=\"(max-width: 150px) 100vw, 150px\" title=\"\"><\/a><\/li><li><a data-fancybox=\"gallery372\" href=\"https:\/\/zxdoll.com\/wp-content\/uploads\/2023\/03\/life-size-female-doll-a8ii3-800x800.jpg\" class=\"eig-popup\" title=\"\" data-caption=\"\" target=\"_blank\"><i class=\"icon-view\"><\/i><span class=\"overlay\"><\/span><img decoding=\"async\" width=\"150\" height=\"150\" src=\"https:\/\/zxdoll.com\/wp-content\/uploads\/2023\/03\/life-size-female-doll-a8ii3-150x150.jpg\" class=\"attachment-thumbnail size-thumbnail\" alt=\"\" srcset=\"https:\/\/zxdoll.com\/wp-content\/uploads\/2023\/03\/life-size-female-doll-a8ii3-150x150.jpg 150w, https:\/\/zxdoll.com\/wp-content\/uploads\/2023\/03\/life-size-female-doll-a8ii3-300x300.jpg 300w, https:\/\/zxdoll.com\/wp-content\/uploads\/2023\/03\/life-size-female-doll-a8ii3-800x800.jpg 800w, https:\/\/zxdoll.com\/wp-content\/uploads\/2023\/03\/life-size-female-doll-a8ii3-768x768.jpg 768w, https:\/\/zxdoll.com\/wp-content\/uploads\/2023\/03\/life-size-female-doll-a8ii3-12x12.jpg 12w, https:\/\/zxdoll.com\/wp-content\/uploads\/2023\/03\/life-size-female-doll-a8ii3-860x860.jpg 860w, https:\/\/zxdoll.com\/wp-content\/uploads\/2023\/03\/life-size-female-doll-a8ii3-430x430.jpg 430w, https:\/\/zxdoll.com\/wp-content\/uploads\/2023\/03\/life-size-female-doll-a8ii3-700x700.jpg 700w, https:\/\/zxdoll.com\/wp-content\/uploads\/2023\/03\/life-size-female-doll-a8ii3.jpg 1001w\" sizes=\"(max-width: 150px) 100vw, 150px\" title=\"\"><\/a><\/li><li><a data-fancybox=\"gallery372\" href=\"https:\/\/zxdoll.com\/wp-content\/uploads\/2023\/03\/life-size-female-doll-a8ii4-800x800.jpg\" class=\"eig-popup\" title=\"\" data-caption=\"\" target=\"_blank\"><i class=\"icon-view\"><\/i><span class=\"overlay\"><\/span><img loading=\"lazy\" decoding=\"async\" width=\"150\" height=\"150\" src=\"https:\/\/zxdoll.com\/wp-content\/uploads\/2023\/03\/life-size-female-doll-a8ii4-150x150.jpg\" class=\"attachment-thumbnail size-thumbnail\" alt=\"\" srcset=\"https:\/\/zxdoll.com\/wp-content\/uploads\/2023\/03\/life-size-female-doll-a8ii4-150x150.jpg 150w, https:\/\/zxdoll.com\/wp-content\/uploads\/2023\/03\/life-size-female-doll-a8ii4-300x300.jpg 300w, https:\/\/zxdoll.com\/wp-content\/uploads\/2023\/03\/life-size-female-doll-a8ii4-800x800.jpg 800w, https:\/\/zxdoll.com\/wp-content\/uploads\/2023\/03\/life-size-female-doll-a8ii4-768x768.jpg 768w, https:\/\/zxdoll.com\/wp-content\/uploads\/2023\/03\/life-size-female-doll-a8ii4-12x12.jpg 12w, https:\/\/zxdoll.com\/wp-content\/uploads\/2023\/03\/life-size-female-doll-a8ii4-860x860.jpg 860w, https:\/\/zxdoll.com\/wp-content\/uploads\/2023\/03\/life-size-female-doll-a8ii4-430x430.jpg 430w, https:\/\/zxdoll.com\/wp-content\/uploads\/2023\/03\/life-size-female-doll-a8ii4-700x700.jpg 700w, https:\/\/zxdoll.com\/wp-content\/uploads\/2023\/03\/life-size-female-doll-a8ii4.jpg 1001w\" sizes=\"(max-width: 150px) 100vw, 150px\" title=\"\"><\/a><\/li><li><a data-fancybox=\"gallery372\" href=\"https:\/\/zxdoll.com\/wp-content\/uploads\/2023\/03\/life-size-female-doll-a8ii5-800x800.jpg\" class=\"eig-popup\" title=\"\" data-caption=\"\" target=\"_blank\"><i class=\"icon-view\"><\/i><span class=\"overlay\"><\/span><img loading=\"lazy\" decoding=\"async\" width=\"150\" height=\"150\" src=\"https:\/\/zxdoll.com\/wp-content\/uploads\/2023\/03\/life-size-female-doll-a8ii5-150x150.jpg\" class=\"attachment-thumbnail size-thumbnail\" alt=\"\" srcset=\"https:\/\/zxdoll.com\/wp-content\/uploads\/2023\/03\/life-size-female-doll-a8ii5-150x150.jpg 150w, https:\/\/zxdoll.com\/wp-content\/uploads\/2023\/03\/life-size-female-doll-a8ii5-300x300.jpg 300w, https:\/\/zxdoll.com\/wp-content\/uploads\/2023\/03\/life-size-female-doll-a8ii5-800x800.jpg 800w, https:\/\/zxdoll.com\/wp-content\/uploads\/2023\/03\/life-size-female-doll-a8ii5-768x768.jpg 768w, https:\/\/zxdoll.com\/wp-content\/uploads\/2023\/03\/life-size-female-doll-a8ii5-12x12.jpg 12w, https:\/\/zxdoll.com\/wp-content\/uploads\/2023\/03\/life-size-female-doll-a8ii5-860x860.jpg 860w, https:\/\/zxdoll.com\/wp-content\/uploads\/2023\/03\/life-size-female-doll-a8ii5-430x430.jpg 430w, https:\/\/zxdoll.com\/wp-content\/uploads\/2023\/03\/life-size-female-doll-a8ii5-700x700.jpg 700w, https:\/\/zxdoll.com\/wp-content\/uploads\/2023\/03\/life-size-female-doll-a8ii5.jpg 1001w\" sizes=\"(max-width: 150px) 100vw, 150px\" title=\"\"><\/a><\/li><li><a data-fancybox=\"gallery372\" href=\"https:\/\/zxdoll.com\/wp-content\/uploads\/2023\/03\/life-size-female-doll-a8ii6-800x800.jpg\" class=\"eig-popup\" title=\"\" data-caption=\"\" target=\"_blank\"><i class=\"icon-view\"><\/i><span class=\"overlay\"><\/span><img loading=\"lazy\" decoding=\"async\" width=\"150\" height=\"150\" src=\"https:\/\/zxdoll.com\/wp-content\/uploads\/2023\/03\/life-size-female-doll-a8ii6-150x150.jpg\" class=\"attachment-thumbnail size-thumbnail\" alt=\"\" srcset=\"https:\/\/zxdoll.com\/wp-content\/uploads\/2023\/03\/life-size-female-doll-a8ii6-150x150.jpg 150w, https:\/\/zxdoll.com\/wp-content\/uploads\/2023\/03\/life-size-female-doll-a8ii6-300x300.jpg 300w, https:\/\/zxdoll.com\/wp-content\/uploads\/2023\/03\/life-size-female-doll-a8ii6-800x800.jpg 800w, https:\/\/zxdoll.com\/wp-content\/uploads\/2023\/03\/life-size-female-doll-a8ii6-768x768.jpg 768w, https:\/\/zxdoll.com\/wp-content\/uploads\/2023\/03\/life-size-female-doll-a8ii6-12x12.jpg 12w, https:\/\/zxdoll.com\/wp-content\/uploads\/2023\/03\/life-size-female-doll-a8ii6-860x860.jpg 860w, https:\/\/zxdoll.com\/wp-content\/uploads\/2023\/03\/life-size-female-doll-a8ii6-430x430.jpg 430w, https:\/\/zxdoll.com\/wp-content\/uploads\/2023\/03\/life-size-female-doll-a8ii6-700x700.jpg 700w, https:\/\/zxdoll.com\/wp-content\/uploads\/2023\/03\/life-size-female-doll-a8ii6.jpg 1001w\" sizes=\"(max-width: 150px) 100vw, 150px\" title=\"\"><\/a><\/li><li><a data-fancybox=\"gallery372\" href=\"https:\/\/zxdoll.com\/wp-content\/uploads\/2023\/03\/life-size-female-doll-a8ii7-800x800.jpg\" class=\"eig-popup\" title=\"\" data-caption=\"\" target=\"_blank\"><i class=\"icon-view\"><\/i><span class=\"overlay\"><\/span><img loading=\"lazy\" decoding=\"async\" width=\"150\" height=\"150\" src=\"https:\/\/zxdoll.com\/wp-content\/uploads\/2023\/03\/life-size-female-doll-a8ii7-150x150.jpg\" class=\"attachment-thumbnail size-thumbnail\" alt=\"\" srcset=\"https:\/\/zxdoll.com\/wp-content\/uploads\/2023\/03\/life-size-female-doll-a8ii7-150x150.jpg 150w, https:\/\/zxdoll.com\/wp-content\/uploads\/2023\/03\/life-size-female-doll-a8ii7-300x300.jpg 300w, https:\/\/zxdoll.com\/wp-content\/uploads\/2023\/03\/life-size-female-doll-a8ii7-800x800.jpg 800w, https:\/\/zxdoll.com\/wp-content\/uploads\/2023\/03\/life-size-female-doll-a8ii7-768x768.jpg 768w, https:\/\/zxdoll.com\/wp-content\/uploads\/2023\/03\/life-size-female-doll-a8ii7-12x12.jpg 12w, https:\/\/zxdoll.com\/wp-content\/uploads\/2023\/03\/life-size-female-doll-a8ii7-860x860.jpg 860w, https:\/\/zxdoll.com\/wp-content\/uploads\/2023\/03\/life-size-female-doll-a8ii7-430x430.jpg 430w, https:\/\/zxdoll.com\/wp-content\/uploads\/2023\/03\/life-size-female-doll-a8ii7-700x700.jpg 700w, https:\/\/zxdoll.com\/wp-content\/uploads\/2023\/03\/life-size-female-doll-a8ii7.jpg 1001w\" sizes=\"(max-width: 150px) 100vw, 150px\" title=\"\"><\/a><\/li><li><a data-fancybox=\"gallery372\" href=\"https:\/\/zxdoll.com\/wp-content\/uploads\/2023\/03\/life-size-female-doll-a8ii8-533x800.jpg\" class=\"eig-popup\" title=\"\" data-caption=\"\" target=\"_blank\"><i class=\"icon-view\"><\/i><span class=\"overlay\"><\/span><img loading=\"lazy\" decoding=\"async\" width=\"150\" height=\"150\" src=\"https:\/\/zxdoll.com\/wp-content\/uploads\/2023\/03\/life-size-female-doll-a8ii8-150x150.jpg\" class=\"attachment-thumbnail size-thumbnail\" alt=\"\" title=\"\"><\/a><\/li><li><a data-fancybox=\"gallery372\" href=\"https:\/\/zxdoll.com\/wp-content\/uploads\/2023\/03\/life-size-female-doll-a8ii10-533x800.jpg\" class=\"eig-popup\" title=\"\" data-caption=\"\" target=\"_blank\"><i class=\"icon-view\"><\/i><span class=\"overlay\"><\/span><img loading=\"lazy\" decoding=\"async\" width=\"150\" height=\"150\" src=\"https:\/\/zxdoll.com\/wp-content\/uploads\/2023\/03\/life-size-female-doll-a8ii10-150x150.jpg\" class=\"attachment-thumbnail size-thumbnail\" alt=\"\" title=\"\"><\/a><\/li><li><a data-fancybox=\"gallery372\" href=\"https:\/\/zxdoll.com\/wp-content\/uploads\/2023\/03\/life-size-female-doll-a8ii11-533x800.jpg\" class=\"eig-popup\" title=\"\" data-caption=\"\" target=\"_blank\"><i class=\"icon-view\"><\/i><span class=\"overlay\"><\/span><img loading=\"lazy\" decoding=\"async\" width=\"150\" height=\"150\" src=\"https:\/\/zxdoll.com\/wp-content\/uploads\/2023\/03\/life-size-female-doll-a8ii11-150x150.jpg\" class=\"attachment-thumbnail size-thumbnail\" alt=\"\" title=\"\"><\/a><\/li><li><a data-fancybox=\"gallery372\" href=\"https:\/\/zxdoll.com\/wp-content\/uploads\/2023\/03\/life-size-female-doll-a8ii12.jpg\" class=\"eig-popup\" title=\"\" data-caption=\"\" target=\"_blank\"><i class=\"icon-view\"><\/i><span class=\"overlay\"><\/span><img loading=\"lazy\" decoding=\"async\" width=\"150\" height=\"150\" src=\"https:\/\/zxdoll.com\/wp-content\/uploads\/2023\/03\/life-size-female-doll-a8ii12-150x150.jpg\" class=\"attachment-thumbnail size-thumbnail\" alt=\"\" title=\"\"><\/a><\/li><li><a data-fancybox=\"gallery372\" href=\"https:\/\/zxdoll.com\/wp-content\/uploads\/2023\/03\/life-size-female-doll-a8ii13-533x800.jpg\" class=\"eig-popup\" title=\"\" data-caption=\"\" target=\"_blank\"><i class=\"icon-view\"><\/i><span class=\"overlay\"><\/span><img loading=\"lazy\" decoding=\"async\" width=\"150\" height=\"150\" src=\"https:\/\/zxdoll.com\/wp-content\/uploads\/2023\/03\/life-size-female-doll-a8ii13-150x150.jpg\" class=\"attachment-thumbnail size-thumbnail\" alt=\"\" title=\"\"><\/a><\/li><li><a data-fancybox=\"gallery372\" href=\"https:\/\/zxdoll.com\/wp-content\/uploads\/2023\/03\/life-size-female-doll-a8ii14-533x800.jpg\" class=\"eig-popup\" title=\"\" data-caption=\"\" target=\"_blank\"><i class=\"icon-view\"><\/i><span class=\"overlay\"><\/span><img loading=\"lazy\" decoding=\"async\" width=\"150\" height=\"150\" src=\"https:\/\/zxdoll.com\/wp-content\/uploads\/2023\/03\/life-size-female-doll-a8ii14-150x150.jpg\" class=\"attachment-thumbnail size-thumbnail\" alt=\"\" title=\"\"><\/a><\/li><li><a data-fancybox=\"gallery372\" href=\"https:\/\/zxdoll.com\/wp-content\/uploads\/2023\/03\/life-size-female-doll-a8ii15-533x800.jpg\" class=\"eig-popup\" title=\"\" data-caption=\"\" target=\"_blank\"><i class=\"icon-view\"><\/i><span class=\"overlay\"><\/span><img loading=\"lazy\" decoding=\"async\" width=\"150\" height=\"150\" src=\"https:\/\/zxdoll.com\/wp-content\/uploads\/2023\/03\/life-size-female-doll-a8ii15-150x150.jpg\" class=\"attachment-thumbnail size-thumbnail\" alt=\"\" title=\"\"><\/a><\/li><\/ul>\n<h4>Kokotaulukot<\/h4>\n<table width=\"203\">\n<tbody>\n<tr>\n<td width=\"124\">Materiaali<\/td>\n<td width=\"79\">TPE<\/td>\n<\/tr>\n<tr>\n<td>Korkeus<\/td>\n<td>161 cm<\/td>\n<\/tr>\n<tr>\n<td>Rintakuva<\/td>\n<td>92 cm<\/td>\n<\/tr>\n<tr>\n<td>Vy\u00f6t\u00e4r\u00f6<\/td>\n<td>52 cm<\/td>\n<\/tr>\n<tr>\n<td>Hip<\/td>\n<td>96 cm<\/td>\n<\/tr>\n<tr>\n<td>Olkap\u00e4\u00e4<\/td>\n<td>36 cm<\/td>\n<\/tr>\n<tr>\n<td>Arm<\/td>\n<td>53 cm<\/td>\n<\/tr>\n<tr>\n<td>Jalka<\/td>\n<td>90 cm<\/td>\n<\/tr>\n<tr>\n<td width=\"124\">Jalka<\/td>\n<td>19 cm<\/td>\n<\/tr>\n<tr>\n<td width=\"124\">Nettopaino<\/td>\n<td>39 kg<\/td>\n<\/tr>\n<tr>\n<td>Suullinen syvyys<\/td>\n<td>13 cm<\/td>\n<\/tr>\n<tr>\n<td>Em\u00e4ttimen syvyys<\/td>\n<td>18 cm<\/td>\n<\/tr>\n<tr>\n<td>Anal Depth<\/td>\n<td>17 cm<\/td>\n<\/tr>\n<\/tbody>\n<\/table>\n<h4>Tietoja seksinukkesta<\/h4>\n<p>Miehille on valmistettu paljon upeita seksinukkeja, n\u00e4m\u00e4 miesten seksinuket helpottavat automaattisesti miesten el\u00e4m\u00e4\u00e4, ja koska monet miehet harrastavat seksi\u00e4, he tarvitsevat seksinuken, joka tyydytt\u00e4\u00e4 heit\u00e4 seksuaalisesti aina. TPE-nukkemme ovat perseest\u00e4, ne n\u00e4ytt\u00e4v\u00e4t eritt\u00e4in realistisilta, ne ovat kauniita, ja ne ovat pieni\u00e4, joten sinun on helpompi kantaa h\u00e4nt\u00e4 mukana seksin aikana. Jos olet seksinukkefoorumissa, kuulet paljon my\u00f6nteisi\u00e4 seksinukkearvosteluja Kanadan rakkausnukkestamme. N\u00e4ill\u00e4 nukeilla on tapa tehd\u00e4 sinut onnellisemmaksi. Joten, jos haluat ostaa seksinuken, tai jos haluat parhaat seksinuket miehille, sinun tulee tutustua seksinukkekauppaamme; jokaiselle on aina oma nukke.<\/p>\n<p>Nukkemme ovat my\u00f6s eritt\u00e4in edullisia ja budjettiyst\u00e4v\u00e4llisi\u00e4; sinun tarvitsee vain tehd\u00e4 tilaus, niin l\u00e4het\u00e4mme sinulle yhden niist\u00e4 v\u00e4litt\u00f6m\u00e4sti. Toimitamme nukkemme kaikkialle maailmaan, ja ne toimitetaan sinulle t\u00e4ydellisess\u00e4 kunnossa, joten sinulla ei ole mit\u00e4\u00e4n h\u00e4t\u00e4\u00e4.<\/p>\n<p>R\u00e4\u00e4t\u00e4l\u00f6idyt nukkemme ovat yksi parhaista nukketyypeist\u00e4, koska voit vaihtaa mink\u00e4 tahansa h\u00e4nen kehonosan, josta et pid\u00e4, tai korvata mink\u00e4 tahansa h\u00e4nen kehonosan, johon et ole tyytyv\u00e4inen. Mukautettujen nukkejen avulla voit hallita sit\u00e4, milt\u00e4 nukkesi n\u00e4ytt\u00e4\u00e4 tai tuntuu.<\/p>","protected":false},"excerpt":{"rendered":"<p>Seksinukkekuvat Kokotaulukot Materiaali TPE Korkeus 161 cm Rinta 92 cm Vy\u00f6t\u00e4r\u00f6 52 cm Lonkka 96 cm Olkap\u00e4\u00e4 36 cm K\u00e4sivarsi 53 cm Jalka<\/p>","protected":false},"featured_media":25563,"comment_status":"open","ping_status":"closed","template":"","meta":[],"product_brand":[],"product_cat":[96,75,230,116,115,119],"product_tag":[],"class_list":{"0":"post-25557","1":"product","2":"type-product","3":"status-publish","4":"has-post-thumbnail","6":"product_cat-real-sex-dolls","7":"product_cat-160cm-170cm-sex-dolls","8":"product_cat-36kg-40kg","9":"product_cat-big-boobs-sex-doll","10":"product_cat-big-booty-sex-doll","11":"product_cat-tpe-sex-doll","12":"pa_brand-sy-doll","13":"tm-has-options","15":"first","16":"instock","17":"sale","18":"shipping-taxable","19":"purchasable","20":"product-type-simple"},"_links":{"self":[{"href":"https:\/\/zxdoll.com\/fi\/wp-json\/wp\/v2\/product\/25557","targetHints":{"allow":["GET"]}}],"collection":[{"href":"https:\/\/zxdoll.com\/fi\/wp-json\/wp\/v2\/product"}],"about":[{"href":"https:\/\/zxdoll.com\/fi\/wp-json\/wp\/v2\/types\/product"}],"replies":[{"embeddable":true,"href":"https:\/\/zxdoll.com\/fi\/wp-json\/wp\/v2\/comments?post=25557"}],"version-history":[{"count":1,"href":"https:\/\/zxdoll.com\/fi\/wp-json\/wp\/v2\/product\/25557\/revisions"}],"predecessor-version":[{"id":101577,"href":"https:\/\/zxdoll.com\/fi\/wp-json\/wp\/v2\/product\/25557\/revisions\/101577"}],"wp:featuredmedia":[{"embeddable":true,"href":"https:\/\/zxdoll.com\/fi\/wp-json\/wp\/v2\/media\/25563"}],"wp:attachment":[{"href":"https:\/\/zxdoll.com\/fi\/wp-json\/wp\/v2\/media?parent=25557"}],"wp:term":[{"taxonomy":"product_brand","embeddable":true,"href":"https:\/\/zxdoll.com\/fi\/wp-json\/wp\/v2\/product_brand?post=25557"},{"taxonomy":"product_cat","embeddable":true,"href":"https:\/\/zxdoll.com\/fi\/wp-json\/wp\/v2\/product_cat?post=25557"},{"taxonomy":"product_tag","embeddable":true,"href":"https:\/\/zxdoll.com\/fi\/wp-json\/wp\/v2\/product_tag?post=25557"}],"curies":[{"name":"wp","href":"https:\/\/api.w.org\/{rel}","templated":true}]}}