{"id":24527,"date":"2023-03-28T00:39:51","date_gmt":"2023-03-27T16:39:51","guid":{"rendered":"https:\/\/zxdoll.com\/?post_type=product&#038;p=24527"},"modified":"2025-09-15T02:55:45","modified_gmt":"2025-09-14T18:55:45","slug":"reality-real-life-solid-sexy-dream-doll","status":"publish","type":"product","link":"https:\/\/zxdoll.com\/fi\/product\/reality-real-life-solid-sexy-dream-doll\/","title":{"rendered":"Reality Real Life Solid Sexy Dream Doll Karna 157cm"},"content":{"rendered":"<h4><strong>Seksinukkekuvia<\/strong><\/h4>\n\t                <ul class=\"easy-image-gallery thumbnails-15 linked\">\r\n                    <li><a data-fancybox=\"gallery144\" href=\"https:\/\/zxdoll.com\/wp-content\/uploads\/2023\/03\/cummingin-sex-doll-a6u2-533x800.jpg\" class=\"eig-popup\" title=\"\" data-caption=\"\" target=\"_blank\"><i class=\"icon-view\"><\/i><span class=\"overlay\"><\/span><img decoding=\"async\" width=\"150\" height=\"150\" src=\"https:\/\/zxdoll.com\/wp-content\/uploads\/2023\/03\/cummingin-sex-doll-a6u2-150x150.jpg\" class=\"attachment-thumbnail size-thumbnail\" alt=\"\" title=\"\"><\/a><\/li><li><a data-fancybox=\"gallery144\" href=\"https:\/\/zxdoll.com\/wp-content\/uploads\/2023\/03\/cummingin-sex-doll-a6u3-533x800.jpg\" class=\"eig-popup\" title=\"\" data-caption=\"\" target=\"_blank\"><i class=\"icon-view\"><\/i><span class=\"overlay\"><\/span><img decoding=\"async\" width=\"150\" height=\"150\" src=\"https:\/\/zxdoll.com\/wp-content\/uploads\/2023\/03\/cummingin-sex-doll-a6u3-150x150.jpg\" class=\"attachment-thumbnail size-thumbnail\" alt=\"\" title=\"\"><\/a><\/li><li><a data-fancybox=\"gallery144\" href=\"https:\/\/zxdoll.com\/wp-content\/uploads\/2023\/03\/cummingin-sex-doll-a6u4-533x800.jpg\" class=\"eig-popup\" title=\"\" data-caption=\"\" target=\"_blank\"><i class=\"icon-view\"><\/i><span class=\"overlay\"><\/span><img decoding=\"async\" width=\"150\" height=\"150\" src=\"https:\/\/zxdoll.com\/wp-content\/uploads\/2023\/03\/cummingin-sex-doll-a6u4-150x150.jpg\" class=\"attachment-thumbnail size-thumbnail\" alt=\"\" title=\"\"><\/a><\/li><li><a data-fancybox=\"gallery144\" href=\"https:\/\/zxdoll.com\/wp-content\/uploads\/2023\/03\/cummingin-sex-doll-a6u5-533x800.jpg\" class=\"eig-popup\" title=\"\" data-caption=\"\" target=\"_blank\"><i class=\"icon-view\"><\/i><span class=\"overlay\"><\/span><img loading=\"lazy\" decoding=\"async\" width=\"150\" height=\"150\" src=\"https:\/\/zxdoll.com\/wp-content\/uploads\/2023\/03\/cummingin-sex-doll-a6u5-150x150.jpg\" class=\"attachment-thumbnail size-thumbnail\" alt=\"\" title=\"\"><\/a><\/li><li><a data-fancybox=\"gallery144\" href=\"https:\/\/zxdoll.com\/wp-content\/uploads\/2023\/03\/cummingin-sex-doll-a6u6-533x800.jpg\" class=\"eig-popup\" title=\"\" data-caption=\"\" target=\"_blank\"><i class=\"icon-view\"><\/i><span class=\"overlay\"><\/span><img loading=\"lazy\" decoding=\"async\" width=\"150\" height=\"150\" src=\"https:\/\/zxdoll.com\/wp-content\/uploads\/2023\/03\/cummingin-sex-doll-a6u6-150x150.jpg\" class=\"attachment-thumbnail size-thumbnail\" alt=\"\" title=\"\"><\/a><\/li><li><a data-fancybox=\"gallery144\" href=\"https:\/\/zxdoll.com\/wp-content\/uploads\/2023\/03\/cummingin-sex-doll-a6u7-533x800.jpg\" class=\"eig-popup\" title=\"\" data-caption=\"\" target=\"_blank\"><i class=\"icon-view\"><\/i><span class=\"overlay\"><\/span><img loading=\"lazy\" decoding=\"async\" width=\"150\" height=\"150\" src=\"https:\/\/zxdoll.com\/wp-content\/uploads\/2023\/03\/cummingin-sex-doll-a6u7-150x150.jpg\" class=\"attachment-thumbnail size-thumbnail\" alt=\"\" title=\"\"><\/a><\/li><li><a data-fancybox=\"gallery144\" href=\"https:\/\/zxdoll.com\/wp-content\/uploads\/2023\/03\/cummingin-sex-doll-a6u8-800x800.jpg\" class=\"eig-popup\" title=\"\" data-caption=\"\" target=\"_blank\"><i class=\"icon-view\"><\/i><span class=\"overlay\"><\/span><img loading=\"lazy\" decoding=\"async\" width=\"150\" height=\"150\" src=\"https:\/\/zxdoll.com\/wp-content\/uploads\/2023\/03\/cummingin-sex-doll-a6u8-150x150.jpg\" class=\"attachment-thumbnail size-thumbnail\" alt=\"\" srcset=\"https:\/\/zxdoll.com\/wp-content\/uploads\/2023\/03\/cummingin-sex-doll-a6u8-150x150.jpg 150w, https:\/\/zxdoll.com\/wp-content\/uploads\/2023\/03\/cummingin-sex-doll-a6u8-300x300.jpg 300w, https:\/\/zxdoll.com\/wp-content\/uploads\/2023\/03\/cummingin-sex-doll-a6u8-800x800.jpg 800w, https:\/\/zxdoll.com\/wp-content\/uploads\/2023\/03\/cummingin-sex-doll-a6u8-768x768.jpg 768w, https:\/\/zxdoll.com\/wp-content\/uploads\/2023\/03\/cummingin-sex-doll-a6u8-12x12.jpg 12w, https:\/\/zxdoll.com\/wp-content\/uploads\/2023\/03\/cummingin-sex-doll-a6u8-860x860.jpg 860w, https:\/\/zxdoll.com\/wp-content\/uploads\/2023\/03\/cummingin-sex-doll-a6u8-430x430.jpg 430w, https:\/\/zxdoll.com\/wp-content\/uploads\/2023\/03\/cummingin-sex-doll-a6u8-700x700.jpg 700w, https:\/\/zxdoll.com\/wp-content\/uploads\/2023\/03\/cummingin-sex-doll-a6u8.jpg 900w\" sizes=\"(max-width: 150px) 100vw, 150px\" title=\"\"><\/a><\/li><li><a data-fancybox=\"gallery144\" href=\"https:\/\/zxdoll.com\/wp-content\/uploads\/2023\/03\/cummingin-sex-doll-a6u9-800x800.jpg\" class=\"eig-popup\" title=\"\" data-caption=\"\" target=\"_blank\"><i class=\"icon-view\"><\/i><span class=\"overlay\"><\/span><img loading=\"lazy\" decoding=\"async\" width=\"150\" height=\"150\" src=\"https:\/\/zxdoll.com\/wp-content\/uploads\/2023\/03\/cummingin-sex-doll-a6u9-150x150.jpg\" class=\"attachment-thumbnail size-thumbnail\" alt=\"\" srcset=\"https:\/\/zxdoll.com\/wp-content\/uploads\/2023\/03\/cummingin-sex-doll-a6u9-150x150.jpg 150w, https:\/\/zxdoll.com\/wp-content\/uploads\/2023\/03\/cummingin-sex-doll-a6u9-300x300.jpg 300w, https:\/\/zxdoll.com\/wp-content\/uploads\/2023\/03\/cummingin-sex-doll-a6u9-800x800.jpg 800w, https:\/\/zxdoll.com\/wp-content\/uploads\/2023\/03\/cummingin-sex-doll-a6u9-768x768.jpg 768w, https:\/\/zxdoll.com\/wp-content\/uploads\/2023\/03\/cummingin-sex-doll-a6u9-12x12.jpg 12w, https:\/\/zxdoll.com\/wp-content\/uploads\/2023\/03\/cummingin-sex-doll-a6u9-860x860.jpg 860w, https:\/\/zxdoll.com\/wp-content\/uploads\/2023\/03\/cummingin-sex-doll-a6u9-430x430.jpg 430w, https:\/\/zxdoll.com\/wp-content\/uploads\/2023\/03\/cummingin-sex-doll-a6u9-700x700.jpg 700w, https:\/\/zxdoll.com\/wp-content\/uploads\/2023\/03\/cummingin-sex-doll-a6u9.jpg 900w\" sizes=\"(max-width: 150px) 100vw, 150px\" title=\"\"><\/a><\/li><li><a data-fancybox=\"gallery144\" href=\"https:\/\/zxdoll.com\/wp-content\/uploads\/2023\/03\/cummingin-sex-doll-a6u10-800x800.jpg\" class=\"eig-popup\" title=\"\" data-caption=\"\" target=\"_blank\"><i class=\"icon-view\"><\/i><span class=\"overlay\"><\/span><img loading=\"lazy\" decoding=\"async\" width=\"150\" height=\"150\" src=\"https:\/\/zxdoll.com\/wp-content\/uploads\/2023\/03\/cummingin-sex-doll-a6u10-150x150.jpg\" class=\"attachment-thumbnail size-thumbnail\" alt=\"\" srcset=\"https:\/\/zxdoll.com\/wp-content\/uploads\/2023\/03\/cummingin-sex-doll-a6u10-150x150.jpg 150w, https:\/\/zxdoll.com\/wp-content\/uploads\/2023\/03\/cummingin-sex-doll-a6u10-300x300.jpg 300w, https:\/\/zxdoll.com\/wp-content\/uploads\/2023\/03\/cummingin-sex-doll-a6u10-800x800.jpg 800w, https:\/\/zxdoll.com\/wp-content\/uploads\/2023\/03\/cummingin-sex-doll-a6u10-768x768.jpg 768w, https:\/\/zxdoll.com\/wp-content\/uploads\/2023\/03\/cummingin-sex-doll-a6u10-12x12.jpg 12w, https:\/\/zxdoll.com\/wp-content\/uploads\/2023\/03\/cummingin-sex-doll-a6u10-860x860.jpg 860w, https:\/\/zxdoll.com\/wp-content\/uploads\/2023\/03\/cummingin-sex-doll-a6u10-430x430.jpg 430w, https:\/\/zxdoll.com\/wp-content\/uploads\/2023\/03\/cummingin-sex-doll-a6u10-700x700.jpg 700w, https:\/\/zxdoll.com\/wp-content\/uploads\/2023\/03\/cummingin-sex-doll-a6u10.jpg 900w\" sizes=\"(max-width: 150px) 100vw, 150px\" title=\"\"><\/a><\/li><li><a data-fancybox=\"gallery144\" href=\"https:\/\/zxdoll.com\/wp-content\/uploads\/2023\/03\/cummingin-sex-doll-a6u11-800x800.jpg\" class=\"eig-popup\" title=\"\" data-caption=\"\" target=\"_blank\"><i class=\"icon-view\"><\/i><span class=\"overlay\"><\/span><img loading=\"lazy\" decoding=\"async\" width=\"150\" height=\"150\" src=\"https:\/\/zxdoll.com\/wp-content\/uploads\/2023\/03\/cummingin-sex-doll-a6u11-150x150.jpg\" class=\"attachment-thumbnail size-thumbnail\" alt=\"\" srcset=\"https:\/\/zxdoll.com\/wp-content\/uploads\/2023\/03\/cummingin-sex-doll-a6u11-150x150.jpg 150w, https:\/\/zxdoll.com\/wp-content\/uploads\/2023\/03\/cummingin-sex-doll-a6u11-300x300.jpg 300w, https:\/\/zxdoll.com\/wp-content\/uploads\/2023\/03\/cummingin-sex-doll-a6u11-800x800.jpg 800w, https:\/\/zxdoll.com\/wp-content\/uploads\/2023\/03\/cummingin-sex-doll-a6u11-768x768.jpg 768w, https:\/\/zxdoll.com\/wp-content\/uploads\/2023\/03\/cummingin-sex-doll-a6u11-12x12.jpg 12w, https:\/\/zxdoll.com\/wp-content\/uploads\/2023\/03\/cummingin-sex-doll-a6u11-860x860.jpg 860w, https:\/\/zxdoll.com\/wp-content\/uploads\/2023\/03\/cummingin-sex-doll-a6u11-430x430.jpg 430w, https:\/\/zxdoll.com\/wp-content\/uploads\/2023\/03\/cummingin-sex-doll-a6u11-700x700.jpg 700w, https:\/\/zxdoll.com\/wp-content\/uploads\/2023\/03\/cummingin-sex-doll-a6u11.jpg 900w\" sizes=\"(max-width: 150px) 100vw, 150px\" title=\"\"><\/a><\/li><li><a data-fancybox=\"gallery144\" href=\"https:\/\/zxdoll.com\/wp-content\/uploads\/2023\/03\/cummingin-sex-doll-a6u12-800x800.jpg\" class=\"eig-popup\" title=\"\" data-caption=\"\" target=\"_blank\"><i class=\"icon-view\"><\/i><span class=\"overlay\"><\/span><img loading=\"lazy\" decoding=\"async\" width=\"150\" height=\"150\" src=\"https:\/\/zxdoll.com\/wp-content\/uploads\/2023\/03\/cummingin-sex-doll-a6u12-150x150.jpg\" class=\"attachment-thumbnail size-thumbnail\" alt=\"\" srcset=\"https:\/\/zxdoll.com\/wp-content\/uploads\/2023\/03\/cummingin-sex-doll-a6u12-150x150.jpg 150w, https:\/\/zxdoll.com\/wp-content\/uploads\/2023\/03\/cummingin-sex-doll-a6u12-300x300.jpg 300w, https:\/\/zxdoll.com\/wp-content\/uploads\/2023\/03\/cummingin-sex-doll-a6u12-800x800.jpg 800w, https:\/\/zxdoll.com\/wp-content\/uploads\/2023\/03\/cummingin-sex-doll-a6u12-768x768.jpg 768w, https:\/\/zxdoll.com\/wp-content\/uploads\/2023\/03\/cummingin-sex-doll-a6u12-12x12.jpg 12w, https:\/\/zxdoll.com\/wp-content\/uploads\/2023\/03\/cummingin-sex-doll-a6u12-860x860.jpg 860w, https:\/\/zxdoll.com\/wp-content\/uploads\/2023\/03\/cummingin-sex-doll-a6u12-430x430.jpg 430w, https:\/\/zxdoll.com\/wp-content\/uploads\/2023\/03\/cummingin-sex-doll-a6u12-700x700.jpg 700w, https:\/\/zxdoll.com\/wp-content\/uploads\/2023\/03\/cummingin-sex-doll-a6u12.jpg 900w\" sizes=\"(max-width: 150px) 100vw, 150px\" title=\"\"><\/a><\/li><li><a data-fancybox=\"gallery144\" href=\"https:\/\/zxdoll.com\/wp-content\/uploads\/2023\/03\/cummingin-sex-doll-a6u13-800x800.jpg\" class=\"eig-popup\" title=\"\" data-caption=\"\" target=\"_blank\"><i class=\"icon-view\"><\/i><span class=\"overlay\"><\/span><img loading=\"lazy\" decoding=\"async\" width=\"150\" height=\"150\" src=\"https:\/\/zxdoll.com\/wp-content\/uploads\/2023\/03\/cummingin-sex-doll-a6u13-150x150.jpg\" class=\"attachment-thumbnail size-thumbnail\" alt=\"\" srcset=\"https:\/\/zxdoll.com\/wp-content\/uploads\/2023\/03\/cummingin-sex-doll-a6u13-150x150.jpg 150w, https:\/\/zxdoll.com\/wp-content\/uploads\/2023\/03\/cummingin-sex-doll-a6u13-300x300.jpg 300w, https:\/\/zxdoll.com\/wp-content\/uploads\/2023\/03\/cummingin-sex-doll-a6u13-800x800.jpg 800w, https:\/\/zxdoll.com\/wp-content\/uploads\/2023\/03\/cummingin-sex-doll-a6u13-768x768.jpg 768w, https:\/\/zxdoll.com\/wp-content\/uploads\/2023\/03\/cummingin-sex-doll-a6u13-12x12.jpg 12w, https:\/\/zxdoll.com\/wp-content\/uploads\/2023\/03\/cummingin-sex-doll-a6u13-860x860.jpg 860w, https:\/\/zxdoll.com\/wp-content\/uploads\/2023\/03\/cummingin-sex-doll-a6u13-430x430.jpg 430w, https:\/\/zxdoll.com\/wp-content\/uploads\/2023\/03\/cummingin-sex-doll-a6u13-700x700.jpg 700w, https:\/\/zxdoll.com\/wp-content\/uploads\/2023\/03\/cummingin-sex-doll-a6u13.jpg 900w\" sizes=\"(max-width: 150px) 100vw, 150px\" title=\"\"><\/a><\/li><li><a data-fancybox=\"gallery144\" href=\"https:\/\/zxdoll.com\/wp-content\/uploads\/2023\/03\/cummingin-sex-doll-a6u14-800x800.jpg\" class=\"eig-popup\" title=\"\" data-caption=\"\" target=\"_blank\"><i class=\"icon-view\"><\/i><span class=\"overlay\"><\/span><img loading=\"lazy\" decoding=\"async\" width=\"150\" height=\"150\" src=\"https:\/\/zxdoll.com\/wp-content\/uploads\/2023\/03\/cummingin-sex-doll-a6u14-150x150.jpg\" class=\"attachment-thumbnail size-thumbnail\" alt=\"\" srcset=\"https:\/\/zxdoll.com\/wp-content\/uploads\/2023\/03\/cummingin-sex-doll-a6u14-150x150.jpg 150w, https:\/\/zxdoll.com\/wp-content\/uploads\/2023\/03\/cummingin-sex-doll-a6u14-300x300.jpg 300w, https:\/\/zxdoll.com\/wp-content\/uploads\/2023\/03\/cummingin-sex-doll-a6u14-800x800.jpg 800w, https:\/\/zxdoll.com\/wp-content\/uploads\/2023\/03\/cummingin-sex-doll-a6u14-768x768.jpg 768w, https:\/\/zxdoll.com\/wp-content\/uploads\/2023\/03\/cummingin-sex-doll-a6u14-12x12.jpg 12w, https:\/\/zxdoll.com\/wp-content\/uploads\/2023\/03\/cummingin-sex-doll-a6u14-860x860.jpg 860w, https:\/\/zxdoll.com\/wp-content\/uploads\/2023\/03\/cummingin-sex-doll-a6u14-430x430.jpg 430w, https:\/\/zxdoll.com\/wp-content\/uploads\/2023\/03\/cummingin-sex-doll-a6u14-700x700.jpg 700w, https:\/\/zxdoll.com\/wp-content\/uploads\/2023\/03\/cummingin-sex-doll-a6u14.jpg 900w\" sizes=\"(max-width: 150px) 100vw, 150px\" title=\"\"><\/a><\/li><li><a data-fancybox=\"gallery144\" href=\"https:\/\/zxdoll.com\/wp-content\/uploads\/2023\/03\/cummingin-sex-doll-a6u15-800x800.jpg\" class=\"eig-popup\" title=\"\" data-caption=\"\" target=\"_blank\"><i class=\"icon-view\"><\/i><span class=\"overlay\"><\/span><img loading=\"lazy\" decoding=\"async\" width=\"150\" height=\"150\" src=\"https:\/\/zxdoll.com\/wp-content\/uploads\/2023\/03\/cummingin-sex-doll-a6u15-150x150.jpg\" class=\"attachment-thumbnail size-thumbnail\" alt=\"\" srcset=\"https:\/\/zxdoll.com\/wp-content\/uploads\/2023\/03\/cummingin-sex-doll-a6u15-150x150.jpg 150w, https:\/\/zxdoll.com\/wp-content\/uploads\/2023\/03\/cummingin-sex-doll-a6u15-300x300.jpg 300w, https:\/\/zxdoll.com\/wp-content\/uploads\/2023\/03\/cummingin-sex-doll-a6u15-800x800.jpg 800w, https:\/\/zxdoll.com\/wp-content\/uploads\/2023\/03\/cummingin-sex-doll-a6u15-768x768.jpg 768w, https:\/\/zxdoll.com\/wp-content\/uploads\/2023\/03\/cummingin-sex-doll-a6u15-12x12.jpg 12w, https:\/\/zxdoll.com\/wp-content\/uploads\/2023\/03\/cummingin-sex-doll-a6u15-860x860.jpg 860w, https:\/\/zxdoll.com\/wp-content\/uploads\/2023\/03\/cummingin-sex-doll-a6u15-430x430.jpg 430w, https:\/\/zxdoll.com\/wp-content\/uploads\/2023\/03\/cummingin-sex-doll-a6u15-700x700.jpg 700w, https:\/\/zxdoll.com\/wp-content\/uploads\/2023\/03\/cummingin-sex-doll-a6u15.jpg 900w\" sizes=\"(max-width: 150px) 100vw, 150px\" title=\"\"><\/a><\/li><li><a data-fancybox=\"gallery144\" href=\"https:\/\/zxdoll.com\/wp-content\/uploads\/2023\/03\/cummingin-sex-doll-a6u16-533x800.jpg\" class=\"eig-popup\" title=\"\" data-caption=\"\" target=\"_blank\"><i class=\"icon-view\"><\/i><span class=\"overlay\"><\/span><img loading=\"lazy\" decoding=\"async\" width=\"150\" height=\"150\" src=\"https:\/\/zxdoll.com\/wp-content\/uploads\/2023\/03\/cummingin-sex-doll-a6u16-150x150.jpg\" class=\"attachment-thumbnail size-thumbnail\" alt=\"\" title=\"\"><\/a><\/li><\/ul>\n<h4>Kokotaulukot<\/h4>\n<table width=\"203\">\n<tbody>\n<tr>\n<td width=\"124\">Materiaali<\/td>\n<td width=\"79\">TPE<\/td>\n<\/tr>\n<tr>\n<td>Korkeus<\/td>\n<td>157 cm<\/td>\n<\/tr>\n<tr>\n<td>Rintakuva<\/td>\n<td>67 cm<\/td>\n<\/tr>\n<tr>\n<td>Vy\u00f6t\u00e4r\u00f6<\/td>\n<td>48 cm<\/td>\n<\/tr>\n<tr>\n<td>Hip<\/td>\n<td>77 cm<\/td>\n<\/tr>\n<tr>\n<td width=\"124\">Nettopaino<\/td>\n<td>29 kg<\/td>\n<\/tr>\n<tr>\n<td>Suullinen syvyys<\/td>\n<td>13 cm<\/td>\n<\/tr>\n<tr>\n<td>Em\u00e4ttimen syvyys<\/td>\n<td>18 cm<\/td>\n<\/tr>\n<tr>\n<td>Anal Depth<\/td>\n<td>17 cm<\/td>\n<\/tr>\n<\/tbody>\n<\/table>\n<h4>Tietoja seksinukkesta<\/h4>\n<p>Useat seksinuket ovat valloittaneet kaupungin ja saaneet miehi\u00e4 k\u00e4siins\u00e4 aivan kuten t\u00e4m\u00e4 Kimber-seksinukke. T\u00e4m\u00e4 realistinen seksinukke on erinomainen kannettavuuden ja joustavuuden suhteen. Useilla rakkausnukkefoorumeilla t\u00e4m\u00e4n nuken on sanottu l\u00e4p\u00e4isev\u00e4n todellisuustarkastuksen ja sellaisenaan se antaa tunteen olevan todellinen, toisin kuin muut tyypit. T\u00e4m\u00e4 tosiel\u00e4m\u00e4n kiinte\u00e4 nukke on seksik\u00e4s nukke, joka n\u00e4ytt\u00e4\u00e4 todenmukaiselta. Se sis\u00e4lt\u00e4\u00e4 kaikki kauniin tyt\u00f6n ominaisuudet sek\u00e4 k\u00e4yr\u00e4t.<\/p>\n<p>Useat rakkausnukkefoorumit ovat n\u00e4hneet useiden miesten tahdissa valtavan rakkausnuken kysynn\u00e4n. Seksin aikana syntyv\u00e4n turhan sotkun v\u00e4ltt\u00e4miseksi luotiin nukkevarasto, joka on t\u00e4rke\u00e4\u00e4, ett\u00e4 se on miesten helppok\u00e4ytt\u00f6inen. T\u00e4m\u00e4 seksinukke on valmistettu eritt\u00e4in luotettavasta materiaalista, joka on kest\u00e4v\u00e4 ja joustava. Miehille, jotka rakastavat jatkuvasti seksikk\u00e4it\u00e4 nukkeja, t\u00e4m\u00e4 seksik\u00e4s unelmanukke sopii t\u00e4ydellisesti heille. H\u00e4n varmistaa, ett\u00e4 heid\u00e4n unelmansa toteutuvat vihdoinkin. T\u00e4m\u00e4n nimenomaisen nuken runko on valmistettu TPE-materiaalista, mik\u00e4 antaa sille lis\u00e4\u00e4 joustavuutta ja kest\u00e4vyytt\u00e4 sek\u00e4 sen nykyisen kauniin ulkon\u00e4\u00f6n.<\/p>\n<p>&nbsp;<\/p>","protected":false},"excerpt":{"rendered":"<p>Seksinukkekuvat Kokotaulukot Materiaali TPE Korkeus 157 cm Rinta 67 cm Vy\u00f6t\u00e4r\u00f6 48 cm Lonkka 77 cm Nettopaino 29 kg Suun syvyys<\/p>","protected":false},"featured_media":24529,"comment_status":"open","ping_status":"closed","template":"","meta":[],"product_brand":[],"product_cat":[96,112,228,107,117,119],"product_tag":[],"class_list":{"0":"post-24527","1":"product","2":"type-product","3":"status-publish","4":"has-post-thumbnail","6":"product_cat-real-sex-dolls","7":"product_cat-150cm-159cm-sex-dolls","8":"product_cat-26kg-30kg","9":"product_cat-skinny-sex-dolls","10":"product_cat-small-breast-sex-doll","11":"product_cat-tpe-sex-doll","12":"pa_brand-sy-doll","13":"tm-has-options","15":"first","16":"instock","17":"sale","18":"shipping-taxable","19":"purchasable","20":"product-type-simple"},"_links":{"self":[{"href":"https:\/\/zxdoll.com\/fi\/wp-json\/wp\/v2\/product\/24527","targetHints":{"allow":["GET"]}}],"collection":[{"href":"https:\/\/zxdoll.com\/fi\/wp-json\/wp\/v2\/product"}],"about":[{"href":"https:\/\/zxdoll.com\/fi\/wp-json\/wp\/v2\/types\/product"}],"replies":[{"embeddable":true,"href":"https:\/\/zxdoll.com\/fi\/wp-json\/wp\/v2\/comments?post=24527"}],"version-history":[{"count":1,"href":"https:\/\/zxdoll.com\/fi\/wp-json\/wp\/v2\/product\/24527\/revisions"}],"predecessor-version":[{"id":101283,"href":"https:\/\/zxdoll.com\/fi\/wp-json\/wp\/v2\/product\/24527\/revisions\/101283"}],"wp:featuredmedia":[{"embeddable":true,"href":"https:\/\/zxdoll.com\/fi\/wp-json\/wp\/v2\/media\/24529"}],"wp:attachment":[{"href":"https:\/\/zxdoll.com\/fi\/wp-json\/wp\/v2\/media?parent=24527"}],"wp:term":[{"taxonomy":"product_brand","embeddable":true,"href":"https:\/\/zxdoll.com\/fi\/wp-json\/wp\/v2\/product_brand?post=24527"},{"taxonomy":"product_cat","embeddable":true,"href":"https:\/\/zxdoll.com\/fi\/wp-json\/wp\/v2\/product_cat?post=24527"},{"taxonomy":"product_tag","embeddable":true,"href":"https:\/\/zxdoll.com\/fi\/wp-json\/wp\/v2\/product_tag?post=24527"}],"curies":[{"name":"wp","href":"https:\/\/api.w.org\/{rel}","templated":true}]}}