{"id":24011,"date":"2023-03-27T02:53:25","date_gmt":"2023-03-26T18:53:25","guid":{"rendered":"https:\/\/zxdoll.com\/?post_type=product&#038;p=24011"},"modified":"2025-09-15T02:18:06","modified_gmt":"2025-09-14T18:18:06","slug":"cheap-cute-solid-butt-pleasure-doll","status":"publish","type":"product","link":"https:\/\/zxdoll.com\/fi\/product\/cheap-cute-solid-butt-pleasure-doll\/","title":{"rendered":"Edullinen S\u00f6p\u00f6 Solid Butt Pleasure Nukke Edwina 148cm"},"content":{"rendered":"<h4><strong>Seksinukkekuvia<\/strong><\/h4>\n\t                <ul class=\"easy-image-gallery thumbnails-19 linked\">\r\n                    <li><a data-fancybox=\"gallery263\" href=\"https:\/\/zxdoll.com\/wp-content\/uploads\/2023\/03\/life-like-sex-doll-porn-s3n1-533x800.jpg\" class=\"eig-popup\" title=\"\" data-caption=\"\" target=\"_blank\"><i class=\"icon-view\"><\/i><span class=\"overlay\"><\/span><img decoding=\"async\" width=\"150\" height=\"150\" src=\"https:\/\/zxdoll.com\/wp-content\/uploads\/2023\/03\/life-like-sex-doll-porn-s3n1-150x150.jpg\" class=\"attachment-thumbnail size-thumbnail\" alt=\"\" title=\"\"><\/a><\/li><li><a data-fancybox=\"gallery263\" href=\"https:\/\/zxdoll.com\/wp-content\/uploads\/2023\/03\/life-like-sex-doll-porn-s3n2-533x800.jpg\" class=\"eig-popup\" title=\"\" data-caption=\"\" target=\"_blank\"><i class=\"icon-view\"><\/i><span class=\"overlay\"><\/span><img decoding=\"async\" width=\"150\" height=\"150\" src=\"https:\/\/zxdoll.com\/wp-content\/uploads\/2023\/03\/life-like-sex-doll-porn-s3n2-150x150.jpg\" class=\"attachment-thumbnail size-thumbnail\" alt=\"\" title=\"\"><\/a><\/li><li><a data-fancybox=\"gallery263\" href=\"https:\/\/zxdoll.com\/wp-content\/uploads\/2023\/03\/life-like-sex-doll-porn-s3n4-533x800.jpg\" class=\"eig-popup\" title=\"\" data-caption=\"\" target=\"_blank\"><i class=\"icon-view\"><\/i><span class=\"overlay\"><\/span><img decoding=\"async\" width=\"150\" height=\"150\" src=\"https:\/\/zxdoll.com\/wp-content\/uploads\/2023\/03\/life-like-sex-doll-porn-s3n4-150x150.jpg\" class=\"attachment-thumbnail size-thumbnail\" alt=\"\" title=\"\"><\/a><\/li><li><a data-fancybox=\"gallery263\" href=\"https:\/\/zxdoll.com\/wp-content\/uploads\/2023\/03\/life-like-sex-doll-porn-s3n5-533x800.jpg\" class=\"eig-popup\" title=\"\" data-caption=\"\" target=\"_blank\"><i class=\"icon-view\"><\/i><span class=\"overlay\"><\/span><img loading=\"lazy\" decoding=\"async\" width=\"150\" height=\"150\" src=\"https:\/\/zxdoll.com\/wp-content\/uploads\/2023\/03\/life-like-sex-doll-porn-s3n5-150x150.jpg\" class=\"attachment-thumbnail size-thumbnail\" alt=\"\" title=\"\"><\/a><\/li><li><a data-fancybox=\"gallery263\" href=\"https:\/\/zxdoll.com\/wp-content\/uploads\/2023\/03\/life-like-sex-doll-porn-s3n6-533x800.jpg\" class=\"eig-popup\" title=\"\" data-caption=\"\" target=\"_blank\"><i class=\"icon-view\"><\/i><span class=\"overlay\"><\/span><img loading=\"lazy\" decoding=\"async\" width=\"150\" height=\"150\" src=\"https:\/\/zxdoll.com\/wp-content\/uploads\/2023\/03\/life-like-sex-doll-porn-s3n6-150x150.jpg\" class=\"attachment-thumbnail size-thumbnail\" alt=\"\" title=\"\"><\/a><\/li><li><a data-fancybox=\"gallery263\" href=\"https:\/\/zxdoll.com\/wp-content\/uploads\/2023\/03\/life-like-sex-doll-porn-s3n7-533x800.jpg\" class=\"eig-popup\" title=\"\" data-caption=\"\" target=\"_blank\"><i class=\"icon-view\"><\/i><span class=\"overlay\"><\/span><img loading=\"lazy\" decoding=\"async\" width=\"150\" height=\"150\" src=\"https:\/\/zxdoll.com\/wp-content\/uploads\/2023\/03\/life-like-sex-doll-porn-s3n7-150x150.jpg\" class=\"attachment-thumbnail size-thumbnail\" alt=\"\" title=\"\"><\/a><\/li><li><a data-fancybox=\"gallery263\" href=\"https:\/\/zxdoll.com\/wp-content\/uploads\/2023\/03\/life-like-sex-doll-porn-s3n8-533x800.jpg\" class=\"eig-popup\" title=\"\" data-caption=\"\" target=\"_blank\"><i class=\"icon-view\"><\/i><span class=\"overlay\"><\/span><img loading=\"lazy\" decoding=\"async\" width=\"150\" height=\"150\" src=\"https:\/\/zxdoll.com\/wp-content\/uploads\/2023\/03\/life-like-sex-doll-porn-s3n8-150x150.jpg\" class=\"attachment-thumbnail size-thumbnail\" alt=\"\" title=\"\"><\/a><\/li><li><a data-fancybox=\"gallery263\" href=\"https:\/\/zxdoll.com\/wp-content\/uploads\/2023\/03\/life-like-sex-doll-porn-s3n9-533x800.jpg\" class=\"eig-popup\" title=\"\" data-caption=\"\" target=\"_blank\"><i class=\"icon-view\"><\/i><span class=\"overlay\"><\/span><img loading=\"lazy\" decoding=\"async\" width=\"150\" height=\"150\" src=\"https:\/\/zxdoll.com\/wp-content\/uploads\/2023\/03\/life-like-sex-doll-porn-s3n9-150x150.jpg\" class=\"attachment-thumbnail size-thumbnail\" alt=\"\" title=\"\"><\/a><\/li><li><a data-fancybox=\"gallery263\" href=\"https:\/\/zxdoll.com\/wp-content\/uploads\/2023\/03\/life-like-sex-doll-porn-s3n10-533x800.jpg\" class=\"eig-popup\" title=\"\" data-caption=\"\" target=\"_blank\"><i class=\"icon-view\"><\/i><span class=\"overlay\"><\/span><img loading=\"lazy\" decoding=\"async\" width=\"150\" height=\"150\" src=\"https:\/\/zxdoll.com\/wp-content\/uploads\/2023\/03\/life-like-sex-doll-porn-s3n10-150x150.jpg\" class=\"attachment-thumbnail size-thumbnail\" alt=\"\" title=\"\"><\/a><\/li><li><a data-fancybox=\"gallery263\" href=\"https:\/\/zxdoll.com\/wp-content\/uploads\/2023\/03\/life-like-sex-doll-porn-s3n11-533x800.jpg\" class=\"eig-popup\" title=\"\" data-caption=\"\" target=\"_blank\"><i class=\"icon-view\"><\/i><span class=\"overlay\"><\/span><img loading=\"lazy\" decoding=\"async\" width=\"150\" height=\"150\" src=\"https:\/\/zxdoll.com\/wp-content\/uploads\/2023\/03\/life-like-sex-doll-porn-s3n11-150x150.jpg\" class=\"attachment-thumbnail size-thumbnail\" alt=\"\" title=\"\"><\/a><\/li><li><a data-fancybox=\"gallery263\" href=\"https:\/\/zxdoll.com\/wp-content\/uploads\/2023\/03\/life-like-sex-doll-porn-s3n12-533x800.jpg\" class=\"eig-popup\" title=\"\" data-caption=\"\" target=\"_blank\"><i class=\"icon-view\"><\/i><span class=\"overlay\"><\/span><img loading=\"lazy\" decoding=\"async\" width=\"150\" height=\"150\" src=\"https:\/\/zxdoll.com\/wp-content\/uploads\/2023\/03\/life-like-sex-doll-porn-s3n12-150x150.jpg\" class=\"attachment-thumbnail size-thumbnail\" alt=\"\" title=\"\"><\/a><\/li><li><a data-fancybox=\"gallery263\" href=\"https:\/\/zxdoll.com\/wp-content\/uploads\/2023\/03\/life-like-sex-doll-porn-s3n13-800x800.jpg\" class=\"eig-popup\" title=\"\" data-caption=\"\" target=\"_blank\"><i class=\"icon-view\"><\/i><span class=\"overlay\"><\/span><img loading=\"lazy\" decoding=\"async\" width=\"150\" height=\"150\" src=\"https:\/\/zxdoll.com\/wp-content\/uploads\/2023\/03\/life-like-sex-doll-porn-s3n13-150x150.jpg\" class=\"attachment-thumbnail size-thumbnail\" alt=\"\" srcset=\"https:\/\/zxdoll.com\/wp-content\/uploads\/2023\/03\/life-like-sex-doll-porn-s3n13-150x150.jpg 150w, https:\/\/zxdoll.com\/wp-content\/uploads\/2023\/03\/life-like-sex-doll-porn-s3n13-300x300.jpg 300w, https:\/\/zxdoll.com\/wp-content\/uploads\/2023\/03\/life-like-sex-doll-porn-s3n13-800x800.jpg 800w, https:\/\/zxdoll.com\/wp-content\/uploads\/2023\/03\/life-like-sex-doll-porn-s3n13-768x768.jpg 768w, https:\/\/zxdoll.com\/wp-content\/uploads\/2023\/03\/life-like-sex-doll-porn-s3n13-12x12.jpg 12w, https:\/\/zxdoll.com\/wp-content\/uploads\/2023\/03\/life-like-sex-doll-porn-s3n13-860x860.jpg 860w, https:\/\/zxdoll.com\/wp-content\/uploads\/2023\/03\/life-like-sex-doll-porn-s3n13-430x430.jpg 430w, https:\/\/zxdoll.com\/wp-content\/uploads\/2023\/03\/life-like-sex-doll-porn-s3n13-700x700.jpg 700w, https:\/\/zxdoll.com\/wp-content\/uploads\/2023\/03\/life-like-sex-doll-porn-s3n13.jpg 900w\" sizes=\"(max-width: 150px) 100vw, 150px\" title=\"\"><\/a><\/li><li><a data-fancybox=\"gallery263\" href=\"https:\/\/zxdoll.com\/wp-content\/uploads\/2023\/03\/life-like-sex-doll-porn-s3n14-800x800.jpg\" class=\"eig-popup\" title=\"\" data-caption=\"\" target=\"_blank\"><i class=\"icon-view\"><\/i><span class=\"overlay\"><\/span><img loading=\"lazy\" decoding=\"async\" width=\"150\" height=\"150\" src=\"https:\/\/zxdoll.com\/wp-content\/uploads\/2023\/03\/life-like-sex-doll-porn-s3n14-150x150.jpg\" class=\"attachment-thumbnail size-thumbnail\" alt=\"\" srcset=\"https:\/\/zxdoll.com\/wp-content\/uploads\/2023\/03\/life-like-sex-doll-porn-s3n14-150x150.jpg 150w, https:\/\/zxdoll.com\/wp-content\/uploads\/2023\/03\/life-like-sex-doll-porn-s3n14-300x300.jpg 300w, https:\/\/zxdoll.com\/wp-content\/uploads\/2023\/03\/life-like-sex-doll-porn-s3n14-800x800.jpg 800w, https:\/\/zxdoll.com\/wp-content\/uploads\/2023\/03\/life-like-sex-doll-porn-s3n14-768x768.jpg 768w, https:\/\/zxdoll.com\/wp-content\/uploads\/2023\/03\/life-like-sex-doll-porn-s3n14-12x12.jpg 12w, https:\/\/zxdoll.com\/wp-content\/uploads\/2023\/03\/life-like-sex-doll-porn-s3n14-860x860.jpg 860w, https:\/\/zxdoll.com\/wp-content\/uploads\/2023\/03\/life-like-sex-doll-porn-s3n14-430x430.jpg 430w, https:\/\/zxdoll.com\/wp-content\/uploads\/2023\/03\/life-like-sex-doll-porn-s3n14-700x700.jpg 700w, https:\/\/zxdoll.com\/wp-content\/uploads\/2023\/03\/life-like-sex-doll-porn-s3n14.jpg 900w\" sizes=\"(max-width: 150px) 100vw, 150px\" title=\"\"><\/a><\/li><li><a data-fancybox=\"gallery263\" href=\"https:\/\/zxdoll.com\/wp-content\/uploads\/2023\/03\/life-like-sex-doll-porn-s3n15-800x800.jpg\" class=\"eig-popup\" title=\"\" data-caption=\"\" target=\"_blank\"><i class=\"icon-view\"><\/i><span class=\"overlay\"><\/span><img loading=\"lazy\" decoding=\"async\" width=\"150\" height=\"150\" src=\"https:\/\/zxdoll.com\/wp-content\/uploads\/2023\/03\/life-like-sex-doll-porn-s3n15-150x150.jpg\" class=\"attachment-thumbnail size-thumbnail\" alt=\"\" srcset=\"https:\/\/zxdoll.com\/wp-content\/uploads\/2023\/03\/life-like-sex-doll-porn-s3n15-150x150.jpg 150w, https:\/\/zxdoll.com\/wp-content\/uploads\/2023\/03\/life-like-sex-doll-porn-s3n15-300x300.jpg 300w, https:\/\/zxdoll.com\/wp-content\/uploads\/2023\/03\/life-like-sex-doll-porn-s3n15-800x800.jpg 800w, https:\/\/zxdoll.com\/wp-content\/uploads\/2023\/03\/life-like-sex-doll-porn-s3n15-768x768.jpg 768w, https:\/\/zxdoll.com\/wp-content\/uploads\/2023\/03\/life-like-sex-doll-porn-s3n15-12x12.jpg 12w, https:\/\/zxdoll.com\/wp-content\/uploads\/2023\/03\/life-like-sex-doll-porn-s3n15-860x860.jpg 860w, https:\/\/zxdoll.com\/wp-content\/uploads\/2023\/03\/life-like-sex-doll-porn-s3n15-430x430.jpg 430w, https:\/\/zxdoll.com\/wp-content\/uploads\/2023\/03\/life-like-sex-doll-porn-s3n15-700x700.jpg 700w, https:\/\/zxdoll.com\/wp-content\/uploads\/2023\/03\/life-like-sex-doll-porn-s3n15.jpg 900w\" sizes=\"(max-width: 150px) 100vw, 150px\" title=\"\"><\/a><\/li><li><a data-fancybox=\"gallery263\" href=\"https:\/\/zxdoll.com\/wp-content\/uploads\/2023\/03\/life-like-sex-doll-porn-s3n16-800x800.jpg\" class=\"eig-popup\" title=\"\" data-caption=\"\" target=\"_blank\"><i class=\"icon-view\"><\/i><span class=\"overlay\"><\/span><img loading=\"lazy\" decoding=\"async\" width=\"150\" height=\"150\" src=\"https:\/\/zxdoll.com\/wp-content\/uploads\/2023\/03\/life-like-sex-doll-porn-s3n16-150x150.jpg\" class=\"attachment-thumbnail size-thumbnail\" alt=\"\" srcset=\"https:\/\/zxdoll.com\/wp-content\/uploads\/2023\/03\/life-like-sex-doll-porn-s3n16-150x150.jpg 150w, https:\/\/zxdoll.com\/wp-content\/uploads\/2023\/03\/life-like-sex-doll-porn-s3n16-300x300.jpg 300w, https:\/\/zxdoll.com\/wp-content\/uploads\/2023\/03\/life-like-sex-doll-porn-s3n16-800x800.jpg 800w, https:\/\/zxdoll.com\/wp-content\/uploads\/2023\/03\/life-like-sex-doll-porn-s3n16-768x768.jpg 768w, https:\/\/zxdoll.com\/wp-content\/uploads\/2023\/03\/life-like-sex-doll-porn-s3n16-12x12.jpg 12w, https:\/\/zxdoll.com\/wp-content\/uploads\/2023\/03\/life-like-sex-doll-porn-s3n16-860x860.jpg 860w, https:\/\/zxdoll.com\/wp-content\/uploads\/2023\/03\/life-like-sex-doll-porn-s3n16-430x430.jpg 430w, https:\/\/zxdoll.com\/wp-content\/uploads\/2023\/03\/life-like-sex-doll-porn-s3n16-700x700.jpg 700w, https:\/\/zxdoll.com\/wp-content\/uploads\/2023\/03\/life-like-sex-doll-porn-s3n16.jpg 900w\" sizes=\"(max-width: 150px) 100vw, 150px\" title=\"\"><\/a><\/li><li><a data-fancybox=\"gallery263\" href=\"https:\/\/zxdoll.com\/wp-content\/uploads\/2023\/03\/life-like-sex-doll-porn-s3n17-800x800.jpg\" class=\"eig-popup\" title=\"\" data-caption=\"\" target=\"_blank\"><i class=\"icon-view\"><\/i><span class=\"overlay\"><\/span><img loading=\"lazy\" decoding=\"async\" width=\"150\" height=\"150\" src=\"https:\/\/zxdoll.com\/wp-content\/uploads\/2023\/03\/life-like-sex-doll-porn-s3n17-150x150.jpg\" class=\"attachment-thumbnail size-thumbnail\" alt=\"\" srcset=\"https:\/\/zxdoll.com\/wp-content\/uploads\/2023\/03\/life-like-sex-doll-porn-s3n17-150x150.jpg 150w, https:\/\/zxdoll.com\/wp-content\/uploads\/2023\/03\/life-like-sex-doll-porn-s3n17-300x300.jpg 300w, https:\/\/zxdoll.com\/wp-content\/uploads\/2023\/03\/life-like-sex-doll-porn-s3n17-800x800.jpg 800w, https:\/\/zxdoll.com\/wp-content\/uploads\/2023\/03\/life-like-sex-doll-porn-s3n17-768x768.jpg 768w, https:\/\/zxdoll.com\/wp-content\/uploads\/2023\/03\/life-like-sex-doll-porn-s3n17-12x12.jpg 12w, https:\/\/zxdoll.com\/wp-content\/uploads\/2023\/03\/life-like-sex-doll-porn-s3n17-860x860.jpg 860w, https:\/\/zxdoll.com\/wp-content\/uploads\/2023\/03\/life-like-sex-doll-porn-s3n17-430x430.jpg 430w, https:\/\/zxdoll.com\/wp-content\/uploads\/2023\/03\/life-like-sex-doll-porn-s3n17-700x700.jpg 700w, https:\/\/zxdoll.com\/wp-content\/uploads\/2023\/03\/life-like-sex-doll-porn-s3n17.jpg 900w\" sizes=\"(max-width: 150px) 100vw, 150px\" title=\"\"><\/a><\/li><li><a data-fancybox=\"gallery263\" href=\"https:\/\/zxdoll.com\/wp-content\/uploads\/2023\/03\/life-like-sex-doll-porn-s3n18-800x800.jpg\" class=\"eig-popup\" title=\"\" data-caption=\"\" target=\"_blank\"><i class=\"icon-view\"><\/i><span class=\"overlay\"><\/span><img loading=\"lazy\" decoding=\"async\" width=\"150\" height=\"150\" src=\"https:\/\/zxdoll.com\/wp-content\/uploads\/2023\/03\/life-like-sex-doll-porn-s3n18-150x150.jpg\" class=\"attachment-thumbnail size-thumbnail\" alt=\"\" srcset=\"https:\/\/zxdoll.com\/wp-content\/uploads\/2023\/03\/life-like-sex-doll-porn-s3n18-150x150.jpg 150w, https:\/\/zxdoll.com\/wp-content\/uploads\/2023\/03\/life-like-sex-doll-porn-s3n18-300x300.jpg 300w, https:\/\/zxdoll.com\/wp-content\/uploads\/2023\/03\/life-like-sex-doll-porn-s3n18-800x800.jpg 800w, https:\/\/zxdoll.com\/wp-content\/uploads\/2023\/03\/life-like-sex-doll-porn-s3n18-768x768.jpg 768w, https:\/\/zxdoll.com\/wp-content\/uploads\/2023\/03\/life-like-sex-doll-porn-s3n18-12x12.jpg 12w, https:\/\/zxdoll.com\/wp-content\/uploads\/2023\/03\/life-like-sex-doll-porn-s3n18-860x860.jpg 860w, https:\/\/zxdoll.com\/wp-content\/uploads\/2023\/03\/life-like-sex-doll-porn-s3n18-430x430.jpg 430w, https:\/\/zxdoll.com\/wp-content\/uploads\/2023\/03\/life-like-sex-doll-porn-s3n18-700x700.jpg 700w, https:\/\/zxdoll.com\/wp-content\/uploads\/2023\/03\/life-like-sex-doll-porn-s3n18.jpg 900w\" sizes=\"(max-width: 150px) 100vw, 150px\" title=\"\"><\/a><\/li><li><a data-fancybox=\"gallery263\" href=\"https:\/\/zxdoll.com\/wp-content\/uploads\/2023\/03\/life-like-sex-doll-porn-s3n19-800x800.jpg\" class=\"eig-popup\" title=\"\" data-caption=\"\" target=\"_blank\"><i class=\"icon-view\"><\/i><span class=\"overlay\"><\/span><img loading=\"lazy\" decoding=\"async\" width=\"150\" height=\"150\" src=\"https:\/\/zxdoll.com\/wp-content\/uploads\/2023\/03\/life-like-sex-doll-porn-s3n19-150x150.jpg\" class=\"attachment-thumbnail size-thumbnail\" alt=\"\" srcset=\"https:\/\/zxdoll.com\/wp-content\/uploads\/2023\/03\/life-like-sex-doll-porn-s3n19-150x150.jpg 150w, https:\/\/zxdoll.com\/wp-content\/uploads\/2023\/03\/life-like-sex-doll-porn-s3n19-300x300.jpg 300w, https:\/\/zxdoll.com\/wp-content\/uploads\/2023\/03\/life-like-sex-doll-porn-s3n19-800x800.jpg 800w, https:\/\/zxdoll.com\/wp-content\/uploads\/2023\/03\/life-like-sex-doll-porn-s3n19-768x768.jpg 768w, https:\/\/zxdoll.com\/wp-content\/uploads\/2023\/03\/life-like-sex-doll-porn-s3n19-12x12.jpg 12w, https:\/\/zxdoll.com\/wp-content\/uploads\/2023\/03\/life-like-sex-doll-porn-s3n19-860x860.jpg 860w, https:\/\/zxdoll.com\/wp-content\/uploads\/2023\/03\/life-like-sex-doll-porn-s3n19-430x430.jpg 430w, https:\/\/zxdoll.com\/wp-content\/uploads\/2023\/03\/life-like-sex-doll-porn-s3n19-700x700.jpg 700w, https:\/\/zxdoll.com\/wp-content\/uploads\/2023\/03\/life-like-sex-doll-porn-s3n19.jpg 900w\" sizes=\"(max-width: 150px) 100vw, 150px\" title=\"\"><\/a><\/li><li><a data-fancybox=\"gallery263\" href=\"https:\/\/zxdoll.com\/wp-content\/uploads\/2023\/03\/life-like-sex-doll-porn-s3n20-800x800.jpg\" class=\"eig-popup\" title=\"\" data-caption=\"\" target=\"_blank\"><i class=\"icon-view\"><\/i><span class=\"overlay\"><\/span><img loading=\"lazy\" decoding=\"async\" width=\"150\" height=\"150\" src=\"https:\/\/zxdoll.com\/wp-content\/uploads\/2023\/03\/life-like-sex-doll-porn-s3n20-150x150.jpg\" class=\"attachment-thumbnail size-thumbnail\" alt=\"\" srcset=\"https:\/\/zxdoll.com\/wp-content\/uploads\/2023\/03\/life-like-sex-doll-porn-s3n20-150x150.jpg 150w, https:\/\/zxdoll.com\/wp-content\/uploads\/2023\/03\/life-like-sex-doll-porn-s3n20-300x300.jpg 300w, https:\/\/zxdoll.com\/wp-content\/uploads\/2023\/03\/life-like-sex-doll-porn-s3n20-800x800.jpg 800w, https:\/\/zxdoll.com\/wp-content\/uploads\/2023\/03\/life-like-sex-doll-porn-s3n20-768x768.jpg 768w, https:\/\/zxdoll.com\/wp-content\/uploads\/2023\/03\/life-like-sex-doll-porn-s3n20-12x12.jpg 12w, https:\/\/zxdoll.com\/wp-content\/uploads\/2023\/03\/life-like-sex-doll-porn-s3n20-860x860.jpg 860w, https:\/\/zxdoll.com\/wp-content\/uploads\/2023\/03\/life-like-sex-doll-porn-s3n20-430x430.jpg 430w, https:\/\/zxdoll.com\/wp-content\/uploads\/2023\/03\/life-like-sex-doll-porn-s3n20-700x700.jpg 700w, https:\/\/zxdoll.com\/wp-content\/uploads\/2023\/03\/life-like-sex-doll-porn-s3n20.jpg 900w\" sizes=\"(max-width: 150px) 100vw, 150px\" title=\"\"><\/a><\/li><\/ul>\n<h4>Kokotaulukot<\/h4>\n<table width=\"203\">\n<tbody>\n<tr>\n<td width=\"124\">Materiaali<\/td>\n<td width=\"79\">TPE<\/td>\n<\/tr>\n<tr>\n<td>Korkeus<\/td>\n<td>148 cm<\/td>\n<\/tr>\n<tr>\n<td>Rintakuva<\/td>\n<td>73 cm<\/td>\n<\/tr>\n<tr>\n<td>Vy\u00f6t\u00e4r\u00f6<\/td>\n<td>50 cm<\/td>\n<\/tr>\n<tr>\n<td>Hip<\/td>\n<td>77 cm<\/td>\n<\/tr>\n<tr>\n<td>Olkap\u00e4\u00e4<\/td>\n<td>30 cm<\/td>\n<\/tr>\n<tr>\n<td>Arm<\/td>\n<td>41 cm<\/td>\n<\/tr>\n<tr>\n<td>Jalka<\/td>\n<td>74 cm<\/td>\n<\/tr>\n<tr>\n<td width=\"124\">Jalka<\/td>\n<td>15 cm<\/td>\n<\/tr>\n<tr>\n<td width=\"124\">Nettopaino<\/td>\n<td>26kg<\/td>\n<\/tr>\n<tr>\n<td>Suullinen syvyys<\/td>\n<td>13 cm<\/td>\n<\/tr>\n<tr>\n<td>Em\u00e4ttimen syvyys<\/td>\n<td>18 cm<\/td>\n<\/tr>\n<tr>\n<td>Anal Depth<\/td>\n<td>17 cm<\/td>\n<\/tr>\n<\/tbody>\n<\/table>\n<h4>Tietoja seksinukkesta<\/h4>\n<p>Kaikki naiset eiv\u00e4t ole valmiita anaaliseksi\u00e4 kanssasi, ja t\u00e4m\u00e4 voi olla k\u00e4\u00e4nnekohta, varsinkin kun olet siihen tuulella. Olemme lis\u00e4nneet toisen nuken seksikk\u00e4iden seksinukkejen kategoriaan; t\u00e4m\u00e4 vankka ty\u00f6nukke on ilonukke. Voit k\u00e4ytt\u00e4\u00e4 h\u00e4nt\u00e4 helpottamaan seksuaalista j\u00e4nnityst\u00e4 my\u00f6s v\u00e4lill\u00e4si, tai voit esitell\u00e4 h\u00e4net seksinukkepornossa.<\/p>\n<p>suloisista seksinukeista on tullut suosittuja viime aikoina. N\u00e4m\u00e4 nuket voivat harrastaa seksi\u00e4 ilman taukoa; he voivat k\u00e4yd\u00e4 maratonin ilman, ett\u00e4 he ovat v\u00e4syneit\u00e4 tai uupuneita. N\u00e4iden peppuseksinukkejen avulla voit nauttia seksist\u00e4 t\u00e4ysill\u00e4. Voit jopa tehd\u00e4 seksuaalisen aikataulun etk\u00e4 murehdi mist\u00e4\u00e4n, koska h\u00e4n on aina k\u00e4ytett\u00e4viss\u00e4. Nautinnolliseen ajanviettoon tarvitset ilo seksinuken, ja myymme seksinukkemme halvalla hinnalla. Voit jopa saada lis\u00e4tietoja nukeistasi tarkistamalla oikeita nukkefoorumeita. Myym\u00e4l\u00e4ss\u00e4mme varmistamme aina, ett\u00e4 kaikki asiakkaamme ovat tyytyv\u00e4isi\u00e4 ja heill\u00e4 ei ole valittamista. Nukkemme voidaan toimittaa my\u00f6s muihin maihin 3-5 ty\u00f6p\u00e4iv\u00e4n sis\u00e4ll\u00e4. Pakettimme toimitetaan hyvin suojatuissa pusseissa.<\/p>","protected":false},"excerpt":{"rendered":"<p>Seksinukkekuvat Kokotaulukot Materiaali TPE Korkeus 148cm Rinnanymp\u00e4rys 73cm Vy\u00f6t\u00e4r\u00f6 50cm Lonkka 77cm Olkap\u00e4\u00e4 30cm K\u00e4sivarsi 41cm Jalka<\/p>","protected":false},"featured_media":24022,"comment_status":"open","ping_status":"closed","template":"","meta":[],"product_brand":[],"product_cat":[96,74,228,107,117,119],"product_tag":[],"class_list":{"0":"post-24011","1":"product","2":"type-product","3":"status-publish","4":"has-post-thumbnail","6":"product_cat-real-sex-dolls","7":"product_cat-140cm-149cm-sex-dolls","8":"product_cat-26kg-30kg","9":"product_cat-skinny-sex-dolls","10":"product_cat-small-breast-sex-doll","11":"product_cat-tpe-sex-doll","12":"pa_brand-sy-doll","13":"tm-has-options","15":"first","16":"instock","17":"sale","18":"shipping-taxable","19":"purchasable","20":"product-type-simple"},"_links":{"self":[{"href":"https:\/\/zxdoll.com\/fi\/wp-json\/wp\/v2\/product\/24011","targetHints":{"allow":["GET"]}}],"collection":[{"href":"https:\/\/zxdoll.com\/fi\/wp-json\/wp\/v2\/product"}],"about":[{"href":"https:\/\/zxdoll.com\/fi\/wp-json\/wp\/v2\/types\/product"}],"replies":[{"embeddable":true,"href":"https:\/\/zxdoll.com\/fi\/wp-json\/wp\/v2\/comments?post=24011"}],"version-history":[{"count":1,"href":"https:\/\/zxdoll.com\/fi\/wp-json\/wp\/v2\/product\/24011\/revisions"}],"predecessor-version":[{"id":101578,"href":"https:\/\/zxdoll.com\/fi\/wp-json\/wp\/v2\/product\/24011\/revisions\/101578"}],"wp:featuredmedia":[{"embeddable":true,"href":"https:\/\/zxdoll.com\/fi\/wp-json\/wp\/v2\/media\/24022"}],"wp:attachment":[{"href":"https:\/\/zxdoll.com\/fi\/wp-json\/wp\/v2\/media?parent=24011"}],"wp:term":[{"taxonomy":"product_brand","embeddable":true,"href":"https:\/\/zxdoll.com\/fi\/wp-json\/wp\/v2\/product_brand?post=24011"},{"taxonomy":"product_cat","embeddable":true,"href":"https:\/\/zxdoll.com\/fi\/wp-json\/wp\/v2\/product_cat?post=24011"},{"taxonomy":"product_tag","embeddable":true,"href":"https:\/\/zxdoll.com\/fi\/wp-json\/wp\/v2\/product_tag?post=24011"}],"curies":[{"name":"wp","href":"https:\/\/api.w.org\/{rel}","templated":true}]}}