{"id":21994,"date":"2023-03-11T05:06:52","date_gmt":"2023-03-10T21:06:52","guid":{"rendered":"https:\/\/zxdoll.com\/?post_type=product&#038;p=21994"},"modified":"2025-09-10T23:26:55","modified_gmt":"2025-09-10T15:26:55","slug":"solid-big-ass-hentai-fuck-dolls-for-sale","status":"publish","type":"product","link":"https:\/\/zxdoll.com\/fi\/product\/solid-big-ass-hentai-fuck-dolls-for-sale\/","title":{"rendered":"Solid Big Ass Hentai Fuck Dolls Myyt\u00e4v\u00e4n\u00e4 Leese 162cm"},"content":{"rendered":"<h4><strong>Seksinukkekuvia<\/strong><\/h4>\n\t                <ul class=\"easy-image-gallery thumbnails-23 linked\">\r\n                    <li><a data-fancybox=\"gallery233\" href=\"https:\/\/zxdoll.com\/wp-content\/uploads\/2023\/03\/sex-doll-creampie-z8u1-533x800.jpg\" class=\"eig-popup\" title=\"\" data-caption=\"\" target=\"_blank\"><i class=\"icon-view\"><\/i><span class=\"overlay\"><\/span><img decoding=\"async\" width=\"150\" height=\"150\" src=\"https:\/\/zxdoll.com\/wp-content\/uploads\/2023\/03\/sex-doll-creampie-z8u1-150x150.jpg\" class=\"attachment-thumbnail size-thumbnail\" alt=\"\" title=\"\"><\/a><\/li><li><a data-fancybox=\"gallery233\" href=\"https:\/\/zxdoll.com\/wp-content\/uploads\/2023\/03\/sex-doll-creampie-z8u2-533x800.jpg\" class=\"eig-popup\" title=\"\" data-caption=\"\" target=\"_blank\"><i class=\"icon-view\"><\/i><span class=\"overlay\"><\/span><img decoding=\"async\" width=\"150\" height=\"150\" src=\"https:\/\/zxdoll.com\/wp-content\/uploads\/2023\/03\/sex-doll-creampie-z8u2-150x150.jpg\" class=\"attachment-thumbnail size-thumbnail\" alt=\"\" title=\"\"><\/a><\/li><li><a data-fancybox=\"gallery233\" href=\"https:\/\/zxdoll.com\/wp-content\/uploads\/2023\/03\/sex-doll-creampie-z8u3-1-533x800.jpg\" class=\"eig-popup\" title=\"\" data-caption=\"\" target=\"_blank\"><i class=\"icon-view\"><\/i><span class=\"overlay\"><\/span><img decoding=\"async\" width=\"150\" height=\"150\" src=\"https:\/\/zxdoll.com\/wp-content\/uploads\/2023\/03\/sex-doll-creampie-z8u3-1-150x150.jpg\" class=\"attachment-thumbnail size-thumbnail\" alt=\"\" title=\"\"><\/a><\/li><li><a data-fancybox=\"gallery233\" href=\"https:\/\/zxdoll.com\/wp-content\/uploads\/2023\/03\/sex-doll-creampie-z8u4-533x800.jpg\" class=\"eig-popup\" title=\"\" data-caption=\"\" target=\"_blank\"><i class=\"icon-view\"><\/i><span class=\"overlay\"><\/span><img loading=\"lazy\" decoding=\"async\" width=\"150\" height=\"150\" src=\"https:\/\/zxdoll.com\/wp-content\/uploads\/2023\/03\/sex-doll-creampie-z8u4-150x150.jpg\" class=\"attachment-thumbnail size-thumbnail\" alt=\"\" title=\"\"><\/a><\/li><li><a data-fancybox=\"gallery233\" href=\"https:\/\/zxdoll.com\/wp-content\/uploads\/2023\/03\/sex-doll-creampie-z8u5-533x800.jpg\" class=\"eig-popup\" title=\"\" data-caption=\"\" target=\"_blank\"><i class=\"icon-view\"><\/i><span class=\"overlay\"><\/span><img loading=\"lazy\" decoding=\"async\" width=\"150\" height=\"150\" src=\"https:\/\/zxdoll.com\/wp-content\/uploads\/2023\/03\/sex-doll-creampie-z8u5-150x150.jpg\" class=\"attachment-thumbnail size-thumbnail\" alt=\"\" title=\"\"><\/a><\/li><li><a data-fancybox=\"gallery233\" href=\"https:\/\/zxdoll.com\/wp-content\/uploads\/2023\/03\/sex-doll-creampie-z8u6-533x800.jpg\" class=\"eig-popup\" title=\"\" data-caption=\"\" target=\"_blank\"><i class=\"icon-view\"><\/i><span class=\"overlay\"><\/span><img loading=\"lazy\" decoding=\"async\" width=\"150\" height=\"150\" src=\"https:\/\/zxdoll.com\/wp-content\/uploads\/2023\/03\/sex-doll-creampie-z8u6-150x150.jpg\" class=\"attachment-thumbnail size-thumbnail\" alt=\"\" title=\"\"><\/a><\/li><li><a data-fancybox=\"gallery233\" href=\"https:\/\/zxdoll.com\/wp-content\/uploads\/2023\/03\/sex-doll-creampie-z8u7-533x800.jpg\" class=\"eig-popup\" title=\"\" data-caption=\"\" target=\"_blank\"><i class=\"icon-view\"><\/i><span class=\"overlay\"><\/span><img loading=\"lazy\" decoding=\"async\" width=\"150\" height=\"150\" src=\"https:\/\/zxdoll.com\/wp-content\/uploads\/2023\/03\/sex-doll-creampie-z8u7-150x150.jpg\" class=\"attachment-thumbnail size-thumbnail\" alt=\"\" title=\"\"><\/a><\/li><li><a data-fancybox=\"gallery233\" href=\"https:\/\/zxdoll.com\/wp-content\/uploads\/2023\/03\/sex-doll-creampie-z8u8.jpg\" class=\"eig-popup\" title=\"\" data-caption=\"\" target=\"_blank\"><i class=\"icon-view\"><\/i><span class=\"overlay\"><\/span><img loading=\"lazy\" decoding=\"async\" width=\"150\" height=\"150\" src=\"https:\/\/zxdoll.com\/wp-content\/uploads\/2023\/03\/sex-doll-creampie-z8u8-150x150.jpg\" class=\"attachment-thumbnail size-thumbnail\" alt=\"\" title=\"\"><\/a><\/li><li><a data-fancybox=\"gallery233\" href=\"https:\/\/zxdoll.com\/wp-content\/uploads\/2023\/03\/sex-doll-creampie-z8u9-533x800.jpg\" class=\"eig-popup\" title=\"\" data-caption=\"\" target=\"_blank\"><i class=\"icon-view\"><\/i><span class=\"overlay\"><\/span><img loading=\"lazy\" decoding=\"async\" width=\"150\" height=\"150\" src=\"https:\/\/zxdoll.com\/wp-content\/uploads\/2023\/03\/sex-doll-creampie-z8u9-150x150.jpg\" class=\"attachment-thumbnail size-thumbnail\" alt=\"\" title=\"\"><\/a><\/li><li><a data-fancybox=\"gallery233\" href=\"https:\/\/zxdoll.com\/wp-content\/uploads\/2023\/03\/sex-doll-creampie-z8u10-533x800.jpg\" class=\"eig-popup\" title=\"\" data-caption=\"\" target=\"_blank\"><i class=\"icon-view\"><\/i><span class=\"overlay\"><\/span><img loading=\"lazy\" decoding=\"async\" width=\"150\" height=\"150\" src=\"https:\/\/zxdoll.com\/wp-content\/uploads\/2023\/03\/sex-doll-creampie-z8u10-150x150.jpg\" class=\"attachment-thumbnail size-thumbnail\" alt=\"\" title=\"\"><\/a><\/li><li><a data-fancybox=\"gallery233\" href=\"https:\/\/zxdoll.com\/wp-content\/uploads\/2023\/03\/sex-doll-creampie-z8u11-533x800.jpg\" class=\"eig-popup\" title=\"\" data-caption=\"\" target=\"_blank\"><i class=\"icon-view\"><\/i><span class=\"overlay\"><\/span><img loading=\"lazy\" decoding=\"async\" width=\"150\" height=\"150\" src=\"https:\/\/zxdoll.com\/wp-content\/uploads\/2023\/03\/sex-doll-creampie-z8u11-150x150.jpg\" class=\"attachment-thumbnail size-thumbnail\" alt=\"\" title=\"\"><\/a><\/li><li><a data-fancybox=\"gallery233\" href=\"https:\/\/zxdoll.com\/wp-content\/uploads\/2023\/03\/sex-doll-creampie-z8u12-533x800.jpg\" class=\"eig-popup\" title=\"\" data-caption=\"\" target=\"_blank\"><i class=\"icon-view\"><\/i><span class=\"overlay\"><\/span><img loading=\"lazy\" decoding=\"async\" width=\"150\" height=\"150\" src=\"https:\/\/zxdoll.com\/wp-content\/uploads\/2023\/03\/sex-doll-creampie-z8u12-150x150.jpg\" class=\"attachment-thumbnail size-thumbnail\" alt=\"\" title=\"\"><\/a><\/li><li><a data-fancybox=\"gallery233\" href=\"https:\/\/zxdoll.com\/wp-content\/uploads\/2023\/03\/sex-doll-creampie-z8u13-533x800.jpg\" class=\"eig-popup\" title=\"\" data-caption=\"\" target=\"_blank\"><i class=\"icon-view\"><\/i><span class=\"overlay\"><\/span><img loading=\"lazy\" decoding=\"async\" width=\"150\" height=\"150\" src=\"https:\/\/zxdoll.com\/wp-content\/uploads\/2023\/03\/sex-doll-creampie-z8u13-150x150.jpg\" class=\"attachment-thumbnail size-thumbnail\" alt=\"\" title=\"\"><\/a><\/li><li><a data-fancybox=\"gallery233\" href=\"https:\/\/zxdoll.com\/wp-content\/uploads\/2023\/03\/sex-doll-creampie-z8u14-533x800.jpg\" class=\"eig-popup\" title=\"\" data-caption=\"\" target=\"_blank\"><i class=\"icon-view\"><\/i><span class=\"overlay\"><\/span><img loading=\"lazy\" decoding=\"async\" width=\"150\" height=\"150\" src=\"https:\/\/zxdoll.com\/wp-content\/uploads\/2023\/03\/sex-doll-creampie-z8u14-150x150.jpg\" class=\"attachment-thumbnail size-thumbnail\" alt=\"\" title=\"\"><\/a><\/li><li><a data-fancybox=\"gallery233\" href=\"https:\/\/zxdoll.com\/wp-content\/uploads\/2023\/03\/sex-doll-creampie-z8u15-533x800.jpg\" class=\"eig-popup\" title=\"\" data-caption=\"\" target=\"_blank\"><i class=\"icon-view\"><\/i><span class=\"overlay\"><\/span><img loading=\"lazy\" decoding=\"async\" width=\"150\" height=\"150\" src=\"https:\/\/zxdoll.com\/wp-content\/uploads\/2023\/03\/sex-doll-creampie-z8u15-150x150.jpg\" class=\"attachment-thumbnail size-thumbnail\" alt=\"\" title=\"\"><\/a><\/li><li><a data-fancybox=\"gallery233\" href=\"https:\/\/zxdoll.com\/wp-content\/uploads\/2023\/03\/sex-doll-creampie-z8u16-533x800.jpg\" class=\"eig-popup\" title=\"\" data-caption=\"\" target=\"_blank\"><i class=\"icon-view\"><\/i><span class=\"overlay\"><\/span><img loading=\"lazy\" decoding=\"async\" width=\"150\" height=\"150\" src=\"https:\/\/zxdoll.com\/wp-content\/uploads\/2023\/03\/sex-doll-creampie-z8u16-150x150.jpg\" class=\"attachment-thumbnail size-thumbnail\" alt=\"\" title=\"\"><\/a><\/li><li><a data-fancybox=\"gallery233\" href=\"https:\/\/zxdoll.com\/wp-content\/uploads\/2023\/03\/sex-doll-creampie-z8u17-533x800.jpg\" class=\"eig-popup\" title=\"\" data-caption=\"\" target=\"_blank\"><i class=\"icon-view\"><\/i><span class=\"overlay\"><\/span><img loading=\"lazy\" decoding=\"async\" width=\"150\" height=\"150\" src=\"https:\/\/zxdoll.com\/wp-content\/uploads\/2023\/03\/sex-doll-creampie-z8u17-150x150.jpg\" class=\"attachment-thumbnail size-thumbnail\" alt=\"\" title=\"\"><\/a><\/li><li><a data-fancybox=\"gallery233\" href=\"https:\/\/zxdoll.com\/wp-content\/uploads\/2023\/03\/sex-doll-creampie-z8u18.jpg\" class=\"eig-popup\" title=\"\" data-caption=\"\" target=\"_blank\"><i class=\"icon-view\"><\/i><span class=\"overlay\"><\/span><img loading=\"lazy\" decoding=\"async\" width=\"150\" height=\"150\" src=\"https:\/\/zxdoll.com\/wp-content\/uploads\/2023\/03\/sex-doll-creampie-z8u18-150x150.jpg\" class=\"attachment-thumbnail size-thumbnail\" alt=\"\" title=\"\"><\/a><\/li><li><a data-fancybox=\"gallery233\" href=\"https:\/\/zxdoll.com\/wp-content\/uploads\/2023\/03\/sex-doll-creampie-z8u19-533x800.jpg\" class=\"eig-popup\" title=\"\" data-caption=\"\" target=\"_blank\"><i class=\"icon-view\"><\/i><span class=\"overlay\"><\/span><img loading=\"lazy\" decoding=\"async\" width=\"150\" height=\"150\" src=\"https:\/\/zxdoll.com\/wp-content\/uploads\/2023\/03\/sex-doll-creampie-z8u19-150x150.jpg\" class=\"attachment-thumbnail size-thumbnail\" alt=\"\" title=\"\"><\/a><\/li><li><a data-fancybox=\"gallery233\" href=\"https:\/\/zxdoll.com\/wp-content\/uploads\/2023\/03\/sex-doll-creampie-z8u20-533x800.jpg\" class=\"eig-popup\" title=\"\" data-caption=\"\" target=\"_blank\"><i class=\"icon-view\"><\/i><span class=\"overlay\"><\/span><img loading=\"lazy\" decoding=\"async\" width=\"150\" height=\"150\" src=\"https:\/\/zxdoll.com\/wp-content\/uploads\/2023\/03\/sex-doll-creampie-z8u20-150x150.jpg\" class=\"attachment-thumbnail size-thumbnail\" alt=\"\" title=\"\"><\/a><\/li><li><a data-fancybox=\"gallery233\" href=\"https:\/\/zxdoll.com\/wp-content\/uploads\/2023\/03\/sex-doll-creampie-z8u21-533x800.jpg\" class=\"eig-popup\" title=\"\" data-caption=\"\" target=\"_blank\"><i class=\"icon-view\"><\/i><span class=\"overlay\"><\/span><img loading=\"lazy\" decoding=\"async\" width=\"150\" height=\"150\" src=\"https:\/\/zxdoll.com\/wp-content\/uploads\/2023\/03\/sex-doll-creampie-z8u21-150x150.jpg\" class=\"attachment-thumbnail size-thumbnail\" alt=\"\" title=\"\"><\/a><\/li><li><a data-fancybox=\"gallery233\" href=\"https:\/\/zxdoll.com\/wp-content\/uploads\/2023\/03\/sex-doll-creampie-z8u22.jpg\" class=\"eig-popup\" title=\"\" data-caption=\"\" target=\"_blank\"><i class=\"icon-view\"><\/i><span class=\"overlay\"><\/span><img loading=\"lazy\" decoding=\"async\" width=\"150\" height=\"150\" src=\"https:\/\/zxdoll.com\/wp-content\/uploads\/2023\/03\/sex-doll-creampie-z8u22-150x150.jpg\" class=\"attachment-thumbnail size-thumbnail\" alt=\"\" title=\"\"><\/a><\/li><li><a data-fancybox=\"gallery233\" href=\"https:\/\/zxdoll.com\/wp-content\/uploads\/2023\/03\/sex-doll-creampie-z8u23.jpg\" class=\"eig-popup\" title=\"\" data-caption=\"\" target=\"_blank\"><i class=\"icon-view\"><\/i><span class=\"overlay\"><\/span><img loading=\"lazy\" decoding=\"async\" width=\"150\" height=\"150\" src=\"https:\/\/zxdoll.com\/wp-content\/uploads\/2023\/03\/sex-doll-creampie-z8u23-150x150.jpg\" class=\"attachment-thumbnail size-thumbnail\" alt=\"\" title=\"\"><\/a><\/li><\/ul>\n<h4>Kokotaulukot<\/h4>\n<table width=\"269\">\n<tbody>\n<tr>\n<td width=\"130\">Materiaali<\/td>\n<td width=\"139\">TPE<\/td>\n<\/tr>\n<tr>\n<td>Korkeus<\/td>\n<td>162 cm<\/td>\n<\/tr>\n<tr>\n<td>Rinta<\/td>\n<td>96 cm<\/td>\n<\/tr>\n<tr>\n<td>Vy\u00f6t\u00e4r\u00f6<\/td>\n<td>55 cm<\/td>\n<\/tr>\n<tr>\n<td>Hip<\/td>\n<td>98 cm<\/td>\n<\/tr>\n<tr>\n<td>Olkap\u00e4\u00e4<\/td>\n<td>38 cm<\/td>\n<\/tr>\n<tr>\n<td>Jalan pituus<\/td>\n<td>77 cm<\/td>\n<\/tr>\n<tr>\n<td>K\u00e4den pituus<\/td>\n<td>65 cm<\/td>\n<\/tr>\n<tr>\n<td>Jalan pituus<\/td>\n<td>22 cm<\/td>\n<\/tr>\n<tr>\n<td>Nettopaino<\/td>\n<td>42kg<\/td>\n<\/tr>\n<tr>\n<td>Suullinen syvyys<\/td>\n<td>12 cm<\/td>\n<\/tr>\n<tr>\n<td>Em\u00e4ttimen syvyys<\/td>\n<td>22 cm<\/td>\n<\/tr>\n<tr>\n<td>Anal Depth<\/td>\n<td>18 cm<\/td>\n<\/tr>\n<\/tbody>\n<\/table>\n<h4>Tietoja seksinukkesta<\/h4>\n<p>Oletko j\u00e4\u00e4nyt katsomaan hentai-videoita pitk\u00e4\u00e4n aikaan? Nyt on vapautumisesi ja vapautesi aika. Hentai-vitun nuken omistaminen antaa sinulle rauhan, ja sinun on harjoitettava kaikkea, mit\u00e4 olet koskaan katsonut, jopa ylim\u00e4\u00e4r\u00e4ist\u00e4 kilometri\u00e4, kun kokeilet haluamiasi tai l\u00f6ydettyj\u00e4 asentoja h\u00e4nen kanssaan. Puolikiinte\u00e4t seksinuket on tehty juuri oikealla tavalla. Oikea tapa, jolla ihon pit\u00e4isi tuntua, ja oikea tunne, jonka sinun pit\u00e4isi saada, kun sinulla on paljas ihosi h\u00e4nt\u00e4 vasten, ovat kaikki olemassa, jotta voit kokea esteett\u00e4. Ei ole yll\u00e4tys, ett\u00e4 rakkausnukkejamme on erilaisia, muotoja, v\u00e4rej\u00e4 ja muotoja. T\u00e4ss\u00e4 on my\u00f6s seksinukke peniksell\u00e4. Se tarkoittaa enemm\u00e4n hauskanpitoa, seksuaalista kokemusta ja my\u00f6s hyv\u00e4\u00e4 paskaa.<\/p>\n<p>Sasha grey seksinukke on tyylik\u00e4s kaunotar ja se on 162cm seksinukke. Iso perse-seksinuken korkeus on hyv\u00e4ss\u00e4 asennossa tarjoamaan sinulle parasta seksi\u00e4. Voit saada h\u00e4net miss\u00e4 tahansa asennossa, joka n\u00e4ytt\u00e4\u00e4 sinusta joustavalta ja antaa sinulle vapauden. H\u00e4n on riitt\u00e4v\u00e4n joustava ottamaan vastaan valituksia erilaisissa teht\u00e4viss\u00e4.<\/p>","protected":false},"excerpt":{"rendered":"<p>Seksinukkekuvat Kokotaulukot Materiaali TPE Korkeus 162 cm Rinnat 96 cm Vy\u00f6t\u00e4r\u00f6 55 cm Lonkka 98 cm Olkap\u00e4\u00e4 38 cm Jalan pituus 77 cm<\/p>","protected":false},"featured_media":22010,"comment_status":"open","ping_status":"closed","template":"","meta":[],"product_brand":[],"product_cat":[75,231,116,115,100,119],"product_tag":[],"class_list":{"0":"post-21994","1":"product","2":"type-product","3":"status-publish","4":"has-post-thumbnail","6":"product_cat-160cm-170cm-sex-dolls","7":"product_cat-41kg-45kg","8":"product_cat-big-boobs-sex-doll","9":"product_cat-big-booty-sex-doll","10":"product_cat-lifelike-love-dolls","11":"product_cat-tpe-sex-doll","12":"pa_brand-hr-doll","13":"tm-has-options","15":"first","16":"instock","17":"sale","18":"shipping-taxable","19":"purchasable","20":"product-type-simple"},"_links":{"self":[{"href":"https:\/\/zxdoll.com\/fi\/wp-json\/wp\/v2\/product\/21994","targetHints":{"allow":["GET"]}}],"collection":[{"href":"https:\/\/zxdoll.com\/fi\/wp-json\/wp\/v2\/product"}],"about":[{"href":"https:\/\/zxdoll.com\/fi\/wp-json\/wp\/v2\/types\/product"}],"replies":[{"embeddable":true,"href":"https:\/\/zxdoll.com\/fi\/wp-json\/wp\/v2\/comments?post=21994"}],"version-history":[{"count":1,"href":"https:\/\/zxdoll.com\/fi\/wp-json\/wp\/v2\/product\/21994\/revisions"}],"predecessor-version":[{"id":101297,"href":"https:\/\/zxdoll.com\/fi\/wp-json\/wp\/v2\/product\/21994\/revisions\/101297"}],"wp:featuredmedia":[{"embeddable":true,"href":"https:\/\/zxdoll.com\/fi\/wp-json\/wp\/v2\/media\/22010"}],"wp:attachment":[{"href":"https:\/\/zxdoll.com\/fi\/wp-json\/wp\/v2\/media?parent=21994"}],"wp:term":[{"taxonomy":"product_brand","embeddable":true,"href":"https:\/\/zxdoll.com\/fi\/wp-json\/wp\/v2\/product_brand?post=21994"},{"taxonomy":"product_cat","embeddable":true,"href":"https:\/\/zxdoll.com\/fi\/wp-json\/wp\/v2\/product_cat?post=21994"},{"taxonomy":"product_tag","embeddable":true,"href":"https:\/\/zxdoll.com\/fi\/wp-json\/wp\/v2\/product_tag?post=21994"}],"curies":[{"name":"wp","href":"https:\/\/api.w.org\/{rel}","templated":true}]}}