{"id":21969,"date":"2023-03-11T05:03:12","date_gmt":"2023-03-10T21:03:12","guid":{"rendered":"https:\/\/zxdoll.com\/?post_type=product&#038;p=21969"},"modified":"2025-09-10T23:30:11","modified_gmt":"2025-09-10T15:30:11","slug":"best-quality-american-fat-breathing-doll","status":"publish","type":"product","link":"https:\/\/zxdoll.com\/fi\/product\/best-quality-american-fat-breathing-doll\/","title":{"rendered":"Paras laatu American Fat Breathing Doll Jyoti 162cm"},"content":{"rendered":"<h4><strong>Seksinukkekuvia<\/strong><\/h4>\n\t                <ul class=\"easy-image-gallery thumbnails-22 linked\">\r\n                    <li><a data-fancybox=\"gallery287\" href=\"https:\/\/zxdoll.com\/wp-content\/uploads\/2023\/03\/porno-sex-doll-z5r1-1-533x800.jpg\" class=\"eig-popup\" title=\"\" data-caption=\"\" target=\"_blank\"><i class=\"icon-view\"><\/i><span class=\"overlay\"><\/span><img decoding=\"async\" width=\"150\" height=\"150\" src=\"https:\/\/zxdoll.com\/wp-content\/uploads\/2023\/03\/porno-sex-doll-z5r1-1-150x150.jpg\" class=\"attachment-thumbnail size-thumbnail\" alt=\"\" title=\"\"><\/a><\/li><li><a data-fancybox=\"gallery287\" href=\"https:\/\/zxdoll.com\/wp-content\/uploads\/2023\/03\/porno-sex-doll-z5r2-533x800.jpg\" class=\"eig-popup\" title=\"\" data-caption=\"\" target=\"_blank\"><i class=\"icon-view\"><\/i><span class=\"overlay\"><\/span><img decoding=\"async\" width=\"150\" height=\"150\" src=\"https:\/\/zxdoll.com\/wp-content\/uploads\/2023\/03\/porno-sex-doll-z5r2-150x150.jpg\" class=\"attachment-thumbnail size-thumbnail\" alt=\"\" title=\"\"><\/a><\/li><li><a data-fancybox=\"gallery287\" href=\"https:\/\/zxdoll.com\/wp-content\/uploads\/2023\/03\/porno-sex-doll-z5r3-533x800.jpg\" class=\"eig-popup\" title=\"\" data-caption=\"\" target=\"_blank\"><i class=\"icon-view\"><\/i><span class=\"overlay\"><\/span><img decoding=\"async\" width=\"150\" height=\"150\" src=\"https:\/\/zxdoll.com\/wp-content\/uploads\/2023\/03\/porno-sex-doll-z5r3-150x150.jpg\" class=\"attachment-thumbnail size-thumbnail\" alt=\"\" title=\"\"><\/a><\/li><li><a data-fancybox=\"gallery287\" href=\"https:\/\/zxdoll.com\/wp-content\/uploads\/2023\/03\/porno-sex-doll-z5r4-533x800.jpg\" class=\"eig-popup\" title=\"\" data-caption=\"\" target=\"_blank\"><i class=\"icon-view\"><\/i><span class=\"overlay\"><\/span><img loading=\"lazy\" decoding=\"async\" width=\"150\" height=\"150\" src=\"https:\/\/zxdoll.com\/wp-content\/uploads\/2023\/03\/porno-sex-doll-z5r4-150x150.jpg\" class=\"attachment-thumbnail size-thumbnail\" alt=\"\" title=\"\"><\/a><\/li><li><a data-fancybox=\"gallery287\" href=\"https:\/\/zxdoll.com\/wp-content\/uploads\/2023\/03\/porno-sex-doll-z5r5-533x800.jpg\" class=\"eig-popup\" title=\"\" data-caption=\"\" target=\"_blank\"><i class=\"icon-view\"><\/i><span class=\"overlay\"><\/span><img loading=\"lazy\" decoding=\"async\" width=\"150\" height=\"150\" src=\"https:\/\/zxdoll.com\/wp-content\/uploads\/2023\/03\/porno-sex-doll-z5r5-150x150.jpg\" class=\"attachment-thumbnail size-thumbnail\" alt=\"\" title=\"\"><\/a><\/li><li><a data-fancybox=\"gallery287\" href=\"https:\/\/zxdoll.com\/wp-content\/uploads\/2023\/03\/porno-sex-doll-z5r6-533x800.jpg\" class=\"eig-popup\" title=\"\" data-caption=\"\" target=\"_blank\"><i class=\"icon-view\"><\/i><span class=\"overlay\"><\/span><img loading=\"lazy\" decoding=\"async\" width=\"150\" height=\"150\" src=\"https:\/\/zxdoll.com\/wp-content\/uploads\/2023\/03\/porno-sex-doll-z5r6-150x150.jpg\" class=\"attachment-thumbnail size-thumbnail\" alt=\"\" title=\"\"><\/a><\/li><li><a data-fancybox=\"gallery287\" href=\"https:\/\/zxdoll.com\/wp-content\/uploads\/2023\/03\/porno-sex-doll-z5r9.jpg\" class=\"eig-popup\" title=\"\" data-caption=\"\" target=\"_blank\"><i class=\"icon-view\"><\/i><span class=\"overlay\"><\/span><img loading=\"lazy\" decoding=\"async\" width=\"150\" height=\"150\" src=\"https:\/\/zxdoll.com\/wp-content\/uploads\/2023\/03\/porno-sex-doll-z5r9-150x150.jpg\" class=\"attachment-thumbnail size-thumbnail\" alt=\"\" title=\"\"><\/a><\/li><li><a data-fancybox=\"gallery287\" href=\"https:\/\/zxdoll.com\/wp-content\/uploads\/2023\/03\/porno-sex-doll-z5r10.jpg\" class=\"eig-popup\" title=\"\" data-caption=\"\" target=\"_blank\"><i class=\"icon-view\"><\/i><span class=\"overlay\"><\/span><img loading=\"lazy\" decoding=\"async\" width=\"150\" height=\"150\" src=\"https:\/\/zxdoll.com\/wp-content\/uploads\/2023\/03\/porno-sex-doll-z5r10-150x150.jpg\" class=\"attachment-thumbnail size-thumbnail\" alt=\"\" title=\"\"><\/a><\/li><li><a data-fancybox=\"gallery287\" href=\"https:\/\/zxdoll.com\/wp-content\/uploads\/2023\/03\/porno-sex-doll-z5r11.jpg\" class=\"eig-popup\" title=\"\" data-caption=\"\" target=\"_blank\"><i class=\"icon-view\"><\/i><span class=\"overlay\"><\/span><img loading=\"lazy\" decoding=\"async\" width=\"150\" height=\"150\" src=\"https:\/\/zxdoll.com\/wp-content\/uploads\/2023\/03\/porno-sex-doll-z5r11-150x150.jpg\" class=\"attachment-thumbnail size-thumbnail\" alt=\"\" title=\"\"><\/a><\/li><li><a data-fancybox=\"gallery287\" href=\"https:\/\/zxdoll.com\/wp-content\/uploads\/2023\/03\/porno-sex-doll-z5r12-533x800.jpg\" class=\"eig-popup\" title=\"\" data-caption=\"\" target=\"_blank\"><i class=\"icon-view\"><\/i><span class=\"overlay\"><\/span><img loading=\"lazy\" decoding=\"async\" width=\"150\" height=\"150\" src=\"https:\/\/zxdoll.com\/wp-content\/uploads\/2023\/03\/porno-sex-doll-z5r12-150x150.jpg\" class=\"attachment-thumbnail size-thumbnail\" alt=\"\" title=\"\"><\/a><\/li><li><a data-fancybox=\"gallery287\" href=\"https:\/\/zxdoll.com\/wp-content\/uploads\/2023\/03\/porno-sex-doll-z5r13-533x800.jpg\" class=\"eig-popup\" title=\"\" data-caption=\"\" target=\"_blank\"><i class=\"icon-view\"><\/i><span class=\"overlay\"><\/span><img loading=\"lazy\" decoding=\"async\" width=\"150\" height=\"150\" src=\"https:\/\/zxdoll.com\/wp-content\/uploads\/2023\/03\/porno-sex-doll-z5r13-150x150.jpg\" class=\"attachment-thumbnail size-thumbnail\" alt=\"\" title=\"\"><\/a><\/li><li><a data-fancybox=\"gallery287\" href=\"https:\/\/zxdoll.com\/wp-content\/uploads\/2023\/03\/porno-sex-doll-z5r14.jpg\" class=\"eig-popup\" title=\"\" data-caption=\"\" target=\"_blank\"><i class=\"icon-view\"><\/i><span class=\"overlay\"><\/span><img loading=\"lazy\" decoding=\"async\" width=\"150\" height=\"150\" src=\"https:\/\/zxdoll.com\/wp-content\/uploads\/2023\/03\/porno-sex-doll-z5r14-150x150.jpg\" class=\"attachment-thumbnail size-thumbnail\" alt=\"\" title=\"\"><\/a><\/li><li><a data-fancybox=\"gallery287\" href=\"https:\/\/zxdoll.com\/wp-content\/uploads\/2023\/03\/porno-sex-doll-z5r15.jpg\" class=\"eig-popup\" title=\"\" data-caption=\"\" target=\"_blank\"><i class=\"icon-view\"><\/i><span class=\"overlay\"><\/span><img loading=\"lazy\" decoding=\"async\" width=\"150\" height=\"150\" src=\"https:\/\/zxdoll.com\/wp-content\/uploads\/2023\/03\/porno-sex-doll-z5r15-150x150.jpg\" class=\"attachment-thumbnail size-thumbnail\" alt=\"\" title=\"\"><\/a><\/li><li><a data-fancybox=\"gallery287\" href=\"https:\/\/zxdoll.com\/wp-content\/uploads\/2023\/03\/porno-sex-doll-z5r16.jpg\" class=\"eig-popup\" title=\"\" data-caption=\"\" target=\"_blank\"><i class=\"icon-view\"><\/i><span class=\"overlay\"><\/span><img loading=\"lazy\" decoding=\"async\" width=\"150\" height=\"150\" src=\"https:\/\/zxdoll.com\/wp-content\/uploads\/2023\/03\/porno-sex-doll-z5r16-150x150.jpg\" class=\"attachment-thumbnail size-thumbnail\" alt=\"\" title=\"\"><\/a><\/li><li><a data-fancybox=\"gallery287\" href=\"https:\/\/zxdoll.com\/wp-content\/uploads\/2023\/03\/porno-sex-doll-z5r17.jpg\" class=\"eig-popup\" title=\"\" data-caption=\"\" target=\"_blank\"><i class=\"icon-view\"><\/i><span class=\"overlay\"><\/span><img loading=\"lazy\" decoding=\"async\" width=\"150\" height=\"150\" src=\"https:\/\/zxdoll.com\/wp-content\/uploads\/2023\/03\/porno-sex-doll-z5r17-150x150.jpg\" class=\"attachment-thumbnail size-thumbnail\" alt=\"\" title=\"\"><\/a><\/li><li><a data-fancybox=\"gallery287\" href=\"https:\/\/zxdoll.com\/wp-content\/uploads\/2023\/03\/porno-sex-doll-z5r18.jpg\" class=\"eig-popup\" title=\"\" data-caption=\"\" target=\"_blank\"><i class=\"icon-view\"><\/i><span class=\"overlay\"><\/span><img loading=\"lazy\" decoding=\"async\" width=\"100\" height=\"150\" src=\"https:\/\/zxdoll.com\/wp-content\/uploads\/2023\/03\/porno-sex-doll-z5r18.jpg\" class=\"attachment-thumbnail size-thumbnail\" alt=\"\" title=\"\"><\/a><\/li><li><a data-fancybox=\"gallery287\" href=\"https:\/\/zxdoll.com\/wp-content\/uploads\/2023\/03\/porno-sex-doll-z5r19.jpg\" class=\"eig-popup\" title=\"\" data-caption=\"\" target=\"_blank\"><i class=\"icon-view\"><\/i><span class=\"overlay\"><\/span><img loading=\"lazy\" decoding=\"async\" width=\"150\" height=\"150\" src=\"https:\/\/zxdoll.com\/wp-content\/uploads\/2023\/03\/porno-sex-doll-z5r19-150x150.jpg\" class=\"attachment-thumbnail size-thumbnail\" alt=\"\" title=\"\"><\/a><\/li><li><a data-fancybox=\"gallery287\" href=\"https:\/\/zxdoll.com\/wp-content\/uploads\/2023\/03\/porno-sex-doll-z5r20-533x800.jpg\" class=\"eig-popup\" title=\"\" data-caption=\"\" target=\"_blank\"><i class=\"icon-view\"><\/i><span class=\"overlay\"><\/span><img loading=\"lazy\" decoding=\"async\" width=\"150\" height=\"150\" src=\"https:\/\/zxdoll.com\/wp-content\/uploads\/2023\/03\/porno-sex-doll-z5r20-150x150.jpg\" class=\"attachment-thumbnail size-thumbnail\" alt=\"\" title=\"\"><\/a><\/li><li><a data-fancybox=\"gallery287\" href=\"https:\/\/zxdoll.com\/wp-content\/uploads\/2023\/03\/porno-sex-doll-z5r21-533x800.jpg\" class=\"eig-popup\" title=\"\" data-caption=\"\" target=\"_blank\"><i class=\"icon-view\"><\/i><span class=\"overlay\"><\/span><img loading=\"lazy\" decoding=\"async\" width=\"150\" height=\"150\" src=\"https:\/\/zxdoll.com\/wp-content\/uploads\/2023\/03\/porno-sex-doll-z5r21-150x150.jpg\" class=\"attachment-thumbnail size-thumbnail\" alt=\"\" title=\"\"><\/a><\/li><li><a data-fancybox=\"gallery287\" href=\"https:\/\/zxdoll.com\/wp-content\/uploads\/2023\/03\/porno-sex-doll-z5r22-533x800.jpg\" class=\"eig-popup\" title=\"\" data-caption=\"\" target=\"_blank\"><i class=\"icon-view\"><\/i><span class=\"overlay\"><\/span><img loading=\"lazy\" decoding=\"async\" width=\"150\" height=\"150\" src=\"https:\/\/zxdoll.com\/wp-content\/uploads\/2023\/03\/porno-sex-doll-z5r22-150x150.jpg\" class=\"attachment-thumbnail size-thumbnail\" alt=\"\" title=\"\"><\/a><\/li><li><a data-fancybox=\"gallery287\" href=\"https:\/\/zxdoll.com\/wp-content\/uploads\/2023\/03\/porno-sex-doll-z5r23-533x800.jpg\" class=\"eig-popup\" title=\"\" data-caption=\"\" target=\"_blank\"><i class=\"icon-view\"><\/i><span class=\"overlay\"><\/span><img loading=\"lazy\" decoding=\"async\" width=\"150\" height=\"150\" src=\"https:\/\/zxdoll.com\/wp-content\/uploads\/2023\/03\/porno-sex-doll-z5r23-150x150.jpg\" class=\"attachment-thumbnail size-thumbnail\" alt=\"\" title=\"\"><\/a><\/li><li><a data-fancybox=\"gallery287\" href=\"https:\/\/zxdoll.com\/wp-content\/uploads\/2023\/03\/porno-sex-doll-z5r24-533x800.jpg\" class=\"eig-popup\" title=\"\" data-caption=\"\" target=\"_blank\"><i class=\"icon-view\"><\/i><span class=\"overlay\"><\/span><img loading=\"lazy\" decoding=\"async\" width=\"150\" height=\"150\" src=\"https:\/\/zxdoll.com\/wp-content\/uploads\/2023\/03\/porno-sex-doll-z5r24-150x150.jpg\" class=\"attachment-thumbnail size-thumbnail\" alt=\"\" title=\"\"><\/a><\/li><\/ul>\n<h4>Kokotaulukot<\/h4>\n<table width=\"269\">\n<tbody>\n<tr>\n<td width=\"130\">Materiaali<\/td>\n<td width=\"139\">TPE<\/td>\n<\/tr>\n<tr>\n<td>Korkeus<\/td>\n<td>162 cm<\/td>\n<\/tr>\n<tr>\n<td>Rinta<\/td>\n<td>96 cm<\/td>\n<\/tr>\n<tr>\n<td>Vy\u00f6t\u00e4r\u00f6<\/td>\n<td>55 cm<\/td>\n<\/tr>\n<tr>\n<td>Hip<\/td>\n<td>98 cm<\/td>\n<\/tr>\n<tr>\n<td>Olkap\u00e4\u00e4<\/td>\n<td>38 cm<\/td>\n<\/tr>\n<tr>\n<td>Jalan pituus<\/td>\n<td>77 cm<\/td>\n<\/tr>\n<tr>\n<td>K\u00e4den pituus<\/td>\n<td>65 cm<\/td>\n<\/tr>\n<tr>\n<td>Jalan pituus<\/td>\n<td>22 cm<\/td>\n<\/tr>\n<tr>\n<td>Nettopaino<\/td>\n<td>42kg<\/td>\n<\/tr>\n<tr>\n<td>Suullinen syvyys<\/td>\n<td>12 cm<\/td>\n<\/tr>\n<tr>\n<td>Em\u00e4ttimen syvyys<\/td>\n<td>22 cm<\/td>\n<\/tr>\n<tr>\n<td>Anal Depth<\/td>\n<td>18 cm<\/td>\n<\/tr>\n<\/tbody>\n<\/table>\n<h4>Tietoja seksinukkesta<\/h4>\n<p>Amerikkalaiset seksinuket ovat aina myynniss\u00e4. Ei ole merkityst\u00e4, ovatko ne uusia vai k\u00e4ytettyj\u00e4, ne antavat sinulle varmasti mit\u00e4 haluat. N\u00e4m\u00e4 hengitt\u00e4v\u00e4t nuket viev\u00e4t seksuaalisen kokemuksesi aivan uuteen ulottuvuuteen, jossa et ole koskaan k\u00e4ynyt, ja he ovat siin\u00e4 parhaita. Aidon naisen liikett\u00e4 ja \u00e4\u00e4nt\u00e4 j\u00e4ljittelev\u00e4n amerikkalaisen lihavan nuken naiminen on vertaansa vailla, ja sinun tulee varmistaa, ett\u00e4 sinulla on siit\u00e4 t\u00e4ysi autuus. Kumi-seksinukke antaa sinulle todellisen nautinnon tunteen, paljas peniksesi liikkuu seksinukkesi voidellun em\u00e4ttimen ymp\u00e4rill\u00e4, kun liukuut sis\u00e4\u00e4n sujuvasti ja tehokkaasti ilman kitkaa.<\/p>\n<p>Sinun tulee huolehtia miellytt\u00e4v\u00e4st\u00e4 suuseksist\u00e4 rakkausnukkesi kanssa. Sinun pit\u00e4isi kokeilla stimulointia ja h\u00e4nen perseens\u00e4 nuolemista. Miellytt\u00e4v\u00e4 seksi ei pys\u00e4hdy pelk\u00e4st\u00e4\u00e4n l\u00e4hetysty\u00f6asemaan. Sinun tulee my\u00f6s tavata, ett\u00e4 h\u00e4n antaa sinulle hyv\u00e4n p\u00e4\u00e4n tai puhalluksen. Xqueen-nukke on aina valmis ilahduttamaan sinua hurmioituneeksi ja ilahduttaa munaasi kaikella rakkaudella ja kusip\u00e4\u00e4ll\u00e4. Et vain voi saada tarpeeksesi n\u00e4ist\u00e4 tosiel\u00e4m\u00e4n nukeista.<\/p>","protected":false},"excerpt":{"rendered":"<p>Seksinukkekuvat Kokotaulukot Materiaali TPE Korkeus 162 cm Rinnat 96 cm Vy\u00f6t\u00e4r\u00f6 55 cm Lonkka 98 cm Olkap\u00e4\u00e4 38 cm Jalan pituus 77 cm<\/p>","protected":false},"featured_media":21986,"comment_status":"open","ping_status":"closed","template":"","meta":[],"product_brand":[],"product_cat":[75,231,116,115,100,119],"product_tag":[],"class_list":{"0":"post-21969","1":"product","2":"type-product","3":"status-publish","4":"has-post-thumbnail","6":"product_cat-160cm-170cm-sex-dolls","7":"product_cat-41kg-45kg","8":"product_cat-big-boobs-sex-doll","9":"product_cat-big-booty-sex-doll","10":"product_cat-lifelike-love-dolls","11":"product_cat-tpe-sex-doll","12":"pa_brand-hr-doll","13":"tm-has-options","15":"first","16":"instock","17":"sale","18":"shipping-taxable","19":"purchasable","20":"product-type-simple"},"_links":{"self":[{"href":"https:\/\/zxdoll.com\/fi\/wp-json\/wp\/v2\/product\/21969","targetHints":{"allow":["GET"]}}],"collection":[{"href":"https:\/\/zxdoll.com\/fi\/wp-json\/wp\/v2\/product"}],"about":[{"href":"https:\/\/zxdoll.com\/fi\/wp-json\/wp\/v2\/types\/product"}],"replies":[{"embeddable":true,"href":"https:\/\/zxdoll.com\/fi\/wp-json\/wp\/v2\/comments?post=21969"}],"version-history":[{"count":1,"href":"https:\/\/zxdoll.com\/fi\/wp-json\/wp\/v2\/product\/21969\/revisions"}],"predecessor-version":[{"id":101271,"href":"https:\/\/zxdoll.com\/fi\/wp-json\/wp\/v2\/product\/21969\/revisions\/101271"}],"wp:featuredmedia":[{"embeddable":true,"href":"https:\/\/zxdoll.com\/fi\/wp-json\/wp\/v2\/media\/21986"}],"wp:attachment":[{"href":"https:\/\/zxdoll.com\/fi\/wp-json\/wp\/v2\/media?parent=21969"}],"wp:term":[{"taxonomy":"product_brand","embeddable":true,"href":"https:\/\/zxdoll.com\/fi\/wp-json\/wp\/v2\/product_brand?post=21969"},{"taxonomy":"product_cat","embeddable":true,"href":"https:\/\/zxdoll.com\/fi\/wp-json\/wp\/v2\/product_cat?post=21969"},{"taxonomy":"product_tag","embeddable":true,"href":"https:\/\/zxdoll.com\/fi\/wp-json\/wp\/v2\/product_tag?post=21969"}],"curies":[{"name":"wp","href":"https:\/\/api.w.org\/{rel}","templated":true}]}}