{"id":194724,"date":"2025-08-31T00:29:34","date_gmt":"2025-08-30T16:29:34","guid":{"rendered":"https:\/\/zxdoll.com\/?post_type=product&#038;p=194724"},"modified":"2025-09-03T01:28:32","modified_gmt":"2025-09-02T17:28:32","slug":"kim-kardashian-sex-shop-doll","status":"publish","type":"product","link":"https:\/\/zxdoll.com\/fi\/product\/kim-kardashian-sex-shop-doll\/","title":{"rendered":"Kim Kardashian Sex Shop Doll Zenobia 160cm"},"content":{"rendered":"<h4><strong>Seksinukkekuvia<\/strong><\/h4>\n\t                <ul class=\"easy-image-gallery thumbnails-18 linked\">\r\n                    <li><a data-fancybox=\"gallery511\" href=\"https:\/\/zxdoll.com\/wp-content\/uploads\/2025\/08\/deep-sex-doll-bGk74u1-533x800.jpg\" class=\"eig-popup\" title=\"\" data-caption=\"\" target=\"_blank\"><i class=\"icon-view\"><\/i><span class=\"overlay\"><\/span><img decoding=\"async\" width=\"150\" height=\"150\" src=\"https:\/\/zxdoll.com\/wp-content\/uploads\/2025\/08\/deep-sex-doll-bGk74u1-150x150.jpg\" class=\"attachment-thumbnail size-thumbnail\" alt=\"\" title=\"\"><\/a><\/li><li><a data-fancybox=\"gallery511\" href=\"https:\/\/zxdoll.com\/wp-content\/uploads\/2025\/08\/deep-sex-doll-bGk74u2-533x800.jpg\" class=\"eig-popup\" title=\"\" data-caption=\"\" target=\"_blank\"><i class=\"icon-view\"><\/i><span class=\"overlay\"><\/span><img decoding=\"async\" width=\"150\" height=\"150\" src=\"https:\/\/zxdoll.com\/wp-content\/uploads\/2025\/08\/deep-sex-doll-bGk74u2-150x150.jpg\" class=\"attachment-thumbnail size-thumbnail\" alt=\"\" title=\"\"><\/a><\/li><li><a data-fancybox=\"gallery511\" href=\"https:\/\/zxdoll.com\/wp-content\/uploads\/2025\/08\/deep-sex-doll-bGk74u3-533x800.jpg\" class=\"eig-popup\" title=\"\" data-caption=\"\" target=\"_blank\"><i class=\"icon-view\"><\/i><span class=\"overlay\"><\/span><img decoding=\"async\" width=\"150\" height=\"150\" src=\"https:\/\/zxdoll.com\/wp-content\/uploads\/2025\/08\/deep-sex-doll-bGk74u3-150x150.jpg\" class=\"attachment-thumbnail size-thumbnail\" alt=\"\" title=\"\"><\/a><\/li><li><a data-fancybox=\"gallery511\" href=\"https:\/\/zxdoll.com\/wp-content\/uploads\/2025\/08\/deep-sex-doll-bGk74u4-533x800.jpg\" class=\"eig-popup\" title=\"\" data-caption=\"\" target=\"_blank\"><i class=\"icon-view\"><\/i><span class=\"overlay\"><\/span><img loading=\"lazy\" decoding=\"async\" width=\"150\" height=\"150\" src=\"https:\/\/zxdoll.com\/wp-content\/uploads\/2025\/08\/deep-sex-doll-bGk74u4-150x150.jpg\" class=\"attachment-thumbnail size-thumbnail\" alt=\"\" title=\"\"><\/a><\/li><li><a data-fancybox=\"gallery511\" href=\"https:\/\/zxdoll.com\/wp-content\/uploads\/2025\/08\/deep-sex-doll-bGk74u5-533x800.jpg\" class=\"eig-popup\" title=\"\" data-caption=\"\" target=\"_blank\"><i class=\"icon-view\"><\/i><span class=\"overlay\"><\/span><img loading=\"lazy\" decoding=\"async\" width=\"150\" height=\"150\" src=\"https:\/\/zxdoll.com\/wp-content\/uploads\/2025\/08\/deep-sex-doll-bGk74u5-150x150.jpg\" class=\"attachment-thumbnail size-thumbnail\" alt=\"\" title=\"\"><\/a><\/li><li><a data-fancybox=\"gallery511\" href=\"https:\/\/zxdoll.com\/wp-content\/uploads\/2025\/08\/deep-sex-doll-bGk74u6-533x800.jpg\" class=\"eig-popup\" title=\"\" data-caption=\"\" target=\"_blank\"><i class=\"icon-view\"><\/i><span class=\"overlay\"><\/span><img loading=\"lazy\" decoding=\"async\" width=\"150\" height=\"150\" src=\"https:\/\/zxdoll.com\/wp-content\/uploads\/2025\/08\/deep-sex-doll-bGk74u6-150x150.jpg\" class=\"attachment-thumbnail size-thumbnail\" alt=\"\" title=\"\"><\/a><\/li><li><a data-fancybox=\"gallery511\" href=\"https:\/\/zxdoll.com\/wp-content\/uploads\/2025\/08\/deep-sex-doll-bGk74u7-533x800.jpg\" class=\"eig-popup\" title=\"\" data-caption=\"\" target=\"_blank\"><i class=\"icon-view\"><\/i><span class=\"overlay\"><\/span><img loading=\"lazy\" decoding=\"async\" width=\"150\" height=\"150\" src=\"https:\/\/zxdoll.com\/wp-content\/uploads\/2025\/08\/deep-sex-doll-bGk74u7-150x150.jpg\" class=\"attachment-thumbnail size-thumbnail\" alt=\"\" title=\"\"><\/a><\/li><li><a data-fancybox=\"gallery511\" href=\"https:\/\/zxdoll.com\/wp-content\/uploads\/2025\/08\/deep-sex-doll-bGk74u8-533x800.jpg\" class=\"eig-popup\" title=\"\" data-caption=\"\" target=\"_blank\"><i class=\"icon-view\"><\/i><span class=\"overlay\"><\/span><img loading=\"lazy\" decoding=\"async\" width=\"150\" height=\"150\" src=\"https:\/\/zxdoll.com\/wp-content\/uploads\/2025\/08\/deep-sex-doll-bGk74u8-150x150.jpg\" class=\"attachment-thumbnail size-thumbnail\" alt=\"\" title=\"\"><\/a><\/li><li><a data-fancybox=\"gallery511\" href=\"https:\/\/zxdoll.com\/wp-content\/uploads\/2025\/08\/deep-sex-doll-bGk74u9-533x800.jpg\" class=\"eig-popup\" title=\"\" data-caption=\"\" target=\"_blank\"><i class=\"icon-view\"><\/i><span class=\"overlay\"><\/span><img loading=\"lazy\" decoding=\"async\" width=\"150\" height=\"150\" src=\"https:\/\/zxdoll.com\/wp-content\/uploads\/2025\/08\/deep-sex-doll-bGk74u9-150x150.jpg\" class=\"attachment-thumbnail size-thumbnail\" alt=\"\" title=\"\"><\/a><\/li><li><a data-fancybox=\"gallery511\" href=\"https:\/\/zxdoll.com\/wp-content\/uploads\/2025\/08\/deep-sex-doll-bGk74u10-1-533x800.jpg\" class=\"eig-popup\" title=\"\" data-caption=\"\" target=\"_blank\"><i class=\"icon-view\"><\/i><span class=\"overlay\"><\/span><img loading=\"lazy\" decoding=\"async\" width=\"150\" height=\"150\" src=\"https:\/\/zxdoll.com\/wp-content\/uploads\/2025\/08\/deep-sex-doll-bGk74u10-1-150x150.jpg\" class=\"attachment-thumbnail size-thumbnail\" alt=\"\" title=\"\"><\/a><\/li><li><a data-fancybox=\"gallery511\" href=\"https:\/\/zxdoll.com\/wp-content\/uploads\/2025\/08\/deep-sex-doll-bGk74u11-533x800.jpg\" class=\"eig-popup\" title=\"\" data-caption=\"\" target=\"_blank\"><i class=\"icon-view\"><\/i><span class=\"overlay\"><\/span><img loading=\"lazy\" decoding=\"async\" width=\"150\" height=\"150\" src=\"https:\/\/zxdoll.com\/wp-content\/uploads\/2025\/08\/deep-sex-doll-bGk74u11-150x150.jpg\" class=\"attachment-thumbnail size-thumbnail\" alt=\"\" title=\"\"><\/a><\/li><li><a data-fancybox=\"gallery511\" href=\"https:\/\/zxdoll.com\/wp-content\/uploads\/2025\/08\/deep-sex-doll-bGk74u12-533x800.jpg\" class=\"eig-popup\" title=\"\" data-caption=\"\" target=\"_blank\"><i class=\"icon-view\"><\/i><span class=\"overlay\"><\/span><img loading=\"lazy\" decoding=\"async\" width=\"150\" height=\"150\" src=\"https:\/\/zxdoll.com\/wp-content\/uploads\/2025\/08\/deep-sex-doll-bGk74u12-150x150.jpg\" class=\"attachment-thumbnail size-thumbnail\" alt=\"\" title=\"\"><\/a><\/li><li><a data-fancybox=\"gallery511\" href=\"https:\/\/zxdoll.com\/wp-content\/uploads\/2025\/08\/deep-sex-doll-bGk74u13-533x800.jpg\" class=\"eig-popup\" title=\"\" data-caption=\"\" target=\"_blank\"><i class=\"icon-view\"><\/i><span class=\"overlay\"><\/span><img loading=\"lazy\" decoding=\"async\" width=\"150\" height=\"150\" src=\"https:\/\/zxdoll.com\/wp-content\/uploads\/2025\/08\/deep-sex-doll-bGk74u13-150x150.jpg\" class=\"attachment-thumbnail size-thumbnail\" alt=\"\" title=\"\"><\/a><\/li><li><a data-fancybox=\"gallery511\" href=\"https:\/\/zxdoll.com\/wp-content\/uploads\/2025\/08\/deep-sex-doll-bGk74u14-533x800.jpg\" class=\"eig-popup\" title=\"\" data-caption=\"\" target=\"_blank\"><i class=\"icon-view\"><\/i><span class=\"overlay\"><\/span><img loading=\"lazy\" decoding=\"async\" width=\"150\" height=\"150\" src=\"https:\/\/zxdoll.com\/wp-content\/uploads\/2025\/08\/deep-sex-doll-bGk74u14-150x150.jpg\" class=\"attachment-thumbnail size-thumbnail\" alt=\"\" title=\"\"><\/a><\/li><li><a data-fancybox=\"gallery511\" href=\"https:\/\/zxdoll.com\/wp-content\/uploads\/2025\/08\/deep-sex-doll-bGk74u15-533x800.jpg\" class=\"eig-popup\" title=\"\" data-caption=\"\" target=\"_blank\"><i class=\"icon-view\"><\/i><span class=\"overlay\"><\/span><img loading=\"lazy\" decoding=\"async\" width=\"150\" height=\"150\" src=\"https:\/\/zxdoll.com\/wp-content\/uploads\/2025\/08\/deep-sex-doll-bGk74u15-150x150.jpg\" class=\"attachment-thumbnail size-thumbnail\" alt=\"\" title=\"\"><\/a><\/li><li><a data-fancybox=\"gallery511\" href=\"https:\/\/zxdoll.com\/wp-content\/uploads\/2025\/08\/deep-sex-doll-bGk74u16-533x800.jpg\" class=\"eig-popup\" title=\"\" data-caption=\"\" target=\"_blank\"><i class=\"icon-view\"><\/i><span class=\"overlay\"><\/span><img loading=\"lazy\" decoding=\"async\" width=\"150\" height=\"150\" src=\"https:\/\/zxdoll.com\/wp-content\/uploads\/2025\/08\/deep-sex-doll-bGk74u16-150x150.jpg\" class=\"attachment-thumbnail size-thumbnail\" alt=\"\" title=\"\"><\/a><\/li><li><a data-fancybox=\"gallery511\" href=\"https:\/\/zxdoll.com\/wp-content\/uploads\/2025\/08\/deep-sex-doll-bGk74u17-533x800.jpg\" class=\"eig-popup\" title=\"\" data-caption=\"\" target=\"_blank\"><i class=\"icon-view\"><\/i><span class=\"overlay\"><\/span><img loading=\"lazy\" decoding=\"async\" width=\"150\" height=\"150\" src=\"https:\/\/zxdoll.com\/wp-content\/uploads\/2025\/08\/deep-sex-doll-bGk74u17-150x150.jpg\" class=\"attachment-thumbnail size-thumbnail\" alt=\"\" title=\"\"><\/a><\/li><li><a data-fancybox=\"gallery511\" href=\"https:\/\/zxdoll.com\/wp-content\/uploads\/2025\/08\/deep-sex-doll-bGk74u18-533x800.jpg\" class=\"eig-popup\" title=\"\" data-caption=\"\" target=\"_blank\"><i class=\"icon-view\"><\/i><span class=\"overlay\"><\/span><img loading=\"lazy\" decoding=\"async\" width=\"150\" height=\"150\" src=\"https:\/\/zxdoll.com\/wp-content\/uploads\/2025\/08\/deep-sex-doll-bGk74u18-150x150.jpg\" class=\"attachment-thumbnail size-thumbnail\" alt=\"\" title=\"\"><\/a><\/li><\/ul>\n<h4>Kokotaulukot<\/h4>\n<table width=\"376\">\n<tbody>\n<tr>\n<td width=\"129\">Materiaali<\/td>\n<td width=\"247\">Silikonip\u00e4\u00e4 + TPE-runko<\/td>\n<\/tr>\n<tr>\n<td>Korkeus<\/td>\n<td>160cm C Cup<\/td>\n<\/tr>\n<tr>\n<td>Nettopaino<\/td>\n<td>36 kg<\/td>\n<\/tr>\n<tr>\n<td>Rintakuva<\/td>\n<td>83 cm<\/td>\n<\/tr>\n<tr>\n<td>Vy\u00f6t\u00e4r\u00f6<\/td>\n<td>53 cm<\/td>\n<\/tr>\n<tr>\n<td>Hip<\/td>\n<td>92 cm<\/td>\n<\/tr>\n<tr>\n<td>Olkap\u00e4\u00e4<\/td>\n<td>36 cm<\/td>\n<\/tr>\n<tr>\n<td>Arm<\/td>\n<td>50 cm<\/td>\n<\/tr>\n<tr>\n<td>K\u00e4si<\/td>\n<td>15 cm<\/td>\n<\/tr>\n<tr>\n<td>Jalka<\/td>\n<td>85 cm<\/td>\n<\/tr>\n<tr>\n<td>Jalka<\/td>\n<td>21 cm<\/td>\n<\/tr>\n<tr>\n<td>Em\u00e4ttimen syvyys<\/td>\n<td>18 cm<\/td>\n<\/tr>\n<tr>\n<td>Anaali syvyys<\/td>\n<td>17 cm<\/td>\n<\/tr>\n<\/tbody>\n<\/table>\n<h4>Tietoja seksinukkesta<\/h4>\n<p>&nbsp;<\/p>","protected":false},"excerpt":{"rendered":"<p>Seksinukkekuvat Kokotaulukot Materiaali Silikoni P\u00e4\u00e4 + TPE Vartalon korkeus 160 cm C-kuppi Nettopaino 36 kg Rinnanymp\u00e4rys 83 cm<\/p>","protected":false},"featured_media":194726,"comment_status":"open","ping_status":"closed","template":"","meta":[],"product_brand":[],"product_cat":[253,75,230,80,116,224,192,107],"product_tag":[],"class_list":{"0":"post-194724","1":"product","2":"type-product","3":"status-publish","4":"has-post-thumbnail","6":"product_cat-253","7":"product_cat-160cm-170cm-sex-dolls","8":"product_cat-36kg-40kg","9":"product_cat-asian-sex-doll","10":"product_cat-big-boobs-sex-doll","11":"product_cat-high-tech-sex-doll","12":"product_cat-hybrid-doll","13":"product_cat-skinny-sex-dolls","14":"pa_brand-rosretty-doll","15":"tm-has-options","17":"first","18":"instock","19":"sale","20":"shipping-taxable","21":"purchasable","22":"product-type-simple"},"_links":{"self":[{"href":"https:\/\/zxdoll.com\/fi\/wp-json\/wp\/v2\/product\/194724","targetHints":{"allow":["GET"]}}],"collection":[{"href":"https:\/\/zxdoll.com\/fi\/wp-json\/wp\/v2\/product"}],"about":[{"href":"https:\/\/zxdoll.com\/fi\/wp-json\/wp\/v2\/types\/product"}],"replies":[{"embeddable":true,"href":"https:\/\/zxdoll.com\/fi\/wp-json\/wp\/v2\/comments?post=194724"}],"version-history":[{"count":2,"href":"https:\/\/zxdoll.com\/fi\/wp-json\/wp\/v2\/product\/194724\/revisions"}],"predecessor-version":[{"id":194766,"href":"https:\/\/zxdoll.com\/fi\/wp-json\/wp\/v2\/product\/194724\/revisions\/194766"}],"wp:featuredmedia":[{"embeddable":true,"href":"https:\/\/zxdoll.com\/fi\/wp-json\/wp\/v2\/media\/194726"}],"wp:attachment":[{"href":"https:\/\/zxdoll.com\/fi\/wp-json\/wp\/v2\/media?parent=194724"}],"wp:term":[{"taxonomy":"product_brand","embeddable":true,"href":"https:\/\/zxdoll.com\/fi\/wp-json\/wp\/v2\/product_brand?post=194724"},{"taxonomy":"product_cat","embeddable":true,"href":"https:\/\/zxdoll.com\/fi\/wp-json\/wp\/v2\/product_cat?post=194724"},{"taxonomy":"product_tag","embeddable":true,"href":"https:\/\/zxdoll.com\/fi\/wp-json\/wp\/v2\/product_tag?post=194724"}],"curies":[{"name":"wp","href":"https:\/\/api.w.org\/{rel}","templated":true}]}}