{"id":193448,"date":"2025-08-29T20:34:32","date_gmt":"2025-08-29T12:34:32","guid":{"rendered":"https:\/\/zxdoll.com\/?post_type=product&#038;p=193448"},"modified":"2025-09-03T01:36:26","modified_gmt":"2025-09-02T17:36:26","slug":"high-end-gay-blw-up-sex-doll","status":"publish","type":"product","link":"https:\/\/zxdoll.com\/fi\/product\/high-end-gay-blw-up-sex-doll\/","title":{"rendered":"High End Gay Blw Up Sex Doll Florinda 152cm"},"content":{"rendered":"<h4><strong>Seksinukkekuvia<\/strong><\/h4>\n\t                <ul class=\"easy-image-gallery thumbnails-18 linked\">\r\n                    <li><a data-fancybox=\"gallery274\" href=\"https:\/\/zxdoll.com\/wp-content\/uploads\/2025\/08\/sexy-sex-doll-sex-kNi00y1-533x800.jpg\" class=\"eig-popup\" title=\"\" data-caption=\"\" target=\"_blank\"><i class=\"icon-view\"><\/i><span class=\"overlay\"><\/span><img decoding=\"async\" width=\"150\" height=\"150\" src=\"https:\/\/zxdoll.com\/wp-content\/uploads\/2025\/08\/sexy-sex-doll-sex-kNi00y1-150x150.jpg\" class=\"attachment-thumbnail size-thumbnail\" alt=\"\" title=\"\"><\/a><\/li><li><a data-fancybox=\"gallery274\" href=\"https:\/\/zxdoll.com\/wp-content\/uploads\/2025\/08\/sexy-sex-doll-sex-kNi00y2-533x800.jpg\" class=\"eig-popup\" title=\"\" data-caption=\"\" target=\"_blank\"><i class=\"icon-view\"><\/i><span class=\"overlay\"><\/span><img decoding=\"async\" width=\"150\" height=\"150\" src=\"https:\/\/zxdoll.com\/wp-content\/uploads\/2025\/08\/sexy-sex-doll-sex-kNi00y2-150x150.jpg\" class=\"attachment-thumbnail size-thumbnail\" alt=\"\" title=\"\"><\/a><\/li><li><a data-fancybox=\"gallery274\" href=\"https:\/\/zxdoll.com\/wp-content\/uploads\/2025\/08\/sexy-sex-doll-sex-kNi00y3-533x800.jpg\" class=\"eig-popup\" title=\"\" data-caption=\"\" target=\"_blank\"><i class=\"icon-view\"><\/i><span class=\"overlay\"><\/span><img decoding=\"async\" width=\"150\" height=\"150\" src=\"https:\/\/zxdoll.com\/wp-content\/uploads\/2025\/08\/sexy-sex-doll-sex-kNi00y3-150x150.jpg\" class=\"attachment-thumbnail size-thumbnail\" alt=\"\" title=\"\"><\/a><\/li><li><a data-fancybox=\"gallery274\" href=\"https:\/\/zxdoll.com\/wp-content\/uploads\/2025\/08\/sexy-sex-doll-sex-kNi00y4-1-533x800.jpg\" class=\"eig-popup\" title=\"\" data-caption=\"\" target=\"_blank\"><i class=\"icon-view\"><\/i><span class=\"overlay\"><\/span><img loading=\"lazy\" decoding=\"async\" width=\"150\" height=\"150\" src=\"https:\/\/zxdoll.com\/wp-content\/uploads\/2025\/08\/sexy-sex-doll-sex-kNi00y4-1-150x150.jpg\" class=\"attachment-thumbnail size-thumbnail\" alt=\"\" title=\"\"><\/a><\/li><li><a data-fancybox=\"gallery274\" href=\"https:\/\/zxdoll.com\/wp-content\/uploads\/2025\/08\/sexy-sex-doll-sex-kNi00y5-533x800.jpg\" class=\"eig-popup\" title=\"\" data-caption=\"\" target=\"_blank\"><i class=\"icon-view\"><\/i><span class=\"overlay\"><\/span><img loading=\"lazy\" decoding=\"async\" width=\"150\" height=\"150\" src=\"https:\/\/zxdoll.com\/wp-content\/uploads\/2025\/08\/sexy-sex-doll-sex-kNi00y5-150x150.jpg\" class=\"attachment-thumbnail size-thumbnail\" alt=\"\" title=\"\"><\/a><\/li><li><a data-fancybox=\"gallery274\" href=\"https:\/\/zxdoll.com\/wp-content\/uploads\/2025\/08\/sexy-sex-doll-sex-kNi00y6-533x800.jpg\" class=\"eig-popup\" title=\"\" data-caption=\"\" target=\"_blank\"><i class=\"icon-view\"><\/i><span class=\"overlay\"><\/span><img loading=\"lazy\" decoding=\"async\" width=\"150\" height=\"150\" src=\"https:\/\/zxdoll.com\/wp-content\/uploads\/2025\/08\/sexy-sex-doll-sex-kNi00y6-150x150.jpg\" class=\"attachment-thumbnail size-thumbnail\" alt=\"\" title=\"\"><\/a><\/li><li><a data-fancybox=\"gallery274\" href=\"https:\/\/zxdoll.com\/wp-content\/uploads\/2025\/08\/sexy-sex-doll-sex-kNi00y7-533x800.jpg\" class=\"eig-popup\" title=\"\" data-caption=\"\" target=\"_blank\"><i class=\"icon-view\"><\/i><span class=\"overlay\"><\/span><img loading=\"lazy\" decoding=\"async\" width=\"150\" height=\"150\" src=\"https:\/\/zxdoll.com\/wp-content\/uploads\/2025\/08\/sexy-sex-doll-sex-kNi00y7-150x150.jpg\" class=\"attachment-thumbnail size-thumbnail\" alt=\"\" title=\"\"><\/a><\/li><li><a data-fancybox=\"gallery274\" href=\"https:\/\/zxdoll.com\/wp-content\/uploads\/2025\/08\/sexy-sex-doll-sex-kNi00y8-533x800.jpg\" class=\"eig-popup\" title=\"\" data-caption=\"\" target=\"_blank\"><i class=\"icon-view\"><\/i><span class=\"overlay\"><\/span><img loading=\"lazy\" decoding=\"async\" width=\"150\" height=\"150\" src=\"https:\/\/zxdoll.com\/wp-content\/uploads\/2025\/08\/sexy-sex-doll-sex-kNi00y8-150x150.jpg\" class=\"attachment-thumbnail size-thumbnail\" alt=\"\" title=\"\"><\/a><\/li><li><a data-fancybox=\"gallery274\" href=\"https:\/\/zxdoll.com\/wp-content\/uploads\/2025\/08\/sexy-sex-doll-sex-kNi00y9-533x800.jpg\" class=\"eig-popup\" title=\"\" data-caption=\"\" target=\"_blank\"><i class=\"icon-view\"><\/i><span class=\"overlay\"><\/span><img loading=\"lazy\" decoding=\"async\" width=\"150\" height=\"150\" src=\"https:\/\/zxdoll.com\/wp-content\/uploads\/2025\/08\/sexy-sex-doll-sex-kNi00y9-150x150.jpg\" class=\"attachment-thumbnail size-thumbnail\" alt=\"\" title=\"\"><\/a><\/li><li><a data-fancybox=\"gallery274\" href=\"https:\/\/zxdoll.com\/wp-content\/uploads\/2025\/08\/sexy-sex-doll-sex-kNi00y10-533x800.jpg\" class=\"eig-popup\" title=\"\" data-caption=\"\" target=\"_blank\"><i class=\"icon-view\"><\/i><span class=\"overlay\"><\/span><img loading=\"lazy\" decoding=\"async\" width=\"150\" height=\"150\" src=\"https:\/\/zxdoll.com\/wp-content\/uploads\/2025\/08\/sexy-sex-doll-sex-kNi00y10-150x150.jpg\" class=\"attachment-thumbnail size-thumbnail\" alt=\"\" title=\"\"><\/a><\/li><li><a data-fancybox=\"gallery274\" href=\"https:\/\/zxdoll.com\/wp-content\/uploads\/2025\/08\/sexy-sex-doll-sex-kNi00y11-533x800.jpg\" class=\"eig-popup\" title=\"\" data-caption=\"\" target=\"_blank\"><i class=\"icon-view\"><\/i><span class=\"overlay\"><\/span><img loading=\"lazy\" decoding=\"async\" width=\"150\" height=\"150\" src=\"https:\/\/zxdoll.com\/wp-content\/uploads\/2025\/08\/sexy-sex-doll-sex-kNi00y11-150x150.jpg\" class=\"attachment-thumbnail size-thumbnail\" alt=\"\" title=\"\"><\/a><\/li><li><a data-fancybox=\"gallery274\" href=\"https:\/\/zxdoll.com\/wp-content\/uploads\/2025\/08\/sexy-sex-doll-sex-kNi00y12-533x800.jpg\" class=\"eig-popup\" title=\"\" data-caption=\"\" target=\"_blank\"><i class=\"icon-view\"><\/i><span class=\"overlay\"><\/span><img loading=\"lazy\" decoding=\"async\" width=\"150\" height=\"150\" src=\"https:\/\/zxdoll.com\/wp-content\/uploads\/2025\/08\/sexy-sex-doll-sex-kNi00y12-150x150.jpg\" class=\"attachment-thumbnail size-thumbnail\" alt=\"\" title=\"\"><\/a><\/li><li><a data-fancybox=\"gallery274\" href=\"https:\/\/zxdoll.com\/wp-content\/uploads\/2025\/08\/sexy-sex-doll-sex-kNi00y13-533x800.jpg\" class=\"eig-popup\" title=\"\" data-caption=\"\" target=\"_blank\"><i class=\"icon-view\"><\/i><span class=\"overlay\"><\/span><img loading=\"lazy\" decoding=\"async\" width=\"150\" height=\"150\" src=\"https:\/\/zxdoll.com\/wp-content\/uploads\/2025\/08\/sexy-sex-doll-sex-kNi00y13-150x150.jpg\" class=\"attachment-thumbnail size-thumbnail\" alt=\"\" title=\"\"><\/a><\/li><li><a data-fancybox=\"gallery274\" href=\"https:\/\/zxdoll.com\/wp-content\/uploads\/2025\/08\/sexy-sex-doll-sex-kNi00y14-533x800.jpg\" class=\"eig-popup\" title=\"\" data-caption=\"\" target=\"_blank\"><i class=\"icon-view\"><\/i><span class=\"overlay\"><\/span><img loading=\"lazy\" decoding=\"async\" width=\"150\" height=\"150\" src=\"https:\/\/zxdoll.com\/wp-content\/uploads\/2025\/08\/sexy-sex-doll-sex-kNi00y14-150x150.jpg\" class=\"attachment-thumbnail size-thumbnail\" alt=\"\" title=\"\"><\/a><\/li><li><a data-fancybox=\"gallery274\" href=\"https:\/\/zxdoll.com\/wp-content\/uploads\/2025\/08\/sexy-sex-doll-sex-kNi00y15-533x800.jpg\" class=\"eig-popup\" title=\"\" data-caption=\"\" target=\"_blank\"><i class=\"icon-view\"><\/i><span class=\"overlay\"><\/span><img loading=\"lazy\" decoding=\"async\" width=\"150\" height=\"150\" src=\"https:\/\/zxdoll.com\/wp-content\/uploads\/2025\/08\/sexy-sex-doll-sex-kNi00y15-150x150.jpg\" class=\"attachment-thumbnail size-thumbnail\" alt=\"\" title=\"\"><\/a><\/li><li><a data-fancybox=\"gallery274\" href=\"https:\/\/zxdoll.com\/wp-content\/uploads\/2025\/08\/sexy-sex-doll-sex-kNi00y16-533x800.jpg\" class=\"eig-popup\" title=\"\" data-caption=\"\" target=\"_blank\"><i class=\"icon-view\"><\/i><span class=\"overlay\"><\/span><img loading=\"lazy\" decoding=\"async\" width=\"150\" height=\"150\" src=\"https:\/\/zxdoll.com\/wp-content\/uploads\/2025\/08\/sexy-sex-doll-sex-kNi00y16-150x150.jpg\" class=\"attachment-thumbnail size-thumbnail\" alt=\"\" title=\"\"><\/a><\/li><li><a data-fancybox=\"gallery274\" href=\"https:\/\/zxdoll.com\/wp-content\/uploads\/2025\/08\/sexy-sex-doll-sex-kNi00y17-533x800.jpg\" class=\"eig-popup\" title=\"\" data-caption=\"\" target=\"_blank\"><i class=\"icon-view\"><\/i><span class=\"overlay\"><\/span><img loading=\"lazy\" decoding=\"async\" width=\"150\" height=\"150\" src=\"https:\/\/zxdoll.com\/wp-content\/uploads\/2025\/08\/sexy-sex-doll-sex-kNi00y17-150x150.jpg\" class=\"attachment-thumbnail size-thumbnail\" alt=\"\" title=\"\"><\/a><\/li><li><a data-fancybox=\"gallery274\" href=\"https:\/\/zxdoll.com\/wp-content\/uploads\/2025\/08\/sexy-sex-doll-sex-kNi00y18-533x800.jpg\" class=\"eig-popup\" title=\"\" data-caption=\"\" target=\"_blank\"><i class=\"icon-view\"><\/i><span class=\"overlay\"><\/span><img loading=\"lazy\" decoding=\"async\" width=\"150\" height=\"150\" src=\"https:\/\/zxdoll.com\/wp-content\/uploads\/2025\/08\/sexy-sex-doll-sex-kNi00y18-150x150.jpg\" class=\"attachment-thumbnail size-thumbnail\" alt=\"\" title=\"\"><\/a><\/li><\/ul>\n<h4>Kokotaulukot<\/h4>\n<table width=\"236\">\n<tbody>\n<tr>\n<td width=\"129\">Materiaali<\/td>\n<td width=\"107\">Silikoni<\/td>\n<\/tr>\n<tr>\n<td>Korkeus<\/td>\n<td>152 cm<\/td>\n<\/tr>\n<tr>\n<td>Nettopaino<\/td>\n<td>33kg<\/td>\n<\/tr>\n<tr>\n<td>T\u00e4ysi rintakuva<\/td>\n<td>80 cm<\/td>\n<\/tr>\n<tr>\n<td>Rinnan alla<\/td>\n<td>59.5cm<\/td>\n<\/tr>\n<tr>\n<td>Kuppi<\/td>\n<td>E<\/td>\n<\/tr>\n<tr>\n<td>Vy\u00f6t\u00e4r\u00f6<\/td>\n<td>52,5 cm<\/td>\n<\/tr>\n<tr>\n<td>Hip<\/td>\n<td>96 cm<\/td>\n<\/tr>\n<tr>\n<td>Oraalinen<\/td>\n<td>Valinnainen<\/td>\n<\/tr>\n<tr>\n<td>Em\u00e4tin<\/td>\n<td>18 cm<\/td>\n<\/tr>\n<tr>\n<td>Anus<\/td>\n<td>18 cm<\/td>\n<\/tr>\n<tr>\n<td>Olkap\u00e4\u00e4<\/td>\n<td>33 cm<\/td>\n<\/tr>\n<tr>\n<td>Arm<\/td>\n<td>62,5 cm<\/td>\n<\/tr>\n<tr>\n<td>Jalka<\/td>\n<td>68 cm<\/td>\n<\/tr>\n<tr>\n<td>Jalka<\/td>\n<td>19.5cm<\/td>\n<\/tr>\n<\/tbody>\n<\/table>\n<h4>Tietoja seksinukkesta<\/h4>\n<p>&nbsp;<\/p>","protected":false},"excerpt":{"rendered":"<p>Sex Doll Images Size Charts Material Silicone Height 152cm Net Weight 33kg Full Bust 80cm Under Bust 59.5cm Cup E<\/p>","protected":false},"featured_media":193511,"comment_status":"open","ping_status":"closed","template":"","meta":[],"product_brand":[],"product_cat":[253,112,229,80,168,110,107,117],"product_tag":[],"class_list":{"0":"post-193448","1":"product","2":"type-product","3":"status-publish","4":"has-post-thumbnail","6":"product_cat-253","7":"product_cat-150cm-159cm-sex-dolls","8":"product_cat-31kg-35kg","9":"product_cat-asian-sex-doll","10":"product_cat-real-love-doll","11":"product_cat-silicone-sex-doll","12":"product_cat-skinny-sex-dolls","13":"product_cat-small-breast-sex-doll","14":"pa_brand-jiusheng-doll","15":"tm-has-options","17":"first","18":"instock","19":"sale","20":"shipping-taxable","21":"purchasable","22":"product-type-simple"},"_links":{"self":[{"href":"https:\/\/zxdoll.com\/fi\/wp-json\/wp\/v2\/product\/193448","targetHints":{"allow":["GET"]}}],"collection":[{"href":"https:\/\/zxdoll.com\/fi\/wp-json\/wp\/v2\/product"}],"about":[{"href":"https:\/\/zxdoll.com\/fi\/wp-json\/wp\/v2\/types\/product"}],"replies":[{"embeddable":true,"href":"https:\/\/zxdoll.com\/fi\/wp-json\/wp\/v2\/comments?post=193448"}],"version-history":[{"count":2,"href":"https:\/\/zxdoll.com\/fi\/wp-json\/wp\/v2\/product\/193448\/revisions"}],"predecessor-version":[{"id":193552,"href":"https:\/\/zxdoll.com\/fi\/wp-json\/wp\/v2\/product\/193448\/revisions\/193552"}],"wp:featuredmedia":[{"embeddable":true,"href":"https:\/\/zxdoll.com\/fi\/wp-json\/wp\/v2\/media\/193511"}],"wp:attachment":[{"href":"https:\/\/zxdoll.com\/fi\/wp-json\/wp\/v2\/media?parent=193448"}],"wp:term":[{"taxonomy":"product_brand","embeddable":true,"href":"https:\/\/zxdoll.com\/fi\/wp-json\/wp\/v2\/product_brand?post=193448"},{"taxonomy":"product_cat","embeddable":true,"href":"https:\/\/zxdoll.com\/fi\/wp-json\/wp\/v2\/product_cat?post=193448"},{"taxonomy":"product_tag","embeddable":true,"href":"https:\/\/zxdoll.com\/fi\/wp-json\/wp\/v2\/product_tag?post=193448"}],"curies":[{"name":"wp","href":"https:\/\/api.w.org\/{rel}","templated":true}]}}