{"id":182007,"date":"2024-09-26T02:12:52","date_gmt":"2024-09-25T18:12:52","guid":{"rendered":"https:\/\/zxdoll.com\/?post_type=product&#038;p=182007"},"modified":"2024-10-02T01:48:32","modified_gmt":"2024-10-01T17:48:32","slug":"sex-doll-says-it-wants-to-kill","status":"publish","type":"product","link":"https:\/\/zxdoll.com\/fi\/product\/sex-doll-says-it-wants-to-kill\/","title":{"rendered":"Seksinukke sanoo haluavansa tappaa Marilinin 162cm"},"content":{"rendered":"<h4><strong>Seksinukkekuvia<\/strong><\/h4>\n\t                <ul class=\"easy-image-gallery thumbnails-17 linked\">\r\n                    <li><a data-fancybox=\"gallery730\" href=\"https:\/\/zxdoll.com\/wp-content\/uploads\/2024\/09\/troll-doll-sex-dKe50i1-533x800.jpg\" class=\"eig-popup\" title=\"\" data-caption=\"\" target=\"_blank\"><i class=\"icon-view\"><\/i><span class=\"overlay\"><\/span><img decoding=\"async\" width=\"150\" height=\"150\" src=\"https:\/\/zxdoll.com\/wp-content\/uploads\/2024\/09\/troll-doll-sex-dKe50i1-150x150.jpg\" class=\"attachment-thumbnail size-thumbnail\" alt=\"\" title=\"\"><\/a><\/li><li><a data-fancybox=\"gallery730\" href=\"https:\/\/zxdoll.com\/wp-content\/uploads\/2024\/09\/troll-doll-sex-dKe50i2-533x800.jpg\" class=\"eig-popup\" title=\"\" data-caption=\"\" target=\"_blank\"><i class=\"icon-view\"><\/i><span class=\"overlay\"><\/span><img decoding=\"async\" width=\"150\" height=\"150\" src=\"https:\/\/zxdoll.com\/wp-content\/uploads\/2024\/09\/troll-doll-sex-dKe50i2-150x150.jpg\" class=\"attachment-thumbnail size-thumbnail\" alt=\"\" title=\"\"><\/a><\/li><li><a data-fancybox=\"gallery730\" href=\"https:\/\/zxdoll.com\/wp-content\/uploads\/2024\/09\/troll-doll-sex-dKe50i3-533x800.jpg\" class=\"eig-popup\" title=\"\" data-caption=\"\" target=\"_blank\"><i class=\"icon-view\"><\/i><span class=\"overlay\"><\/span><img decoding=\"async\" width=\"150\" height=\"150\" src=\"https:\/\/zxdoll.com\/wp-content\/uploads\/2024\/09\/troll-doll-sex-dKe50i3-150x150.jpg\" class=\"attachment-thumbnail size-thumbnail\" alt=\"\" title=\"\"><\/a><\/li><li><a data-fancybox=\"gallery730\" href=\"https:\/\/zxdoll.com\/wp-content\/uploads\/2024\/09\/troll-doll-sex-dKe50i4-533x800.jpg\" class=\"eig-popup\" title=\"\" data-caption=\"\" target=\"_blank\"><i class=\"icon-view\"><\/i><span class=\"overlay\"><\/span><img loading=\"lazy\" decoding=\"async\" width=\"150\" height=\"150\" src=\"https:\/\/zxdoll.com\/wp-content\/uploads\/2024\/09\/troll-doll-sex-dKe50i4-150x150.jpg\" class=\"attachment-thumbnail size-thumbnail\" alt=\"\" title=\"\"><\/a><\/li><li><a data-fancybox=\"gallery730\" href=\"https:\/\/zxdoll.com\/wp-content\/uploads\/2024\/09\/troll-doll-sex-dKe50i5-533x800.jpg\" class=\"eig-popup\" title=\"\" data-caption=\"\" target=\"_blank\"><i class=\"icon-view\"><\/i><span class=\"overlay\"><\/span><img loading=\"lazy\" decoding=\"async\" width=\"150\" height=\"150\" src=\"https:\/\/zxdoll.com\/wp-content\/uploads\/2024\/09\/troll-doll-sex-dKe50i5-150x150.jpg\" class=\"attachment-thumbnail size-thumbnail\" alt=\"\" title=\"\"><\/a><\/li><li><a data-fancybox=\"gallery730\" href=\"https:\/\/zxdoll.com\/wp-content\/uploads\/2024\/09\/troll-doll-sex-dKe50i6-533x800.jpg\" class=\"eig-popup\" title=\"\" data-caption=\"\" target=\"_blank\"><i class=\"icon-view\"><\/i><span class=\"overlay\"><\/span><img loading=\"lazy\" decoding=\"async\" width=\"150\" height=\"150\" src=\"https:\/\/zxdoll.com\/wp-content\/uploads\/2024\/09\/troll-doll-sex-dKe50i6-150x150.jpg\" class=\"attachment-thumbnail size-thumbnail\" alt=\"\" title=\"\"><\/a><\/li><li><a data-fancybox=\"gallery730\" href=\"https:\/\/zxdoll.com\/wp-content\/uploads\/2024\/09\/troll-doll-sex-dKe50i7.jpg\" class=\"eig-popup\" title=\"\" data-caption=\"\" target=\"_blank\"><i class=\"icon-view\"><\/i><span class=\"overlay\"><\/span><img loading=\"lazy\" decoding=\"async\" width=\"150\" height=\"150\" src=\"https:\/\/zxdoll.com\/wp-content\/uploads\/2024\/09\/troll-doll-sex-dKe50i7-150x150.jpg\" class=\"attachment-thumbnail size-thumbnail\" alt=\"\" title=\"\"><\/a><\/li><li><a data-fancybox=\"gallery730\" href=\"https:\/\/zxdoll.com\/wp-content\/uploads\/2024\/09\/troll-doll-sex-dKe50i8-533x800.jpg\" class=\"eig-popup\" title=\"\" data-caption=\"\" target=\"_blank\"><i class=\"icon-view\"><\/i><span class=\"overlay\"><\/span><img loading=\"lazy\" decoding=\"async\" width=\"150\" height=\"150\" src=\"https:\/\/zxdoll.com\/wp-content\/uploads\/2024\/09\/troll-doll-sex-dKe50i8-150x150.jpg\" class=\"attachment-thumbnail size-thumbnail\" alt=\"\" title=\"\"><\/a><\/li><li><a data-fancybox=\"gallery730\" href=\"https:\/\/zxdoll.com\/wp-content\/uploads\/2024\/09\/troll-doll-sex-dKe50i9.jpg\" class=\"eig-popup\" title=\"\" data-caption=\"\" target=\"_blank\"><i class=\"icon-view\"><\/i><span class=\"overlay\"><\/span><img loading=\"lazy\" decoding=\"async\" width=\"150\" height=\"150\" src=\"https:\/\/zxdoll.com\/wp-content\/uploads\/2024\/09\/troll-doll-sex-dKe50i9-150x150.jpg\" class=\"attachment-thumbnail size-thumbnail\" alt=\"\" title=\"\"><\/a><\/li><li><a data-fancybox=\"gallery730\" href=\"https:\/\/zxdoll.com\/wp-content\/uploads\/2024\/09\/troll-doll-sex-dKe50i10-533x800.jpg\" class=\"eig-popup\" title=\"\" data-caption=\"\" target=\"_blank\"><i class=\"icon-view\"><\/i><span class=\"overlay\"><\/span><img loading=\"lazy\" decoding=\"async\" width=\"150\" height=\"150\" src=\"https:\/\/zxdoll.com\/wp-content\/uploads\/2024\/09\/troll-doll-sex-dKe50i10-150x150.jpg\" class=\"attachment-thumbnail size-thumbnail\" alt=\"\" title=\"\"><\/a><\/li><li><a data-fancybox=\"gallery730\" href=\"https:\/\/zxdoll.com\/wp-content\/uploads\/2024\/09\/troll-doll-sex-dKe50i13-533x800.jpg\" class=\"eig-popup\" title=\"\" data-caption=\"\" target=\"_blank\"><i class=\"icon-view\"><\/i><span class=\"overlay\"><\/span><img loading=\"lazy\" decoding=\"async\" width=\"150\" height=\"150\" src=\"https:\/\/zxdoll.com\/wp-content\/uploads\/2024\/09\/troll-doll-sex-dKe50i13-150x150.jpg\" class=\"attachment-thumbnail size-thumbnail\" alt=\"\" title=\"\"><\/a><\/li><li><a data-fancybox=\"gallery730\" href=\"https:\/\/zxdoll.com\/wp-content\/uploads\/2024\/09\/troll-doll-sex-dKe50i21-533x800.jpg\" class=\"eig-popup\" title=\"\" data-caption=\"\" target=\"_blank\"><i class=\"icon-view\"><\/i><span class=\"overlay\"><\/span><img loading=\"lazy\" decoding=\"async\" width=\"150\" height=\"150\" src=\"https:\/\/zxdoll.com\/wp-content\/uploads\/2024\/09\/troll-doll-sex-dKe50i21-150x150.jpg\" class=\"attachment-thumbnail size-thumbnail\" alt=\"\" title=\"\"><\/a><\/li><li><a data-fancybox=\"gallery730\" href=\"https:\/\/zxdoll.com\/wp-content\/uploads\/2024\/09\/troll-doll-sex-dKe50i22-533x800.jpg\" class=\"eig-popup\" title=\"\" data-caption=\"\" target=\"_blank\"><i class=\"icon-view\"><\/i><span class=\"overlay\"><\/span><img loading=\"lazy\" decoding=\"async\" width=\"150\" height=\"150\" src=\"https:\/\/zxdoll.com\/wp-content\/uploads\/2024\/09\/troll-doll-sex-dKe50i22-150x150.jpg\" class=\"attachment-thumbnail size-thumbnail\" alt=\"\" title=\"\"><\/a><\/li><li><a data-fancybox=\"gallery730\" href=\"https:\/\/zxdoll.com\/wp-content\/uploads\/2024\/09\/troll-doll-sex-dKe50i23-533x800.jpg\" class=\"eig-popup\" title=\"\" data-caption=\"\" target=\"_blank\"><i class=\"icon-view\"><\/i><span class=\"overlay\"><\/span><img loading=\"lazy\" decoding=\"async\" width=\"150\" height=\"150\" src=\"https:\/\/zxdoll.com\/wp-content\/uploads\/2024\/09\/troll-doll-sex-dKe50i23-150x150.jpg\" class=\"attachment-thumbnail size-thumbnail\" alt=\"\" title=\"\"><\/a><\/li><li><a data-fancybox=\"gallery730\" href=\"https:\/\/zxdoll.com\/wp-content\/uploads\/2024\/09\/troll-doll-sex-dKe50i24-533x800.jpg\" class=\"eig-popup\" title=\"\" data-caption=\"\" target=\"_blank\"><i class=\"icon-view\"><\/i><span class=\"overlay\"><\/span><img loading=\"lazy\" decoding=\"async\" width=\"150\" height=\"150\" src=\"https:\/\/zxdoll.com\/wp-content\/uploads\/2024\/09\/troll-doll-sex-dKe50i24-150x150.jpg\" class=\"attachment-thumbnail size-thumbnail\" alt=\"\" title=\"\"><\/a><\/li><li><a data-fancybox=\"gallery730\" href=\"https:\/\/zxdoll.com\/wp-content\/uploads\/2024\/09\/troll-doll-sex-dKe50i26-533x800.jpg\" class=\"eig-popup\" title=\"\" data-caption=\"\" target=\"_blank\"><i class=\"icon-view\"><\/i><span class=\"overlay\"><\/span><img loading=\"lazy\" decoding=\"async\" width=\"150\" height=\"150\" src=\"https:\/\/zxdoll.com\/wp-content\/uploads\/2024\/09\/troll-doll-sex-dKe50i26-150x150.jpg\" class=\"attachment-thumbnail size-thumbnail\" alt=\"\" title=\"\"><\/a><\/li><li><a data-fancybox=\"gallery730\" href=\"https:\/\/zxdoll.com\/wp-content\/uploads\/2024\/09\/troll-doll-sex-dKe50i27-533x800.jpg\" class=\"eig-popup\" title=\"\" data-caption=\"\" target=\"_blank\"><i class=\"icon-view\"><\/i><span class=\"overlay\"><\/span><img loading=\"lazy\" decoding=\"async\" width=\"150\" height=\"150\" src=\"https:\/\/zxdoll.com\/wp-content\/uploads\/2024\/09\/troll-doll-sex-dKe50i27-150x150.jpg\" class=\"attachment-thumbnail size-thumbnail\" alt=\"\" title=\"\"><\/a><\/li><\/ul>\n<h4>Kokotaulukot<\/h4>\n<table width=\"269\">\n<tbody>\n<tr>\n<td width=\"130\">Materiaali<\/td>\n<td width=\"139\">TPE<\/td>\n<\/tr>\n<tr>\n<td>Korkeus<\/td>\n<td>162 cm<\/td>\n<\/tr>\n<tr>\n<td>Rinta<\/td>\n<td>96 cm<\/td>\n<\/tr>\n<tr>\n<td>Vy\u00f6t\u00e4r\u00f6<\/td>\n<td>55 cm<\/td>\n<\/tr>\n<tr>\n<td>Hip<\/td>\n<td>98 cm<\/td>\n<\/tr>\n<tr>\n<td>Olkap\u00e4\u00e4<\/td>\n<td>38 cm<\/td>\n<\/tr>\n<tr>\n<td>Jalan pituus<\/td>\n<td>77 cm<\/td>\n<\/tr>\n<tr>\n<td>K\u00e4den pituus<\/td>\n<td>65 cm<\/td>\n<\/tr>\n<tr>\n<td>Jalan pituus<\/td>\n<td>22 cm<\/td>\n<\/tr>\n<tr>\n<td>Nettopaino<\/td>\n<td>42kg<\/td>\n<\/tr>\n<tr>\n<td>Suullinen syvyys<\/td>\n<td>12 cm<\/td>\n<\/tr>\n<tr>\n<td>Em\u00e4ttimen syvyys<\/td>\n<td>22 cm<\/td>\n<\/tr>\n<tr>\n<td>Anal Depth<\/td>\n<td>18 cm<\/td>\n<\/tr>\n<\/tbody>\n<\/table>\n<h4>Tietoja seksinukkesta<\/h4>\n<p>&nbsp;<\/p>","protected":false},"excerpt":{"rendered":"<p>Seksinukkekuvat Kokotaulukot Materiaali TPE Korkeus 162 cm Rinnat 96 cm Vy\u00f6t\u00e4r\u00f6 55 cm Lonkka 98 cm Olkap\u00e4\u00e4 38 cm Jalan pituus 77 cm<\/p>","protected":false},"featured_media":182097,"comment_status":"open","ping_status":"closed","template":"","meta":[],"product_brand":[],"product_cat":[234,75,231,116,100,107,119],"product_tag":[],"class_list":{"0":"post-182007","1":"product","2":"type-product","3":"status-publish","4":"has-post-thumbnail","6":"product_cat-234","7":"product_cat-160cm-170cm-sex-dolls","8":"product_cat-41kg-45kg","9":"product_cat-big-boobs-sex-doll","10":"product_cat-lifelike-love-dolls","11":"product_cat-skinny-sex-dolls","12":"product_cat-tpe-sex-doll","13":"pa_brand-hr-doll","14":"tm-has-options","16":"first","17":"instock","18":"sale","19":"shipping-taxable","20":"purchasable","21":"product-type-simple"},"_links":{"self":[{"href":"https:\/\/zxdoll.com\/fi\/wp-json\/wp\/v2\/product\/182007","targetHints":{"allow":["GET"]}}],"collection":[{"href":"https:\/\/zxdoll.com\/fi\/wp-json\/wp\/v2\/product"}],"about":[{"href":"https:\/\/zxdoll.com\/fi\/wp-json\/wp\/v2\/types\/product"}],"replies":[{"embeddable":true,"href":"https:\/\/zxdoll.com\/fi\/wp-json\/wp\/v2\/comments?post=182007"}],"version-history":[{"count":2,"href":"https:\/\/zxdoll.com\/fi\/wp-json\/wp\/v2\/product\/182007\/revisions"}],"predecessor-version":[{"id":182142,"href":"https:\/\/zxdoll.com\/fi\/wp-json\/wp\/v2\/product\/182007\/revisions\/182142"}],"wp:featuredmedia":[{"embeddable":true,"href":"https:\/\/zxdoll.com\/fi\/wp-json\/wp\/v2\/media\/182097"}],"wp:attachment":[{"href":"https:\/\/zxdoll.com\/fi\/wp-json\/wp\/v2\/media?parent=182007"}],"wp:term":[{"taxonomy":"product_brand","embeddable":true,"href":"https:\/\/zxdoll.com\/fi\/wp-json\/wp\/v2\/product_brand?post=182007"},{"taxonomy":"product_cat","embeddable":true,"href":"https:\/\/zxdoll.com\/fi\/wp-json\/wp\/v2\/product_cat?post=182007"},{"taxonomy":"product_tag","embeddable":true,"href":"https:\/\/zxdoll.com\/fi\/wp-json\/wp\/v2\/product_tag?post=182007"}],"curies":[{"name":"wp","href":"https:\/\/api.w.org\/{rel}","templated":true}]}}