{"id":178220,"date":"2024-09-23T02:13:15","date_gmt":"2024-09-22T18:13:15","guid":{"rendered":"https:\/\/zxdoll.com\/?post_type=product&#038;p=178220"},"modified":"2024-10-02T00:36:10","modified_gmt":"2024-10-01T16:36:10","slug":"women-playing-on-sex-doll","status":"publish","type":"product","link":"https:\/\/zxdoll.com\/fi\/product\/women-playing-on-sex-doll\/","title":{"rendered":"Naiset leikkiv\u00e4t seksinukkella Reine 157cm"},"content":{"rendered":"<h4><strong>Seksinukkekuvia<\/strong><\/h4>\n\t                <ul class=\"easy-image-gallery thumbnails-21 linked\">\r\n                    <li><a data-fancybox=\"gallery600\" href=\"https:\/\/zxdoll.com\/wp-content\/uploads\/2024\/09\/sex-doll-porns-cCj82s1-533x800.jpg\" class=\"eig-popup\" title=\"\" data-caption=\"\" target=\"_blank\"><i class=\"icon-view\"><\/i><span class=\"overlay\"><\/span><img decoding=\"async\" width=\"150\" height=\"150\" src=\"https:\/\/zxdoll.com\/wp-content\/uploads\/2024\/09\/sex-doll-porns-cCj82s1-150x150.jpg\" class=\"attachment-thumbnail size-thumbnail\" alt=\"\" title=\"\"><\/a><\/li><li><a data-fancybox=\"gallery600\" href=\"https:\/\/zxdoll.com\/wp-content\/uploads\/2024\/09\/sex-doll-porns-cCj82s2-533x800.jpg\" class=\"eig-popup\" title=\"\" data-caption=\"\" target=\"_blank\"><i class=\"icon-view\"><\/i><span class=\"overlay\"><\/span><img decoding=\"async\" width=\"150\" height=\"150\" src=\"https:\/\/zxdoll.com\/wp-content\/uploads\/2024\/09\/sex-doll-porns-cCj82s2-150x150.jpg\" class=\"attachment-thumbnail size-thumbnail\" alt=\"\" title=\"\"><\/a><\/li><li><a data-fancybox=\"gallery600\" href=\"https:\/\/zxdoll.com\/wp-content\/uploads\/2024\/09\/sex-doll-porns-cCj82s3-533x800.jpg\" class=\"eig-popup\" title=\"\" data-caption=\"\" target=\"_blank\"><i class=\"icon-view\"><\/i><span class=\"overlay\"><\/span><img decoding=\"async\" width=\"150\" height=\"150\" src=\"https:\/\/zxdoll.com\/wp-content\/uploads\/2024\/09\/sex-doll-porns-cCj82s3-150x150.jpg\" class=\"attachment-thumbnail size-thumbnail\" alt=\"\" title=\"\"><\/a><\/li><li><a data-fancybox=\"gallery600\" href=\"https:\/\/zxdoll.com\/wp-content\/uploads\/2024\/09\/sex-doll-porns-cCj82s4-533x800.jpg\" class=\"eig-popup\" title=\"\" data-caption=\"\" target=\"_blank\"><i class=\"icon-view\"><\/i><span class=\"overlay\"><\/span><img loading=\"lazy\" decoding=\"async\" width=\"150\" height=\"150\" src=\"https:\/\/zxdoll.com\/wp-content\/uploads\/2024\/09\/sex-doll-porns-cCj82s4-150x150.jpg\" class=\"attachment-thumbnail size-thumbnail\" alt=\"\" title=\"\"><\/a><\/li><li><a data-fancybox=\"gallery600\" href=\"https:\/\/zxdoll.com\/wp-content\/uploads\/2024\/09\/sex-doll-porns-cCj82s5-533x800.jpg\" class=\"eig-popup\" title=\"\" data-caption=\"\" target=\"_blank\"><i class=\"icon-view\"><\/i><span class=\"overlay\"><\/span><img loading=\"lazy\" decoding=\"async\" width=\"150\" height=\"150\" src=\"https:\/\/zxdoll.com\/wp-content\/uploads\/2024\/09\/sex-doll-porns-cCj82s5-150x150.jpg\" class=\"attachment-thumbnail size-thumbnail\" alt=\"\" title=\"\"><\/a><\/li><li><a data-fancybox=\"gallery600\" href=\"https:\/\/zxdoll.com\/wp-content\/uploads\/2024\/09\/sex-doll-porns-cCj82s7-533x800.jpg\" class=\"eig-popup\" title=\"\" data-caption=\"\" target=\"_blank\"><i class=\"icon-view\"><\/i><span class=\"overlay\"><\/span><img loading=\"lazy\" decoding=\"async\" width=\"150\" height=\"150\" src=\"https:\/\/zxdoll.com\/wp-content\/uploads\/2024\/09\/sex-doll-porns-cCj82s7-150x150.jpg\" class=\"attachment-thumbnail size-thumbnail\" alt=\"\" title=\"\"><\/a><\/li><li><a data-fancybox=\"gallery600\" href=\"https:\/\/zxdoll.com\/wp-content\/uploads\/2024\/09\/sex-doll-porns-cCj82s8.jpg\" class=\"eig-popup\" title=\"\" data-caption=\"\" target=\"_blank\"><i class=\"icon-view\"><\/i><span class=\"overlay\"><\/span><img loading=\"lazy\" decoding=\"async\" width=\"150\" height=\"150\" src=\"https:\/\/zxdoll.com\/wp-content\/uploads\/2024\/09\/sex-doll-porns-cCj82s8-150x150.jpg\" class=\"attachment-thumbnail size-thumbnail\" alt=\"\" title=\"\"><\/a><\/li><li><a data-fancybox=\"gallery600\" href=\"https:\/\/zxdoll.com\/wp-content\/uploads\/2024\/09\/sex-doll-porns-cCj82s9-533x800.jpg\" class=\"eig-popup\" title=\"\" data-caption=\"\" target=\"_blank\"><i class=\"icon-view\"><\/i><span class=\"overlay\"><\/span><img loading=\"lazy\" decoding=\"async\" width=\"150\" height=\"150\" src=\"https:\/\/zxdoll.com\/wp-content\/uploads\/2024\/09\/sex-doll-porns-cCj82s9-150x150.jpg\" class=\"attachment-thumbnail size-thumbnail\" alt=\"\" title=\"\"><\/a><\/li><li><a data-fancybox=\"gallery600\" href=\"https:\/\/zxdoll.com\/wp-content\/uploads\/2024\/09\/sex-doll-porns-cCj82s10-533x800.jpg\" class=\"eig-popup\" title=\"\" data-caption=\"\" target=\"_blank\"><i class=\"icon-view\"><\/i><span class=\"overlay\"><\/span><img loading=\"lazy\" decoding=\"async\" width=\"150\" height=\"150\" src=\"https:\/\/zxdoll.com\/wp-content\/uploads\/2024\/09\/sex-doll-porns-cCj82s10-150x150.jpg\" class=\"attachment-thumbnail size-thumbnail\" alt=\"\" title=\"\"><\/a><\/li><li><a data-fancybox=\"gallery600\" href=\"https:\/\/zxdoll.com\/wp-content\/uploads\/2024\/09\/sex-doll-porns-cCj82s11-533x800.jpg\" class=\"eig-popup\" title=\"\" data-caption=\"\" target=\"_blank\"><i class=\"icon-view\"><\/i><span class=\"overlay\"><\/span><img loading=\"lazy\" decoding=\"async\" width=\"150\" height=\"150\" src=\"https:\/\/zxdoll.com\/wp-content\/uploads\/2024\/09\/sex-doll-porns-cCj82s11-150x150.jpg\" class=\"attachment-thumbnail size-thumbnail\" alt=\"\" title=\"\"><\/a><\/li><li><a data-fancybox=\"gallery600\" href=\"https:\/\/zxdoll.com\/wp-content\/uploads\/2024\/09\/sex-doll-porns-cCj82s12-533x800.jpg\" class=\"eig-popup\" title=\"\" data-caption=\"\" target=\"_blank\"><i class=\"icon-view\"><\/i><span class=\"overlay\"><\/span><img loading=\"lazy\" decoding=\"async\" width=\"150\" height=\"150\" src=\"https:\/\/zxdoll.com\/wp-content\/uploads\/2024\/09\/sex-doll-porns-cCj82s12-150x150.jpg\" class=\"attachment-thumbnail size-thumbnail\" alt=\"\" title=\"\"><\/a><\/li><li><a data-fancybox=\"gallery600\" href=\"https:\/\/zxdoll.com\/wp-content\/uploads\/2024\/09\/sex-doll-porns-cCj82s13-533x800.jpg\" class=\"eig-popup\" title=\"\" data-caption=\"\" target=\"_blank\"><i class=\"icon-view\"><\/i><span class=\"overlay\"><\/span><img loading=\"lazy\" decoding=\"async\" width=\"150\" height=\"150\" src=\"https:\/\/zxdoll.com\/wp-content\/uploads\/2024\/09\/sex-doll-porns-cCj82s13-150x150.jpg\" class=\"attachment-thumbnail size-thumbnail\" alt=\"\" title=\"\"><\/a><\/li><li><a data-fancybox=\"gallery600\" href=\"https:\/\/zxdoll.com\/wp-content\/uploads\/2024\/09\/sex-doll-porns-cCj82s14-533x800.jpg\" class=\"eig-popup\" title=\"\" data-caption=\"\" target=\"_blank\"><i class=\"icon-view\"><\/i><span class=\"overlay\"><\/span><img loading=\"lazy\" decoding=\"async\" width=\"150\" height=\"150\" src=\"https:\/\/zxdoll.com\/wp-content\/uploads\/2024\/09\/sex-doll-porns-cCj82s14-150x150.jpg\" class=\"attachment-thumbnail size-thumbnail\" alt=\"\" title=\"\"><\/a><\/li><li><a data-fancybox=\"gallery600\" href=\"https:\/\/zxdoll.com\/wp-content\/uploads\/2024\/09\/sex-doll-porns-cCj82s15-533x800.jpg\" class=\"eig-popup\" title=\"\" data-caption=\"\" target=\"_blank\"><i class=\"icon-view\"><\/i><span class=\"overlay\"><\/span><img loading=\"lazy\" decoding=\"async\" width=\"150\" height=\"150\" src=\"https:\/\/zxdoll.com\/wp-content\/uploads\/2024\/09\/sex-doll-porns-cCj82s15-150x150.jpg\" class=\"attachment-thumbnail size-thumbnail\" alt=\"\" title=\"\"><\/a><\/li><li><a data-fancybox=\"gallery600\" href=\"https:\/\/zxdoll.com\/wp-content\/uploads\/2024\/09\/sex-doll-porns-cCj82s16-533x800.jpg\" class=\"eig-popup\" title=\"\" data-caption=\"\" target=\"_blank\"><i class=\"icon-view\"><\/i><span class=\"overlay\"><\/span><img loading=\"lazy\" decoding=\"async\" width=\"150\" height=\"150\" src=\"https:\/\/zxdoll.com\/wp-content\/uploads\/2024\/09\/sex-doll-porns-cCj82s16-150x150.jpg\" class=\"attachment-thumbnail size-thumbnail\" alt=\"\" title=\"\"><\/a><\/li><li><a data-fancybox=\"gallery600\" href=\"https:\/\/zxdoll.com\/wp-content\/uploads\/2024\/09\/sex-doll-porns-cCj82s17.jpg\" class=\"eig-popup\" title=\"\" data-caption=\"\" target=\"_blank\"><i class=\"icon-view\"><\/i><span class=\"overlay\"><\/span><img loading=\"lazy\" decoding=\"async\" width=\"150\" height=\"150\" src=\"https:\/\/zxdoll.com\/wp-content\/uploads\/2024\/09\/sex-doll-porns-cCj82s17-150x150.jpg\" class=\"attachment-thumbnail size-thumbnail\" alt=\"\" title=\"\"><\/a><\/li><li><a data-fancybox=\"gallery600\" href=\"https:\/\/zxdoll.com\/wp-content\/uploads\/2024\/09\/sex-doll-porns-cCj82s18-533x800.jpg\" class=\"eig-popup\" title=\"\" data-caption=\"\" target=\"_blank\"><i class=\"icon-view\"><\/i><span class=\"overlay\"><\/span><img loading=\"lazy\" decoding=\"async\" width=\"150\" height=\"150\" src=\"https:\/\/zxdoll.com\/wp-content\/uploads\/2024\/09\/sex-doll-porns-cCj82s18-150x150.jpg\" class=\"attachment-thumbnail size-thumbnail\" alt=\"\" title=\"\"><\/a><\/li><li><a data-fancybox=\"gallery600\" href=\"https:\/\/zxdoll.com\/wp-content\/uploads\/2024\/09\/sex-doll-porns-cCj82s19.jpg\" class=\"eig-popup\" title=\"\" data-caption=\"\" target=\"_blank\"><i class=\"icon-view\"><\/i><span class=\"overlay\"><\/span><img loading=\"lazy\" decoding=\"async\" width=\"150\" height=\"150\" src=\"https:\/\/zxdoll.com\/wp-content\/uploads\/2024\/09\/sex-doll-porns-cCj82s19-150x150.jpg\" class=\"attachment-thumbnail size-thumbnail\" alt=\"\" title=\"\"><\/a><\/li><li><a data-fancybox=\"gallery600\" href=\"https:\/\/zxdoll.com\/wp-content\/uploads\/2024\/09\/sex-doll-porns-cCj82s20-533x800.jpg\" class=\"eig-popup\" title=\"\" data-caption=\"\" target=\"_blank\"><i class=\"icon-view\"><\/i><span class=\"overlay\"><\/span><img loading=\"lazy\" decoding=\"async\" width=\"150\" height=\"150\" src=\"https:\/\/zxdoll.com\/wp-content\/uploads\/2024\/09\/sex-doll-porns-cCj82s20-150x150.jpg\" class=\"attachment-thumbnail size-thumbnail\" alt=\"\" title=\"\"><\/a><\/li><li><a data-fancybox=\"gallery600\" href=\"https:\/\/zxdoll.com\/wp-content\/uploads\/2024\/09\/sex-doll-porns-cCj82s21-533x800.jpg\" class=\"eig-popup\" title=\"\" data-caption=\"\" target=\"_blank\"><i class=\"icon-view\"><\/i><span class=\"overlay\"><\/span><img loading=\"lazy\" decoding=\"async\" width=\"150\" height=\"150\" src=\"https:\/\/zxdoll.com\/wp-content\/uploads\/2024\/09\/sex-doll-porns-cCj82s21-150x150.jpg\" class=\"attachment-thumbnail size-thumbnail\" alt=\"\" title=\"\"><\/a><\/li><li><a data-fancybox=\"gallery600\" href=\"https:\/\/zxdoll.com\/wp-content\/uploads\/2024\/09\/sex-doll-porns-cCj82s22-533x800.jpg\" class=\"eig-popup\" title=\"\" data-caption=\"\" target=\"_blank\"><i class=\"icon-view\"><\/i><span class=\"overlay\"><\/span><img loading=\"lazy\" decoding=\"async\" width=\"150\" height=\"150\" src=\"https:\/\/zxdoll.com\/wp-content\/uploads\/2024\/09\/sex-doll-porns-cCj82s22-150x150.jpg\" class=\"attachment-thumbnail size-thumbnail\" alt=\"\" title=\"\"><\/a><\/li><\/ul>\n<h4>Kokotaulukot<\/h4>\n<table width=\"376\">\n<tbody>\n<tr>\n<td width=\"129\">Materiaali<\/td>\n<td width=\"247\">T\u00e4ysi silikoni<\/td>\n<\/tr>\n<tr>\n<td>Korkeus<\/td>\n<td>157 cm<\/td>\n<\/tr>\n<tr>\n<td>Rintakeh\u00e4n yl\u00e4osa<\/td>\n<td>72 cm<\/td>\n<\/tr>\n<tr>\n<td>Alempi rintakeh\u00e4<\/td>\n<td>56 cm<\/td>\n<\/tr>\n<tr>\n<td>Vy\u00f6t\u00e4r\u00f6<\/td>\n<td>53 cm<\/td>\n<\/tr>\n<tr>\n<td>Hip<\/td>\n<td>88 cm<\/td>\n<\/tr>\n<tr>\n<td>Olkap\u00e4\u00e4<\/td>\n<td>35 cm<\/td>\n<\/tr>\n<tr>\n<td>Jalan pituus<\/td>\n<td>88 cm<\/td>\n<\/tr>\n<tr>\n<td>Reiteen<\/td>\n<td>50 cm<\/td>\n<\/tr>\n<tr>\n<td>K\u00e4den pituus<\/td>\n<td>64 cm<\/td>\n<\/tr>\n<tr>\n<td>Pohja<\/td>\n<td>22 cm<\/td>\n<\/tr>\n<tr>\n<td>Nettopaino<\/td>\n<td>35kg<\/td>\n<\/tr>\n<tr>\n<td>Suullinen syvyys<\/td>\n<td>12 cm<\/td>\n<\/tr>\n<tr>\n<td>Em\u00e4ttimen syvyys<\/td>\n<td>18 cm<\/td>\n<\/tr>\n<tr>\n<td>Per\u00e4aukon syvyys<\/td>\n<td>15 cm<\/td>\n<\/tr>\n<\/tbody>\n<\/table>\n<h4>Tietoja seksinukkesta<\/h4>\n<p>&nbsp;<\/p>","protected":false},"excerpt":{"rendered":"<p>Seksinukkekuvat Kokotaulukot Materiaali T\u00e4ysi silikoni Pituus 157cm Yl\u00e4rinta 72cm Alarinta 56cm Vy\u00f6t\u00e4r\u00f6 53cm Lantio 88cm<\/p>","protected":false},"featured_media":178222,"comment_status":"open","ping_status":"closed","template":"","meta":[],"product_brand":[],"product_cat":[234,112,229,110,107,117,221],"product_tag":[],"class_list":{"0":"post-178220","1":"product","2":"type-product","3":"status-publish","4":"has-post-thumbnail","6":"product_cat-234","7":"product_cat-150cm-159cm-sex-dolls","8":"product_cat-31kg-35kg","9":"product_cat-silicone-sex-doll","10":"product_cat-skinny-sex-dolls","11":"product_cat-small-breast-sex-doll","12":"product_cat-top-sex-doll","13":"pa_brand-climax-doll","14":"tm-has-options","16":"first","17":"instock","18":"sale","19":"shipping-taxable","20":"purchasable","21":"product-type-simple"},"_links":{"self":[{"href":"https:\/\/zxdoll.com\/fi\/wp-json\/wp\/v2\/product\/178220","targetHints":{"allow":["GET"]}}],"collection":[{"href":"https:\/\/zxdoll.com\/fi\/wp-json\/wp\/v2\/product"}],"about":[{"href":"https:\/\/zxdoll.com\/fi\/wp-json\/wp\/v2\/types\/product"}],"replies":[{"embeddable":true,"href":"https:\/\/zxdoll.com\/fi\/wp-json\/wp\/v2\/comments?post=178220"}],"version-history":[{"count":2,"href":"https:\/\/zxdoll.com\/fi\/wp-json\/wp\/v2\/product\/178220\/revisions"}],"predecessor-version":[{"id":178259,"href":"https:\/\/zxdoll.com\/fi\/wp-json\/wp\/v2\/product\/178220\/revisions\/178259"}],"wp:featuredmedia":[{"embeddable":true,"href":"https:\/\/zxdoll.com\/fi\/wp-json\/wp\/v2\/media\/178222"}],"wp:attachment":[{"href":"https:\/\/zxdoll.com\/fi\/wp-json\/wp\/v2\/media?parent=178220"}],"wp:term":[{"taxonomy":"product_brand","embeddable":true,"href":"https:\/\/zxdoll.com\/fi\/wp-json\/wp\/v2\/product_brand?post=178220"},{"taxonomy":"product_cat","embeddable":true,"href":"https:\/\/zxdoll.com\/fi\/wp-json\/wp\/v2\/product_cat?post=178220"},{"taxonomy":"product_tag","embeddable":true,"href":"https:\/\/zxdoll.com\/fi\/wp-json\/wp\/v2\/product_tag?post=178220"}],"curies":[{"name":"wp","href":"https:\/\/api.w.org\/{rel}","templated":true}]}}