{"id":167022,"date":"2024-09-16T19:01:53","date_gmt":"2024-09-16T11:01:53","guid":{"rendered":"https:\/\/zxdoll.com\/?post_type=product&#038;p=167022"},"modified":"2024-10-03T10:50:12","modified_gmt":"2024-10-03T02:50:12","slug":"sweet-jasmine-sex-doll-youtube","status":"publish","type":"product","link":"https:\/\/zxdoll.com\/fi\/product\/sweet-jasmine-sex-doll-youtube\/","title":{"rendered":"Sweet Jasmine Sex Doll Youtube Arlene 158cm"},"content":{"rendered":"<h4><strong>Seksinukkekuvia<\/strong><\/h4>\n\t                <ul class=\"easy-image-gallery thumbnails-15 linked\">\r\n                    <li><a data-fancybox=\"gallery449\" href=\"https:\/\/zxdoll.com\/wp-content\/uploads\/2024\/09\/blow-up-doll-jokes-h6t5rc1-533x800.jpg\" class=\"eig-popup\" title=\"\" data-caption=\"\" target=\"_blank\"><i class=\"icon-view\"><\/i><span class=\"overlay\"><\/span><img decoding=\"async\" width=\"150\" height=\"150\" src=\"https:\/\/zxdoll.com\/wp-content\/uploads\/2024\/09\/blow-up-doll-jokes-h6t5rc1-150x150.jpg\" class=\"attachment-thumbnail size-thumbnail\" alt=\"\" title=\"\"><\/a><\/li><li><a data-fancybox=\"gallery449\" href=\"https:\/\/zxdoll.com\/wp-content\/uploads\/2024\/09\/blow-up-doll-jokes-h6t5rc2-533x800.jpg\" class=\"eig-popup\" title=\"\" data-caption=\"\" target=\"_blank\"><i class=\"icon-view\"><\/i><span class=\"overlay\"><\/span><img decoding=\"async\" width=\"150\" height=\"150\" src=\"https:\/\/zxdoll.com\/wp-content\/uploads\/2024\/09\/blow-up-doll-jokes-h6t5rc2-150x150.jpg\" class=\"attachment-thumbnail size-thumbnail\" alt=\"\" title=\"\"><\/a><\/li><li><a data-fancybox=\"gallery449\" href=\"https:\/\/zxdoll.com\/wp-content\/uploads\/2024\/09\/blow-up-doll-jokes-h6t5rc3.jpg\" class=\"eig-popup\" title=\"\" data-caption=\"\" target=\"_blank\"><i class=\"icon-view\"><\/i><span class=\"overlay\"><\/span><img decoding=\"async\" width=\"150\" height=\"150\" src=\"https:\/\/zxdoll.com\/wp-content\/uploads\/2024\/09\/blow-up-doll-jokes-h6t5rc3-150x150.jpg\" class=\"attachment-thumbnail size-thumbnail\" alt=\"\" title=\"\"><\/a><\/li><li><a data-fancybox=\"gallery449\" href=\"https:\/\/zxdoll.com\/wp-content\/uploads\/2024\/09\/blow-up-doll-jokes-h6t5rc4-533x800.jpg\" class=\"eig-popup\" title=\"\" data-caption=\"\" target=\"_blank\"><i class=\"icon-view\"><\/i><span class=\"overlay\"><\/span><img loading=\"lazy\" decoding=\"async\" width=\"150\" height=\"150\" src=\"https:\/\/zxdoll.com\/wp-content\/uploads\/2024\/09\/blow-up-doll-jokes-h6t5rc4-150x150.jpg\" class=\"attachment-thumbnail size-thumbnail\" alt=\"\" title=\"\"><\/a><\/li><li><a data-fancybox=\"gallery449\" href=\"https:\/\/zxdoll.com\/wp-content\/uploads\/2024\/09\/blow-up-doll-jokes-h6t5rc5-533x800.jpg\" class=\"eig-popup\" title=\"\" data-caption=\"\" target=\"_blank\"><i class=\"icon-view\"><\/i><span class=\"overlay\"><\/span><img loading=\"lazy\" decoding=\"async\" width=\"150\" height=\"150\" src=\"https:\/\/zxdoll.com\/wp-content\/uploads\/2024\/09\/blow-up-doll-jokes-h6t5rc5-150x150.jpg\" class=\"attachment-thumbnail size-thumbnail\" alt=\"\" title=\"\"><\/a><\/li><li><a data-fancybox=\"gallery449\" href=\"https:\/\/zxdoll.com\/wp-content\/uploads\/2024\/09\/blow-up-doll-jokes-h6t5rc6-533x800.jpg\" class=\"eig-popup\" title=\"\" data-caption=\"\" target=\"_blank\"><i class=\"icon-view\"><\/i><span class=\"overlay\"><\/span><img loading=\"lazy\" decoding=\"async\" width=\"150\" height=\"150\" src=\"https:\/\/zxdoll.com\/wp-content\/uploads\/2024\/09\/blow-up-doll-jokes-h6t5rc6-150x150.jpg\" class=\"attachment-thumbnail size-thumbnail\" alt=\"\" title=\"\"><\/a><\/li><li><a data-fancybox=\"gallery449\" href=\"https:\/\/zxdoll.com\/wp-content\/uploads\/2024\/09\/blow-up-doll-jokes-h6t5rc7-533x800.jpg\" class=\"eig-popup\" title=\"\" data-caption=\"\" target=\"_blank\"><i class=\"icon-view\"><\/i><span class=\"overlay\"><\/span><img loading=\"lazy\" decoding=\"async\" width=\"150\" height=\"150\" src=\"https:\/\/zxdoll.com\/wp-content\/uploads\/2024\/09\/blow-up-doll-jokes-h6t5rc7-150x150.jpg\" class=\"attachment-thumbnail size-thumbnail\" alt=\"\" title=\"\"><\/a><\/li><li><a data-fancybox=\"gallery449\" href=\"https:\/\/zxdoll.com\/wp-content\/uploads\/2024\/09\/blow-up-doll-jokes-h6t5rc8-1-533x800.jpg\" class=\"eig-popup\" title=\"\" data-caption=\"\" target=\"_blank\"><i class=\"icon-view\"><\/i><span class=\"overlay\"><\/span><img loading=\"lazy\" decoding=\"async\" width=\"150\" height=\"150\" src=\"https:\/\/zxdoll.com\/wp-content\/uploads\/2024\/09\/blow-up-doll-jokes-h6t5rc8-1-150x150.jpg\" class=\"attachment-thumbnail size-thumbnail\" alt=\"\" title=\"\"><\/a><\/li><li><a data-fancybox=\"gallery449\" href=\"https:\/\/zxdoll.com\/wp-content\/uploads\/2024\/09\/blow-up-doll-jokes-h6t5rc9-533x800.jpg\" class=\"eig-popup\" title=\"\" data-caption=\"\" target=\"_blank\"><i class=\"icon-view\"><\/i><span class=\"overlay\"><\/span><img loading=\"lazy\" decoding=\"async\" width=\"150\" height=\"150\" src=\"https:\/\/zxdoll.com\/wp-content\/uploads\/2024\/09\/blow-up-doll-jokes-h6t5rc9-150x150.jpg\" class=\"attachment-thumbnail size-thumbnail\" alt=\"\" title=\"\"><\/a><\/li><li><a data-fancybox=\"gallery449\" href=\"https:\/\/zxdoll.com\/wp-content\/uploads\/2024\/09\/blow-up-doll-jokes-h6t5rc10-533x800.jpg\" class=\"eig-popup\" title=\"\" data-caption=\"\" target=\"_blank\"><i class=\"icon-view\"><\/i><span class=\"overlay\"><\/span><img loading=\"lazy\" decoding=\"async\" width=\"150\" height=\"150\" src=\"https:\/\/zxdoll.com\/wp-content\/uploads\/2024\/09\/blow-up-doll-jokes-h6t5rc10-150x150.jpg\" class=\"attachment-thumbnail size-thumbnail\" alt=\"\" title=\"\"><\/a><\/li><li><a data-fancybox=\"gallery449\" href=\"https:\/\/zxdoll.com\/wp-content\/uploads\/2024\/09\/blow-up-doll-jokes-h6t5rc11.jpg\" class=\"eig-popup\" title=\"\" data-caption=\"\" target=\"_blank\"><i class=\"icon-view\"><\/i><span class=\"overlay\"><\/span><img loading=\"lazy\" decoding=\"async\" width=\"150\" height=\"150\" src=\"https:\/\/zxdoll.com\/wp-content\/uploads\/2024\/09\/blow-up-doll-jokes-h6t5rc11-150x150.jpg\" class=\"attachment-thumbnail size-thumbnail\" alt=\"\" title=\"\"><\/a><\/li><li><a data-fancybox=\"gallery449\" href=\"https:\/\/zxdoll.com\/wp-content\/uploads\/2024\/09\/blow-up-doll-jokes-h6t5rc12-533x800.jpg\" class=\"eig-popup\" title=\"\" data-caption=\"\" target=\"_blank\"><i class=\"icon-view\"><\/i><span class=\"overlay\"><\/span><img loading=\"lazy\" decoding=\"async\" width=\"150\" height=\"150\" src=\"https:\/\/zxdoll.com\/wp-content\/uploads\/2024\/09\/blow-up-doll-jokes-h6t5rc12-150x150.jpg\" class=\"attachment-thumbnail size-thumbnail\" alt=\"\" title=\"\"><\/a><\/li><li><a data-fancybox=\"gallery449\" href=\"https:\/\/zxdoll.com\/wp-content\/uploads\/2024\/09\/blow-up-doll-jokes-h6t5rc13.jpg\" class=\"eig-popup\" title=\"\" data-caption=\"\" target=\"_blank\"><i class=\"icon-view\"><\/i><span class=\"overlay\"><\/span><img loading=\"lazy\" decoding=\"async\" width=\"150\" height=\"150\" src=\"https:\/\/zxdoll.com\/wp-content\/uploads\/2024\/09\/blow-up-doll-jokes-h6t5rc13-150x150.jpg\" class=\"attachment-thumbnail size-thumbnail\" alt=\"\" title=\"\"><\/a><\/li><li><a data-fancybox=\"gallery449\" href=\"https:\/\/zxdoll.com\/wp-content\/uploads\/2024\/09\/blow-up-doll-jokes-h6t5rc14-533x800.jpg\" class=\"eig-popup\" title=\"\" data-caption=\"\" target=\"_blank\"><i class=\"icon-view\"><\/i><span class=\"overlay\"><\/span><img loading=\"lazy\" decoding=\"async\" width=\"150\" height=\"150\" src=\"https:\/\/zxdoll.com\/wp-content\/uploads\/2024\/09\/blow-up-doll-jokes-h6t5rc14-150x150.jpg\" class=\"attachment-thumbnail size-thumbnail\" alt=\"\" title=\"\"><\/a><\/li><li><a data-fancybox=\"gallery449\" href=\"https:\/\/zxdoll.com\/wp-content\/uploads\/2024\/09\/blow-up-doll-jokes-h6t5rc15-533x800.jpg\" class=\"eig-popup\" title=\"\" data-caption=\"\" target=\"_blank\"><i class=\"icon-view\"><\/i><span class=\"overlay\"><\/span><img loading=\"lazy\" decoding=\"async\" width=\"150\" height=\"150\" src=\"https:\/\/zxdoll.com\/wp-content\/uploads\/2024\/09\/blow-up-doll-jokes-h6t5rc15-150x150.jpg\" class=\"attachment-thumbnail size-thumbnail\" alt=\"\" title=\"\"><\/a><\/li><\/ul>\n<h4>Kokotaulukot<\/h4>\n<table width=\"336\">\n<tbody>\n<tr>\n<td width=\"163\">Materiaali<\/td>\n<td width=\"173\">TPE-p\u00e4\u00e4 + TPE-runko<\/td>\n<\/tr>\n<tr>\n<td width=\"163\">Korkeus<\/td>\n<td>158cm H-kuppi<\/td>\n<\/tr>\n<tr>\n<td width=\"163\">Olkap\u00e4\u00e4<\/td>\n<td>31 cm<\/td>\n<\/tr>\n<tr>\n<td width=\"163\">Yl\u00e4rinta<\/td>\n<td>89 cm<\/td>\n<\/tr>\n<tr>\n<td width=\"163\">Alempi rinta<\/td>\n<td>59 cm<\/td>\n<\/tr>\n<tr>\n<td>Vy\u00f6t\u00e4r\u00f6<\/td>\n<td>56 cm<\/td>\n<\/tr>\n<tr>\n<td>Hip<\/td>\n<td>101,5 cm<\/td>\n<\/tr>\n<tr>\n<td width=\"163\">Reiden ymp\u00e4rysmitta<\/td>\n<td>54 cm<\/td>\n<\/tr>\n<tr>\n<td width=\"163\">Calf Girth<\/td>\n<td>32 cm<\/td>\n<\/tr>\n<tr>\n<td width=\"163\">Jalan pituus<\/td>\n<td>82 cm<\/td>\n<\/tr>\n<tr>\n<td width=\"163\">Jalkojen pituus<\/td>\n<td>21,5 cm<\/td>\n<\/tr>\n<tr>\n<td width=\"163\">Nettopaino<\/td>\n<td>41 kg<\/td>\n<\/tr>\n<tr>\n<td>Suun syvyys<\/td>\n<td>12 cm<\/td>\n<\/tr>\n<tr>\n<td>Em\u00e4ttimen syvyys<\/td>\n<td>18 cm<\/td>\n<\/tr>\n<tr>\n<td>Anal Depth<\/td>\n<td>16 cm<\/td>\n<\/tr>\n<\/tbody>\n<\/table>\n<h4>Tietoja seksinukkesta<\/h4>\n<p>&nbsp;<\/p>","protected":false},"excerpt":{"rendered":"<p>Seksinukkekuvat Kokotaulukot Materiaali TPE P\u00e4\u00e4 + TPE Vartalon korkeus 158 cm H-kuppi Olkap\u00e4\u00e4 31 cm Yl\u00e4rinta 89 cm Alempi<\/p>","protected":false},"featured_media":167065,"comment_status":"open","ping_status":"closed","template":"","meta":[],"product_brand":[],"product_cat":[234,112,231,116,210,107,119],"product_tag":[],"class_list":{"0":"post-167022","1":"product","2":"type-product","3":"status-publish","4":"has-post-thumbnail","6":"product_cat-234","7":"product_cat-150cm-159cm-sex-dolls","8":"product_cat-41kg-45kg","9":"product_cat-big-boobs-sex-doll","10":"product_cat-sex-doll-tumblr","11":"product_cat-skinny-sex-dolls","12":"product_cat-tpe-sex-doll","13":"pa_brand-galaxy-doll","14":"tm-has-options","16":"first","17":"instock","18":"sale","19":"shipping-taxable","20":"purchasable","21":"product-type-simple"},"_links":{"self":[{"href":"https:\/\/zxdoll.com\/fi\/wp-json\/wp\/v2\/product\/167022","targetHints":{"allow":["GET"]}}],"collection":[{"href":"https:\/\/zxdoll.com\/fi\/wp-json\/wp\/v2\/product"}],"about":[{"href":"https:\/\/zxdoll.com\/fi\/wp-json\/wp\/v2\/types\/product"}],"replies":[{"embeddable":true,"href":"https:\/\/zxdoll.com\/fi\/wp-json\/wp\/v2\/comments?post=167022"}],"version-history":[{"count":1,"href":"https:\/\/zxdoll.com\/fi\/wp-json\/wp\/v2\/product\/167022\/revisions"}],"predecessor-version":[{"id":167183,"href":"https:\/\/zxdoll.com\/fi\/wp-json\/wp\/v2\/product\/167022\/revisions\/167183"}],"wp:featuredmedia":[{"embeddable":true,"href":"https:\/\/zxdoll.com\/fi\/wp-json\/wp\/v2\/media\/167065"}],"wp:attachment":[{"href":"https:\/\/zxdoll.com\/fi\/wp-json\/wp\/v2\/media?parent=167022"}],"wp:term":[{"taxonomy":"product_brand","embeddable":true,"href":"https:\/\/zxdoll.com\/fi\/wp-json\/wp\/v2\/product_brand?post=167022"},{"taxonomy":"product_cat","embeddable":true,"href":"https:\/\/zxdoll.com\/fi\/wp-json\/wp\/v2\/product_cat?post=167022"},{"taxonomy":"product_tag","embeddable":true,"href":"https:\/\/zxdoll.com\/fi\/wp-json\/wp\/v2\/product_tag?post=167022"}],"curies":[{"name":"wp","href":"https:\/\/api.w.org\/{rel}","templated":true}]}}