{"id":153609,"date":"2023-08-09T02:58:11","date_gmt":"2023-08-08T18:58:11","guid":{"rendered":"https:\/\/zxdoll.com\/?post_type=product&#038;p=153609"},"modified":"2025-09-09T00:16:22","modified_gmt":"2025-09-08T16:16:22","slug":"sex-doll-testing-ass-hard-fuck","status":"publish","type":"product","link":"https:\/\/zxdoll.com\/fi\/product\/sex-doll-testing-ass-hard-fuck\/","title":{"rendered":"Sex Doll Testing Ass Hard Fuck Brook 160cm"},"content":{"rendered":"<h4><strong>Seksinukkekuvia<\/strong><\/h4>\n\t                <ul class=\"easy-image-gallery thumbnails-16 linked\">\r\n                    <li><a data-fancybox=\"gallery842\" href=\"https:\/\/zxdoll.com\/wp-content\/uploads\/2023\/08\/alaina-doll-4r8g1.jpg\" class=\"eig-popup\" title=\"\" data-caption=\"\" target=\"_blank\"><i class=\"icon-view\"><\/i><span class=\"overlay\"><\/span><img decoding=\"async\" width=\"150\" height=\"150\" src=\"https:\/\/zxdoll.com\/wp-content\/uploads\/2023\/08\/alaina-doll-4r8g1-150x150.jpg\" class=\"attachment-thumbnail size-thumbnail\" alt=\"\" title=\"\"><\/a><\/li><li><a data-fancybox=\"gallery842\" href=\"https:\/\/zxdoll.com\/wp-content\/uploads\/2023\/08\/alaina-doll-4r8g2-533x800.jpg\" class=\"eig-popup\" title=\"\" data-caption=\"\" target=\"_blank\"><i class=\"icon-view\"><\/i><span class=\"overlay\"><\/span><img decoding=\"async\" width=\"150\" height=\"150\" src=\"https:\/\/zxdoll.com\/wp-content\/uploads\/2023\/08\/alaina-doll-4r8g2-150x150.jpg\" class=\"attachment-thumbnail size-thumbnail\" alt=\"\" title=\"\"><\/a><\/li><li><a data-fancybox=\"gallery842\" href=\"https:\/\/zxdoll.com\/wp-content\/uploads\/2023\/08\/alaina-doll-4r8g3-533x800.jpg\" class=\"eig-popup\" title=\"\" data-caption=\"\" target=\"_blank\"><i class=\"icon-view\"><\/i><span class=\"overlay\"><\/span><img decoding=\"async\" width=\"150\" height=\"150\" src=\"https:\/\/zxdoll.com\/wp-content\/uploads\/2023\/08\/alaina-doll-4r8g3-150x150.jpg\" class=\"attachment-thumbnail size-thumbnail\" alt=\"\" title=\"\"><\/a><\/li><li><a data-fancybox=\"gallery842\" href=\"https:\/\/zxdoll.com\/wp-content\/uploads\/2023\/08\/alaina-doll-4r8g4.jpg\" class=\"eig-popup\" title=\"\" data-caption=\"\" target=\"_blank\"><i class=\"icon-view\"><\/i><span class=\"overlay\"><\/span><img loading=\"lazy\" decoding=\"async\" width=\"150\" height=\"150\" src=\"https:\/\/zxdoll.com\/wp-content\/uploads\/2023\/08\/alaina-doll-4r8g4-150x150.jpg\" class=\"attachment-thumbnail size-thumbnail\" alt=\"\" title=\"\"><\/a><\/li><li><a data-fancybox=\"gallery842\" href=\"https:\/\/zxdoll.com\/wp-content\/uploads\/2023\/08\/alaina-doll-4r8g5.jpg\" class=\"eig-popup\" title=\"\" data-caption=\"\" target=\"_blank\"><i class=\"icon-view\"><\/i><span class=\"overlay\"><\/span><img loading=\"lazy\" decoding=\"async\" width=\"150\" height=\"150\" src=\"https:\/\/zxdoll.com\/wp-content\/uploads\/2023\/08\/alaina-doll-4r8g5-150x150.jpg\" class=\"attachment-thumbnail size-thumbnail\" alt=\"\" title=\"\"><\/a><\/li><li><a data-fancybox=\"gallery842\" href=\"https:\/\/zxdoll.com\/wp-content\/uploads\/2023\/08\/alaina-doll-4r8g6.jpg\" class=\"eig-popup\" title=\"\" data-caption=\"\" target=\"_blank\"><i class=\"icon-view\"><\/i><span class=\"overlay\"><\/span><img loading=\"lazy\" decoding=\"async\" width=\"150\" height=\"150\" src=\"https:\/\/zxdoll.com\/wp-content\/uploads\/2023\/08\/alaina-doll-4r8g6-150x150.jpg\" class=\"attachment-thumbnail size-thumbnail\" alt=\"\" title=\"\"><\/a><\/li><li><a data-fancybox=\"gallery842\" href=\"https:\/\/zxdoll.com\/wp-content\/uploads\/2023\/08\/alaina-doll-4r8g7-533x800.jpg\" class=\"eig-popup\" title=\"\" data-caption=\"\" target=\"_blank\"><i class=\"icon-view\"><\/i><span class=\"overlay\"><\/span><img loading=\"lazy\" decoding=\"async\" width=\"150\" height=\"150\" src=\"https:\/\/zxdoll.com\/wp-content\/uploads\/2023\/08\/alaina-doll-4r8g7-150x150.jpg\" class=\"attachment-thumbnail size-thumbnail\" alt=\"\" title=\"\"><\/a><\/li><li><a data-fancybox=\"gallery842\" href=\"https:\/\/zxdoll.com\/wp-content\/uploads\/2023\/08\/alaina-doll-4r8g8.jpg\" class=\"eig-popup\" title=\"\" data-caption=\"\" target=\"_blank\"><i class=\"icon-view\"><\/i><span class=\"overlay\"><\/span><img loading=\"lazy\" decoding=\"async\" width=\"150\" height=\"150\" src=\"https:\/\/zxdoll.com\/wp-content\/uploads\/2023\/08\/alaina-doll-4r8g8-150x150.jpg\" class=\"attachment-thumbnail size-thumbnail\" alt=\"\" title=\"\"><\/a><\/li><li><a data-fancybox=\"gallery842\" href=\"https:\/\/zxdoll.com\/wp-content\/uploads\/2023\/08\/alaina-doll-4r8g9-533x800.jpg\" class=\"eig-popup\" title=\"\" data-caption=\"\" target=\"_blank\"><i class=\"icon-view\"><\/i><span class=\"overlay\"><\/span><img loading=\"lazy\" decoding=\"async\" width=\"150\" height=\"150\" src=\"https:\/\/zxdoll.com\/wp-content\/uploads\/2023\/08\/alaina-doll-4r8g9-150x150.jpg\" class=\"attachment-thumbnail size-thumbnail\" alt=\"\" title=\"\"><\/a><\/li><li><a data-fancybox=\"gallery842\" href=\"https:\/\/zxdoll.com\/wp-content\/uploads\/2023\/08\/alaina-doll-4r8g10-533x800.jpg\" class=\"eig-popup\" title=\"\" data-caption=\"\" target=\"_blank\"><i class=\"icon-view\"><\/i><span class=\"overlay\"><\/span><img loading=\"lazy\" decoding=\"async\" width=\"150\" height=\"150\" src=\"https:\/\/zxdoll.com\/wp-content\/uploads\/2023\/08\/alaina-doll-4r8g10-150x150.jpg\" class=\"attachment-thumbnail size-thumbnail\" alt=\"\" title=\"\"><\/a><\/li><li><a data-fancybox=\"gallery842\" href=\"https:\/\/zxdoll.com\/wp-content\/uploads\/2023\/08\/alaina-doll-4r8g11.jpg\" class=\"eig-popup\" title=\"\" data-caption=\"\" target=\"_blank\"><i class=\"icon-view\"><\/i><span class=\"overlay\"><\/span><img loading=\"lazy\" decoding=\"async\" width=\"150\" height=\"150\" src=\"https:\/\/zxdoll.com\/wp-content\/uploads\/2023\/08\/alaina-doll-4r8g11-150x150.jpg\" class=\"attachment-thumbnail size-thumbnail\" alt=\"\" title=\"\"><\/a><\/li><li><a data-fancybox=\"gallery842\" href=\"https:\/\/zxdoll.com\/wp-content\/uploads\/2023\/08\/alaina-doll-4r8g12-533x800.jpg\" class=\"eig-popup\" title=\"\" data-caption=\"\" target=\"_blank\"><i class=\"icon-view\"><\/i><span class=\"overlay\"><\/span><img loading=\"lazy\" decoding=\"async\" width=\"150\" height=\"150\" src=\"https:\/\/zxdoll.com\/wp-content\/uploads\/2023\/08\/alaina-doll-4r8g12-150x150.jpg\" class=\"attachment-thumbnail size-thumbnail\" alt=\"\" title=\"\"><\/a><\/li><li><a data-fancybox=\"gallery842\" href=\"https:\/\/zxdoll.com\/wp-content\/uploads\/2023\/08\/alaina-doll-4r8g13-533x800.jpg\" class=\"eig-popup\" title=\"\" data-caption=\"\" target=\"_blank\"><i class=\"icon-view\"><\/i><span class=\"overlay\"><\/span><img loading=\"lazy\" decoding=\"async\" width=\"150\" height=\"150\" src=\"https:\/\/zxdoll.com\/wp-content\/uploads\/2023\/08\/alaina-doll-4r8g13-150x150.jpg\" class=\"attachment-thumbnail size-thumbnail\" alt=\"\" title=\"\"><\/a><\/li><li><a data-fancybox=\"gallery842\" href=\"https:\/\/zxdoll.com\/wp-content\/uploads\/2023\/08\/alaina-doll-4r8g14.jpg\" class=\"eig-popup\" title=\"\" data-caption=\"\" target=\"_blank\"><i class=\"icon-view\"><\/i><span class=\"overlay\"><\/span><img loading=\"lazy\" decoding=\"async\" width=\"150\" height=\"150\" src=\"https:\/\/zxdoll.com\/wp-content\/uploads\/2023\/08\/alaina-doll-4r8g14-150x150.jpg\" class=\"attachment-thumbnail size-thumbnail\" alt=\"\" title=\"\"><\/a><\/li><li><a data-fancybox=\"gallery842\" href=\"https:\/\/zxdoll.com\/wp-content\/uploads\/2023\/08\/alaina-doll-4r8g15-533x800.jpg\" class=\"eig-popup\" title=\"\" data-caption=\"\" target=\"_blank\"><i class=\"icon-view\"><\/i><span class=\"overlay\"><\/span><img loading=\"lazy\" decoding=\"async\" width=\"150\" height=\"150\" src=\"https:\/\/zxdoll.com\/wp-content\/uploads\/2023\/08\/alaina-doll-4r8g15-150x150.jpg\" class=\"attachment-thumbnail size-thumbnail\" alt=\"\" title=\"\"><\/a><\/li><li><a data-fancybox=\"gallery842\" href=\"https:\/\/zxdoll.com\/wp-content\/uploads\/2023\/08\/alaina-doll-4r8g16-533x800.jpg\" class=\"eig-popup\" title=\"\" data-caption=\"\" target=\"_blank\"><i class=\"icon-view\"><\/i><span class=\"overlay\"><\/span><img loading=\"lazy\" decoding=\"async\" width=\"150\" height=\"150\" src=\"https:\/\/zxdoll.com\/wp-content\/uploads\/2023\/08\/alaina-doll-4r8g16-150x150.jpg\" class=\"attachment-thumbnail size-thumbnail\" alt=\"\" title=\"\"><\/a><\/li><\/ul>\n<h4>Kokotaulukot<\/h4>\n<table width=\"333\">\n<tbody>\n<tr>\n<td width=\"145\">Materiaali<\/td>\n<td width=\"188\">TPE<\/td>\n<\/tr>\n<tr>\n<td>Korkeus<\/td>\n<td width=\"188\">160 cm<\/td>\n<\/tr>\n<tr>\n<td width=\"145\">Rintakeh\u00e4n yl\u00e4osa<\/td>\n<td>106 cm<\/td>\n<\/tr>\n<tr>\n<td width=\"145\">Alempi rintakeh\u00e4<\/td>\n<td>70 cm<\/td>\n<\/tr>\n<tr>\n<td width=\"145\">Vy\u00f6t\u00e4r\u00f6<\/td>\n<td>63 cm<\/td>\n<\/tr>\n<tr>\n<td width=\"145\">Hip<\/td>\n<td>102 cm<\/td>\n<\/tr>\n<tr>\n<td width=\"145\">Olkap\u00e4\u00e4<\/td>\n<td>36 cm<\/td>\n<\/tr>\n<tr>\n<td width=\"145\">Jalan pituus<\/td>\n<td>77 cm<\/td>\n<\/tr>\n<tr>\n<td width=\"145\">Reiteen<\/td>\n<td>58 cm<\/td>\n<\/tr>\n<tr>\n<td width=\"145\">K\u00e4den pituus<\/td>\n<td>63 cm<\/td>\n<\/tr>\n<tr>\n<td width=\"145\">Pohja<\/td>\n<td>21 cm<\/td>\n<\/tr>\n<tr>\n<td width=\"145\">Em\u00e4ttimen syvyys<\/td>\n<td>18 cm<\/td>\n<\/tr>\n<tr>\n<td width=\"145\">Suullinen syvyys<\/td>\n<td>10 cm<\/td>\n<\/tr>\n<tr>\n<td width=\"145\">Anal Depth<\/td>\n<td>15 cm<\/td>\n<\/tr>\n<tr>\n<td width=\"145\">Nettopaino<\/td>\n<td>45kg<\/td>\n<\/tr>\n<\/tbody>\n<\/table>\n<h4>Tietoja seksinukkesta<\/h4>\n<p>&nbsp;<\/p>","protected":false},"excerpt":{"rendered":"<p>Seksinukkekuvat Kokotaulukot Materiaali TPE Korkeus 160 cm Rintakeh\u00e4 106 cm Rinnan alaosa 70 cm Vy\u00f6t\u00e4r\u00f6 63 cm Lonkka 102 cm Olkap\u00e4\u00e4<\/p>","protected":false},"featured_media":153692,"comment_status":"open","ping_status":"closed","template":"","meta":[],"product_brand":[],"product_cat":[119,75,231,170,116,107],"product_tag":[],"class_list":{"0":"post-153609","1":"product","2":"type-product","3":"status-publish","4":"has-post-thumbnail","6":"product_cat-tpe-sex-doll","7":"product_cat-160cm-170cm-sex-dolls","8":"product_cat-41kg-45kg","9":"product_cat-adult-sex-doll","10":"product_cat-big-boobs-sex-doll","11":"product_cat-skinny-sex-dolls","12":"pa_brand-climax-doll","13":"tm-has-options","15":"first","16":"instock","17":"sale","18":"shipping-taxable","19":"purchasable","20":"product-type-simple"},"_links":{"self":[{"href":"https:\/\/zxdoll.com\/fi\/wp-json\/wp\/v2\/product\/153609","targetHints":{"allow":["GET"]}}],"collection":[{"href":"https:\/\/zxdoll.com\/fi\/wp-json\/wp\/v2\/product"}],"about":[{"href":"https:\/\/zxdoll.com\/fi\/wp-json\/wp\/v2\/types\/product"}],"replies":[{"embeddable":true,"href":"https:\/\/zxdoll.com\/fi\/wp-json\/wp\/v2\/comments?post=153609"}],"version-history":[{"count":3,"href":"https:\/\/zxdoll.com\/fi\/wp-json\/wp\/v2\/product\/153609\/revisions"}],"predecessor-version":[{"id":154179,"href":"https:\/\/zxdoll.com\/fi\/wp-json\/wp\/v2\/product\/153609\/revisions\/154179"}],"wp:featuredmedia":[{"embeddable":true,"href":"https:\/\/zxdoll.com\/fi\/wp-json\/wp\/v2\/media\/153692"}],"wp:attachment":[{"href":"https:\/\/zxdoll.com\/fi\/wp-json\/wp\/v2\/media?parent=153609"}],"wp:term":[{"taxonomy":"product_brand","embeddable":true,"href":"https:\/\/zxdoll.com\/fi\/wp-json\/wp\/v2\/product_brand?post=153609"},{"taxonomy":"product_cat","embeddable":true,"href":"https:\/\/zxdoll.com\/fi\/wp-json\/wp\/v2\/product_cat?post=153609"},{"taxonomy":"product_tag","embeddable":true,"href":"https:\/\/zxdoll.com\/fi\/wp-json\/wp\/v2\/product_tag?post=153609"}],"curies":[{"name":"wp","href":"https:\/\/api.w.org\/{rel}","templated":true}]}}