{"id":137026,"date":"2023-08-04T01:43:47","date_gmt":"2023-08-03T17:43:47","guid":{"rendered":"https:\/\/zxdoll.com\/?post_type=product&#038;p=137026"},"modified":"2025-09-14T10:29:26","modified_gmt":"2025-09-14T02:29:26","slug":"the-new-silver-sex-doll-ass","status":"publish","type":"product","link":"https:\/\/zxdoll.com\/fi\/product\/the-new-silver-sex-doll-ass\/","title":{"rendered":"Uusi Silver Sex Doll Ass Keyla 165cm"},"content":{"rendered":"<h4><strong>Seksinukkekuvia<\/strong><\/h4>\n\t                <ul class=\"easy-image-gallery thumbnails-13 linked\">\r\n                    <li><a data-fancybox=\"gallery600\" href=\"https:\/\/zxdoll.com\/wp-content\/uploads\/2023\/08\/sex-doll-tpe-3e5r1.jpg\" class=\"eig-popup\" title=\"\" data-caption=\"\" target=\"_blank\"><i class=\"icon-view\"><\/i><span class=\"overlay\"><\/span><img decoding=\"async\" width=\"150\" height=\"150\" src=\"https:\/\/zxdoll.com\/wp-content\/uploads\/2023\/08\/sex-doll-tpe-3e5r1-150x150.jpg\" class=\"attachment-thumbnail size-thumbnail\" alt=\"\" srcset=\"https:\/\/zxdoll.com\/wp-content\/uploads\/2023\/08\/sex-doll-tpe-3e5r1-150x150.jpg 150w, https:\/\/zxdoll.com\/wp-content\/uploads\/2023\/08\/sex-doll-tpe-3e5r1-300x300.jpg 300w, https:\/\/zxdoll.com\/wp-content\/uploads\/2023\/08\/sex-doll-tpe-3e5r1-768x768.jpg 768w, https:\/\/zxdoll.com\/wp-content\/uploads\/2023\/08\/sex-doll-tpe-3e5r1-12x12.jpg 12w, https:\/\/zxdoll.com\/wp-content\/uploads\/2023\/08\/sex-doll-tpe-3e5r1-430x430.jpg 430w, https:\/\/zxdoll.com\/wp-content\/uploads\/2023\/08\/sex-doll-tpe-3e5r1-700x700.jpg 700w, https:\/\/zxdoll.com\/wp-content\/uploads\/2023\/08\/sex-doll-tpe-3e5r1.jpg 800w\" sizes=\"(max-width: 150px) 100vw, 150px\" title=\"\"><\/a><\/li><li><a data-fancybox=\"gallery600\" href=\"https:\/\/zxdoll.com\/wp-content\/uploads\/2023\/08\/sex-doll-tpe-3e5r2.jpg\" class=\"eig-popup\" title=\"\" data-caption=\"\" target=\"_blank\"><i class=\"icon-view\"><\/i><span class=\"overlay\"><\/span><img decoding=\"async\" width=\"150\" height=\"150\" src=\"https:\/\/zxdoll.com\/wp-content\/uploads\/2023\/08\/sex-doll-tpe-3e5r2-150x150.jpg\" class=\"attachment-thumbnail size-thumbnail\" alt=\"\" srcset=\"https:\/\/zxdoll.com\/wp-content\/uploads\/2023\/08\/sex-doll-tpe-3e5r2-150x150.jpg 150w, https:\/\/zxdoll.com\/wp-content\/uploads\/2023\/08\/sex-doll-tpe-3e5r2-300x300.jpg 300w, https:\/\/zxdoll.com\/wp-content\/uploads\/2023\/08\/sex-doll-tpe-3e5r2-768x768.jpg 768w, https:\/\/zxdoll.com\/wp-content\/uploads\/2023\/08\/sex-doll-tpe-3e5r2-12x12.jpg 12w, https:\/\/zxdoll.com\/wp-content\/uploads\/2023\/08\/sex-doll-tpe-3e5r2-430x430.jpg 430w, https:\/\/zxdoll.com\/wp-content\/uploads\/2023\/08\/sex-doll-tpe-3e5r2-700x700.jpg 700w, https:\/\/zxdoll.com\/wp-content\/uploads\/2023\/08\/sex-doll-tpe-3e5r2.jpg 800w\" sizes=\"(max-width: 150px) 100vw, 150px\" title=\"\"><\/a><\/li><li><a data-fancybox=\"gallery600\" href=\"https:\/\/zxdoll.com\/wp-content\/uploads\/2023\/08\/sex-doll-tpe-3e5r3.jpg\" class=\"eig-popup\" title=\"\" data-caption=\"\" target=\"_blank\"><i class=\"icon-view\"><\/i><span class=\"overlay\"><\/span><img decoding=\"async\" width=\"150\" height=\"150\" src=\"https:\/\/zxdoll.com\/wp-content\/uploads\/2023\/08\/sex-doll-tpe-3e5r3-150x150.jpg\" class=\"attachment-thumbnail size-thumbnail\" alt=\"\" srcset=\"https:\/\/zxdoll.com\/wp-content\/uploads\/2023\/08\/sex-doll-tpe-3e5r3-150x150.jpg 150w, https:\/\/zxdoll.com\/wp-content\/uploads\/2023\/08\/sex-doll-tpe-3e5r3-300x300.jpg 300w, https:\/\/zxdoll.com\/wp-content\/uploads\/2023\/08\/sex-doll-tpe-3e5r3-768x768.jpg 768w, https:\/\/zxdoll.com\/wp-content\/uploads\/2023\/08\/sex-doll-tpe-3e5r3-12x12.jpg 12w, https:\/\/zxdoll.com\/wp-content\/uploads\/2023\/08\/sex-doll-tpe-3e5r3-430x430.jpg 430w, https:\/\/zxdoll.com\/wp-content\/uploads\/2023\/08\/sex-doll-tpe-3e5r3-700x700.jpg 700w, https:\/\/zxdoll.com\/wp-content\/uploads\/2023\/08\/sex-doll-tpe-3e5r3.jpg 800w\" sizes=\"(max-width: 150px) 100vw, 150px\" title=\"\"><\/a><\/li><li><a data-fancybox=\"gallery600\" href=\"https:\/\/zxdoll.com\/wp-content\/uploads\/2023\/08\/sex-doll-tpe-3e5r4.jpg\" class=\"eig-popup\" title=\"\" data-caption=\"\" target=\"_blank\"><i class=\"icon-view\"><\/i><span class=\"overlay\"><\/span><img loading=\"lazy\" decoding=\"async\" width=\"150\" height=\"150\" src=\"https:\/\/zxdoll.com\/wp-content\/uploads\/2023\/08\/sex-doll-tpe-3e5r4-150x150.jpg\" class=\"attachment-thumbnail size-thumbnail\" alt=\"\" srcset=\"https:\/\/zxdoll.com\/wp-content\/uploads\/2023\/08\/sex-doll-tpe-3e5r4-150x150.jpg 150w, https:\/\/zxdoll.com\/wp-content\/uploads\/2023\/08\/sex-doll-tpe-3e5r4-300x300.jpg 300w, https:\/\/zxdoll.com\/wp-content\/uploads\/2023\/08\/sex-doll-tpe-3e5r4-768x768.jpg 768w, https:\/\/zxdoll.com\/wp-content\/uploads\/2023\/08\/sex-doll-tpe-3e5r4-12x12.jpg 12w, https:\/\/zxdoll.com\/wp-content\/uploads\/2023\/08\/sex-doll-tpe-3e5r4-430x430.jpg 430w, https:\/\/zxdoll.com\/wp-content\/uploads\/2023\/08\/sex-doll-tpe-3e5r4-700x700.jpg 700w, https:\/\/zxdoll.com\/wp-content\/uploads\/2023\/08\/sex-doll-tpe-3e5r4.jpg 800w\" sizes=\"(max-width: 150px) 100vw, 150px\" title=\"\"><\/a><\/li><li><a data-fancybox=\"gallery600\" href=\"https:\/\/zxdoll.com\/wp-content\/uploads\/2023\/08\/sex-doll-tpe-3e5r5.jpg\" class=\"eig-popup\" title=\"\" data-caption=\"\" target=\"_blank\"><i class=\"icon-view\"><\/i><span class=\"overlay\"><\/span><img loading=\"lazy\" decoding=\"async\" width=\"150\" height=\"150\" src=\"https:\/\/zxdoll.com\/wp-content\/uploads\/2023\/08\/sex-doll-tpe-3e5r5-150x150.jpg\" class=\"attachment-thumbnail size-thumbnail\" alt=\"\" srcset=\"https:\/\/zxdoll.com\/wp-content\/uploads\/2023\/08\/sex-doll-tpe-3e5r5-150x150.jpg 150w, https:\/\/zxdoll.com\/wp-content\/uploads\/2023\/08\/sex-doll-tpe-3e5r5-300x300.jpg 300w, https:\/\/zxdoll.com\/wp-content\/uploads\/2023\/08\/sex-doll-tpe-3e5r5-768x768.jpg 768w, https:\/\/zxdoll.com\/wp-content\/uploads\/2023\/08\/sex-doll-tpe-3e5r5-12x12.jpg 12w, https:\/\/zxdoll.com\/wp-content\/uploads\/2023\/08\/sex-doll-tpe-3e5r5-430x430.jpg 430w, https:\/\/zxdoll.com\/wp-content\/uploads\/2023\/08\/sex-doll-tpe-3e5r5-700x700.jpg 700w, https:\/\/zxdoll.com\/wp-content\/uploads\/2023\/08\/sex-doll-tpe-3e5r5.jpg 800w\" sizes=\"(max-width: 150px) 100vw, 150px\" title=\"\"><\/a><\/li><li><a data-fancybox=\"gallery600\" href=\"https:\/\/zxdoll.com\/wp-content\/uploads\/2023\/08\/sex-doll-tpe-3e5r6.jpg\" class=\"eig-popup\" title=\"\" data-caption=\"\" target=\"_blank\"><i class=\"icon-view\"><\/i><span class=\"overlay\"><\/span><img loading=\"lazy\" decoding=\"async\" width=\"150\" height=\"150\" src=\"https:\/\/zxdoll.com\/wp-content\/uploads\/2023\/08\/sex-doll-tpe-3e5r6-150x150.jpg\" class=\"attachment-thumbnail size-thumbnail\" alt=\"\" srcset=\"https:\/\/zxdoll.com\/wp-content\/uploads\/2023\/08\/sex-doll-tpe-3e5r6-150x150.jpg 150w, https:\/\/zxdoll.com\/wp-content\/uploads\/2023\/08\/sex-doll-tpe-3e5r6-300x300.jpg 300w, https:\/\/zxdoll.com\/wp-content\/uploads\/2023\/08\/sex-doll-tpe-3e5r6-768x768.jpg 768w, https:\/\/zxdoll.com\/wp-content\/uploads\/2023\/08\/sex-doll-tpe-3e5r6-12x12.jpg 12w, https:\/\/zxdoll.com\/wp-content\/uploads\/2023\/08\/sex-doll-tpe-3e5r6-430x430.jpg 430w, https:\/\/zxdoll.com\/wp-content\/uploads\/2023\/08\/sex-doll-tpe-3e5r6-700x700.jpg 700w, https:\/\/zxdoll.com\/wp-content\/uploads\/2023\/08\/sex-doll-tpe-3e5r6.jpg 800w\" sizes=\"(max-width: 150px) 100vw, 150px\" title=\"\"><\/a><\/li><li><a data-fancybox=\"gallery600\" href=\"https:\/\/zxdoll.com\/wp-content\/uploads\/2023\/08\/sex-doll-tpe-3e5r7.jpg\" class=\"eig-popup\" title=\"\" data-caption=\"\" target=\"_blank\"><i class=\"icon-view\"><\/i><span class=\"overlay\"><\/span><img loading=\"lazy\" decoding=\"async\" width=\"150\" height=\"150\" src=\"https:\/\/zxdoll.com\/wp-content\/uploads\/2023\/08\/sex-doll-tpe-3e5r7-150x150.jpg\" class=\"attachment-thumbnail size-thumbnail\" alt=\"\" srcset=\"https:\/\/zxdoll.com\/wp-content\/uploads\/2023\/08\/sex-doll-tpe-3e5r7-150x150.jpg 150w, https:\/\/zxdoll.com\/wp-content\/uploads\/2023\/08\/sex-doll-tpe-3e5r7-300x300.jpg 300w, https:\/\/zxdoll.com\/wp-content\/uploads\/2023\/08\/sex-doll-tpe-3e5r7-768x768.jpg 768w, https:\/\/zxdoll.com\/wp-content\/uploads\/2023\/08\/sex-doll-tpe-3e5r7-12x12.jpg 12w, https:\/\/zxdoll.com\/wp-content\/uploads\/2023\/08\/sex-doll-tpe-3e5r7-430x430.jpg 430w, https:\/\/zxdoll.com\/wp-content\/uploads\/2023\/08\/sex-doll-tpe-3e5r7-700x700.jpg 700w, https:\/\/zxdoll.com\/wp-content\/uploads\/2023\/08\/sex-doll-tpe-3e5r7.jpg 800w\" sizes=\"(max-width: 150px) 100vw, 150px\" title=\"\"><\/a><\/li><li><a data-fancybox=\"gallery600\" href=\"https:\/\/zxdoll.com\/wp-content\/uploads\/2023\/08\/sex-doll-tpe-3e5r8.jpg\" class=\"eig-popup\" title=\"\" data-caption=\"\" target=\"_blank\"><i class=\"icon-view\"><\/i><span class=\"overlay\"><\/span><img loading=\"lazy\" decoding=\"async\" width=\"150\" height=\"150\" src=\"https:\/\/zxdoll.com\/wp-content\/uploads\/2023\/08\/sex-doll-tpe-3e5r8-150x150.jpg\" class=\"attachment-thumbnail size-thumbnail\" alt=\"\" srcset=\"https:\/\/zxdoll.com\/wp-content\/uploads\/2023\/08\/sex-doll-tpe-3e5r8-150x150.jpg 150w, https:\/\/zxdoll.com\/wp-content\/uploads\/2023\/08\/sex-doll-tpe-3e5r8-300x300.jpg 300w, https:\/\/zxdoll.com\/wp-content\/uploads\/2023\/08\/sex-doll-tpe-3e5r8-768x768.jpg 768w, https:\/\/zxdoll.com\/wp-content\/uploads\/2023\/08\/sex-doll-tpe-3e5r8-12x12.jpg 12w, https:\/\/zxdoll.com\/wp-content\/uploads\/2023\/08\/sex-doll-tpe-3e5r8-430x430.jpg 430w, https:\/\/zxdoll.com\/wp-content\/uploads\/2023\/08\/sex-doll-tpe-3e5r8-700x700.jpg 700w, https:\/\/zxdoll.com\/wp-content\/uploads\/2023\/08\/sex-doll-tpe-3e5r8.jpg 800w\" sizes=\"(max-width: 150px) 100vw, 150px\" title=\"\"><\/a><\/li><li><a data-fancybox=\"gallery600\" href=\"https:\/\/zxdoll.com\/wp-content\/uploads\/2023\/08\/sex-doll-tpe-3e5r9.jpg\" class=\"eig-popup\" title=\"\" data-caption=\"\" target=\"_blank\"><i class=\"icon-view\"><\/i><span class=\"overlay\"><\/span><img loading=\"lazy\" decoding=\"async\" width=\"150\" height=\"150\" src=\"https:\/\/zxdoll.com\/wp-content\/uploads\/2023\/08\/sex-doll-tpe-3e5r9-150x150.jpg\" class=\"attachment-thumbnail size-thumbnail\" alt=\"\" srcset=\"https:\/\/zxdoll.com\/wp-content\/uploads\/2023\/08\/sex-doll-tpe-3e5r9-150x150.jpg 150w, https:\/\/zxdoll.com\/wp-content\/uploads\/2023\/08\/sex-doll-tpe-3e5r9-300x300.jpg 300w, https:\/\/zxdoll.com\/wp-content\/uploads\/2023\/08\/sex-doll-tpe-3e5r9-768x768.jpg 768w, https:\/\/zxdoll.com\/wp-content\/uploads\/2023\/08\/sex-doll-tpe-3e5r9-12x12.jpg 12w, https:\/\/zxdoll.com\/wp-content\/uploads\/2023\/08\/sex-doll-tpe-3e5r9-430x430.jpg 430w, https:\/\/zxdoll.com\/wp-content\/uploads\/2023\/08\/sex-doll-tpe-3e5r9-700x700.jpg 700w, https:\/\/zxdoll.com\/wp-content\/uploads\/2023\/08\/sex-doll-tpe-3e5r9.jpg 800w\" sizes=\"(max-width: 150px) 100vw, 150px\" title=\"\"><\/a><\/li><li><a data-fancybox=\"gallery600\" href=\"https:\/\/zxdoll.com\/wp-content\/uploads\/2023\/08\/sex-doll-tpe-3e5r10.jpg\" class=\"eig-popup\" title=\"\" data-caption=\"\" target=\"_blank\"><i class=\"icon-view\"><\/i><span class=\"overlay\"><\/span><img loading=\"lazy\" decoding=\"async\" width=\"150\" height=\"150\" src=\"https:\/\/zxdoll.com\/wp-content\/uploads\/2023\/08\/sex-doll-tpe-3e5r10-150x150.jpg\" class=\"attachment-thumbnail size-thumbnail\" alt=\"\" srcset=\"https:\/\/zxdoll.com\/wp-content\/uploads\/2023\/08\/sex-doll-tpe-3e5r10-150x150.jpg 150w, https:\/\/zxdoll.com\/wp-content\/uploads\/2023\/08\/sex-doll-tpe-3e5r10-300x300.jpg 300w, https:\/\/zxdoll.com\/wp-content\/uploads\/2023\/08\/sex-doll-tpe-3e5r10-768x768.jpg 768w, https:\/\/zxdoll.com\/wp-content\/uploads\/2023\/08\/sex-doll-tpe-3e5r10-12x12.jpg 12w, https:\/\/zxdoll.com\/wp-content\/uploads\/2023\/08\/sex-doll-tpe-3e5r10-430x430.jpg 430w, https:\/\/zxdoll.com\/wp-content\/uploads\/2023\/08\/sex-doll-tpe-3e5r10-700x700.jpg 700w, https:\/\/zxdoll.com\/wp-content\/uploads\/2023\/08\/sex-doll-tpe-3e5r10.jpg 800w\" sizes=\"(max-width: 150px) 100vw, 150px\" title=\"\"><\/a><\/li><li><a data-fancybox=\"gallery600\" href=\"https:\/\/zxdoll.com\/wp-content\/uploads\/2023\/08\/sex-doll-tpe-3e5r11-533x800.jpg\" class=\"eig-popup\" title=\"\" data-caption=\"\" target=\"_blank\"><i class=\"icon-view\"><\/i><span class=\"overlay\"><\/span><img loading=\"lazy\" decoding=\"async\" width=\"150\" height=\"150\" src=\"https:\/\/zxdoll.com\/wp-content\/uploads\/2023\/08\/sex-doll-tpe-3e5r11-150x150.jpg\" class=\"attachment-thumbnail size-thumbnail\" alt=\"\" title=\"\"><\/a><\/li><li><a data-fancybox=\"gallery600\" href=\"https:\/\/zxdoll.com\/wp-content\/uploads\/2023\/08\/sex-doll-tpe-3e5r12.jpg\" class=\"eig-popup\" title=\"\" data-caption=\"\" target=\"_blank\"><i class=\"icon-view\"><\/i><span class=\"overlay\"><\/span><img loading=\"lazy\" decoding=\"async\" width=\"150\" height=\"150\" src=\"https:\/\/zxdoll.com\/wp-content\/uploads\/2023\/08\/sex-doll-tpe-3e5r12-150x150.jpg\" class=\"attachment-thumbnail size-thumbnail\" alt=\"\" srcset=\"https:\/\/zxdoll.com\/wp-content\/uploads\/2023\/08\/sex-doll-tpe-3e5r12-150x150.jpg 150w, https:\/\/zxdoll.com\/wp-content\/uploads\/2023\/08\/sex-doll-tpe-3e5r12-300x300.jpg 300w, https:\/\/zxdoll.com\/wp-content\/uploads\/2023\/08\/sex-doll-tpe-3e5r12-768x768.jpg 768w, https:\/\/zxdoll.com\/wp-content\/uploads\/2023\/08\/sex-doll-tpe-3e5r12-12x12.jpg 12w, https:\/\/zxdoll.com\/wp-content\/uploads\/2023\/08\/sex-doll-tpe-3e5r12-430x430.jpg 430w, https:\/\/zxdoll.com\/wp-content\/uploads\/2023\/08\/sex-doll-tpe-3e5r12-700x700.jpg 700w, https:\/\/zxdoll.com\/wp-content\/uploads\/2023\/08\/sex-doll-tpe-3e5r12.jpg 800w\" sizes=\"(max-width: 150px) 100vw, 150px\" title=\"\"><\/a><\/li><li><a data-fancybox=\"gallery600\" href=\"https:\/\/zxdoll.com\/wp-content\/uploads\/2023\/08\/sex-doll-tpe-3e5r13.jpg\" class=\"eig-popup\" title=\"\" data-caption=\"\" target=\"_blank\"><i class=\"icon-view\"><\/i><span class=\"overlay\"><\/span><img loading=\"lazy\" decoding=\"async\" width=\"150\" height=\"150\" src=\"https:\/\/zxdoll.com\/wp-content\/uploads\/2023\/08\/sex-doll-tpe-3e5r13-150x150.jpg\" class=\"attachment-thumbnail size-thumbnail\" alt=\"\" srcset=\"https:\/\/zxdoll.com\/wp-content\/uploads\/2023\/08\/sex-doll-tpe-3e5r13-150x150.jpg 150w, https:\/\/zxdoll.com\/wp-content\/uploads\/2023\/08\/sex-doll-tpe-3e5r13-300x300.jpg 300w, https:\/\/zxdoll.com\/wp-content\/uploads\/2023\/08\/sex-doll-tpe-3e5r13-768x768.jpg 768w, https:\/\/zxdoll.com\/wp-content\/uploads\/2023\/08\/sex-doll-tpe-3e5r13-12x12.jpg 12w, https:\/\/zxdoll.com\/wp-content\/uploads\/2023\/08\/sex-doll-tpe-3e5r13-430x430.jpg 430w, https:\/\/zxdoll.com\/wp-content\/uploads\/2023\/08\/sex-doll-tpe-3e5r13-700x700.jpg 700w, https:\/\/zxdoll.com\/wp-content\/uploads\/2023\/08\/sex-doll-tpe-3e5r13.jpg 800w\" sizes=\"(max-width: 150px) 100vw, 150px\" title=\"\"><\/a><\/li><\/ul>\n<h4>Kokotaulukot<\/h4>\n<table width=\"334\">\n<tbody>\n<tr>\n<td width=\"145\">Materiaali<\/td>\n<td width=\"189\">TPE<\/td>\n<\/tr>\n<tr>\n<td>Korkeus<\/td>\n<td>165 cm<\/td>\n<\/tr>\n<tr>\n<td>Rinta<\/td>\n<td>84 cm<\/td>\n<\/tr>\n<tr>\n<td>Vy\u00f6t\u00e4r\u00f6<\/td>\n<td>59 cm<\/td>\n<\/tr>\n<tr>\n<td>Hip<\/td>\n<td>87 cm<\/td>\n<\/tr>\n<tr>\n<td>Jalan pituus<\/td>\n<td>85 cm<\/td>\n<\/tr>\n<tr>\n<td>Jalan pituus<\/td>\n<td>21 cm<\/td>\n<\/tr>\n<tr>\n<td>Em\u00e4ttimen syvyys<\/td>\n<td>17 cm<\/td>\n<\/tr>\n<tr>\n<td>Anal Depth<\/td>\n<td>17 cm<\/td>\n<\/tr>\n<tr>\n<td>Suullinen syvyys<\/td>\n<td>12 cm<\/td>\n<\/tr>\n<tr>\n<td>Nettopaino<\/td>\n<td>35kg<\/td>\n<\/tr>\n<\/tbody>\n<\/table>\n<h4>Tietoja seksinukkesta<\/h4>\n<p>&nbsp;<\/p>","protected":false},"excerpt":{"rendered":"<p>Seksinukkekuvat Kokotaulukot Materiaali TPE Korkeus 165 cm Rinta 84 cm Vy\u00f6t\u00e4r\u00f6 59 cm lonkka 87 cm jalan pituus 85 cm jalan pituus<\/p>","protected":false},"featured_media":137069,"comment_status":"open","ping_status":"closed","template":"","meta":[],"product_brand":[],"product_cat":[171,75,229,116,107,119],"product_tag":[],"class_list":{"0":"post-137026","1":"product","2":"type-product","3":"status-publish","4":"has-post-thumbnail","6":"product_cat-naked-sex-doll","7":"product_cat-160cm-170cm-sex-dolls","8":"product_cat-31kg-35kg","9":"product_cat-big-boobs-sex-doll","10":"product_cat-skinny-sex-dolls","11":"product_cat-tpe-sex-doll","12":"pa_brand-cos-doll","13":"tm-has-options","15":"first","16":"instock","17":"sale","18":"shipping-taxable","19":"purchasable","20":"product-type-simple"},"_links":{"self":[{"href":"https:\/\/zxdoll.com\/fi\/wp-json\/wp\/v2\/product\/137026","targetHints":{"allow":["GET"]}}],"collection":[{"href":"https:\/\/zxdoll.com\/fi\/wp-json\/wp\/v2\/product"}],"about":[{"href":"https:\/\/zxdoll.com\/fi\/wp-json\/wp\/v2\/types\/product"}],"replies":[{"embeddable":true,"href":"https:\/\/zxdoll.com\/fi\/wp-json\/wp\/v2\/comments?post=137026"}],"version-history":[{"count":1,"href":"https:\/\/zxdoll.com\/fi\/wp-json\/wp\/v2\/product\/137026\/revisions"}],"predecessor-version":[{"id":137102,"href":"https:\/\/zxdoll.com\/fi\/wp-json\/wp\/v2\/product\/137026\/revisions\/137102"}],"wp:featuredmedia":[{"embeddable":true,"href":"https:\/\/zxdoll.com\/fi\/wp-json\/wp\/v2\/media\/137069"}],"wp:attachment":[{"href":"https:\/\/zxdoll.com\/fi\/wp-json\/wp\/v2\/media?parent=137026"}],"wp:term":[{"taxonomy":"product_brand","embeddable":true,"href":"https:\/\/zxdoll.com\/fi\/wp-json\/wp\/v2\/product_brand?post=137026"},{"taxonomy":"product_cat","embeddable":true,"href":"https:\/\/zxdoll.com\/fi\/wp-json\/wp\/v2\/product_cat?post=137026"},{"taxonomy":"product_tag","embeddable":true,"href":"https:\/\/zxdoll.com\/fi\/wp-json\/wp\/v2\/product_tag?post=137026"}],"curies":[{"name":"wp","href":"https:\/\/api.w.org\/{rel}","templated":true}]}}