{"id":122218,"date":"2023-07-27T06:05:44","date_gmt":"2023-07-26T22:05:44","guid":{"rendered":"https:\/\/zxdoll.com\/?post_type=product&#038;p=122218"},"modified":"2025-09-10T22:09:02","modified_gmt":"2025-09-10T14:09:02","slug":"couple-fucking-with-sexy-sex-doll","status":"publish","type":"product","link":"https:\/\/zxdoll.com\/fi\/product\/couple-fucking-with-sexy-sex-doll\/","title":{"rendered":"Pari Vitun Kanssa Seksik\u00e4s Seksinukke Mariko 148cm"},"content":{"rendered":"<h4><strong>Seksinukkekuvia<\/strong><\/h4>\n\t                <ul class=\"easy-image-gallery thumbnails-27 linked\">\r\n                    <li><a data-fancybox=\"gallery286\" href=\"https:\/\/zxdoll.com\/wp-content\/uploads\/2023\/07\/toy-sex-doll-uyhz1-533x800.jpg\" class=\"eig-popup\" title=\"\" data-caption=\"\" target=\"_blank\"><i class=\"icon-view\"><\/i><span class=\"overlay\"><\/span><img decoding=\"async\" width=\"150\" height=\"150\" src=\"https:\/\/zxdoll.com\/wp-content\/uploads\/2023\/07\/toy-sex-doll-uyhz1-150x150.jpg\" class=\"attachment-thumbnail size-thumbnail\" alt=\"\" title=\"\"><\/a><\/li><li><a data-fancybox=\"gallery286\" href=\"https:\/\/zxdoll.com\/wp-content\/uploads\/2023\/07\/toy-sex-doll-uyhz2-533x800.jpg\" class=\"eig-popup\" title=\"\" data-caption=\"\" target=\"_blank\"><i class=\"icon-view\"><\/i><span class=\"overlay\"><\/span><img decoding=\"async\" width=\"150\" height=\"150\" src=\"https:\/\/zxdoll.com\/wp-content\/uploads\/2023\/07\/toy-sex-doll-uyhz2-150x150.jpg\" class=\"attachment-thumbnail size-thumbnail\" alt=\"\" title=\"\"><\/a><\/li><li><a data-fancybox=\"gallery286\" href=\"https:\/\/zxdoll.com\/wp-content\/uploads\/2023\/07\/toy-sex-doll-uyhz3-533x800.jpg\" class=\"eig-popup\" title=\"\" data-caption=\"\" target=\"_blank\"><i class=\"icon-view\"><\/i><span class=\"overlay\"><\/span><img decoding=\"async\" width=\"150\" height=\"150\" src=\"https:\/\/zxdoll.com\/wp-content\/uploads\/2023\/07\/toy-sex-doll-uyhz3-150x150.jpg\" class=\"attachment-thumbnail size-thumbnail\" alt=\"\" title=\"\"><\/a><\/li><li><a data-fancybox=\"gallery286\" href=\"https:\/\/zxdoll.com\/wp-content\/uploads\/2023\/07\/toy-sex-doll-uyhz6-533x800.jpg\" class=\"eig-popup\" title=\"\" data-caption=\"\" target=\"_blank\"><i class=\"icon-view\"><\/i><span class=\"overlay\"><\/span><img loading=\"lazy\" decoding=\"async\" width=\"150\" height=\"150\" src=\"https:\/\/zxdoll.com\/wp-content\/uploads\/2023\/07\/toy-sex-doll-uyhz6-150x150.jpg\" class=\"attachment-thumbnail size-thumbnail\" alt=\"\" title=\"\"><\/a><\/li><li><a data-fancybox=\"gallery286\" href=\"https:\/\/zxdoll.com\/wp-content\/uploads\/2023\/07\/toy-sex-doll-uyhz8-533x800.jpg\" class=\"eig-popup\" title=\"\" data-caption=\"\" target=\"_blank\"><i class=\"icon-view\"><\/i><span class=\"overlay\"><\/span><img loading=\"lazy\" decoding=\"async\" width=\"150\" height=\"150\" src=\"https:\/\/zxdoll.com\/wp-content\/uploads\/2023\/07\/toy-sex-doll-uyhz8-150x150.jpg\" class=\"attachment-thumbnail size-thumbnail\" alt=\"\" title=\"\"><\/a><\/li><li><a data-fancybox=\"gallery286\" href=\"https:\/\/zxdoll.com\/wp-content\/uploads\/2023\/07\/toy-sex-doll-uyhz13-533x800.jpg\" class=\"eig-popup\" title=\"\" data-caption=\"\" target=\"_blank\"><i class=\"icon-view\"><\/i><span class=\"overlay\"><\/span><img loading=\"lazy\" decoding=\"async\" width=\"150\" height=\"150\" src=\"https:\/\/zxdoll.com\/wp-content\/uploads\/2023\/07\/toy-sex-doll-uyhz13-150x150.jpg\" class=\"attachment-thumbnail size-thumbnail\" alt=\"\" title=\"\"><\/a><\/li><li><a data-fancybox=\"gallery286\" href=\"https:\/\/zxdoll.com\/wp-content\/uploads\/2023\/07\/toy-sex-doll-uyhz14-533x800.jpg\" class=\"eig-popup\" title=\"\" data-caption=\"\" target=\"_blank\"><i class=\"icon-view\"><\/i><span class=\"overlay\"><\/span><img loading=\"lazy\" decoding=\"async\" width=\"150\" height=\"150\" src=\"https:\/\/zxdoll.com\/wp-content\/uploads\/2023\/07\/toy-sex-doll-uyhz14-150x150.jpg\" class=\"attachment-thumbnail size-thumbnail\" alt=\"\" title=\"\"><\/a><\/li><li><a data-fancybox=\"gallery286\" href=\"https:\/\/zxdoll.com\/wp-content\/uploads\/2023\/07\/toy-sex-doll-uyhz16-533x800.jpg\" class=\"eig-popup\" title=\"\" data-caption=\"\" target=\"_blank\"><i class=\"icon-view\"><\/i><span class=\"overlay\"><\/span><img loading=\"lazy\" decoding=\"async\" width=\"150\" height=\"150\" src=\"https:\/\/zxdoll.com\/wp-content\/uploads\/2023\/07\/toy-sex-doll-uyhz16-150x150.jpg\" class=\"attachment-thumbnail size-thumbnail\" alt=\"\" title=\"\"><\/a><\/li><li><a data-fancybox=\"gallery286\" href=\"https:\/\/zxdoll.com\/wp-content\/uploads\/2023\/07\/toy-sex-doll-uyhz17-533x800.jpg\" class=\"eig-popup\" title=\"\" data-caption=\"\" target=\"_blank\"><i class=\"icon-view\"><\/i><span class=\"overlay\"><\/span><img loading=\"lazy\" decoding=\"async\" width=\"150\" height=\"150\" src=\"https:\/\/zxdoll.com\/wp-content\/uploads\/2023\/07\/toy-sex-doll-uyhz17-150x150.jpg\" class=\"attachment-thumbnail size-thumbnail\" alt=\"\" title=\"\"><\/a><\/li><li><a data-fancybox=\"gallery286\" href=\"https:\/\/zxdoll.com\/wp-content\/uploads\/2023\/07\/toy-sex-doll-uyhz20-533x800.jpg\" class=\"eig-popup\" title=\"\" data-caption=\"\" target=\"_blank\"><i class=\"icon-view\"><\/i><span class=\"overlay\"><\/span><img loading=\"lazy\" decoding=\"async\" width=\"150\" height=\"150\" src=\"https:\/\/zxdoll.com\/wp-content\/uploads\/2023\/07\/toy-sex-doll-uyhz20-150x150.jpg\" class=\"attachment-thumbnail size-thumbnail\" alt=\"\" title=\"\"><\/a><\/li><li><a data-fancybox=\"gallery286\" href=\"https:\/\/zxdoll.com\/wp-content\/uploads\/2023\/07\/toy-sex-doll-uyhz21-533x800.jpg\" class=\"eig-popup\" title=\"\" data-caption=\"\" target=\"_blank\"><i class=\"icon-view\"><\/i><span class=\"overlay\"><\/span><img loading=\"lazy\" decoding=\"async\" width=\"150\" height=\"150\" src=\"https:\/\/zxdoll.com\/wp-content\/uploads\/2023\/07\/toy-sex-doll-uyhz21-150x150.jpg\" class=\"attachment-thumbnail size-thumbnail\" alt=\"\" title=\"\"><\/a><\/li><li><a data-fancybox=\"gallery286\" href=\"https:\/\/zxdoll.com\/wp-content\/uploads\/2023\/07\/toy-sex-doll-uyhz23-533x800.jpg\" class=\"eig-popup\" title=\"\" data-caption=\"\" target=\"_blank\"><i class=\"icon-view\"><\/i><span class=\"overlay\"><\/span><img loading=\"lazy\" decoding=\"async\" width=\"150\" height=\"150\" src=\"https:\/\/zxdoll.com\/wp-content\/uploads\/2023\/07\/toy-sex-doll-uyhz23-150x150.jpg\" class=\"attachment-thumbnail size-thumbnail\" alt=\"\" title=\"\"><\/a><\/li><li><a data-fancybox=\"gallery286\" href=\"https:\/\/zxdoll.com\/wp-content\/uploads\/2023\/07\/toy-sex-doll-uyhz24-533x800.jpg\" class=\"eig-popup\" title=\"\" data-caption=\"\" target=\"_blank\"><i class=\"icon-view\"><\/i><span class=\"overlay\"><\/span><img loading=\"lazy\" decoding=\"async\" width=\"150\" height=\"150\" src=\"https:\/\/zxdoll.com\/wp-content\/uploads\/2023\/07\/toy-sex-doll-uyhz24-150x150.jpg\" class=\"attachment-thumbnail size-thumbnail\" alt=\"\" title=\"\"><\/a><\/li><li><a data-fancybox=\"gallery286\" href=\"https:\/\/zxdoll.com\/wp-content\/uploads\/2023\/07\/toy-sex-doll-uyhz25-533x800.jpg\" class=\"eig-popup\" title=\"\" data-caption=\"\" target=\"_blank\"><i class=\"icon-view\"><\/i><span class=\"overlay\"><\/span><img loading=\"lazy\" decoding=\"async\" width=\"150\" height=\"150\" src=\"https:\/\/zxdoll.com\/wp-content\/uploads\/2023\/07\/toy-sex-doll-uyhz25-150x150.jpg\" class=\"attachment-thumbnail size-thumbnail\" alt=\"\" title=\"\"><\/a><\/li><li><a data-fancybox=\"gallery286\" href=\"https:\/\/zxdoll.com\/wp-content\/uploads\/2023\/07\/toy-sex-doll-uyhz28-533x800.jpg\" class=\"eig-popup\" title=\"\" data-caption=\"\" target=\"_blank\"><i class=\"icon-view\"><\/i><span class=\"overlay\"><\/span><img loading=\"lazy\" decoding=\"async\" width=\"150\" height=\"150\" src=\"https:\/\/zxdoll.com\/wp-content\/uploads\/2023\/07\/toy-sex-doll-uyhz28-150x150.jpg\" class=\"attachment-thumbnail size-thumbnail\" alt=\"\" title=\"\"><\/a><\/li><li><a data-fancybox=\"gallery286\" href=\"https:\/\/zxdoll.com\/wp-content\/uploads\/2023\/07\/toy-sex-doll-uyhz29-533x800.jpg\" class=\"eig-popup\" title=\"\" data-caption=\"\" target=\"_blank\"><i class=\"icon-view\"><\/i><span class=\"overlay\"><\/span><img loading=\"lazy\" decoding=\"async\" width=\"150\" height=\"150\" src=\"https:\/\/zxdoll.com\/wp-content\/uploads\/2023\/07\/toy-sex-doll-uyhz29-150x150.jpg\" class=\"attachment-thumbnail size-thumbnail\" alt=\"\" title=\"\"><\/a><\/li><li><a data-fancybox=\"gallery286\" href=\"https:\/\/zxdoll.com\/wp-content\/uploads\/2023\/07\/toy-sex-doll-uyhz30-533x800.jpg\" class=\"eig-popup\" title=\"\" data-caption=\"\" target=\"_blank\"><i class=\"icon-view\"><\/i><span class=\"overlay\"><\/span><img loading=\"lazy\" decoding=\"async\" width=\"150\" height=\"150\" src=\"https:\/\/zxdoll.com\/wp-content\/uploads\/2023\/07\/toy-sex-doll-uyhz30-150x150.jpg\" class=\"attachment-thumbnail size-thumbnail\" alt=\"\" title=\"\"><\/a><\/li><li><a data-fancybox=\"gallery286\" href=\"https:\/\/zxdoll.com\/wp-content\/uploads\/2023\/07\/toy-sex-doll-uyhz31-533x800.jpg\" class=\"eig-popup\" title=\"\" data-caption=\"\" target=\"_blank\"><i class=\"icon-view\"><\/i><span class=\"overlay\"><\/span><img loading=\"lazy\" decoding=\"async\" width=\"150\" height=\"150\" src=\"https:\/\/zxdoll.com\/wp-content\/uploads\/2023\/07\/toy-sex-doll-uyhz31-150x150.jpg\" class=\"attachment-thumbnail size-thumbnail\" alt=\"\" title=\"\"><\/a><\/li><li><a data-fancybox=\"gallery286\" href=\"https:\/\/zxdoll.com\/wp-content\/uploads\/2023\/07\/toy-sex-doll-uyhz32-533x800.jpg\" class=\"eig-popup\" title=\"\" data-caption=\"\" target=\"_blank\"><i class=\"icon-view\"><\/i><span class=\"overlay\"><\/span><img loading=\"lazy\" decoding=\"async\" width=\"150\" height=\"150\" src=\"https:\/\/zxdoll.com\/wp-content\/uploads\/2023\/07\/toy-sex-doll-uyhz32-150x150.jpg\" class=\"attachment-thumbnail size-thumbnail\" alt=\"\" title=\"\"><\/a><\/li><li><a data-fancybox=\"gallery286\" href=\"https:\/\/zxdoll.com\/wp-content\/uploads\/2023\/07\/toy-sex-doll-uyhz33-533x800.jpg\" class=\"eig-popup\" title=\"\" data-caption=\"\" target=\"_blank\"><i class=\"icon-view\"><\/i><span class=\"overlay\"><\/span><img loading=\"lazy\" decoding=\"async\" width=\"150\" height=\"150\" src=\"https:\/\/zxdoll.com\/wp-content\/uploads\/2023\/07\/toy-sex-doll-uyhz33-150x150.jpg\" class=\"attachment-thumbnail size-thumbnail\" alt=\"\" title=\"\"><\/a><\/li><li><a data-fancybox=\"gallery286\" href=\"https:\/\/zxdoll.com\/wp-content\/uploads\/2023\/07\/toy-sex-doll-uyhz34-533x800.jpg\" class=\"eig-popup\" title=\"\" data-caption=\"\" target=\"_blank\"><i class=\"icon-view\"><\/i><span class=\"overlay\"><\/span><img loading=\"lazy\" decoding=\"async\" width=\"150\" height=\"150\" src=\"https:\/\/zxdoll.com\/wp-content\/uploads\/2023\/07\/toy-sex-doll-uyhz34-150x150.jpg\" class=\"attachment-thumbnail size-thumbnail\" alt=\"\" title=\"\"><\/a><\/li><li><a data-fancybox=\"gallery286\" href=\"https:\/\/zxdoll.com\/wp-content\/uploads\/2023\/07\/toy-sex-doll-uyhz35-533x800.jpg\" class=\"eig-popup\" title=\"\" data-caption=\"\" target=\"_blank\"><i class=\"icon-view\"><\/i><span class=\"overlay\"><\/span><img loading=\"lazy\" decoding=\"async\" width=\"150\" height=\"150\" src=\"https:\/\/zxdoll.com\/wp-content\/uploads\/2023\/07\/toy-sex-doll-uyhz35-150x150.jpg\" class=\"attachment-thumbnail size-thumbnail\" alt=\"\" title=\"\"><\/a><\/li><li><a data-fancybox=\"gallery286\" href=\"https:\/\/zxdoll.com\/wp-content\/uploads\/2023\/07\/toy-sex-doll-uyhz36-533x800.jpg\" class=\"eig-popup\" title=\"\" data-caption=\"\" target=\"_blank\"><i class=\"icon-view\"><\/i><span class=\"overlay\"><\/span><img loading=\"lazy\" decoding=\"async\" width=\"150\" height=\"150\" src=\"https:\/\/zxdoll.com\/wp-content\/uploads\/2023\/07\/toy-sex-doll-uyhz36-150x150.jpg\" class=\"attachment-thumbnail size-thumbnail\" alt=\"\" title=\"\"><\/a><\/li><li><a data-fancybox=\"gallery286\" href=\"https:\/\/zxdoll.com\/wp-content\/uploads\/2023\/07\/toy-sex-doll-uyhz37-533x800.jpg\" class=\"eig-popup\" title=\"\" data-caption=\"\" target=\"_blank\"><i class=\"icon-view\"><\/i><span class=\"overlay\"><\/span><img loading=\"lazy\" decoding=\"async\" width=\"150\" height=\"150\" src=\"https:\/\/zxdoll.com\/wp-content\/uploads\/2023\/07\/toy-sex-doll-uyhz37-150x150.jpg\" class=\"attachment-thumbnail size-thumbnail\" alt=\"\" title=\"\"><\/a><\/li><li><a data-fancybox=\"gallery286\" href=\"https:\/\/zxdoll.com\/wp-content\/uploads\/2023\/07\/toy-sex-doll-uyhz38-533x800.jpg\" class=\"eig-popup\" title=\"\" data-caption=\"\" target=\"_blank\"><i class=\"icon-view\"><\/i><span class=\"overlay\"><\/span><img loading=\"lazy\" decoding=\"async\" width=\"150\" height=\"150\" src=\"https:\/\/zxdoll.com\/wp-content\/uploads\/2023\/07\/toy-sex-doll-uyhz38-150x150.jpg\" class=\"attachment-thumbnail size-thumbnail\" alt=\"\" title=\"\"><\/a><\/li><li><a data-fancybox=\"gallery286\" href=\"https:\/\/zxdoll.com\/wp-content\/uploads\/2023\/07\/toy-sex-doll-uyhz39-533x800.jpg\" class=\"eig-popup\" title=\"\" data-caption=\"\" target=\"_blank\"><i class=\"icon-view\"><\/i><span class=\"overlay\"><\/span><img loading=\"lazy\" decoding=\"async\" width=\"150\" height=\"150\" src=\"https:\/\/zxdoll.com\/wp-content\/uploads\/2023\/07\/toy-sex-doll-uyhz39-150x150.jpg\" class=\"attachment-thumbnail size-thumbnail\" alt=\"\" title=\"\"><\/a><\/li><li><a data-fancybox=\"gallery286\" href=\"https:\/\/zxdoll.com\/wp-content\/uploads\/2023\/07\/toy-sex-doll-uyhz40.jpg\" class=\"eig-popup\" title=\"\" data-caption=\"\" target=\"_blank\"><i class=\"icon-view\"><\/i><span class=\"overlay\"><\/span><img loading=\"lazy\" decoding=\"async\" width=\"100\" height=\"150\" src=\"https:\/\/zxdoll.com\/wp-content\/uploads\/2023\/07\/toy-sex-doll-uyhz40.jpg\" class=\"attachment-thumbnail size-thumbnail\" alt=\"\" title=\"\"><\/a><\/li><\/ul>\n<h4>Kokotaulukot<\/h4>\n<table width=\"345\">\n<tbody>\n<tr>\n<td width=\"145\">Materiaali<\/td>\n<td width=\"200\">Silikonip\u00e4\u00e4 + TPE-runko<\/td>\n<\/tr>\n<tr>\n<td>Korkeus<\/td>\n<td>148 cm<\/td>\n<\/tr>\n<tr>\n<td>Rintakuva<\/td>\n<td>74 cm<\/td>\n<\/tr>\n<tr>\n<td>Vy\u00f6t\u00e4r\u00f6<\/td>\n<td>52 cm<\/td>\n<\/tr>\n<tr>\n<td>Hip<\/td>\n<td>80 cm<\/td>\n<\/tr>\n<tr>\n<td>K\u00e4sivarren leveys<\/td>\n<td>42 cm<\/td>\n<\/tr>\n<tr>\n<td>Hartianleveys<\/td>\n<td>32 cm<\/td>\n<\/tr>\n<tr>\n<td>Jalan pituus<\/td>\n<td>76 cm<\/td>\n<\/tr>\n<tr>\n<td>Jalan pituus<\/td>\n<td>19 cm<\/td>\n<\/tr>\n<tr>\n<td>Em\u00e4ttimen syvyys<\/td>\n<td>18 cm<\/td>\n<\/tr>\n<tr>\n<td>Anal Depth<\/td>\n<td>14 cm<\/td>\n<\/tr>\n<tr>\n<td>Nettopaino<\/td>\n<td>28,8 kg<\/td>\n<\/tr>\n<\/tbody>\n<\/table>\n<h4>Tietoja seksinukkesta<\/h4>\n<p>&nbsp;<\/p>","protected":false},"excerpt":{"rendered":"<p>Seksinukkekuvat Kokotaulukot Materiaali Silikoni P\u00e4\u00e4 + TPE Vartalon korkeus 148cm Rinnanymp\u00e4rys 74cm Vy\u00f6t\u00e4r\u00f6 52cm Lonkka 80cm K\u00e4sivarsi<\/p>","protected":false},"featured_media":122590,"comment_status":"open","ping_status":"closed","template":"","meta":[],"product_brand":[],"product_cat":[107,74,228,192,117,161],"product_tag":[],"class_list":{"0":"post-122218","1":"product","2":"type-product","3":"status-publish","4":"has-post-thumbnail","6":"product_cat-skinny-sex-dolls","7":"product_cat-140cm-149cm-sex-dolls","8":"product_cat-26kg-30kg","9":"product_cat-hybrid-doll","10":"product_cat-small-breast-sex-doll","11":"product_cat-xxx-dolls","12":"pa_brand-fu-doll","13":"tm-has-options","15":"first","16":"instock","17":"sale","18":"shipping-taxable","19":"purchasable","20":"product-type-simple"},"_links":{"self":[{"href":"https:\/\/zxdoll.com\/fi\/wp-json\/wp\/v2\/product\/122218","targetHints":{"allow":["GET"]}}],"collection":[{"href":"https:\/\/zxdoll.com\/fi\/wp-json\/wp\/v2\/product"}],"about":[{"href":"https:\/\/zxdoll.com\/fi\/wp-json\/wp\/v2\/types\/product"}],"replies":[{"embeddable":true,"href":"https:\/\/zxdoll.com\/fi\/wp-json\/wp\/v2\/comments?post=122218"}],"version-history":[{"count":3,"href":"https:\/\/zxdoll.com\/fi\/wp-json\/wp\/v2\/product\/122218\/revisions"}],"predecessor-version":[{"id":154594,"href":"https:\/\/zxdoll.com\/fi\/wp-json\/wp\/v2\/product\/122218\/revisions\/154594"}],"wp:featuredmedia":[{"embeddable":true,"href":"https:\/\/zxdoll.com\/fi\/wp-json\/wp\/v2\/media\/122590"}],"wp:attachment":[{"href":"https:\/\/zxdoll.com\/fi\/wp-json\/wp\/v2\/media?parent=122218"}],"wp:term":[{"taxonomy":"product_brand","embeddable":true,"href":"https:\/\/zxdoll.com\/fi\/wp-json\/wp\/v2\/product_brand?post=122218"},{"taxonomy":"product_cat","embeddable":true,"href":"https:\/\/zxdoll.com\/fi\/wp-json\/wp\/v2\/product_cat?post=122218"},{"taxonomy":"product_tag","embeddable":true,"href":"https:\/\/zxdoll.com\/fi\/wp-json\/wp\/v2\/product_tag?post=122218"}],"curies":[{"name":"wp","href":"https:\/\/api.w.org\/{rel}","templated":true}]}}