{"id":119082,"date":"2023-07-26T18:18:29","date_gmt":"2023-07-26T10:18:29","guid":{"rendered":"https:\/\/zxdoll.com\/?post_type=product&#038;p=119082"},"modified":"2025-09-12T21:02:38","modified_gmt":"2025-09-12T13:02:38","slug":"over-watch-tracer-sex-doll-boobs","status":"publish","type":"product","link":"https:\/\/zxdoll.com\/fi\/product\/over-watch-tracer-sex-doll-boobs\/","title":{"rendered":"Over Watch Tracer Sex Doll Boobs Gratia 163cm"},"content":{"rendered":"<h4><strong>Seksinukkekuvia<\/strong><\/h4>\n\t                <ul class=\"easy-image-gallery thumbnails-31 linked\">\r\n                    <li><a data-fancybox=\"gallery728\" href=\"https:\/\/zxdoll.com\/wp-content\/uploads\/2023\/07\/sex-dolls-fuck-tgexw1-600x800.jpg\" class=\"eig-popup\" title=\"\" data-caption=\"\" target=\"_blank\"><i class=\"icon-view\"><\/i><span class=\"overlay\"><\/span><img decoding=\"async\" width=\"150\" height=\"150\" src=\"https:\/\/zxdoll.com\/wp-content\/uploads\/2023\/07\/sex-dolls-fuck-tgexw1-150x150.jpg\" class=\"attachment-thumbnail size-thumbnail\" alt=\"\" title=\"\"><\/a><\/li><li><a data-fancybox=\"gallery728\" href=\"https:\/\/zxdoll.com\/wp-content\/uploads\/2023\/07\/sex-dolls-fuck-tgexw2-600x800.jpg\" class=\"eig-popup\" title=\"\" data-caption=\"\" target=\"_blank\"><i class=\"icon-view\"><\/i><span class=\"overlay\"><\/span><img decoding=\"async\" width=\"150\" height=\"150\" src=\"https:\/\/zxdoll.com\/wp-content\/uploads\/2023\/07\/sex-dolls-fuck-tgexw2-150x150.jpg\" class=\"attachment-thumbnail size-thumbnail\" alt=\"\" title=\"\"><\/a><\/li><li><a data-fancybox=\"gallery728\" href=\"https:\/\/zxdoll.com\/wp-content\/uploads\/2023\/07\/sex-dolls-fuck-tgexw3-600x800.jpg\" class=\"eig-popup\" title=\"\" data-caption=\"\" target=\"_blank\"><i class=\"icon-view\"><\/i><span class=\"overlay\"><\/span><img decoding=\"async\" width=\"150\" height=\"150\" src=\"https:\/\/zxdoll.com\/wp-content\/uploads\/2023\/07\/sex-dolls-fuck-tgexw3-150x150.jpg\" class=\"attachment-thumbnail size-thumbnail\" alt=\"\" title=\"\"><\/a><\/li><li><a data-fancybox=\"gallery728\" href=\"https:\/\/zxdoll.com\/wp-content\/uploads\/2023\/07\/sex-dolls-fuck-tgexw4-600x800.jpg\" class=\"eig-popup\" title=\"\" data-caption=\"\" target=\"_blank\"><i class=\"icon-view\"><\/i><span class=\"overlay\"><\/span><img loading=\"lazy\" decoding=\"async\" width=\"150\" height=\"150\" src=\"https:\/\/zxdoll.com\/wp-content\/uploads\/2023\/07\/sex-dolls-fuck-tgexw4-150x150.jpg\" class=\"attachment-thumbnail size-thumbnail\" alt=\"\" title=\"\"><\/a><\/li><li><a data-fancybox=\"gallery728\" href=\"https:\/\/zxdoll.com\/wp-content\/uploads\/2023\/07\/sex-dolls-fuck-tgexw5-600x800.jpg\" class=\"eig-popup\" title=\"\" data-caption=\"\" target=\"_blank\"><i class=\"icon-view\"><\/i><span class=\"overlay\"><\/span><img loading=\"lazy\" decoding=\"async\" width=\"150\" height=\"150\" src=\"https:\/\/zxdoll.com\/wp-content\/uploads\/2023\/07\/sex-dolls-fuck-tgexw5-150x150.jpg\" class=\"attachment-thumbnail size-thumbnail\" alt=\"\" title=\"\"><\/a><\/li><li><a data-fancybox=\"gallery728\" href=\"https:\/\/zxdoll.com\/wp-content\/uploads\/2023\/07\/sex-dolls-fuck-tgexw6-600x800.jpg\" class=\"eig-popup\" title=\"\" data-caption=\"\" target=\"_blank\"><i class=\"icon-view\"><\/i><span class=\"overlay\"><\/span><img loading=\"lazy\" decoding=\"async\" width=\"150\" height=\"150\" src=\"https:\/\/zxdoll.com\/wp-content\/uploads\/2023\/07\/sex-dolls-fuck-tgexw6-150x150.jpg\" class=\"attachment-thumbnail size-thumbnail\" alt=\"\" title=\"\"><\/a><\/li><li><a data-fancybox=\"gallery728\" href=\"https:\/\/zxdoll.com\/wp-content\/uploads\/2023\/07\/sex-dolls-fuck-tgexw7-600x800.jpg\" class=\"eig-popup\" title=\"\" data-caption=\"\" target=\"_blank\"><i class=\"icon-view\"><\/i><span class=\"overlay\"><\/span><img loading=\"lazy\" decoding=\"async\" width=\"150\" height=\"150\" src=\"https:\/\/zxdoll.com\/wp-content\/uploads\/2023\/07\/sex-dolls-fuck-tgexw7-150x150.jpg\" class=\"attachment-thumbnail size-thumbnail\" alt=\"\" title=\"\"><\/a><\/li><li><a data-fancybox=\"gallery728\" href=\"https:\/\/zxdoll.com\/wp-content\/uploads\/2023\/07\/sex-dolls-fuck-tgexw8-600x800.jpg\" class=\"eig-popup\" title=\"\" data-caption=\"\" target=\"_blank\"><i class=\"icon-view\"><\/i><span class=\"overlay\"><\/span><img loading=\"lazy\" decoding=\"async\" width=\"150\" height=\"150\" src=\"https:\/\/zxdoll.com\/wp-content\/uploads\/2023\/07\/sex-dolls-fuck-tgexw8-150x150.jpg\" class=\"attachment-thumbnail size-thumbnail\" alt=\"\" title=\"\"><\/a><\/li><li><a data-fancybox=\"gallery728\" href=\"https:\/\/zxdoll.com\/wp-content\/uploads\/2023\/07\/sex-dolls-fuck-tgexw9-600x800.jpg\" class=\"eig-popup\" title=\"\" data-caption=\"\" target=\"_blank\"><i class=\"icon-view\"><\/i><span class=\"overlay\"><\/span><img loading=\"lazy\" decoding=\"async\" width=\"150\" height=\"150\" src=\"https:\/\/zxdoll.com\/wp-content\/uploads\/2023\/07\/sex-dolls-fuck-tgexw9-150x150.jpg\" class=\"attachment-thumbnail size-thumbnail\" alt=\"\" title=\"\"><\/a><\/li><li><a data-fancybox=\"gallery728\" href=\"https:\/\/zxdoll.com\/wp-content\/uploads\/2023\/07\/sex-dolls-fuck-tgexw10-600x800.jpg\" class=\"eig-popup\" title=\"\" data-caption=\"\" target=\"_blank\"><i class=\"icon-view\"><\/i><span class=\"overlay\"><\/span><img loading=\"lazy\" decoding=\"async\" width=\"150\" height=\"150\" src=\"https:\/\/zxdoll.com\/wp-content\/uploads\/2023\/07\/sex-dolls-fuck-tgexw10-150x150.jpg\" class=\"attachment-thumbnail size-thumbnail\" alt=\"\" title=\"\"><\/a><\/li><li><a data-fancybox=\"gallery728\" href=\"https:\/\/zxdoll.com\/wp-content\/uploads\/2023\/07\/sex-dolls-fuck-tgexw11-600x800.jpg\" class=\"eig-popup\" title=\"\" data-caption=\"\" target=\"_blank\"><i class=\"icon-view\"><\/i><span class=\"overlay\"><\/span><img loading=\"lazy\" decoding=\"async\" width=\"150\" height=\"150\" src=\"https:\/\/zxdoll.com\/wp-content\/uploads\/2023\/07\/sex-dolls-fuck-tgexw11-150x150.jpg\" class=\"attachment-thumbnail size-thumbnail\" alt=\"\" title=\"\"><\/a><\/li><li><a data-fancybox=\"gallery728\" href=\"https:\/\/zxdoll.com\/wp-content\/uploads\/2023\/07\/sex-dolls-fuck-tgexw12-600x800.jpg\" class=\"eig-popup\" title=\"\" data-caption=\"\" target=\"_blank\"><i class=\"icon-view\"><\/i><span class=\"overlay\"><\/span><img loading=\"lazy\" decoding=\"async\" width=\"150\" height=\"150\" src=\"https:\/\/zxdoll.com\/wp-content\/uploads\/2023\/07\/sex-dolls-fuck-tgexw12-150x150.jpg\" class=\"attachment-thumbnail size-thumbnail\" alt=\"\" title=\"\"><\/a><\/li><li><a data-fancybox=\"gallery728\" href=\"https:\/\/zxdoll.com\/wp-content\/uploads\/2023\/07\/sex-dolls-fuck-tgexw13-533x800.jpg\" class=\"eig-popup\" title=\"\" data-caption=\"\" target=\"_blank\"><i class=\"icon-view\"><\/i><span class=\"overlay\"><\/span><img loading=\"lazy\" decoding=\"async\" width=\"150\" height=\"150\" src=\"https:\/\/zxdoll.com\/wp-content\/uploads\/2023\/07\/sex-dolls-fuck-tgexw13-150x150.jpg\" class=\"attachment-thumbnail size-thumbnail\" alt=\"\" title=\"\"><\/a><\/li><li><a data-fancybox=\"gallery728\" href=\"https:\/\/zxdoll.com\/wp-content\/uploads\/2023\/07\/sex-dolls-fuck-tgexw14-533x800.jpg\" class=\"eig-popup\" title=\"\" data-caption=\"\" target=\"_blank\"><i class=\"icon-view\"><\/i><span class=\"overlay\"><\/span><img loading=\"lazy\" decoding=\"async\" width=\"150\" height=\"150\" src=\"https:\/\/zxdoll.com\/wp-content\/uploads\/2023\/07\/sex-dolls-fuck-tgexw14-150x150.jpg\" class=\"attachment-thumbnail size-thumbnail\" alt=\"\" title=\"\"><\/a><\/li><li><a data-fancybox=\"gallery728\" href=\"https:\/\/zxdoll.com\/wp-content\/uploads\/2023\/07\/sex-dolls-fuck-tgexw15-533x800.jpg\" class=\"eig-popup\" title=\"\" data-caption=\"\" target=\"_blank\"><i class=\"icon-view\"><\/i><span class=\"overlay\"><\/span><img loading=\"lazy\" decoding=\"async\" width=\"150\" height=\"150\" src=\"https:\/\/zxdoll.com\/wp-content\/uploads\/2023\/07\/sex-dolls-fuck-tgexw15-150x150.jpg\" class=\"attachment-thumbnail size-thumbnail\" alt=\"\" title=\"\"><\/a><\/li><li><a data-fancybox=\"gallery728\" href=\"https:\/\/zxdoll.com\/wp-content\/uploads\/2023\/07\/sex-dolls-fuck-tgexw16.jpg\" class=\"eig-popup\" title=\"\" data-caption=\"\" target=\"_blank\"><i class=\"icon-view\"><\/i><span class=\"overlay\"><\/span><img loading=\"lazy\" decoding=\"async\" width=\"150\" height=\"150\" src=\"https:\/\/zxdoll.com\/wp-content\/uploads\/2023\/07\/sex-dolls-fuck-tgexw16-150x150.jpg\" class=\"attachment-thumbnail size-thumbnail\" alt=\"\" title=\"\"><\/a><\/li><li><a data-fancybox=\"gallery728\" href=\"https:\/\/zxdoll.com\/wp-content\/uploads\/2023\/07\/sex-dolls-fuck-tgexw17-533x800.jpg\" class=\"eig-popup\" title=\"\" data-caption=\"\" target=\"_blank\"><i class=\"icon-view\"><\/i><span class=\"overlay\"><\/span><img loading=\"lazy\" decoding=\"async\" width=\"150\" height=\"150\" src=\"https:\/\/zxdoll.com\/wp-content\/uploads\/2023\/07\/sex-dolls-fuck-tgexw17-150x150.jpg\" class=\"attachment-thumbnail size-thumbnail\" alt=\"\" title=\"\"><\/a><\/li><li><a data-fancybox=\"gallery728\" href=\"https:\/\/zxdoll.com\/wp-content\/uploads\/2023\/07\/sex-dolls-fuck-tgexw18.jpg\" class=\"eig-popup\" title=\"\" data-caption=\"\" target=\"_blank\"><i class=\"icon-view\"><\/i><span class=\"overlay\"><\/span><img loading=\"lazy\" decoding=\"async\" width=\"150\" height=\"150\" src=\"https:\/\/zxdoll.com\/wp-content\/uploads\/2023\/07\/sex-dolls-fuck-tgexw18-150x150.jpg\" class=\"attachment-thumbnail size-thumbnail\" alt=\"\" title=\"\"><\/a><\/li><li><a data-fancybox=\"gallery728\" href=\"https:\/\/zxdoll.com\/wp-content\/uploads\/2023\/07\/sex-dolls-fuck-tgexw19-533x800.jpg\" class=\"eig-popup\" title=\"\" data-caption=\"\" target=\"_blank\"><i class=\"icon-view\"><\/i><span class=\"overlay\"><\/span><img loading=\"lazy\" decoding=\"async\" width=\"150\" height=\"150\" src=\"https:\/\/zxdoll.com\/wp-content\/uploads\/2023\/07\/sex-dolls-fuck-tgexw19-150x150.jpg\" class=\"attachment-thumbnail size-thumbnail\" alt=\"\" title=\"\"><\/a><\/li><li><a data-fancybox=\"gallery728\" href=\"https:\/\/zxdoll.com\/wp-content\/uploads\/2023\/07\/sex-dolls-fuck-tgexw20.jpg\" class=\"eig-popup\" title=\"\" data-caption=\"\" target=\"_blank\"><i class=\"icon-view\"><\/i><span class=\"overlay\"><\/span><img loading=\"lazy\" decoding=\"async\" width=\"150\" height=\"150\" src=\"https:\/\/zxdoll.com\/wp-content\/uploads\/2023\/07\/sex-dolls-fuck-tgexw20-150x150.jpg\" class=\"attachment-thumbnail size-thumbnail\" alt=\"\" title=\"\"><\/a><\/li><li><a data-fancybox=\"gallery728\" href=\"https:\/\/zxdoll.com\/wp-content\/uploads\/2023\/07\/sex-dolls-fuck-tgexw21-533x800.jpg\" class=\"eig-popup\" title=\"\" data-caption=\"\" target=\"_blank\"><i class=\"icon-view\"><\/i><span class=\"overlay\"><\/span><img loading=\"lazy\" decoding=\"async\" width=\"150\" height=\"150\" src=\"https:\/\/zxdoll.com\/wp-content\/uploads\/2023\/07\/sex-dolls-fuck-tgexw21-150x150.jpg\" class=\"attachment-thumbnail size-thumbnail\" alt=\"\" title=\"\"><\/a><\/li><li><a data-fancybox=\"gallery728\" href=\"https:\/\/zxdoll.com\/wp-content\/uploads\/2023\/07\/sex-dolls-fuck-tgexw22.jpg\" class=\"eig-popup\" title=\"\" data-caption=\"\" target=\"_blank\"><i class=\"icon-view\"><\/i><span class=\"overlay\"><\/span><img loading=\"lazy\" decoding=\"async\" width=\"150\" height=\"150\" src=\"https:\/\/zxdoll.com\/wp-content\/uploads\/2023\/07\/sex-dolls-fuck-tgexw22-150x150.jpg\" class=\"attachment-thumbnail size-thumbnail\" alt=\"\" title=\"\"><\/a><\/li><li><a data-fancybox=\"gallery728\" href=\"https:\/\/zxdoll.com\/wp-content\/uploads\/2023\/07\/sex-dolls-fuck-tgexw23.jpg\" class=\"eig-popup\" title=\"\" data-caption=\"\" target=\"_blank\"><i class=\"icon-view\"><\/i><span class=\"overlay\"><\/span><img loading=\"lazy\" decoding=\"async\" width=\"150\" height=\"150\" src=\"https:\/\/zxdoll.com\/wp-content\/uploads\/2023\/07\/sex-dolls-fuck-tgexw23-150x150.jpg\" class=\"attachment-thumbnail size-thumbnail\" alt=\"\" title=\"\"><\/a><\/li><li><a data-fancybox=\"gallery728\" href=\"https:\/\/zxdoll.com\/wp-content\/uploads\/2023\/07\/sex-dolls-fuck-tgexw24-533x800.jpg\" class=\"eig-popup\" title=\"\" data-caption=\"\" target=\"_blank\"><i class=\"icon-view\"><\/i><span class=\"overlay\"><\/span><img loading=\"lazy\" decoding=\"async\" width=\"150\" height=\"150\" src=\"https:\/\/zxdoll.com\/wp-content\/uploads\/2023\/07\/sex-dolls-fuck-tgexw24-150x150.jpg\" class=\"attachment-thumbnail size-thumbnail\" alt=\"\" title=\"\"><\/a><\/li><li><a data-fancybox=\"gallery728\" href=\"https:\/\/zxdoll.com\/wp-content\/uploads\/2023\/07\/sex-dolls-fuck-tgexw25-450x800.jpg\" class=\"eig-popup\" title=\"\" data-caption=\"\" target=\"_blank\"><i class=\"icon-view\"><\/i><span class=\"overlay\"><\/span><img loading=\"lazy\" decoding=\"async\" width=\"150\" height=\"150\" src=\"https:\/\/zxdoll.com\/wp-content\/uploads\/2023\/07\/sex-dolls-fuck-tgexw25-150x150.jpg\" class=\"attachment-thumbnail size-thumbnail\" alt=\"\" title=\"\"><\/a><\/li><li><a data-fancybox=\"gallery728\" href=\"https:\/\/zxdoll.com\/wp-content\/uploads\/2023\/07\/sex-dolls-fuck-tgexw26-450x800.jpg\" class=\"eig-popup\" title=\"\" data-caption=\"\" target=\"_blank\"><i class=\"icon-view\"><\/i><span class=\"overlay\"><\/span><img loading=\"lazy\" decoding=\"async\" width=\"150\" height=\"150\" src=\"https:\/\/zxdoll.com\/wp-content\/uploads\/2023\/07\/sex-dolls-fuck-tgexw26-150x150.jpg\" class=\"attachment-thumbnail size-thumbnail\" alt=\"\" title=\"\"><\/a><\/li><li><a data-fancybox=\"gallery728\" href=\"https:\/\/zxdoll.com\/wp-content\/uploads\/2023\/07\/sex-dolls-fuck-tgexw27.jpg\" class=\"eig-popup\" title=\"\" data-caption=\"\" target=\"_blank\"><i class=\"icon-view\"><\/i><span class=\"overlay\"><\/span><img loading=\"lazy\" decoding=\"async\" width=\"150\" height=\"150\" src=\"https:\/\/zxdoll.com\/wp-content\/uploads\/2023\/07\/sex-dolls-fuck-tgexw27-150x150.jpg\" class=\"attachment-thumbnail size-thumbnail\" alt=\"\" title=\"\"><\/a><\/li><li><a data-fancybox=\"gallery728\" href=\"https:\/\/zxdoll.com\/wp-content\/uploads\/2023\/07\/sex-dolls-fuck-tgexw28-600x800.jpg\" class=\"eig-popup\" title=\"\" data-caption=\"\" target=\"_blank\"><i class=\"icon-view\"><\/i><span class=\"overlay\"><\/span><img loading=\"lazy\" decoding=\"async\" width=\"150\" height=\"150\" src=\"https:\/\/zxdoll.com\/wp-content\/uploads\/2023\/07\/sex-dolls-fuck-tgexw28-150x150.jpg\" class=\"attachment-thumbnail size-thumbnail\" alt=\"\" title=\"\"><\/a><\/li><li><a data-fancybox=\"gallery728\" href=\"https:\/\/zxdoll.com\/wp-content\/uploads\/2023\/07\/sex-dolls-fuck-tgexw29-600x800.jpg\" class=\"eig-popup\" title=\"\" data-caption=\"\" target=\"_blank\"><i class=\"icon-view\"><\/i><span class=\"overlay\"><\/span><img loading=\"lazy\" decoding=\"async\" width=\"150\" height=\"150\" src=\"https:\/\/zxdoll.com\/wp-content\/uploads\/2023\/07\/sex-dolls-fuck-tgexw29-150x150.jpg\" class=\"attachment-thumbnail size-thumbnail\" alt=\"\" title=\"\"><\/a><\/li><li><a data-fancybox=\"gallery728\" href=\"https:\/\/zxdoll.com\/wp-content\/uploads\/2023\/07\/sex-dolls-fuck-tgexw30-600x800.jpg\" class=\"eig-popup\" title=\"\" data-caption=\"\" target=\"_blank\"><i class=\"icon-view\"><\/i><span class=\"overlay\"><\/span><img loading=\"lazy\" decoding=\"async\" width=\"150\" height=\"150\" src=\"https:\/\/zxdoll.com\/wp-content\/uploads\/2023\/07\/sex-dolls-fuck-tgexw30-150x150.jpg\" class=\"attachment-thumbnail size-thumbnail\" alt=\"\" title=\"\"><\/a><\/li><li><a data-fancybox=\"gallery728\" href=\"https:\/\/zxdoll.com\/wp-content\/uploads\/2023\/07\/sex-dolls-fuck-tgexw31-600x800.jpg\" class=\"eig-popup\" title=\"\" data-caption=\"\" target=\"_blank\"><i class=\"icon-view\"><\/i><span class=\"overlay\"><\/span><img loading=\"lazy\" decoding=\"async\" width=\"150\" height=\"150\" src=\"https:\/\/zxdoll.com\/wp-content\/uploads\/2023\/07\/sex-dolls-fuck-tgexw31-150x150.jpg\" class=\"attachment-thumbnail size-thumbnail\" alt=\"\" title=\"\"><\/a><\/li><\/ul>\n<h4>Kokotaulukot<\/h4>\n<table width=\"236\">\n<tbody>\n<tr>\n<td width=\"129\">Materiaali<\/td>\n<td width=\"107\">TPE<\/td>\n<\/tr>\n<tr>\n<td>Kehon koko<\/td>\n<td>163 cm C-kuppi<\/td>\n<\/tr>\n<tr>\n<td>Nettopaino<\/td>\n<td>34 kg<\/td>\n<\/tr>\n<tr>\n<td>T\u00e4ysi rintakuva<\/td>\n<td>82 cm<\/td>\n<\/tr>\n<tr>\n<td>Rinnan alla<\/td>\n<td>66 cm<\/td>\n<\/tr>\n<tr>\n<td>Vy\u00f6t\u00e4r\u00f6<\/td>\n<td>62 cm<\/td>\n<\/tr>\n<tr>\n<td>Hip<\/td>\n<td>82 cm<\/td>\n<\/tr>\n<tr>\n<td>Jalan pituus<\/td>\n<td>21 cm<\/td>\n<\/tr>\n<tr>\n<td>Olkap\u00e4\u00e4<\/td>\n<td>34 cm<\/td>\n<\/tr>\n<tr>\n<td>Em\u00e4ttimen syvyys<\/td>\n<td>18 cm<\/td>\n<\/tr>\n<tr>\n<td>Per\u00e4aukon syvyys<\/td>\n<td>15 cm<\/td>\n<\/tr>\n<tr>\n<td>Suullinen syvyys<\/td>\n<td>12 cm<\/td>\n<\/tr>\n<\/tbody>\n<\/table>\n<h4>Tietoja seksinukkesta<\/h4>\n<p>&nbsp;<\/p>","protected":false},"excerpt":{"rendered":"<p>Seksinukkekuvat Kokotaulukot Materiaali TPE Rungon koko 163 cm C-kuppi Nettopaino 34 kg Koko rinnanymp\u00e4rys 82 cm rinnan alta 66 cm<\/p>","protected":false},"featured_media":119098,"comment_status":"open","ping_status":"closed","template":"","meta":[],"product_brand":[],"product_cat":[119,75,229,154,107,117],"product_tag":[],"class_list":{"0":"post-119082","1":"product","2":"type-product","3":"status-publish","4":"has-post-thumbnail","6":"product_cat-tpe-sex-doll","7":"product_cat-160cm-170cm-sex-dolls","8":"product_cat-31kg-35kg","9":"product_cat-full-size-sex-doll","10":"product_cat-skinny-sex-dolls","11":"product_cat-small-breast-sex-doll","12":"pa_brand-jinsan-doll","13":"tm-has-options","15":"first","16":"instock","17":"sale","18":"shipping-taxable","19":"purchasable","20":"product-type-simple"},"_links":{"self":[{"href":"https:\/\/zxdoll.com\/fi\/wp-json\/wp\/v2\/product\/119082","targetHints":{"allow":["GET"]}}],"collection":[{"href":"https:\/\/zxdoll.com\/fi\/wp-json\/wp\/v2\/product"}],"about":[{"href":"https:\/\/zxdoll.com\/fi\/wp-json\/wp\/v2\/types\/product"}],"replies":[{"embeddable":true,"href":"https:\/\/zxdoll.com\/fi\/wp-json\/wp\/v2\/comments?post=119082"}],"version-history":[{"count":1,"href":"https:\/\/zxdoll.com\/fi\/wp-json\/wp\/v2\/product\/119082\/revisions"}],"predecessor-version":[{"id":119177,"href":"https:\/\/zxdoll.com\/fi\/wp-json\/wp\/v2\/product\/119082\/revisions\/119177"}],"wp:featuredmedia":[{"embeddable":true,"href":"https:\/\/zxdoll.com\/fi\/wp-json\/wp\/v2\/media\/119098"}],"wp:attachment":[{"href":"https:\/\/zxdoll.com\/fi\/wp-json\/wp\/v2\/media?parent=119082"}],"wp:term":[{"taxonomy":"product_brand","embeddable":true,"href":"https:\/\/zxdoll.com\/fi\/wp-json\/wp\/v2\/product_brand?post=119082"},{"taxonomy":"product_cat","embeddable":true,"href":"https:\/\/zxdoll.com\/fi\/wp-json\/wp\/v2\/product_cat?post=119082"},{"taxonomy":"product_tag","embeddable":true,"href":"https:\/\/zxdoll.com\/fi\/wp-json\/wp\/v2\/product_tag?post=119082"}],"curies":[{"name":"wp","href":"https:\/\/api.w.org\/{rel}","templated":true}]}}