{"id":108418,"date":"2023-07-23T01:34:24","date_gmt":"2023-07-22T17:34:24","guid":{"rendered":"https:\/\/zxdoll.com\/?post_type=product&#038;p=108418"},"modified":"2025-09-11T01:20:11","modified_gmt":"2025-09-10T17:20:11","slug":"big-butt-hard-fucking-sex-doll","status":"publish","type":"product","link":"https:\/\/zxdoll.com\/fi\/product\/big-butt-hard-fucking-sex-doll\/","title":{"rendered":"Big Butt Hard Vitun seksinukke Zandra 158cm"},"content":{"rendered":"<h4><strong>Seksinukkekuvia<\/strong><\/h4>\n\t                <ul class=\"easy-image-gallery thumbnails-20 linked\">\r\n                    <li><a data-fancybox=\"gallery940\" href=\"https:\/\/zxdoll.com\/wp-content\/uploads\/2023\/07\/robotic-love-dolls-d6um1-533x800.jpg\" class=\"eig-popup\" title=\"\" data-caption=\"\" target=\"_blank\"><i class=\"icon-view\"><\/i><span class=\"overlay\"><\/span><img decoding=\"async\" width=\"150\" height=\"150\" src=\"https:\/\/zxdoll.com\/wp-content\/uploads\/2023\/07\/robotic-love-dolls-d6um1-150x150.jpg\" class=\"attachment-thumbnail size-thumbnail\" alt=\"\" title=\"\"><\/a><\/li><li><a data-fancybox=\"gallery940\" href=\"https:\/\/zxdoll.com\/wp-content\/uploads\/2023\/07\/robotic-love-dolls-d6um2-533x800.jpg\" class=\"eig-popup\" title=\"\" data-caption=\"\" target=\"_blank\"><i class=\"icon-view\"><\/i><span class=\"overlay\"><\/span><img decoding=\"async\" width=\"150\" height=\"150\" src=\"https:\/\/zxdoll.com\/wp-content\/uploads\/2023\/07\/robotic-love-dolls-d6um2-150x150.jpg\" class=\"attachment-thumbnail size-thumbnail\" alt=\"\" title=\"\"><\/a><\/li><li><a data-fancybox=\"gallery940\" href=\"https:\/\/zxdoll.com\/wp-content\/uploads\/2023\/07\/robotic-love-dolls-d6um3-533x800.jpg\" class=\"eig-popup\" title=\"\" data-caption=\"\" target=\"_blank\"><i class=\"icon-view\"><\/i><span class=\"overlay\"><\/span><img decoding=\"async\" width=\"150\" height=\"150\" src=\"https:\/\/zxdoll.com\/wp-content\/uploads\/2023\/07\/robotic-love-dolls-d6um3-150x150.jpg\" class=\"attachment-thumbnail size-thumbnail\" alt=\"\" title=\"\"><\/a><\/li><li><a data-fancybox=\"gallery940\" href=\"https:\/\/zxdoll.com\/wp-content\/uploads\/2023\/07\/robotic-love-dolls-d6um5-533x800.jpg\" class=\"eig-popup\" title=\"\" data-caption=\"\" target=\"_blank\"><i class=\"icon-view\"><\/i><span class=\"overlay\"><\/span><img loading=\"lazy\" decoding=\"async\" width=\"150\" height=\"150\" src=\"https:\/\/zxdoll.com\/wp-content\/uploads\/2023\/07\/robotic-love-dolls-d6um5-150x150.jpg\" class=\"attachment-thumbnail size-thumbnail\" alt=\"\" title=\"\"><\/a><\/li><li><a data-fancybox=\"gallery940\" href=\"https:\/\/zxdoll.com\/wp-content\/uploads\/2023\/07\/robotic-love-dolls-d6um6.jpg\" class=\"eig-popup\" title=\"\" data-caption=\"\" target=\"_blank\"><i class=\"icon-view\"><\/i><span class=\"overlay\"><\/span><img loading=\"lazy\" decoding=\"async\" width=\"150\" height=\"150\" src=\"https:\/\/zxdoll.com\/wp-content\/uploads\/2023\/07\/robotic-love-dolls-d6um6-150x150.jpg\" class=\"attachment-thumbnail size-thumbnail\" alt=\"\" title=\"\"><\/a><\/li><li><a data-fancybox=\"gallery940\" href=\"https:\/\/zxdoll.com\/wp-content\/uploads\/2023\/07\/robotic-love-dolls-d6um8-533x800.jpg\" class=\"eig-popup\" title=\"\" data-caption=\"\" target=\"_blank\"><i class=\"icon-view\"><\/i><span class=\"overlay\"><\/span><img loading=\"lazy\" decoding=\"async\" width=\"150\" height=\"150\" src=\"https:\/\/zxdoll.com\/wp-content\/uploads\/2023\/07\/robotic-love-dolls-d6um8-150x150.jpg\" class=\"attachment-thumbnail size-thumbnail\" alt=\"\" title=\"\"><\/a><\/li><li><a data-fancybox=\"gallery940\" href=\"https:\/\/zxdoll.com\/wp-content\/uploads\/2023\/07\/robotic-love-dolls-d6um9-533x800.jpg\" class=\"eig-popup\" title=\"\" data-caption=\"\" target=\"_blank\"><i class=\"icon-view\"><\/i><span class=\"overlay\"><\/span><img loading=\"lazy\" decoding=\"async\" width=\"150\" height=\"150\" src=\"https:\/\/zxdoll.com\/wp-content\/uploads\/2023\/07\/robotic-love-dolls-d6um9-150x150.jpg\" class=\"attachment-thumbnail size-thumbnail\" alt=\"\" title=\"\"><\/a><\/li><li><a data-fancybox=\"gallery940\" href=\"https:\/\/zxdoll.com\/wp-content\/uploads\/2023\/07\/robotic-love-dolls-d6um10-533x800.jpg\" class=\"eig-popup\" title=\"\" data-caption=\"\" target=\"_blank\"><i class=\"icon-view\"><\/i><span class=\"overlay\"><\/span><img loading=\"lazy\" decoding=\"async\" width=\"150\" height=\"150\" src=\"https:\/\/zxdoll.com\/wp-content\/uploads\/2023\/07\/robotic-love-dolls-d6um10-150x150.jpg\" class=\"attachment-thumbnail size-thumbnail\" alt=\"\" title=\"\"><\/a><\/li><li><a data-fancybox=\"gallery940\" href=\"https:\/\/zxdoll.com\/wp-content\/uploads\/2023\/07\/robotic-love-dolls-d6um11-533x800.jpg\" class=\"eig-popup\" title=\"\" data-caption=\"\" target=\"_blank\"><i class=\"icon-view\"><\/i><span class=\"overlay\"><\/span><img loading=\"lazy\" decoding=\"async\" width=\"150\" height=\"150\" src=\"https:\/\/zxdoll.com\/wp-content\/uploads\/2023\/07\/robotic-love-dolls-d6um11-150x150.jpg\" class=\"attachment-thumbnail size-thumbnail\" alt=\"\" title=\"\"><\/a><\/li><li><a data-fancybox=\"gallery940\" href=\"https:\/\/zxdoll.com\/wp-content\/uploads\/2023\/07\/robotic-love-dolls-d6um12.jpg\" class=\"eig-popup\" title=\"\" data-caption=\"\" target=\"_blank\"><i class=\"icon-view\"><\/i><span class=\"overlay\"><\/span><img loading=\"lazy\" decoding=\"async\" width=\"150\" height=\"150\" src=\"https:\/\/zxdoll.com\/wp-content\/uploads\/2023\/07\/robotic-love-dolls-d6um12-150x150.jpg\" class=\"attachment-thumbnail size-thumbnail\" alt=\"\" title=\"\"><\/a><\/li><li><a data-fancybox=\"gallery940\" href=\"https:\/\/zxdoll.com\/wp-content\/uploads\/2023\/07\/robotic-love-dolls-d6um13-533x800.jpg\" class=\"eig-popup\" title=\"\" data-caption=\"\" target=\"_blank\"><i class=\"icon-view\"><\/i><span class=\"overlay\"><\/span><img loading=\"lazy\" decoding=\"async\" width=\"150\" height=\"150\" src=\"https:\/\/zxdoll.com\/wp-content\/uploads\/2023\/07\/robotic-love-dolls-d6um13-150x150.jpg\" class=\"attachment-thumbnail size-thumbnail\" alt=\"\" title=\"\"><\/a><\/li><li><a data-fancybox=\"gallery940\" href=\"https:\/\/zxdoll.com\/wp-content\/uploads\/2023\/07\/robotic-love-dolls-d6um14-533x800.jpg\" class=\"eig-popup\" title=\"\" data-caption=\"\" target=\"_blank\"><i class=\"icon-view\"><\/i><span class=\"overlay\"><\/span><img loading=\"lazy\" decoding=\"async\" width=\"150\" height=\"150\" src=\"https:\/\/zxdoll.com\/wp-content\/uploads\/2023\/07\/robotic-love-dolls-d6um14-150x150.jpg\" class=\"attachment-thumbnail size-thumbnail\" alt=\"\" title=\"\"><\/a><\/li><li><a data-fancybox=\"gallery940\" href=\"https:\/\/zxdoll.com\/wp-content\/uploads\/2023\/07\/robotic-love-dolls-d6um15-533x800.jpg\" class=\"eig-popup\" title=\"\" data-caption=\"\" target=\"_blank\"><i class=\"icon-view\"><\/i><span class=\"overlay\"><\/span><img loading=\"lazy\" decoding=\"async\" width=\"150\" height=\"150\" src=\"https:\/\/zxdoll.com\/wp-content\/uploads\/2023\/07\/robotic-love-dolls-d6um15-150x150.jpg\" class=\"attachment-thumbnail size-thumbnail\" alt=\"\" title=\"\"><\/a><\/li><li><a data-fancybox=\"gallery940\" href=\"https:\/\/zxdoll.com\/wp-content\/uploads\/2023\/07\/robotic-love-dolls-d6um16-533x800.jpg\" class=\"eig-popup\" title=\"\" data-caption=\"\" target=\"_blank\"><i class=\"icon-view\"><\/i><span class=\"overlay\"><\/span><img loading=\"lazy\" decoding=\"async\" width=\"150\" height=\"150\" src=\"https:\/\/zxdoll.com\/wp-content\/uploads\/2023\/07\/robotic-love-dolls-d6um16-150x150.jpg\" class=\"attachment-thumbnail size-thumbnail\" alt=\"\" title=\"\"><\/a><\/li><li><a data-fancybox=\"gallery940\" href=\"https:\/\/zxdoll.com\/wp-content\/uploads\/2023\/07\/robotic-love-dolls-d6um17-533x800.jpg\" class=\"eig-popup\" title=\"\" data-caption=\"\" target=\"_blank\"><i class=\"icon-view\"><\/i><span class=\"overlay\"><\/span><img loading=\"lazy\" decoding=\"async\" width=\"150\" height=\"150\" src=\"https:\/\/zxdoll.com\/wp-content\/uploads\/2023\/07\/robotic-love-dolls-d6um17-150x150.jpg\" class=\"attachment-thumbnail size-thumbnail\" alt=\"\" title=\"\"><\/a><\/li><li><a data-fancybox=\"gallery940\" href=\"https:\/\/zxdoll.com\/wp-content\/uploads\/2023\/07\/robotic-love-dolls-d6um18-533x800.jpg\" class=\"eig-popup\" title=\"\" data-caption=\"\" target=\"_blank\"><i class=\"icon-view\"><\/i><span class=\"overlay\"><\/span><img loading=\"lazy\" decoding=\"async\" width=\"150\" height=\"150\" src=\"https:\/\/zxdoll.com\/wp-content\/uploads\/2023\/07\/robotic-love-dolls-d6um18-150x150.jpg\" class=\"attachment-thumbnail size-thumbnail\" alt=\"\" title=\"\"><\/a><\/li><li><a data-fancybox=\"gallery940\" href=\"https:\/\/zxdoll.com\/wp-content\/uploads\/2023\/07\/robotic-love-dolls-d6um19.jpg\" class=\"eig-popup\" title=\"\" data-caption=\"\" target=\"_blank\"><i class=\"icon-view\"><\/i><span class=\"overlay\"><\/span><img loading=\"lazy\" decoding=\"async\" width=\"150\" height=\"150\" src=\"https:\/\/zxdoll.com\/wp-content\/uploads\/2023\/07\/robotic-love-dolls-d6um19-150x150.jpg\" class=\"attachment-thumbnail size-thumbnail\" alt=\"\" title=\"\"><\/a><\/li><li><a data-fancybox=\"gallery940\" href=\"https:\/\/zxdoll.com\/wp-content\/uploads\/2023\/07\/robotic-love-dolls-d6um20.jpg\" class=\"eig-popup\" title=\"\" data-caption=\"\" target=\"_blank\"><i class=\"icon-view\"><\/i><span class=\"overlay\"><\/span><img loading=\"lazy\" decoding=\"async\" width=\"150\" height=\"150\" src=\"https:\/\/zxdoll.com\/wp-content\/uploads\/2023\/07\/robotic-love-dolls-d6um20-150x150.jpg\" class=\"attachment-thumbnail size-thumbnail\" alt=\"\" title=\"\"><\/a><\/li><li><a data-fancybox=\"gallery940\" href=\"https:\/\/zxdoll.com\/wp-content\/uploads\/2023\/07\/robotic-love-dolls-d6um21-533x800.jpg\" class=\"eig-popup\" title=\"\" data-caption=\"\" target=\"_blank\"><i class=\"icon-view\"><\/i><span class=\"overlay\"><\/span><img loading=\"lazy\" decoding=\"async\" width=\"150\" height=\"150\" src=\"https:\/\/zxdoll.com\/wp-content\/uploads\/2023\/07\/robotic-love-dolls-d6um21-150x150.jpg\" class=\"attachment-thumbnail size-thumbnail\" alt=\"\" title=\"\"><\/a><\/li><li><a data-fancybox=\"gallery940\" href=\"https:\/\/zxdoll.com\/wp-content\/uploads\/2023\/07\/robotic-love-dolls-d6um22-533x800.jpg\" class=\"eig-popup\" title=\"\" data-caption=\"\" target=\"_blank\"><i class=\"icon-view\"><\/i><span class=\"overlay\"><\/span><img loading=\"lazy\" decoding=\"async\" width=\"150\" height=\"150\" src=\"https:\/\/zxdoll.com\/wp-content\/uploads\/2023\/07\/robotic-love-dolls-d6um22-150x150.jpg\" class=\"attachment-thumbnail size-thumbnail\" alt=\"\" title=\"\"><\/a><\/li><\/ul>\n<h4>Kokotaulukot<\/h4>\n<table width=\"349\">\n<tbody>\n<tr>\n<td width=\"210\">Materiaali<\/td>\n<td width=\"139\">T\u00e4ysi silikoni<\/td>\n<\/tr>\n<tr>\n<td>Korkeus<\/td>\n<td>158 cm<\/td>\n<\/tr>\n<tr>\n<td>Rinta<\/td>\n<td>84 cm<\/td>\n<\/tr>\n<tr>\n<td>Rintojen alla<\/td>\n<td>65 cm<\/td>\n<\/tr>\n<tr>\n<td>Vy\u00f6t\u00e4r\u00f6<\/td>\n<td>85 cm<\/td>\n<\/tr>\n<tr>\n<td>Hip<\/td>\n<td>99 cm<\/td>\n<\/tr>\n<tr>\n<td>K\u00e4den pituus<\/td>\n<td>70 cm<\/td>\n<\/tr>\n<tr>\n<td>Hartianleveys<\/td>\n<td>37 cm<\/td>\n<\/tr>\n<tr>\n<td>Pohkeen linja<\/td>\n<td>36 cm<\/td>\n<\/tr>\n<tr>\n<td>Reiden linja<\/td>\n<td>53 cm<\/td>\n<\/tr>\n<tr>\n<td>Jalan pituus<\/td>\n<td>75 cm<\/td>\n<\/tr>\n<tr>\n<td>Jalkojen koko<\/td>\n<td>21 cm<\/td>\n<\/tr>\n<tr>\n<td>Suun syvyys (vain pehme\u00e4 p\u00e4\u00e4)<\/td>\n<td>12 cm<\/td>\n<\/tr>\n<tr>\n<td>Em\u00e4ttimen syvyys<\/td>\n<td>18 cm<\/td>\n<\/tr>\n<tr>\n<td>Anal Depth<\/td>\n<td>16 cm<\/td>\n<\/tr>\n<tr>\n<td>Nettopaino<\/td>\n<td>43,5 kg<\/td>\n<\/tr>\n<\/tbody>\n<\/table>\n<h4>Tietoja seksinukkesta<\/h4>\n<p>&nbsp;<\/p>","protected":false},"excerpt":{"rendered":"<p>Seksinukkekuvat Kokotaulukot Materiaali T\u00e4ysi silikoni Korkeus 158 cm Rinta 84 cm Rinnan alta 65 cm Vy\u00f6t\u00e4r\u00f6 85 cm Lonkka 99 cm K\u00e4sivarsi<\/p>","protected":false},"featured_media":108438,"comment_status":"open","ping_status":"closed","template":"","meta":[],"product_brand":[],"product_cat":[112,231,77,153,110,117],"product_tag":[],"class_list":{"0":"post-108418","1":"product","2":"type-product","3":"status-publish","4":"has-post-thumbnail","6":"product_cat-150cm-159cm-sex-dolls","7":"product_cat-41kg-45kg","8":"product_cat-bbw-sex-doll","9":"product_cat-pregnant-sexdoll","10":"product_cat-silicone-sex-doll","11":"product_cat-small-breast-sex-doll","12":"tm-has-options","14":"first","15":"instock","16":"sale","17":"shipping-taxable","18":"purchasable","19":"product-type-simple"},"_links":{"self":[{"href":"https:\/\/zxdoll.com\/fi\/wp-json\/wp\/v2\/product\/108418","targetHints":{"allow":["GET"]}}],"collection":[{"href":"https:\/\/zxdoll.com\/fi\/wp-json\/wp\/v2\/product"}],"about":[{"href":"https:\/\/zxdoll.com\/fi\/wp-json\/wp\/v2\/types\/product"}],"replies":[{"embeddable":true,"href":"https:\/\/zxdoll.com\/fi\/wp-json\/wp\/v2\/comments?post=108418"}],"version-history":[{"count":1,"href":"https:\/\/zxdoll.com\/fi\/wp-json\/wp\/v2\/product\/108418\/revisions"}],"predecessor-version":[{"id":108535,"href":"https:\/\/zxdoll.com\/fi\/wp-json\/wp\/v2\/product\/108418\/revisions\/108535"}],"wp:featuredmedia":[{"embeddable":true,"href":"https:\/\/zxdoll.com\/fi\/wp-json\/wp\/v2\/media\/108438"}],"wp:attachment":[{"href":"https:\/\/zxdoll.com\/fi\/wp-json\/wp\/v2\/media?parent=108418"}],"wp:term":[{"taxonomy":"product_brand","embeddable":true,"href":"https:\/\/zxdoll.com\/fi\/wp-json\/wp\/v2\/product_brand?post=108418"},{"taxonomy":"product_cat","embeddable":true,"href":"https:\/\/zxdoll.com\/fi\/wp-json\/wp\/v2\/product_cat?post=108418"},{"taxonomy":"product_tag","embeddable":true,"href":"https:\/\/zxdoll.com\/fi\/wp-json\/wp\/v2\/product_tag?post=108418"}],"curies":[{"name":"wp","href":"https:\/\/api.w.org\/{rel}","templated":true}]}}