{"id":104501,"date":"2023-07-20T16:48:26","date_gmt":"2023-07-20T08:48:26","guid":{"rendered":"https:\/\/zxdoll.com\/?post_type=product&#038;p=104501"},"modified":"2025-09-12T17:25:16","modified_gmt":"2025-09-12T09:25:16","slug":"female-sex-doll-penetration-big-tie","status":"publish","type":"product","link":"https:\/\/zxdoll.com\/fi\/product\/female-sex-doll-penetration-big-tie\/","title":{"rendered":"Nainen Sex Doll Penetration Big Tie Talyah 165cm"},"content":{"rendered":"<h4><strong>Seksinukkekuvia<\/strong><\/h4>\n\t                <ul class=\"easy-image-gallery thumbnails-21 linked\">\r\n                    <li><a data-fancybox=\"gallery888\" href=\"https:\/\/zxdoll.com\/wp-content\/uploads\/2023\/07\/weird-sexdolls-okyq1-533x800.jpg\" class=\"eig-popup\" title=\"\" data-caption=\"\" target=\"_blank\"><i class=\"icon-view\"><\/i><span class=\"overlay\"><\/span><img decoding=\"async\" width=\"150\" height=\"150\" src=\"https:\/\/zxdoll.com\/wp-content\/uploads\/2023\/07\/weird-sexdolls-okyq1-150x150.jpg\" class=\"attachment-thumbnail size-thumbnail\" alt=\"\" title=\"\"><\/a><\/li><li><a data-fancybox=\"gallery888\" href=\"https:\/\/zxdoll.com\/wp-content\/uploads\/2023\/07\/weird-sexdolls-okyq2-533x800.jpg\" class=\"eig-popup\" title=\"\" data-caption=\"\" target=\"_blank\"><i class=\"icon-view\"><\/i><span class=\"overlay\"><\/span><img decoding=\"async\" width=\"150\" height=\"150\" src=\"https:\/\/zxdoll.com\/wp-content\/uploads\/2023\/07\/weird-sexdolls-okyq2-150x150.jpg\" class=\"attachment-thumbnail size-thumbnail\" alt=\"\" title=\"\"><\/a><\/li><li><a data-fancybox=\"gallery888\" href=\"https:\/\/zxdoll.com\/wp-content\/uploads\/2023\/07\/weird-sexdolls-okyq3-533x800.jpg\" class=\"eig-popup\" title=\"\" data-caption=\"\" target=\"_blank\"><i class=\"icon-view\"><\/i><span class=\"overlay\"><\/span><img decoding=\"async\" width=\"150\" height=\"150\" src=\"https:\/\/zxdoll.com\/wp-content\/uploads\/2023\/07\/weird-sexdolls-okyq3-150x150.jpg\" class=\"attachment-thumbnail size-thumbnail\" alt=\"\" title=\"\"><\/a><\/li><li><a data-fancybox=\"gallery888\" href=\"https:\/\/zxdoll.com\/wp-content\/uploads\/2023\/07\/weird-sexdolls-okyq4-533x800.jpg\" class=\"eig-popup\" title=\"\" data-caption=\"\" target=\"_blank\"><i class=\"icon-view\"><\/i><span class=\"overlay\"><\/span><img loading=\"lazy\" decoding=\"async\" width=\"150\" height=\"150\" src=\"https:\/\/zxdoll.com\/wp-content\/uploads\/2023\/07\/weird-sexdolls-okyq4-150x150.jpg\" class=\"attachment-thumbnail size-thumbnail\" alt=\"\" title=\"\"><\/a><\/li><li><a data-fancybox=\"gallery888\" href=\"https:\/\/zxdoll.com\/wp-content\/uploads\/2023\/07\/weird-sexdolls-okyq5-800x800.jpg\" class=\"eig-popup\" title=\"\" data-caption=\"\" target=\"_blank\"><i class=\"icon-view\"><\/i><span class=\"overlay\"><\/span><img loading=\"lazy\" decoding=\"async\" width=\"150\" height=\"150\" src=\"https:\/\/zxdoll.com\/wp-content\/uploads\/2023\/07\/weird-sexdolls-okyq5-150x150.jpg\" class=\"attachment-thumbnail size-thumbnail\" alt=\"\" srcset=\"https:\/\/zxdoll.com\/wp-content\/uploads\/2023\/07\/weird-sexdolls-okyq5-150x150.jpg 150w, https:\/\/zxdoll.com\/wp-content\/uploads\/2023\/07\/weird-sexdolls-okyq5-300x300.jpg 300w, https:\/\/zxdoll.com\/wp-content\/uploads\/2023\/07\/weird-sexdolls-okyq5-800x800.jpg 800w, https:\/\/zxdoll.com\/wp-content\/uploads\/2023\/07\/weird-sexdolls-okyq5-768x768.jpg 768w, https:\/\/zxdoll.com\/wp-content\/uploads\/2023\/07\/weird-sexdolls-okyq5-12x12.jpg 12w, https:\/\/zxdoll.com\/wp-content\/uploads\/2023\/07\/weird-sexdolls-okyq5-860x860.jpg 860w, https:\/\/zxdoll.com\/wp-content\/uploads\/2023\/07\/weird-sexdolls-okyq5-430x430.jpg 430w, https:\/\/zxdoll.com\/wp-content\/uploads\/2023\/07\/weird-sexdolls-okyq5-700x700.jpg 700w, https:\/\/zxdoll.com\/wp-content\/uploads\/2023\/07\/weird-sexdolls-okyq5.jpg 900w\" sizes=\"(max-width: 150px) 100vw, 150px\" title=\"\"><\/a><\/li><li><a data-fancybox=\"gallery888\" href=\"https:\/\/zxdoll.com\/wp-content\/uploads\/2023\/07\/weird-sexdolls-okyq6-533x800.jpg\" class=\"eig-popup\" title=\"\" data-caption=\"\" target=\"_blank\"><i class=\"icon-view\"><\/i><span class=\"overlay\"><\/span><img loading=\"lazy\" decoding=\"async\" width=\"150\" height=\"150\" src=\"https:\/\/zxdoll.com\/wp-content\/uploads\/2023\/07\/weird-sexdolls-okyq6-150x150.jpg\" class=\"attachment-thumbnail size-thumbnail\" alt=\"\" title=\"\"><\/a><\/li><li><a data-fancybox=\"gallery888\" href=\"https:\/\/zxdoll.com\/wp-content\/uploads\/2023\/07\/weird-sexdolls-okyq7-533x800.jpg\" class=\"eig-popup\" title=\"\" data-caption=\"\" target=\"_blank\"><i class=\"icon-view\"><\/i><span class=\"overlay\"><\/span><img loading=\"lazy\" decoding=\"async\" width=\"150\" height=\"150\" src=\"https:\/\/zxdoll.com\/wp-content\/uploads\/2023\/07\/weird-sexdolls-okyq7-150x150.jpg\" class=\"attachment-thumbnail size-thumbnail\" alt=\"\" title=\"\"><\/a><\/li><li><a data-fancybox=\"gallery888\" href=\"https:\/\/zxdoll.com\/wp-content\/uploads\/2023\/07\/weird-sexdolls-okyq8-900x800.jpg\" class=\"eig-popup\" title=\"\" data-caption=\"\" target=\"_blank\"><i class=\"icon-view\"><\/i><span class=\"overlay\"><\/span><img loading=\"lazy\" decoding=\"async\" width=\"150\" height=\"150\" src=\"https:\/\/zxdoll.com\/wp-content\/uploads\/2023\/07\/weird-sexdolls-okyq8-150x150.jpg\" class=\"attachment-thumbnail size-thumbnail\" alt=\"\" srcset=\"https:\/\/zxdoll.com\/wp-content\/uploads\/2023\/07\/weird-sexdolls-okyq8-150x150.jpg 150w, https:\/\/zxdoll.com\/wp-content\/uploads\/2023\/07\/weird-sexdolls-okyq8-13x12.jpg 13w\" sizes=\"(max-width: 150px) 100vw, 150px\" title=\"\"><\/a><\/li><li><a data-fancybox=\"gallery888\" href=\"https:\/\/zxdoll.com\/wp-content\/uploads\/2023\/07\/weird-sexdolls-okyq9-533x800.jpg\" class=\"eig-popup\" title=\"\" data-caption=\"\" target=\"_blank\"><i class=\"icon-view\"><\/i><span class=\"overlay\"><\/span><img loading=\"lazy\" decoding=\"async\" width=\"150\" height=\"150\" src=\"https:\/\/zxdoll.com\/wp-content\/uploads\/2023\/07\/weird-sexdolls-okyq9-150x150.jpg\" class=\"attachment-thumbnail size-thumbnail\" alt=\"\" title=\"\"><\/a><\/li><li><a data-fancybox=\"gallery888\" href=\"https:\/\/zxdoll.com\/wp-content\/uploads\/2023\/07\/weird-sexdolls-okyq10-533x800.jpg\" class=\"eig-popup\" title=\"\" data-caption=\"\" target=\"_blank\"><i class=\"icon-view\"><\/i><span class=\"overlay\"><\/span><img loading=\"lazy\" decoding=\"async\" width=\"150\" height=\"150\" src=\"https:\/\/zxdoll.com\/wp-content\/uploads\/2023\/07\/weird-sexdolls-okyq10-150x150.jpg\" class=\"attachment-thumbnail size-thumbnail\" alt=\"\" title=\"\"><\/a><\/li><li><a data-fancybox=\"gallery888\" href=\"https:\/\/zxdoll.com\/wp-content\/uploads\/2023\/07\/weird-sexdolls-okyq11-533x800.jpg\" class=\"eig-popup\" title=\"\" data-caption=\"\" target=\"_blank\"><i class=\"icon-view\"><\/i><span class=\"overlay\"><\/span><img loading=\"lazy\" decoding=\"async\" width=\"150\" height=\"150\" src=\"https:\/\/zxdoll.com\/wp-content\/uploads\/2023\/07\/weird-sexdolls-okyq11-150x150.jpg\" class=\"attachment-thumbnail size-thumbnail\" alt=\"\" title=\"\"><\/a><\/li><li><a data-fancybox=\"gallery888\" href=\"https:\/\/zxdoll.com\/wp-content\/uploads\/2023\/07\/weird-sexdolls-okyq12-533x800.jpg\" class=\"eig-popup\" title=\"\" data-caption=\"\" target=\"_blank\"><i class=\"icon-view\"><\/i><span class=\"overlay\"><\/span><img loading=\"lazy\" decoding=\"async\" width=\"150\" height=\"150\" src=\"https:\/\/zxdoll.com\/wp-content\/uploads\/2023\/07\/weird-sexdolls-okyq12-150x150.jpg\" class=\"attachment-thumbnail size-thumbnail\" alt=\"\" title=\"\"><\/a><\/li><li><a data-fancybox=\"gallery888\" href=\"https:\/\/zxdoll.com\/wp-content\/uploads\/2023\/07\/weird-sexdolls-okyq13-533x800.jpg\" class=\"eig-popup\" title=\"\" data-caption=\"\" target=\"_blank\"><i class=\"icon-view\"><\/i><span class=\"overlay\"><\/span><img loading=\"lazy\" decoding=\"async\" width=\"150\" height=\"150\" src=\"https:\/\/zxdoll.com\/wp-content\/uploads\/2023\/07\/weird-sexdolls-okyq13-150x150.jpg\" class=\"attachment-thumbnail size-thumbnail\" alt=\"\" title=\"\"><\/a><\/li><li><a data-fancybox=\"gallery888\" href=\"https:\/\/zxdoll.com\/wp-content\/uploads\/2023\/07\/weird-sexdolls-okyq14-533x800.jpg\" class=\"eig-popup\" title=\"\" data-caption=\"\" target=\"_blank\"><i class=\"icon-view\"><\/i><span class=\"overlay\"><\/span><img loading=\"lazy\" decoding=\"async\" width=\"150\" height=\"150\" src=\"https:\/\/zxdoll.com\/wp-content\/uploads\/2023\/07\/weird-sexdolls-okyq14-150x150.jpg\" class=\"attachment-thumbnail size-thumbnail\" alt=\"\" title=\"\"><\/a><\/li><li><a data-fancybox=\"gallery888\" href=\"https:\/\/zxdoll.com\/wp-content\/uploads\/2023\/07\/weird-sexdolls-okyq15-533x800.jpg\" class=\"eig-popup\" title=\"\" data-caption=\"\" target=\"_blank\"><i class=\"icon-view\"><\/i><span class=\"overlay\"><\/span><img loading=\"lazy\" decoding=\"async\" width=\"150\" height=\"150\" src=\"https:\/\/zxdoll.com\/wp-content\/uploads\/2023\/07\/weird-sexdolls-okyq15-150x150.jpg\" class=\"attachment-thumbnail size-thumbnail\" alt=\"\" title=\"\"><\/a><\/li><li><a data-fancybox=\"gallery888\" href=\"https:\/\/zxdoll.com\/wp-content\/uploads\/2023\/07\/weird-sexdolls-okyq16-533x800.jpg\" class=\"eig-popup\" title=\"\" data-caption=\"\" target=\"_blank\"><i class=\"icon-view\"><\/i><span class=\"overlay\"><\/span><img loading=\"lazy\" decoding=\"async\" width=\"150\" height=\"150\" src=\"https:\/\/zxdoll.com\/wp-content\/uploads\/2023\/07\/weird-sexdolls-okyq16-150x150.jpg\" class=\"attachment-thumbnail size-thumbnail\" alt=\"\" title=\"\"><\/a><\/li><li><a data-fancybox=\"gallery888\" href=\"https:\/\/zxdoll.com\/wp-content\/uploads\/2023\/07\/weird-sexdolls-okyq17.jpg\" class=\"eig-popup\" title=\"\" data-caption=\"\" target=\"_blank\"><i class=\"icon-view\"><\/i><span class=\"overlay\"><\/span><img loading=\"lazy\" decoding=\"async\" width=\"150\" height=\"150\" src=\"https:\/\/zxdoll.com\/wp-content\/uploads\/2023\/07\/weird-sexdolls-okyq17-150x150.jpg\" class=\"attachment-thumbnail size-thumbnail\" alt=\"\" title=\"\"><\/a><\/li><li><a data-fancybox=\"gallery888\" href=\"https:\/\/zxdoll.com\/wp-content\/uploads\/2023\/07\/weird-sexdolls-okyq18-815x800.jpg\" class=\"eig-popup\" title=\"\" data-caption=\"\" target=\"_blank\"><i class=\"icon-view\"><\/i><span class=\"overlay\"><\/span><img loading=\"lazy\" decoding=\"async\" width=\"150\" height=\"150\" src=\"https:\/\/zxdoll.com\/wp-content\/uploads\/2023\/07\/weird-sexdolls-okyq18-150x150.jpg\" class=\"attachment-thumbnail size-thumbnail\" alt=\"\" srcset=\"https:\/\/zxdoll.com\/wp-content\/uploads\/2023\/07\/weird-sexdolls-okyq18-150x150.jpg 150w, https:\/\/zxdoll.com\/wp-content\/uploads\/2023\/07\/weird-sexdolls-okyq18-12x12.jpg 12w\" sizes=\"(max-width: 150px) 100vw, 150px\" title=\"\"><\/a><\/li><li><a data-fancybox=\"gallery888\" href=\"https:\/\/zxdoll.com\/wp-content\/uploads\/2023\/07\/weird-sexdolls-okyq19.jpg\" class=\"eig-popup\" title=\"\" data-caption=\"\" target=\"_blank\"><i class=\"icon-view\"><\/i><span class=\"overlay\"><\/span><img loading=\"lazy\" decoding=\"async\" width=\"150\" height=\"150\" src=\"https:\/\/zxdoll.com\/wp-content\/uploads\/2023\/07\/weird-sexdolls-okyq19-150x150.jpg\" class=\"attachment-thumbnail size-thumbnail\" alt=\"\" title=\"\"><\/a><\/li><li><a data-fancybox=\"gallery888\" href=\"https:\/\/zxdoll.com\/wp-content\/uploads\/2023\/07\/weird-sexdolls-okyq20-533x800.jpg\" class=\"eig-popup\" title=\"\" data-caption=\"\" target=\"_blank\"><i class=\"icon-view\"><\/i><span class=\"overlay\"><\/span><img loading=\"lazy\" decoding=\"async\" width=\"150\" height=\"150\" src=\"https:\/\/zxdoll.com\/wp-content\/uploads\/2023\/07\/weird-sexdolls-okyq20-150x150.jpg\" class=\"attachment-thumbnail size-thumbnail\" alt=\"\" title=\"\"><\/a><\/li><li><a data-fancybox=\"gallery888\" href=\"https:\/\/zxdoll.com\/wp-content\/uploads\/2023\/07\/weird-sexdolls-okyq21.jpg\" class=\"eig-popup\" title=\"\" data-caption=\"\" target=\"_blank\"><i class=\"icon-view\"><\/i><span class=\"overlay\"><\/span><img loading=\"lazy\" decoding=\"async\" width=\"150\" height=\"150\" src=\"https:\/\/zxdoll.com\/wp-content\/uploads\/2023\/07\/weird-sexdolls-okyq21-150x150.jpg\" class=\"attachment-thumbnail size-thumbnail\" alt=\"\" title=\"\"><\/a><\/li><\/ul>\n<h4>Kokotaulukot<\/h4>\n<table width=\"236\">\n<tbody>\n<tr>\n<td width=\"129\">Materiaali<\/td>\n<td width=\"107\">TPE<\/td>\n<\/tr>\n<tr>\n<td>Korkeus<\/td>\n<td>165 cm<\/td>\n<\/tr>\n<tr>\n<td>Rintakuva<\/td>\n<td>84 cm<\/td>\n<\/tr>\n<tr>\n<td>Rinnan alla<\/td>\n<td>67 cm<\/td>\n<\/tr>\n<tr>\n<td>Vy\u00f6t\u00e4r\u00f6<\/td>\n<td>56 cm<\/td>\n<\/tr>\n<tr>\n<td>Hip<\/td>\n<td>86 cm<\/td>\n<\/tr>\n<tr>\n<td>Olkap\u00e4\u00e4<\/td>\n<td>36 cm<\/td>\n<\/tr>\n<tr>\n<td>Arm<\/td>\n<td>51 cm<\/td>\n<\/tr>\n<tr>\n<td>K\u00e4si<\/td>\n<td>17 cm<\/td>\n<\/tr>\n<tr>\n<td>Jalka<\/td>\n<td>103 cm<\/td>\n<\/tr>\n<tr>\n<td>Jalka<\/td>\n<td>20 cm<\/td>\n<\/tr>\n<tr>\n<td>Suu<\/td>\n<td>13 cm<\/td>\n<\/tr>\n<tr>\n<td>Em\u00e4tin<\/td>\n<td>18 cm<\/td>\n<\/tr>\n<tr>\n<td>Anus<\/td>\n<td>16 cm<\/td>\n<\/tr>\n<tr>\n<td>Pennis<\/td>\n<td>18 cm<\/td>\n<\/tr>\n<tr>\n<td>Nettopaino<\/td>\n<td>36 kg<\/td>\n<\/tr>\n<\/tbody>\n<\/table>\n<h4>Tietoja seksinukkesta<\/h4>\n<p>&nbsp;<\/p>","protected":false},"excerpt":{"rendered":"<p>Seksinukkekuvat Kokotaulukot Materiaali TPE Korkeus 165 cm Rinta 84 cm Rinnan alta 67 cm Vy\u00f6t\u00e4r\u00f6 56 cm lonkka 86 cm olkap\u00e4\u00e4 36 cm<\/p>","protected":false},"featured_media":104541,"comment_status":"open","ping_status":"closed","template":"","meta":[],"product_brand":[],"product_cat":[119,75,230,150,107,117],"product_tag":[],"class_list":{"0":"post-104501","1":"product","2":"type-product","3":"status-publish","4":"has-post-thumbnail","6":"product_cat-tpe-sex-doll","7":"product_cat-160cm-170cm-sex-dolls","8":"product_cat-36kg-40kg","9":"product_cat-shemale-sex-doll","10":"product_cat-skinny-sex-dolls","11":"product_cat-small-breast-sex-doll","12":"tm-has-options","14":"first","15":"instock","16":"sale","17":"shipping-taxable","18":"purchasable","19":"product-type-simple"},"_links":{"self":[{"href":"https:\/\/zxdoll.com\/fi\/wp-json\/wp\/v2\/product\/104501","targetHints":{"allow":["GET"]}}],"collection":[{"href":"https:\/\/zxdoll.com\/fi\/wp-json\/wp\/v2\/product"}],"about":[{"href":"https:\/\/zxdoll.com\/fi\/wp-json\/wp\/v2\/types\/product"}],"replies":[{"embeddable":true,"href":"https:\/\/zxdoll.com\/fi\/wp-json\/wp\/v2\/comments?post=104501"}],"version-history":[{"count":1,"href":"https:\/\/zxdoll.com\/fi\/wp-json\/wp\/v2\/product\/104501\/revisions"}],"predecessor-version":[{"id":104562,"href":"https:\/\/zxdoll.com\/fi\/wp-json\/wp\/v2\/product\/104501\/revisions\/104562"}],"wp:featuredmedia":[{"embeddable":true,"href":"https:\/\/zxdoll.com\/fi\/wp-json\/wp\/v2\/media\/104541"}],"wp:attachment":[{"href":"https:\/\/zxdoll.com\/fi\/wp-json\/wp\/v2\/media?parent=104501"}],"wp:term":[{"taxonomy":"product_brand","embeddable":true,"href":"https:\/\/zxdoll.com\/fi\/wp-json\/wp\/v2\/product_brand?post=104501"},{"taxonomy":"product_cat","embeddable":true,"href":"https:\/\/zxdoll.com\/fi\/wp-json\/wp\/v2\/product_cat?post=104501"},{"taxonomy":"product_tag","embeddable":true,"href":"https:\/\/zxdoll.com\/fi\/wp-json\/wp\/v2\/product_tag?post=104501"}],"curies":[{"name":"wp","href":"https:\/\/api.w.org\/{rel}","templated":true}]}}