{"id":8739,"date":"2022-12-09T04:47:02","date_gmt":"2022-12-09T04:47:02","guid":{"rendered":"https:\/\/hoxdoll.com\/?page_id=8739"},"modified":"2024-04-03T14:00:22","modified_gmt":"2024-04-03T06:00:22","slug":"shipping-guide","status":"publish","type":"page","link":"https:\/\/zxdoll.com\/fi\/shipping-guide\/","title":{"rendered":"Toimitusopas"},"content":{"rendered":"<div data-elementor-type=\"wp-page\" data-elementor-id=\"8739\" class=\"elementor elementor-8739\" data-elementor-post-type=\"page\">\n\t\t\t\t\t\t<section class=\"wd-negative-gap elementor-section elementor-top-section elementor-element elementor-element-5d010537 elementor-section-boxed elementor-section-height-default elementor-section-height-default\" data-id=\"5d010537\" data-element_type=\"section\" data-e-type=\"section\">\n\t\t\t\t\t\t<div class=\"elementor-container elementor-column-gap-default\">\n\t\t\t\t\t<div class=\"elementor-column elementor-col-100 elementor-top-column elementor-element elementor-element-26fff623\" data-id=\"26fff623\" data-element_type=\"column\" data-e-type=\"column\">\n\t\t\t<div class=\"elementor-widget-wrap elementor-element-populated\">\n\t\t\t\t\t\t<div class=\"elementor-element elementor-element-4b8f7ed1 color-scheme-inherit text-left elementor-widget elementor-widget-text-editor\" data-id=\"4b8f7ed1\" data-element_type=\"widget\" data-e-type=\"widget\" data-widget_type=\"text-editor.default\">\n\t\t\t\t<div class=\"elementor-widget-container\">\n\t\t\t\t\t\t\t\t\t\n<h3>ZxDoll tarjoaa ilmaisen ja huomaamattoman kuljetuksen seurantanumerolla kaikkiin tilauksiin. Seuraavissa osissa korostetaan lis\u00e4tietoja.<\/h3>\n\n<p>\u00a0<\/p>\t\t\t\t\t\t\t\t<\/div>\n\t\t\t\t<\/div>\n\t\t\t\t<div class=\"elementor-element elementor-element-2383ab1 wd-width-100 elementor-widget elementor-widget-wd_title\" data-id=\"2383ab1\" data-element_type=\"widget\" data-e-type=\"widget\" data-widget_type=\"wd_title.default\">\n\t\t\t\t<div class=\"elementor-widget-container\">\n\t\t\t\t\t\t\t<div class=\"title-wrapper wd-set-mb reset-last-child wd-title-color-primary wd-title-style-underlined wd-title-size-custom text-left\">\n\n\t\t\t\n\t\t\t<div class=\"liner-continer\">\n\t\t\t\t<h4 class=\"woodmart-title-container title\">Osa A: K\u00e4sittely- ja toimitusajat.<\/h4> \n\t\t\t\t\t\t\t<\/div>\n\n\t\t\t\t\t<\/div>\n\t\t\t\t\t\t<\/div>\n\t\t\t\t<\/div>\n\t\t\t\t<div class=\"elementor-element elementor-element-05a5752 elementor-widget elementor-widget-wd_text_block\" data-id=\"05a5752\" data-element_type=\"widget\" data-e-type=\"widget\" data-widget_type=\"wd_text_block.default\">\n\t\t\t\t<div class=\"elementor-widget-container\">\n\t\t\t\t\t\t\t<div class=\"wd-text-block reset-last-child text-left\">\n\t\t\t\n\t\t\t<h4>1. Varastossa Nuket (USA\/EU)<\/h4>\n<p>Jos tilaat seksinukkeja, joita meill\u00e4 on varastossamme USA\/EU-varastossamme, tilauksesi l\u00e4hetet\u00e4\u00e4n 24-48 tunnin kuluessa maksun vahvistamisesta. Toimitus kest\u00e4\u00e4 yleens\u00e4 3-7 p\u00e4iv\u00e4\u00e4.<\/p>\n\t\t\t\t\t<\/div>\n\t\t\t\t\t\t<\/div>\n\t\t\t\t<\/div>\n\t\t\t\t<div class=\"elementor-element elementor-element-b2af584 elementor-widget elementor-widget-wd_text_block\" data-id=\"b2af584\" data-element_type=\"widget\" data-e-type=\"widget\" data-widget_type=\"wd_text_block.default\">\n\t\t\t\t<div class=\"elementor-widget-container\">\n\t\t\t\t\t\t\t<div class=\"wd-text-block reset-last-child text-left\">\n\t\t\t\n\t\t\t<h4>2. Ei varastossa ja mukautetut seksinuket (toimitetaan valmistustehtaalta)<\/h4>\n<p>Koska seksinuket ovat erityisi\u00e4 ja vaativat monimutkaisia ty\u00f6menetelmi\u00e4, niiden tuottaminen voi vied\u00e4 enemm\u00e4n aikaa.<\/p>\n<h5>K\u00e4sittelyaika on seuraava:<\/h5>\n\t\t\t\t\t<\/div>\n\t\t\t\t\t\t<\/div>\n\t\t\t\t<\/div>\n\t\t\t\t<div class=\"elementor-element elementor-element-cc301ee elementor-widget elementor-widget-wd_list\" data-id=\"cc301ee\" data-element_type=\"widget\" data-e-type=\"widget\" data-widget_type=\"wd_list.default\">\n\t\t\t\t<div class=\"elementor-widget-container\">\n\t\t\t\t\t\t\t<ul class=\"wd-list color-scheme- wd-fontsize-xs wd-type-icon wd-style-default text-left\">\n\t\t\t\t\t\t\t\t\t\t\t<li class=\"elementor-repeater-item-6bbc9ea\">\n\t\t\t\t\t\t\t\t\t\t\t<span class=\"wd-icon\"><span class=\"fas fa-star\"><\/span><\/span>\t\t\t\t\t\n\t\t\t\t\t<span class=\"wd-list-content list-content\">\n\t\t\t\t\t\tNormaalit t\u00e4ytel\u00e4iset TPE-nuket: 2-5 arkip\u00e4iv\u00e4\u00e4\t\t\t\t\t<\/span>\n\n\t\t\t\t\t\t\t\t\t<\/li>\n\t\t\t\t\t\t\t\t\t\t\t<li class=\"elementor-repeater-item-31191f2\">\n\t\t\t\t\t\t\t\t\t\t\t<span class=\"wd-icon\"><span class=\"fas fa-star\"><\/span><\/span>\t\t\t\t\t\n\t\t\t\t\t<span class=\"wd-list-content list-content\">\n\t\t\t\t\t\tTPE-rungot silikonip\u00e4\u00e4ll\u00e4 (nuket): 4-8 p\u00e4iv\u00e4\u00e4 (lis\u00e4 10 p\u00e4iv\u00e4\u00e4, jos pyyd\u00e4t istutettuja hiuksia)\t\t\t\t\t<\/span>\n\n\t\t\t\t\t\t\t\t\t<\/li>\n\t\t\t\t\t\t\t\t\t\t\t<li class=\"elementor-repeater-item-807277b\">\n\t\t\t\t\t\t\t\t\t\t\t<span class=\"wd-icon\"><span class=\"fas fa-star\"><\/span><\/span>\t\t\t\t\t\n\t\t\t\t\t<span class=\"wd-list-content list-content\">\n\t\t\t\t\t\tT\u00e4ytel\u00e4inen silikoninuket: 10-20 p\u00e4iv\u00e4\u00e4 (lis\u00e4\u00e4 10 p\u00e4iv\u00e4\u00e4 maalattu\/istutettu karva)\t\t\t\t\t<\/span>\n\n\t\t\t\t\t\t\t\t\t<\/li>\n\t\t\t\t\t<\/ul>\n\n\t\t\t\t\t\t<\/div>\n\t\t\t\t<\/div>\n\t\t\t\t<div class=\"elementor-element elementor-element-d05ea9a elementor-widget elementor-widget-wd_text_block\" data-id=\"d05ea9a\" data-element_type=\"widget\" data-e-type=\"widget\" data-widget_type=\"wd_text_block.default\">\n\t\t\t\t<div class=\"elementor-widget-container\">\n\t\t\t\t\t\t\t<div class=\"wd-text-block reset-last-child text-left\">\n\t\t\t\n\t\t\t<h5>Kun seksinukkesi on valmis, l\u00e4het\u00e4mme sen v\u00e4litt\u00f6m\u00e4sti. Toimitusaikataulumme on:<\/h5>\n\t\t\t\t\t<\/div>\n\t\t\t\t\t\t<\/div>\n\t\t\t\t<\/div>\n\t\t\t\t\t<\/div>\n\t\t<\/div>\n\t\t\t\t\t<\/div>\n\t\t<\/section>\n\t\t\t\t<section class=\"wd-negative-gap elementor-section elementor-top-section elementor-element elementor-element-8aea4e9 elementor-section-boxed elementor-section-height-default elementor-section-height-default\" data-id=\"8aea4e9\" data-element_type=\"section\" data-e-type=\"section\">\n\t\t\t\t\t\t<div class=\"elementor-container elementor-column-gap-default\">\n\t\t\t\t\t<div class=\"elementor-column elementor-col-50 elementor-top-column elementor-element elementor-element-51ad161\" data-id=\"51ad161\" data-element_type=\"column\" data-e-type=\"column\">\n\t\t\t<div class=\"elementor-widget-wrap elementor-element-populated\">\n\t\t\t\t\t\t<div class=\"elementor-element elementor-element-1140a5c elementor-widget elementor-widget-wd_infobox\" data-id=\"1140a5c\" data-element_type=\"widget\" data-e-type=\"widget\" data-widget_type=\"wd_infobox.default\">\n\t\t\t\t<div class=\"elementor-widget-container\">\n\t\t\t\t\t\t\t<div class=\"info-box-wrapper\">\n\t\t\t<div class=\"wd-info-box text-center box-icon-align-top box-style-base color-scheme-\">\n\t\t\t\t\t\t\t\t\t<div class=\"box-icon-wrapper  box-with-icon box-icon-simple\">\n\t\t\t\t\t\t<div class=\"info-box-icon\">\n\t\t\t\t\t\t\t\t\t\t\t\t\t\t\t<div class=\"info-svg-wrapper\" style=\"width:50px; height:50px;\"><img loading=\"lazy\" decoding=\"async\" src=\"https:\/\/zxdoll.com\/wp-content\/uploads\/2021\/08\/wood-time-icon-3.svg\" title=\"puu-aika-kuvake-3\" width=\"50\" height=\"50\" alt=\"\"><\/div>\t\t\t\t\t\t\t\t\t\t\t\t\t<\/div>\n\t\t\t\t\t<\/div>\n\t\t\t\t\n\t\t\t\t<div class=\"info-box-content\">\n\t\t\t\t\t\n\t\t\t\t\t\t\t\t\t\t\t<h4\t\t\t\t\t\tclass=\"info-box-title title box-title-style-default wd-fontsize-m\" data-elementor-setting-key=\"title\">\n\t\t\t\t\t\t\t\tUSA\t\t\t\t\t\t<\/h4>\n\t\t\t\t\t\n\t\t\t\t\t<div class=\"info-box-inner reset-last-child\"data-elementor-setting-key=\"content\"><p>Toimitetaan verovapaasti 5-10 arkip\u00e4iv\u00e4ss\u00e4<\/p>\n<\/div>\n\n\t\t\t\t\t\t\t\t\t<\/div>\n\n\t\t\t\t\t\t\t<\/div>\n\t\t<\/div>\n\t\t\t\t\t\t<\/div>\n\t\t\t\t<\/div>\n\t\t\t\t\t<\/div>\n\t\t<\/div>\n\t\t\t\t<div class=\"elementor-column elementor-col-50 elementor-top-column elementor-element elementor-element-7570bd0\" data-id=\"7570bd0\" data-element_type=\"column\" data-e-type=\"column\">\n\t\t\t<div class=\"elementor-widget-wrap elementor-element-populated\">\n\t\t\t\t\t\t<div class=\"elementor-element elementor-element-ecaf58c elementor-widget elementor-widget-wd_infobox\" data-id=\"ecaf58c\" data-element_type=\"widget\" data-e-type=\"widget\" data-widget_type=\"wd_infobox.default\">\n\t\t\t\t<div class=\"elementor-widget-container\">\n\t\t\t\t\t\t\t<div class=\"info-box-wrapper\">\n\t\t\t<div class=\"wd-info-box text-center box-icon-align-top box-style-base color-scheme-\">\n\t\t\t\t\t\t\t\t\t<div class=\"box-icon-wrapper  box-with-icon box-icon-simple\">\n\t\t\t\t\t\t<div class=\"info-box-icon\">\n\t\t\t\t\t\t\t\t\t\t\t\t\t\t\t<div class=\"info-svg-wrapper\" style=\"width:50px; height:50px;\"><img loading=\"lazy\" decoding=\"async\" src=\"https:\/\/zxdoll.com\/wp-content\/uploads\/2021\/08\/wood-time-icon-3.svg\" title=\"puu-aika-kuvake-3\" width=\"50\" height=\"50\" alt=\"\"><\/div>\t\t\t\t\t\t\t\t\t\t\t\t\t<\/div>\n\t\t\t\t\t<\/div>\n\t\t\t\t\n\t\t\t\t<div class=\"info-box-content\">\n\t\t\t\t\t\n\t\t\t\t\t\t\t\t\t\t\t<h4\t\t\t\t\t\tclass=\"info-box-title title box-title-style-default wd-fontsize-m\" data-elementor-setting-key=\"title\">\n\t\t\t\t\t\t\t\tKanada\t\t\t\t\t\t<\/h4>\n\t\t\t\t\t\n\t\t\t\t\t<div class=\"info-box-inner reset-last-child\"data-elementor-setting-key=\"content\"><p>Suorita tulliselvitys ja maksa tullit meilt\u00e4 5-12 arkip\u00e4iv\u00e4ss\u00e4<\/p>\n<\/div>\n\n\t\t\t\t\t\t\t\t\t<\/div>\n\n\t\t\t\t\t\t\t<\/div>\n\t\t<\/div>\n\t\t\t\t\t\t<\/div>\n\t\t\t\t<\/div>\n\t\t\t\t\t<\/div>\n\t\t<\/div>\n\t\t\t\t\t<\/div>\n\t\t<\/section>\n\t\t\t\t<section class=\"wd-negative-gap elementor-section elementor-top-section elementor-element elementor-element-49345ca elementor-section-boxed elementor-section-height-default elementor-section-height-default\" data-id=\"49345ca\" data-element_type=\"section\" data-e-type=\"section\">\n\t\t\t\t\t\t<div class=\"elementor-container elementor-column-gap-default\">\n\t\t\t\t\t<div class=\"elementor-column elementor-col-50 elementor-top-column elementor-element elementor-element-6d0922c\" data-id=\"6d0922c\" data-element_type=\"column\" data-e-type=\"column\">\n\t\t\t<div class=\"elementor-widget-wrap elementor-element-populated\">\n\t\t\t\t\t\t<div class=\"elementor-element elementor-element-d61bc3a elementor-widget elementor-widget-wd_infobox\" data-id=\"d61bc3a\" data-element_type=\"widget\" data-e-type=\"widget\" data-widget_type=\"wd_infobox.default\">\n\t\t\t\t<div class=\"elementor-widget-container\">\n\t\t\t\t\t\t\t<div class=\"info-box-wrapper\">\n\t\t\t<div class=\"wd-info-box text-center box-icon-align-top box-style-base color-scheme-\">\n\t\t\t\t\t\t\t\t\t<div class=\"box-icon-wrapper  box-with-icon box-icon-simple\">\n\t\t\t\t\t\t<div class=\"info-box-icon\">\n\t\t\t\t\t\t\t\t\t\t\t\t\t\t\t<div class=\"info-svg-wrapper\" style=\"width:50px; height:50px;\"><img loading=\"lazy\" decoding=\"async\" src=\"https:\/\/zxdoll.com\/wp-content\/uploads\/2021\/08\/wood-time-icon-3.svg\" title=\"puu-aika-kuvake-3\" width=\"50\" height=\"50\" alt=\"\"><\/div>\t\t\t\t\t\t\t\t\t\t\t\t\t<\/div>\n\t\t\t\t\t<\/div>\n\t\t\t\t\n\t\t\t\t<div class=\"info-box-content\">\n\t\t\t\t\t\n\t\t\t\t\t\t\t\t\t\t\t<h4\t\t\t\t\t\tclass=\"info-box-title title box-title-style-default wd-fontsize-m\" data-elementor-setting-key=\"title\">\n\t\t\t\t\t\t\t\tEuroopan maat\t\t\t\t\t\t<\/h4>\n\t\t\t\t\t\n\t\t\t\t\t<div class=\"info-box-inner reset-last-child\"data-elementor-setting-key=\"content\"><p>Kaikille nukeille: 20-30 arkip\u00e4iv\u00e4\u00e4, kuljetetaan rautateitse, UPS kotiovellesi, veroton.<\/p>\n<p>Nopea toimitus saatavilla valintasi mukaan<\/p>\n<\/div>\n\n\t\t\t\t\t\t\t\t\t<\/div>\n\n\t\t\t\t\t\t\t<\/div>\n\t\t<\/div>\n\t\t\t\t\t\t<\/div>\n\t\t\t\t<\/div>\n\t\t\t\t\t<\/div>\n\t\t<\/div>\n\t\t\t\t<div class=\"elementor-column elementor-col-50 elementor-top-column elementor-element elementor-element-3b42cb2\" data-id=\"3b42cb2\" data-element_type=\"column\" data-e-type=\"column\">\n\t\t\t<div class=\"elementor-widget-wrap elementor-element-populated\">\n\t\t\t\t\t\t<div class=\"elementor-element elementor-element-c083075 elementor-widget elementor-widget-wd_infobox\" data-id=\"c083075\" data-element_type=\"widget\" data-e-type=\"widget\" data-widget_type=\"wd_infobox.default\">\n\t\t\t\t<div class=\"elementor-widget-container\">\n\t\t\t\t\t\t\t<div class=\"info-box-wrapper\">\n\t\t\t<div class=\"wd-info-box text-center box-icon-align-top box-style-base color-scheme-\">\n\t\t\t\t\t\t\t\t\t<div class=\"box-icon-wrapper  box-with-icon box-icon-simple\">\n\t\t\t\t\t\t<div class=\"info-box-icon\">\n\t\t\t\t\t\t\t\t\t\t\t\t\t\t\t<div class=\"info-svg-wrapper\" style=\"width:50px; height:50px;\"><img loading=\"lazy\" decoding=\"async\" src=\"https:\/\/zxdoll.com\/wp-content\/uploads\/2021\/08\/wood-time-icon-3.svg\" title=\"puu-aika-kuvake-3\" width=\"50\" height=\"50\" alt=\"\"><\/div>\t\t\t\t\t\t\t\t\t\t\t\t\t<\/div>\n\t\t\t\t\t<\/div>\n\t\t\t\t\n\t\t\t\t<div class=\"info-box-content\">\n\t\t\t\t\t\n\t\t\t\t\t\t\t\t\t\t\t<h4\t\t\t\t\t\tclass=\"info-box-title title box-title-style-default wd-fontsize-m\" data-elementor-setting-key=\"title\">\n\t\t\t\t\t\t\t\tAasian maat\t\t\t\t\t\t<\/h4>\n\t\t\t\t\t\n\t\t\t\t\t<div class=\"info-box-inner reset-last-child\"data-elementor-setting-key=\"content\"><p>Asiakkaan tulee maksaa kaikki tullimaksut ja verot 10-25 arkip\u00e4iv\u00e4ss\u00e4.<span style=\"font-size: 14px; font-weight: normal; background-color: var(--wd-main-bgcolor); color: var(--wd-text-color);\"><\/span><\/p>\n<\/div>\n\n\t\t\t\t\t\t\t\t\t<\/div>\n\n\t\t\t\t\t\t\t<\/div>\n\t\t<\/div>\n\t\t\t\t\t\t<\/div>\n\t\t\t\t<\/div>\n\t\t\t\t\t<\/div>\n\t\t<\/div>\n\t\t\t\t\t<\/div>\n\t\t<\/section>\n\t\t\t\t<section class=\"wd-negative-gap elementor-section elementor-top-section elementor-element elementor-element-f7953c7 elementor-section-boxed elementor-section-height-default elementor-section-height-default\" data-id=\"f7953c7\" data-element_type=\"section\" data-e-type=\"section\">\n\t\t\t\t\t\t<div class=\"elementor-container elementor-column-gap-default\">\n\t\t\t\t\t<div class=\"elementor-column elementor-col-100 elementor-top-column elementor-element elementor-element-0cd7ec6\" data-id=\"0cd7ec6\" data-element_type=\"column\" data-e-type=\"column\">\n\t\t\t<div class=\"elementor-widget-wrap elementor-element-populated\">\n\t\t\t\t\t\t<div class=\"elementor-element elementor-element-781fb83 wd-width-100 elementor-widget elementor-widget-wd_title\" data-id=\"781fb83\" data-element_type=\"widget\" data-e-type=\"widget\" data-widget_type=\"wd_title.default\">\n\t\t\t\t<div class=\"elementor-widget-container\">\n\t\t\t\t\t\t\t<div class=\"title-wrapper wd-set-mb reset-last-child wd-title-color-primary wd-title-style-underlined wd-title-size-custom text-left\">\n\n\t\t\t\n\t\t\t<div class=\"liner-continer\">\n\t\t\t\t<h4 class=\"woodmart-title-container title\">Osa B: Toimitusvaihtoehdot ja tilauksesi seuranta<\/h4> \n\t\t\t\t\t\t\t<\/div>\n\n\t\t\t\t\t<\/div>\n\t\t\t\t\t\t<\/div>\n\t\t\t\t<\/div>\n\t\t\t\t<div class=\"elementor-element elementor-element-6e15532 color-scheme-inherit text-left elementor-widget elementor-widget-text-editor\" data-id=\"6e15532\" data-element_type=\"widget\" data-e-type=\"widget\" data-widget_type=\"text-editor.default\">\n\t\t\t\t<div class=\"elementor-widget-container\">\n\t\t\t\t\t\t\t\t\t<h5>Nykyiset kuljetuskumppanimme ovat UPS, FedEx, DHL, DPD ja muut suuret kuljetusyritykset. L\u00e4het\u00e4mme yleens\u00e4 seurantanumeron s\u00e4hk\u00f6postiisi, kun tilauksesi on l\u00e4hetetty, ja voit seurata tilaustasi ja ottaa yhteytt\u00e4 kuriiriin sopiaksesi tarvittaessa eri toimitusp\u00e4iv\u00e4st\u00e4.<\/h5>\t\t\t\t\t\t\t\t<\/div>\n\t\t\t\t<\/div>\n\t\t\t\t<div class=\"elementor-element elementor-element-53fb1e8 elementor-widget elementor-widget-wd_text_block\" data-id=\"53fb1e8\" data-element_type=\"widget\" data-e-type=\"widget\" data-widget_type=\"wd_text_block.default\">\n\t\t\t\t<div class=\"elementor-widget-container\">\n\t\t\t\t\t\t\t<div class=\"wd-text-block reset-last-child text-left\">\n\t\t\t\n\t\t\t<h5>Seuraa tilaustasi seuraavasti:<\/h5>\n\t\t\t\t\t<\/div>\n\t\t\t\t\t\t<\/div>\n\t\t\t\t<\/div>\n\t\t\t\t<div class=\"elementor-element elementor-element-7e194c3 elementor-widget elementor-widget-wd_list\" data-id=\"7e194c3\" data-element_type=\"widget\" data-e-type=\"widget\" data-widget_type=\"wd_list.default\">\n\t\t\t\t<div class=\"elementor-widget-container\">\n\t\t\t\t\t\t\t<ul class=\"wd-list color-scheme- wd-fontsize-xs wd-type-icon wd-style-default text-left\">\n\t\t\t\t\t\t\t\t\t\t\t<li class=\"elementor-repeater-item-6bbc9ea\">\n\t\t\t\t\t\t\t\t\t\t\t<span class=\"wd-icon\"><span class=\"fas fa-star\"><\/span><\/span>\t\t\t\t\t\n\t\t\t\t\t<span class=\"wd-list-content list-content\">\n\t\t\t\t\t\tFedEx: <a href=\"https:\/\/www.fedex.com\" target=\"_blank\" rel=\"noopener\">https:\/\/www.fedex.com<\/a>\t\t\t\t\t<\/span>\n\n\t\t\t\t\t\t\t\t\t<\/li>\n\t\t\t\t\t\t\t\t\t\t\t<li class=\"elementor-repeater-item-31191f2\">\n\t\t\t\t\t\t\t\t\t\t\t<span class=\"wd-icon\"><span class=\"fas fa-star\"><\/span><\/span>\t\t\t\t\t\n\t\t\t\t\t<span class=\"wd-list-content list-content\">\n\t\t\t\t\t\tUPS: <a href=\"https:\/\/www.ups.com\" target=\"_blank\" rel=\"noopener\">https:\/\/www.ups.com<\/a>\t\t\t\t\t<\/span>\n\n\t\t\t\t\t\t\t\t\t<\/li>\n\t\t\t\t\t\t\t\t\t\t\t<li class=\"elementor-repeater-item-807277b\">\n\t\t\t\t\t\t\t\t\t\t\t<span class=\"wd-icon\"><span class=\"fas fa-star\"><\/span><\/span>\t\t\t\t\t\n\t\t\t\t\t<span class=\"wd-list-content list-content\">\n\t\t\t\t\t\tDHL: <a href=\"https:\/\/www.dhl.com\" target=\"_blank\" rel=\"noopener\">https:\/\/www.dhl.com<\/a>\t\t\t\t\t<\/span>\n\n\t\t\t\t\t\t\t\t\t<\/li>\n\t\t\t\t\t<\/ul>\n\n\t\t\t\t\t\t<\/div>\n\t\t\t\t<\/div>\n\t\t\t\t<div class=\"elementor-element elementor-element-d191173 elementor-widget elementor-widget-wd_text_block\" data-id=\"d191173\" data-element_type=\"widget\" data-e-type=\"widget\" data-widget_type=\"wd_text_block.default\">\n\t\t\t\t<div class=\"elementor-widget-container\">\n\t\t\t\t\t\t\t<div class=\"wd-text-block reset-last-child text-left\">\n\t\t\t\n\t\t\t<p>Jos ongelmia ilmenee, ota meihin yhteytt\u00e4 s\u00e4hk\u00f6postitse: service@zxdoll.com<\/p>\n\t\t\t\t\t<\/div>\n\t\t\t\t\t\t<\/div>\n\t\t\t\t<\/div>\n\t\t\t\t\t<\/div>\n\t\t<\/div>\n\t\t\t\t\t<\/div>\n\t\t<\/section>\n\t\t\t\t<section class=\"wd-negative-gap elementor-section elementor-top-section elementor-element elementor-element-a888c96 elementor-section-boxed elementor-section-height-default elementor-section-height-default\" data-id=\"a888c96\" data-element_type=\"section\" data-e-type=\"section\">\n\t\t\t\t\t\t<div class=\"elementor-container elementor-column-gap-default\">\n\t\t\t\t\t<div class=\"elementor-column elementor-col-100 elementor-top-column elementor-element elementor-element-4140aed\" data-id=\"4140aed\" data-element_type=\"column\" data-e-type=\"column\">\n\t\t\t<div class=\"elementor-widget-wrap elementor-element-populated\">\n\t\t\t\t\t\t<div class=\"elementor-element elementor-element-74091b3 wd-width-100 elementor-widget elementor-widget-wd_title\" data-id=\"74091b3\" data-element_type=\"widget\" data-e-type=\"widget\" data-widget_type=\"wd_title.default\">\n\t\t\t\t<div class=\"elementor-widget-container\">\n\t\t\t\t\t\t\t<div class=\"title-wrapper wd-set-mb reset-last-child wd-title-color-primary wd-title-style-underlined wd-title-size-custom text-left\">\n\n\t\t\t\n\t\t\t<div class=\"liner-continer\">\n\t\t\t\t<h4 class=\"woodmart-title-container title\">Osa C: Huomaamaton pakkaus.<\/h4> \n\t\t\t\t\t\t\t<\/div>\n\n\t\t\t\t\t<\/div>\n\t\t\t\t\t\t<\/div>\n\t\t\t\t<\/div>\n\t\t\t\t<div class=\"elementor-element elementor-element-9911795 color-scheme-inherit text-left elementor-widget elementor-widget-text-editor\" data-id=\"9911795\" data-element_type=\"widget\" data-e-type=\"widget\" data-widget_type=\"text-editor.default\">\n\t\t\t\t<div class=\"elementor-widget-container\">\n\t\t\t\t\t\t\t\t\t<h5>Saat nukkesi pakattuna tavalliseen pahvilaatikkoon. Ei ole tietoa, joka viittaa siihen, ett\u00e4 se on nukke. Ainoa tapaus, jossa se voidaan avata ennen sinua, ovat tulliasiamiehet, jotka avaavat nuken tarkastaakseen ja m\u00e4\u00e4ritt\u00e4\u00e4kseen tuontiverot. <br> (Erityisesti maan ulkopuolella oleville asiakkaille.)<\/h5> \t\t\t\t\t\t\t\t<\/div>\n\t\t\t\t<\/div>\n\t\t\t\t\t<\/div>\n\t\t<\/div>\n\t\t\t\t\t<\/div>\n\t\t<\/section>\n\t\t\t\t<section class=\"wd-negative-gap elementor-section elementor-top-section elementor-element elementor-element-f9de8b7 elementor-section-boxed elementor-section-height-default elementor-section-height-default\" data-id=\"f9de8b7\" data-element_type=\"section\" data-e-type=\"section\">\n\t\t\t\t\t\t<div class=\"elementor-container elementor-column-gap-default\">\n\t\t\t\t\t<div class=\"elementor-column elementor-col-100 elementor-top-column elementor-element elementor-element-cb696b2\" data-id=\"cb696b2\" data-element_type=\"column\" data-e-type=\"column\">\n\t\t\t<div class=\"elementor-widget-wrap elementor-element-populated\">\n\t\t\t\t\t\t<div class=\"elementor-element elementor-element-47bb00e wd-width-100 elementor-widget elementor-widget-wd_title\" data-id=\"47bb00e\" data-element_type=\"widget\" data-e-type=\"widget\" data-widget_type=\"wd_title.default\">\n\t\t\t\t<div class=\"elementor-widget-container\">\n\t\t\t\t\t\t\t<div class=\"title-wrapper wd-set-mb reset-last-child wd-title-color-primary wd-title-style-underlined wd-title-size-custom text-left\">\n\n\t\t\t\n\t\t\t<div class=\"liner-continer\">\n\t\t\t\t<h4 class=\"woodmart-title-container title\">Osa D: Toimituskohteet<\/h4> \n\t\t\t\t\t\t\t<\/div>\n\n\t\t\t\t\t<\/div>\n\t\t\t\t\t\t<\/div>\n\t\t\t\t<\/div>\n\t\t\t\t<div class=\"elementor-element elementor-element-e17daed color-scheme-inherit text-left elementor-widget elementor-widget-text-editor\" data-id=\"e17daed\" data-element_type=\"widget\" data-e-type=\"widget\" data-widget_type=\"text-editor.default\">\n\t\t\t\t<div class=\"elementor-widget-container\">\n\t\t\t\t\t\t\t\t\t<h5>Toimitamme l\u00e4hetyksi\u00e4 monille alueille ja maihin ymp\u00e4ri maailmaa, mukaan lukien Pohjois-Amerikka, Eurooppa ja Aasia. Valitettavasti tuontilains\u00e4\u00e4d\u00e4nt\u00f6 rajoittaa meit\u00e4, emmek\u00e4 toimita seuraaviin kohteisiin: islamilaiset maat, Filippiinit, Intia, Indonesia, Brasilia tai Afrikka. <\/h5>\t\t\t\t\t\t\t\t<\/div>\n\t\t\t\t<\/div>\n\t\t\t\t\t<\/div>\n\t\t<\/div>\n\t\t\t\t\t<\/div>\n\t\t<\/section>\n\t\t\t\t<section class=\"wd-negative-gap elementor-section elementor-top-section elementor-element elementor-element-cd3bd38 elementor-section-boxed elementor-section-height-default elementor-section-height-default\" data-id=\"cd3bd38\" data-element_type=\"section\" data-e-type=\"section\">\n\t\t\t\t\t\t<div class=\"elementor-container elementor-column-gap-default\">\n\t\t\t\t\t<div class=\"elementor-column elementor-col-100 elementor-top-column elementor-element elementor-element-c5bad3c\" data-id=\"c5bad3c\" data-element_type=\"column\" data-e-type=\"column\">\n\t\t\t<div class=\"elementor-widget-wrap elementor-element-populated\">\n\t\t\t\t\t\t<div class=\"elementor-element elementor-element-bdae3b6 wd-width-100 elementor-widget elementor-widget-wd_title\" data-id=\"bdae3b6\" data-element_type=\"widget\" data-e-type=\"widget\" data-widget_type=\"wd_title.default\">\n\t\t\t\t<div class=\"elementor-widget-container\">\n\t\t\t\t\t\t\t<div class=\"title-wrapper wd-set-mb reset-last-child wd-title-color-primary wd-title-style-underlined wd-title-size-custom text-left\">\n\n\t\t\t\n\t\t\t<div class=\"liner-continer\">\n\t\t\t\t<h4 class=\"woodmart-title-container title\">Osa E: Muut ongelmat, jotka voivat aiheuttaa huolta<\/h4> \n\t\t\t\t\t\t\t<\/div>\n\n\t\t\t\t\t<\/div>\n\t\t\t\t\t\t<\/div>\n\t\t\t\t<\/div>\n\t\t\t\t<div class=\"elementor-element elementor-element-d665355 color-scheme-inherit text-left elementor-widget elementor-widget-text-editor\" data-id=\"d665355\" data-element_type=\"widget\" data-e-type=\"widget\" data-widget_type=\"text-editor.default\">\n\t\t\t\t<div class=\"elementor-widget-container\">\n\t\t\t\t\t\t\t\t\t<h5>Ent\u00e4 jos en ole paikalla, kun tilaukseni saapuu?<\/h5>\n<h5>Jos et vahingossa ole kotona pakettisi toimituksen aikana, postihenkil\u00f6si tai kuriiri j\u00e4tt\u00e4\u00e4 kortin yritt\u00e4\u00e4kseen sovittaa toisen toimitusajan tai j\u00e4tt\u00e4\u00e4 sinulle tiedon, mist\u00e4 voit noutaa huomaamattomasti pakatun tilauksesi.<\/h5>\t\t\t\t\t\t\t\t<\/div>\n\t\t\t\t<\/div>\n\t\t\t\t<div class=\"elementor-element elementor-element-4d77c58 color-scheme-inherit text-left elementor-widget elementor-widget-text-editor\" data-id=\"4d77c58\" data-element_type=\"widget\" data-e-type=\"widget\" data-widget_type=\"text-editor.default\">\n\t\t\t\t<div class=\"elementor-widget-container\">\n\t\t\t\t\t\t\t\t\t<h5>Se voidaan vied\u00e4 l\u00e4himp\u00e4\u00e4n postipalvelualueeseen, josta voit noutaa sen tai yritt\u00e4\u00e4 uudelleentoimitusta.<\/h5>\t\t\t\t\t\t\t\t<\/div>\n\t\t\t\t<\/div>\n\t\t\t\t<div class=\"elementor-element elementor-element-edfbeb8 color-scheme-inherit text-left elementor-widget elementor-widget-text-editor\" data-id=\"edfbeb8\" data-element_type=\"widget\" data-e-type=\"widget\" data-widget_type=\"text-editor.default\">\n\t\t\t\t<div class=\"elementor-widget-container\">\n\t\t\t\t\t\t\t\t\t<h5>Ent\u00e4 jos tilaukseni ei tule perille, kun odotan sit\u00e4?<\/h5>\n<h5>Kokemuksemme mukaan jos pakettisi on siirretty v\u00e4\u00e4r\u00e4\u00e4n paikkaan tai toimitusaika ylitt\u00e4\u00e4 sovitun tilausajan, virhe on vain yksi, jonka voimme parhaiten korjata, joten ota yhteytt\u00e4 nukkesi tilanteen selvitt\u00e4miseksi: service@zxdoll.com<\/h5>\t\t\t\t\t\t\t\t<\/div>\n\t\t\t\t<\/div>\n\t\t\t\t\t<\/div>\n\t\t<\/div>\n\t\t\t\t\t<\/div>\n\t\t<\/section>\n\t\t\t\t<\/div>","protected":false},"excerpt":{"rendered":"<p>ZxDoll tarjoaa ilmaisen ja huomaamattoman kuljetuksen seurantanumerolla kaikkiin tilauksiin. Seuraavissa osissa korostetaan lis\u00e4tietoja.<\/p>","protected":false},"author":4,"featured_media":0,"parent":0,"menu_order":0,"comment_status":"closed","ping_status":"closed","template":"","meta":{"footnotes":""},"class_list":["post-8739","page","type-page","status-publish","hentry"],"_links":{"self":[{"href":"https:\/\/zxdoll.com\/fi\/wp-json\/wp\/v2\/pages\/8739","targetHints":{"allow":["GET"]}}],"collection":[{"href":"https:\/\/zxdoll.com\/fi\/wp-json\/wp\/v2\/pages"}],"about":[{"href":"https:\/\/zxdoll.com\/fi\/wp-json\/wp\/v2\/types\/page"}],"author":[{"embeddable":true,"href":"https:\/\/zxdoll.com\/fi\/wp-json\/wp\/v2\/users\/4"}],"replies":[{"embeddable":true,"href":"https:\/\/zxdoll.com\/fi\/wp-json\/wp\/v2\/comments?post=8739"}],"version-history":[{"count":1,"href":"https:\/\/zxdoll.com\/fi\/wp-json\/wp\/v2\/pages\/8739\/revisions"}],"predecessor-version":[{"id":155673,"href":"https:\/\/zxdoll.com\/fi\/wp-json\/wp\/v2\/pages\/8739\/revisions\/155673"}],"wp:attachment":[{"href":"https:\/\/zxdoll.com\/fi\/wp-json\/wp\/v2\/media?parent=8739"}],"curies":[{"name":"wp","href":"https:\/\/api.w.org\/{rel}","templated":true}]}}