{"id":12,"date":"2022-12-08T13:39:14","date_gmt":"2022-12-08T13:39:14","guid":{"rendered":"https:\/\/hoxdoll.com\/?page_id=12"},"modified":"2024-04-03T13:55:38","modified_gmt":"2024-04-03T05:55:38","slug":"payment-guide","status":"publish","type":"page","link":"https:\/\/zxdoll.com\/fi\/payment-guide\/","title":{"rendered":"Maksuopas"},"content":{"rendered":"<div data-elementor-type=\"wp-page\" data-elementor-id=\"12\" class=\"elementor elementor-12\" data-elementor-post-type=\"page\">\n\t\t\t\t\t\t<section class=\"wd-negative-gap elementor-section elementor-top-section elementor-element elementor-element-5d010537 elementor-section-boxed elementor-section-height-default elementor-section-height-default\" data-id=\"5d010537\" data-element_type=\"section\" data-e-type=\"section\">\n\t\t\t\t\t\t<div class=\"elementor-container elementor-column-gap-default\">\n\t\t\t\t\t<div class=\"elementor-column elementor-col-100 elementor-top-column elementor-element elementor-element-26fff623\" data-id=\"26fff623\" data-element_type=\"column\" data-e-type=\"column\">\n\t\t\t<div class=\"elementor-widget-wrap elementor-element-populated\">\n\t\t\t\t\t\t<div class=\"elementor-element elementor-element-4b8f7ed1 color-scheme-inherit text-left elementor-widget elementor-widget-text-editor\" data-id=\"4b8f7ed1\" data-element_type=\"widget\" data-e-type=\"widget\" data-widget_type=\"text-editor.default\">\n\t\t\t\t<div class=\"elementor-widget-container\">\n\t\t\t\t\t\t\t\t\t\n<h3>Ostosten tekeminen zx-nukesta on turvallista, nopeaa ja k\u00e4tev\u00e4\u00e4. Maksutavat on lueteltu alla:<\/h3>\n\n<p>\u00a0<\/p>\t\t\t\t\t\t\t\t<\/div>\n\t\t\t\t<\/div>\n\t\t\t\t<div class=\"elementor-element elementor-element-2383ab1 wd-width-100 elementor-widget elementor-widget-wd_title\" data-id=\"2383ab1\" data-element_type=\"widget\" data-e-type=\"widget\" data-widget_type=\"wd_title.default\">\n\t\t\t\t<div class=\"elementor-widget-container\">\n\t\t\t\t\t\t\t<div class=\"title-wrapper wd-set-mb reset-last-child wd-title-color-primary wd-title-style-underlined wd-title-size-custom text-left\">\n\n\t\t\t\n\t\t\t<div class=\"liner-continer\">\n\t\t\t\t<h4 class=\"woodmart-title-container title\">1. Paypal<\/h4> \n\t\t\t\t\t\t\t<\/div>\n\n\t\t\t\t\t<\/div>\n\t\t\t\t\t\t<\/div>\n\t\t\t\t<\/div>\n\t\t\t\t<div class=\"elementor-element elementor-element-05a5752 elementor-widget elementor-widget-wd_text_block\" data-id=\"05a5752\" data-element_type=\"widget\" data-e-type=\"widget\" data-widget_type=\"wd_text_block.default\">\n\t\t\t\t<div class=\"elementor-widget-container\">\n\t\t\t\t\t\t\t<div class=\"wd-text-block reset-last-child text-left\">\n\t\t\t\n\t\t\t<p>Voit suorittaa maksuja PayPalin kautta; PayPalin kautta voit maksaa pankki-\/luottokortillasi jopa avaamatta tili\u00e4 alustalla.<\/p>\n<p>Huomaa, ett\u00e4 jos maksu ep\u00e4onnistuu, voit sen sijaan siirt\u00e4\u00e4 PayPal-tiliimme. Jotta t\u00e4m\u00e4 toimisi, sinun tulee merkit\u00e4 tilausnumerosi muistiin, sill\u00e4 seksinukkeihin liittyvi\u00e4 arkaluonteisia sanoja ei voi esiinty\u00e4.<\/p>\n<p>Se on turvallista ja sinua suojaa PayPalin k\u00e4ytt\u00e4m\u00e4 ostajan suojak\u00e4yt\u00e4nt\u00f6.<\/p>\n\t\t\t\t\t<\/div>\n\t\t\t\t\t\t<\/div>\n\t\t\t\t<\/div>\n\t\t\t\t<div class=\"elementor-element elementor-element-284b90e wd-width-100 elementor-widget elementor-widget-wd_title\" data-id=\"284b90e\" data-element_type=\"widget\" data-e-type=\"widget\" data-widget_type=\"wd_title.default\">\n\t\t\t\t<div class=\"elementor-widget-container\">\n\t\t\t\t\t\t\t<div class=\"title-wrapper wd-set-mb reset-last-child wd-title-color-primary wd-title-style-underlined wd-title-size-custom text-left\">\n\n\t\t\t\n\t\t\t<div class=\"liner-continer\">\n\t\t\t\t<h4 class=\"woodmart-title-container title\">2. Luottokortti<\/h4> \n\t\t\t\t\t\t\t<\/div>\n\n\t\t\t\t\t<\/div>\n\t\t\t\t\t\t<\/div>\n\t\t\t\t<\/div>\n\t\t\t\t<div class=\"elementor-element elementor-element-50a1f1a elementor-widget elementor-widget-wd_text_block\" data-id=\"50a1f1a\" data-element_type=\"widget\" data-e-type=\"widget\" data-widget_type=\"wd_text_block.default\">\n\t\t\t\t<div class=\"elementor-widget-container\">\n\t\t\t\t\t\t\t<div class=\"wd-text-block reset-last-child text-left\">\n\t\t\t\n\t\t\t<p>Hyv\u00e4ksymme maksut joillakin yleisimmill\u00e4 luottokorteilla: MasterCard, Visa, American Express, Verve jne. K\u00e4yt\u00e4mme edistyneimpi\u00e4 SSL-suojausprotokollia salaukseen, joten voit olla varma, ett\u00e4 maksusi on turvallinen.<\/p>\n<h5>Vinkkej\u00e4, jotka voivat auttaa prosessiasi:<\/h5>\n<p>Jos maksu ep\u00e4onnistuu, asiakaspalvelumme ottaa sinuun yhteytt\u00e4 ja etsii mahdollisen ratkaisun, jotta voit yritt\u00e4\u00e4 uudelleen. <br \/>TAI <br \/>Voit suorittaa maksun valitsemalla PayPalin. T\u00e4m\u00e4 menetelm\u00e4 on eritt\u00e4in k\u00e4tev\u00e4, ja sen onnistumisprosentti on 100%.<\/p>\n\t\t\t\t\t<\/div>\n\t\t\t\t\t\t<\/div>\n\t\t\t\t<\/div>\n\t\t\t\t<div class=\"elementor-element elementor-element-901f0a3 wd-width-100 elementor-widget elementor-widget-wd_title\" data-id=\"901f0a3\" data-element_type=\"widget\" data-e-type=\"widget\" data-widget_type=\"wd_title.default\">\n\t\t\t\t<div class=\"elementor-widget-container\">\n\t\t\t\t\t\t\t<div class=\"title-wrapper wd-set-mb reset-last-child wd-title-color-primary wd-title-style-underlined wd-title-size-custom text-left\">\n\n\t\t\t\n\t\t\t<div class=\"liner-continer\">\n\t\t\t\t<h4 class=\"woodmart-title-container title\">3. Europankkisiirto.<\/h4> \n\t\t\t\t\t\t\t<\/div>\n\n\t\t\t\t\t<\/div>\n\t\t\t\t\t\t<\/div>\n\t\t\t\t<\/div>\n\t\t\t\t<div class=\"elementor-element elementor-element-0734c77 elementor-widget elementor-widget-wd_text_block\" data-id=\"0734c77\" data-element_type=\"widget\" data-e-type=\"widget\" data-widget_type=\"wd_text_block.default\">\n\t\t\t\t<div class=\"elementor-widget-container\">\n\t\t\t\t\t\t\t<div class=\"wd-text-block reset-last-child text-left\">\n\t\t\t\n\t\t\t<p>Tilauksen teon j\u00e4lkeen j\u00e4rjestelm\u00e4mme l\u00e4hett\u00e4\u00e4 sinulle pankkitiedot tilaustiedot s\u00e4hk\u00f6postitse.<\/p>\n\t\t\t\t\t<\/div>\n\t\t\t\t\t\t<\/div>\n\t\t\t\t<\/div>\n\t\t\t\t<div class=\"elementor-element elementor-element-c84a550 wd-width-100 elementor-widget elementor-widget-wd_title\" data-id=\"c84a550\" data-element_type=\"widget\" data-e-type=\"widget\" data-widget_type=\"wd_title.default\">\n\t\t\t\t<div class=\"elementor-widget-container\">\n\t\t\t\t\t\t\t<div class=\"title-wrapper wd-set-mb reset-last-child wd-title-color-primary wd-title-style-underlined wd-title-size-custom text-left\">\n\n\t\t\t\n\t\t\t<div class=\"liner-continer\">\n\t\t\t\t<h4 class=\"woodmart-title-container title\">Mit\u00e4 tehd\u00e4, jos maksu ep\u00e4onnistuu?<\/h4> \n\t\t\t\t\t\t\t<\/div>\n\n\t\t\t\t\t<\/div>\n\t\t\t\t\t\t<\/div>\n\t\t\t\t<\/div>\n\t\t\t\t<div class=\"elementor-element elementor-element-41d0db2 elementor-widget elementor-widget-wd_text_block\" data-id=\"41d0db2\" data-element_type=\"widget\" data-e-type=\"widget\" data-widget_type=\"wd_text_block.default\">\n\t\t\t\t<div class=\"elementor-widget-container\">\n\t\t\t\t\t\t\t<div class=\"wd-text-block reset-last-child text-left\">\n\t\t\t\n\t\t\t<p>Ota yhteytt\u00e4 pankkiisi tiedusteluihin ja yrit\u00e4 uudelleen tai k\u00e4yt\u00e4 PayPal-maksuj\u00e4rjestelm\u00e4\u00e4mme.<\/p>\n\t\t\t\t\t<\/div>\n\t\t\t\t\t\t<\/div>\n\t\t\t\t<\/div>\n\t\t\t\t<div class=\"elementor-element elementor-element-5bcaa8d wd-width-100 elementor-widget elementor-widget-wd_title\" data-id=\"5bcaa8d\" data-element_type=\"widget\" data-e-type=\"widget\" data-widget_type=\"wd_title.default\">\n\t\t\t\t<div class=\"elementor-widget-container\">\n\t\t\t\t\t\t\t<div class=\"title-wrapper wd-set-mb reset-last-child wd-title-color-primary wd-title-style-underlined wd-title-size-custom text-left\">\n\n\t\t\t\n\t\t\t<div class=\"liner-continer\">\n\t\t\t\t<h4 class=\"woodmart-title-container title\">Internet Exploreria ei tueta.<\/h4> \n\t\t\t\t\t\t\t<\/div>\n\n\t\t\t\t\t\t\t<div class=\"title-after_title reset-last-child\">\n\t\t\t\t\tHuomaa, ett\u00e4 t\u00e4ll\u00e4 hetkell\u00e4 j\u00e4rjestelm\u00e4mme ei toimi hyvin Internet Explorer -selaimen kanssa. Jos k\u00e4yt\u00e4t sit\u00e4, verkkosivusto ei v\u00e4ltt\u00e4m\u00e4tt\u00e4 lataudu. Firefox ja Google Chrome ovat parhaat vaihtoehdot verkkosivuston k\u00e4ytt\u00f6\u00f6n. Jos sama ongelma ilmenee, katso seuraavat tiedot.\t\t\t\t<\/div>\n\t\t\t\t\t<\/div>\n\t\t\t\t\t\t<\/div>\n\t\t\t\t<\/div>\n\t\t\t\t<div class=\"elementor-element elementor-element-696735a wd-width-100 elementor-widget elementor-widget-wd_title\" data-id=\"696735a\" data-element_type=\"widget\" data-e-type=\"widget\" data-widget_type=\"wd_title.default\">\n\t\t\t\t<div class=\"elementor-widget-container\">\n\t\t\t\t\t\t\t<div class=\"title-wrapper wd-set-mb reset-last-child wd-title-color-primary wd-title-style-underlined wd-title-size-custom text-left\">\n\n\t\t\t\n\t\t\t<div class=\"liner-continer\">\n\t\t\t\t<h4 class=\"woodmart-title-container title\">PayPal est\u00e4\u00e4 ostoksen.<\/h4> \n\t\t\t\t\t\t\t<\/div>\n\n\t\t\t\t\t<\/div>\n\t\t\t\t\t\t<\/div>\n\t\t\t\t<\/div>\n\t\t\t\t\t<\/div>\n\t\t<\/div>\n\t\t\t\t\t<\/div>\n\t\t<\/section>\n\t\t\t\t<section class=\"wd-negative-gap elementor-section elementor-top-section elementor-element elementor-element-efd7b2e elementor-section-boxed elementor-section-height-default elementor-section-height-default\" data-id=\"efd7b2e\" data-element_type=\"section\" data-e-type=\"section\">\n\t\t\t\t\t\t<div class=\"elementor-container elementor-column-gap-default\">\n\t\t\t\t\t<div class=\"elementor-column elementor-col-100 elementor-top-column elementor-element elementor-element-5484bf5\" data-id=\"5484bf5\" data-element_type=\"column\" data-e-type=\"column\">\n\t\t\t<div class=\"elementor-widget-wrap elementor-element-populated\">\n\t\t\t\t\t\t<div class=\"elementor-element elementor-element-0ba4f96 elementor-widget elementor-widget-wd_text_block\" data-id=\"0ba4f96\" data-element_type=\"widget\" data-e-type=\"widget\" data-widget_type=\"wd_text_block.default\">\n\t\t\t\t<div class=\"elementor-widget-container\">\n\t\t\t\t\t\t\t<div class=\"wd-text-block reset-last-child text-left\">\n\t\t\t\n\t\t\tLuottokorttisi tai maksukorttisi on virheellinen. Esimerkkej\u00e4 <p>T\u00e4m\u00e4 skenaario ovat virheellisi\u00e4 kortteja, vanhentuneita kortteja, k\u00e4yt\u00f6st\u00e4 poistettuja kortteja tai ylim\u00e4\u00e4r\u00e4isi\u00e4 kortteja. <\/p>\n<p>\nLuottokorttiasi tai pankkikorttiasi ei ole valtuutettu kansainv\u00e4lisiin maksutapahtumiin. Varmista, ett\u00e4 korteillasi voi ostaa tuotteita ulkomaisilta kauppiailta.<\/p>\n<p>Jos saat kuittivirheen PayPalista, rahoitusl\u00e4hteest\u00e4si on tullut virhe. Ota yhteytt\u00e4 PayPal.com-tukeen saadaksesi lis\u00e4tietoja.<\/p>\n\n\t\t\t\t\t<\/div>\n\t\t\t\t\t\t<\/div>\n\t\t\t\t<\/div>\n\t\t\t\t<div class=\"elementor-element elementor-element-feac807 wd-width-100 elementor-widget elementor-widget-wd_title\" data-id=\"feac807\" data-element_type=\"widget\" data-e-type=\"widget\" data-widget_type=\"wd_title.default\">\n\t\t\t\t<div class=\"elementor-widget-container\">\n\t\t\t\t\t\t\t<div class=\"title-wrapper wd-set-mb reset-last-child wd-title-color-primary wd-title-style-underlined wd-title-size-custom text-left\">\n\n\t\t\t\n\t\t\t<div class=\"liner-continer\">\n\t\t\t\t<h4 class=\"woodmart-title-container title\">Tarkista korttisi.<\/h4> \n\t\t\t\t\t\t\t<\/div>\n\n\t\t\t\t\t<\/div>\n\t\t\t\t\t\t<\/div>\n\t\t\t\t<\/div>\n\t\t\t\t<div class=\"elementor-element elementor-element-8ebe305 elementor-widget elementor-widget-wd_text_block\" data-id=\"8ebe305\" data-element_type=\"widget\" data-e-type=\"widget\" data-widget_type=\"wd_text_block.default\">\n\t\t\t\t<div class=\"elementor-widget-container\">\n\t\t\t\t\t\t\t<div class=\"wd-text-block reset-last-child text-left\">\n\t\t\t\n\t\t\t<p><strong>\u00c4l\u00e4 kunnioita:<\/strong> Pankki ei suostu hyv\u00e4ksym\u00e4\u00e4n kauppaa. Soita pankkiisi, jos maksu ep\u00e4onnistuu ja selit\u00e4, miksi maksu hyl\u00e4ttiin ja vaadi se vapauttamista. Ilmoita meille t\u00e4m\u00e4n j\u00e4lkeen, niin l\u00e4het\u00e4mme maksun uudelleen hyv\u00e4ksytt\u00e4v\u00e4ksi.<\/p>\n<p><strong>Suuri riski:<\/strong> Pankki vaatii lis\u00e4vahvistuksen riskien v\u00e4ltt\u00e4miseksi. Ota kuva kortistasi ja l\u00e4het\u00e4 meille s\u00e4hk\u00f6postia, niin annamme sen pankille tarkistettavaksi ja yrit\u00e4mme veloittaa palvelusta. Voit est\u00e4\u00e4 numeron keskell\u00e4, mutta varmista, ett\u00e4 nelj\u00e4 viimeist\u00e4 numeroa ovat n\u00e4kyviss\u00e4.<\/p>\n<p><strong>Riitt\u00e4m\u00e4tt\u00f6m\u00e4t varat:<\/strong> Tilill\u00e4 ei tuolloin ole riitt\u00e4v\u00e4sti varoja tapahtuman kattamiseksi.<\/p>\n<p><strong>Raja ylitetty:<\/strong> Yritt\u00e4m\u00e4si tapahtuma ylitt\u00e4\u00e4 tilin nostorajan.<\/p>\n<p><strong>Vanhentunut kortti:<\/strong> K\u00e4yt\u00e4 toista korttia, kortti on vanhentunut.<\/p>\n<p><strong>Virheellinen luottokortin numero:<\/strong> Annoit virheellisen maksutavan tai painat v\u00e4\u00e4ri\u00e4 kortin numeroita.<\/p>\n<p><strong>Virheellinen viimeinen voimassaolop\u00e4iv\u00e4:<\/strong> Virheellinen maksutapa tai teit kirjoitusvirheen kirjoittaessasi kortin viimeist\u00e4 voimassaolop\u00e4iv\u00e4\u00e4. Korjaa maksutiedot ja yrit\u00e4 uudelleen. Jos ongelma on jatkuva, ota yhteytt\u00e4 pankkiisi.<\/p>\n<p><strong>Sijainnin perusteella:<\/strong> Kauppa hyl\u00e4ttiin sijainnin vuoksi.<\/p>\n<p><strong>Pankin petoss\u00e4\u00e4nn\u00f6t:<\/strong> Pankin petosm\u00e4\u00e4r\u00e4ykset estiv\u00e4t kaupan.<\/p>\n\t\t\t\t\t<\/div>\n\t\t\t\t\t\t<\/div>\n\t\t\t\t<\/div>\n\t\t\t\t<div class=\"elementor-element elementor-element-769c870 wd-width-100 elementor-widget elementor-widget-wd_title\" data-id=\"769c870\" data-element_type=\"widget\" data-e-type=\"widget\" data-widget_type=\"wd_title.default\">\n\t\t\t\t<div class=\"elementor-widget-container\">\n\t\t\t\t\t\t\t<div class=\"title-wrapper wd-set-mb reset-last-child wd-title-color-primary wd-title-style-underlined wd-title-size-custom text-left\">\n\n\t\t\t\n\t\t\t<div class=\"liner-continer\">\n\t\t\t\t<h4 class=\"woodmart-title-container title\">Jos n\u00e4m\u00e4 ongelmat jatkuvat tai maksuasi ei k\u00e4sitell\u00e4 PayPalin kautta, kokeile: <\/h4> \n\t\t\t\t\t\t\t<\/div>\n\n\t\t\t\t\t<\/div>\n\t\t\t\t\t\t<\/div>\n\t\t\t\t<\/div>\n\t\t\t\t<div class=\"elementor-element elementor-element-1b81e5f elementor-widget elementor-widget-wd_text_block\" data-id=\"1b81e5f\" data-element_type=\"widget\" data-e-type=\"widget\" data-widget_type=\"wd_text_block.default\">\n\t\t\t\t<div class=\"elementor-widget-container\">\n\t\t\t\t\t\t\t<div class=\"wd-text-block reset-last-child text-left\">\n\t\t\t\n\t\t\t<p>Maksun suorittaminen uudelleen selaimessa, joka on incognito-tilassa. <\/p>\n<p>Tai vaihda maksutapasi kassalla tai k\u00e4yt\u00e4 toista korttia tai PayPal-tili\u00e4. <\/p>\n<p>Jos mik\u00e4\u00e4n n\u00e4ist\u00e4 ongelmista ei sovellu, ota meihin yhteytt\u00e4 ja kerro tilausnumerosi, nimesi ja osoitteesi sek\u00e4 kuvakaappaus virheilmoituksesta, jotta voimme auttaa sinua jatkamaan tilausta ja vahvistamaan virheongelma. <\/p>\n<p>Lopuksi huomaa, ett\u00e4 sinulla on oikeus saada pankistasi tiedot kaikista ep\u00e4onnistuneista tai onnistuneista tapahtumista. Jos jokin maksu ei mene l\u00e4pi, ota yhteytt\u00e4 joko pankkiisi tai meihin.<\/p>\n\t\t\t\t\t<\/div>\n\t\t\t\t\t\t<\/div>\n\t\t\t\t<\/div>\n\t\t\t\t\t<\/div>\n\t\t<\/div>\n\t\t\t\t\t<\/div>\n\t\t<\/section>\n\t\t\t\t<\/div>","protected":false},"excerpt":{"rendered":"<p>Ostosten tekeminen zx-nukesta on turvallista, nopeaa ja k\u00e4tev\u00e4\u00e4. Maksutavat on lueteltu alla: 1. Paypal Voit<\/p>","protected":false},"author":4,"featured_media":0,"parent":0,"menu_order":0,"comment_status":"closed","ping_status":"closed","template":"","meta":{"footnotes":""},"class_list":["post-12","page","type-page","status-publish","hentry"],"_links":{"self":[{"href":"https:\/\/zxdoll.com\/fi\/wp-json\/wp\/v2\/pages\/12","targetHints":{"allow":["GET"]}}],"collection":[{"href":"https:\/\/zxdoll.com\/fi\/wp-json\/wp\/v2\/pages"}],"about":[{"href":"https:\/\/zxdoll.com\/fi\/wp-json\/wp\/v2\/types\/page"}],"author":[{"embeddable":true,"href":"https:\/\/zxdoll.com\/fi\/wp-json\/wp\/v2\/users\/4"}],"replies":[{"embeddable":true,"href":"https:\/\/zxdoll.com\/fi\/wp-json\/wp\/v2\/comments?post=12"}],"version-history":[{"count":1,"href":"https:\/\/zxdoll.com\/fi\/wp-json\/wp\/v2\/pages\/12\/revisions"}],"predecessor-version":[{"id":155668,"href":"https:\/\/zxdoll.com\/fi\/wp-json\/wp\/v2\/pages\/12\/revisions\/155668"}],"wp:attachment":[{"href":"https:\/\/zxdoll.com\/fi\/wp-json\/wp\/v2\/media?parent=12"}],"curies":[{"name":"wp","href":"https:\/\/api.w.org\/{rel}","templated":true}]}}