{"id":42167,"date":"2023-04-15T04:36:09","date_gmt":"2023-04-14T20:36:09","guid":{"rendered":"https:\/\/zxdoll.com\/?post_type=product&#038;p=42167"},"modified":"2025-09-10T01:04:47","modified_gmt":"2025-09-09T17:04:47","slug":"high-quality-full-body-tpe-sex-doll-porn","status":"publish","type":"product","link":"https:\/\/zxdoll.com\/es\/product\/high-quality-full-body-tpe-sex-doll-porn\/","title":{"rendered":"Alta calidad de cuerpo completo TPE Sex Doll Porn Altha 157cm"},"content":{"rendered":"<h4><strong>Im\u00e1genes de mu\u00f1ecas sexuales<\/strong><\/h4>\n\t                <ul class=\"easy-image-gallery thumbnails-18 linked\">\r\n                    <li><a data-fancybox=\"gallery448\" href=\"https:\/\/zxdoll.com\/wp-content\/uploads\/2023\/04\/real-doll-tumblr-8r5g1-533x800.jpg\" class=\"eig-popup\" title=\"\" data-caption=\"\" target=\"_blank\"><i class=\"icon-view\"><\/i><span class=\"overlay\"><\/span><img decoding=\"async\" width=\"150\" height=\"150\" src=\"https:\/\/zxdoll.com\/wp-content\/uploads\/2023\/04\/real-doll-tumblr-8r5g1-150x150.jpg\" class=\"attachment-thumbnail size-thumbnail\" alt=\"\" title=\"\"><\/a><\/li><li><a data-fancybox=\"gallery448\" href=\"https:\/\/zxdoll.com\/wp-content\/uploads\/2023\/04\/real-doll-tumblr-8r5g2-533x800.jpg\" class=\"eig-popup\" title=\"\" data-caption=\"\" target=\"_blank\"><i class=\"icon-view\"><\/i><span class=\"overlay\"><\/span><img decoding=\"async\" width=\"150\" height=\"150\" src=\"https:\/\/zxdoll.com\/wp-content\/uploads\/2023\/04\/real-doll-tumblr-8r5g2-150x150.jpg\" class=\"attachment-thumbnail size-thumbnail\" alt=\"\" title=\"\"><\/a><\/li><li><a data-fancybox=\"gallery448\" href=\"https:\/\/zxdoll.com\/wp-content\/uploads\/2023\/04\/real-doll-tumblr-8r5g3-533x800.jpg\" class=\"eig-popup\" title=\"\" data-caption=\"\" target=\"_blank\"><i class=\"icon-view\"><\/i><span class=\"overlay\"><\/span><img decoding=\"async\" width=\"150\" height=\"150\" src=\"https:\/\/zxdoll.com\/wp-content\/uploads\/2023\/04\/real-doll-tumblr-8r5g3-150x150.jpg\" class=\"attachment-thumbnail size-thumbnail\" alt=\"\" title=\"\"><\/a><\/li><li><a data-fancybox=\"gallery448\" href=\"https:\/\/zxdoll.com\/wp-content\/uploads\/2023\/04\/real-doll-tumblr-8r5g4-533x800.jpg\" class=\"eig-popup\" title=\"\" data-caption=\"\" target=\"_blank\"><i class=\"icon-view\"><\/i><span class=\"overlay\"><\/span><img loading=\"lazy\" decoding=\"async\" width=\"150\" height=\"150\" src=\"https:\/\/zxdoll.com\/wp-content\/uploads\/2023\/04\/real-doll-tumblr-8r5g4-150x150.jpg\" class=\"attachment-thumbnail size-thumbnail\" alt=\"\" title=\"\"><\/a><\/li><li><a data-fancybox=\"gallery448\" href=\"https:\/\/zxdoll.com\/wp-content\/uploads\/2023\/04\/real-doll-tumblr-8r5g6-533x800.jpg\" class=\"eig-popup\" title=\"\" data-caption=\"\" target=\"_blank\"><i class=\"icon-view\"><\/i><span class=\"overlay\"><\/span><img loading=\"lazy\" decoding=\"async\" width=\"150\" height=\"150\" src=\"https:\/\/zxdoll.com\/wp-content\/uploads\/2023\/04\/real-doll-tumblr-8r5g6-150x150.jpg\" class=\"attachment-thumbnail size-thumbnail\" alt=\"\" title=\"\"><\/a><\/li><li><a data-fancybox=\"gallery448\" href=\"https:\/\/zxdoll.com\/wp-content\/uploads\/2023\/04\/real-doll-tumblr-8r5g8-533x800.jpg\" class=\"eig-popup\" title=\"\" data-caption=\"\" target=\"_blank\"><i class=\"icon-view\"><\/i><span class=\"overlay\"><\/span><img loading=\"lazy\" decoding=\"async\" width=\"150\" height=\"150\" src=\"https:\/\/zxdoll.com\/wp-content\/uploads\/2023\/04\/real-doll-tumblr-8r5g8-150x150.jpg\" class=\"attachment-thumbnail size-thumbnail\" alt=\"\" title=\"\"><\/a><\/li><li><a data-fancybox=\"gallery448\" href=\"https:\/\/zxdoll.com\/wp-content\/uploads\/2023\/04\/real-doll-tumblr-8r5g9-533x800.jpg\" class=\"eig-popup\" title=\"\" data-caption=\"\" target=\"_blank\"><i class=\"icon-view\"><\/i><span class=\"overlay\"><\/span><img loading=\"lazy\" decoding=\"async\" width=\"150\" height=\"150\" src=\"https:\/\/zxdoll.com\/wp-content\/uploads\/2023\/04\/real-doll-tumblr-8r5g9-150x150.jpg\" class=\"attachment-thumbnail size-thumbnail\" alt=\"\" title=\"\"><\/a><\/li><li><a data-fancybox=\"gallery448\" href=\"https:\/\/zxdoll.com\/wp-content\/uploads\/2023\/04\/real-doll-tumblr-8r5g10-533x800.jpg\" class=\"eig-popup\" title=\"\" data-caption=\"\" target=\"_blank\"><i class=\"icon-view\"><\/i><span class=\"overlay\"><\/span><img loading=\"lazy\" decoding=\"async\" width=\"150\" height=\"150\" src=\"https:\/\/zxdoll.com\/wp-content\/uploads\/2023\/04\/real-doll-tumblr-8r5g10-150x150.jpg\" class=\"attachment-thumbnail size-thumbnail\" alt=\"\" title=\"\"><\/a><\/li><li><a data-fancybox=\"gallery448\" href=\"https:\/\/zxdoll.com\/wp-content\/uploads\/2023\/04\/real-doll-tumblr-8r5g11-533x800.jpg\" class=\"eig-popup\" title=\"\" data-caption=\"\" target=\"_blank\"><i class=\"icon-view\"><\/i><span class=\"overlay\"><\/span><img loading=\"lazy\" decoding=\"async\" width=\"150\" height=\"150\" src=\"https:\/\/zxdoll.com\/wp-content\/uploads\/2023\/04\/real-doll-tumblr-8r5g11-150x150.jpg\" class=\"attachment-thumbnail size-thumbnail\" alt=\"\" title=\"\"><\/a><\/li><li><a data-fancybox=\"gallery448\" href=\"https:\/\/zxdoll.com\/wp-content\/uploads\/2023\/04\/real-doll-tumblr-8r5g13-533x800.jpg\" class=\"eig-popup\" title=\"\" data-caption=\"\" target=\"_blank\"><i class=\"icon-view\"><\/i><span class=\"overlay\"><\/span><img loading=\"lazy\" decoding=\"async\" width=\"150\" height=\"150\" src=\"https:\/\/zxdoll.com\/wp-content\/uploads\/2023\/04\/real-doll-tumblr-8r5g13-150x150.jpg\" class=\"attachment-thumbnail size-thumbnail\" alt=\"\" title=\"\"><\/a><\/li><li><a data-fancybox=\"gallery448\" href=\"https:\/\/zxdoll.com\/wp-content\/uploads\/2023\/04\/real-doll-tumblr-8r5g14-1-533x800.jpg\" class=\"eig-popup\" title=\"\" data-caption=\"\" target=\"_blank\"><i class=\"icon-view\"><\/i><span class=\"overlay\"><\/span><img loading=\"lazy\" decoding=\"async\" width=\"150\" height=\"150\" src=\"https:\/\/zxdoll.com\/wp-content\/uploads\/2023\/04\/real-doll-tumblr-8r5g14-1-150x150.jpg\" class=\"attachment-thumbnail size-thumbnail\" alt=\"\" title=\"\"><\/a><\/li><li><a data-fancybox=\"gallery448\" href=\"https:\/\/zxdoll.com\/wp-content\/uploads\/2023\/04\/real-doll-tumblr-8r5g15-533x800.jpg\" class=\"eig-popup\" title=\"\" data-caption=\"\" target=\"_blank\"><i class=\"icon-view\"><\/i><span class=\"overlay\"><\/span><img loading=\"lazy\" decoding=\"async\" width=\"150\" height=\"150\" src=\"https:\/\/zxdoll.com\/wp-content\/uploads\/2023\/04\/real-doll-tumblr-8r5g15-150x150.jpg\" class=\"attachment-thumbnail size-thumbnail\" alt=\"\" title=\"\"><\/a><\/li><li><a data-fancybox=\"gallery448\" href=\"https:\/\/zxdoll.com\/wp-content\/uploads\/2023\/04\/real-doll-tumblr-8r5g16-533x800.jpg\" class=\"eig-popup\" title=\"\" data-caption=\"\" target=\"_blank\"><i class=\"icon-view\"><\/i><span class=\"overlay\"><\/span><img loading=\"lazy\" decoding=\"async\" width=\"150\" height=\"150\" src=\"https:\/\/zxdoll.com\/wp-content\/uploads\/2023\/04\/real-doll-tumblr-8r5g16-150x150.jpg\" class=\"attachment-thumbnail size-thumbnail\" alt=\"\" title=\"\"><\/a><\/li><li><a data-fancybox=\"gallery448\" href=\"https:\/\/zxdoll.com\/wp-content\/uploads\/2023\/04\/real-doll-tumblr-8r5g17-533x800.jpg\" class=\"eig-popup\" title=\"\" data-caption=\"\" target=\"_blank\"><i class=\"icon-view\"><\/i><span class=\"overlay\"><\/span><img loading=\"lazy\" decoding=\"async\" width=\"150\" height=\"150\" src=\"https:\/\/zxdoll.com\/wp-content\/uploads\/2023\/04\/real-doll-tumblr-8r5g17-150x150.jpg\" class=\"attachment-thumbnail size-thumbnail\" alt=\"\" title=\"\"><\/a><\/li><li><a data-fancybox=\"gallery448\" href=\"https:\/\/zxdoll.com\/wp-content\/uploads\/2023\/04\/real-doll-tumblr-8r5g18-533x800.jpg\" class=\"eig-popup\" title=\"\" data-caption=\"\" target=\"_blank\"><i class=\"icon-view\"><\/i><span class=\"overlay\"><\/span><img loading=\"lazy\" decoding=\"async\" width=\"150\" height=\"150\" src=\"https:\/\/zxdoll.com\/wp-content\/uploads\/2023\/04\/real-doll-tumblr-8r5g18-150x150.jpg\" class=\"attachment-thumbnail size-thumbnail\" alt=\"\" title=\"\"><\/a><\/li><li><a data-fancybox=\"gallery448\" href=\"https:\/\/zxdoll.com\/wp-content\/uploads\/2023\/04\/real-doll-tumblr-8r5g19-533x800.jpg\" class=\"eig-popup\" title=\"\" data-caption=\"\" target=\"_blank\"><i class=\"icon-view\"><\/i><span class=\"overlay\"><\/span><img loading=\"lazy\" decoding=\"async\" width=\"150\" height=\"150\" src=\"https:\/\/zxdoll.com\/wp-content\/uploads\/2023\/04\/real-doll-tumblr-8r5g19-150x150.jpg\" class=\"attachment-thumbnail size-thumbnail\" alt=\"\" title=\"\"><\/a><\/li><li><a data-fancybox=\"gallery448\" href=\"https:\/\/zxdoll.com\/wp-content\/uploads\/2023\/04\/real-doll-tumblr-8r5g20-533x800.jpg\" class=\"eig-popup\" title=\"\" data-caption=\"\" target=\"_blank\"><i class=\"icon-view\"><\/i><span class=\"overlay\"><\/span><img loading=\"lazy\" decoding=\"async\" width=\"150\" height=\"150\" src=\"https:\/\/zxdoll.com\/wp-content\/uploads\/2023\/04\/real-doll-tumblr-8r5g20-150x150.jpg\" class=\"attachment-thumbnail size-thumbnail\" alt=\"\" title=\"\"><\/a><\/li><li><a data-fancybox=\"gallery448\" href=\"https:\/\/zxdoll.com\/wp-content\/uploads\/2023\/04\/real-doll-tumblr-8r5g21-533x800.jpg\" class=\"eig-popup\" title=\"\" data-caption=\"\" target=\"_blank\"><i class=\"icon-view\"><\/i><span class=\"overlay\"><\/span><img loading=\"lazy\" decoding=\"async\" width=\"150\" height=\"150\" src=\"https:\/\/zxdoll.com\/wp-content\/uploads\/2023\/04\/real-doll-tumblr-8r5g21-150x150.jpg\" class=\"attachment-thumbnail size-thumbnail\" alt=\"\" title=\"\"><\/a><\/li><\/ul>\n<h4>Tablas de tallas<\/h4>\n<table width=\"292\">\n<tbody>\n<tr>\n<td width=\"153\">Material<\/td>\n<td width=\"139\">TPE<\/td>\n<\/tr>\n<tr>\n<td>Altura<\/td>\n<td>157cm<\/td>\n<\/tr>\n<tr>\n<td>l\u00ednea de mama<\/td>\n<td>67cm<\/td>\n<\/tr>\n<tr>\n<td>l\u00ednea de la cintura<\/td>\n<td>48cm<\/td>\n<\/tr>\n<tr>\n<td>l\u00ednea de la cadera<\/td>\n<td>77cm<\/td>\n<\/tr>\n<tr>\n<td>Ancho de hombro<\/td>\n<td>30 centimetros<\/td>\n<\/tr>\n<tr>\n<td>Largo del brazo<\/td>\n<td>63,5 cm<\/td>\n<\/tr>\n<tr>\n<td>Longitud de las piernas<\/td>\n<td>103cm<\/td>\n<\/tr>\n<tr>\n<td>Tama\u00f1o de los pies<\/td>\n<td>20 cent\u00edmetros<\/td>\n<\/tr>\n<tr>\n<td>l\u00ednea del muslo<\/td>\n<td>43cm<\/td>\n<\/tr>\n<tr>\n<td>L\u00ednea de becerro<\/td>\n<td>27cm<\/td>\n<\/tr>\n<tr>\n<td>Peso neto<\/td>\n<td>29,5 kg<\/td>\n<\/tr>\n<tr>\n<td>Profundidad bucal<\/td>\n<td>13cm<\/td>\n<\/tr>\n<tr>\n<td>Profundidad de la vagina<\/td>\n<td>18 cm<\/td>\n<\/tr>\n<tr>\n<td>Profundidad anal<\/td>\n<td>16cm<\/td>\n<\/tr>\n<\/tbody>\n<\/table>\n<h4>Acerca de la mu\u00f1eca sexual<\/h4>\n<p>\u00bfTe gusta el porno de la mu\u00f1eca Piper? \u00bfTe gusta ver porno de mu\u00f1ecas sexuales de silicona? Conoce a nuestra mu\u00f1eca Wendy. Wendy es una mu\u00f1eca provocativa tan caliente. Sabemos por qu\u00e9 sale volando de nuestros estantes.<\/p>\n<p>Con su camisa de vestir blanca desabrochada, puedes ver sus suaves y turgentes tetas saludando, sus rosados pezones duros y atentos.<\/p>\n<p>Si puedes apartar la mirada de ellos el tiempo suficiente, su rostro ovalado pide mucha atenci\u00f3n. Con ojos pesados, nariz puntiaguda y sensuales labios rosados, esta mu\u00f1eca del amor es lo mejor de todos los mundos.<\/p>\n<p>Su peque\u00f1a cintura sirve como algo a lo que agarrarse durante el sexo mientras la golpeas por la espalda, y su culo y sus bonitas tetas rebotan y se mueven mientras la follas.<\/p>\n<p>\u00bfQuieres conservar el momento para siempre? \u00a1Eso es muy f\u00e1cil!<\/p>\n<p>No tienes que preocuparte. Al igual que las mu\u00f1ecas kik, no necesitas aprender a almacenar mu\u00f1ecas a largo plazo. Ella es durable y de larga duraci\u00f3n y s\u00f3lo requiere un mantenimiento ocasional. Su esqueleto de acero la ayuda a meterse en todo tipo de posiciones sexuales, y est\u00e1 muy dispuesta a probar cualquier cosa. Suplica por ello, incluso. Es insaciable y siempre est\u00e1 lista para salir. \u00bfQue estas esperando?<\/p>","protected":false},"excerpt":{"rendered":"<p>Im\u00e1genes de mu\u00f1ecas sexuales Tablas de tallas Material TPE Altura 157 cm L\u00ednea del pecho 67 cm L\u00ednea de la cintura 48 cm L\u00ednea de la cadera 77 cm Ancho del hombro<\/p>","protected":false},"featured_media":42171,"comment_status":"open","ping_status":"closed","template":"","meta":[],"product_brand":[],"product_cat":[119,112,228,102,107,117],"product_tag":[],"class_list":{"0":"post-42167","1":"product","2":"type-product","3":"status-publish","4":"has-post-thumbnail","6":"product_cat-tpe-sex-doll","7":"product_cat-150cm-159cm-sex-dolls","8":"product_cat-26kg-30kg","9":"product_cat-fantasy-sex-dolls","10":"product_cat-skinny-sex-dolls","11":"product_cat-small-breast-sex-doll","12":"pa_brand-fire-doll","13":"tm-has-options","15":"first","16":"instock","17":"sale","18":"shipping-taxable","19":"purchasable","20":"product-type-simple"},"_links":{"self":[{"href":"https:\/\/zxdoll.com\/es\/wp-json\/wp\/v2\/product\/42167","targetHints":{"allow":["GET"]}}],"collection":[{"href":"https:\/\/zxdoll.com\/es\/wp-json\/wp\/v2\/product"}],"about":[{"href":"https:\/\/zxdoll.com\/es\/wp-json\/wp\/v2\/types\/product"}],"replies":[{"embeddable":true,"href":"https:\/\/zxdoll.com\/es\/wp-json\/wp\/v2\/comments?post=42167"}],"version-history":[{"count":2,"href":"https:\/\/zxdoll.com\/es\/wp-json\/wp\/v2\/product\/42167\/revisions"}],"predecessor-version":[{"id":197693,"href":"https:\/\/zxdoll.com\/es\/wp-json\/wp\/v2\/product\/42167\/revisions\/197693"}],"wp:featuredmedia":[{"embeddable":true,"href":"https:\/\/zxdoll.com\/es\/wp-json\/wp\/v2\/media\/42171"}],"wp:attachment":[{"href":"https:\/\/zxdoll.com\/es\/wp-json\/wp\/v2\/media?parent=42167"}],"wp:term":[{"taxonomy":"product_brand","embeddable":true,"href":"https:\/\/zxdoll.com\/es\/wp-json\/wp\/v2\/product_brand?post=42167"},{"taxonomy":"product_cat","embeddable":true,"href":"https:\/\/zxdoll.com\/es\/wp-json\/wp\/v2\/product_cat?post=42167"},{"taxonomy":"product_tag","embeddable":true,"href":"https:\/\/zxdoll.com\/es\/wp-json\/wp\/v2\/product_tag?post=42167"}],"curies":[{"name":"wp","href":"https:\/\/api.w.org\/{rel}","templated":true}]}}