{"id":32665,"date":"2023-04-05T03:33:02","date_gmt":"2023-04-04T19:33:02","guid":{"rendered":"https:\/\/zxdoll.com\/?post_type=product&#038;p=32665"},"modified":"2025-09-12T16:50:53","modified_gmt":"2025-09-12T08:50:53","slug":"african-affordable-hot-sex-doll","status":"publish","type":"product","link":"https:\/\/zxdoll.com\/es\/product\/african-affordable-hot-sex-doll\/","title":{"rendered":"Mu\u00f1eca sexual africana asequible y caliente Nickie 175 cm"},"content":{"rendered":"<h4><strong>Im\u00e1genes de mu\u00f1ecas sexuales<\/strong><\/h4>\n\t                <ul class=\"easy-image-gallery thumbnails-20 linked\">\r\n                    <li><a data-fancybox=\"gallery143\" href=\"https:\/\/zxdoll.com\/wp-content\/uploads\/2023\/04\/dolls-for-adults-8s4c1-533x800.jpg\" class=\"eig-popup\" title=\"\" data-caption=\"\" target=\"_blank\"><i class=\"icon-view\"><\/i><span class=\"overlay\"><\/span><img decoding=\"async\" width=\"150\" height=\"150\" src=\"https:\/\/zxdoll.com\/wp-content\/uploads\/2023\/04\/dolls-for-adults-8s4c1-150x150.jpg\" class=\"attachment-thumbnail size-thumbnail\" alt=\"\" title=\"\"><\/a><\/li><li><a data-fancybox=\"gallery143\" href=\"https:\/\/zxdoll.com\/wp-content\/uploads\/2023\/04\/dolls-for-adults-8s4c2-533x800.jpg\" class=\"eig-popup\" title=\"\" data-caption=\"\" target=\"_blank\"><i class=\"icon-view\"><\/i><span class=\"overlay\"><\/span><img decoding=\"async\" width=\"150\" height=\"150\" src=\"https:\/\/zxdoll.com\/wp-content\/uploads\/2023\/04\/dolls-for-adults-8s4c2-150x150.jpg\" class=\"attachment-thumbnail size-thumbnail\" alt=\"\" title=\"\"><\/a><\/li><li><a data-fancybox=\"gallery143\" href=\"https:\/\/zxdoll.com\/wp-content\/uploads\/2023\/04\/dolls-for-adults-8s4c3-533x800.jpg\" class=\"eig-popup\" title=\"\" data-caption=\"\" target=\"_blank\"><i class=\"icon-view\"><\/i><span class=\"overlay\"><\/span><img decoding=\"async\" width=\"150\" height=\"150\" src=\"https:\/\/zxdoll.com\/wp-content\/uploads\/2023\/04\/dolls-for-adults-8s4c3-150x150.jpg\" class=\"attachment-thumbnail size-thumbnail\" alt=\"\" title=\"\"><\/a><\/li><li><a data-fancybox=\"gallery143\" href=\"https:\/\/zxdoll.com\/wp-content\/uploads\/2023\/04\/dolls-for-adults-8s4c5-533x800.jpg\" class=\"eig-popup\" title=\"\" data-caption=\"\" target=\"_blank\"><i class=\"icon-view\"><\/i><span class=\"overlay\"><\/span><img loading=\"lazy\" decoding=\"async\" width=\"150\" height=\"150\" src=\"https:\/\/zxdoll.com\/wp-content\/uploads\/2023\/04\/dolls-for-adults-8s4c5-150x150.jpg\" class=\"attachment-thumbnail size-thumbnail\" alt=\"\" title=\"\"><\/a><\/li><li><a data-fancybox=\"gallery143\" href=\"https:\/\/zxdoll.com\/wp-content\/uploads\/2023\/04\/dolls-for-adults-8s4c9-533x800.jpg\" class=\"eig-popup\" title=\"\" data-caption=\"\" target=\"_blank\"><i class=\"icon-view\"><\/i><span class=\"overlay\"><\/span><img loading=\"lazy\" decoding=\"async\" width=\"150\" height=\"150\" src=\"https:\/\/zxdoll.com\/wp-content\/uploads\/2023\/04\/dolls-for-adults-8s4c9-150x150.jpg\" class=\"attachment-thumbnail size-thumbnail\" alt=\"\" title=\"\"><\/a><\/li><li><a data-fancybox=\"gallery143\" href=\"https:\/\/zxdoll.com\/wp-content\/uploads\/2023\/04\/dolls-for-adults-8s4c11-533x800.jpg\" class=\"eig-popup\" title=\"\" data-caption=\"\" target=\"_blank\"><i class=\"icon-view\"><\/i><span class=\"overlay\"><\/span><img loading=\"lazy\" decoding=\"async\" width=\"150\" height=\"150\" src=\"https:\/\/zxdoll.com\/wp-content\/uploads\/2023\/04\/dolls-for-adults-8s4c11-150x150.jpg\" class=\"attachment-thumbnail size-thumbnail\" alt=\"\" title=\"\"><\/a><\/li><li><a data-fancybox=\"gallery143\" href=\"https:\/\/zxdoll.com\/wp-content\/uploads\/2023\/04\/dolls-for-adults-8s4c13-533x800.jpg\" class=\"eig-popup\" title=\"\" data-caption=\"\" target=\"_blank\"><i class=\"icon-view\"><\/i><span class=\"overlay\"><\/span><img loading=\"lazy\" decoding=\"async\" width=\"150\" height=\"150\" src=\"https:\/\/zxdoll.com\/wp-content\/uploads\/2023\/04\/dolls-for-adults-8s4c13-150x150.jpg\" class=\"attachment-thumbnail size-thumbnail\" alt=\"\" title=\"\"><\/a><\/li><li><a data-fancybox=\"gallery143\" href=\"https:\/\/zxdoll.com\/wp-content\/uploads\/2023\/04\/dolls-for-adults-8s4c15-533x800.jpg\" class=\"eig-popup\" title=\"\" data-caption=\"\" target=\"_blank\"><i class=\"icon-view\"><\/i><span class=\"overlay\"><\/span><img loading=\"lazy\" decoding=\"async\" width=\"150\" height=\"150\" src=\"https:\/\/zxdoll.com\/wp-content\/uploads\/2023\/04\/dolls-for-adults-8s4c15-150x150.jpg\" class=\"attachment-thumbnail size-thumbnail\" alt=\"\" title=\"\"><\/a><\/li><li><a data-fancybox=\"gallery143\" href=\"https:\/\/zxdoll.com\/wp-content\/uploads\/2023\/04\/dolls-for-adults-8s4c16-533x800.jpg\" class=\"eig-popup\" title=\"\" data-caption=\"\" target=\"_blank\"><i class=\"icon-view\"><\/i><span class=\"overlay\"><\/span><img loading=\"lazy\" decoding=\"async\" width=\"150\" height=\"150\" src=\"https:\/\/zxdoll.com\/wp-content\/uploads\/2023\/04\/dolls-for-adults-8s4c16-150x150.jpg\" class=\"attachment-thumbnail size-thumbnail\" alt=\"\" title=\"\"><\/a><\/li><li><a data-fancybox=\"gallery143\" href=\"https:\/\/zxdoll.com\/wp-content\/uploads\/2023\/04\/dolls-for-adults-8s4c18-533x800.jpg\" class=\"eig-popup\" title=\"\" data-caption=\"\" target=\"_blank\"><i class=\"icon-view\"><\/i><span class=\"overlay\"><\/span><img loading=\"lazy\" decoding=\"async\" width=\"150\" height=\"150\" src=\"https:\/\/zxdoll.com\/wp-content\/uploads\/2023\/04\/dolls-for-adults-8s4c18-150x150.jpg\" class=\"attachment-thumbnail size-thumbnail\" alt=\"\" title=\"\"><\/a><\/li><li><a data-fancybox=\"gallery143\" href=\"https:\/\/zxdoll.com\/wp-content\/uploads\/2023\/04\/dolls-for-adults-8s4c21-533x800.jpg\" class=\"eig-popup\" title=\"\" data-caption=\"\" target=\"_blank\"><i class=\"icon-view\"><\/i><span class=\"overlay\"><\/span><img loading=\"lazy\" decoding=\"async\" width=\"150\" height=\"150\" src=\"https:\/\/zxdoll.com\/wp-content\/uploads\/2023\/04\/dolls-for-adults-8s4c21-150x150.jpg\" class=\"attachment-thumbnail size-thumbnail\" alt=\"\" title=\"\"><\/a><\/li><li><a data-fancybox=\"gallery143\" href=\"https:\/\/zxdoll.com\/wp-content\/uploads\/2023\/04\/dolls-for-adults-8s4c22-533x800.jpg\" class=\"eig-popup\" title=\"\" data-caption=\"\" target=\"_blank\"><i class=\"icon-view\"><\/i><span class=\"overlay\"><\/span><img loading=\"lazy\" decoding=\"async\" width=\"150\" height=\"150\" src=\"https:\/\/zxdoll.com\/wp-content\/uploads\/2023\/04\/dolls-for-adults-8s4c22-150x150.jpg\" class=\"attachment-thumbnail size-thumbnail\" alt=\"\" title=\"\"><\/a><\/li><li><a data-fancybox=\"gallery143\" href=\"https:\/\/zxdoll.com\/wp-content\/uploads\/2023\/04\/dolls-for-adults-8s4c23-533x800.jpg\" class=\"eig-popup\" title=\"\" data-caption=\"\" target=\"_blank\"><i class=\"icon-view\"><\/i><span class=\"overlay\"><\/span><img loading=\"lazy\" decoding=\"async\" width=\"150\" height=\"150\" src=\"https:\/\/zxdoll.com\/wp-content\/uploads\/2023\/04\/dolls-for-adults-8s4c23-150x150.jpg\" class=\"attachment-thumbnail size-thumbnail\" alt=\"\" title=\"\"><\/a><\/li><li><a data-fancybox=\"gallery143\" href=\"https:\/\/zxdoll.com\/wp-content\/uploads\/2023\/04\/dolls-for-adults-8s4c25-533x800.jpg\" class=\"eig-popup\" title=\"\" data-caption=\"\" target=\"_blank\"><i class=\"icon-view\"><\/i><span class=\"overlay\"><\/span><img loading=\"lazy\" decoding=\"async\" width=\"150\" height=\"150\" src=\"https:\/\/zxdoll.com\/wp-content\/uploads\/2023\/04\/dolls-for-adults-8s4c25-150x150.jpg\" class=\"attachment-thumbnail size-thumbnail\" alt=\"\" title=\"\"><\/a><\/li><li><a data-fancybox=\"gallery143\" href=\"https:\/\/zxdoll.com\/wp-content\/uploads\/2023\/04\/dolls-for-adults-8s4c26-533x800.jpg\" class=\"eig-popup\" title=\"\" data-caption=\"\" target=\"_blank\"><i class=\"icon-view\"><\/i><span class=\"overlay\"><\/span><img loading=\"lazy\" decoding=\"async\" width=\"150\" height=\"150\" src=\"https:\/\/zxdoll.com\/wp-content\/uploads\/2023\/04\/dolls-for-adults-8s4c26-150x150.jpg\" class=\"attachment-thumbnail size-thumbnail\" alt=\"\" title=\"\"><\/a><\/li><li><a data-fancybox=\"gallery143\" href=\"https:\/\/zxdoll.com\/wp-content\/uploads\/2023\/04\/dolls-for-adults-8s4c28-533x800.jpg\" class=\"eig-popup\" title=\"\" data-caption=\"\" target=\"_blank\"><i class=\"icon-view\"><\/i><span class=\"overlay\"><\/span><img loading=\"lazy\" decoding=\"async\" width=\"150\" height=\"150\" src=\"https:\/\/zxdoll.com\/wp-content\/uploads\/2023\/04\/dolls-for-adults-8s4c28-150x150.jpg\" class=\"attachment-thumbnail size-thumbnail\" alt=\"\" title=\"\"><\/a><\/li><li><a data-fancybox=\"gallery143\" href=\"https:\/\/zxdoll.com\/wp-content\/uploads\/2023\/04\/dolls-for-adults-8s4c29-533x800.jpg\" class=\"eig-popup\" title=\"\" data-caption=\"\" target=\"_blank\"><i class=\"icon-view\"><\/i><span class=\"overlay\"><\/span><img loading=\"lazy\" decoding=\"async\" width=\"150\" height=\"150\" src=\"https:\/\/zxdoll.com\/wp-content\/uploads\/2023\/04\/dolls-for-adults-8s4c29-150x150.jpg\" class=\"attachment-thumbnail size-thumbnail\" alt=\"\" title=\"\"><\/a><\/li><li><a data-fancybox=\"gallery143\" href=\"https:\/\/zxdoll.com\/wp-content\/uploads\/2023\/04\/dolls-for-adults-8s4c31-533x800.jpg\" class=\"eig-popup\" title=\"\" data-caption=\"\" target=\"_blank\"><i class=\"icon-view\"><\/i><span class=\"overlay\"><\/span><img loading=\"lazy\" decoding=\"async\" width=\"150\" height=\"150\" src=\"https:\/\/zxdoll.com\/wp-content\/uploads\/2023\/04\/dolls-for-adults-8s4c31-150x150.jpg\" class=\"attachment-thumbnail size-thumbnail\" alt=\"\" title=\"\"><\/a><\/li><li><a data-fancybox=\"gallery143\" href=\"https:\/\/zxdoll.com\/wp-content\/uploads\/2023\/04\/dolls-for-adults-8s4c32-533x800.jpg\" class=\"eig-popup\" title=\"\" data-caption=\"\" target=\"_blank\"><i class=\"icon-view\"><\/i><span class=\"overlay\"><\/span><img loading=\"lazy\" decoding=\"async\" width=\"150\" height=\"150\" src=\"https:\/\/zxdoll.com\/wp-content\/uploads\/2023\/04\/dolls-for-adults-8s4c32-150x150.jpg\" class=\"attachment-thumbnail size-thumbnail\" alt=\"\" title=\"\"><\/a><\/li><li><a data-fancybox=\"gallery143\" href=\"https:\/\/zxdoll.com\/wp-content\/uploads\/2023\/04\/dolls-for-adults-8s4c33-533x800.jpg\" class=\"eig-popup\" title=\"\" data-caption=\"\" target=\"_blank\"><i class=\"icon-view\"><\/i><span class=\"overlay\"><\/span><img loading=\"lazy\" decoding=\"async\" width=\"150\" height=\"150\" src=\"https:\/\/zxdoll.com\/wp-content\/uploads\/2023\/04\/dolls-for-adults-8s4c33-150x150.jpg\" class=\"attachment-thumbnail size-thumbnail\" alt=\"\" title=\"\"><\/a><\/li><\/ul>\n<h4>Tablas de tallas<\/h4>\n<table width=\"269\">\n<tbody>\n<tr>\n<td width=\"130\">Material<\/td>\n<td width=\"139\">TPE<\/td>\n<\/tr>\n<tr>\n<td>Altura<\/td>\n<td>175cm<\/td>\n<\/tr>\n<tr>\n<td>l\u00ednea de mama<\/td>\n<td>85cm<\/td>\n<\/tr>\n<tr>\n<td>l\u00ednea de la cintura<\/td>\n<td>57cm<\/td>\n<\/tr>\n<tr>\n<td>l\u00ednea de la cadera<\/td>\n<td>88cm<\/td>\n<\/tr>\n<tr>\n<td>Largo del brazo<\/td>\n<td>65cm<\/td>\n<\/tr>\n<tr>\n<td>Ancho de hombro<\/td>\n<td>38cm<\/td>\n<\/tr>\n<tr>\n<td>L\u00ednea de becerro<\/td>\n<td>30 centimetros<\/td>\n<\/tr>\n<tr>\n<td>l\u00ednea del muslo<\/td>\n<td>50cm<\/td>\n<\/tr>\n<tr>\n<td>Longitud de las piernas<\/td>\n<td>82cm<\/td>\n<\/tr>\n<tr>\n<td>Tama\u00f1o de los pies<\/td>\n<td>22cm<\/td>\n<\/tr>\n<tr>\n<td>Peso neto<\/td>\n<td>39,5 kg<\/td>\n<\/tr>\n<tr>\n<td>Profundidad bucal<\/td>\n<td>12cm<\/td>\n<\/tr>\n<tr>\n<td>Profundidad de la vagina<\/td>\n<td>18 cm<\/td>\n<\/tr>\n<tr>\n<td>Profundidad anal<\/td>\n<td>16cm<\/td>\n<\/tr>\n<\/tbody>\n<\/table>\n<h4>Acerca de la mu\u00f1eca sexual<\/h4>\n<p>Una verdadera poen de mu\u00f1eca sexual, una chica go, una chica hit. Ella tiene los labios m\u00e1s sexys de todos los tiempos, y cuando decimos que el co\u00f1o de esta mu\u00f1eca sexual Denver Dolls es una locura, queremos decir que solo da lo mejor a lo mejor.<\/p>\n<p>Este gif de mu\u00f1eca sexual realista es lo mejor que puedes conseguir, \u00bfy no quieres dise\u00f1ar tu propia mu\u00f1eca sexual con ella? Por supuesto, esta mu\u00f1eca sexual llena de agua siempre est\u00e1 lista para lo que quieras hacer.<\/p>\n<p>No s\u00e9 ustedes, pero esta mu\u00f1eca TPE de 175 cm seguro que tiene jugo. Mira esos ojos diab\u00f3licamente sexys; miran directamente a tu alma y te hacen parlotear. \u00bfY has visto esas barbillas? Esta mu\u00f1eca de silicona de anime seguramente viene tan caliente como la hacen.<\/p>\n<p>Esta mu\u00f1eca sexual hecha a medida se puede hacer para que se parezca a ti o a quien quieras que se parezca, y a ella no le importa; ella est\u00e1 lista para hacer eso por ti. \u00bfPuedes ver su cintura? Puede que sea el m\u00e1s peque\u00f1o que he visto en mi vida; Leyte no vino a jugar.<\/p>","protected":false},"excerpt":{"rendered":"<p>Im\u00e1genes de mu\u00f1ecas sexuales Tablas de tallas Material TPE Altura 175 cm L\u00ednea del pecho 85 cm L\u00ednea de la cintura 57 cm L\u00ednea de la cadera 88 cm Longitud del brazo<\/p>","protected":false},"featured_media":35159,"comment_status":"open","ping_status":"closed","template":"","meta":[],"product_brand":[],"product_cat":[97,230,124,118,107,117,119],"product_tag":[],"class_list":{"0":"post-32665","1":"product","2":"type-product","3":"status-publish","4":"has-post-thumbnail","6":"product_cat-real-life-sex-dolls","7":"product_cat-36kg-40kg","8":"product_cat-above-171cm-sex-dolls","9":"product_cat-ebony-sex-doll","10":"product_cat-skinny-sex-dolls","11":"product_cat-small-breast-sex-doll","12":"product_cat-tpe-sex-doll","13":"pa_brand-irontech-doll","14":"tm-has-options","16":"first","17":"instock","18":"sale","19":"shipping-taxable","20":"purchasable","21":"product-type-simple"},"_links":{"self":[{"href":"https:\/\/zxdoll.com\/es\/wp-json\/wp\/v2\/product\/32665","targetHints":{"allow":["GET"]}}],"collection":[{"href":"https:\/\/zxdoll.com\/es\/wp-json\/wp\/v2\/product"}],"about":[{"href":"https:\/\/zxdoll.com\/es\/wp-json\/wp\/v2\/types\/product"}],"replies":[{"embeddable":true,"href":"https:\/\/zxdoll.com\/es\/wp-json\/wp\/v2\/comments?post=32665"}],"version-history":[{"count":4,"href":"https:\/\/zxdoll.com\/es\/wp-json\/wp\/v2\/product\/32665\/revisions"}],"predecessor-version":[{"id":186824,"href":"https:\/\/zxdoll.com\/es\/wp-json\/wp\/v2\/product\/32665\/revisions\/186824"}],"wp:featuredmedia":[{"embeddable":true,"href":"https:\/\/zxdoll.com\/es\/wp-json\/wp\/v2\/media\/35159"}],"wp:attachment":[{"href":"https:\/\/zxdoll.com\/es\/wp-json\/wp\/v2\/media?parent=32665"}],"wp:term":[{"taxonomy":"product_brand","embeddable":true,"href":"https:\/\/zxdoll.com\/es\/wp-json\/wp\/v2\/product_brand?post=32665"},{"taxonomy":"product_cat","embeddable":true,"href":"https:\/\/zxdoll.com\/es\/wp-json\/wp\/v2\/product_cat?post=32665"},{"taxonomy":"product_tag","embeddable":true,"href":"https:\/\/zxdoll.com\/es\/wp-json\/wp\/v2\/product_tag?post=32665"}],"curies":[{"name":"wp","href":"https:\/\/api.w.org\/{rel}","templated":true}]}}