{"id":28038,"date":"2023-04-01T04:49:13","date_gmt":"2023-03-31T20:49:13","guid":{"rendered":"https:\/\/zxdoll.com\/?post_type=product&#038;p=28038"},"modified":"2025-09-11T00:33:09","modified_gmt":"2025-09-10T16:33:09","slug":"perfect-real-life-size-realistic-fuck-doll","status":"publish","type":"product","link":"https:\/\/zxdoll.com\/es\/product\/perfect-real-life-size-realistic-fuck-doll\/","title":{"rendered":"Perfecto Tama\u00f1o Real Realista Fuck Doll Mignon 140cm"},"content":{"rendered":"<h4><strong>Im\u00e1genes de mu\u00f1ecas sexuales<\/strong><\/h4>\n\t                <ul class=\"easy-image-gallery thumbnails-22 linked\">\r\n                    <li><a data-fancybox=\"gallery990\" href=\"https:\/\/zxdoll.com\/wp-content\/uploads\/2023\/04\/life-size-love-doll-x6ui5-533x800.jpg\" class=\"eig-popup\" title=\"\" data-caption=\"\" target=\"_blank\"><i class=\"icon-view\"><\/i><span class=\"overlay\"><\/span><img decoding=\"async\" width=\"150\" height=\"150\" src=\"https:\/\/zxdoll.com\/wp-content\/uploads\/2023\/04\/life-size-love-doll-x6ui5-150x150.jpg\" class=\"attachment-thumbnail size-thumbnail\" alt=\"\" title=\"\"><\/a><\/li><li><a data-fancybox=\"gallery990\" href=\"https:\/\/zxdoll.com\/wp-content\/uploads\/2023\/04\/life-size-love-doll-x6ui9-533x800.jpg\" class=\"eig-popup\" title=\"\" data-caption=\"\" target=\"_blank\"><i class=\"icon-view\"><\/i><span class=\"overlay\"><\/span><img decoding=\"async\" width=\"150\" height=\"150\" src=\"https:\/\/zxdoll.com\/wp-content\/uploads\/2023\/04\/life-size-love-doll-x6ui9-150x150.jpg\" class=\"attachment-thumbnail size-thumbnail\" alt=\"\" title=\"\"><\/a><\/li><li><a data-fancybox=\"gallery990\" href=\"https:\/\/zxdoll.com\/wp-content\/uploads\/2023\/04\/life-size-love-doll-x6ui13-533x800.jpg\" class=\"eig-popup\" title=\"\" data-caption=\"\" target=\"_blank\"><i class=\"icon-view\"><\/i><span class=\"overlay\"><\/span><img decoding=\"async\" width=\"150\" height=\"150\" src=\"https:\/\/zxdoll.com\/wp-content\/uploads\/2023\/04\/life-size-love-doll-x6ui13-150x150.jpg\" class=\"attachment-thumbnail size-thumbnail\" alt=\"\" title=\"\"><\/a><\/li><li><a data-fancybox=\"gallery990\" href=\"https:\/\/zxdoll.com\/wp-content\/uploads\/2023\/04\/life-size-love-doll-x6ui15-533x800.jpg\" class=\"eig-popup\" title=\"\" data-caption=\"\" target=\"_blank\"><i class=\"icon-view\"><\/i><span class=\"overlay\"><\/span><img loading=\"lazy\" decoding=\"async\" width=\"150\" height=\"150\" src=\"https:\/\/zxdoll.com\/wp-content\/uploads\/2023\/04\/life-size-love-doll-x6ui15-150x150.jpg\" class=\"attachment-thumbnail size-thumbnail\" alt=\"\" title=\"\"><\/a><\/li><li><a data-fancybox=\"gallery990\" href=\"https:\/\/zxdoll.com\/wp-content\/uploads\/2023\/04\/life-size-love-doll-x6ui18-533x800.jpg\" class=\"eig-popup\" title=\"\" data-caption=\"\" target=\"_blank\"><i class=\"icon-view\"><\/i><span class=\"overlay\"><\/span><img loading=\"lazy\" decoding=\"async\" width=\"150\" height=\"150\" src=\"https:\/\/zxdoll.com\/wp-content\/uploads\/2023\/04\/life-size-love-doll-x6ui18-150x150.jpg\" class=\"attachment-thumbnail size-thumbnail\" alt=\"\" title=\"\"><\/a><\/li><li><a data-fancybox=\"gallery990\" href=\"https:\/\/zxdoll.com\/wp-content\/uploads\/2023\/04\/life-size-love-doll-x6ui24-533x800.jpg\" class=\"eig-popup\" title=\"\" data-caption=\"\" target=\"_blank\"><i class=\"icon-view\"><\/i><span class=\"overlay\"><\/span><img loading=\"lazy\" decoding=\"async\" width=\"150\" height=\"150\" src=\"https:\/\/zxdoll.com\/wp-content\/uploads\/2023\/04\/life-size-love-doll-x6ui24-150x150.jpg\" class=\"attachment-thumbnail size-thumbnail\" alt=\"\" title=\"\"><\/a><\/li><li><a data-fancybox=\"gallery990\" href=\"https:\/\/zxdoll.com\/wp-content\/uploads\/2023\/04\/life-size-love-doll-x6ui31-533x800.jpg\" class=\"eig-popup\" title=\"\" data-caption=\"\" target=\"_blank\"><i class=\"icon-view\"><\/i><span class=\"overlay\"><\/span><img loading=\"lazy\" decoding=\"async\" width=\"150\" height=\"150\" src=\"https:\/\/zxdoll.com\/wp-content\/uploads\/2023\/04\/life-size-love-doll-x6ui31-150x150.jpg\" class=\"attachment-thumbnail size-thumbnail\" alt=\"\" title=\"\"><\/a><\/li><li><a data-fancybox=\"gallery990\" href=\"https:\/\/zxdoll.com\/wp-content\/uploads\/2023\/04\/life-size-love-doll-x6ui33-533x800.jpg\" class=\"eig-popup\" title=\"\" data-caption=\"\" target=\"_blank\"><i class=\"icon-view\"><\/i><span class=\"overlay\"><\/span><img loading=\"lazy\" decoding=\"async\" width=\"150\" height=\"150\" src=\"https:\/\/zxdoll.com\/wp-content\/uploads\/2023\/04\/life-size-love-doll-x6ui33-150x150.jpg\" class=\"attachment-thumbnail size-thumbnail\" alt=\"\" title=\"\"><\/a><\/li><li><a data-fancybox=\"gallery990\" href=\"https:\/\/zxdoll.com\/wp-content\/uploads\/2023\/04\/life-size-love-doll-x6ui38-533x800.jpg\" class=\"eig-popup\" title=\"\" data-caption=\"\" target=\"_blank\"><i class=\"icon-view\"><\/i><span class=\"overlay\"><\/span><img loading=\"lazy\" decoding=\"async\" width=\"150\" height=\"150\" src=\"https:\/\/zxdoll.com\/wp-content\/uploads\/2023\/04\/life-size-love-doll-x6ui38-150x150.jpg\" class=\"attachment-thumbnail size-thumbnail\" alt=\"\" title=\"\"><\/a><\/li><li><a data-fancybox=\"gallery990\" href=\"https:\/\/zxdoll.com\/wp-content\/uploads\/2023\/04\/life-size-love-doll-x6ui39-533x800.jpg\" class=\"eig-popup\" title=\"\" data-caption=\"\" target=\"_blank\"><i class=\"icon-view\"><\/i><span class=\"overlay\"><\/span><img loading=\"lazy\" decoding=\"async\" width=\"150\" height=\"150\" src=\"https:\/\/zxdoll.com\/wp-content\/uploads\/2023\/04\/life-size-love-doll-x6ui39-150x150.jpg\" class=\"attachment-thumbnail size-thumbnail\" alt=\"\" title=\"\"><\/a><\/li><li><a data-fancybox=\"gallery990\" href=\"https:\/\/zxdoll.com\/wp-content\/uploads\/2023\/04\/life-size-love-doll-x6ui42-533x800.jpg\" class=\"eig-popup\" title=\"\" data-caption=\"\" target=\"_blank\"><i class=\"icon-view\"><\/i><span class=\"overlay\"><\/span><img loading=\"lazy\" decoding=\"async\" width=\"150\" height=\"150\" src=\"https:\/\/zxdoll.com\/wp-content\/uploads\/2023\/04\/life-size-love-doll-x6ui42-150x150.jpg\" class=\"attachment-thumbnail size-thumbnail\" alt=\"\" title=\"\"><\/a><\/li><li><a data-fancybox=\"gallery990\" href=\"https:\/\/zxdoll.com\/wp-content\/uploads\/2023\/04\/life-size-love-doll-x6ui43-533x800.jpg\" class=\"eig-popup\" title=\"\" data-caption=\"\" target=\"_blank\"><i class=\"icon-view\"><\/i><span class=\"overlay\"><\/span><img loading=\"lazy\" decoding=\"async\" width=\"150\" height=\"150\" src=\"https:\/\/zxdoll.com\/wp-content\/uploads\/2023\/04\/life-size-love-doll-x6ui43-150x150.jpg\" class=\"attachment-thumbnail size-thumbnail\" alt=\"\" title=\"\"><\/a><\/li><li><a data-fancybox=\"gallery990\" href=\"https:\/\/zxdoll.com\/wp-content\/uploads\/2023\/04\/life-size-love-doll-x6ui44-533x800.jpg\" class=\"eig-popup\" title=\"\" data-caption=\"\" target=\"_blank\"><i class=\"icon-view\"><\/i><span class=\"overlay\"><\/span><img loading=\"lazy\" decoding=\"async\" width=\"150\" height=\"150\" src=\"https:\/\/zxdoll.com\/wp-content\/uploads\/2023\/04\/life-size-love-doll-x6ui44-150x150.jpg\" class=\"attachment-thumbnail size-thumbnail\" alt=\"\" title=\"\"><\/a><\/li><li><a data-fancybox=\"gallery990\" href=\"https:\/\/zxdoll.com\/wp-content\/uploads\/2023\/04\/life-size-love-doll-x6ui45-533x800.jpg\" class=\"eig-popup\" title=\"\" data-caption=\"\" target=\"_blank\"><i class=\"icon-view\"><\/i><span class=\"overlay\"><\/span><img loading=\"lazy\" decoding=\"async\" width=\"150\" height=\"150\" src=\"https:\/\/zxdoll.com\/wp-content\/uploads\/2023\/04\/life-size-love-doll-x6ui45-150x150.jpg\" class=\"attachment-thumbnail size-thumbnail\" alt=\"\" title=\"\"><\/a><\/li><li><a data-fancybox=\"gallery990\" href=\"https:\/\/zxdoll.com\/wp-content\/uploads\/2023\/04\/life-size-love-doll-x6ui46-533x800.jpg\" class=\"eig-popup\" title=\"\" data-caption=\"\" target=\"_blank\"><i class=\"icon-view\"><\/i><span class=\"overlay\"><\/span><img loading=\"lazy\" decoding=\"async\" width=\"150\" height=\"150\" src=\"https:\/\/zxdoll.com\/wp-content\/uploads\/2023\/04\/life-size-love-doll-x6ui46-150x150.jpg\" class=\"attachment-thumbnail size-thumbnail\" alt=\"\" title=\"\"><\/a><\/li><li><a data-fancybox=\"gallery990\" href=\"https:\/\/zxdoll.com\/wp-content\/uploads\/2023\/04\/life-size-love-doll-x6ui54-533x800.jpg\" class=\"eig-popup\" title=\"\" data-caption=\"\" target=\"_blank\"><i class=\"icon-view\"><\/i><span class=\"overlay\"><\/span><img loading=\"lazy\" decoding=\"async\" width=\"150\" height=\"150\" src=\"https:\/\/zxdoll.com\/wp-content\/uploads\/2023\/04\/life-size-love-doll-x6ui54-150x150.jpg\" class=\"attachment-thumbnail size-thumbnail\" alt=\"\" title=\"\"><\/a><\/li><li><a data-fancybox=\"gallery990\" href=\"https:\/\/zxdoll.com\/wp-content\/uploads\/2023\/04\/life-size-love-doll-x6ui56-533x800.jpg\" class=\"eig-popup\" title=\"\" data-caption=\"\" target=\"_blank\"><i class=\"icon-view\"><\/i><span class=\"overlay\"><\/span><img loading=\"lazy\" decoding=\"async\" width=\"150\" height=\"150\" src=\"https:\/\/zxdoll.com\/wp-content\/uploads\/2023\/04\/life-size-love-doll-x6ui56-150x150.jpg\" class=\"attachment-thumbnail size-thumbnail\" alt=\"\" title=\"\"><\/a><\/li><li><a data-fancybox=\"gallery990\" href=\"https:\/\/zxdoll.com\/wp-content\/uploads\/2023\/04\/life-size-love-doll-x6ui64-533x800.jpg\" class=\"eig-popup\" title=\"\" data-caption=\"\" target=\"_blank\"><i class=\"icon-view\"><\/i><span class=\"overlay\"><\/span><img loading=\"lazy\" decoding=\"async\" width=\"150\" height=\"150\" src=\"https:\/\/zxdoll.com\/wp-content\/uploads\/2023\/04\/life-size-love-doll-x6ui64-150x150.jpg\" class=\"attachment-thumbnail size-thumbnail\" alt=\"\" title=\"\"><\/a><\/li><li><a data-fancybox=\"gallery990\" href=\"https:\/\/zxdoll.com\/wp-content\/uploads\/2023\/04\/life-size-love-doll-x6ui66-533x800.jpg\" class=\"eig-popup\" title=\"\" data-caption=\"\" target=\"_blank\"><i class=\"icon-view\"><\/i><span class=\"overlay\"><\/span><img loading=\"lazy\" decoding=\"async\" width=\"150\" height=\"150\" src=\"https:\/\/zxdoll.com\/wp-content\/uploads\/2023\/04\/life-size-love-doll-x6ui66-150x150.jpg\" class=\"attachment-thumbnail size-thumbnail\" alt=\"\" title=\"\"><\/a><\/li><li><a data-fancybox=\"gallery990\" href=\"https:\/\/zxdoll.com\/wp-content\/uploads\/2023\/04\/life-size-love-doll-x6ui69-533x800.jpg\" class=\"eig-popup\" title=\"\" data-caption=\"\" target=\"_blank\"><i class=\"icon-view\"><\/i><span class=\"overlay\"><\/span><img loading=\"lazy\" decoding=\"async\" width=\"150\" height=\"150\" src=\"https:\/\/zxdoll.com\/wp-content\/uploads\/2023\/04\/life-size-love-doll-x6ui69-150x150.jpg\" class=\"attachment-thumbnail size-thumbnail\" alt=\"\" title=\"\"><\/a><\/li><li><a data-fancybox=\"gallery990\" href=\"https:\/\/zxdoll.com\/wp-content\/uploads\/2023\/04\/life-size-love-doll-x6ui70-533x800.jpg\" class=\"eig-popup\" title=\"\" data-caption=\"\" target=\"_blank\"><i class=\"icon-view\"><\/i><span class=\"overlay\"><\/span><img loading=\"lazy\" decoding=\"async\" width=\"150\" height=\"150\" src=\"https:\/\/zxdoll.com\/wp-content\/uploads\/2023\/04\/life-size-love-doll-x6ui70-150x150.jpg\" class=\"attachment-thumbnail size-thumbnail\" alt=\"\" title=\"\"><\/a><\/li><li><a data-fancybox=\"gallery990\" href=\"https:\/\/zxdoll.com\/wp-content\/uploads\/2023\/04\/life-size-love-doll-x6ui72-533x800.jpg\" class=\"eig-popup\" title=\"\" data-caption=\"\" target=\"_blank\"><i class=\"icon-view\"><\/i><span class=\"overlay\"><\/span><img loading=\"lazy\" decoding=\"async\" width=\"150\" height=\"150\" src=\"https:\/\/zxdoll.com\/wp-content\/uploads\/2023\/04\/life-size-love-doll-x6ui72-150x150.jpg\" class=\"attachment-thumbnail size-thumbnail\" alt=\"\" title=\"\"><\/a><\/li><\/ul>\n<h4>Tablas de tallas<\/h4>\n<table width=\"269\">\n<tbody>\n<tr>\n<td width=\"130\">Material<\/td>\n<td width=\"139\">TPE<\/td>\n<\/tr>\n<tr>\n<td>Altura<\/td>\n<td>140cm<\/td>\n<\/tr>\n<tr>\n<td>Mama<\/td>\n<td>101cm<\/td>\n<\/tr>\n<tr>\n<td>Cintura<\/td>\n<td>56cm<\/td>\n<\/tr>\n<tr>\n<td>Caderas<\/td>\n<td>105cm<\/td>\n<\/tr>\n<tr>\n<td>Largo del brazo<\/td>\n<td>66cm<\/td>\n<\/tr>\n<tr>\n<td>Ancho de hombro<\/td>\n<td>36cm<\/td>\n<\/tr>\n<tr>\n<td>Circunferencia de la pantorrilla<\/td>\n<td>30 centimetros<\/td>\n<\/tr>\n<tr>\n<td>Circunferencia del muslo<\/td>\n<td>57cm<\/td>\n<\/tr>\n<tr>\n<td>Longitud de las piernas<\/td>\n<td>74cm<\/td>\n<\/tr>\n<tr>\n<td>Largo del pie<\/td>\n<td>21,5 cm<\/td>\n<\/tr>\n<tr>\n<td>Peso neto<\/td>\n<td>38kg<\/td>\n<\/tr>\n<tr>\n<td>Profundidad bucal<\/td>\n<td>12cm<\/td>\n<\/tr>\n<tr>\n<td>Profundidad de la vagina<\/td>\n<td>18 cm<\/td>\n<\/tr>\n<tr>\n<td>Profundidad anal<\/td>\n<td>16cm<\/td>\n<\/tr>\n<\/tbody>\n<\/table>\n<h4>Acerca de la mu\u00f1eca sexual<\/h4>\n<p>Esta mu\u00f1eca sexual realista es una de nuestras mu\u00f1ecas sexuales de la vida real de mejor calidad disponibles en el mercado. Gracias a un aspecto muy realista, esta mu\u00f1eca de tama\u00f1o natural es perfecta para el porno de mu\u00f1ecas humanas. Adem\u00e1s de tener una apariencia f\u00edsica muy real, esta mu\u00f1eca sexual de la vida real viene equipada con partes del cuerpo muy parecidas a la carne. Por lo tanto, con esta mu\u00f1eca sexual realista, cada parte del cuerpo se siente muy realista para brindarle una experiencia verdaderamente realista.<\/p>\n<p>Adem\u00e1s, al igual que las mu\u00f1ecas momo de la mejor calidad en el mercado, esta mu\u00f1eca sexual realista es la mu\u00f1eca sexual perfecta que las lesbianas pueden disfrutar.<\/p>\n<p>Por lo tanto, si est\u00e1 buscando mu\u00f1ecas sexuales avatar de muy alta calidad, entonces esta mu\u00f1eca sexual realista es la elecci\u00f3n perfecta para usted. Esto se debe a que esta mu\u00f1eca real femenina realista completamente funcional viene equipada con durabilidad y realismo. Gracias a un marco esquel\u00e9tico resistente que sostiene todas las partes de su cuerpo muy parecidas a la carne y con una textura agradable.<\/p>\n<p>Adem\u00e1s, con esta mu\u00f1eca sexual realista, puedes disfrutar de una amplia variedad de opciones de personalizaci\u00f3n. Gracias a su compatibilidad con una amplia gama de atuendos de mu\u00f1ecas asi\u00e1ticas. Por lo tanto, con esta hermosa mu\u00f1eca real femenina, puede estar seguro de que su completa satisfacci\u00f3n est\u00e1 garantizada.<\/p>","protected":false},"excerpt":{"rendered":"<p>Im\u00e1genes de mu\u00f1ecas sexuales Tablas de tallas Material TPE Altura 140 cm Pecho 101 cm Cintura 56 cm Caderas 105 cm Longitud del brazo 66 cm Ancho del hombro<\/p>","protected":false},"featured_media":28045,"comment_status":"open","ping_status":"closed","template":"","meta":[],"product_brand":[],"product_cat":[97,74,230,77,116,115,119],"product_tag":[],"class_list":{"0":"post-28038","1":"product","2":"type-product","3":"status-publish","4":"has-post-thumbnail","6":"product_cat-real-life-sex-dolls","7":"product_cat-140cm-149cm-sex-dolls","8":"product_cat-36kg-40kg","9":"product_cat-bbw-sex-doll","10":"product_cat-big-boobs-sex-doll","11":"product_cat-big-booty-sex-doll","12":"product_cat-tpe-sex-doll","13":"pa_brand-irontech-doll","14":"tm-has-options","16":"first","17":"instock","18":"sale","19":"shipping-taxable","20":"purchasable","21":"product-type-simple"},"_links":{"self":[{"href":"https:\/\/zxdoll.com\/es\/wp-json\/wp\/v2\/product\/28038","targetHints":{"allow":["GET"]}}],"collection":[{"href":"https:\/\/zxdoll.com\/es\/wp-json\/wp\/v2\/product"}],"about":[{"href":"https:\/\/zxdoll.com\/es\/wp-json\/wp\/v2\/types\/product"}],"replies":[{"embeddable":true,"href":"https:\/\/zxdoll.com\/es\/wp-json\/wp\/v2\/comments?post=28038"}],"version-history":[{"count":2,"href":"https:\/\/zxdoll.com\/es\/wp-json\/wp\/v2\/product\/28038\/revisions"}],"predecessor-version":[{"id":100807,"href":"https:\/\/zxdoll.com\/es\/wp-json\/wp\/v2\/product\/28038\/revisions\/100807"}],"wp:featuredmedia":[{"embeddable":true,"href":"https:\/\/zxdoll.com\/es\/wp-json\/wp\/v2\/media\/28045"}],"wp:attachment":[{"href":"https:\/\/zxdoll.com\/es\/wp-json\/wp\/v2\/media?parent=28038"}],"wp:term":[{"taxonomy":"product_brand","embeddable":true,"href":"https:\/\/zxdoll.com\/es\/wp-json\/wp\/v2\/product_brand?post=28038"},{"taxonomy":"product_cat","embeddable":true,"href":"https:\/\/zxdoll.com\/es\/wp-json\/wp\/v2\/product_cat?post=28038"},{"taxonomy":"product_tag","embeddable":true,"href":"https:\/\/zxdoll.com\/es\/wp-json\/wp\/v2\/product_tag?post=28038"}],"curies":[{"name":"wp","href":"https:\/\/api.w.org\/{rel}","templated":true}]}}