{"id":25739,"date":"2023-03-29T03:32:03","date_gmt":"2023-03-28T19:32:03","guid":{"rendered":"https:\/\/zxdoll.com\/?post_type=product&#038;p=25739"},"modified":"2025-09-16T01:25:57","modified_gmt":"2025-09-15T17:25:57","slug":"red-hair-ssbbw-sexy-solid-love-doll","status":"publish","type":"product","link":"https:\/\/zxdoll.com\/es\/product\/red-hair-ssbbw-sexy-solid-love-doll\/","title":{"rendered":"Red Hair SSBBW Sexy Solid Love Doll Maddie 163cm"},"content":{"rendered":"<h4><strong>Im\u00e1genes de mu\u00f1ecas sexuales<\/strong><\/h4>\n\t                <ul class=\"easy-image-gallery thumbnails-18 linked\">\r\n                    <li><a data-fancybox=\"gallery530\" href=\"https:\/\/zxdoll.com\/wp-content\/uploads\/2023\/03\/adult-sex-dolls-a8ir1-533x800.jpg\" class=\"eig-popup\" title=\"\" data-caption=\"\" target=\"_blank\"><i class=\"icon-view\"><\/i><span class=\"overlay\"><\/span><img decoding=\"async\" width=\"150\" height=\"150\" src=\"https:\/\/zxdoll.com\/wp-content\/uploads\/2023\/03\/adult-sex-dolls-a8ir1-150x150.jpg\" class=\"attachment-thumbnail size-thumbnail\" alt=\"\" title=\"\"><\/a><\/li><li><a data-fancybox=\"gallery530\" href=\"https:\/\/zxdoll.com\/wp-content\/uploads\/2023\/03\/adult-sex-dolls-a8ir2-533x800.jpg\" class=\"eig-popup\" title=\"\" data-caption=\"\" target=\"_blank\"><i class=\"icon-view\"><\/i><span class=\"overlay\"><\/span><img decoding=\"async\" width=\"150\" height=\"150\" src=\"https:\/\/zxdoll.com\/wp-content\/uploads\/2023\/03\/adult-sex-dolls-a8ir2-150x150.jpg\" class=\"attachment-thumbnail size-thumbnail\" alt=\"\" title=\"\"><\/a><\/li><li><a data-fancybox=\"gallery530\" href=\"https:\/\/zxdoll.com\/wp-content\/uploads\/2023\/03\/adult-sex-dolls-a8ir4-800x800.jpg\" class=\"eig-popup\" title=\"\" data-caption=\"\" target=\"_blank\"><i class=\"icon-view\"><\/i><span class=\"overlay\"><\/span><img decoding=\"async\" width=\"150\" height=\"150\" src=\"https:\/\/zxdoll.com\/wp-content\/uploads\/2023\/03\/adult-sex-dolls-a8ir4-150x150.jpg\" class=\"attachment-thumbnail size-thumbnail\" alt=\"\" srcset=\"https:\/\/zxdoll.com\/wp-content\/uploads\/2023\/03\/adult-sex-dolls-a8ir4-150x150.jpg 150w, https:\/\/zxdoll.com\/wp-content\/uploads\/2023\/03\/adult-sex-dolls-a8ir4-300x300.jpg 300w, https:\/\/zxdoll.com\/wp-content\/uploads\/2023\/03\/adult-sex-dolls-a8ir4-800x800.jpg 800w, https:\/\/zxdoll.com\/wp-content\/uploads\/2023\/03\/adult-sex-dolls-a8ir4-768x768.jpg 768w, https:\/\/zxdoll.com\/wp-content\/uploads\/2023\/03\/adult-sex-dolls-a8ir4-12x12.jpg 12w, https:\/\/zxdoll.com\/wp-content\/uploads\/2023\/03\/adult-sex-dolls-a8ir4-860x860.jpg 860w, https:\/\/zxdoll.com\/wp-content\/uploads\/2023\/03\/adult-sex-dolls-a8ir4-430x430.jpg 430w, https:\/\/zxdoll.com\/wp-content\/uploads\/2023\/03\/adult-sex-dolls-a8ir4-700x700.jpg 700w, https:\/\/zxdoll.com\/wp-content\/uploads\/2023\/03\/adult-sex-dolls-a8ir4.jpg 1001w\" sizes=\"(max-width: 150px) 100vw, 150px\" title=\"\"><\/a><\/li><li><a data-fancybox=\"gallery530\" href=\"https:\/\/zxdoll.com\/wp-content\/uploads\/2023\/03\/adult-sex-dolls-a8ir5-800x800.jpg\" class=\"eig-popup\" title=\"\" data-caption=\"\" target=\"_blank\"><i class=\"icon-view\"><\/i><span class=\"overlay\"><\/span><img loading=\"lazy\" decoding=\"async\" width=\"150\" height=\"150\" src=\"https:\/\/zxdoll.com\/wp-content\/uploads\/2023\/03\/adult-sex-dolls-a8ir5-150x150.jpg\" class=\"attachment-thumbnail size-thumbnail\" alt=\"\" srcset=\"https:\/\/zxdoll.com\/wp-content\/uploads\/2023\/03\/adult-sex-dolls-a8ir5-150x150.jpg 150w, https:\/\/zxdoll.com\/wp-content\/uploads\/2023\/03\/adult-sex-dolls-a8ir5-300x300.jpg 300w, https:\/\/zxdoll.com\/wp-content\/uploads\/2023\/03\/adult-sex-dolls-a8ir5-800x800.jpg 800w, https:\/\/zxdoll.com\/wp-content\/uploads\/2023\/03\/adult-sex-dolls-a8ir5-768x768.jpg 768w, https:\/\/zxdoll.com\/wp-content\/uploads\/2023\/03\/adult-sex-dolls-a8ir5-12x12.jpg 12w, https:\/\/zxdoll.com\/wp-content\/uploads\/2023\/03\/adult-sex-dolls-a8ir5-860x860.jpg 860w, https:\/\/zxdoll.com\/wp-content\/uploads\/2023\/03\/adult-sex-dolls-a8ir5-430x430.jpg 430w, https:\/\/zxdoll.com\/wp-content\/uploads\/2023\/03\/adult-sex-dolls-a8ir5-700x700.jpg 700w, https:\/\/zxdoll.com\/wp-content\/uploads\/2023\/03\/adult-sex-dolls-a8ir5.jpg 1001w\" sizes=\"(max-width: 150px) 100vw, 150px\" title=\"\"><\/a><\/li><li><a data-fancybox=\"gallery530\" href=\"https:\/\/zxdoll.com\/wp-content\/uploads\/2023\/03\/adult-sex-dolls-a8ir6-800x800.jpg\" class=\"eig-popup\" title=\"\" data-caption=\"\" target=\"_blank\"><i class=\"icon-view\"><\/i><span class=\"overlay\"><\/span><img loading=\"lazy\" decoding=\"async\" width=\"150\" height=\"150\" src=\"https:\/\/zxdoll.com\/wp-content\/uploads\/2023\/03\/adult-sex-dolls-a8ir6-150x150.jpg\" class=\"attachment-thumbnail size-thumbnail\" alt=\"\" srcset=\"https:\/\/zxdoll.com\/wp-content\/uploads\/2023\/03\/adult-sex-dolls-a8ir6-150x150.jpg 150w, https:\/\/zxdoll.com\/wp-content\/uploads\/2023\/03\/adult-sex-dolls-a8ir6-300x300.jpg 300w, https:\/\/zxdoll.com\/wp-content\/uploads\/2023\/03\/adult-sex-dolls-a8ir6-800x800.jpg 800w, https:\/\/zxdoll.com\/wp-content\/uploads\/2023\/03\/adult-sex-dolls-a8ir6-768x768.jpg 768w, https:\/\/zxdoll.com\/wp-content\/uploads\/2023\/03\/adult-sex-dolls-a8ir6-12x12.jpg 12w, https:\/\/zxdoll.com\/wp-content\/uploads\/2023\/03\/adult-sex-dolls-a8ir6-860x860.jpg 860w, https:\/\/zxdoll.com\/wp-content\/uploads\/2023\/03\/adult-sex-dolls-a8ir6-430x430.jpg 430w, https:\/\/zxdoll.com\/wp-content\/uploads\/2023\/03\/adult-sex-dolls-a8ir6-700x700.jpg 700w, https:\/\/zxdoll.com\/wp-content\/uploads\/2023\/03\/adult-sex-dolls-a8ir6.jpg 1001w\" sizes=\"(max-width: 150px) 100vw, 150px\" title=\"\"><\/a><\/li><li><a data-fancybox=\"gallery530\" href=\"https:\/\/zxdoll.com\/wp-content\/uploads\/2023\/03\/adult-sex-dolls-a8ir7-800x800.jpg\" class=\"eig-popup\" title=\"\" data-caption=\"\" target=\"_blank\"><i class=\"icon-view\"><\/i><span class=\"overlay\"><\/span><img loading=\"lazy\" decoding=\"async\" width=\"150\" height=\"150\" src=\"https:\/\/zxdoll.com\/wp-content\/uploads\/2023\/03\/adult-sex-dolls-a8ir7-150x150.jpg\" class=\"attachment-thumbnail size-thumbnail\" alt=\"\" srcset=\"https:\/\/zxdoll.com\/wp-content\/uploads\/2023\/03\/adult-sex-dolls-a8ir7-150x150.jpg 150w, https:\/\/zxdoll.com\/wp-content\/uploads\/2023\/03\/adult-sex-dolls-a8ir7-300x300.jpg 300w, https:\/\/zxdoll.com\/wp-content\/uploads\/2023\/03\/adult-sex-dolls-a8ir7-800x800.jpg 800w, https:\/\/zxdoll.com\/wp-content\/uploads\/2023\/03\/adult-sex-dolls-a8ir7-768x768.jpg 768w, https:\/\/zxdoll.com\/wp-content\/uploads\/2023\/03\/adult-sex-dolls-a8ir7-12x12.jpg 12w, https:\/\/zxdoll.com\/wp-content\/uploads\/2023\/03\/adult-sex-dolls-a8ir7-860x860.jpg 860w, https:\/\/zxdoll.com\/wp-content\/uploads\/2023\/03\/adult-sex-dolls-a8ir7-430x430.jpg 430w, https:\/\/zxdoll.com\/wp-content\/uploads\/2023\/03\/adult-sex-dolls-a8ir7-700x700.jpg 700w, https:\/\/zxdoll.com\/wp-content\/uploads\/2023\/03\/adult-sex-dolls-a8ir7.jpg 1001w\" sizes=\"(max-width: 150px) 100vw, 150px\" title=\"\"><\/a><\/li><li><a data-fancybox=\"gallery530\" href=\"https:\/\/zxdoll.com\/wp-content\/uploads\/2023\/03\/adult-sex-dolls-a8ir8-800x800.jpg\" class=\"eig-popup\" title=\"\" data-caption=\"\" target=\"_blank\"><i class=\"icon-view\"><\/i><span class=\"overlay\"><\/span><img loading=\"lazy\" decoding=\"async\" width=\"150\" height=\"150\" src=\"https:\/\/zxdoll.com\/wp-content\/uploads\/2023\/03\/adult-sex-dolls-a8ir8-150x150.jpg\" class=\"attachment-thumbnail size-thumbnail\" alt=\"\" srcset=\"https:\/\/zxdoll.com\/wp-content\/uploads\/2023\/03\/adult-sex-dolls-a8ir8-150x150.jpg 150w, https:\/\/zxdoll.com\/wp-content\/uploads\/2023\/03\/adult-sex-dolls-a8ir8-300x300.jpg 300w, https:\/\/zxdoll.com\/wp-content\/uploads\/2023\/03\/adult-sex-dolls-a8ir8-800x800.jpg 800w, https:\/\/zxdoll.com\/wp-content\/uploads\/2023\/03\/adult-sex-dolls-a8ir8-768x768.jpg 768w, https:\/\/zxdoll.com\/wp-content\/uploads\/2023\/03\/adult-sex-dolls-a8ir8-12x12.jpg 12w, https:\/\/zxdoll.com\/wp-content\/uploads\/2023\/03\/adult-sex-dolls-a8ir8-860x860.jpg 860w, https:\/\/zxdoll.com\/wp-content\/uploads\/2023\/03\/adult-sex-dolls-a8ir8-430x430.jpg 430w, https:\/\/zxdoll.com\/wp-content\/uploads\/2023\/03\/adult-sex-dolls-a8ir8-700x700.jpg 700w, https:\/\/zxdoll.com\/wp-content\/uploads\/2023\/03\/adult-sex-dolls-a8ir8.jpg 1001w\" sizes=\"(max-width: 150px) 100vw, 150px\" title=\"\"><\/a><\/li><li><a data-fancybox=\"gallery530\" href=\"https:\/\/zxdoll.com\/wp-content\/uploads\/2023\/03\/adult-sex-dolls-a8ir9-800x800.jpg\" class=\"eig-popup\" title=\"\" data-caption=\"\" target=\"_blank\"><i class=\"icon-view\"><\/i><span class=\"overlay\"><\/span><img loading=\"lazy\" decoding=\"async\" width=\"150\" height=\"150\" src=\"https:\/\/zxdoll.com\/wp-content\/uploads\/2023\/03\/adult-sex-dolls-a8ir9-150x150.jpg\" class=\"attachment-thumbnail size-thumbnail\" alt=\"\" srcset=\"https:\/\/zxdoll.com\/wp-content\/uploads\/2023\/03\/adult-sex-dolls-a8ir9-150x150.jpg 150w, https:\/\/zxdoll.com\/wp-content\/uploads\/2023\/03\/adult-sex-dolls-a8ir9-300x300.jpg 300w, https:\/\/zxdoll.com\/wp-content\/uploads\/2023\/03\/adult-sex-dolls-a8ir9-800x800.jpg 800w, https:\/\/zxdoll.com\/wp-content\/uploads\/2023\/03\/adult-sex-dolls-a8ir9-768x768.jpg 768w, https:\/\/zxdoll.com\/wp-content\/uploads\/2023\/03\/adult-sex-dolls-a8ir9-12x12.jpg 12w, https:\/\/zxdoll.com\/wp-content\/uploads\/2023\/03\/adult-sex-dolls-a8ir9-860x860.jpg 860w, https:\/\/zxdoll.com\/wp-content\/uploads\/2023\/03\/adult-sex-dolls-a8ir9-430x430.jpg 430w, https:\/\/zxdoll.com\/wp-content\/uploads\/2023\/03\/adult-sex-dolls-a8ir9-700x700.jpg 700w, https:\/\/zxdoll.com\/wp-content\/uploads\/2023\/03\/adult-sex-dolls-a8ir9.jpg 1001w\" sizes=\"(max-width: 150px) 100vw, 150px\" title=\"\"><\/a><\/li><li><a data-fancybox=\"gallery530\" href=\"https:\/\/zxdoll.com\/wp-content\/uploads\/2023\/03\/adult-sex-dolls-a8ir10-800x800.jpg\" class=\"eig-popup\" title=\"\" data-caption=\"\" target=\"_blank\"><i class=\"icon-view\"><\/i><span class=\"overlay\"><\/span><img loading=\"lazy\" decoding=\"async\" width=\"150\" height=\"150\" src=\"https:\/\/zxdoll.com\/wp-content\/uploads\/2023\/03\/adult-sex-dolls-a8ir10-150x150.jpg\" class=\"attachment-thumbnail size-thumbnail\" alt=\"\" srcset=\"https:\/\/zxdoll.com\/wp-content\/uploads\/2023\/03\/adult-sex-dolls-a8ir10-150x150.jpg 150w, https:\/\/zxdoll.com\/wp-content\/uploads\/2023\/03\/adult-sex-dolls-a8ir10-300x300.jpg 300w, https:\/\/zxdoll.com\/wp-content\/uploads\/2023\/03\/adult-sex-dolls-a8ir10-800x800.jpg 800w, https:\/\/zxdoll.com\/wp-content\/uploads\/2023\/03\/adult-sex-dolls-a8ir10-768x768.jpg 768w, https:\/\/zxdoll.com\/wp-content\/uploads\/2023\/03\/adult-sex-dolls-a8ir10-12x12.jpg 12w, https:\/\/zxdoll.com\/wp-content\/uploads\/2023\/03\/adult-sex-dolls-a8ir10-860x860.jpg 860w, https:\/\/zxdoll.com\/wp-content\/uploads\/2023\/03\/adult-sex-dolls-a8ir10-430x430.jpg 430w, https:\/\/zxdoll.com\/wp-content\/uploads\/2023\/03\/adult-sex-dolls-a8ir10-700x700.jpg 700w, https:\/\/zxdoll.com\/wp-content\/uploads\/2023\/03\/adult-sex-dolls-a8ir10.jpg 1001w\" sizes=\"(max-width: 150px) 100vw, 150px\" title=\"\"><\/a><\/li><li><a data-fancybox=\"gallery530\" href=\"https:\/\/zxdoll.com\/wp-content\/uploads\/2023\/03\/adult-sex-dolls-a8ir11-800x800.jpg\" class=\"eig-popup\" title=\"\" data-caption=\"\" target=\"_blank\"><i class=\"icon-view\"><\/i><span class=\"overlay\"><\/span><img loading=\"lazy\" decoding=\"async\" width=\"150\" height=\"150\" src=\"https:\/\/zxdoll.com\/wp-content\/uploads\/2023\/03\/adult-sex-dolls-a8ir11-150x150.jpg\" class=\"attachment-thumbnail size-thumbnail\" alt=\"\" srcset=\"https:\/\/zxdoll.com\/wp-content\/uploads\/2023\/03\/adult-sex-dolls-a8ir11-150x150.jpg 150w, https:\/\/zxdoll.com\/wp-content\/uploads\/2023\/03\/adult-sex-dolls-a8ir11-300x300.jpg 300w, https:\/\/zxdoll.com\/wp-content\/uploads\/2023\/03\/adult-sex-dolls-a8ir11-800x800.jpg 800w, https:\/\/zxdoll.com\/wp-content\/uploads\/2023\/03\/adult-sex-dolls-a8ir11-768x768.jpg 768w, https:\/\/zxdoll.com\/wp-content\/uploads\/2023\/03\/adult-sex-dolls-a8ir11-12x12.jpg 12w, https:\/\/zxdoll.com\/wp-content\/uploads\/2023\/03\/adult-sex-dolls-a8ir11-860x860.jpg 860w, https:\/\/zxdoll.com\/wp-content\/uploads\/2023\/03\/adult-sex-dolls-a8ir11-430x430.jpg 430w, https:\/\/zxdoll.com\/wp-content\/uploads\/2023\/03\/adult-sex-dolls-a8ir11-700x700.jpg 700w, https:\/\/zxdoll.com\/wp-content\/uploads\/2023\/03\/adult-sex-dolls-a8ir11.jpg 1001w\" sizes=\"(max-width: 150px) 100vw, 150px\" title=\"\"><\/a><\/li><li><a data-fancybox=\"gallery530\" href=\"https:\/\/zxdoll.com\/wp-content\/uploads\/2023\/03\/adult-sex-dolls-a8ir12-533x800.jpg\" class=\"eig-popup\" title=\"\" data-caption=\"\" target=\"_blank\"><i class=\"icon-view\"><\/i><span class=\"overlay\"><\/span><img loading=\"lazy\" decoding=\"async\" width=\"150\" height=\"150\" src=\"https:\/\/zxdoll.com\/wp-content\/uploads\/2023\/03\/adult-sex-dolls-a8ir12-150x150.jpg\" class=\"attachment-thumbnail size-thumbnail\" alt=\"\" title=\"\"><\/a><\/li><li><a data-fancybox=\"gallery530\" href=\"https:\/\/zxdoll.com\/wp-content\/uploads\/2023\/03\/adult-sex-dolls-a8ir13-533x800.jpg\" class=\"eig-popup\" title=\"\" data-caption=\"\" target=\"_blank\"><i class=\"icon-view\"><\/i><span class=\"overlay\"><\/span><img loading=\"lazy\" decoding=\"async\" width=\"150\" height=\"150\" src=\"https:\/\/zxdoll.com\/wp-content\/uploads\/2023\/03\/adult-sex-dolls-a8ir13-150x150.jpg\" class=\"attachment-thumbnail size-thumbnail\" alt=\"\" title=\"\"><\/a><\/li><li><a data-fancybox=\"gallery530\" href=\"https:\/\/zxdoll.com\/wp-content\/uploads\/2023\/03\/adult-sex-dolls-a8ir14-533x800.jpg\" class=\"eig-popup\" title=\"\" data-caption=\"\" target=\"_blank\"><i class=\"icon-view\"><\/i><span class=\"overlay\"><\/span><img loading=\"lazy\" decoding=\"async\" width=\"150\" height=\"150\" src=\"https:\/\/zxdoll.com\/wp-content\/uploads\/2023\/03\/adult-sex-dolls-a8ir14-150x150.jpg\" class=\"attachment-thumbnail size-thumbnail\" alt=\"\" title=\"\"><\/a><\/li><li><a data-fancybox=\"gallery530\" href=\"https:\/\/zxdoll.com\/wp-content\/uploads\/2023\/03\/adult-sex-dolls-a8ir15-533x800.jpg\" class=\"eig-popup\" title=\"\" data-caption=\"\" target=\"_blank\"><i class=\"icon-view\"><\/i><span class=\"overlay\"><\/span><img loading=\"lazy\" decoding=\"async\" width=\"150\" height=\"150\" src=\"https:\/\/zxdoll.com\/wp-content\/uploads\/2023\/03\/adult-sex-dolls-a8ir15-150x150.jpg\" class=\"attachment-thumbnail size-thumbnail\" alt=\"\" title=\"\"><\/a><\/li><li><a data-fancybox=\"gallery530\" href=\"https:\/\/zxdoll.com\/wp-content\/uploads\/2023\/03\/adult-sex-dolls-a8ir16-533x800.jpg\" class=\"eig-popup\" title=\"\" data-caption=\"\" target=\"_blank\"><i class=\"icon-view\"><\/i><span class=\"overlay\"><\/span><img loading=\"lazy\" decoding=\"async\" width=\"150\" height=\"150\" src=\"https:\/\/zxdoll.com\/wp-content\/uploads\/2023\/03\/adult-sex-dolls-a8ir16-150x150.jpg\" class=\"attachment-thumbnail size-thumbnail\" alt=\"\" title=\"\"><\/a><\/li><li><a data-fancybox=\"gallery530\" href=\"https:\/\/zxdoll.com\/wp-content\/uploads\/2023\/03\/adult-sex-dolls-a8ir17-533x800.jpg\" class=\"eig-popup\" title=\"\" data-caption=\"\" target=\"_blank\"><i class=\"icon-view\"><\/i><span class=\"overlay\"><\/span><img loading=\"lazy\" decoding=\"async\" width=\"150\" height=\"150\" src=\"https:\/\/zxdoll.com\/wp-content\/uploads\/2023\/03\/adult-sex-dolls-a8ir17-150x150.jpg\" class=\"attachment-thumbnail size-thumbnail\" alt=\"\" title=\"\"><\/a><\/li><li><a data-fancybox=\"gallery530\" href=\"https:\/\/zxdoll.com\/wp-content\/uploads\/2023\/03\/adult-sex-dolls-a8ir18-533x800.jpg\" class=\"eig-popup\" title=\"\" data-caption=\"\" target=\"_blank\"><i class=\"icon-view\"><\/i><span class=\"overlay\"><\/span><img loading=\"lazy\" decoding=\"async\" width=\"150\" height=\"150\" src=\"https:\/\/zxdoll.com\/wp-content\/uploads\/2023\/03\/adult-sex-dolls-a8ir18-150x150.jpg\" class=\"attachment-thumbnail size-thumbnail\" alt=\"\" title=\"\"><\/a><\/li><li><a data-fancybox=\"gallery530\" href=\"https:\/\/zxdoll.com\/wp-content\/uploads\/2023\/03\/adult-sex-dolls-a8ir19-533x800.jpg\" class=\"eig-popup\" title=\"\" data-caption=\"\" target=\"_blank\"><i class=\"icon-view\"><\/i><span class=\"overlay\"><\/span><img loading=\"lazy\" decoding=\"async\" width=\"150\" height=\"150\" src=\"https:\/\/zxdoll.com\/wp-content\/uploads\/2023\/03\/adult-sex-dolls-a8ir19-150x150.jpg\" class=\"attachment-thumbnail size-thumbnail\" alt=\"\" title=\"\"><\/a><\/li><\/ul>\n<h4>Tablas de tallas<\/h4>\n<table width=\"203\">\n<tbody>\n<tr>\n<td width=\"124\">Material<\/td>\n<td width=\"79\">TPE<\/td>\n<\/tr>\n<tr>\n<td>Altura<\/td>\n<td>163cm<\/td>\n<\/tr>\n<tr>\n<td>Busto<\/td>\n<td>103cm<\/td>\n<\/tr>\n<tr>\n<td>Cintura<\/td>\n<td>69cm<\/td>\n<\/tr>\n<tr>\n<td>Cadera<\/td>\n<td>142cm<\/td>\n<\/tr>\n<tr>\n<td>Hombro<\/td>\n<td>42cm<\/td>\n<\/tr>\n<tr>\n<td width=\"124\">Pie<\/td>\n<td>21cm<\/td>\n<\/tr>\n<tr>\n<td width=\"124\">Peso neto<\/td>\n<td>61 kg<\/td>\n<\/tr>\n<tr>\n<td>Profundidad bucal<\/td>\n<td>13cm<\/td>\n<\/tr>\n<tr>\n<td>Profundidad de la vagina<\/td>\n<td>18 cm<\/td>\n<\/tr>\n<tr>\n<td>Profundidad anal<\/td>\n<td>17cm<\/td>\n<\/tr>\n<\/tbody>\n<\/table>\n<h4>Acerca de la mu\u00f1eca sexual<\/h4>\n<p>Las mu\u00f1ecas para follar han salvado a muchos hombres del hambre sexual, y les han dado a muchos hombres la esperanza de seguir saliendo. Puede ser muy deprimente cuando un hombre no logra encontrar una mujer que est\u00e9 lista para satisfacerlo sexual y emocionalmente, pero nuestras mu\u00f1ecas de sexo siempre est\u00e1n disponibles para todos y no discriminan. Ella es una mu\u00f1eca sexy con cabello largo; es muy peque\u00f1a, y con 163 cm, no necesitas mucho antes de poder cargarla. Guardarla es a\u00fan m\u00e1s f\u00e1cil porque no ocupa mucho espacio, es una mu\u00f1eca de amor, y como mu\u00f1eca porno, puede hacer el estilo que t\u00fa quieras.<\/p>\n<p>La mayor\u00eda de los hombres se sienten atra\u00eddos por las mujeres de talla peque\u00f1a, y la mayor\u00eda de la gente piensa que es contra la sociedad, pero con una mu\u00f1eca como esta, no tienes que preocuparte por nada ni por nadie; con estos mu\u00f1ecos macizos baratos se validan todas tus atracciones.<\/p>\n<p>Nuestras mu\u00f1ecas para follar con el pelo largo son mu\u00f1ecas s\u00f3lidas y baratas que no cuestan mucho; de hecho, incluso vienen con creampie de mu\u00f1eca real, que es a\u00fan m\u00e1s divertido.<\/p>","protected":false},"excerpt":{"rendered":"<p>Im\u00e1genes de mu\u00f1ecas sexuales Tablas de tallas Material TPE Altura 163 cm Busto 103 cm Cintura 69 cm Cadera 142 cm Hombro 42 cm Pie 21 cm Red<\/p>","protected":false},"featured_media":25740,"comment_status":"open","ping_status":"closed","template":"","meta":[],"product_brand":[],"product_cat":[96,75,77,116,115,233,119],"product_tag":[],"class_list":{"0":"post-25739","1":"product","2":"type-product","3":"status-publish","4":"has-post-thumbnail","6":"product_cat-real-sex-dolls","7":"product_cat-160cm-170cm-sex-dolls","8":"product_cat-bbw-sex-doll","9":"product_cat-big-boobs-sex-doll","10":"product_cat-big-booty-sex-doll","11":"product_cat-over-51kg","12":"product_cat-tpe-sex-doll","13":"pa_brand-sy-doll","14":"tm-has-options","16":"first","17":"instock","18":"sale","19":"shipping-taxable","20":"purchasable","21":"product-type-simple"},"_links":{"self":[{"href":"https:\/\/zxdoll.com\/es\/wp-json\/wp\/v2\/product\/25739","targetHints":{"allow":["GET"]}}],"collection":[{"href":"https:\/\/zxdoll.com\/es\/wp-json\/wp\/v2\/product"}],"about":[{"href":"https:\/\/zxdoll.com\/es\/wp-json\/wp\/v2\/types\/product"}],"replies":[{"embeddable":true,"href":"https:\/\/zxdoll.com\/es\/wp-json\/wp\/v2\/comments?post=25739"}],"version-history":[{"count":2,"href":"https:\/\/zxdoll.com\/es\/wp-json\/wp\/v2\/product\/25739\/revisions"}],"predecessor-version":[{"id":100390,"href":"https:\/\/zxdoll.com\/es\/wp-json\/wp\/v2\/product\/25739\/revisions\/100390"}],"wp:featuredmedia":[{"embeddable":true,"href":"https:\/\/zxdoll.com\/es\/wp-json\/wp\/v2\/media\/25740"}],"wp:attachment":[{"href":"https:\/\/zxdoll.com\/es\/wp-json\/wp\/v2\/media?parent=25739"}],"wp:term":[{"taxonomy":"product_brand","embeddable":true,"href":"https:\/\/zxdoll.com\/es\/wp-json\/wp\/v2\/product_brand?post=25739"},{"taxonomy":"product_cat","embeddable":true,"href":"https:\/\/zxdoll.com\/es\/wp-json\/wp\/v2\/product_cat?post=25739"},{"taxonomy":"product_tag","embeddable":true,"href":"https:\/\/zxdoll.com\/es\/wp-json\/wp\/v2\/product_tag?post=25739"}],"curies":[{"name":"wp","href":"https:\/\/api.w.org\/{rel}","templated":true}]}}