{"id":24369,"date":"2023-03-27T23:28:28","date_gmt":"2023-03-27T15:28:28","guid":{"rendered":"https:\/\/zxdoll.com\/?post_type=product&#038;p=24369"},"modified":"2025-09-15T02:28:13","modified_gmt":"2025-09-14T18:28:13","slug":"realistic-handheld-animated-sex-dolls","status":"publish","type":"product","link":"https:\/\/zxdoll.com\/es\/product\/realistic-handheld-animated-sex-dolls\/","title":{"rendered":"Mu\u00f1ecas sexuales animadas de mano realistas Jorry 155cm"},"content":{"rendered":"<h4><strong>Im\u00e1genes de mu\u00f1ecas sexuales<\/strong><\/h4>\n\t                <ul class=\"easy-image-gallery thumbnails-18 linked\">\r\n                    <li><a data-fancybox=\"gallery202\" href=\"https:\/\/zxdoll.com\/wp-content\/uploads\/2023\/03\/tumblr-rubber-doll-s8ki1.jpg\" class=\"eig-popup\" title=\"\" data-caption=\"\" target=\"_blank\"><i class=\"icon-view\"><\/i><span class=\"overlay\"><\/span><img decoding=\"async\" width=\"150\" height=\"150\" src=\"https:\/\/zxdoll.com\/wp-content\/uploads\/2023\/03\/tumblr-rubber-doll-s8ki1-150x150.jpg\" class=\"attachment-thumbnail size-thumbnail\" alt=\"\" title=\"\"><\/a><\/li><li><a data-fancybox=\"gallery202\" href=\"https:\/\/zxdoll.com\/wp-content\/uploads\/2023\/03\/tumblr-rubber-doll-s8ki3-533x800.jpg\" class=\"eig-popup\" title=\"\" data-caption=\"\" target=\"_blank\"><i class=\"icon-view\"><\/i><span class=\"overlay\"><\/span><img decoding=\"async\" width=\"150\" height=\"150\" src=\"https:\/\/zxdoll.com\/wp-content\/uploads\/2023\/03\/tumblr-rubber-doll-s8ki3-150x150.jpg\" class=\"attachment-thumbnail size-thumbnail\" alt=\"\" title=\"\"><\/a><\/li><li><a data-fancybox=\"gallery202\" href=\"https:\/\/zxdoll.com\/wp-content\/uploads\/2023\/03\/tumblr-rubber-doll-s8ki4-533x800.jpg\" class=\"eig-popup\" title=\"\" data-caption=\"\" target=\"_blank\"><i class=\"icon-view\"><\/i><span class=\"overlay\"><\/span><img decoding=\"async\" width=\"150\" height=\"150\" src=\"https:\/\/zxdoll.com\/wp-content\/uploads\/2023\/03\/tumblr-rubber-doll-s8ki4-150x150.jpg\" class=\"attachment-thumbnail size-thumbnail\" alt=\"\" title=\"\"><\/a><\/li><li><a data-fancybox=\"gallery202\" href=\"https:\/\/zxdoll.com\/wp-content\/uploads\/2023\/03\/tumblr-rubber-doll-s8ki5-533x800.jpg\" class=\"eig-popup\" title=\"\" data-caption=\"\" target=\"_blank\"><i class=\"icon-view\"><\/i><span class=\"overlay\"><\/span><img loading=\"lazy\" decoding=\"async\" width=\"150\" height=\"150\" src=\"https:\/\/zxdoll.com\/wp-content\/uploads\/2023\/03\/tumblr-rubber-doll-s8ki5-150x150.jpg\" class=\"attachment-thumbnail size-thumbnail\" alt=\"\" title=\"\"><\/a><\/li><li><a data-fancybox=\"gallery202\" href=\"https:\/\/zxdoll.com\/wp-content\/uploads\/2023\/03\/tumblr-rubber-doll-s8ki6-533x800.jpg\" class=\"eig-popup\" title=\"\" data-caption=\"\" target=\"_blank\"><i class=\"icon-view\"><\/i><span class=\"overlay\"><\/span><img loading=\"lazy\" decoding=\"async\" width=\"150\" height=\"150\" src=\"https:\/\/zxdoll.com\/wp-content\/uploads\/2023\/03\/tumblr-rubber-doll-s8ki6-150x150.jpg\" class=\"attachment-thumbnail size-thumbnail\" alt=\"\" title=\"\"><\/a><\/li><li><a data-fancybox=\"gallery202\" href=\"https:\/\/zxdoll.com\/wp-content\/uploads\/2023\/03\/tumblr-rubber-doll-s8ki7-533x800.jpg\" class=\"eig-popup\" title=\"\" data-caption=\"\" target=\"_blank\"><i class=\"icon-view\"><\/i><span class=\"overlay\"><\/span><img loading=\"lazy\" decoding=\"async\" width=\"150\" height=\"150\" src=\"https:\/\/zxdoll.com\/wp-content\/uploads\/2023\/03\/tumblr-rubber-doll-s8ki7-150x150.jpg\" class=\"attachment-thumbnail size-thumbnail\" alt=\"\" title=\"\"><\/a><\/li><li><a data-fancybox=\"gallery202\" href=\"https:\/\/zxdoll.com\/wp-content\/uploads\/2023\/03\/tumblr-rubber-doll-s8ki8-533x800.jpg\" class=\"eig-popup\" title=\"\" data-caption=\"\" target=\"_blank\"><i class=\"icon-view\"><\/i><span class=\"overlay\"><\/span><img loading=\"lazy\" decoding=\"async\" width=\"150\" height=\"150\" src=\"https:\/\/zxdoll.com\/wp-content\/uploads\/2023\/03\/tumblr-rubber-doll-s8ki8-150x150.jpg\" class=\"attachment-thumbnail size-thumbnail\" alt=\"\" title=\"\"><\/a><\/li><li><a data-fancybox=\"gallery202\" href=\"https:\/\/zxdoll.com\/wp-content\/uploads\/2023\/03\/tumblr-rubber-doll-s8ki9-533x800.jpg\" class=\"eig-popup\" title=\"\" data-caption=\"\" target=\"_blank\"><i class=\"icon-view\"><\/i><span class=\"overlay\"><\/span><img loading=\"lazy\" decoding=\"async\" width=\"150\" height=\"150\" src=\"https:\/\/zxdoll.com\/wp-content\/uploads\/2023\/03\/tumblr-rubber-doll-s8ki9-150x150.jpg\" class=\"attachment-thumbnail size-thumbnail\" alt=\"\" title=\"\"><\/a><\/li><li><a data-fancybox=\"gallery202\" href=\"https:\/\/zxdoll.com\/wp-content\/uploads\/2023\/03\/tumblr-rubber-doll-s8ki10-533x800.jpg\" class=\"eig-popup\" title=\"\" data-caption=\"\" target=\"_blank\"><i class=\"icon-view\"><\/i><span class=\"overlay\"><\/span><img loading=\"lazy\" decoding=\"async\" width=\"150\" height=\"150\" src=\"https:\/\/zxdoll.com\/wp-content\/uploads\/2023\/03\/tumblr-rubber-doll-s8ki10-150x150.jpg\" class=\"attachment-thumbnail size-thumbnail\" alt=\"\" title=\"\"><\/a><\/li><li><a data-fancybox=\"gallery202\" href=\"https:\/\/zxdoll.com\/wp-content\/uploads\/2023\/03\/tumblr-rubber-doll-s8ki11-533x800.jpg\" class=\"eig-popup\" title=\"\" data-caption=\"\" target=\"_blank\"><i class=\"icon-view\"><\/i><span class=\"overlay\"><\/span><img loading=\"lazy\" decoding=\"async\" width=\"150\" height=\"150\" src=\"https:\/\/zxdoll.com\/wp-content\/uploads\/2023\/03\/tumblr-rubber-doll-s8ki11-150x150.jpg\" class=\"attachment-thumbnail size-thumbnail\" alt=\"\" title=\"\"><\/a><\/li><li><a data-fancybox=\"gallery202\" href=\"https:\/\/zxdoll.com\/wp-content\/uploads\/2023\/03\/tumblr-rubber-doll-s8ki12-533x800.jpg\" class=\"eig-popup\" title=\"\" data-caption=\"\" target=\"_blank\"><i class=\"icon-view\"><\/i><span class=\"overlay\"><\/span><img loading=\"lazy\" decoding=\"async\" width=\"150\" height=\"150\" src=\"https:\/\/zxdoll.com\/wp-content\/uploads\/2023\/03\/tumblr-rubber-doll-s8ki12-150x150.jpg\" class=\"attachment-thumbnail size-thumbnail\" alt=\"\" title=\"\"><\/a><\/li><li><a data-fancybox=\"gallery202\" href=\"https:\/\/zxdoll.com\/wp-content\/uploads\/2023\/03\/tumblr-rubber-doll-s8ki13-533x800.jpg\" class=\"eig-popup\" title=\"\" data-caption=\"\" target=\"_blank\"><i class=\"icon-view\"><\/i><span class=\"overlay\"><\/span><img loading=\"lazy\" decoding=\"async\" width=\"150\" height=\"150\" src=\"https:\/\/zxdoll.com\/wp-content\/uploads\/2023\/03\/tumblr-rubber-doll-s8ki13-150x150.jpg\" class=\"attachment-thumbnail size-thumbnail\" alt=\"\" title=\"\"><\/a><\/li><li><a data-fancybox=\"gallery202\" href=\"https:\/\/zxdoll.com\/wp-content\/uploads\/2023\/03\/tumblr-rubber-doll-s8ki14-533x800.jpg\" class=\"eig-popup\" title=\"\" data-caption=\"\" target=\"_blank\"><i class=\"icon-view\"><\/i><span class=\"overlay\"><\/span><img loading=\"lazy\" decoding=\"async\" width=\"150\" height=\"150\" src=\"https:\/\/zxdoll.com\/wp-content\/uploads\/2023\/03\/tumblr-rubber-doll-s8ki14-150x150.jpg\" class=\"attachment-thumbnail size-thumbnail\" alt=\"\" title=\"\"><\/a><\/li><li><a data-fancybox=\"gallery202\" href=\"https:\/\/zxdoll.com\/wp-content\/uploads\/2023\/03\/tumblr-rubber-doll-s8ki15-533x800.jpg\" class=\"eig-popup\" title=\"\" data-caption=\"\" target=\"_blank\"><i class=\"icon-view\"><\/i><span class=\"overlay\"><\/span><img loading=\"lazy\" decoding=\"async\" width=\"150\" height=\"150\" src=\"https:\/\/zxdoll.com\/wp-content\/uploads\/2023\/03\/tumblr-rubber-doll-s8ki15-150x150.jpg\" class=\"attachment-thumbnail size-thumbnail\" alt=\"\" title=\"\"><\/a><\/li><li><a data-fancybox=\"gallery202\" href=\"https:\/\/zxdoll.com\/wp-content\/uploads\/2023\/03\/tumblr-rubber-doll-s8ki16-533x800.jpg\" class=\"eig-popup\" title=\"\" data-caption=\"\" target=\"_blank\"><i class=\"icon-view\"><\/i><span class=\"overlay\"><\/span><img loading=\"lazy\" decoding=\"async\" width=\"150\" height=\"150\" src=\"https:\/\/zxdoll.com\/wp-content\/uploads\/2023\/03\/tumblr-rubber-doll-s8ki16-150x150.jpg\" class=\"attachment-thumbnail size-thumbnail\" alt=\"\" title=\"\"><\/a><\/li><li><a data-fancybox=\"gallery202\" href=\"https:\/\/zxdoll.com\/wp-content\/uploads\/2023\/03\/tumblr-rubber-doll-s8ki17-533x800.jpg\" class=\"eig-popup\" title=\"\" data-caption=\"\" target=\"_blank\"><i class=\"icon-view\"><\/i><span class=\"overlay\"><\/span><img loading=\"lazy\" decoding=\"async\" width=\"150\" height=\"150\" src=\"https:\/\/zxdoll.com\/wp-content\/uploads\/2023\/03\/tumblr-rubber-doll-s8ki17-150x150.jpg\" class=\"attachment-thumbnail size-thumbnail\" alt=\"\" title=\"\"><\/a><\/li><li><a data-fancybox=\"gallery202\" href=\"https:\/\/zxdoll.com\/wp-content\/uploads\/2023\/03\/tumblr-rubber-doll-s8ki18-533x800.jpg\" class=\"eig-popup\" title=\"\" data-caption=\"\" target=\"_blank\"><i class=\"icon-view\"><\/i><span class=\"overlay\"><\/span><img loading=\"lazy\" decoding=\"async\" width=\"150\" height=\"150\" src=\"https:\/\/zxdoll.com\/wp-content\/uploads\/2023\/03\/tumblr-rubber-doll-s8ki18-150x150.jpg\" class=\"attachment-thumbnail size-thumbnail\" alt=\"\" title=\"\"><\/a><\/li><li><a data-fancybox=\"gallery202\" href=\"https:\/\/zxdoll.com\/wp-content\/uploads\/2023\/03\/tumblr-rubber-doll-s8ki19.jpg\" class=\"eig-popup\" title=\"\" data-caption=\"\" target=\"_blank\"><i class=\"icon-view\"><\/i><span class=\"overlay\"><\/span><img loading=\"lazy\" decoding=\"async\" width=\"150\" height=\"150\" src=\"https:\/\/zxdoll.com\/wp-content\/uploads\/2023\/03\/tumblr-rubber-doll-s8ki19-150x150.jpg\" class=\"attachment-thumbnail size-thumbnail\" alt=\"\" title=\"\"><\/a><\/li><\/ul>\n<h4>Tablas de tallas<\/h4>\n<table width=\"203\">\n<tbody>\n<tr>\n<td width=\"124\">Material<\/td>\n<td width=\"79\">TPE<\/td>\n<\/tr>\n<tr>\n<td>Altura<\/td>\n<td>155cm<\/td>\n<\/tr>\n<tr>\n<td>Busto<\/td>\n<td>65cm<\/td>\n<\/tr>\n<tr>\n<td>Cintura<\/td>\n<td>40cm<\/td>\n<\/tr>\n<tr>\n<td>Cadera<\/td>\n<td>75cm<\/td>\n<\/tr>\n<tr>\n<td>Hombro<\/td>\n<td>31cm<\/td>\n<\/tr>\n<tr>\n<td>Brazo<\/td>\n<td>45cm<\/td>\n<\/tr>\n<tr>\n<td>Pierna<\/td>\n<td>83cm<\/td>\n<\/tr>\n<tr>\n<td width=\"124\">Pie<\/td>\n<td>18 cm<\/td>\n<\/tr>\n<tr>\n<td width=\"124\">Peso neto<\/td>\n<td>30kg<\/td>\n<\/tr>\n<tr>\n<td>Profundidad bucal<\/td>\n<td>13cm<\/td>\n<\/tr>\n<tr>\n<td>Profundidad de la vagina<\/td>\n<td>18 cm<\/td>\n<\/tr>\n<tr>\n<td>Profundidad anal<\/td>\n<td>17cm<\/td>\n<\/tr>\n<\/tbody>\n<\/table>\n<h4>Acerca de la mu\u00f1eca sexual<\/h4>\n<p>Muchos hombres se han inclinado hacia el uso de figuras animadas para satisfacer su impulso sexual. Esta mu\u00f1eca sexual de 155 cm encaja en ese papel tan animado y est\u00e1 dise\u00f1ada para complacerte al m\u00e1ximo. El amor por las mu\u00f1ecas sexuales animadas ha sido muy popular, especialmente en los foros de mu\u00f1ecas sexuales, y esto ha instigado la necesidad de crear este dise\u00f1o especialmente para satisfacer a la poblaci\u00f3n. Esta mu\u00f1eca sexual est\u00e1 hecha de materiales de l\u00e1tex que garantizan flexibilidad y durabilidad. Esta mu\u00f1eca de amor hentai est\u00e1 dise\u00f1ada con tallas h\u00e1biles que encantan a todos los hombres que la ven.<\/p>\n<p>Es una mu\u00f1eca sexual realista de anime que se puede follar en cualquier momento del d\u00eda. Su efecto port\u00e1til hace que rebose m\u00e1s sensualidad y la sit\u00faa entre las mu\u00f1ecas sexuales realistas que est\u00e1n en boga actualmente. En el proceso del sexo, independientemente de la posici\u00f3n que tome una dama, los hombres suelen ser propensos a aferrarse siempre a la dama. Eso hace que esta mu\u00f1eca sexual de mano replique la sensaci\u00f3n que viene con un paseo sexual alegre sin llegar a sentir las desventajas. La forma de los ojos de esta mu\u00f1eca es muy animada para llamar la atenci\u00f3n de cualquier hombre que busque el \u00e9xtasis sincero.<\/p>","protected":false},"excerpt":{"rendered":"<p>Im\u00e1genes de mu\u00f1ecas sexuales Tablas de tallas Material TPE Altura 155 cm Busto 65 cm Cintura 40 cm Cadera 75 cm Hombro 31 cm Brazo 45 cm Pierna<\/p>","protected":false},"featured_media":24382,"comment_status":"open","ping_status":"closed","template":"","meta":[],"product_brand":[],"product_cat":[96,112,228,115,107,117,119],"product_tag":[],"class_list":{"0":"post-24369","1":"product","2":"type-product","3":"status-publish","4":"has-post-thumbnail","6":"product_cat-real-sex-dolls","7":"product_cat-150cm-159cm-sex-dolls","8":"product_cat-26kg-30kg","9":"product_cat-big-booty-sex-doll","10":"product_cat-skinny-sex-dolls","11":"product_cat-small-breast-sex-doll","12":"product_cat-tpe-sex-doll","13":"pa_brand-sy-doll","14":"tm-has-options","16":"first","17":"instock","18":"sale","19":"shipping-taxable","20":"purchasable","21":"product-type-simple"},"_links":{"self":[{"href":"https:\/\/zxdoll.com\/es\/wp-json\/wp\/v2\/product\/24369","targetHints":{"allow":["GET"]}}],"collection":[{"href":"https:\/\/zxdoll.com\/es\/wp-json\/wp\/v2\/product"}],"about":[{"href":"https:\/\/zxdoll.com\/es\/wp-json\/wp\/v2\/types\/product"}],"replies":[{"embeddable":true,"href":"https:\/\/zxdoll.com\/es\/wp-json\/wp\/v2\/comments?post=24369"}],"version-history":[{"count":1,"href":"https:\/\/zxdoll.com\/es\/wp-json\/wp\/v2\/product\/24369\/revisions"}],"predecessor-version":[{"id":101264,"href":"https:\/\/zxdoll.com\/es\/wp-json\/wp\/v2\/product\/24369\/revisions\/101264"}],"wp:featuredmedia":[{"embeddable":true,"href":"https:\/\/zxdoll.com\/es\/wp-json\/wp\/v2\/media\/24382"}],"wp:attachment":[{"href":"https:\/\/zxdoll.com\/es\/wp-json\/wp\/v2\/media?parent=24369"}],"wp:term":[{"taxonomy":"product_brand","embeddable":true,"href":"https:\/\/zxdoll.com\/es\/wp-json\/wp\/v2\/product_brand?post=24369"},{"taxonomy":"product_cat","embeddable":true,"href":"https:\/\/zxdoll.com\/es\/wp-json\/wp\/v2\/product_cat?post=24369"},{"taxonomy":"product_tag","embeddable":true,"href":"https:\/\/zxdoll.com\/es\/wp-json\/wp\/v2\/product_tag?post=24369"}],"curies":[{"name":"wp","href":"https:\/\/api.w.org\/{rel}","templated":true}]}}