{"id":20602,"date":"2023-03-04T15:14:29","date_gmt":"2023-03-04T07:14:29","guid":{"rendered":"https:\/\/zxdoll.com\/?post_type=product&#038;p=20602"},"modified":"2025-09-08T23:58:33","modified_gmt":"2025-09-08T15:58:33","slug":"lifelike-cheap-american-real-looking-dolls","status":"publish","type":"product","link":"https:\/\/zxdoll.com\/es\/product\/lifelike-cheap-american-real-looking-dolls\/","title":{"rendered":"Mu\u00f1ecas americanas realistas baratas de aspecto real Sicilia 170cm"},"content":{"rendered":"<h4><strong>Im\u00e1genes de mu\u00f1ecas sexuales<\/strong><\/h4>\n\t                <ul class=\"easy-image-gallery thumbnails-15 linked\">\r\n                    <li><a data-fancybox=\"gallery472\" href=\"https:\/\/zxdoll.com\/wp-content\/uploads\/2023\/03\/sex-dolls-big-tits-ki61-492x800.jpg\" class=\"eig-popup\" title=\"\" data-caption=\"\" target=\"_blank\"><i class=\"icon-view\"><\/i><span class=\"overlay\"><\/span><img decoding=\"async\" width=\"150\" height=\"150\" src=\"https:\/\/zxdoll.com\/wp-content\/uploads\/2023\/03\/sex-dolls-big-tits-ki61-150x150.jpg\" class=\"attachment-thumbnail size-thumbnail\" alt=\"\" title=\"\"><\/a><\/li><li><a data-fancybox=\"gallery472\" href=\"https:\/\/zxdoll.com\/wp-content\/uploads\/2023\/03\/sex-dolls-big-tits-ki62-533x800.jpg\" class=\"eig-popup\" title=\"\" data-caption=\"\" target=\"_blank\"><i class=\"icon-view\"><\/i><span class=\"overlay\"><\/span><img decoding=\"async\" width=\"150\" height=\"150\" src=\"https:\/\/zxdoll.com\/wp-content\/uploads\/2023\/03\/sex-dolls-big-tits-ki62-150x150.jpg\" class=\"attachment-thumbnail size-thumbnail\" alt=\"\" title=\"\"><\/a><\/li><li><a data-fancybox=\"gallery472\" href=\"https:\/\/zxdoll.com\/wp-content\/uploads\/2023\/03\/sex-dolls-big-tits-ki63-1-533x800.jpg\" class=\"eig-popup\" title=\"\" data-caption=\"\" target=\"_blank\"><i class=\"icon-view\"><\/i><span class=\"overlay\"><\/span><img decoding=\"async\" width=\"150\" height=\"150\" src=\"https:\/\/zxdoll.com\/wp-content\/uploads\/2023\/03\/sex-dolls-big-tits-ki63-1-150x150.jpg\" class=\"attachment-thumbnail size-thumbnail\" alt=\"\" title=\"\"><\/a><\/li><li><a data-fancybox=\"gallery472\" href=\"https:\/\/zxdoll.com\/wp-content\/uploads\/2023\/03\/sex-dolls-big-tits-ki64-533x800.jpg\" class=\"eig-popup\" title=\"\" data-caption=\"\" target=\"_blank\"><i class=\"icon-view\"><\/i><span class=\"overlay\"><\/span><img loading=\"lazy\" decoding=\"async\" width=\"150\" height=\"150\" src=\"https:\/\/zxdoll.com\/wp-content\/uploads\/2023\/03\/sex-dolls-big-tits-ki64-150x150.jpg\" class=\"attachment-thumbnail size-thumbnail\" alt=\"\" title=\"\"><\/a><\/li><li><a data-fancybox=\"gallery472\" href=\"https:\/\/zxdoll.com\/wp-content\/uploads\/2023\/03\/sex-dolls-big-tits-ki65-533x800.jpg\" class=\"eig-popup\" title=\"\" data-caption=\"\" target=\"_blank\"><i class=\"icon-view\"><\/i><span class=\"overlay\"><\/span><img loading=\"lazy\" decoding=\"async\" width=\"150\" height=\"150\" src=\"https:\/\/zxdoll.com\/wp-content\/uploads\/2023\/03\/sex-dolls-big-tits-ki65-150x150.jpg\" class=\"attachment-thumbnail size-thumbnail\" alt=\"\" title=\"\"><\/a><\/li><li><a data-fancybox=\"gallery472\" href=\"https:\/\/zxdoll.com\/wp-content\/uploads\/2023\/03\/sex-dolls-big-tits-ki66-533x800.jpg\" class=\"eig-popup\" title=\"\" data-caption=\"\" target=\"_blank\"><i class=\"icon-view\"><\/i><span class=\"overlay\"><\/span><img loading=\"lazy\" decoding=\"async\" width=\"150\" height=\"150\" src=\"https:\/\/zxdoll.com\/wp-content\/uploads\/2023\/03\/sex-dolls-big-tits-ki66-150x150.jpg\" class=\"attachment-thumbnail size-thumbnail\" alt=\"\" title=\"\"><\/a><\/li><li><a data-fancybox=\"gallery472\" href=\"https:\/\/zxdoll.com\/wp-content\/uploads\/2023\/03\/sex-dolls-big-tits-ki67-533x800.jpg\" class=\"eig-popup\" title=\"\" data-caption=\"\" target=\"_blank\"><i class=\"icon-view\"><\/i><span class=\"overlay\"><\/span><img loading=\"lazy\" decoding=\"async\" width=\"150\" height=\"150\" src=\"https:\/\/zxdoll.com\/wp-content\/uploads\/2023\/03\/sex-dolls-big-tits-ki67-150x150.jpg\" class=\"attachment-thumbnail size-thumbnail\" alt=\"\" title=\"\"><\/a><\/li><li><a data-fancybox=\"gallery472\" href=\"https:\/\/zxdoll.com\/wp-content\/uploads\/2023\/03\/sex-dolls-big-tits-ki68-533x800.jpg\" class=\"eig-popup\" title=\"\" data-caption=\"\" target=\"_blank\"><i class=\"icon-view\"><\/i><span class=\"overlay\"><\/span><img loading=\"lazy\" decoding=\"async\" width=\"150\" height=\"150\" src=\"https:\/\/zxdoll.com\/wp-content\/uploads\/2023\/03\/sex-dolls-big-tits-ki68-150x150.jpg\" class=\"attachment-thumbnail size-thumbnail\" alt=\"\" title=\"\"><\/a><\/li><li><a data-fancybox=\"gallery472\" href=\"https:\/\/zxdoll.com\/wp-content\/uploads\/2023\/03\/sex-dolls-big-tits-ki69-533x800.jpg\" class=\"eig-popup\" title=\"\" data-caption=\"\" target=\"_blank\"><i class=\"icon-view\"><\/i><span class=\"overlay\"><\/span><img loading=\"lazy\" decoding=\"async\" width=\"150\" height=\"150\" src=\"https:\/\/zxdoll.com\/wp-content\/uploads\/2023\/03\/sex-dolls-big-tits-ki69-150x150.jpg\" class=\"attachment-thumbnail size-thumbnail\" alt=\"\" title=\"\"><\/a><\/li><li><a data-fancybox=\"gallery472\" href=\"https:\/\/zxdoll.com\/wp-content\/uploads\/2023\/03\/sex-dolls-big-tits-ki610-533x800.jpg\" class=\"eig-popup\" title=\"\" data-caption=\"\" target=\"_blank\"><i class=\"icon-view\"><\/i><span class=\"overlay\"><\/span><img loading=\"lazy\" decoding=\"async\" width=\"150\" height=\"150\" src=\"https:\/\/zxdoll.com\/wp-content\/uploads\/2023\/03\/sex-dolls-big-tits-ki610-150x150.jpg\" class=\"attachment-thumbnail size-thumbnail\" alt=\"\" title=\"\"><\/a><\/li><li><a data-fancybox=\"gallery472\" href=\"https:\/\/zxdoll.com\/wp-content\/uploads\/2023\/03\/sex-dolls-big-tits-ki611-533x800.jpg\" class=\"eig-popup\" title=\"\" data-caption=\"\" target=\"_blank\"><i class=\"icon-view\"><\/i><span class=\"overlay\"><\/span><img loading=\"lazy\" decoding=\"async\" width=\"150\" height=\"150\" src=\"https:\/\/zxdoll.com\/wp-content\/uploads\/2023\/03\/sex-dolls-big-tits-ki611-150x150.jpg\" class=\"attachment-thumbnail size-thumbnail\" alt=\"\" title=\"\"><\/a><\/li><li><a data-fancybox=\"gallery472\" href=\"https:\/\/zxdoll.com\/wp-content\/uploads\/2023\/03\/sex-dolls-big-tits-ki612-533x800.jpg\" class=\"eig-popup\" title=\"\" data-caption=\"\" target=\"_blank\"><i class=\"icon-view\"><\/i><span class=\"overlay\"><\/span><img loading=\"lazy\" decoding=\"async\" width=\"150\" height=\"150\" src=\"https:\/\/zxdoll.com\/wp-content\/uploads\/2023\/03\/sex-dolls-big-tits-ki612-150x150.jpg\" class=\"attachment-thumbnail size-thumbnail\" alt=\"\" title=\"\"><\/a><\/li><li><a data-fancybox=\"gallery472\" href=\"https:\/\/zxdoll.com\/wp-content\/uploads\/2023\/03\/sex-dolls-big-tits-ki613-533x800.jpg\" class=\"eig-popup\" title=\"\" data-caption=\"\" target=\"_blank\"><i class=\"icon-view\"><\/i><span class=\"overlay\"><\/span><img loading=\"lazy\" decoding=\"async\" width=\"150\" height=\"150\" src=\"https:\/\/zxdoll.com\/wp-content\/uploads\/2023\/03\/sex-dolls-big-tits-ki613-150x150.jpg\" class=\"attachment-thumbnail size-thumbnail\" alt=\"\" title=\"\"><\/a><\/li><li><a data-fancybox=\"gallery472\" href=\"https:\/\/zxdoll.com\/wp-content\/uploads\/2023\/03\/sex-dolls-big-tits-ki614-533x800.jpg\" class=\"eig-popup\" title=\"\" data-caption=\"\" target=\"_blank\"><i class=\"icon-view\"><\/i><span class=\"overlay\"><\/span><img loading=\"lazy\" decoding=\"async\" width=\"150\" height=\"150\" src=\"https:\/\/zxdoll.com\/wp-content\/uploads\/2023\/03\/sex-dolls-big-tits-ki614-150x150.jpg\" class=\"attachment-thumbnail size-thumbnail\" alt=\"\" title=\"\"><\/a><\/li><li><a data-fancybox=\"gallery472\" href=\"https:\/\/zxdoll.com\/wp-content\/uploads\/2023\/03\/sex-dolls-big-tits-ki615-533x800.jpg\" class=\"eig-popup\" title=\"\" data-caption=\"\" target=\"_blank\"><i class=\"icon-view\"><\/i><span class=\"overlay\"><\/span><img loading=\"lazy\" decoding=\"async\" width=\"150\" height=\"150\" src=\"https:\/\/zxdoll.com\/wp-content\/uploads\/2023\/03\/sex-dolls-big-tits-ki615-150x150.jpg\" class=\"attachment-thumbnail size-thumbnail\" alt=\"\" title=\"\"><\/a><\/li><\/ul>\n<h4>Tablas de tallas<\/h4>\n<table width=\"384\">\n<tbody>\n<tr>\n<td width=\"173\">Material<\/td>\n<td width=\"139\">TPE<\/td>\n<\/tr>\n<tr>\n<td width=\"173\">Altura<\/td>\n<td width=\"139\">170cm<\/td>\n<\/tr>\n<tr>\n<td>Busto<\/td>\n<td>92cm<\/td>\n<\/tr>\n<tr>\n<td>busto abajo<\/td>\n<td>63cm<\/td>\n<\/tr>\n<tr>\n<td>Cadera<\/td>\n<td>92cm<\/td>\n<\/tr>\n<tr>\n<td>Cintura<\/td>\n<td>50cm<\/td>\n<\/tr>\n<tr>\n<td>Hombro<\/td>\n<td>32cm<\/td>\n<\/tr>\n<tr>\n<td>Largo del brazo<\/td>\n<td>66cm<\/td>\n<\/tr>\n<tr>\n<td>Longitud de la mano<\/td>\n<td>17cm<\/td>\n<\/tr>\n<tr>\n<td>Longitud de las piernas<\/td>\n<td>90cm<\/td>\n<\/tr>\n<tr>\n<td>Oral<\/td>\n<td>12cm<\/td>\n<\/tr>\n<tr>\n<td>Vaginal<\/td>\n<td>20 cent\u00edmetros<\/td>\n<\/tr>\n<tr>\n<td>Ano<\/td>\n<td>20 cent\u00edmetros<\/td>\n<\/tr>\n<tr>\n<td>Largo del pie<\/td>\n<td>23cm<\/td>\n<\/tr>\n<tr>\n<td>Circunferencia del cuello<\/td>\n<td>28cm<\/td>\n<\/tr>\n<tr>\n<td>Peso neto<\/td>\n<td>38KG<\/td>\n<\/tr>\n<\/tbody>\n<\/table>\n<h4>Acerca de la mu\u00f1eca sexual<\/h4>\n<p>\u00bfEst\u00e1s buscando mu\u00f1ecas de amor que te mantendr\u00e1n erecto durante mucho tiempo, mientras la mantienes ocupada y comprometida con sexo muy dulce? Entonces el afroamericano es tu primera opci\u00f3n. Estas mu\u00f1ecas americanas sexys y baratas siempre est\u00e1n a la venta por la cantidad m\u00e1s barata que puedas imaginar. La piel de melanina perfecta de la mu\u00f1eca realista barata es muy realista y te da la mejor sensaci\u00f3n que puedas imaginar.<\/p>\n<p>Estas mu\u00f1ecas de aspecto real son el sue\u00f1o de la mayor\u00eda de los hombres que desean participar en sexo interracial y tener una idea de lo que significa cavar en el co\u00f1o de una mu\u00f1eca sexual de la vida real. Para alguien que busca un mejor sexo, entonces deber\u00eda considerar comprar una mu\u00f1eca barata y realista para usted. Tener una mu\u00f1eca de aspecto real como el afroamericano te brinda m\u00e1s beneficios de los que puedas imaginar. Y ayuda a mejorar el estado de tu bienestar. Si no te tratan bien, ven a tener una mu\u00f1eca sexual de la vida real.<\/p>\n<p>&nbsp;<\/p>\n<p>Mu\u00f1eca sexy a la venta a precios econ\u00f3micos y le da una buena oportunidad por su dinero.<\/p>","protected":false},"excerpt":{"rendered":"<p>Im\u00e1genes de mu\u00f1ecas sexuales Tablas de tallas Material TPE Altura 170 cm Busto 92 cm Abajo busto 63 cm Cadera 92 cm Cintura 50 cm Hombro 32 cm<\/p>","protected":false},"featured_media":20603,"comment_status":"open","ping_status":"closed","template":"","meta":[],"product_brand":[],"product_cat":[75,230,116,98,107,119],"product_tag":[],"class_list":{"0":"post-20602","1":"product","2":"type-product","3":"status-publish","4":"has-post-thumbnail","6":"product_cat-160cm-170cm-sex-dolls","7":"product_cat-36kg-40kg","8":"product_cat-big-boobs-sex-doll","9":"product_cat-realistic-sex-dolls","10":"product_cat-skinny-sex-dolls","11":"product_cat-tpe-sex-doll","12":"pa_brand-as-doll","13":"tm-has-options","15":"first","16":"instock","17":"sale","18":"shipping-taxable","19":"purchasable","20":"product-type-simple"},"_links":{"self":[{"href":"https:\/\/zxdoll.com\/es\/wp-json\/wp\/v2\/product\/20602","targetHints":{"allow":["GET"]}}],"collection":[{"href":"https:\/\/zxdoll.com\/es\/wp-json\/wp\/v2\/product"}],"about":[{"href":"https:\/\/zxdoll.com\/es\/wp-json\/wp\/v2\/types\/product"}],"replies":[{"embeddable":true,"href":"https:\/\/zxdoll.com\/es\/wp-json\/wp\/v2\/comments?post=20602"}],"version-history":[{"count":1,"href":"https:\/\/zxdoll.com\/es\/wp-json\/wp\/v2\/product\/20602\/revisions"}],"predecessor-version":[{"id":197682,"href":"https:\/\/zxdoll.com\/es\/wp-json\/wp\/v2\/product\/20602\/revisions\/197682"}],"wp:featuredmedia":[{"embeddable":true,"href":"https:\/\/zxdoll.com\/es\/wp-json\/wp\/v2\/media\/20603"}],"wp:attachment":[{"href":"https:\/\/zxdoll.com\/es\/wp-json\/wp\/v2\/media?parent=20602"}],"wp:term":[{"taxonomy":"product_brand","embeddable":true,"href":"https:\/\/zxdoll.com\/es\/wp-json\/wp\/v2\/product_brand?post=20602"},{"taxonomy":"product_cat","embeddable":true,"href":"https:\/\/zxdoll.com\/es\/wp-json\/wp\/v2\/product_cat?post=20602"},{"taxonomy":"product_tag","embeddable":true,"href":"https:\/\/zxdoll.com\/es\/wp-json\/wp\/v2\/product_tag?post=20602"}],"curies":[{"name":"wp","href":"https:\/\/api.w.org\/{rel}","templated":true}]}}