{"id":20178,"date":"2023-03-04T05:33:47","date_gmt":"2023-03-03T21:33:47","guid":{"rendered":"https:\/\/zxdoll.com\/?post_type=product&#038;p=20178"},"modified":"2025-09-08T22:47:49","modified_gmt":"2025-09-08T14:47:49","slug":"realistic-fuackable-female-love-doll","status":"publish","type":"product","link":"https:\/\/zxdoll.com\/es\/product\/realistic-fuackable-female-love-doll\/","title":{"rendered":"Realista Fuackable Mujer Love Doll Blanche 168cm"},"content":{"rendered":"<h4><strong>Im\u00e1genes de mu\u00f1ecas sexuales<\/strong><\/h4>\n\t                <ul class=\"easy-image-gallery thumbnails-13 linked\">\r\n                    <li><a data-fancybox=\"gallery472\" href=\"https:\/\/zxdoll.com\/wp-content\/uploads\/2023\/03\/realdoll-porn-k22-533x800.jpg\" class=\"eig-popup\" title=\"\" data-caption=\"\" target=\"_blank\"><i class=\"icon-view\"><\/i><span class=\"overlay\"><\/span><img decoding=\"async\" width=\"150\" height=\"150\" src=\"https:\/\/zxdoll.com\/wp-content\/uploads\/2023\/03\/realdoll-porn-k22-150x150.jpg\" class=\"attachment-thumbnail size-thumbnail\" alt=\"\" title=\"\"><\/a><\/li><li><a data-fancybox=\"gallery472\" href=\"https:\/\/zxdoll.com\/wp-content\/uploads\/2023\/03\/realdoll-porn-k23-1-562x800.jpg\" class=\"eig-popup\" title=\"\" data-caption=\"\" target=\"_blank\"><i class=\"icon-view\"><\/i><span class=\"overlay\"><\/span><img decoding=\"async\" width=\"150\" height=\"150\" src=\"https:\/\/zxdoll.com\/wp-content\/uploads\/2023\/03\/realdoll-porn-k23-1-150x150.jpg\" class=\"attachment-thumbnail size-thumbnail\" alt=\"\" title=\"\"><\/a><\/li><li><a data-fancybox=\"gallery472\" href=\"https:\/\/zxdoll.com\/wp-content\/uploads\/2023\/03\/realdoll-porn-k25-533x800.jpg\" class=\"eig-popup\" title=\"\" data-caption=\"\" target=\"_blank\"><i class=\"icon-view\"><\/i><span class=\"overlay\"><\/span><img decoding=\"async\" width=\"150\" height=\"150\" src=\"https:\/\/zxdoll.com\/wp-content\/uploads\/2023\/03\/realdoll-porn-k25-150x150.jpg\" class=\"attachment-thumbnail size-thumbnail\" alt=\"\" title=\"\"><\/a><\/li><li><a data-fancybox=\"gallery472\" href=\"https:\/\/zxdoll.com\/wp-content\/uploads\/2023\/03\/realdoll-porn-k26-533x800.jpg\" class=\"eig-popup\" title=\"\" data-caption=\"\" target=\"_blank\"><i class=\"icon-view\"><\/i><span class=\"overlay\"><\/span><img loading=\"lazy\" decoding=\"async\" width=\"150\" height=\"150\" src=\"https:\/\/zxdoll.com\/wp-content\/uploads\/2023\/03\/realdoll-porn-k26-150x150.jpg\" class=\"attachment-thumbnail size-thumbnail\" alt=\"\" title=\"\"><\/a><\/li><li><a data-fancybox=\"gallery472\" href=\"https:\/\/zxdoll.com\/wp-content\/uploads\/2023\/03\/realdoll-porn-k27-533x800.jpg\" class=\"eig-popup\" title=\"\" data-caption=\"\" target=\"_blank\"><i class=\"icon-view\"><\/i><span class=\"overlay\"><\/span><img loading=\"lazy\" decoding=\"async\" width=\"150\" height=\"150\" src=\"https:\/\/zxdoll.com\/wp-content\/uploads\/2023\/03\/realdoll-porn-k27-150x150.jpg\" class=\"attachment-thumbnail size-thumbnail\" alt=\"\" title=\"\"><\/a><\/li><li><a data-fancybox=\"gallery472\" href=\"https:\/\/zxdoll.com\/wp-content\/uploads\/2023\/03\/realdoll-porn-k29-533x800.jpg\" class=\"eig-popup\" title=\"\" data-caption=\"\" target=\"_blank\"><i class=\"icon-view\"><\/i><span class=\"overlay\"><\/span><img loading=\"lazy\" decoding=\"async\" width=\"150\" height=\"150\" src=\"https:\/\/zxdoll.com\/wp-content\/uploads\/2023\/03\/realdoll-porn-k29-150x150.jpg\" class=\"attachment-thumbnail size-thumbnail\" alt=\"\" title=\"\"><\/a><\/li><li><a data-fancybox=\"gallery472\" href=\"https:\/\/zxdoll.com\/wp-content\/uploads\/2023\/03\/realdoll-porn-k210-533x800.jpg\" class=\"eig-popup\" title=\"\" data-caption=\"\" target=\"_blank\"><i class=\"icon-view\"><\/i><span class=\"overlay\"><\/span><img loading=\"lazy\" decoding=\"async\" width=\"150\" height=\"150\" src=\"https:\/\/zxdoll.com\/wp-content\/uploads\/2023\/03\/realdoll-porn-k210-150x150.jpg\" class=\"attachment-thumbnail size-thumbnail\" alt=\"\" title=\"\"><\/a><\/li><li><a data-fancybox=\"gallery472\" href=\"https:\/\/zxdoll.com\/wp-content\/uploads\/2023\/03\/realdoll-porn-k211-533x800.jpg\" class=\"eig-popup\" title=\"\" data-caption=\"\" target=\"_blank\"><i class=\"icon-view\"><\/i><span class=\"overlay\"><\/span><img loading=\"lazy\" decoding=\"async\" width=\"150\" height=\"150\" src=\"https:\/\/zxdoll.com\/wp-content\/uploads\/2023\/03\/realdoll-porn-k211-150x150.jpg\" class=\"attachment-thumbnail size-thumbnail\" alt=\"\" title=\"\"><\/a><\/li><li><a data-fancybox=\"gallery472\" href=\"https:\/\/zxdoll.com\/wp-content\/uploads\/2023\/03\/realdoll-porn-k212-533x800.jpg\" class=\"eig-popup\" title=\"\" data-caption=\"\" target=\"_blank\"><i class=\"icon-view\"><\/i><span class=\"overlay\"><\/span><img loading=\"lazy\" decoding=\"async\" width=\"150\" height=\"150\" src=\"https:\/\/zxdoll.com\/wp-content\/uploads\/2023\/03\/realdoll-porn-k212-150x150.jpg\" class=\"attachment-thumbnail size-thumbnail\" alt=\"\" title=\"\"><\/a><\/li><li><a data-fancybox=\"gallery472\" href=\"https:\/\/zxdoll.com\/wp-content\/uploads\/2023\/03\/realdoll-porn-k213-533x800.jpg\" class=\"eig-popup\" title=\"\" data-caption=\"\" target=\"_blank\"><i class=\"icon-view\"><\/i><span class=\"overlay\"><\/span><img loading=\"lazy\" decoding=\"async\" width=\"150\" height=\"150\" src=\"https:\/\/zxdoll.com\/wp-content\/uploads\/2023\/03\/realdoll-porn-k213-150x150.jpg\" class=\"attachment-thumbnail size-thumbnail\" alt=\"\" title=\"\"><\/a><\/li><li><a data-fancybox=\"gallery472\" href=\"https:\/\/zxdoll.com\/wp-content\/uploads\/2023\/03\/realdoll-porn-k214-533x800.jpg\" class=\"eig-popup\" title=\"\" data-caption=\"\" target=\"_blank\"><i class=\"icon-view\"><\/i><span class=\"overlay\"><\/span><img loading=\"lazy\" decoding=\"async\" width=\"150\" height=\"150\" src=\"https:\/\/zxdoll.com\/wp-content\/uploads\/2023\/03\/realdoll-porn-k214-150x150.jpg\" class=\"attachment-thumbnail size-thumbnail\" alt=\"\" title=\"\"><\/a><\/li><li><a data-fancybox=\"gallery472\" href=\"https:\/\/zxdoll.com\/wp-content\/uploads\/2023\/03\/realdoll-porn-k215-533x800.jpg\" class=\"eig-popup\" title=\"\" data-caption=\"\" target=\"_blank\"><i class=\"icon-view\"><\/i><span class=\"overlay\"><\/span><img loading=\"lazy\" decoding=\"async\" width=\"150\" height=\"150\" src=\"https:\/\/zxdoll.com\/wp-content\/uploads\/2023\/03\/realdoll-porn-k215-150x150.jpg\" class=\"attachment-thumbnail size-thumbnail\" alt=\"\" title=\"\"><\/a><\/li><li><a data-fancybox=\"gallery472\" href=\"https:\/\/zxdoll.com\/wp-content\/uploads\/2023\/03\/realdoll-porn-k216-562x800.jpg\" class=\"eig-popup\" title=\"\" data-caption=\"\" target=\"_blank\"><i class=\"icon-view\"><\/i><span class=\"overlay\"><\/span><img loading=\"lazy\" decoding=\"async\" width=\"150\" height=\"150\" src=\"https:\/\/zxdoll.com\/wp-content\/uploads\/2023\/03\/realdoll-porn-k216-150x150.jpg\" class=\"attachment-thumbnail size-thumbnail\" alt=\"\" title=\"\"><\/a><\/li><\/ul>\n<h4>Tablas de tallas<\/h4>\n<table width=\"384\">\n<tbody>\n<tr>\n<td width=\"173\">Material<\/td>\n<td width=\"139\">TPE<\/td>\n<\/tr>\n<tr>\n<td width=\"173\">Altura<\/td>\n<td width=\"139\">168cm<\/td>\n<\/tr>\n<tr>\n<td>Busto<\/td>\n<td>80cm<\/td>\n<\/tr>\n<tr>\n<td>busto abajo<\/td>\n<td>62cm<\/td>\n<\/tr>\n<tr>\n<td>Cadera<\/td>\n<td>92cm<\/td>\n<\/tr>\n<tr>\n<td>Cintura<\/td>\n<td>52cm<\/td>\n<\/tr>\n<tr>\n<td>Hombro<\/td>\n<td>37cm<\/td>\n<\/tr>\n<tr>\n<td>Largo del brazo<\/td>\n<td>68cm<\/td>\n<\/tr>\n<tr>\n<td>Longitud de la mano<\/td>\n<td>15cm<\/td>\n<\/tr>\n<tr>\n<td>Longitud de las piernas<\/td>\n<td>90cm<\/td>\n<\/tr>\n<tr>\n<td>Oral<\/td>\n<td>12cm<\/td>\n<\/tr>\n<tr>\n<td>Vaginal<\/td>\n<td>22cm<\/td>\n<\/tr>\n<tr>\n<td>Ano<\/td>\n<td>14cm<\/td>\n<\/tr>\n<tr>\n<td>Largo del pie<\/td>\n<td>23cm<\/td>\n<\/tr>\n<tr>\n<td>Circunferencia del cuello<\/td>\n<td>28cm<\/td>\n<\/tr>\n<tr>\n<td>Peso neto<\/td>\n<td>33KG<\/td>\n<\/tr>\n<\/tbody>\n<\/table>\n<h4>Acerca de la mu\u00f1eca sexual<\/h4>\n<p>Despu\u00e9s de un d\u00eda estresante en el trabajo, todo lo que necesitas es un buen momento para relajarte, y qu\u00e9 mejor opci\u00f3n que pasar ese momento de relax con una verdadera mu\u00f1eca sexual, besando su culo y chupando suavemente sus pezones. Se sabe que reduce el estr\u00e9s del d\u00eda y te ayuda a mantenerte de buen humor. Follar con una mu\u00f1eca sexual femenina es un medio perfecto para brindarte la relajaci\u00f3n y la comodidad que tanto deseas, y debes asegurarte de no privarte de este m\u00e9todo de relajaci\u00f3n tranquila.<\/p>\n<p>Si no tienes una mu\u00f1eca sexual realista de cuerpo completo, deber\u00edas considerar conseguir una para ti lo antes posible. Si no tienes una prostituta a la que llamar cuando est\u00e1s deprimido y necesitas ser iluminado sexualmente, entonces tu mejor opci\u00f3n es buscar consuelo en la mu\u00f1eca ariel.<\/p>\n<p>Quiz\u00e1s tu pareja humana no tenga el lujo del tiempo, lo que puede ser una gran decepci\u00f3n, entonces tu mejor opci\u00f3n es la mu\u00f1eca sexual femenina follable.<\/p>\n<p>Deber\u00edas conseguir uno o actualizar tu colecci\u00f3n con esta hermosa mu\u00f1eca sexual real para adultos. No se d\u00e9 por sentado cuando necesita algo que mantenga la mente sana. S\u00ed, necesitas un buen polvo para mantenerte cuerdo, y nuestras mu\u00f1ecas sexuales realmente sexys est\u00e1n listas para mantener esa cordura con el buen polvo que recibir\u00e1s de ellas.<\/p>","protected":false},"excerpt":{"rendered":"<p>Im\u00e1genes de mu\u00f1ecas sexuales Tablas de tallas Material TPE Altura 168 cm Busto 80 cm Abajo busto 62 cm Cadera 92 cm Cintura 52 cm Hombro 37 cm<\/p>","protected":false},"featured_media":61466,"comment_status":"open","ping_status":"closed","template":"","meta":[],"product_brand":[],"product_cat":[75,229,98,107,117,119],"product_tag":[],"class_list":{"0":"post-20178","1":"product","2":"type-product","3":"status-publish","4":"has-post-thumbnail","6":"product_cat-160cm-170cm-sex-dolls","7":"product_cat-31kg-35kg","8":"product_cat-realistic-sex-dolls","9":"product_cat-skinny-sex-dolls","10":"product_cat-small-breast-sex-doll","11":"product_cat-tpe-sex-doll","12":"pa_brand-as-doll","13":"tm-has-options","15":"first","16":"instock","17":"sale","18":"shipping-taxable","19":"purchasable","20":"product-type-simple"},"_links":{"self":[{"href":"https:\/\/zxdoll.com\/es\/wp-json\/wp\/v2\/product\/20178","targetHints":{"allow":["GET"]}}],"collection":[{"href":"https:\/\/zxdoll.com\/es\/wp-json\/wp\/v2\/product"}],"about":[{"href":"https:\/\/zxdoll.com\/es\/wp-json\/wp\/v2\/types\/product"}],"replies":[{"embeddable":true,"href":"https:\/\/zxdoll.com\/es\/wp-json\/wp\/v2\/comments?post=20178"}],"version-history":[{"count":1,"href":"https:\/\/zxdoll.com\/es\/wp-json\/wp\/v2\/product\/20178\/revisions"}],"predecessor-version":[{"id":154830,"href":"https:\/\/zxdoll.com\/es\/wp-json\/wp\/v2\/product\/20178\/revisions\/154830"}],"wp:featuredmedia":[{"embeddable":true,"href":"https:\/\/zxdoll.com\/es\/wp-json\/wp\/v2\/media\/61466"}],"wp:attachment":[{"href":"https:\/\/zxdoll.com\/es\/wp-json\/wp\/v2\/media?parent=20178"}],"wp:term":[{"taxonomy":"product_brand","embeddable":true,"href":"https:\/\/zxdoll.com\/es\/wp-json\/wp\/v2\/product_brand?post=20178"},{"taxonomy":"product_cat","embeddable":true,"href":"https:\/\/zxdoll.com\/es\/wp-json\/wp\/v2\/product_cat?post=20178"},{"taxonomy":"product_tag","embeddable":true,"href":"https:\/\/zxdoll.com\/es\/wp-json\/wp\/v2\/product_tag?post=20178"}],"curies":[{"name":"wp","href":"https:\/\/api.w.org\/{rel}","templated":true}]}}