{"id":188763,"date":"2025-08-23T23:54:10","date_gmt":"2025-08-23T15:54:10","guid":{"rendered":"https:\/\/zxdoll.com\/?post_type=product&#038;p=188763"},"modified":"2025-09-03T02:28:03","modified_gmt":"2025-09-02T18:28:03","slug":"how-to-storing-your-sex-doll","status":"publish","type":"product","link":"https:\/\/zxdoll.com\/es\/product\/how-to-storing-your-sex-doll\/","title":{"rendered":"How To Storing Your Sex Doll Jackeline 161cm"},"content":{"rendered":"<h4><strong>Im\u00e1genes de mu\u00f1ecas sexuales<\/strong><\/h4>\n\t                <ul class=\"easy-image-gallery thumbnails-25 linked\">\r\n                    <li><a data-fancybox=\"gallery682\" href=\"https:\/\/zxdoll.com\/wp-content\/uploads\/2025\/08\/sex-doll-scarlett-eNh93d1-533x800.jpg\" class=\"eig-popup\" title=\"\" data-caption=\"\" target=\"_blank\"><i class=\"icon-view\"><\/i><span class=\"overlay\"><\/span><img decoding=\"async\" width=\"150\" height=\"150\" src=\"https:\/\/zxdoll.com\/wp-content\/uploads\/2025\/08\/sex-doll-scarlett-eNh93d1-150x150.jpg\" class=\"attachment-thumbnail size-thumbnail\" alt=\"\" title=\"\"><\/a><\/li><li><a data-fancybox=\"gallery682\" href=\"https:\/\/zxdoll.com\/wp-content\/uploads\/2025\/08\/sex-doll-scarlett-eNh93d2-533x800.jpg\" class=\"eig-popup\" title=\"\" data-caption=\"\" target=\"_blank\"><i class=\"icon-view\"><\/i><span class=\"overlay\"><\/span><img decoding=\"async\" width=\"150\" height=\"150\" src=\"https:\/\/zxdoll.com\/wp-content\/uploads\/2025\/08\/sex-doll-scarlett-eNh93d2-150x150.jpg\" class=\"attachment-thumbnail size-thumbnail\" alt=\"\" title=\"\"><\/a><\/li><li><a data-fancybox=\"gallery682\" href=\"https:\/\/zxdoll.com\/wp-content\/uploads\/2025\/08\/sex-doll-scarlett-eNh93d3-533x800.jpg\" class=\"eig-popup\" title=\"\" data-caption=\"\" target=\"_blank\"><i class=\"icon-view\"><\/i><span class=\"overlay\"><\/span><img decoding=\"async\" width=\"150\" height=\"150\" src=\"https:\/\/zxdoll.com\/wp-content\/uploads\/2025\/08\/sex-doll-scarlett-eNh93d3-150x150.jpg\" class=\"attachment-thumbnail size-thumbnail\" alt=\"\" title=\"\"><\/a><\/li><li><a data-fancybox=\"gallery682\" href=\"https:\/\/zxdoll.com\/wp-content\/uploads\/2025\/08\/sex-doll-scarlett-eNh93d4-533x800.jpg\" class=\"eig-popup\" title=\"\" data-caption=\"\" target=\"_blank\"><i class=\"icon-view\"><\/i><span class=\"overlay\"><\/span><img loading=\"lazy\" decoding=\"async\" width=\"150\" height=\"150\" src=\"https:\/\/zxdoll.com\/wp-content\/uploads\/2025\/08\/sex-doll-scarlett-eNh93d4-150x150.jpg\" class=\"attachment-thumbnail size-thumbnail\" alt=\"\" title=\"\"><\/a><\/li><li><a data-fancybox=\"gallery682\" href=\"https:\/\/zxdoll.com\/wp-content\/uploads\/2025\/08\/sex-doll-scarlett-eNh93d5-533x800.jpg\" class=\"eig-popup\" title=\"\" data-caption=\"\" target=\"_blank\"><i class=\"icon-view\"><\/i><span class=\"overlay\"><\/span><img loading=\"lazy\" decoding=\"async\" width=\"150\" height=\"150\" src=\"https:\/\/zxdoll.com\/wp-content\/uploads\/2025\/08\/sex-doll-scarlett-eNh93d5-150x150.jpg\" class=\"attachment-thumbnail size-thumbnail\" alt=\"\" title=\"\"><\/a><\/li><li><a data-fancybox=\"gallery682\" href=\"https:\/\/zxdoll.com\/wp-content\/uploads\/2025\/08\/sex-doll-scarlett-eNh93d6-533x800.jpg\" class=\"eig-popup\" title=\"\" data-caption=\"\" target=\"_blank\"><i class=\"icon-view\"><\/i><span class=\"overlay\"><\/span><img loading=\"lazy\" decoding=\"async\" width=\"150\" height=\"150\" src=\"https:\/\/zxdoll.com\/wp-content\/uploads\/2025\/08\/sex-doll-scarlett-eNh93d6-150x150.jpg\" class=\"attachment-thumbnail size-thumbnail\" alt=\"\" title=\"\"><\/a><\/li><li><a data-fancybox=\"gallery682\" href=\"https:\/\/zxdoll.com\/wp-content\/uploads\/2025\/08\/sex-doll-scarlett-eNh93d7-533x800.jpg\" class=\"eig-popup\" title=\"\" data-caption=\"\" target=\"_blank\"><i class=\"icon-view\"><\/i><span class=\"overlay\"><\/span><img loading=\"lazy\" decoding=\"async\" width=\"150\" height=\"150\" src=\"https:\/\/zxdoll.com\/wp-content\/uploads\/2025\/08\/sex-doll-scarlett-eNh93d7-150x150.jpg\" class=\"attachment-thumbnail size-thumbnail\" alt=\"\" title=\"\"><\/a><\/li><li><a data-fancybox=\"gallery682\" href=\"https:\/\/zxdoll.com\/wp-content\/uploads\/2025\/08\/sex-doll-scarlett-eNh93d8-533x800.jpg\" class=\"eig-popup\" title=\"\" data-caption=\"\" target=\"_blank\"><i class=\"icon-view\"><\/i><span class=\"overlay\"><\/span><img loading=\"lazy\" decoding=\"async\" width=\"150\" height=\"150\" src=\"https:\/\/zxdoll.com\/wp-content\/uploads\/2025\/08\/sex-doll-scarlett-eNh93d8-150x150.jpg\" class=\"attachment-thumbnail size-thumbnail\" alt=\"\" title=\"\"><\/a><\/li><li><a data-fancybox=\"gallery682\" href=\"https:\/\/zxdoll.com\/wp-content\/uploads\/2025\/08\/sex-doll-scarlett-eNh93d9-533x800.jpg\" class=\"eig-popup\" title=\"\" data-caption=\"\" target=\"_blank\"><i class=\"icon-view\"><\/i><span class=\"overlay\"><\/span><img loading=\"lazy\" decoding=\"async\" width=\"150\" height=\"150\" src=\"https:\/\/zxdoll.com\/wp-content\/uploads\/2025\/08\/sex-doll-scarlett-eNh93d9-150x150.jpg\" class=\"attachment-thumbnail size-thumbnail\" alt=\"\" title=\"\"><\/a><\/li><li><a data-fancybox=\"gallery682\" href=\"https:\/\/zxdoll.com\/wp-content\/uploads\/2025\/08\/sex-doll-scarlett-eNh93d10-533x800.jpg\" class=\"eig-popup\" title=\"\" data-caption=\"\" target=\"_blank\"><i class=\"icon-view\"><\/i><span class=\"overlay\"><\/span><img loading=\"lazy\" decoding=\"async\" width=\"150\" height=\"150\" src=\"https:\/\/zxdoll.com\/wp-content\/uploads\/2025\/08\/sex-doll-scarlett-eNh93d10-150x150.jpg\" class=\"attachment-thumbnail size-thumbnail\" alt=\"\" title=\"\"><\/a><\/li><li><a data-fancybox=\"gallery682\" href=\"https:\/\/zxdoll.com\/wp-content\/uploads\/2025\/08\/sex-doll-scarlett-eNh93d11-533x800.jpg\" class=\"eig-popup\" title=\"\" data-caption=\"\" target=\"_blank\"><i class=\"icon-view\"><\/i><span class=\"overlay\"><\/span><img loading=\"lazy\" decoding=\"async\" width=\"150\" height=\"150\" src=\"https:\/\/zxdoll.com\/wp-content\/uploads\/2025\/08\/sex-doll-scarlett-eNh93d11-150x150.jpg\" class=\"attachment-thumbnail size-thumbnail\" alt=\"\" title=\"\"><\/a><\/li><li><a data-fancybox=\"gallery682\" href=\"https:\/\/zxdoll.com\/wp-content\/uploads\/2025\/08\/sex-doll-scarlett-eNh93d12-533x800.jpg\" class=\"eig-popup\" title=\"\" data-caption=\"\" target=\"_blank\"><i class=\"icon-view\"><\/i><span class=\"overlay\"><\/span><img loading=\"lazy\" decoding=\"async\" width=\"150\" height=\"150\" src=\"https:\/\/zxdoll.com\/wp-content\/uploads\/2025\/08\/sex-doll-scarlett-eNh93d12-150x150.jpg\" class=\"attachment-thumbnail size-thumbnail\" alt=\"\" title=\"\"><\/a><\/li><li><a data-fancybox=\"gallery682\" href=\"https:\/\/zxdoll.com\/wp-content\/uploads\/2025\/08\/sex-doll-scarlett-eNh93d13-533x800.jpg\" class=\"eig-popup\" title=\"\" data-caption=\"\" target=\"_blank\"><i class=\"icon-view\"><\/i><span class=\"overlay\"><\/span><img loading=\"lazy\" decoding=\"async\" width=\"150\" height=\"150\" src=\"https:\/\/zxdoll.com\/wp-content\/uploads\/2025\/08\/sex-doll-scarlett-eNh93d13-150x150.jpg\" class=\"attachment-thumbnail size-thumbnail\" alt=\"\" title=\"\"><\/a><\/li><li><a data-fancybox=\"gallery682\" href=\"https:\/\/zxdoll.com\/wp-content\/uploads\/2025\/08\/sex-doll-scarlett-eNh93d14-533x800.jpg\" class=\"eig-popup\" title=\"\" data-caption=\"\" target=\"_blank\"><i class=\"icon-view\"><\/i><span class=\"overlay\"><\/span><img loading=\"lazy\" decoding=\"async\" width=\"150\" height=\"150\" src=\"https:\/\/zxdoll.com\/wp-content\/uploads\/2025\/08\/sex-doll-scarlett-eNh93d14-150x150.jpg\" class=\"attachment-thumbnail size-thumbnail\" alt=\"\" title=\"\"><\/a><\/li><li><a data-fancybox=\"gallery682\" href=\"https:\/\/zxdoll.com\/wp-content\/uploads\/2025\/08\/sex-doll-scarlett-eNh93d15-533x800.jpg\" class=\"eig-popup\" title=\"\" data-caption=\"\" target=\"_blank\"><i class=\"icon-view\"><\/i><span class=\"overlay\"><\/span><img loading=\"lazy\" decoding=\"async\" width=\"150\" height=\"150\" src=\"https:\/\/zxdoll.com\/wp-content\/uploads\/2025\/08\/sex-doll-scarlett-eNh93d15-150x150.jpg\" class=\"attachment-thumbnail size-thumbnail\" alt=\"\" title=\"\"><\/a><\/li><li><a data-fancybox=\"gallery682\" href=\"https:\/\/zxdoll.com\/wp-content\/uploads\/2025\/08\/sex-doll-scarlett-eNh93d16-533x800.jpg\" class=\"eig-popup\" title=\"\" data-caption=\"\" target=\"_blank\"><i class=\"icon-view\"><\/i><span class=\"overlay\"><\/span><img loading=\"lazy\" decoding=\"async\" width=\"150\" height=\"150\" src=\"https:\/\/zxdoll.com\/wp-content\/uploads\/2025\/08\/sex-doll-scarlett-eNh93d16-150x150.jpg\" class=\"attachment-thumbnail size-thumbnail\" alt=\"\" title=\"\"><\/a><\/li><li><a data-fancybox=\"gallery682\" href=\"https:\/\/zxdoll.com\/wp-content\/uploads\/2025\/08\/sex-doll-scarlett-eNh93d17-533x800.jpg\" class=\"eig-popup\" title=\"\" data-caption=\"\" target=\"_blank\"><i class=\"icon-view\"><\/i><span class=\"overlay\"><\/span><img loading=\"lazy\" decoding=\"async\" width=\"150\" height=\"150\" src=\"https:\/\/zxdoll.com\/wp-content\/uploads\/2025\/08\/sex-doll-scarlett-eNh93d17-150x150.jpg\" class=\"attachment-thumbnail size-thumbnail\" alt=\"\" title=\"\"><\/a><\/li><li><a data-fancybox=\"gallery682\" href=\"https:\/\/zxdoll.com\/wp-content\/uploads\/2025\/08\/sex-doll-scarlett-eNh93d18-533x800.jpg\" class=\"eig-popup\" title=\"\" data-caption=\"\" target=\"_blank\"><i class=\"icon-view\"><\/i><span class=\"overlay\"><\/span><img loading=\"lazy\" decoding=\"async\" width=\"150\" height=\"150\" src=\"https:\/\/zxdoll.com\/wp-content\/uploads\/2025\/08\/sex-doll-scarlett-eNh93d18-150x150.jpg\" class=\"attachment-thumbnail size-thumbnail\" alt=\"\" title=\"\"><\/a><\/li><li><a data-fancybox=\"gallery682\" href=\"https:\/\/zxdoll.com\/wp-content\/uploads\/2025\/08\/sex-doll-scarlett-eNh93d19-533x800.jpg\" class=\"eig-popup\" title=\"\" data-caption=\"\" target=\"_blank\"><i class=\"icon-view\"><\/i><span class=\"overlay\"><\/span><img loading=\"lazy\" decoding=\"async\" width=\"150\" height=\"150\" src=\"https:\/\/zxdoll.com\/wp-content\/uploads\/2025\/08\/sex-doll-scarlett-eNh93d19-150x150.jpg\" class=\"attachment-thumbnail size-thumbnail\" alt=\"\" title=\"\"><\/a><\/li><li><a data-fancybox=\"gallery682\" href=\"https:\/\/zxdoll.com\/wp-content\/uploads\/2025\/08\/sex-doll-scarlett-eNh93d20-533x800.jpg\" class=\"eig-popup\" title=\"\" data-caption=\"\" target=\"_blank\"><i class=\"icon-view\"><\/i><span class=\"overlay\"><\/span><img loading=\"lazy\" decoding=\"async\" width=\"150\" height=\"150\" src=\"https:\/\/zxdoll.com\/wp-content\/uploads\/2025\/08\/sex-doll-scarlett-eNh93d20-150x150.jpg\" class=\"attachment-thumbnail size-thumbnail\" alt=\"\" title=\"\"><\/a><\/li><li><a data-fancybox=\"gallery682\" href=\"https:\/\/zxdoll.com\/wp-content\/uploads\/2025\/08\/sex-doll-scarlett-eNh93d21-533x800.jpg\" class=\"eig-popup\" title=\"\" data-caption=\"\" target=\"_blank\"><i class=\"icon-view\"><\/i><span class=\"overlay\"><\/span><img loading=\"lazy\" decoding=\"async\" width=\"150\" height=\"150\" src=\"https:\/\/zxdoll.com\/wp-content\/uploads\/2025\/08\/sex-doll-scarlett-eNh93d21-150x150.jpg\" class=\"attachment-thumbnail size-thumbnail\" alt=\"\" title=\"\"><\/a><\/li><li><a data-fancybox=\"gallery682\" href=\"https:\/\/zxdoll.com\/wp-content\/uploads\/2025\/08\/sex-doll-scarlett-eNh93d22-1-533x800.jpg\" class=\"eig-popup\" title=\"\" data-caption=\"\" target=\"_blank\"><i class=\"icon-view\"><\/i><span class=\"overlay\"><\/span><img loading=\"lazy\" decoding=\"async\" width=\"150\" height=\"150\" src=\"https:\/\/zxdoll.com\/wp-content\/uploads\/2025\/08\/sex-doll-scarlett-eNh93d22-1-150x150.jpg\" class=\"attachment-thumbnail size-thumbnail\" alt=\"\" title=\"\"><\/a><\/li><li><a data-fancybox=\"gallery682\" href=\"https:\/\/zxdoll.com\/wp-content\/uploads\/2025\/08\/sex-doll-scarlett-eNh93d23-533x800.jpg\" class=\"eig-popup\" title=\"\" data-caption=\"\" target=\"_blank\"><i class=\"icon-view\"><\/i><span class=\"overlay\"><\/span><img loading=\"lazy\" decoding=\"async\" width=\"150\" height=\"150\" src=\"https:\/\/zxdoll.com\/wp-content\/uploads\/2025\/08\/sex-doll-scarlett-eNh93d23-150x150.jpg\" class=\"attachment-thumbnail size-thumbnail\" alt=\"\" title=\"\"><\/a><\/li><li><a data-fancybox=\"gallery682\" href=\"https:\/\/zxdoll.com\/wp-content\/uploads\/2025\/08\/sex-doll-scarlett-eNh93d24-533x800.jpg\" class=\"eig-popup\" title=\"\" data-caption=\"\" target=\"_blank\"><i class=\"icon-view\"><\/i><span class=\"overlay\"><\/span><img loading=\"lazy\" decoding=\"async\" width=\"150\" height=\"150\" src=\"https:\/\/zxdoll.com\/wp-content\/uploads\/2025\/08\/sex-doll-scarlett-eNh93d24-150x150.jpg\" class=\"attachment-thumbnail size-thumbnail\" alt=\"\" title=\"\"><\/a><\/li><li><a data-fancybox=\"gallery682\" href=\"https:\/\/zxdoll.com\/wp-content\/uploads\/2025\/08\/sex-doll-scarlett-eNh93d25-533x800.jpg\" class=\"eig-popup\" title=\"\" data-caption=\"\" target=\"_blank\"><i class=\"icon-view\"><\/i><span class=\"overlay\"><\/span><img loading=\"lazy\" decoding=\"async\" width=\"150\" height=\"150\" src=\"https:\/\/zxdoll.com\/wp-content\/uploads\/2025\/08\/sex-doll-scarlett-eNh93d25-150x150.jpg\" class=\"attachment-thumbnail size-thumbnail\" alt=\"\" title=\"\"><\/a><\/li><\/ul>\n<h4>Tablas de tallas<\/h4>\n<table width=\"349\">\n<tbody>\n<tr>\n<td width=\"210\">Material<\/td>\n<td width=\"139\">Silicona completa<\/td>\n<\/tr>\n<tr>\n<td>Altura<\/td>\n<td>161cm<\/td>\n<\/tr>\n<tr>\n<td>Mama<\/td>\n<td>77cm<\/td>\n<\/tr>\n<tr>\n<td>debajo del pecho<\/td>\n<td>60cm<\/td>\n<\/tr>\n<tr>\n<td>Cintura<\/td>\n<td>50cm<\/td>\n<\/tr>\n<tr>\n<td>Cadera<\/td>\n<td>80cm<\/td>\n<\/tr>\n<tr>\n<td>Largo del brazo<\/td>\n<td>60cm<\/td>\n<\/tr>\n<tr>\n<td>Ancho de hombro<\/td>\n<td>33cm<\/td>\n<\/tr>\n<tr>\n<td>l\u00ednea del muslo<\/td>\n<td>46cm<\/td>\n<\/tr>\n<tr>\n<td>Longitud de las piernas<\/td>\n<td>82cm<\/td>\n<\/tr>\n<tr>\n<td>Tama\u00f1o de los pies<\/td>\n<td>21cm<\/td>\n<\/tr>\n<tr>\n<td>Profundidad oral (solo cabeza blanda)<\/td>\n<td>12cm<\/td>\n<\/tr>\n<tr>\n<td>Profundidad vaginal<\/td>\n<td>18 cm<\/td>\n<\/tr>\n<tr>\n<td>Profundidad anal<\/td>\n<td>16cm<\/td>\n<\/tr>\n<tr>\n<td>Peso neto<\/td>\n<td>30kg<\/td>\n<\/tr>\n<\/tbody>\n<\/table>\n<h4>Acerca de la mu\u00f1eca sexual<\/h4>\n<p>&nbsp;<\/p>","protected":false},"excerpt":{"rendered":"<p>Im\u00e1genes de mu\u00f1ecas sexuales Tablas de tama\u00f1os Material Silicona completa Altura 161 cm Pecho 77 cm Debajo del pecho 60 cm Cintura 50 cm Cadera 80 cm Brazo<\/p>","protected":false},"featured_media":188823,"comment_status":"open","ping_status":"closed","template":"","meta":[],"product_brand":[],"product_cat":[253,75,228,116,166,110,107],"product_tag":[],"class_list":{"0":"post-188763","1":"product","2":"type-product","3":"status-publish","4":"has-post-thumbnail","6":"product_cat-253","7":"product_cat-160cm-170cm-sex-dolls","8":"product_cat-26kg-30kg","9":"product_cat-big-boobs-sex-doll","10":"product_cat-sexy-sex-dolls","11":"product_cat-silicone-sex-doll","12":"product_cat-skinny-sex-dolls","13":"pa_brand-irontech-doll","14":"tm-has-options","16":"first","17":"instock","18":"sale","19":"shipping-taxable","20":"purchasable","21":"product-type-simple"},"_links":{"self":[{"href":"https:\/\/zxdoll.com\/es\/wp-json\/wp\/v2\/product\/188763","targetHints":{"allow":["GET"]}}],"collection":[{"href":"https:\/\/zxdoll.com\/es\/wp-json\/wp\/v2\/product"}],"about":[{"href":"https:\/\/zxdoll.com\/es\/wp-json\/wp\/v2\/types\/product"}],"replies":[{"embeddable":true,"href":"https:\/\/zxdoll.com\/es\/wp-json\/wp\/v2\/comments?post=188763"}],"version-history":[{"count":2,"href":"https:\/\/zxdoll.com\/es\/wp-json\/wp\/v2\/product\/188763\/revisions"}],"predecessor-version":[{"id":197518,"href":"https:\/\/zxdoll.com\/es\/wp-json\/wp\/v2\/product\/188763\/revisions\/197518"}],"wp:featuredmedia":[{"embeddable":true,"href":"https:\/\/zxdoll.com\/es\/wp-json\/wp\/v2\/media\/188823"}],"wp:attachment":[{"href":"https:\/\/zxdoll.com\/es\/wp-json\/wp\/v2\/media?parent=188763"}],"wp:term":[{"taxonomy":"product_brand","embeddable":true,"href":"https:\/\/zxdoll.com\/es\/wp-json\/wp\/v2\/product_brand?post=188763"},{"taxonomy":"product_cat","embeddable":true,"href":"https:\/\/zxdoll.com\/es\/wp-json\/wp\/v2\/product_cat?post=188763"},{"taxonomy":"product_tag","embeddable":true,"href":"https:\/\/zxdoll.com\/es\/wp-json\/wp\/v2\/product_tag?post=188763"}],"curies":[{"name":"wp","href":"https:\/\/api.w.org\/{rel}","templated":true}]}}