{"id":185192,"date":"2024-09-29T13:01:55","date_gmt":"2024-09-29T05:01:55","guid":{"rendered":"https:\/\/zxdoll.com\/?post_type=product&#038;p=185192"},"modified":"2024-10-17T00:44:40","modified_gmt":"2024-10-16T16:44:40","slug":"sex-doll-replaceable-genitals","status":"publish","type":"product","link":"https:\/\/zxdoll.com\/es\/product\/sex-doll-replaceable-genitals\/","title":{"rendered":"Mu\u00f1eca sexual con genitales reemplazables Danny 153cm"},"content":{"rendered":"<h4><strong>Im\u00e1genes de mu\u00f1ecas sexuales<\/strong><\/h4>\n\t                <ul class=\"easy-image-gallery thumbnails-13 linked\">\r\n                    <li><a data-fancybox=\"gallery986\" href=\"https:\/\/zxdoll.com\/wp-content\/uploads\/2024\/09\/adora-sex-doll-vAg52h1.jpg\" class=\"eig-popup\" title=\"\" data-caption=\"\" target=\"_blank\"><i class=\"icon-view\"><\/i><span class=\"overlay\"><\/span><img decoding=\"async\" width=\"150\" height=\"150\" src=\"https:\/\/zxdoll.com\/wp-content\/uploads\/2024\/09\/adora-sex-doll-vAg52h1-150x150.jpg\" class=\"attachment-thumbnail size-thumbnail\" alt=\"\" title=\"\"><\/a><\/li><li><a data-fancybox=\"gallery986\" href=\"https:\/\/zxdoll.com\/wp-content\/uploads\/2024\/09\/adora-sex-doll-vAg52h2.jpg\" class=\"eig-popup\" title=\"\" data-caption=\"\" target=\"_blank\"><i class=\"icon-view\"><\/i><span class=\"overlay\"><\/span><img decoding=\"async\" width=\"150\" height=\"150\" src=\"https:\/\/zxdoll.com\/wp-content\/uploads\/2024\/09\/adora-sex-doll-vAg52h2-150x150.jpg\" class=\"attachment-thumbnail size-thumbnail\" alt=\"\" title=\"\"><\/a><\/li><li><a data-fancybox=\"gallery986\" href=\"https:\/\/zxdoll.com\/wp-content\/uploads\/2024\/09\/adora-sex-doll-vAg52h3-551x800.jpg\" class=\"eig-popup\" title=\"\" data-caption=\"\" target=\"_blank\"><i class=\"icon-view\"><\/i><span class=\"overlay\"><\/span><img decoding=\"async\" width=\"150\" height=\"150\" src=\"https:\/\/zxdoll.com\/wp-content\/uploads\/2024\/09\/adora-sex-doll-vAg52h3-150x150.jpg\" class=\"attachment-thumbnail size-thumbnail\" alt=\"\" title=\"\"><\/a><\/li><li><a data-fancybox=\"gallery986\" href=\"https:\/\/zxdoll.com\/wp-content\/uploads\/2024\/09\/adora-sex-doll-vAg52h4-551x800.jpg\" class=\"eig-popup\" title=\"\" data-caption=\"\" target=\"_blank\"><i class=\"icon-view\"><\/i><span class=\"overlay\"><\/span><img loading=\"lazy\" decoding=\"async\" width=\"150\" height=\"150\" src=\"https:\/\/zxdoll.com\/wp-content\/uploads\/2024\/09\/adora-sex-doll-vAg52h4-150x150.jpg\" class=\"attachment-thumbnail size-thumbnail\" alt=\"\" title=\"\"><\/a><\/li><li><a data-fancybox=\"gallery986\" href=\"https:\/\/zxdoll.com\/wp-content\/uploads\/2024\/09\/adora-sex-doll-vAg52h5-551x800.jpg\" class=\"eig-popup\" title=\"\" data-caption=\"\" target=\"_blank\"><i class=\"icon-view\"><\/i><span class=\"overlay\"><\/span><img loading=\"lazy\" decoding=\"async\" width=\"150\" height=\"150\" src=\"https:\/\/zxdoll.com\/wp-content\/uploads\/2024\/09\/adora-sex-doll-vAg52h5-150x150.jpg\" class=\"attachment-thumbnail size-thumbnail\" alt=\"\" title=\"\"><\/a><\/li><li><a data-fancybox=\"gallery986\" href=\"https:\/\/zxdoll.com\/wp-content\/uploads\/2024\/09\/adora-sex-doll-vAg52h6.jpg\" class=\"eig-popup\" title=\"\" data-caption=\"\" target=\"_blank\"><i class=\"icon-view\"><\/i><span class=\"overlay\"><\/span><img loading=\"lazy\" decoding=\"async\" width=\"150\" height=\"150\" src=\"https:\/\/zxdoll.com\/wp-content\/uploads\/2024\/09\/adora-sex-doll-vAg52h6-150x150.jpg\" class=\"attachment-thumbnail size-thumbnail\" alt=\"\" title=\"\"><\/a><\/li><li><a data-fancybox=\"gallery986\" href=\"https:\/\/zxdoll.com\/wp-content\/uploads\/2024\/09\/adora-sex-doll-vAg52h7-551x800.jpg\" class=\"eig-popup\" title=\"\" data-caption=\"\" target=\"_blank\"><i class=\"icon-view\"><\/i><span class=\"overlay\"><\/span><img loading=\"lazy\" decoding=\"async\" width=\"150\" height=\"150\" src=\"https:\/\/zxdoll.com\/wp-content\/uploads\/2024\/09\/adora-sex-doll-vAg52h7-150x150.jpg\" class=\"attachment-thumbnail size-thumbnail\" alt=\"\" title=\"\"><\/a><\/li><li><a data-fancybox=\"gallery986\" href=\"https:\/\/zxdoll.com\/wp-content\/uploads\/2024\/09\/adora-sex-doll-vAg52h8-551x800.jpg\" class=\"eig-popup\" title=\"\" data-caption=\"\" target=\"_blank\"><i class=\"icon-view\"><\/i><span class=\"overlay\"><\/span><img loading=\"lazy\" decoding=\"async\" width=\"150\" height=\"150\" src=\"https:\/\/zxdoll.com\/wp-content\/uploads\/2024\/09\/adora-sex-doll-vAg52h8-150x150.jpg\" class=\"attachment-thumbnail size-thumbnail\" alt=\"\" title=\"\"><\/a><\/li><li><a data-fancybox=\"gallery986\" href=\"https:\/\/zxdoll.com\/wp-content\/uploads\/2024\/09\/adora-sex-doll-vAg52h9-551x800.jpg\" class=\"eig-popup\" title=\"\" data-caption=\"\" target=\"_blank\"><i class=\"icon-view\"><\/i><span class=\"overlay\"><\/span><img loading=\"lazy\" decoding=\"async\" width=\"150\" height=\"150\" src=\"https:\/\/zxdoll.com\/wp-content\/uploads\/2024\/09\/adora-sex-doll-vAg52h9-150x150.jpg\" class=\"attachment-thumbnail size-thumbnail\" alt=\"\" title=\"\"><\/a><\/li><li><a data-fancybox=\"gallery986\" href=\"https:\/\/zxdoll.com\/wp-content\/uploads\/2024\/09\/adora-sex-doll-vAg52h10.jpg\" class=\"eig-popup\" title=\"\" data-caption=\"\" target=\"_blank\"><i class=\"icon-view\"><\/i><span class=\"overlay\"><\/span><img loading=\"lazy\" decoding=\"async\" width=\"150\" height=\"150\" src=\"https:\/\/zxdoll.com\/wp-content\/uploads\/2024\/09\/adora-sex-doll-vAg52h10-150x150.jpg\" class=\"attachment-thumbnail size-thumbnail\" alt=\"\" title=\"\"><\/a><\/li><li><a data-fancybox=\"gallery986\" href=\"https:\/\/zxdoll.com\/wp-content\/uploads\/2024\/09\/adora-sex-doll-vAg52h11.jpg\" class=\"eig-popup\" title=\"\" data-caption=\"\" target=\"_blank\"><i class=\"icon-view\"><\/i><span class=\"overlay\"><\/span><img loading=\"lazy\" decoding=\"async\" width=\"150\" height=\"150\" src=\"https:\/\/zxdoll.com\/wp-content\/uploads\/2024\/09\/adora-sex-doll-vAg52h11-150x150.jpg\" class=\"attachment-thumbnail size-thumbnail\" alt=\"\" title=\"\"><\/a><\/li><li><a data-fancybox=\"gallery986\" href=\"https:\/\/zxdoll.com\/wp-content\/uploads\/2024\/09\/adora-sex-doll-vAg52h12.jpg\" class=\"eig-popup\" title=\"\" data-caption=\"\" target=\"_blank\"><i class=\"icon-view\"><\/i><span class=\"overlay\"><\/span><img loading=\"lazy\" decoding=\"async\" width=\"150\" height=\"150\" src=\"https:\/\/zxdoll.com\/wp-content\/uploads\/2024\/09\/adora-sex-doll-vAg52h12-150x150.jpg\" class=\"attachment-thumbnail size-thumbnail\" alt=\"\" title=\"\"><\/a><\/li><li><a data-fancybox=\"gallery986\" href=\"https:\/\/zxdoll.com\/wp-content\/uploads\/2024\/09\/adora-sex-doll-vAg52h13.jpg\" class=\"eig-popup\" title=\"\" data-caption=\"\" target=\"_blank\"><i class=\"icon-view\"><\/i><span class=\"overlay\"><\/span><img loading=\"lazy\" decoding=\"async\" width=\"150\" height=\"150\" src=\"https:\/\/zxdoll.com\/wp-content\/uploads\/2024\/09\/adora-sex-doll-vAg52h13-150x150.jpg\" class=\"attachment-thumbnail size-thumbnail\" alt=\"\" title=\"\"><\/a><\/li><\/ul>\n<h4>Tablas de tallas<\/h4>\n<table width=\"318\">\n<tbody>\n<tr>\n<td width=\"130\">Material<\/td>\n<td width=\"188\">Cabeza de silicona + cuerpo de TPE<\/td>\n<\/tr>\n<tr>\n<td width=\"130\">Altura<\/td>\n<td>153cm<\/td>\n<\/tr>\n<tr>\n<td>Busto<\/td>\n<td>88cm<\/td>\n<\/tr>\n<tr>\n<td>Debajo del busto<\/td>\n<td>50cm<\/td>\n<\/tr>\n<tr>\n<td>Cintura<\/td>\n<td>46cm<\/td>\n<\/tr>\n<tr>\n<td>Caderas<\/td>\n<td>88cm<\/td>\n<\/tr>\n<tr>\n<td width=\"130\">Profundidad vaginal<\/td>\n<td>18 cm<\/td>\n<\/tr>\n<tr>\n<td width=\"130\">Profundidad anal<\/td>\n<td>16cm<\/td>\n<\/tr>\n<tr>\n<td width=\"130\">Peso neto<\/td>\n<td>34kg<\/td>\n<\/tr>\n<\/tbody>\n<\/table>\n<h4>Acerca de la mu\u00f1eca sexual<\/h4>\n<p>&nbsp;<\/p>","protected":false},"excerpt":{"rendered":"<p>Im\u00e1genes de mu\u00f1ecas sexuales Tablas de tallas Material Silicona Cabeza + Cuerpo TPE Altura 153cm Busto 88cm Debajo del busto 50cm Cintura 46cm<\/p>","protected":false},"featured_media":185209,"comment_status":"open","ping_status":"closed","template":"","meta":[],"product_brand":[],"product_cat":[234,112,229,80,116,192,107,211],"product_tag":[],"class_list":{"0":"post-185192","1":"product","2":"type-product","3":"status-publish","4":"has-post-thumbnail","6":"product_cat-234","7":"product_cat-150cm-159cm-sex-dolls","8":"product_cat-31kg-35kg","9":"product_cat-asian-sex-doll","10":"product_cat-big-boobs-sex-doll","11":"product_cat-hybrid-doll","12":"product_cat-skinny-sex-dolls","13":"product_cat-waifu-sex-doll","14":"pa_brand-aibei-doll","15":"tm-has-options","17":"first","18":"instock","19":"sale","20":"shipping-taxable","21":"purchasable","22":"product-type-simple"},"_links":{"self":[{"href":"https:\/\/zxdoll.com\/es\/wp-json\/wp\/v2\/product\/185192","targetHints":{"allow":["GET"]}}],"collection":[{"href":"https:\/\/zxdoll.com\/es\/wp-json\/wp\/v2\/product"}],"about":[{"href":"https:\/\/zxdoll.com\/es\/wp-json\/wp\/v2\/types\/product"}],"replies":[{"embeddable":true,"href":"https:\/\/zxdoll.com\/es\/wp-json\/wp\/v2\/comments?post=185192"}],"version-history":[{"count":3,"href":"https:\/\/zxdoll.com\/es\/wp-json\/wp\/v2\/product\/185192\/revisions"}],"predecessor-version":[{"id":186902,"href":"https:\/\/zxdoll.com\/es\/wp-json\/wp\/v2\/product\/185192\/revisions\/186902"}],"wp:featuredmedia":[{"embeddable":true,"href":"https:\/\/zxdoll.com\/es\/wp-json\/wp\/v2\/media\/185209"}],"wp:attachment":[{"href":"https:\/\/zxdoll.com\/es\/wp-json\/wp\/v2\/media?parent=185192"}],"wp:term":[{"taxonomy":"product_brand","embeddable":true,"href":"https:\/\/zxdoll.com\/es\/wp-json\/wp\/v2\/product_brand?post=185192"},{"taxonomy":"product_cat","embeddable":true,"href":"https:\/\/zxdoll.com\/es\/wp-json\/wp\/v2\/product_cat?post=185192"},{"taxonomy":"product_tag","embeddable":true,"href":"https:\/\/zxdoll.com\/es\/wp-json\/wp\/v2\/product_tag?post=185192"}],"curies":[{"name":"wp","href":"https:\/\/api.w.org\/{rel}","templated":true}]}}