{"id":185148,"date":"2024-09-29T12:52:51","date_gmt":"2024-09-29T04:52:51","guid":{"rendered":"https:\/\/zxdoll.com\/?post_type=product&#038;p=185148"},"modified":"2024-10-17T00:44:50","modified_gmt":"2024-10-16T16:44:50","slug":"thegirlfriend-riding-sex-doll","status":"publish","type":"product","link":"https:\/\/zxdoll.com\/es\/product\/thegirlfriend-riding-sex-doll\/","title":{"rendered":"Mu\u00f1eca sexual montada por la novia Dawna 151cm"},"content":{"rendered":"<h4><strong>Im\u00e1genes de mu\u00f1ecas sexuales<\/strong><\/h4>\n\t                <ul class=\"easy-image-gallery thumbnails-11 linked\">\r\n                    <li><a data-fancybox=\"gallery120\" href=\"https:\/\/zxdoll.com\/wp-content\/uploads\/2024\/09\/tanya-sex-doll-qGp78h2-533x800.jpg\" class=\"eig-popup\" title=\"\" data-caption=\"\" target=\"_blank\"><i class=\"icon-view\"><\/i><span class=\"overlay\"><\/span><img decoding=\"async\" width=\"150\" height=\"150\" src=\"https:\/\/zxdoll.com\/wp-content\/uploads\/2024\/09\/tanya-sex-doll-qGp78h2-150x150.jpg\" class=\"attachment-thumbnail size-thumbnail\" alt=\"\" title=\"\"><\/a><\/li><li><a data-fancybox=\"gallery120\" href=\"https:\/\/zxdoll.com\/wp-content\/uploads\/2024\/09\/tanya-sex-doll-qGp78h3-533x800.jpg\" class=\"eig-popup\" title=\"\" data-caption=\"\" target=\"_blank\"><i class=\"icon-view\"><\/i><span class=\"overlay\"><\/span><img decoding=\"async\" width=\"150\" height=\"150\" src=\"https:\/\/zxdoll.com\/wp-content\/uploads\/2024\/09\/tanya-sex-doll-qGp78h3-150x150.jpg\" class=\"attachment-thumbnail size-thumbnail\" alt=\"\" title=\"\"><\/a><\/li><li><a data-fancybox=\"gallery120\" href=\"https:\/\/zxdoll.com\/wp-content\/uploads\/2024\/09\/tanya-sex-doll-qGp78h4-533x800.jpg\" class=\"eig-popup\" title=\"\" data-caption=\"\" target=\"_blank\"><i class=\"icon-view\"><\/i><span class=\"overlay\"><\/span><img decoding=\"async\" width=\"150\" height=\"150\" src=\"https:\/\/zxdoll.com\/wp-content\/uploads\/2024\/09\/tanya-sex-doll-qGp78h4-150x150.jpg\" class=\"attachment-thumbnail size-thumbnail\" alt=\"\" title=\"\"><\/a><\/li><li><a data-fancybox=\"gallery120\" href=\"https:\/\/zxdoll.com\/wp-content\/uploads\/2024\/09\/tanya-sex-doll-qGp78h5.jpg\" class=\"eig-popup\" title=\"\" data-caption=\"\" target=\"_blank\"><i class=\"icon-view\"><\/i><span class=\"overlay\"><\/span><img loading=\"lazy\" decoding=\"async\" width=\"150\" height=\"150\" src=\"https:\/\/zxdoll.com\/wp-content\/uploads\/2024\/09\/tanya-sex-doll-qGp78h5-150x150.jpg\" class=\"attachment-thumbnail size-thumbnail\" alt=\"\" title=\"\"><\/a><\/li><li><a data-fancybox=\"gallery120\" href=\"https:\/\/zxdoll.com\/wp-content\/uploads\/2024\/09\/tanya-sex-doll-qGp78h6-533x800.jpg\" class=\"eig-popup\" title=\"\" data-caption=\"\" target=\"_blank\"><i class=\"icon-view\"><\/i><span class=\"overlay\"><\/span><img loading=\"lazy\" decoding=\"async\" width=\"150\" height=\"150\" src=\"https:\/\/zxdoll.com\/wp-content\/uploads\/2024\/09\/tanya-sex-doll-qGp78h6-150x150.jpg\" class=\"attachment-thumbnail size-thumbnail\" alt=\"\" title=\"\"><\/a><\/li><li><a data-fancybox=\"gallery120\" href=\"https:\/\/zxdoll.com\/wp-content\/uploads\/2024\/09\/tanya-sex-doll-qGp78h7.jpg\" class=\"eig-popup\" title=\"\" data-caption=\"\" target=\"_blank\"><i class=\"icon-view\"><\/i><span class=\"overlay\"><\/span><img loading=\"lazy\" decoding=\"async\" width=\"150\" height=\"150\" src=\"https:\/\/zxdoll.com\/wp-content\/uploads\/2024\/09\/tanya-sex-doll-qGp78h7-150x150.jpg\" class=\"attachment-thumbnail size-thumbnail\" alt=\"\" title=\"\"><\/a><\/li><li><a data-fancybox=\"gallery120\" href=\"https:\/\/zxdoll.com\/wp-content\/uploads\/2024\/09\/tanya-sex-doll-qGp78h8-533x800.jpg\" class=\"eig-popup\" title=\"\" data-caption=\"\" target=\"_blank\"><i class=\"icon-view\"><\/i><span class=\"overlay\"><\/span><img loading=\"lazy\" decoding=\"async\" width=\"150\" height=\"150\" src=\"https:\/\/zxdoll.com\/wp-content\/uploads\/2024\/09\/tanya-sex-doll-qGp78h8-150x150.jpg\" class=\"attachment-thumbnail size-thumbnail\" alt=\"\" title=\"\"><\/a><\/li><li><a data-fancybox=\"gallery120\" href=\"https:\/\/zxdoll.com\/wp-content\/uploads\/2024\/09\/tanya-sex-doll-qGp78h9-533x800.jpg\" class=\"eig-popup\" title=\"\" data-caption=\"\" target=\"_blank\"><i class=\"icon-view\"><\/i><span class=\"overlay\"><\/span><img loading=\"lazy\" decoding=\"async\" width=\"150\" height=\"150\" src=\"https:\/\/zxdoll.com\/wp-content\/uploads\/2024\/09\/tanya-sex-doll-qGp78h9-150x150.jpg\" class=\"attachment-thumbnail size-thumbnail\" alt=\"\" title=\"\"><\/a><\/li><li><a data-fancybox=\"gallery120\" href=\"https:\/\/zxdoll.com\/wp-content\/uploads\/2024\/09\/tanya-sex-doll-qGp78h10-533x800.jpg\" class=\"eig-popup\" title=\"\" data-caption=\"\" target=\"_blank\"><i class=\"icon-view\"><\/i><span class=\"overlay\"><\/span><img loading=\"lazy\" decoding=\"async\" width=\"150\" height=\"150\" src=\"https:\/\/zxdoll.com\/wp-content\/uploads\/2024\/09\/tanya-sex-doll-qGp78h10-150x150.jpg\" class=\"attachment-thumbnail size-thumbnail\" alt=\"\" title=\"\"><\/a><\/li><li><a data-fancybox=\"gallery120\" href=\"https:\/\/zxdoll.com\/wp-content\/uploads\/2024\/09\/tanya-sex-doll-qGp78h14-533x800.jpg\" class=\"eig-popup\" title=\"\" data-caption=\"\" target=\"_blank\"><i class=\"icon-view\"><\/i><span class=\"overlay\"><\/span><img loading=\"lazy\" decoding=\"async\" width=\"150\" height=\"150\" src=\"https:\/\/zxdoll.com\/wp-content\/uploads\/2024\/09\/tanya-sex-doll-qGp78h14-150x150.jpg\" class=\"attachment-thumbnail size-thumbnail\" alt=\"\" title=\"\"><\/a><\/li><li><a data-fancybox=\"gallery120\" href=\"https:\/\/zxdoll.com\/wp-content\/uploads\/2024\/09\/tanya-sex-doll-qGp78h15-533x800.jpg\" class=\"eig-popup\" title=\"\" data-caption=\"\" target=\"_blank\"><i class=\"icon-view\"><\/i><span class=\"overlay\"><\/span><img loading=\"lazy\" decoding=\"async\" width=\"150\" height=\"150\" src=\"https:\/\/zxdoll.com\/wp-content\/uploads\/2024\/09\/tanya-sex-doll-qGp78h15-150x150.jpg\" class=\"attachment-thumbnail size-thumbnail\" alt=\"\" title=\"\"><\/a><\/li><\/ul>\n<h4>Tablas de tallas<\/h4>\n<table width=\"318\">\n<tbody>\n<tr>\n<td width=\"130\">Material<\/td>\n<td width=\"188\">Cabeza de silicona + cuerpo de TPE<\/td>\n<\/tr>\n<tr>\n<td width=\"130\">Altura<\/td>\n<td>151cm<\/td>\n<\/tr>\n<tr>\n<td>Busto<\/td>\n<td>79cm<\/td>\n<\/tr>\n<tr>\n<td>Debajo del busto<\/td>\n<td>57cm<\/td>\n<\/tr>\n<tr>\n<td>Cintura<\/td>\n<td>52cm<\/td>\n<\/tr>\n<tr>\n<td>Caderas<\/td>\n<td>95cm<\/td>\n<\/tr>\n<tr>\n<td width=\"130\">Profundidad vaginal<\/td>\n<td>18 cm<\/td>\n<\/tr>\n<tr>\n<td width=\"130\">Profundidad anal<\/td>\n<td>16cm<\/td>\n<\/tr>\n<tr>\n<td width=\"130\">Peso neto<\/td>\n<td>37kg<\/td>\n<\/tr>\n<\/tbody>\n<\/table>\n<h4>Acerca de la mu\u00f1eca sexual<\/h4>\n<p>&nbsp;<\/p>","protected":false},"excerpt":{"rendered":"<p>Sex Doll Images Size Charts Material Silicone Head + TPE Body Height 151cm Bust 79cm Under Bust 57cm Waist 52cm<\/p>","protected":false},"featured_media":185151,"comment_status":"open","ping_status":"closed","template":"","meta":[],"product_brand":[],"product_cat":[234,112,230,80,192,107,117,211],"product_tag":[],"class_list":{"0":"post-185148","1":"product","2":"type-product","3":"status-publish","4":"has-post-thumbnail","6":"product_cat-234","7":"product_cat-150cm-159cm-sex-dolls","8":"product_cat-36kg-40kg","9":"product_cat-asian-sex-doll","10":"product_cat-hybrid-doll","11":"product_cat-skinny-sex-dolls","12":"product_cat-small-breast-sex-doll","13":"product_cat-waifu-sex-doll","14":"pa_brand-aibei-doll","15":"tm-has-options","17":"first","18":"instock","19":"sale","20":"shipping-taxable","21":"purchasable","22":"product-type-simple"},"_links":{"self":[{"href":"https:\/\/zxdoll.com\/es\/wp-json\/wp\/v2\/product\/185148","targetHints":{"allow":["GET"]}}],"collection":[{"href":"https:\/\/zxdoll.com\/es\/wp-json\/wp\/v2\/product"}],"about":[{"href":"https:\/\/zxdoll.com\/es\/wp-json\/wp\/v2\/types\/product"}],"replies":[{"embeddable":true,"href":"https:\/\/zxdoll.com\/es\/wp-json\/wp\/v2\/comments?post=185148"}],"version-history":[{"count":3,"href":"https:\/\/zxdoll.com\/es\/wp-json\/wp\/v2\/product\/185148\/revisions"}],"predecessor-version":[{"id":186903,"href":"https:\/\/zxdoll.com\/es\/wp-json\/wp\/v2\/product\/185148\/revisions\/186903"}],"wp:featuredmedia":[{"embeddable":true,"href":"https:\/\/zxdoll.com\/es\/wp-json\/wp\/v2\/media\/185151"}],"wp:attachment":[{"href":"https:\/\/zxdoll.com\/es\/wp-json\/wp\/v2\/media?parent=185148"}],"wp:term":[{"taxonomy":"product_brand","embeddable":true,"href":"https:\/\/zxdoll.com\/es\/wp-json\/wp\/v2\/product_brand?post=185148"},{"taxonomy":"product_cat","embeddable":true,"href":"https:\/\/zxdoll.com\/es\/wp-json\/wp\/v2\/product_cat?post=185148"},{"taxonomy":"product_tag","embeddable":true,"href":"https:\/\/zxdoll.com\/es\/wp-json\/wp\/v2\/product_tag?post=185148"}],"curies":[{"name":"wp","href":"https:\/\/api.w.org\/{rel}","templated":true}]}}