{"id":184804,"date":"2024-09-29T01:52:06","date_gmt":"2024-09-28T17:52:06","guid":{"rendered":"https:\/\/zxdoll.com\/?post_type=product&#038;p=184804"},"modified":"2024-10-16T02:51:31","modified_gmt":"2024-10-15T18:51:31","slug":"sex-doll-with-the-biggest-tits","status":"publish","type":"product","link":"https:\/\/zxdoll.com\/es\/product\/sex-doll-with-the-biggest-tits\/","title":{"rendered":"Mu\u00f1eca sexual con las tetas m\u00e1s grandes Sarette 172cm"},"content":{"rendered":"<h4><strong>Im\u00e1genes de mu\u00f1ecas sexuales<\/strong><\/h4>\n\t                <ul class=\"easy-image-gallery thumbnails-10 linked\">\r\n                    <li><a data-fancybox=\"gallery670\" href=\"https:\/\/zxdoll.com\/wp-content\/uploads\/2024\/09\/shakira-sex-doll-xMw76y2-533x800.jpg\" class=\"eig-popup\" title=\"\" data-caption=\"\" target=\"_blank\"><i class=\"icon-view\"><\/i><span class=\"overlay\"><\/span><img decoding=\"async\" width=\"150\" height=\"150\" src=\"https:\/\/zxdoll.com\/wp-content\/uploads\/2024\/09\/shakira-sex-doll-xMw76y2-150x150.jpg\" class=\"attachment-thumbnail size-thumbnail\" alt=\"\" title=\"\"><\/a><\/li><li><a data-fancybox=\"gallery670\" href=\"https:\/\/zxdoll.com\/wp-content\/uploads\/2024\/09\/shakira-sex-doll-xMw76y3-533x800.jpg\" class=\"eig-popup\" title=\"\" data-caption=\"\" target=\"_blank\"><i class=\"icon-view\"><\/i><span class=\"overlay\"><\/span><img decoding=\"async\" width=\"150\" height=\"150\" src=\"https:\/\/zxdoll.com\/wp-content\/uploads\/2024\/09\/shakira-sex-doll-xMw76y3-150x150.jpg\" class=\"attachment-thumbnail size-thumbnail\" alt=\"\" title=\"\"><\/a><\/li><li><a data-fancybox=\"gallery670\" href=\"https:\/\/zxdoll.com\/wp-content\/uploads\/2024\/09\/shakira-sex-doll-xMw76y4-533x800.jpg\" class=\"eig-popup\" title=\"\" data-caption=\"\" target=\"_blank\"><i class=\"icon-view\"><\/i><span class=\"overlay\"><\/span><img decoding=\"async\" width=\"150\" height=\"150\" src=\"https:\/\/zxdoll.com\/wp-content\/uploads\/2024\/09\/shakira-sex-doll-xMw76y4-150x150.jpg\" class=\"attachment-thumbnail size-thumbnail\" alt=\"\" title=\"\"><\/a><\/li><li><a data-fancybox=\"gallery670\" href=\"https:\/\/zxdoll.com\/wp-content\/uploads\/2024\/09\/shakira-sex-doll-xMw76y5-533x800.jpg\" class=\"eig-popup\" title=\"\" data-caption=\"\" target=\"_blank\"><i class=\"icon-view\"><\/i><span class=\"overlay\"><\/span><img loading=\"lazy\" decoding=\"async\" width=\"150\" height=\"150\" src=\"https:\/\/zxdoll.com\/wp-content\/uploads\/2024\/09\/shakira-sex-doll-xMw76y5-150x150.jpg\" class=\"attachment-thumbnail size-thumbnail\" alt=\"\" title=\"\"><\/a><\/li><li><a data-fancybox=\"gallery670\" href=\"https:\/\/zxdoll.com\/wp-content\/uploads\/2024\/09\/shakira-sex-doll-xMw76y6.jpg\" class=\"eig-popup\" title=\"\" data-caption=\"\" target=\"_blank\"><i class=\"icon-view\"><\/i><span class=\"overlay\"><\/span><img loading=\"lazy\" decoding=\"async\" width=\"150\" height=\"150\" src=\"https:\/\/zxdoll.com\/wp-content\/uploads\/2024\/09\/shakira-sex-doll-xMw76y6-150x150.jpg\" class=\"attachment-thumbnail size-thumbnail\" alt=\"\" title=\"\"><\/a><\/li><li><a data-fancybox=\"gallery670\" href=\"https:\/\/zxdoll.com\/wp-content\/uploads\/2024\/09\/shakira-sex-doll-xMw76y7.jpg\" class=\"eig-popup\" title=\"\" data-caption=\"\" target=\"_blank\"><i class=\"icon-view\"><\/i><span class=\"overlay\"><\/span><img loading=\"lazy\" decoding=\"async\" width=\"150\" height=\"150\" src=\"https:\/\/zxdoll.com\/wp-content\/uploads\/2024\/09\/shakira-sex-doll-xMw76y7-150x150.jpg\" class=\"attachment-thumbnail size-thumbnail\" alt=\"\" title=\"\"><\/a><\/li><li><a data-fancybox=\"gallery670\" href=\"https:\/\/zxdoll.com\/wp-content\/uploads\/2024\/09\/shakira-sex-doll-xMw76y8.jpg\" class=\"eig-popup\" title=\"\" data-caption=\"\" target=\"_blank\"><i class=\"icon-view\"><\/i><span class=\"overlay\"><\/span><img loading=\"lazy\" decoding=\"async\" width=\"150\" height=\"150\" src=\"https:\/\/zxdoll.com\/wp-content\/uploads\/2024\/09\/shakira-sex-doll-xMw76y8-150x150.jpg\" class=\"attachment-thumbnail size-thumbnail\" alt=\"\" title=\"\"><\/a><\/li><li><a data-fancybox=\"gallery670\" href=\"https:\/\/zxdoll.com\/wp-content\/uploads\/2024\/09\/shakira-sex-doll-xMw76y11.jpg\" class=\"eig-popup\" title=\"\" data-caption=\"\" target=\"_blank\"><i class=\"icon-view\"><\/i><span class=\"overlay\"><\/span><img loading=\"lazy\" decoding=\"async\" width=\"150\" height=\"150\" src=\"https:\/\/zxdoll.com\/wp-content\/uploads\/2024\/09\/shakira-sex-doll-xMw76y11-150x150.jpg\" class=\"attachment-thumbnail size-thumbnail\" alt=\"\" title=\"\"><\/a><\/li><li><a data-fancybox=\"gallery670\" href=\"https:\/\/zxdoll.com\/wp-content\/uploads\/2024\/09\/shakira-sex-doll-xMw76y12-533x800.jpg\" class=\"eig-popup\" title=\"\" data-caption=\"\" target=\"_blank\"><i class=\"icon-view\"><\/i><span class=\"overlay\"><\/span><img loading=\"lazy\" decoding=\"async\" width=\"150\" height=\"150\" src=\"https:\/\/zxdoll.com\/wp-content\/uploads\/2024\/09\/shakira-sex-doll-xMw76y12-150x150.jpg\" class=\"attachment-thumbnail size-thumbnail\" alt=\"\" title=\"\"><\/a><\/li><li><a data-fancybox=\"gallery670\" href=\"https:\/\/zxdoll.com\/wp-content\/uploads\/2024\/09\/shakira-sex-doll-xMw76y13-533x800.jpg\" class=\"eig-popup\" title=\"\" data-caption=\"\" target=\"_blank\"><i class=\"icon-view\"><\/i><span class=\"overlay\"><\/span><img loading=\"lazy\" decoding=\"async\" width=\"150\" height=\"150\" src=\"https:\/\/zxdoll.com\/wp-content\/uploads\/2024\/09\/shakira-sex-doll-xMw76y13-150x150.jpg\" class=\"attachment-thumbnail size-thumbnail\" alt=\"\" title=\"\"><\/a><\/li><\/ul>\n<h4>Tablas de tallas<\/h4>\n<table width=\"332\">\n<tbody>\n<tr>\n<td width=\"143\">Material<\/td>\n<td width=\"189\">TPE<\/td>\n<\/tr>\n<tr>\n<td>Altura<\/td>\n<td>172cm<\/td>\n<\/tr>\n<tr>\n<td>Busto<\/td>\n<td>90cm<\/td>\n<\/tr>\n<tr>\n<td>Debajo del busto<\/td>\n<td>67cm<\/td>\n<\/tr>\n<tr>\n<td>Cintura<\/td>\n<td>58cm<\/td>\n<\/tr>\n<tr>\n<td>Cadera<\/td>\n<td>100cm<\/td>\n<\/tr>\n<tr>\n<td>Hombro<\/td>\n<td>38cm<\/td>\n<\/tr>\n<tr>\n<td>Largo del brazo<\/td>\n<td>52cm<\/td>\n<\/tr>\n<tr>\n<td>Palmera<\/td>\n<td>17cm<\/td>\n<\/tr>\n<tr>\n<td>Longitud de las piernas<\/td>\n<td>109cm<\/td>\n<\/tr>\n<tr>\n<td>Pie<\/td>\n<td>21cm<\/td>\n<\/tr>\n<tr>\n<td>Boca<\/td>\n<td>13cm<\/td>\n<\/tr>\n<tr>\n<td>Vagina<\/td>\n<td>18 cm<\/td>\n<\/tr>\n<tr>\n<td>Ano<\/td>\n<td>17cm<\/td>\n<\/tr>\n<tr>\n<td>Peso<\/td>\n<td>46,2 kilogramos<\/td>\n<\/tr>\n<\/tbody>\n<\/table>\n<h4>Acerca de la mu\u00f1eca sexual<\/h4>\n<p>&nbsp;<\/p>","protected":false},"excerpt":{"rendered":"<p>Im\u00e1genes de mu\u00f1ecas sexuales Tablas de tallas Material TPE Altura 172cm Busto 90cm Debajo del busto 67cm Cintura 58cm Cadera 100cm Hombro 38cm<\/p>","protected":false},"featured_media":184816,"comment_status":"open","ping_status":"closed","template":"","meta":[],"product_brand":[],"product_cat":[234,232,124,169,107,117,119],"product_tag":[],"class_list":{"0":"post-184804","1":"product","2":"type-product","3":"status-publish","4":"has-post-thumbnail","6":"product_cat-234","7":"product_cat-46kg-50kg","8":"product_cat-above-171cm-sex-dolls","9":"product_cat-sex-doll-on-sale","10":"product_cat-skinny-sex-dolls","11":"product_cat-small-breast-sex-doll","12":"product_cat-tpe-sex-doll","13":"pa_brand-jarliet-doll","14":"tm-has-options","16":"first","17":"instock","18":"sale","19":"shipping-taxable","20":"purchasable","21":"product-type-simple"},"_links":{"self":[{"href":"https:\/\/zxdoll.com\/es\/wp-json\/wp\/v2\/product\/184804","targetHints":{"allow":["GET"]}}],"collection":[{"href":"https:\/\/zxdoll.com\/es\/wp-json\/wp\/v2\/product"}],"about":[{"href":"https:\/\/zxdoll.com\/es\/wp-json\/wp\/v2\/types\/product"}],"replies":[{"embeddable":true,"href":"https:\/\/zxdoll.com\/es\/wp-json\/wp\/v2\/comments?post=184804"}],"version-history":[{"count":2,"href":"https:\/\/zxdoll.com\/es\/wp-json\/wp\/v2\/product\/184804\/revisions"}],"predecessor-version":[{"id":184829,"href":"https:\/\/zxdoll.com\/es\/wp-json\/wp\/v2\/product\/184804\/revisions\/184829"}],"wp:featuredmedia":[{"embeddable":true,"href":"https:\/\/zxdoll.com\/es\/wp-json\/wp\/v2\/media\/184816"}],"wp:attachment":[{"href":"https:\/\/zxdoll.com\/es\/wp-json\/wp\/v2\/media?parent=184804"}],"wp:term":[{"taxonomy":"product_brand","embeddable":true,"href":"https:\/\/zxdoll.com\/es\/wp-json\/wp\/v2\/product_brand?post=184804"},{"taxonomy":"product_cat","embeddable":true,"href":"https:\/\/zxdoll.com\/es\/wp-json\/wp\/v2\/product_cat?post=184804"},{"taxonomy":"product_tag","embeddable":true,"href":"https:\/\/zxdoll.com\/es\/wp-json\/wp\/v2\/product_tag?post=184804"}],"curies":[{"name":"wp","href":"https:\/\/api.w.org\/{rel}","templated":true}]}}