{"id":183585,"date":"2024-09-27T01:25:25","date_gmt":"2024-09-26T17:25:25","guid":{"rendered":"https:\/\/zxdoll.com\/?post_type=product&#038;p=183585"},"modified":"2024-10-02T23:37:20","modified_gmt":"2024-10-02T15:37:20","slug":"mummified-next-to-sex-doll","status":"publish","type":"product","link":"https:\/\/zxdoll.com\/es\/product\/mummified-next-to-sex-doll\/","title":{"rendered":"Mu\u00f1eca sexual momificada junto a opalina de 161 cm"},"content":{"rendered":"<h4><strong>Im\u00e1genes de mu\u00f1ecas sexuales<\/strong><\/h4>\n\t                <ul class=\"easy-image-gallery thumbnails-12 linked\">\r\n                    <li><a data-fancybox=\"gallery830\" href=\"https:\/\/zxdoll.com\/wp-content\/uploads\/2024\/09\/sex-jenny-doll-cSx13v1-533x800.jpg\" class=\"eig-popup\" title=\"\" data-caption=\"\" target=\"_blank\"><i class=\"icon-view\"><\/i><span class=\"overlay\"><\/span><img decoding=\"async\" width=\"150\" height=\"150\" src=\"https:\/\/zxdoll.com\/wp-content\/uploads\/2024\/09\/sex-jenny-doll-cSx13v1-150x150.jpg\" class=\"attachment-thumbnail size-thumbnail\" alt=\"\" title=\"\"><\/a><\/li><li><a data-fancybox=\"gallery830\" href=\"https:\/\/zxdoll.com\/wp-content\/uploads\/2024\/09\/sex-jenny-doll-cSx13v3-533x800.jpg\" class=\"eig-popup\" title=\"\" data-caption=\"\" target=\"_blank\"><i class=\"icon-view\"><\/i><span class=\"overlay\"><\/span><img decoding=\"async\" width=\"150\" height=\"150\" src=\"https:\/\/zxdoll.com\/wp-content\/uploads\/2024\/09\/sex-jenny-doll-cSx13v3-150x150.jpg\" class=\"attachment-thumbnail size-thumbnail\" alt=\"\" title=\"\"><\/a><\/li><li><a data-fancybox=\"gallery830\" href=\"https:\/\/zxdoll.com\/wp-content\/uploads\/2024\/09\/sex-jenny-doll-cSx13v4-533x800.jpg\" class=\"eig-popup\" title=\"\" data-caption=\"\" target=\"_blank\"><i class=\"icon-view\"><\/i><span class=\"overlay\"><\/span><img decoding=\"async\" width=\"150\" height=\"150\" src=\"https:\/\/zxdoll.com\/wp-content\/uploads\/2024\/09\/sex-jenny-doll-cSx13v4-150x150.jpg\" class=\"attachment-thumbnail size-thumbnail\" alt=\"\" title=\"\"><\/a><\/li><li><a data-fancybox=\"gallery830\" href=\"https:\/\/zxdoll.com\/wp-content\/uploads\/2024\/09\/sex-jenny-doll-cSx13v5-533x800.jpg\" class=\"eig-popup\" title=\"\" data-caption=\"\" target=\"_blank\"><i class=\"icon-view\"><\/i><span class=\"overlay\"><\/span><img loading=\"lazy\" decoding=\"async\" width=\"150\" height=\"150\" src=\"https:\/\/zxdoll.com\/wp-content\/uploads\/2024\/09\/sex-jenny-doll-cSx13v5-150x150.jpg\" class=\"attachment-thumbnail size-thumbnail\" alt=\"\" title=\"\"><\/a><\/li><li><a data-fancybox=\"gallery830\" href=\"https:\/\/zxdoll.com\/wp-content\/uploads\/2024\/09\/sex-jenny-doll-cSx13v6-533x800.jpg\" class=\"eig-popup\" title=\"\" data-caption=\"\" target=\"_blank\"><i class=\"icon-view\"><\/i><span class=\"overlay\"><\/span><img loading=\"lazy\" decoding=\"async\" width=\"150\" height=\"150\" src=\"https:\/\/zxdoll.com\/wp-content\/uploads\/2024\/09\/sex-jenny-doll-cSx13v6-150x150.jpg\" class=\"attachment-thumbnail size-thumbnail\" alt=\"\" title=\"\"><\/a><\/li><li><a data-fancybox=\"gallery830\" href=\"https:\/\/zxdoll.com\/wp-content\/uploads\/2024\/09\/sex-jenny-doll-cSx13v7-533x800.jpg\" class=\"eig-popup\" title=\"\" data-caption=\"\" target=\"_blank\"><i class=\"icon-view\"><\/i><span class=\"overlay\"><\/span><img loading=\"lazy\" decoding=\"async\" width=\"150\" height=\"150\" src=\"https:\/\/zxdoll.com\/wp-content\/uploads\/2024\/09\/sex-jenny-doll-cSx13v7-150x150.jpg\" class=\"attachment-thumbnail size-thumbnail\" alt=\"\" title=\"\"><\/a><\/li><li><a data-fancybox=\"gallery830\" href=\"https:\/\/zxdoll.com\/wp-content\/uploads\/2024\/09\/sex-jenny-doll-cSx13v8-533x800.jpg\" class=\"eig-popup\" title=\"\" data-caption=\"\" target=\"_blank\"><i class=\"icon-view\"><\/i><span class=\"overlay\"><\/span><img loading=\"lazy\" decoding=\"async\" width=\"150\" height=\"150\" src=\"https:\/\/zxdoll.com\/wp-content\/uploads\/2024\/09\/sex-jenny-doll-cSx13v8-150x150.jpg\" class=\"attachment-thumbnail size-thumbnail\" alt=\"\" title=\"\"><\/a><\/li><li><a data-fancybox=\"gallery830\" href=\"https:\/\/zxdoll.com\/wp-content\/uploads\/2024\/09\/sex-jenny-doll-cSx13v9-533x800.jpg\" class=\"eig-popup\" title=\"\" data-caption=\"\" target=\"_blank\"><i class=\"icon-view\"><\/i><span class=\"overlay\"><\/span><img loading=\"lazy\" decoding=\"async\" width=\"150\" height=\"150\" src=\"https:\/\/zxdoll.com\/wp-content\/uploads\/2024\/09\/sex-jenny-doll-cSx13v9-150x150.jpg\" class=\"attachment-thumbnail size-thumbnail\" alt=\"\" title=\"\"><\/a><\/li><li><a data-fancybox=\"gallery830\" href=\"https:\/\/zxdoll.com\/wp-content\/uploads\/2024\/09\/sex-jenny-doll-cSx13v10-533x800.jpg\" class=\"eig-popup\" title=\"\" data-caption=\"\" target=\"_blank\"><i class=\"icon-view\"><\/i><span class=\"overlay\"><\/span><img loading=\"lazy\" decoding=\"async\" width=\"150\" height=\"150\" src=\"https:\/\/zxdoll.com\/wp-content\/uploads\/2024\/09\/sex-jenny-doll-cSx13v10-150x150.jpg\" class=\"attachment-thumbnail size-thumbnail\" alt=\"\" title=\"\"><\/a><\/li><li><a data-fancybox=\"gallery830\" href=\"https:\/\/zxdoll.com\/wp-content\/uploads\/2024\/09\/sex-jenny-doll-cSx13v23-533x800.jpg\" class=\"eig-popup\" title=\"\" data-caption=\"\" target=\"_blank\"><i class=\"icon-view\"><\/i><span class=\"overlay\"><\/span><img loading=\"lazy\" decoding=\"async\" width=\"150\" height=\"150\" src=\"https:\/\/zxdoll.com\/wp-content\/uploads\/2024\/09\/sex-jenny-doll-cSx13v23-150x150.jpg\" class=\"attachment-thumbnail size-thumbnail\" alt=\"\" title=\"\"><\/a><\/li><li><a data-fancybox=\"gallery830\" href=\"https:\/\/zxdoll.com\/wp-content\/uploads\/2024\/09\/sex-jenny-doll-cSx13v24-533x800.jpg\" class=\"eig-popup\" title=\"\" data-caption=\"\" target=\"_blank\"><i class=\"icon-view\"><\/i><span class=\"overlay\"><\/span><img loading=\"lazy\" decoding=\"async\" width=\"150\" height=\"150\" src=\"https:\/\/zxdoll.com\/wp-content\/uploads\/2024\/09\/sex-jenny-doll-cSx13v24-150x150.jpg\" class=\"attachment-thumbnail size-thumbnail\" alt=\"\" title=\"\"><\/a><\/li><li><a data-fancybox=\"gallery830\" href=\"https:\/\/zxdoll.com\/wp-content\/uploads\/2024\/09\/sex-jenny-doll-cSx13v25-533x800.jpg\" class=\"eig-popup\" title=\"\" data-caption=\"\" target=\"_blank\"><i class=\"icon-view\"><\/i><span class=\"overlay\"><\/span><img loading=\"lazy\" decoding=\"async\" width=\"150\" height=\"150\" src=\"https:\/\/zxdoll.com\/wp-content\/uploads\/2024\/09\/sex-jenny-doll-cSx13v25-150x150.jpg\" class=\"attachment-thumbnail size-thumbnail\" alt=\"\" title=\"\"><\/a><\/li><\/ul>\n<h4>Tablas de tallas<\/h4>\n<table width=\"349\">\n<tbody>\n<tr>\n<td width=\"177\">Altura<\/td>\n<td width=\"172\">161cm<\/td>\n<\/tr>\n<tr>\n<td>Peso<\/td>\n<td>52kg<\/td>\n<\/tr>\n<tr>\n<td>Pechos<\/td>\n<td>109cm<\/td>\n<\/tr>\n<tr>\n<td>Debajo del busto<\/td>\n<td>81cm<\/td>\n<\/tr>\n<tr>\n<td>Cintura<\/td>\n<td>102cm<\/td>\n<\/tr>\n<tr>\n<td>Cadera<\/td>\n<td>125cm<\/td>\n<\/tr>\n<tr>\n<td>Hombro<\/td>\n<td>43cm<\/td>\n<\/tr>\n<tr>\n<td>Herm\u00e9tico<\/td>\n<td>66cm<\/td>\n<\/tr>\n<tr>\n<td>Pie<\/td>\n<td>23cm<\/td>\n<\/tr>\n<tr>\n<td>Vagina<\/td>\n<td>18 cm<\/td>\n<\/tr>\n<tr>\n<td>Ano<\/td>\n<td>17cm<\/td>\n<\/tr>\n<\/tbody>\n<\/table>\n<h4>Acerca de la mu\u00f1eca sexual<\/h4>\n<p>&nbsp;<\/p>","protected":false},"excerpt":{"rendered":"<p>Im\u00e1genes de mu\u00f1ecas sexuales Tablas de tallas Altura 161cm Peso 52kg Pechos 109cm Debajo del busto 81cm Cintura 102cm Cadera 125cm Hombro 43cm<\/p>","protected":false},"featured_media":183607,"comment_status":"open","ping_status":"closed","template":"","meta":[],"product_brand":[],"product_cat":[234,75,77,116,192,233,201],"product_tag":[],"class_list":{"0":"post-183585","1":"product","2":"type-product","3":"status-publish","4":"has-post-thumbnail","6":"product_cat-234","7":"product_cat-160cm-170cm-sex-dolls","8":"product_cat-bbw-sex-doll","9":"product_cat-big-boobs-sex-doll","10":"product_cat-hybrid-doll","11":"product_cat-over-51kg","12":"product_cat-ultimate-sex-doll","13":"pa_brand-starpery-doll","14":"tm-has-options","16":"first","17":"instock","18":"sale","19":"shipping-taxable","20":"purchasable","21":"product-type-simple"},"_links":{"self":[{"href":"https:\/\/zxdoll.com\/es\/wp-json\/wp\/v2\/product\/183585","targetHints":{"allow":["GET"]}}],"collection":[{"href":"https:\/\/zxdoll.com\/es\/wp-json\/wp\/v2\/product"}],"about":[{"href":"https:\/\/zxdoll.com\/es\/wp-json\/wp\/v2\/types\/product"}],"replies":[{"embeddable":true,"href":"https:\/\/zxdoll.com\/es\/wp-json\/wp\/v2\/comments?post=183585"}],"version-history":[{"count":2,"href":"https:\/\/zxdoll.com\/es\/wp-json\/wp\/v2\/product\/183585\/revisions"}],"predecessor-version":[{"id":183632,"href":"https:\/\/zxdoll.com\/es\/wp-json\/wp\/v2\/product\/183585\/revisions\/183632"}],"wp:featuredmedia":[{"embeddable":true,"href":"https:\/\/zxdoll.com\/es\/wp-json\/wp\/v2\/media\/183607"}],"wp:attachment":[{"href":"https:\/\/zxdoll.com\/es\/wp-json\/wp\/v2\/media?parent=183585"}],"wp:term":[{"taxonomy":"product_brand","embeddable":true,"href":"https:\/\/zxdoll.com\/es\/wp-json\/wp\/v2\/product_brand?post=183585"},{"taxonomy":"product_cat","embeddable":true,"href":"https:\/\/zxdoll.com\/es\/wp-json\/wp\/v2\/product_cat?post=183585"},{"taxonomy":"product_tag","embeddable":true,"href":"https:\/\/zxdoll.com\/es\/wp-json\/wp\/v2\/product_tag?post=183585"}],"curies":[{"name":"wp","href":"https:\/\/api.w.org\/{rel}","templated":true}]}}