{"id":181116,"date":"2024-09-25T15:13:24","date_gmt":"2024-09-25T07:13:24","guid":{"rendered":"https:\/\/zxdoll.com\/?post_type=product&#038;p=181116"},"modified":"2024-10-02T01:36:47","modified_gmt":"2024-10-01T17:36:47","slug":"hot-sex-doll-replaceable-vagina","status":"publish","type":"product","link":"https:\/\/zxdoll.com\/es\/product\/hot-sex-doll-replaceable-vagina\/","title":{"rendered":"Mu\u00f1eca sexual caliente con vagina reemplazable Malanie 171cm"},"content":{"rendered":"<h4><strong>Im\u00e1genes de mu\u00f1ecas sexuales<\/strong><\/h4>\n\t                <ul class=\"easy-image-gallery thumbnails-14 linked\">\r\n                    <li><a data-fancybox=\"gallery184\" href=\"https:\/\/zxdoll.com\/wp-content\/uploads\/2024\/09\/teeny-sex-doll-rYl25y1-533x800.jpg\" class=\"eig-popup\" title=\"\" data-caption=\"\" target=\"_blank\"><i class=\"icon-view\"><\/i><span class=\"overlay\"><\/span><img decoding=\"async\" width=\"150\" height=\"150\" src=\"https:\/\/zxdoll.com\/wp-content\/uploads\/2024\/09\/teeny-sex-doll-rYl25y1-150x150.jpg\" class=\"attachment-thumbnail size-thumbnail\" alt=\"\" title=\"\"><\/a><\/li><li><a data-fancybox=\"gallery184\" href=\"https:\/\/zxdoll.com\/wp-content\/uploads\/2024\/09\/teeny-sex-doll-rYl25y2-533x800.jpg\" class=\"eig-popup\" title=\"\" data-caption=\"\" target=\"_blank\"><i class=\"icon-view\"><\/i><span class=\"overlay\"><\/span><img decoding=\"async\" width=\"150\" height=\"150\" src=\"https:\/\/zxdoll.com\/wp-content\/uploads\/2024\/09\/teeny-sex-doll-rYl25y2-150x150.jpg\" class=\"attachment-thumbnail size-thumbnail\" alt=\"\" title=\"\"><\/a><\/li><li><a data-fancybox=\"gallery184\" href=\"https:\/\/zxdoll.com\/wp-content\/uploads\/2024\/09\/teeny-sex-doll-rYl25y3-533x800.jpg\" class=\"eig-popup\" title=\"\" data-caption=\"\" target=\"_blank\"><i class=\"icon-view\"><\/i><span class=\"overlay\"><\/span><img decoding=\"async\" width=\"150\" height=\"150\" src=\"https:\/\/zxdoll.com\/wp-content\/uploads\/2024\/09\/teeny-sex-doll-rYl25y3-150x150.jpg\" class=\"attachment-thumbnail size-thumbnail\" alt=\"\" title=\"\"><\/a><\/li><li><a data-fancybox=\"gallery184\" href=\"https:\/\/zxdoll.com\/wp-content\/uploads\/2024\/09\/teeny-sex-doll-rYl25y4-533x800.jpg\" class=\"eig-popup\" title=\"\" data-caption=\"\" target=\"_blank\"><i class=\"icon-view\"><\/i><span class=\"overlay\"><\/span><img loading=\"lazy\" decoding=\"async\" width=\"150\" height=\"150\" src=\"https:\/\/zxdoll.com\/wp-content\/uploads\/2024\/09\/teeny-sex-doll-rYl25y4-150x150.jpg\" class=\"attachment-thumbnail size-thumbnail\" alt=\"\" title=\"\"><\/a><\/li><li><a data-fancybox=\"gallery184\" href=\"https:\/\/zxdoll.com\/wp-content\/uploads\/2024\/09\/teeny-sex-doll-rYl25y5-533x800.jpg\" class=\"eig-popup\" title=\"\" data-caption=\"\" target=\"_blank\"><i class=\"icon-view\"><\/i><span class=\"overlay\"><\/span><img loading=\"lazy\" decoding=\"async\" width=\"150\" height=\"150\" src=\"https:\/\/zxdoll.com\/wp-content\/uploads\/2024\/09\/teeny-sex-doll-rYl25y5-150x150.jpg\" class=\"attachment-thumbnail size-thumbnail\" alt=\"\" title=\"\"><\/a><\/li><li><a data-fancybox=\"gallery184\" href=\"https:\/\/zxdoll.com\/wp-content\/uploads\/2024\/09\/teeny-sex-doll-rYl25y6-533x800.jpg\" class=\"eig-popup\" title=\"\" data-caption=\"\" target=\"_blank\"><i class=\"icon-view\"><\/i><span class=\"overlay\"><\/span><img loading=\"lazy\" decoding=\"async\" width=\"150\" height=\"150\" src=\"https:\/\/zxdoll.com\/wp-content\/uploads\/2024\/09\/teeny-sex-doll-rYl25y6-150x150.jpg\" class=\"attachment-thumbnail size-thumbnail\" alt=\"\" title=\"\"><\/a><\/li><li><a data-fancybox=\"gallery184\" href=\"https:\/\/zxdoll.com\/wp-content\/uploads\/2024\/09\/teeny-sex-doll-rYl25y7-533x800.jpg\" class=\"eig-popup\" title=\"\" data-caption=\"\" target=\"_blank\"><i class=\"icon-view\"><\/i><span class=\"overlay\"><\/span><img loading=\"lazy\" decoding=\"async\" width=\"150\" height=\"150\" src=\"https:\/\/zxdoll.com\/wp-content\/uploads\/2024\/09\/teeny-sex-doll-rYl25y7-150x150.jpg\" class=\"attachment-thumbnail size-thumbnail\" alt=\"\" title=\"\"><\/a><\/li><li><a data-fancybox=\"gallery184\" href=\"https:\/\/zxdoll.com\/wp-content\/uploads\/2024\/09\/teeny-sex-doll-rYl25y8-533x800.jpg\" class=\"eig-popup\" title=\"\" data-caption=\"\" target=\"_blank\"><i class=\"icon-view\"><\/i><span class=\"overlay\"><\/span><img loading=\"lazy\" decoding=\"async\" width=\"150\" height=\"150\" src=\"https:\/\/zxdoll.com\/wp-content\/uploads\/2024\/09\/teeny-sex-doll-rYl25y8-150x150.jpg\" class=\"attachment-thumbnail size-thumbnail\" alt=\"\" title=\"\"><\/a><\/li><li><a data-fancybox=\"gallery184\" href=\"https:\/\/zxdoll.com\/wp-content\/uploads\/2024\/09\/teeny-sex-doll-rYl25y9-533x800.jpg\" class=\"eig-popup\" title=\"\" data-caption=\"\" target=\"_blank\"><i class=\"icon-view\"><\/i><span class=\"overlay\"><\/span><img loading=\"lazy\" decoding=\"async\" width=\"150\" height=\"150\" src=\"https:\/\/zxdoll.com\/wp-content\/uploads\/2024\/09\/teeny-sex-doll-rYl25y9-150x150.jpg\" class=\"attachment-thumbnail size-thumbnail\" alt=\"\" title=\"\"><\/a><\/li><li><a data-fancybox=\"gallery184\" href=\"https:\/\/zxdoll.com\/wp-content\/uploads\/2024\/09\/teeny-sex-doll-rYl25y10-533x800.jpg\" class=\"eig-popup\" title=\"\" data-caption=\"\" target=\"_blank\"><i class=\"icon-view\"><\/i><span class=\"overlay\"><\/span><img loading=\"lazy\" decoding=\"async\" width=\"150\" height=\"150\" src=\"https:\/\/zxdoll.com\/wp-content\/uploads\/2024\/09\/teeny-sex-doll-rYl25y10-150x150.jpg\" class=\"attachment-thumbnail size-thumbnail\" alt=\"\" title=\"\"><\/a><\/li><li><a data-fancybox=\"gallery184\" href=\"https:\/\/zxdoll.com\/wp-content\/uploads\/2024\/09\/teeny-sex-doll-rYl25y12-533x800.jpg\" class=\"eig-popup\" title=\"\" data-caption=\"\" target=\"_blank\"><i class=\"icon-view\"><\/i><span class=\"overlay\"><\/span><img loading=\"lazy\" decoding=\"async\" width=\"150\" height=\"150\" src=\"https:\/\/zxdoll.com\/wp-content\/uploads\/2024\/09\/teeny-sex-doll-rYl25y12-150x150.jpg\" class=\"attachment-thumbnail size-thumbnail\" alt=\"\" title=\"\"><\/a><\/li><li><a data-fancybox=\"gallery184\" href=\"https:\/\/zxdoll.com\/wp-content\/uploads\/2024\/09\/teeny-sex-doll-rYl25y13-533x800.jpg\" class=\"eig-popup\" title=\"\" data-caption=\"\" target=\"_blank\"><i class=\"icon-view\"><\/i><span class=\"overlay\"><\/span><img loading=\"lazy\" decoding=\"async\" width=\"150\" height=\"150\" src=\"https:\/\/zxdoll.com\/wp-content\/uploads\/2024\/09\/teeny-sex-doll-rYl25y13-150x150.jpg\" class=\"attachment-thumbnail size-thumbnail\" alt=\"\" title=\"\"><\/a><\/li><li><a data-fancybox=\"gallery184\" href=\"https:\/\/zxdoll.com\/wp-content\/uploads\/2024\/09\/teeny-sex-doll-rYl25y14-533x800.jpg\" class=\"eig-popup\" title=\"\" data-caption=\"\" target=\"_blank\"><i class=\"icon-view\"><\/i><span class=\"overlay\"><\/span><img loading=\"lazy\" decoding=\"async\" width=\"150\" height=\"150\" src=\"https:\/\/zxdoll.com\/wp-content\/uploads\/2024\/09\/teeny-sex-doll-rYl25y14-150x150.jpg\" class=\"attachment-thumbnail size-thumbnail\" alt=\"\" title=\"\"><\/a><\/li><li><a data-fancybox=\"gallery184\" href=\"https:\/\/zxdoll.com\/wp-content\/uploads\/2024\/09\/teeny-sex-doll-rYl25y15-533x800.jpg\" class=\"eig-popup\" title=\"\" data-caption=\"\" target=\"_blank\"><i class=\"icon-view\"><\/i><span class=\"overlay\"><\/span><img loading=\"lazy\" decoding=\"async\" width=\"150\" height=\"150\" src=\"https:\/\/zxdoll.com\/wp-content\/uploads\/2024\/09\/teeny-sex-doll-rYl25y15-150x150.jpg\" class=\"attachment-thumbnail size-thumbnail\" alt=\"\" title=\"\"><\/a><\/li><\/ul>\n<h4>Tablas de tallas<\/h4>\n<table width=\"376\">\n<tbody>\n<tr>\n<td width=\"129\">Material<\/td>\n<td width=\"247\">Cabeza de silicona + cuerpo de TPE<\/td>\n<\/tr>\n<tr>\n<td>Altura<\/td>\n<td>Copa C de 171 cm<\/td>\n<\/tr>\n<tr>\n<td>Peso neto<\/td>\n<td>55kg<\/td>\n<\/tr>\n<tr>\n<td>Busto<\/td>\n<td>94cm<\/td>\n<\/tr>\n<tr>\n<td>Cintura<\/td>\n<td>70cm<\/td>\n<\/tr>\n<tr>\n<td>Cadera<\/td>\n<td>99cm<\/td>\n<\/tr>\n<tr>\n<td>Hombro<\/td>\n<td>40cm<\/td>\n<\/tr>\n<tr>\n<td>Brazo<\/td>\n<td>53cm<\/td>\n<\/tr>\n<tr>\n<td>Mano<\/td>\n<td>18 cm<\/td>\n<\/tr>\n<tr>\n<td>Pierna<\/td>\n<td>80cm<\/td>\n<\/tr>\n<tr>\n<td>Pie<\/td>\n<td>22cm<\/td>\n<\/tr>\n<tr>\n<td>Profundidad vaginal<\/td>\n<td>18 cm<\/td>\n<\/tr>\n<tr>\n<td>Profundidad anal<\/td>\n<td>17cm<\/td>\n<\/tr>\n<\/tbody>\n<\/table>\n<p>&nbsp;<\/p>\n<p>&nbsp;<\/p>\n<h4>Acerca de la mu\u00f1eca sexual<\/h4>\n<p>&nbsp;<\/p>","protected":false},"excerpt":{"rendered":"<p>Im\u00e1genes de mu\u00f1ecas sexuales Tablas de tallas Material Silicona Cabeza + Cuerpo TPE Altura 171cm Copa C Peso neto 55kg Busto 94cm<\/p>","protected":false},"featured_media":181118,"comment_status":"open","ping_status":"closed","template":"","meta":[],"product_brand":[],"product_cat":[234,124,224,192,233,107,117],"product_tag":[],"class_list":{"0":"post-181116","1":"product","2":"type-product","3":"status-publish","4":"has-post-thumbnail","6":"product_cat-234","7":"product_cat-above-171cm-sex-dolls","8":"product_cat-high-tech-sex-doll","9":"product_cat-hybrid-doll","10":"product_cat-over-51kg","11":"product_cat-skinny-sex-dolls","12":"product_cat-small-breast-sex-doll","13":"pa_brand-rosretty-doll","14":"tm-has-options","16":"first","17":"instock","18":"sale","19":"shipping-taxable","20":"purchasable","21":"product-type-simple"},"_links":{"self":[{"href":"https:\/\/zxdoll.com\/es\/wp-json\/wp\/v2\/product\/181116","targetHints":{"allow":["GET"]}}],"collection":[{"href":"https:\/\/zxdoll.com\/es\/wp-json\/wp\/v2\/product"}],"about":[{"href":"https:\/\/zxdoll.com\/es\/wp-json\/wp\/v2\/types\/product"}],"replies":[{"embeddable":true,"href":"https:\/\/zxdoll.com\/es\/wp-json\/wp\/v2\/comments?post=181116"}],"version-history":[{"count":3,"href":"https:\/\/zxdoll.com\/es\/wp-json\/wp\/v2\/product\/181116\/revisions"}],"predecessor-version":[{"id":186456,"href":"https:\/\/zxdoll.com\/es\/wp-json\/wp\/v2\/product\/181116\/revisions\/186456"}],"wp:featuredmedia":[{"embeddable":true,"href":"https:\/\/zxdoll.com\/es\/wp-json\/wp\/v2\/media\/181118"}],"wp:attachment":[{"href":"https:\/\/zxdoll.com\/es\/wp-json\/wp\/v2\/media?parent=181116"}],"wp:term":[{"taxonomy":"product_brand","embeddable":true,"href":"https:\/\/zxdoll.com\/es\/wp-json\/wp\/v2\/product_brand?post=181116"},{"taxonomy":"product_cat","embeddable":true,"href":"https:\/\/zxdoll.com\/es\/wp-json\/wp\/v2\/product_cat?post=181116"},{"taxonomy":"product_tag","embeddable":true,"href":"https:\/\/zxdoll.com\/es\/wp-json\/wp\/v2\/product_tag?post=181116"}],"curies":[{"name":"wp","href":"https:\/\/api.w.org\/{rel}","templated":true}]}}