{"id":178403,"date":"2024-09-23T02:33:09","date_gmt":"2024-09-22T18:33:09","guid":{"rendered":"https:\/\/zxdoll.com\/?post_type=product&#038;p=178403"},"modified":"2024-10-02T00:42:38","modified_gmt":"2024-10-01T16:42:38","slug":"summerknightz-twitter-sex-doll","status":"publish","type":"product","link":"https:\/\/zxdoll.com\/es\/product\/summerknightz-twitter-sex-doll\/","title":{"rendered":"Mu\u00f1eca sexual de Twitter Summerknightz Riane 157cm"},"content":{"rendered":"<h4><strong>Im\u00e1genes de mu\u00f1ecas sexuales<\/strong><\/h4>\n\t                <ul class=\"easy-image-gallery thumbnails-13 linked\">\r\n                    <li><a data-fancybox=\"gallery279\" href=\"https:\/\/zxdoll.com\/wp-content\/uploads\/2024\/09\/kanna-sex-doll-oIp28i1-533x800.jpg\" class=\"eig-popup\" title=\"\" data-caption=\"\" target=\"_blank\"><i class=\"icon-view\"><\/i><span class=\"overlay\"><\/span><img decoding=\"async\" width=\"150\" height=\"150\" src=\"https:\/\/zxdoll.com\/wp-content\/uploads\/2024\/09\/kanna-sex-doll-oIp28i1-150x150.jpg\" class=\"attachment-thumbnail size-thumbnail\" alt=\"\" title=\"\"><\/a><\/li><li><a data-fancybox=\"gallery279\" href=\"https:\/\/zxdoll.com\/wp-content\/uploads\/2024\/09\/kanna-sex-doll-oIp28i2-533x800.jpg\" class=\"eig-popup\" title=\"\" data-caption=\"\" target=\"_blank\"><i class=\"icon-view\"><\/i><span class=\"overlay\"><\/span><img decoding=\"async\" width=\"150\" height=\"150\" src=\"https:\/\/zxdoll.com\/wp-content\/uploads\/2024\/09\/kanna-sex-doll-oIp28i2-150x150.jpg\" class=\"attachment-thumbnail size-thumbnail\" alt=\"\" title=\"\"><\/a><\/li><li><a data-fancybox=\"gallery279\" href=\"https:\/\/zxdoll.com\/wp-content\/uploads\/2024\/09\/kanna-sex-doll-oIp28i3.jpg\" class=\"eig-popup\" title=\"\" data-caption=\"\" target=\"_blank\"><i class=\"icon-view\"><\/i><span class=\"overlay\"><\/span><img decoding=\"async\" width=\"150\" height=\"150\" src=\"https:\/\/zxdoll.com\/wp-content\/uploads\/2024\/09\/kanna-sex-doll-oIp28i3-150x150.jpg\" class=\"attachment-thumbnail size-thumbnail\" alt=\"\" title=\"\"><\/a><\/li><li><a data-fancybox=\"gallery279\" href=\"https:\/\/zxdoll.com\/wp-content\/uploads\/2024\/09\/kanna-sex-doll-oIp28i4-533x800.jpg\" class=\"eig-popup\" title=\"\" data-caption=\"\" target=\"_blank\"><i class=\"icon-view\"><\/i><span class=\"overlay\"><\/span><img loading=\"lazy\" decoding=\"async\" width=\"150\" height=\"150\" src=\"https:\/\/zxdoll.com\/wp-content\/uploads\/2024\/09\/kanna-sex-doll-oIp28i4-150x150.jpg\" class=\"attachment-thumbnail size-thumbnail\" alt=\"\" title=\"\"><\/a><\/li><li><a data-fancybox=\"gallery279\" href=\"https:\/\/zxdoll.com\/wp-content\/uploads\/2024\/09\/kanna-sex-doll-oIp28i5.jpg\" class=\"eig-popup\" title=\"\" data-caption=\"\" target=\"_blank\"><i class=\"icon-view\"><\/i><span class=\"overlay\"><\/span><img loading=\"lazy\" decoding=\"async\" width=\"150\" height=\"150\" src=\"https:\/\/zxdoll.com\/wp-content\/uploads\/2024\/09\/kanna-sex-doll-oIp28i5-150x150.jpg\" class=\"attachment-thumbnail size-thumbnail\" alt=\"\" title=\"\"><\/a><\/li><li><a data-fancybox=\"gallery279\" href=\"https:\/\/zxdoll.com\/wp-content\/uploads\/2024\/09\/kanna-sex-doll-oIp28i6-533x800.jpg\" class=\"eig-popup\" title=\"\" data-caption=\"\" target=\"_blank\"><i class=\"icon-view\"><\/i><span class=\"overlay\"><\/span><img loading=\"lazy\" decoding=\"async\" width=\"150\" height=\"150\" src=\"https:\/\/zxdoll.com\/wp-content\/uploads\/2024\/09\/kanna-sex-doll-oIp28i6-150x150.jpg\" class=\"attachment-thumbnail size-thumbnail\" alt=\"\" title=\"\"><\/a><\/li><li><a data-fancybox=\"gallery279\" href=\"https:\/\/zxdoll.com\/wp-content\/uploads\/2024\/09\/kanna-sex-doll-oIp28i7-533x800.jpg\" class=\"eig-popup\" title=\"\" data-caption=\"\" target=\"_blank\"><i class=\"icon-view\"><\/i><span class=\"overlay\"><\/span><img loading=\"lazy\" decoding=\"async\" width=\"150\" height=\"150\" src=\"https:\/\/zxdoll.com\/wp-content\/uploads\/2024\/09\/kanna-sex-doll-oIp28i7-150x150.jpg\" class=\"attachment-thumbnail size-thumbnail\" alt=\"\" title=\"\"><\/a><\/li><li><a data-fancybox=\"gallery279\" href=\"https:\/\/zxdoll.com\/wp-content\/uploads\/2024\/09\/kanna-sex-doll-oIp28i8.jpg\" class=\"eig-popup\" title=\"\" data-caption=\"\" target=\"_blank\"><i class=\"icon-view\"><\/i><span class=\"overlay\"><\/span><img loading=\"lazy\" decoding=\"async\" width=\"150\" height=\"150\" src=\"https:\/\/zxdoll.com\/wp-content\/uploads\/2024\/09\/kanna-sex-doll-oIp28i8-150x150.jpg\" class=\"attachment-thumbnail size-thumbnail\" alt=\"\" title=\"\"><\/a><\/li><li><a data-fancybox=\"gallery279\" href=\"https:\/\/zxdoll.com\/wp-content\/uploads\/2024\/09\/kanna-sex-doll-oIp28i12-1-533x800.jpg\" class=\"eig-popup\" title=\"\" data-caption=\"\" target=\"_blank\"><i class=\"icon-view\"><\/i><span class=\"overlay\"><\/span><img loading=\"lazy\" decoding=\"async\" width=\"150\" height=\"150\" src=\"https:\/\/zxdoll.com\/wp-content\/uploads\/2024\/09\/kanna-sex-doll-oIp28i12-1-150x150.jpg\" class=\"attachment-thumbnail size-thumbnail\" alt=\"\" title=\"\"><\/a><\/li><li><a data-fancybox=\"gallery279\" href=\"https:\/\/zxdoll.com\/wp-content\/uploads\/2024\/09\/kanna-sex-doll-oIp28i13.jpg\" class=\"eig-popup\" title=\"\" data-caption=\"\" target=\"_blank\"><i class=\"icon-view\"><\/i><span class=\"overlay\"><\/span><img loading=\"lazy\" decoding=\"async\" width=\"150\" height=\"150\" src=\"https:\/\/zxdoll.com\/wp-content\/uploads\/2024\/09\/kanna-sex-doll-oIp28i13-150x150.jpg\" class=\"attachment-thumbnail size-thumbnail\" alt=\"\" title=\"\"><\/a><\/li><li><a data-fancybox=\"gallery279\" href=\"https:\/\/zxdoll.com\/wp-content\/uploads\/2024\/09\/kanna-sex-doll-oIp28i14-533x800.jpg\" class=\"eig-popup\" title=\"\" data-caption=\"\" target=\"_blank\"><i class=\"icon-view\"><\/i><span class=\"overlay\"><\/span><img loading=\"lazy\" decoding=\"async\" width=\"150\" height=\"150\" src=\"https:\/\/zxdoll.com\/wp-content\/uploads\/2024\/09\/kanna-sex-doll-oIp28i14-150x150.jpg\" class=\"attachment-thumbnail size-thumbnail\" alt=\"\" title=\"\"><\/a><\/li><li><a data-fancybox=\"gallery279\" href=\"https:\/\/zxdoll.com\/wp-content\/uploads\/2024\/09\/kanna-sex-doll-oIp28i15.jpg\" class=\"eig-popup\" title=\"\" data-caption=\"\" target=\"_blank\"><i class=\"icon-view\"><\/i><span class=\"overlay\"><\/span><img loading=\"lazy\" decoding=\"async\" width=\"150\" height=\"150\" src=\"https:\/\/zxdoll.com\/wp-content\/uploads\/2024\/09\/kanna-sex-doll-oIp28i15-150x150.jpg\" class=\"attachment-thumbnail size-thumbnail\" alt=\"\" title=\"\"><\/a><\/li><li><a data-fancybox=\"gallery279\" href=\"https:\/\/zxdoll.com\/wp-content\/uploads\/2024\/09\/kanna-sex-doll-oIp28i17-533x800.jpg\" class=\"eig-popup\" title=\"\" data-caption=\"\" target=\"_blank\"><i class=\"icon-view\"><\/i><span class=\"overlay\"><\/span><img loading=\"lazy\" decoding=\"async\" width=\"150\" height=\"150\" src=\"https:\/\/zxdoll.com\/wp-content\/uploads\/2024\/09\/kanna-sex-doll-oIp28i17-150x150.jpg\" class=\"attachment-thumbnail size-thumbnail\" alt=\"\" title=\"\"><\/a><\/li><\/ul>\n<h4>Tablas de tallas<\/h4>\n<table width=\"376\">\n<tbody>\n<tr>\n<td width=\"129\">Material<\/td>\n<td width=\"247\">Cabeza de silicona + cuerpo de TPE<\/td>\n<\/tr>\n<tr>\n<td>Altura<\/td>\n<td>157cm<\/td>\n<\/tr>\n<tr>\n<td>Parte superior del pecho<\/td>\n<td>87cm<\/td>\n<\/tr>\n<tr>\n<td>Pecho inferior<\/td>\n<td>71cm<\/td>\n<\/tr>\n<tr>\n<td>Cintura<\/td>\n<td>60cm<\/td>\n<\/tr>\n<tr>\n<td>Cadera<\/td>\n<td>87cm<\/td>\n<\/tr>\n<tr>\n<td>Hombro<\/td>\n<td>35cm<\/td>\n<\/tr>\n<tr>\n<td>Longitud de las piernas<\/td>\n<td>89cm<\/td>\n<\/tr>\n<tr>\n<td>Herm\u00e9tico<\/td>\n<td>52cm<\/td>\n<\/tr>\n<tr>\n<td>Largo del brazo<\/td>\n<td>68cm<\/td>\n<\/tr>\n<tr>\n<td>\u00danico<\/td>\n<td>22cm<\/td>\n<\/tr>\n<tr>\n<td>Peso neto<\/td>\n<td>38kg<\/td>\n<\/tr>\n<tr>\n<td>Profundidad bucal<\/td>\n<td>12cm<\/td>\n<\/tr>\n<tr>\n<td>Profundidad de la vagina<\/td>\n<td>18 cm<\/td>\n<\/tr>\n<tr>\n<td>Profundidad del ano<\/td>\n<td>15cm<\/td>\n<\/tr>\n<\/tbody>\n<\/table>\n<h4>Acerca de la mu\u00f1eca sexual<\/h4>\n<p>&nbsp;<\/p>","protected":false},"excerpt":{"rendered":"<p>Im\u00e1genes de mu\u00f1ecas sexuales Tablas de tallas Material Cabeza de silicona + cuerpo de TPE Altura 157 cm Pecho superior 87 cm Pecho inferior 71 cm Cintura<\/p>","protected":false},"featured_media":178416,"comment_status":"open","ping_status":"closed","template":"","meta":[],"product_brand":[],"product_cat":[234,112,230,80,192,222,107,117],"product_tag":[],"class_list":{"0":"post-178403","1":"product","2":"type-product","3":"status-publish","4":"has-post-thumbnail","6":"product_cat-234","7":"product_cat-150cm-159cm-sex-dolls","8":"product_cat-36kg-40kg","9":"product_cat-asian-sex-doll","10":"product_cat-hybrid-doll","11":"product_cat-lust-sex-doll","12":"product_cat-skinny-sex-dolls","13":"product_cat-small-breast-sex-doll","14":"pa_brand-climax-doll","15":"tm-has-options","17":"first","18":"instock","19":"sale","20":"shipping-taxable","21":"purchasable","22":"product-type-simple"},"_links":{"self":[{"href":"https:\/\/zxdoll.com\/es\/wp-json\/wp\/v2\/product\/178403","targetHints":{"allow":["GET"]}}],"collection":[{"href":"https:\/\/zxdoll.com\/es\/wp-json\/wp\/v2\/product"}],"about":[{"href":"https:\/\/zxdoll.com\/es\/wp-json\/wp\/v2\/types\/product"}],"replies":[{"embeddable":true,"href":"https:\/\/zxdoll.com\/es\/wp-json\/wp\/v2\/comments?post=178403"}],"version-history":[{"count":2,"href":"https:\/\/zxdoll.com\/es\/wp-json\/wp\/v2\/product\/178403\/revisions"}],"predecessor-version":[{"id":178444,"href":"https:\/\/zxdoll.com\/es\/wp-json\/wp\/v2\/product\/178403\/revisions\/178444"}],"wp:featuredmedia":[{"embeddable":true,"href":"https:\/\/zxdoll.com\/es\/wp-json\/wp\/v2\/media\/178416"}],"wp:attachment":[{"href":"https:\/\/zxdoll.com\/es\/wp-json\/wp\/v2\/media?parent=178403"}],"wp:term":[{"taxonomy":"product_brand","embeddable":true,"href":"https:\/\/zxdoll.com\/es\/wp-json\/wp\/v2\/product_brand?post=178403"},{"taxonomy":"product_cat","embeddable":true,"href":"https:\/\/zxdoll.com\/es\/wp-json\/wp\/v2\/product_cat?post=178403"},{"taxonomy":"product_tag","embeddable":true,"href":"https:\/\/zxdoll.com\/es\/wp-json\/wp\/v2\/product_tag?post=178403"}],"curies":[{"name":"wp","href":"https:\/\/api.w.org\/{rel}","templated":true}]}}