{"id":173127,"date":"2024-09-19T16:25:33","date_gmt":"2024-09-19T08:25:33","guid":{"rendered":"https:\/\/zxdoll.com\/?post_type=product&#038;p=173127"},"modified":"2024-10-01T04:44:36","modified_gmt":"2024-09-30T20:44:36","slug":"lifelike-hot-sex-doll-selena","status":"publish","type":"product","link":"https:\/\/zxdoll.com\/es\/product\/lifelike-hot-sex-doll-selena\/","title":{"rendered":"Mu\u00f1eca sexual realista y caliente Selena Doris 162cm"},"content":{"rendered":"<h4><strong>Im\u00e1genes de mu\u00f1ecas sexuales<\/strong><\/h4>\n\t                <ul class=\"easy-image-gallery thumbnails-22 linked\">\r\n                    <li><a data-fancybox=\"gallery615\" href=\"https:\/\/zxdoll.com\/wp-content\/uploads\/2024\/09\/doll-sex-vedio-gMi94l1-533x800.jpg\" class=\"eig-popup\" title=\"\" data-caption=\"\" target=\"_blank\"><i class=\"icon-view\"><\/i><span class=\"overlay\"><\/span><img decoding=\"async\" width=\"150\" height=\"150\" src=\"https:\/\/zxdoll.com\/wp-content\/uploads\/2024\/09\/doll-sex-vedio-gMi94l1-150x150.jpg\" class=\"attachment-thumbnail size-thumbnail\" alt=\"\" title=\"\"><\/a><\/li><li><a data-fancybox=\"gallery615\" href=\"https:\/\/zxdoll.com\/wp-content\/uploads\/2024\/09\/doll-sex-vedio-gMi94l2-533x800.jpg\" class=\"eig-popup\" title=\"\" data-caption=\"\" target=\"_blank\"><i class=\"icon-view\"><\/i><span class=\"overlay\"><\/span><img decoding=\"async\" width=\"150\" height=\"150\" src=\"https:\/\/zxdoll.com\/wp-content\/uploads\/2024\/09\/doll-sex-vedio-gMi94l2-150x150.jpg\" class=\"attachment-thumbnail size-thumbnail\" alt=\"\" title=\"\"><\/a><\/li><li><a data-fancybox=\"gallery615\" href=\"https:\/\/zxdoll.com\/wp-content\/uploads\/2024\/09\/doll-sex-vedio-gMi94l3-533x800.jpg\" class=\"eig-popup\" title=\"\" data-caption=\"\" target=\"_blank\"><i class=\"icon-view\"><\/i><span class=\"overlay\"><\/span><img decoding=\"async\" width=\"150\" height=\"150\" src=\"https:\/\/zxdoll.com\/wp-content\/uploads\/2024\/09\/doll-sex-vedio-gMi94l3-150x150.jpg\" class=\"attachment-thumbnail size-thumbnail\" alt=\"\" title=\"\"><\/a><\/li><li><a data-fancybox=\"gallery615\" href=\"https:\/\/zxdoll.com\/wp-content\/uploads\/2024\/09\/doll-sex-vedio-gMi94l4-533x800.jpg\" class=\"eig-popup\" title=\"\" data-caption=\"\" target=\"_blank\"><i class=\"icon-view\"><\/i><span class=\"overlay\"><\/span><img loading=\"lazy\" decoding=\"async\" width=\"150\" height=\"150\" src=\"https:\/\/zxdoll.com\/wp-content\/uploads\/2024\/09\/doll-sex-vedio-gMi94l4-150x150.jpg\" class=\"attachment-thumbnail size-thumbnail\" alt=\"\" title=\"\"><\/a><\/li><li><a data-fancybox=\"gallery615\" href=\"https:\/\/zxdoll.com\/wp-content\/uploads\/2024\/09\/doll-sex-vedio-gMi94l5-533x800.jpg\" class=\"eig-popup\" title=\"\" data-caption=\"\" target=\"_blank\"><i class=\"icon-view\"><\/i><span class=\"overlay\"><\/span><img loading=\"lazy\" decoding=\"async\" width=\"150\" height=\"150\" src=\"https:\/\/zxdoll.com\/wp-content\/uploads\/2024\/09\/doll-sex-vedio-gMi94l5-150x150.jpg\" class=\"attachment-thumbnail size-thumbnail\" alt=\"\" title=\"\"><\/a><\/li><li><a data-fancybox=\"gallery615\" href=\"https:\/\/zxdoll.com\/wp-content\/uploads\/2024\/09\/doll-sex-vedio-gMi94l6.jpg\" class=\"eig-popup\" title=\"\" data-caption=\"\" target=\"_blank\"><i class=\"icon-view\"><\/i><span class=\"overlay\"><\/span><img loading=\"lazy\" decoding=\"async\" width=\"150\" height=\"150\" src=\"https:\/\/zxdoll.com\/wp-content\/uploads\/2024\/09\/doll-sex-vedio-gMi94l6-150x150.jpg\" class=\"attachment-thumbnail size-thumbnail\" alt=\"\" title=\"\"><\/a><\/li><li><a data-fancybox=\"gallery615\" href=\"https:\/\/zxdoll.com\/wp-content\/uploads\/2024\/09\/doll-sex-vedio-gMi94l7-533x800.jpg\" class=\"eig-popup\" title=\"\" data-caption=\"\" target=\"_blank\"><i class=\"icon-view\"><\/i><span class=\"overlay\"><\/span><img loading=\"lazy\" decoding=\"async\" width=\"150\" height=\"150\" src=\"https:\/\/zxdoll.com\/wp-content\/uploads\/2024\/09\/doll-sex-vedio-gMi94l7-150x150.jpg\" class=\"attachment-thumbnail size-thumbnail\" alt=\"\" title=\"\"><\/a><\/li><li><a data-fancybox=\"gallery615\" href=\"https:\/\/zxdoll.com\/wp-content\/uploads\/2024\/09\/doll-sex-vedio-gMi94l8-533x800.jpg\" class=\"eig-popup\" title=\"\" data-caption=\"\" target=\"_blank\"><i class=\"icon-view\"><\/i><span class=\"overlay\"><\/span><img loading=\"lazy\" decoding=\"async\" width=\"150\" height=\"150\" src=\"https:\/\/zxdoll.com\/wp-content\/uploads\/2024\/09\/doll-sex-vedio-gMi94l8-150x150.jpg\" class=\"attachment-thumbnail size-thumbnail\" alt=\"\" title=\"\"><\/a><\/li><li><a data-fancybox=\"gallery615\" href=\"https:\/\/zxdoll.com\/wp-content\/uploads\/2024\/09\/doll-sex-vedio-gMi94l9-533x800.jpg\" class=\"eig-popup\" title=\"\" data-caption=\"\" target=\"_blank\"><i class=\"icon-view\"><\/i><span class=\"overlay\"><\/span><img loading=\"lazy\" decoding=\"async\" width=\"150\" height=\"150\" src=\"https:\/\/zxdoll.com\/wp-content\/uploads\/2024\/09\/doll-sex-vedio-gMi94l9-150x150.jpg\" class=\"attachment-thumbnail size-thumbnail\" alt=\"\" title=\"\"><\/a><\/li><li><a data-fancybox=\"gallery615\" href=\"https:\/\/zxdoll.com\/wp-content\/uploads\/2024\/09\/doll-sex-vedio-gMi94l10.jpg\" class=\"eig-popup\" title=\"\" data-caption=\"\" target=\"_blank\"><i class=\"icon-view\"><\/i><span class=\"overlay\"><\/span><img loading=\"lazy\" decoding=\"async\" width=\"150\" height=\"150\" src=\"https:\/\/zxdoll.com\/wp-content\/uploads\/2024\/09\/doll-sex-vedio-gMi94l10-150x150.jpg\" class=\"attachment-thumbnail size-thumbnail\" alt=\"\" title=\"\"><\/a><\/li><li><a data-fancybox=\"gallery615\" href=\"https:\/\/zxdoll.com\/wp-content\/uploads\/2024\/09\/doll-sex-vedio-gMi94l11-533x800.jpg\" class=\"eig-popup\" title=\"\" data-caption=\"\" target=\"_blank\"><i class=\"icon-view\"><\/i><span class=\"overlay\"><\/span><img loading=\"lazy\" decoding=\"async\" width=\"150\" height=\"150\" src=\"https:\/\/zxdoll.com\/wp-content\/uploads\/2024\/09\/doll-sex-vedio-gMi94l11-150x150.jpg\" class=\"attachment-thumbnail size-thumbnail\" alt=\"\" title=\"\"><\/a><\/li><li><a data-fancybox=\"gallery615\" href=\"https:\/\/zxdoll.com\/wp-content\/uploads\/2024\/09\/doll-sex-vedio-gMi94l12-533x800.jpg\" class=\"eig-popup\" title=\"\" data-caption=\"\" target=\"_blank\"><i class=\"icon-view\"><\/i><span class=\"overlay\"><\/span><img loading=\"lazy\" decoding=\"async\" width=\"150\" height=\"150\" src=\"https:\/\/zxdoll.com\/wp-content\/uploads\/2024\/09\/doll-sex-vedio-gMi94l12-150x150.jpg\" class=\"attachment-thumbnail size-thumbnail\" alt=\"\" title=\"\"><\/a><\/li><li><a data-fancybox=\"gallery615\" href=\"https:\/\/zxdoll.com\/wp-content\/uploads\/2024\/09\/doll-sex-vedio-gMi94l13-533x800.jpg\" class=\"eig-popup\" title=\"\" data-caption=\"\" target=\"_blank\"><i class=\"icon-view\"><\/i><span class=\"overlay\"><\/span><img loading=\"lazy\" decoding=\"async\" width=\"150\" height=\"150\" src=\"https:\/\/zxdoll.com\/wp-content\/uploads\/2024\/09\/doll-sex-vedio-gMi94l13-150x150.jpg\" class=\"attachment-thumbnail size-thumbnail\" alt=\"\" title=\"\"><\/a><\/li><li><a data-fancybox=\"gallery615\" href=\"https:\/\/zxdoll.com\/wp-content\/uploads\/2024\/09\/doll-sex-vedio-gMi94l14-533x800.jpg\" class=\"eig-popup\" title=\"\" data-caption=\"\" target=\"_blank\"><i class=\"icon-view\"><\/i><span class=\"overlay\"><\/span><img loading=\"lazy\" decoding=\"async\" width=\"150\" height=\"150\" src=\"https:\/\/zxdoll.com\/wp-content\/uploads\/2024\/09\/doll-sex-vedio-gMi94l14-150x150.jpg\" class=\"attachment-thumbnail size-thumbnail\" alt=\"\" title=\"\"><\/a><\/li><li><a data-fancybox=\"gallery615\" href=\"https:\/\/zxdoll.com\/wp-content\/uploads\/2024\/09\/doll-sex-vedio-gMi94l16-533x800.jpg\" class=\"eig-popup\" title=\"\" data-caption=\"\" target=\"_blank\"><i class=\"icon-view\"><\/i><span class=\"overlay\"><\/span><img loading=\"lazy\" decoding=\"async\" width=\"150\" height=\"150\" src=\"https:\/\/zxdoll.com\/wp-content\/uploads\/2024\/09\/doll-sex-vedio-gMi94l16-150x150.jpg\" class=\"attachment-thumbnail size-thumbnail\" alt=\"\" title=\"\"><\/a><\/li><li><a data-fancybox=\"gallery615\" href=\"https:\/\/zxdoll.com\/wp-content\/uploads\/2024\/09\/doll-sex-vedio-gMi94l17-533x800.jpg\" class=\"eig-popup\" title=\"\" data-caption=\"\" target=\"_blank\"><i class=\"icon-view\"><\/i><span class=\"overlay\"><\/span><img loading=\"lazy\" decoding=\"async\" width=\"150\" height=\"150\" src=\"https:\/\/zxdoll.com\/wp-content\/uploads\/2024\/09\/doll-sex-vedio-gMi94l17-150x150.jpg\" class=\"attachment-thumbnail size-thumbnail\" alt=\"\" title=\"\"><\/a><\/li><li><a data-fancybox=\"gallery615\" href=\"https:\/\/zxdoll.com\/wp-content\/uploads\/2024\/09\/doll-sex-vedio-gMi94l18-533x800.jpg\" class=\"eig-popup\" title=\"\" data-caption=\"\" target=\"_blank\"><i class=\"icon-view\"><\/i><span class=\"overlay\"><\/span><img loading=\"lazy\" decoding=\"async\" width=\"150\" height=\"150\" src=\"https:\/\/zxdoll.com\/wp-content\/uploads\/2024\/09\/doll-sex-vedio-gMi94l18-150x150.jpg\" class=\"attachment-thumbnail size-thumbnail\" alt=\"\" title=\"\"><\/a><\/li><li><a data-fancybox=\"gallery615\" href=\"https:\/\/zxdoll.com\/wp-content\/uploads\/2024\/09\/doll-sex-vedio-gMi94l19-533x800.jpg\" class=\"eig-popup\" title=\"\" data-caption=\"\" target=\"_blank\"><i class=\"icon-view\"><\/i><span class=\"overlay\"><\/span><img loading=\"lazy\" decoding=\"async\" width=\"150\" height=\"150\" src=\"https:\/\/zxdoll.com\/wp-content\/uploads\/2024\/09\/doll-sex-vedio-gMi94l19-150x150.jpg\" class=\"attachment-thumbnail size-thumbnail\" alt=\"\" title=\"\"><\/a><\/li><li><a data-fancybox=\"gallery615\" href=\"https:\/\/zxdoll.com\/wp-content\/uploads\/2024\/09\/doll-sex-vedio-gMi94l20-533x800.jpg\" class=\"eig-popup\" title=\"\" data-caption=\"\" target=\"_blank\"><i class=\"icon-view\"><\/i><span class=\"overlay\"><\/span><img loading=\"lazy\" decoding=\"async\" width=\"150\" height=\"150\" src=\"https:\/\/zxdoll.com\/wp-content\/uploads\/2024\/09\/doll-sex-vedio-gMi94l20-150x150.jpg\" class=\"attachment-thumbnail size-thumbnail\" alt=\"\" title=\"\"><\/a><\/li><li><a data-fancybox=\"gallery615\" href=\"https:\/\/zxdoll.com\/wp-content\/uploads\/2024\/09\/doll-sex-vedio-gMi94l21-533x800.jpg\" class=\"eig-popup\" title=\"\" data-caption=\"\" target=\"_blank\"><i class=\"icon-view\"><\/i><span class=\"overlay\"><\/span><img loading=\"lazy\" decoding=\"async\" width=\"150\" height=\"150\" src=\"https:\/\/zxdoll.com\/wp-content\/uploads\/2024\/09\/doll-sex-vedio-gMi94l21-150x150.jpg\" class=\"attachment-thumbnail size-thumbnail\" alt=\"\" title=\"\"><\/a><\/li><li><a data-fancybox=\"gallery615\" href=\"https:\/\/zxdoll.com\/wp-content\/uploads\/2024\/09\/doll-sex-vedio-gMi94l22-533x800.jpg\" class=\"eig-popup\" title=\"\" data-caption=\"\" target=\"_blank\"><i class=\"icon-view\"><\/i><span class=\"overlay\"><\/span><img loading=\"lazy\" decoding=\"async\" width=\"150\" height=\"150\" src=\"https:\/\/zxdoll.com\/wp-content\/uploads\/2024\/09\/doll-sex-vedio-gMi94l22-150x150.jpg\" class=\"attachment-thumbnail size-thumbnail\" alt=\"\" title=\"\"><\/a><\/li><li><a data-fancybox=\"gallery615\" href=\"https:\/\/zxdoll.com\/wp-content\/uploads\/2024\/09\/doll-sex-vedio-gMi94l23-533x800.jpg\" class=\"eig-popup\" title=\"\" data-caption=\"\" target=\"_blank\"><i class=\"icon-view\"><\/i><span class=\"overlay\"><\/span><img loading=\"lazy\" decoding=\"async\" width=\"150\" height=\"150\" src=\"https:\/\/zxdoll.com\/wp-content\/uploads\/2024\/09\/doll-sex-vedio-gMi94l23-150x150.jpg\" class=\"attachment-thumbnail size-thumbnail\" alt=\"\" title=\"\"><\/a><\/li><\/ul>\n<h4>Tablas de tallas<\/h4>\n<table width=\"349\">\n<tbody>\n<tr>\n<td width=\"210\">Material<\/td>\n<td width=\"139\">Silicona completa<\/td>\n<\/tr>\n<tr>\n<td>Altura<\/td>\n<td>162cm<\/td>\n<\/tr>\n<tr>\n<td>Mama<\/td>\n<td>94cm<\/td>\n<\/tr>\n<tr>\n<td>debajo del pecho<\/td>\n<td>64cm<\/td>\n<\/tr>\n<tr>\n<td>Cintura<\/td>\n<td>60cm<\/td>\n<\/tr>\n<tr>\n<td>Cadera<\/td>\n<td>100cm<\/td>\n<\/tr>\n<tr>\n<td>Largo del brazo<\/td>\n<td>63cm<\/td>\n<\/tr>\n<tr>\n<td>Ancho de hombro<\/td>\n<td>39cm<\/td>\n<\/tr>\n<tr>\n<td>Longitud de las piernas<\/td>\n<td>81cm<\/td>\n<\/tr>\n<tr>\n<td>Tama\u00f1o de los pies<\/td>\n<td>21cm<\/td>\n<\/tr>\n<tr>\n<td>Profundidad oral (solo cabeza blanda)<\/td>\n<td>12cm<\/td>\n<\/tr>\n<tr>\n<td>Profundidad vaginal<\/td>\n<td>18 cm<\/td>\n<\/tr>\n<tr>\n<td>Profundidad anal<\/td>\n<td>16cm<\/td>\n<\/tr>\n<tr>\n<td>Peso neto<\/td>\n<td>38kg<\/td>\n<\/tr>\n<\/tbody>\n<\/table>\n<p>&nbsp;<\/p>\n<h4>Acerca de la mu\u00f1eca sexual<\/h4>\n<p>&nbsp;<\/p>","protected":false},"excerpt":{"rendered":"<p>Im\u00e1genes de mu\u00f1ecas sexuales Tablas de tama\u00f1os Material Silicona completa Altura 162 cm Pecho 94 cm Debajo del pecho 64 cm Cintura 60 cm Cadera 100 cm Brazo<\/p>","protected":false},"featured_media":173164,"comment_status":"open","ping_status":"closed","template":"","meta":[],"product_brand":[],"product_cat":[234,75,230,80,116,166,110,107],"product_tag":[],"class_list":{"0":"post-173127","1":"product","2":"type-product","3":"status-publish","4":"has-post-thumbnail","6":"product_cat-234","7":"product_cat-160cm-170cm-sex-dolls","8":"product_cat-36kg-40kg","9":"product_cat-asian-sex-doll","10":"product_cat-big-boobs-sex-doll","11":"product_cat-sexy-sex-dolls","12":"product_cat-silicone-sex-doll","13":"product_cat-skinny-sex-dolls","14":"pa_brand-irontech-doll","15":"tm-has-options","17":"first","18":"instock","19":"sale","20":"shipping-taxable","21":"purchasable","22":"product-type-simple"},"_links":{"self":[{"href":"https:\/\/zxdoll.com\/es\/wp-json\/wp\/v2\/product\/173127","targetHints":{"allow":["GET"]}}],"collection":[{"href":"https:\/\/zxdoll.com\/es\/wp-json\/wp\/v2\/product"}],"about":[{"href":"https:\/\/zxdoll.com\/es\/wp-json\/wp\/v2\/types\/product"}],"replies":[{"embeddable":true,"href":"https:\/\/zxdoll.com\/es\/wp-json\/wp\/v2\/comments?post=173127"}],"version-history":[{"count":3,"href":"https:\/\/zxdoll.com\/es\/wp-json\/wp\/v2\/product\/173127\/revisions"}],"predecessor-version":[{"id":186444,"href":"https:\/\/zxdoll.com\/es\/wp-json\/wp\/v2\/product\/173127\/revisions\/186444"}],"wp:featuredmedia":[{"embeddable":true,"href":"https:\/\/zxdoll.com\/es\/wp-json\/wp\/v2\/media\/173164"}],"wp:attachment":[{"href":"https:\/\/zxdoll.com\/es\/wp-json\/wp\/v2\/media?parent=173127"}],"wp:term":[{"taxonomy":"product_brand","embeddable":true,"href":"https:\/\/zxdoll.com\/es\/wp-json\/wp\/v2\/product_brand?post=173127"},{"taxonomy":"product_cat","embeddable":true,"href":"https:\/\/zxdoll.com\/es\/wp-json\/wp\/v2\/product_cat?post=173127"},{"taxonomy":"product_tag","embeddable":true,"href":"https:\/\/zxdoll.com\/es\/wp-json\/wp\/v2\/product_tag?post=173127"}],"curies":[{"name":"wp","href":"https:\/\/api.w.org\/{rel}","templated":true}]}}