{"id":170258,"date":"2024-09-18T05:33:47","date_gmt":"2024-09-17T21:33:47","guid":{"rendered":"https:\/\/zxdoll.com\/?post_type=product&#038;p=170258"},"modified":"2024-10-01T03:23:21","modified_gmt":"2024-09-30T19:23:21","slug":"howard-stern-had-sex-with-doll","status":"publish","type":"product","link":"https:\/\/zxdoll.com\/es\/product\/howard-stern-had-sex-with-doll\/","title":{"rendered":"Howard Stern tuvo sexo con la mu\u00f1eca Elvin de 160 cm"},"content":{"rendered":"<h4><strong>Im\u00e1genes de mu\u00f1ecas sexuales<\/strong><\/h4>\n\t                <ul class=\"easy-image-gallery thumbnails-18 linked\">\r\n                    <li><a data-fancybox=\"gallery710\" href=\"https:\/\/zxdoll.com\/wp-content\/uploads\/2024\/09\/faith-sex-doll-kLl49i1-533x800.jpg\" class=\"eig-popup\" title=\"\" data-caption=\"\" target=\"_blank\"><i class=\"icon-view\"><\/i><span class=\"overlay\"><\/span><img decoding=\"async\" width=\"150\" height=\"150\" src=\"https:\/\/zxdoll.com\/wp-content\/uploads\/2024\/09\/faith-sex-doll-kLl49i1-150x150.jpg\" class=\"attachment-thumbnail size-thumbnail\" alt=\"\" title=\"\"><\/a><\/li><li><a data-fancybox=\"gallery710\" href=\"https:\/\/zxdoll.com\/wp-content\/uploads\/2024\/09\/faith-sex-doll-kLl49i2-533x800.jpg\" class=\"eig-popup\" title=\"\" data-caption=\"\" target=\"_blank\"><i class=\"icon-view\"><\/i><span class=\"overlay\"><\/span><img decoding=\"async\" width=\"150\" height=\"150\" src=\"https:\/\/zxdoll.com\/wp-content\/uploads\/2024\/09\/faith-sex-doll-kLl49i2-150x150.jpg\" class=\"attachment-thumbnail size-thumbnail\" alt=\"\" title=\"\"><\/a><\/li><li><a data-fancybox=\"gallery710\" href=\"https:\/\/zxdoll.com\/wp-content\/uploads\/2024\/09\/faith-sex-doll-kLl49i4-533x800.jpg\" class=\"eig-popup\" title=\"\" data-caption=\"\" target=\"_blank\"><i class=\"icon-view\"><\/i><span class=\"overlay\"><\/span><img decoding=\"async\" width=\"150\" height=\"150\" src=\"https:\/\/zxdoll.com\/wp-content\/uploads\/2024\/09\/faith-sex-doll-kLl49i4-150x150.jpg\" class=\"attachment-thumbnail size-thumbnail\" alt=\"\" title=\"\"><\/a><\/li><li><a data-fancybox=\"gallery710\" href=\"https:\/\/zxdoll.com\/wp-content\/uploads\/2024\/09\/faith-sex-doll-kLl49i5.jpg\" class=\"eig-popup\" title=\"\" data-caption=\"\" target=\"_blank\"><i class=\"icon-view\"><\/i><span class=\"overlay\"><\/span><img loading=\"lazy\" decoding=\"async\" width=\"150\" height=\"150\" src=\"https:\/\/zxdoll.com\/wp-content\/uploads\/2024\/09\/faith-sex-doll-kLl49i5-150x150.jpg\" class=\"attachment-thumbnail size-thumbnail\" alt=\"\" title=\"\"><\/a><\/li><li><a data-fancybox=\"gallery710\" href=\"https:\/\/zxdoll.com\/wp-content\/uploads\/2024\/09\/faith-sex-doll-kLl49i6-533x800.jpg\" class=\"eig-popup\" title=\"\" data-caption=\"\" target=\"_blank\"><i class=\"icon-view\"><\/i><span class=\"overlay\"><\/span><img loading=\"lazy\" decoding=\"async\" width=\"150\" height=\"150\" src=\"https:\/\/zxdoll.com\/wp-content\/uploads\/2024\/09\/faith-sex-doll-kLl49i6-150x150.jpg\" class=\"attachment-thumbnail size-thumbnail\" alt=\"\" title=\"\"><\/a><\/li><li><a data-fancybox=\"gallery710\" href=\"https:\/\/zxdoll.com\/wp-content\/uploads\/2024\/09\/faith-sex-doll-kLl49i7-533x800.jpg\" class=\"eig-popup\" title=\"\" data-caption=\"\" target=\"_blank\"><i class=\"icon-view\"><\/i><span class=\"overlay\"><\/span><img loading=\"lazy\" decoding=\"async\" width=\"150\" height=\"150\" src=\"https:\/\/zxdoll.com\/wp-content\/uploads\/2024\/09\/faith-sex-doll-kLl49i7-150x150.jpg\" class=\"attachment-thumbnail size-thumbnail\" alt=\"\" title=\"\"><\/a><\/li><li><a data-fancybox=\"gallery710\" href=\"https:\/\/zxdoll.com\/wp-content\/uploads\/2024\/09\/faith-sex-doll-kLl49i8-533x800.jpg\" class=\"eig-popup\" title=\"\" data-caption=\"\" target=\"_blank\"><i class=\"icon-view\"><\/i><span class=\"overlay\"><\/span><img loading=\"lazy\" decoding=\"async\" width=\"150\" height=\"150\" src=\"https:\/\/zxdoll.com\/wp-content\/uploads\/2024\/09\/faith-sex-doll-kLl49i8-150x150.jpg\" class=\"attachment-thumbnail size-thumbnail\" alt=\"\" title=\"\"><\/a><\/li><li><a data-fancybox=\"gallery710\" href=\"https:\/\/zxdoll.com\/wp-content\/uploads\/2024\/09\/faith-sex-doll-kLl49i9.jpg\" class=\"eig-popup\" title=\"\" data-caption=\"\" target=\"_blank\"><i class=\"icon-view\"><\/i><span class=\"overlay\"><\/span><img loading=\"lazy\" decoding=\"async\" width=\"150\" height=\"150\" src=\"https:\/\/zxdoll.com\/wp-content\/uploads\/2024\/09\/faith-sex-doll-kLl49i9-150x150.jpg\" class=\"attachment-thumbnail size-thumbnail\" alt=\"\" title=\"\"><\/a><\/li><li><a data-fancybox=\"gallery710\" href=\"https:\/\/zxdoll.com\/wp-content\/uploads\/2024\/09\/faith-sex-doll-kLl49i10.jpg\" class=\"eig-popup\" title=\"\" data-caption=\"\" target=\"_blank\"><i class=\"icon-view\"><\/i><span class=\"overlay\"><\/span><img loading=\"lazy\" decoding=\"async\" width=\"150\" height=\"150\" src=\"https:\/\/zxdoll.com\/wp-content\/uploads\/2024\/09\/faith-sex-doll-kLl49i10-150x150.jpg\" class=\"attachment-thumbnail size-thumbnail\" alt=\"\" title=\"\"><\/a><\/li><li><a data-fancybox=\"gallery710\" href=\"https:\/\/zxdoll.com\/wp-content\/uploads\/2024\/09\/faith-sex-doll-kLl49i11-533x800.jpg\" class=\"eig-popup\" title=\"\" data-caption=\"\" target=\"_blank\"><i class=\"icon-view\"><\/i><span class=\"overlay\"><\/span><img loading=\"lazy\" decoding=\"async\" width=\"150\" height=\"150\" src=\"https:\/\/zxdoll.com\/wp-content\/uploads\/2024\/09\/faith-sex-doll-kLl49i11-150x150.jpg\" class=\"attachment-thumbnail size-thumbnail\" alt=\"\" title=\"\"><\/a><\/li><li><a data-fancybox=\"gallery710\" href=\"https:\/\/zxdoll.com\/wp-content\/uploads\/2024\/09\/faith-sex-doll-kLl49i12.jpg\" class=\"eig-popup\" title=\"\" data-caption=\"\" target=\"_blank\"><i class=\"icon-view\"><\/i><span class=\"overlay\"><\/span><img loading=\"lazy\" decoding=\"async\" width=\"150\" height=\"150\" src=\"https:\/\/zxdoll.com\/wp-content\/uploads\/2024\/09\/faith-sex-doll-kLl49i12-150x150.jpg\" class=\"attachment-thumbnail size-thumbnail\" alt=\"\" title=\"\"><\/a><\/li><li><a data-fancybox=\"gallery710\" href=\"https:\/\/zxdoll.com\/wp-content\/uploads\/2024\/09\/faith-sex-doll-kLl49i13-533x800.jpg\" class=\"eig-popup\" title=\"\" data-caption=\"\" target=\"_blank\"><i class=\"icon-view\"><\/i><span class=\"overlay\"><\/span><img loading=\"lazy\" decoding=\"async\" width=\"150\" height=\"150\" src=\"https:\/\/zxdoll.com\/wp-content\/uploads\/2024\/09\/faith-sex-doll-kLl49i13-150x150.jpg\" class=\"attachment-thumbnail size-thumbnail\" alt=\"\" title=\"\"><\/a><\/li><li><a data-fancybox=\"gallery710\" href=\"https:\/\/zxdoll.com\/wp-content\/uploads\/2024\/09\/faith-sex-doll-kLl49i14-533x800.jpg\" class=\"eig-popup\" title=\"\" data-caption=\"\" target=\"_blank\"><i class=\"icon-view\"><\/i><span class=\"overlay\"><\/span><img loading=\"lazy\" decoding=\"async\" width=\"150\" height=\"150\" src=\"https:\/\/zxdoll.com\/wp-content\/uploads\/2024\/09\/faith-sex-doll-kLl49i14-150x150.jpg\" class=\"attachment-thumbnail size-thumbnail\" alt=\"\" title=\"\"><\/a><\/li><li><a data-fancybox=\"gallery710\" href=\"https:\/\/zxdoll.com\/wp-content\/uploads\/2024\/09\/faith-sex-doll-kLl49i15-533x800.jpg\" class=\"eig-popup\" title=\"\" data-caption=\"\" target=\"_blank\"><i class=\"icon-view\"><\/i><span class=\"overlay\"><\/span><img loading=\"lazy\" decoding=\"async\" width=\"150\" height=\"150\" src=\"https:\/\/zxdoll.com\/wp-content\/uploads\/2024\/09\/faith-sex-doll-kLl49i15-150x150.jpg\" class=\"attachment-thumbnail size-thumbnail\" alt=\"\" title=\"\"><\/a><\/li><li><a data-fancybox=\"gallery710\" href=\"https:\/\/zxdoll.com\/wp-content\/uploads\/2024\/09\/faith-sex-doll-kLl49i16-533x800.jpg\" class=\"eig-popup\" title=\"\" data-caption=\"\" target=\"_blank\"><i class=\"icon-view\"><\/i><span class=\"overlay\"><\/span><img loading=\"lazy\" decoding=\"async\" width=\"150\" height=\"150\" src=\"https:\/\/zxdoll.com\/wp-content\/uploads\/2024\/09\/faith-sex-doll-kLl49i16-150x150.jpg\" class=\"attachment-thumbnail size-thumbnail\" alt=\"\" title=\"\"><\/a><\/li><li><a data-fancybox=\"gallery710\" href=\"https:\/\/zxdoll.com\/wp-content\/uploads\/2024\/09\/faith-sex-doll-kLl49i17.jpg\" class=\"eig-popup\" title=\"\" data-caption=\"\" target=\"_blank\"><i class=\"icon-view\"><\/i><span class=\"overlay\"><\/span><img loading=\"lazy\" decoding=\"async\" width=\"150\" height=\"150\" src=\"https:\/\/zxdoll.com\/wp-content\/uploads\/2024\/09\/faith-sex-doll-kLl49i17-150x150.jpg\" class=\"attachment-thumbnail size-thumbnail\" alt=\"\" title=\"\"><\/a><\/li><li><a data-fancybox=\"gallery710\" href=\"https:\/\/zxdoll.com\/wp-content\/uploads\/2024\/09\/faith-sex-doll-kLl49i18.jpg\" class=\"eig-popup\" title=\"\" data-caption=\"\" target=\"_blank\"><i class=\"icon-view\"><\/i><span class=\"overlay\"><\/span><img loading=\"lazy\" decoding=\"async\" width=\"150\" height=\"150\" src=\"https:\/\/zxdoll.com\/wp-content\/uploads\/2024\/09\/faith-sex-doll-kLl49i18-150x150.jpg\" class=\"attachment-thumbnail size-thumbnail\" alt=\"\" title=\"\"><\/a><\/li><li><a data-fancybox=\"gallery710\" href=\"https:\/\/zxdoll.com\/wp-content\/uploads\/2024\/09\/faith-sex-doll-kLl49i19.jpg\" class=\"eig-popup\" title=\"\" data-caption=\"\" target=\"_blank\"><i class=\"icon-view\"><\/i><span class=\"overlay\"><\/span><img loading=\"lazy\" decoding=\"async\" width=\"150\" height=\"150\" src=\"https:\/\/zxdoll.com\/wp-content\/uploads\/2024\/09\/faith-sex-doll-kLl49i19-150x150.jpg\" class=\"attachment-thumbnail size-thumbnail\" alt=\"\" title=\"\"><\/a><\/li><\/ul>\n<h4>Tablas de tallas<\/h4>\n<table width=\"349\">\n<tbody>\n<tr>\n<td width=\"177\">Material<\/td>\n<td width=\"172\">TPE<\/td>\n<\/tr>\n<tr>\n<td>Altura<\/td>\n<td>160cm<\/td>\n<\/tr>\n<tr>\n<td>Peso neto<\/td>\n<td>35kg<\/td>\n<\/tr>\n<tr>\n<td>Busto<\/td>\n<td>83cm<\/td>\n<\/tr>\n<tr>\n<td>Cintura<\/td>\n<td>61cm<\/td>\n<\/tr>\n<tr>\n<td>Cadera<\/td>\n<td>95cm<\/td>\n<\/tr>\n<tr>\n<td>Profundidad oral<\/td>\n<td>12cm<\/td>\n<\/tr>\n<tr>\n<td>Profundidad anal<\/td>\n<td>17cm<\/td>\n<\/tr>\n<tr>\n<td>Pene<\/td>\n<td>18 cm<\/td>\n<\/tr>\n<\/tbody>\n<\/table>\n<p>&nbsp;<\/p>\n<p>&nbsp;<\/p>\n<h4>Acerca de la mu\u00f1eca sexual<\/h4>\n<p>&nbsp;<\/p>","protected":false},"excerpt":{"rendered":"<p>Im\u00e1genes de mu\u00f1ecas sexuales Tablas de tallas Material TPE Altura 160cm Peso neto 35kg Busto 83cm Cintura 61cm Cadera 95cm Profundidad oral<\/p>","protected":false},"featured_media":170276,"comment_status":"open","ping_status":"closed","template":"","meta":[],"product_brand":[],"product_cat":[234,75,229,197,119],"product_tag":[],"class_list":{"0":"post-170258","1":"product","2":"type-product","3":"status-publish","4":"has-post-thumbnail","6":"product_cat-234","7":"product_cat-160cm-170cm-sex-dolls","8":"product_cat-31kg-35kg","9":"product_cat-gay-male-sex-doll","10":"product_cat-tpe-sex-doll","11":"pa_brand-climax-doll","12":"tm-has-options","14":"first","15":"instock","16":"sale","17":"shipping-taxable","18":"purchasable","19":"product-type-simple"},"_links":{"self":[{"href":"https:\/\/zxdoll.com\/es\/wp-json\/wp\/v2\/product\/170258","targetHints":{"allow":["GET"]}}],"collection":[{"href":"https:\/\/zxdoll.com\/es\/wp-json\/wp\/v2\/product"}],"about":[{"href":"https:\/\/zxdoll.com\/es\/wp-json\/wp\/v2\/types\/product"}],"replies":[{"embeddable":true,"href":"https:\/\/zxdoll.com\/es\/wp-json\/wp\/v2\/comments?post=170258"}],"version-history":[{"count":2,"href":"https:\/\/zxdoll.com\/es\/wp-json\/wp\/v2\/product\/170258\/revisions"}],"predecessor-version":[{"id":170297,"href":"https:\/\/zxdoll.com\/es\/wp-json\/wp\/v2\/product\/170258\/revisions\/170297"}],"wp:featuredmedia":[{"embeddable":true,"href":"https:\/\/zxdoll.com\/es\/wp-json\/wp\/v2\/media\/170276"}],"wp:attachment":[{"href":"https:\/\/zxdoll.com\/es\/wp-json\/wp\/v2\/media?parent=170258"}],"wp:term":[{"taxonomy":"product_brand","embeddable":true,"href":"https:\/\/zxdoll.com\/es\/wp-json\/wp\/v2\/product_brand?post=170258"},{"taxonomy":"product_cat","embeddable":true,"href":"https:\/\/zxdoll.com\/es\/wp-json\/wp\/v2\/product_cat?post=170258"},{"taxonomy":"product_tag","embeddable":true,"href":"https:\/\/zxdoll.com\/es\/wp-json\/wp\/v2\/product_tag?post=170258"}],"curies":[{"name":"wp","href":"https:\/\/api.w.org\/{rel}","templated":true}]}}