{"id":170184,"date":"2024-09-18T05:20:51","date_gmt":"2024-09-17T21:20:51","guid":{"rendered":"https:\/\/zxdoll.com\/?post_type=product&#038;p=170184"},"modified":"2024-10-16T02:39:55","modified_gmt":"2024-10-15T18:39:55","slug":"college-friends-share-sex-doll","status":"publish","type":"product","link":"https:\/\/zxdoll.com\/es\/product\/college-friends-share-sex-doll\/","title":{"rendered":"Amigos de la universidad comparten mu\u00f1eca sexual Emmet 180cm"},"content":{"rendered":"<h4><strong>Im\u00e1genes de mu\u00f1ecas sexuales<\/strong><\/h4>\n\t                <ul class=\"easy-image-gallery thumbnails-15 linked\">\r\n                    <li><a data-fancybox=\"gallery953\" href=\"https:\/\/zxdoll.com\/wp-content\/uploads\/2024\/09\/mieki-sex-doll-nTk66p1-533x800.jpg\" class=\"eig-popup\" title=\"\" data-caption=\"\" target=\"_blank\"><i class=\"icon-view\"><\/i><span class=\"overlay\"><\/span><img decoding=\"async\" width=\"150\" height=\"150\" src=\"https:\/\/zxdoll.com\/wp-content\/uploads\/2024\/09\/mieki-sex-doll-nTk66p1-150x150.jpg\" class=\"attachment-thumbnail size-thumbnail\" alt=\"\" title=\"\"><\/a><\/li><li><a data-fancybox=\"gallery953\" href=\"https:\/\/zxdoll.com\/wp-content\/uploads\/2024\/09\/mieki-sex-doll-nTk66p2-533x800.jpg\" class=\"eig-popup\" title=\"\" data-caption=\"\" target=\"_blank\"><i class=\"icon-view\"><\/i><span class=\"overlay\"><\/span><img decoding=\"async\" width=\"150\" height=\"150\" src=\"https:\/\/zxdoll.com\/wp-content\/uploads\/2024\/09\/mieki-sex-doll-nTk66p2-150x150.jpg\" class=\"attachment-thumbnail size-thumbnail\" alt=\"\" title=\"\"><\/a><\/li><li><a data-fancybox=\"gallery953\" href=\"https:\/\/zxdoll.com\/wp-content\/uploads\/2024\/09\/mieki-sex-doll-nTk66p4-533x800.jpg\" class=\"eig-popup\" title=\"\" data-caption=\"\" target=\"_blank\"><i class=\"icon-view\"><\/i><span class=\"overlay\"><\/span><img decoding=\"async\" width=\"150\" height=\"150\" src=\"https:\/\/zxdoll.com\/wp-content\/uploads\/2024\/09\/mieki-sex-doll-nTk66p4-150x150.jpg\" class=\"attachment-thumbnail size-thumbnail\" alt=\"\" title=\"\"><\/a><\/li><li><a data-fancybox=\"gallery953\" href=\"https:\/\/zxdoll.com\/wp-content\/uploads\/2024\/09\/mieki-sex-doll-nTk66p5-533x800.jpg\" class=\"eig-popup\" title=\"\" data-caption=\"\" target=\"_blank\"><i class=\"icon-view\"><\/i><span class=\"overlay\"><\/span><img loading=\"lazy\" decoding=\"async\" width=\"150\" height=\"150\" src=\"https:\/\/zxdoll.com\/wp-content\/uploads\/2024\/09\/mieki-sex-doll-nTk66p5-150x150.jpg\" class=\"attachment-thumbnail size-thumbnail\" alt=\"\" title=\"\"><\/a><\/li><li><a data-fancybox=\"gallery953\" href=\"https:\/\/zxdoll.com\/wp-content\/uploads\/2024\/09\/mieki-sex-doll-nTk66p6-533x800.jpg\" class=\"eig-popup\" title=\"\" data-caption=\"\" target=\"_blank\"><i class=\"icon-view\"><\/i><span class=\"overlay\"><\/span><img loading=\"lazy\" decoding=\"async\" width=\"150\" height=\"150\" src=\"https:\/\/zxdoll.com\/wp-content\/uploads\/2024\/09\/mieki-sex-doll-nTk66p6-150x150.jpg\" class=\"attachment-thumbnail size-thumbnail\" alt=\"\" title=\"\"><\/a><\/li><li><a data-fancybox=\"gallery953\" href=\"https:\/\/zxdoll.com\/wp-content\/uploads\/2024\/09\/mieki-sex-doll-nTk66p7-533x800.jpg\" class=\"eig-popup\" title=\"\" data-caption=\"\" target=\"_blank\"><i class=\"icon-view\"><\/i><span class=\"overlay\"><\/span><img loading=\"lazy\" decoding=\"async\" width=\"150\" height=\"150\" src=\"https:\/\/zxdoll.com\/wp-content\/uploads\/2024\/09\/mieki-sex-doll-nTk66p7-150x150.jpg\" class=\"attachment-thumbnail size-thumbnail\" alt=\"\" title=\"\"><\/a><\/li><li><a data-fancybox=\"gallery953\" href=\"https:\/\/zxdoll.com\/wp-content\/uploads\/2024\/09\/mieki-sex-doll-nTk66p8-533x800.jpg\" class=\"eig-popup\" title=\"\" data-caption=\"\" target=\"_blank\"><i class=\"icon-view\"><\/i><span class=\"overlay\"><\/span><img loading=\"lazy\" decoding=\"async\" width=\"150\" height=\"150\" src=\"https:\/\/zxdoll.com\/wp-content\/uploads\/2024\/09\/mieki-sex-doll-nTk66p8-150x150.jpg\" class=\"attachment-thumbnail size-thumbnail\" alt=\"\" title=\"\"><\/a><\/li><li><a data-fancybox=\"gallery953\" href=\"https:\/\/zxdoll.com\/wp-content\/uploads\/2024\/09\/mieki-sex-doll-nTk66p9-533x800.jpg\" class=\"eig-popup\" title=\"\" data-caption=\"\" target=\"_blank\"><i class=\"icon-view\"><\/i><span class=\"overlay\"><\/span><img loading=\"lazy\" decoding=\"async\" width=\"150\" height=\"150\" src=\"https:\/\/zxdoll.com\/wp-content\/uploads\/2024\/09\/mieki-sex-doll-nTk66p9-150x150.jpg\" class=\"attachment-thumbnail size-thumbnail\" alt=\"\" title=\"\"><\/a><\/li><li><a data-fancybox=\"gallery953\" href=\"https:\/\/zxdoll.com\/wp-content\/uploads\/2024\/09\/mieki-sex-doll-nTk66p10-533x800.jpg\" class=\"eig-popup\" title=\"\" data-caption=\"\" target=\"_blank\"><i class=\"icon-view\"><\/i><span class=\"overlay\"><\/span><img loading=\"lazy\" decoding=\"async\" width=\"150\" height=\"150\" src=\"https:\/\/zxdoll.com\/wp-content\/uploads\/2024\/09\/mieki-sex-doll-nTk66p10-150x150.jpg\" class=\"attachment-thumbnail size-thumbnail\" alt=\"\" title=\"\"><\/a><\/li><li><a data-fancybox=\"gallery953\" href=\"https:\/\/zxdoll.com\/wp-content\/uploads\/2024\/09\/mieki-sex-doll-nTk66p11-533x800.jpg\" class=\"eig-popup\" title=\"\" data-caption=\"\" target=\"_blank\"><i class=\"icon-view\"><\/i><span class=\"overlay\"><\/span><img loading=\"lazy\" decoding=\"async\" width=\"150\" height=\"150\" src=\"https:\/\/zxdoll.com\/wp-content\/uploads\/2024\/09\/mieki-sex-doll-nTk66p11-150x150.jpg\" class=\"attachment-thumbnail size-thumbnail\" alt=\"\" title=\"\"><\/a><\/li><li><a data-fancybox=\"gallery953\" href=\"https:\/\/zxdoll.com\/wp-content\/uploads\/2024\/09\/mieki-sex-doll-nTk66p12-533x800.jpg\" class=\"eig-popup\" title=\"\" data-caption=\"\" target=\"_blank\"><i class=\"icon-view\"><\/i><span class=\"overlay\"><\/span><img loading=\"lazy\" decoding=\"async\" width=\"150\" height=\"150\" src=\"https:\/\/zxdoll.com\/wp-content\/uploads\/2024\/09\/mieki-sex-doll-nTk66p12-150x150.jpg\" class=\"attachment-thumbnail size-thumbnail\" alt=\"\" title=\"\"><\/a><\/li><li><a data-fancybox=\"gallery953\" href=\"https:\/\/zxdoll.com\/wp-content\/uploads\/2024\/09\/mieki-sex-doll-nTk66p13-533x800.jpg\" class=\"eig-popup\" title=\"\" data-caption=\"\" target=\"_blank\"><i class=\"icon-view\"><\/i><span class=\"overlay\"><\/span><img loading=\"lazy\" decoding=\"async\" width=\"150\" height=\"150\" src=\"https:\/\/zxdoll.com\/wp-content\/uploads\/2024\/09\/mieki-sex-doll-nTk66p13-150x150.jpg\" class=\"attachment-thumbnail size-thumbnail\" alt=\"\" title=\"\"><\/a><\/li><li><a data-fancybox=\"gallery953\" href=\"https:\/\/zxdoll.com\/wp-content\/uploads\/2024\/09\/mieki-sex-doll-nTk66p14-533x800.jpg\" class=\"eig-popup\" title=\"\" data-caption=\"\" target=\"_blank\"><i class=\"icon-view\"><\/i><span class=\"overlay\"><\/span><img loading=\"lazy\" decoding=\"async\" width=\"150\" height=\"150\" src=\"https:\/\/zxdoll.com\/wp-content\/uploads\/2024\/09\/mieki-sex-doll-nTk66p14-150x150.jpg\" class=\"attachment-thumbnail size-thumbnail\" alt=\"\" title=\"\"><\/a><\/li><li><a data-fancybox=\"gallery953\" href=\"https:\/\/zxdoll.com\/wp-content\/uploads\/2024\/09\/mieki-sex-doll-nTk66p15-533x800.jpg\" class=\"eig-popup\" title=\"\" data-caption=\"\" target=\"_blank\"><i class=\"icon-view\"><\/i><span class=\"overlay\"><\/span><img loading=\"lazy\" decoding=\"async\" width=\"150\" height=\"150\" src=\"https:\/\/zxdoll.com\/wp-content\/uploads\/2024\/09\/mieki-sex-doll-nTk66p15-150x150.jpg\" class=\"attachment-thumbnail size-thumbnail\" alt=\"\" title=\"\"><\/a><\/li><li><a data-fancybox=\"gallery953\" href=\"https:\/\/zxdoll.com\/wp-content\/uploads\/2024\/09\/mieki-sex-doll-nTk66p16-533x800.jpg\" class=\"eig-popup\" title=\"\" data-caption=\"\" target=\"_blank\"><i class=\"icon-view\"><\/i><span class=\"overlay\"><\/span><img loading=\"lazy\" decoding=\"async\" width=\"150\" height=\"150\" src=\"https:\/\/zxdoll.com\/wp-content\/uploads\/2024\/09\/mieki-sex-doll-nTk66p16-150x150.jpg\" class=\"attachment-thumbnail size-thumbnail\" alt=\"\" title=\"\"><\/a><\/li><\/ul>\n<h4>Tablas de tallas<\/h4>\n<table width=\"345\">\n<tbody>\n<tr>\n<td width=\"145\">Material<\/td>\n<td width=\"200\">Silicona completa<\/td>\n<\/tr>\n<tr>\n<td>Altura<\/td>\n<td>180cm<\/td>\n<\/tr>\n<tr>\n<td>Busto<\/td>\n<td>110cm<\/td>\n<\/tr>\n<tr>\n<td>Cintura<\/td>\n<td>67cm<\/td>\n<\/tr>\n<tr>\n<td>Cadera<\/td>\n<td>90cm<\/td>\n<\/tr>\n<tr>\n<td>Brazo<\/td>\n<td>65cm<\/td>\n<\/tr>\n<tr>\n<td>Ancho de hombro<\/td>\n<td>42cm<\/td>\n<\/tr>\n<tr>\n<td>Longitud de las piernas<\/td>\n<td>110cm<\/td>\n<\/tr>\n<tr>\n<td>Largo del pie<\/td>\n<td>25cm<\/td>\n<\/tr>\n<tr>\n<td>Longitud del pene<\/td>\n<td>15cm<\/td>\n<\/tr>\n<tr>\n<td>Profundidad anal<\/td>\n<td>20 cent\u00edmetros<\/td>\n<\/tr>\n<tr>\n<td>Peso neto<\/td>\n<td>58kg<\/td>\n<\/tr>\n<\/tbody>\n<\/table>\n<p>&nbsp;<\/p>\n<p>&nbsp;<\/p>\n<h4>Acerca de la mu\u00f1eca sexual<\/h4>\n<p>&nbsp;<\/p>","protected":false},"excerpt":{"rendered":"<p>Im\u00e1genes de mu\u00f1ecas sexuales Tablas de tallas Material Silicona completa Altura 180cm Busto 110cm Cintura 67cm Cadera 90cm Brazo 65cm Ancho de hombros<\/p>","protected":false},"featured_media":170154,"comment_status":"open","ping_status":"closed","template":"","meta":[],"product_brand":[],"product_cat":[234,124,197,233,110],"product_tag":[],"class_list":{"0":"post-170184","1":"product","2":"type-product","3":"status-publish","4":"has-post-thumbnail","6":"product_cat-234","7":"product_cat-above-171cm-sex-dolls","8":"product_cat-gay-male-sex-doll","9":"product_cat-over-51kg","10":"product_cat-silicone-sex-doll","11":"pa_brand-climax-doll","12":"tm-has-options","14":"first","15":"instock","16":"sale","17":"shipping-taxable","18":"purchasable","19":"product-type-simple"},"_links":{"self":[{"href":"https:\/\/zxdoll.com\/es\/wp-json\/wp\/v2\/product\/170184","targetHints":{"allow":["GET"]}}],"collection":[{"href":"https:\/\/zxdoll.com\/es\/wp-json\/wp\/v2\/product"}],"about":[{"href":"https:\/\/zxdoll.com\/es\/wp-json\/wp\/v2\/types\/product"}],"replies":[{"embeddable":true,"href":"https:\/\/zxdoll.com\/es\/wp-json\/wp\/v2\/comments?post=170184"}],"version-history":[{"count":2,"href":"https:\/\/zxdoll.com\/es\/wp-json\/wp\/v2\/product\/170184\/revisions"}],"predecessor-version":[{"id":170232,"href":"https:\/\/zxdoll.com\/es\/wp-json\/wp\/v2\/product\/170184\/revisions\/170232"}],"wp:featuredmedia":[{"embeddable":true,"href":"https:\/\/zxdoll.com\/es\/wp-json\/wp\/v2\/media\/170154"}],"wp:attachment":[{"href":"https:\/\/zxdoll.com\/es\/wp-json\/wp\/v2\/media?parent=170184"}],"wp:term":[{"taxonomy":"product_brand","embeddable":true,"href":"https:\/\/zxdoll.com\/es\/wp-json\/wp\/v2\/product_brand?post=170184"},{"taxonomy":"product_cat","embeddable":true,"href":"https:\/\/zxdoll.com\/es\/wp-json\/wp\/v2\/product_cat?post=170184"},{"taxonomy":"product_tag","embeddable":true,"href":"https:\/\/zxdoll.com\/es\/wp-json\/wp\/v2\/product_tag?post=170184"}],"curies":[{"name":"wp","href":"https:\/\/api.w.org\/{rel}","templated":true}]}}