{"id":168962,"date":"2024-09-18T01:29:05","date_gmt":"2024-09-17T17:29:05","guid":{"rendered":"https:\/\/zxdoll.com\/?post_type=product&#038;p=168962"},"modified":"2024-10-04T05:56:04","modified_gmt":"2024-10-03T21:56:04","slug":"reputable-sex-doll-distributor","status":"publish","type":"product","link":"https:\/\/zxdoll.com\/es\/product\/reputable-sex-doll-distributor\/","title":{"rendered":"Distribuidor de mu\u00f1ecas sexuales de confianza Carlo 175cm"},"content":{"rendered":"<h4><strong>Im\u00e1genes de mu\u00f1ecas sexuales<\/strong><\/h4>\n\t                <ul class=\"easy-image-gallery thumbnails-15 linked\">\r\n                    <li><a data-fancybox=\"gallery866\" href=\"https:\/\/zxdoll.com\/wp-content\/uploads\/2024\/09\/orion-sex-doll-qKr39g1.jpg\" class=\"eig-popup\" title=\"\" data-caption=\"\" target=\"_blank\"><i class=\"icon-view\"><\/i><span class=\"overlay\"><\/span><img decoding=\"async\" width=\"150\" height=\"150\" src=\"https:\/\/zxdoll.com\/wp-content\/uploads\/2024\/09\/orion-sex-doll-qKr39g1-150x150.jpg\" class=\"attachment-thumbnail size-thumbnail\" alt=\"\" title=\"\"><\/a><\/li><li><a data-fancybox=\"gallery866\" href=\"https:\/\/zxdoll.com\/wp-content\/uploads\/2024\/09\/orion-sex-doll-qKr39g2.jpg\" class=\"eig-popup\" title=\"\" data-caption=\"\" target=\"_blank\"><i class=\"icon-view\"><\/i><span class=\"overlay\"><\/span><img decoding=\"async\" width=\"150\" height=\"150\" src=\"https:\/\/zxdoll.com\/wp-content\/uploads\/2024\/09\/orion-sex-doll-qKr39g2-150x150.jpg\" class=\"attachment-thumbnail size-thumbnail\" alt=\"\" title=\"\"><\/a><\/li><li><a data-fancybox=\"gallery866\" href=\"https:\/\/zxdoll.com\/wp-content\/uploads\/2024\/09\/orion-sex-doll-qKr39g3-533x800.jpg\" class=\"eig-popup\" title=\"\" data-caption=\"\" target=\"_blank\"><i class=\"icon-view\"><\/i><span class=\"overlay\"><\/span><img decoding=\"async\" width=\"150\" height=\"150\" src=\"https:\/\/zxdoll.com\/wp-content\/uploads\/2024\/09\/orion-sex-doll-qKr39g3-150x150.jpg\" class=\"attachment-thumbnail size-thumbnail\" alt=\"\" title=\"\"><\/a><\/li><li><a data-fancybox=\"gallery866\" href=\"https:\/\/zxdoll.com\/wp-content\/uploads\/2024\/09\/orion-sex-doll-qKr39g4-533x800.jpg\" class=\"eig-popup\" title=\"\" data-caption=\"\" target=\"_blank\"><i class=\"icon-view\"><\/i><span class=\"overlay\"><\/span><img loading=\"lazy\" decoding=\"async\" width=\"150\" height=\"150\" src=\"https:\/\/zxdoll.com\/wp-content\/uploads\/2024\/09\/orion-sex-doll-qKr39g4-150x150.jpg\" class=\"attachment-thumbnail size-thumbnail\" alt=\"\" title=\"\"><\/a><\/li><li><a data-fancybox=\"gallery866\" href=\"https:\/\/zxdoll.com\/wp-content\/uploads\/2024\/09\/orion-sex-doll-qKr39g5-573x800.jpg\" class=\"eig-popup\" title=\"\" data-caption=\"\" target=\"_blank\"><i class=\"icon-view\"><\/i><span class=\"overlay\"><\/span><img loading=\"lazy\" decoding=\"async\" width=\"150\" height=\"150\" src=\"https:\/\/zxdoll.com\/wp-content\/uploads\/2024\/09\/orion-sex-doll-qKr39g5-150x150.jpg\" class=\"attachment-thumbnail size-thumbnail\" alt=\"\" title=\"\"><\/a><\/li><li><a data-fancybox=\"gallery866\" href=\"https:\/\/zxdoll.com\/wp-content\/uploads\/2024\/09\/orion-sex-doll-qKr39g6.jpg\" class=\"eig-popup\" title=\"\" data-caption=\"\" target=\"_blank\"><i class=\"icon-view\"><\/i><span class=\"overlay\"><\/span><img loading=\"lazy\" decoding=\"async\" width=\"150\" height=\"150\" src=\"https:\/\/zxdoll.com\/wp-content\/uploads\/2024\/09\/orion-sex-doll-qKr39g6-150x150.jpg\" class=\"attachment-thumbnail size-thumbnail\" alt=\"\" title=\"\"><\/a><\/li><li><a data-fancybox=\"gallery866\" href=\"https:\/\/zxdoll.com\/wp-content\/uploads\/2024\/09\/orion-sex-doll-qKr39g8-533x800.jpg\" class=\"eig-popup\" title=\"\" data-caption=\"\" target=\"_blank\"><i class=\"icon-view\"><\/i><span class=\"overlay\"><\/span><img loading=\"lazy\" decoding=\"async\" width=\"150\" height=\"150\" src=\"https:\/\/zxdoll.com\/wp-content\/uploads\/2024\/09\/orion-sex-doll-qKr39g8-150x150.jpg\" class=\"attachment-thumbnail size-thumbnail\" alt=\"\" title=\"\"><\/a><\/li><li><a data-fancybox=\"gallery866\" href=\"https:\/\/zxdoll.com\/wp-content\/uploads\/2024\/09\/orion-sex-doll-qKr39g9-533x800.jpg\" class=\"eig-popup\" title=\"\" data-caption=\"\" target=\"_blank\"><i class=\"icon-view\"><\/i><span class=\"overlay\"><\/span><img loading=\"lazy\" decoding=\"async\" width=\"150\" height=\"150\" src=\"https:\/\/zxdoll.com\/wp-content\/uploads\/2024\/09\/orion-sex-doll-qKr39g9-150x150.jpg\" class=\"attachment-thumbnail size-thumbnail\" alt=\"\" title=\"\"><\/a><\/li><li><a data-fancybox=\"gallery866\" href=\"https:\/\/zxdoll.com\/wp-content\/uploads\/2024\/09\/orion-sex-doll-qKr39g10-533x800.jpg\" class=\"eig-popup\" title=\"\" data-caption=\"\" target=\"_blank\"><i class=\"icon-view\"><\/i><span class=\"overlay\"><\/span><img loading=\"lazy\" decoding=\"async\" width=\"150\" height=\"150\" src=\"https:\/\/zxdoll.com\/wp-content\/uploads\/2024\/09\/orion-sex-doll-qKr39g10-150x150.jpg\" class=\"attachment-thumbnail size-thumbnail\" alt=\"\" title=\"\"><\/a><\/li><li><a data-fancybox=\"gallery866\" href=\"https:\/\/zxdoll.com\/wp-content\/uploads\/2024\/09\/orion-sex-doll-qKr39g11-533x800.jpg\" class=\"eig-popup\" title=\"\" data-caption=\"\" target=\"_blank\"><i class=\"icon-view\"><\/i><span class=\"overlay\"><\/span><img loading=\"lazy\" decoding=\"async\" width=\"150\" height=\"150\" src=\"https:\/\/zxdoll.com\/wp-content\/uploads\/2024\/09\/orion-sex-doll-qKr39g11-150x150.jpg\" class=\"attachment-thumbnail size-thumbnail\" alt=\"\" title=\"\"><\/a><\/li><li><a data-fancybox=\"gallery866\" href=\"https:\/\/zxdoll.com\/wp-content\/uploads\/2024\/09\/orion-sex-doll-qKr39g12-536x800.jpg\" class=\"eig-popup\" title=\"\" data-caption=\"\" target=\"_blank\"><i class=\"icon-view\"><\/i><span class=\"overlay\"><\/span><img loading=\"lazy\" decoding=\"async\" width=\"150\" height=\"150\" src=\"https:\/\/zxdoll.com\/wp-content\/uploads\/2024\/09\/orion-sex-doll-qKr39g12-150x150.jpg\" class=\"attachment-thumbnail size-thumbnail\" alt=\"\" title=\"\"><\/a><\/li><li><a data-fancybox=\"gallery866\" href=\"https:\/\/zxdoll.com\/wp-content\/uploads\/2024\/09\/orion-sex-doll-qKr39g13.jpg\" class=\"eig-popup\" title=\"\" data-caption=\"\" target=\"_blank\"><i class=\"icon-view\"><\/i><span class=\"overlay\"><\/span><img loading=\"lazy\" decoding=\"async\" width=\"150\" height=\"150\" src=\"https:\/\/zxdoll.com\/wp-content\/uploads\/2024\/09\/orion-sex-doll-qKr39g13-150x150.jpg\" class=\"attachment-thumbnail size-thumbnail\" alt=\"\" title=\"\"><\/a><\/li><li><a data-fancybox=\"gallery866\" href=\"https:\/\/zxdoll.com\/wp-content\/uploads\/2024\/09\/orion-sex-doll-qKr39g14-507x800.jpg\" class=\"eig-popup\" title=\"\" data-caption=\"\" target=\"_blank\"><i class=\"icon-view\"><\/i><span class=\"overlay\"><\/span><img loading=\"lazy\" decoding=\"async\" width=\"150\" height=\"150\" src=\"https:\/\/zxdoll.com\/wp-content\/uploads\/2024\/09\/orion-sex-doll-qKr39g14-150x150.jpg\" class=\"attachment-thumbnail size-thumbnail\" alt=\"\" title=\"\"><\/a><\/li><li><a data-fancybox=\"gallery866\" href=\"https:\/\/zxdoll.com\/wp-content\/uploads\/2024\/09\/orion-sex-doll-qKr39g15.jpg\" class=\"eig-popup\" title=\"\" data-caption=\"\" target=\"_blank\"><i class=\"icon-view\"><\/i><span class=\"overlay\"><\/span><img loading=\"lazy\" decoding=\"async\" width=\"150\" height=\"150\" src=\"https:\/\/zxdoll.com\/wp-content\/uploads\/2024\/09\/orion-sex-doll-qKr39g15-150x150.jpg\" class=\"attachment-thumbnail size-thumbnail\" alt=\"\" title=\"\"><\/a><\/li><li><a data-fancybox=\"gallery866\" href=\"https:\/\/zxdoll.com\/wp-content\/uploads\/2024\/09\/orion-sex-doll-qKr39g16-533x800.jpg\" class=\"eig-popup\" title=\"\" data-caption=\"\" target=\"_blank\"><i class=\"icon-view\"><\/i><span class=\"overlay\"><\/span><img loading=\"lazy\" decoding=\"async\" width=\"150\" height=\"150\" src=\"https:\/\/zxdoll.com\/wp-content\/uploads\/2024\/09\/orion-sex-doll-qKr39g16-150x150.jpg\" class=\"attachment-thumbnail size-thumbnail\" alt=\"\" title=\"\"><\/a><\/li><\/ul>\n<h4>Tablas de tallas<\/h4>\n<table width=\"320\">\n<tbody>\n<tr>\n<td width=\"129\">Material<\/td>\n<td width=\"191\">Cabeza de silicona + cuerpo de TPE<\/td>\n<\/tr>\n<tr>\n<td>Altura<\/td>\n<td>175cm<\/td>\n<\/tr>\n<tr>\n<td>Peso<\/td>\n<td>51 kilos<\/td>\n<\/tr>\n<tr>\n<td>Hombro<\/td>\n<td>48cm<\/td>\n<\/tr>\n<tr>\n<td>Busto<\/td>\n<td>90cm<\/td>\n<\/tr>\n<tr>\n<td>Busto inferior<\/td>\n<td>84cm<\/td>\n<\/tr>\n<tr>\n<td>Cintura<\/td>\n<td>62cm<\/td>\n<\/tr>\n<tr>\n<td>Cadera<\/td>\n<td>82cm<\/td>\n<\/tr>\n<tr>\n<td>Brazo<\/td>\n<td>60cm<\/td>\n<\/tr>\n<tr>\n<td>Mano<\/td>\n<td>18 cm<\/td>\n<\/tr>\n<tr>\n<td>Pierna<\/td>\n<td>100cm<\/td>\n<\/tr>\n<tr>\n<td>Pie<\/td>\n<td>25cm<\/td>\n<\/tr>\n<\/tbody>\n<\/table>\n<h4>Acerca de la mu\u00f1eca sexual<\/h4>\n<p>&nbsp;<\/p>","protected":false},"excerpt":{"rendered":"<p>Sex Doll Images Size Charts Material Silicone Head + TPE Body Height 175cm Weight 51kg Shoulder 48cm Bust 90cm Lower<\/p>","protected":false},"featured_media":168970,"comment_status":"open","ping_status":"closed","template":"","meta":[],"product_brand":[],"product_cat":[234,124,198,192,233],"product_tag":[],"class_list":{"0":"post-168962","1":"product","2":"type-product","3":"status-publish","4":"has-post-thumbnail","6":"product_cat-234","7":"product_cat-above-171cm-sex-dolls","8":"product_cat-gay-sex-doll","9":"product_cat-hybrid-doll","10":"product_cat-over-51kg","11":"pa_brand-realing-doll","12":"tm-has-options","14":"first","15":"instock","16":"sale","17":"shipping-taxable","18":"purchasable","19":"product-type-simple"},"_links":{"self":[{"href":"https:\/\/zxdoll.com\/es\/wp-json\/wp\/v2\/product\/168962","targetHints":{"allow":["GET"]}}],"collection":[{"href":"https:\/\/zxdoll.com\/es\/wp-json\/wp\/v2\/product"}],"about":[{"href":"https:\/\/zxdoll.com\/es\/wp-json\/wp\/v2\/types\/product"}],"replies":[{"embeddable":true,"href":"https:\/\/zxdoll.com\/es\/wp-json\/wp\/v2\/comments?post=168962"}],"version-history":[{"count":2,"href":"https:\/\/zxdoll.com\/es\/wp-json\/wp\/v2\/product\/168962\/revisions"}],"predecessor-version":[{"id":169014,"href":"https:\/\/zxdoll.com\/es\/wp-json\/wp\/v2\/product\/168962\/revisions\/169014"}],"wp:featuredmedia":[{"embeddable":true,"href":"https:\/\/zxdoll.com\/es\/wp-json\/wp\/v2\/media\/168970"}],"wp:attachment":[{"href":"https:\/\/zxdoll.com\/es\/wp-json\/wp\/v2\/media?parent=168962"}],"wp:term":[{"taxonomy":"product_brand","embeddable":true,"href":"https:\/\/zxdoll.com\/es\/wp-json\/wp\/v2\/product_brand?post=168962"},{"taxonomy":"product_cat","embeddable":true,"href":"https:\/\/zxdoll.com\/es\/wp-json\/wp\/v2\/product_cat?post=168962"},{"taxonomy":"product_tag","embeddable":true,"href":"https:\/\/zxdoll.com\/es\/wp-json\/wp\/v2\/product_tag?post=168962"}],"curies":[{"name":"wp","href":"https:\/\/api.w.org\/{rel}","templated":true}]}}