{"id":165506,"date":"2024-09-16T02:52:04","date_gmt":"2024-09-15T18:52:04","guid":{"rendered":"https:\/\/zxdoll.com\/?post_type=product&#038;p=165506"},"modified":"2024-10-04T05:19:57","modified_gmt":"2024-10-03T21:19:57","slug":"can-i-order-a-harmony-sex-doll","status":"publish","type":"product","link":"https:\/\/zxdoll.com\/es\/product\/can-i-order-a-harmony-sex-doll\/","title":{"rendered":"\u00bfPuedo pedir una mu\u00f1eca sexual Harmony Celine de 161 cm?"},"content":{"rendered":"<h4><strong>Im\u00e1genes de mu\u00f1ecas sexuales<\/strong><\/h4>\n\t                <ul class=\"easy-image-gallery thumbnails-19 linked\">\r\n                    <li><a data-fancybox=\"gallery519\" href=\"https:\/\/zxdoll.com\/wp-content\/uploads\/2024\/09\/sex-doll-lolis-iRj35r1-533x800.jpg\" class=\"eig-popup\" title=\"\" data-caption=\"\" target=\"_blank\"><i class=\"icon-view\"><\/i><span class=\"overlay\"><\/span><img decoding=\"async\" width=\"150\" height=\"150\" src=\"https:\/\/zxdoll.com\/wp-content\/uploads\/2024\/09\/sex-doll-lolis-iRj35r1-150x150.jpg\" class=\"attachment-thumbnail size-thumbnail\" alt=\"\" title=\"\"><\/a><\/li><li><a data-fancybox=\"gallery519\" href=\"https:\/\/zxdoll.com\/wp-content\/uploads\/2024\/09\/sex-doll-lolis-iRj35r2.jpg\" class=\"eig-popup\" title=\"\" data-caption=\"\" target=\"_blank\"><i class=\"icon-view\"><\/i><span class=\"overlay\"><\/span><img decoding=\"async\" width=\"150\" height=\"150\" src=\"https:\/\/zxdoll.com\/wp-content\/uploads\/2024\/09\/sex-doll-lolis-iRj35r2-150x150.jpg\" class=\"attachment-thumbnail size-thumbnail\" alt=\"\" title=\"\"><\/a><\/li><li><a data-fancybox=\"gallery519\" href=\"https:\/\/zxdoll.com\/wp-content\/uploads\/2024\/09\/sex-doll-lolis-iRj35r3-533x800.jpg\" class=\"eig-popup\" title=\"\" data-caption=\"\" target=\"_blank\"><i class=\"icon-view\"><\/i><span class=\"overlay\"><\/span><img decoding=\"async\" width=\"150\" height=\"150\" src=\"https:\/\/zxdoll.com\/wp-content\/uploads\/2024\/09\/sex-doll-lolis-iRj35r3-150x150.jpg\" class=\"attachment-thumbnail size-thumbnail\" alt=\"\" title=\"\"><\/a><\/li><li><a data-fancybox=\"gallery519\" href=\"https:\/\/zxdoll.com\/wp-content\/uploads\/2024\/09\/sex-doll-lolis-iRj35r4-533x800.jpg\" class=\"eig-popup\" title=\"\" data-caption=\"\" target=\"_blank\"><i class=\"icon-view\"><\/i><span class=\"overlay\"><\/span><img loading=\"lazy\" decoding=\"async\" width=\"150\" height=\"150\" src=\"https:\/\/zxdoll.com\/wp-content\/uploads\/2024\/09\/sex-doll-lolis-iRj35r4-150x150.jpg\" class=\"attachment-thumbnail size-thumbnail\" alt=\"\" title=\"\"><\/a><\/li><li><a data-fancybox=\"gallery519\" href=\"https:\/\/zxdoll.com\/wp-content\/uploads\/2024\/09\/sex-doll-lolis-iRj35r5-533x800.jpg\" class=\"eig-popup\" title=\"\" data-caption=\"\" target=\"_blank\"><i class=\"icon-view\"><\/i><span class=\"overlay\"><\/span><img loading=\"lazy\" decoding=\"async\" width=\"150\" height=\"150\" src=\"https:\/\/zxdoll.com\/wp-content\/uploads\/2024\/09\/sex-doll-lolis-iRj35r5-150x150.jpg\" class=\"attachment-thumbnail size-thumbnail\" alt=\"\" title=\"\"><\/a><\/li><li><a data-fancybox=\"gallery519\" href=\"https:\/\/zxdoll.com\/wp-content\/uploads\/2024\/09\/sex-doll-lolis-iRj35r6-533x800.jpg\" class=\"eig-popup\" title=\"\" data-caption=\"\" target=\"_blank\"><i class=\"icon-view\"><\/i><span class=\"overlay\"><\/span><img loading=\"lazy\" decoding=\"async\" width=\"150\" height=\"150\" src=\"https:\/\/zxdoll.com\/wp-content\/uploads\/2024\/09\/sex-doll-lolis-iRj35r6-150x150.jpg\" class=\"attachment-thumbnail size-thumbnail\" alt=\"\" title=\"\"><\/a><\/li><li><a data-fancybox=\"gallery519\" href=\"https:\/\/zxdoll.com\/wp-content\/uploads\/2024\/09\/sex-doll-lolis-iRj35r7-533x800.jpg\" class=\"eig-popup\" title=\"\" data-caption=\"\" target=\"_blank\"><i class=\"icon-view\"><\/i><span class=\"overlay\"><\/span><img loading=\"lazy\" decoding=\"async\" width=\"150\" height=\"150\" src=\"https:\/\/zxdoll.com\/wp-content\/uploads\/2024\/09\/sex-doll-lolis-iRj35r7-150x150.jpg\" class=\"attachment-thumbnail size-thumbnail\" alt=\"\" title=\"\"><\/a><\/li><li><a data-fancybox=\"gallery519\" href=\"https:\/\/zxdoll.com\/wp-content\/uploads\/2024\/09\/sex-doll-lolis-iRj35r8.jpg\" class=\"eig-popup\" title=\"\" data-caption=\"\" target=\"_blank\"><i class=\"icon-view\"><\/i><span class=\"overlay\"><\/span><img loading=\"lazy\" decoding=\"async\" width=\"150\" height=\"150\" src=\"https:\/\/zxdoll.com\/wp-content\/uploads\/2024\/09\/sex-doll-lolis-iRj35r8-150x150.jpg\" class=\"attachment-thumbnail size-thumbnail\" alt=\"\" title=\"\"><\/a><\/li><li><a data-fancybox=\"gallery519\" href=\"https:\/\/zxdoll.com\/wp-content\/uploads\/2024\/09\/sex-doll-lolis-iRj35r9-533x800.jpg\" class=\"eig-popup\" title=\"\" data-caption=\"\" target=\"_blank\"><i class=\"icon-view\"><\/i><span class=\"overlay\"><\/span><img loading=\"lazy\" decoding=\"async\" width=\"150\" height=\"150\" src=\"https:\/\/zxdoll.com\/wp-content\/uploads\/2024\/09\/sex-doll-lolis-iRj35r9-150x150.jpg\" class=\"attachment-thumbnail size-thumbnail\" alt=\"\" title=\"\"><\/a><\/li><li><a data-fancybox=\"gallery519\" href=\"https:\/\/zxdoll.com\/wp-content\/uploads\/2024\/09\/sex-doll-lolis-iRj35r10-533x800.jpg\" class=\"eig-popup\" title=\"\" data-caption=\"\" target=\"_blank\"><i class=\"icon-view\"><\/i><span class=\"overlay\"><\/span><img loading=\"lazy\" decoding=\"async\" width=\"150\" height=\"150\" src=\"https:\/\/zxdoll.com\/wp-content\/uploads\/2024\/09\/sex-doll-lolis-iRj35r10-150x150.jpg\" class=\"attachment-thumbnail size-thumbnail\" alt=\"\" title=\"\"><\/a><\/li><li><a data-fancybox=\"gallery519\" href=\"https:\/\/zxdoll.com\/wp-content\/uploads\/2024\/09\/sex-doll-lolis-iRj35r11-533x800.jpg\" class=\"eig-popup\" title=\"\" data-caption=\"\" target=\"_blank\"><i class=\"icon-view\"><\/i><span class=\"overlay\"><\/span><img loading=\"lazy\" decoding=\"async\" width=\"150\" height=\"150\" src=\"https:\/\/zxdoll.com\/wp-content\/uploads\/2024\/09\/sex-doll-lolis-iRj35r11-150x150.jpg\" class=\"attachment-thumbnail size-thumbnail\" alt=\"\" title=\"\"><\/a><\/li><li><a data-fancybox=\"gallery519\" href=\"https:\/\/zxdoll.com\/wp-content\/uploads\/2024\/09\/sex-doll-lolis-iRj35r12-1-533x800.jpg\" class=\"eig-popup\" title=\"\" data-caption=\"\" target=\"_blank\"><i class=\"icon-view\"><\/i><span class=\"overlay\"><\/span><img loading=\"lazy\" decoding=\"async\" width=\"150\" height=\"150\" src=\"https:\/\/zxdoll.com\/wp-content\/uploads\/2024\/09\/sex-doll-lolis-iRj35r12-1-150x150.jpg\" class=\"attachment-thumbnail size-thumbnail\" alt=\"\" title=\"\"><\/a><\/li><li><a data-fancybox=\"gallery519\" href=\"https:\/\/zxdoll.com\/wp-content\/uploads\/2024\/09\/sex-doll-lolis-iRj35r13-533x800.jpg\" class=\"eig-popup\" title=\"\" data-caption=\"\" target=\"_blank\"><i class=\"icon-view\"><\/i><span class=\"overlay\"><\/span><img loading=\"lazy\" decoding=\"async\" width=\"150\" height=\"150\" src=\"https:\/\/zxdoll.com\/wp-content\/uploads\/2024\/09\/sex-doll-lolis-iRj35r13-150x150.jpg\" class=\"attachment-thumbnail size-thumbnail\" alt=\"\" title=\"\"><\/a><\/li><li><a data-fancybox=\"gallery519\" href=\"https:\/\/zxdoll.com\/wp-content\/uploads\/2024\/09\/sex-doll-lolis-iRj35r14-533x800.jpg\" class=\"eig-popup\" title=\"\" data-caption=\"\" target=\"_blank\"><i class=\"icon-view\"><\/i><span class=\"overlay\"><\/span><img loading=\"lazy\" decoding=\"async\" width=\"150\" height=\"150\" src=\"https:\/\/zxdoll.com\/wp-content\/uploads\/2024\/09\/sex-doll-lolis-iRj35r14-150x150.jpg\" class=\"attachment-thumbnail size-thumbnail\" alt=\"\" title=\"\"><\/a><\/li><li><a data-fancybox=\"gallery519\" href=\"https:\/\/zxdoll.com\/wp-content\/uploads\/2024\/09\/sex-doll-lolis-iRj35r15-533x800.jpg\" class=\"eig-popup\" title=\"\" data-caption=\"\" target=\"_blank\"><i class=\"icon-view\"><\/i><span class=\"overlay\"><\/span><img loading=\"lazy\" decoding=\"async\" width=\"150\" height=\"150\" src=\"https:\/\/zxdoll.com\/wp-content\/uploads\/2024\/09\/sex-doll-lolis-iRj35r15-150x150.jpg\" class=\"attachment-thumbnail size-thumbnail\" alt=\"\" title=\"\"><\/a><\/li><li><a data-fancybox=\"gallery519\" href=\"https:\/\/zxdoll.com\/wp-content\/uploads\/2024\/09\/sex-doll-lolis-iRj35r16-533x800.jpg\" class=\"eig-popup\" title=\"\" data-caption=\"\" target=\"_blank\"><i class=\"icon-view\"><\/i><span class=\"overlay\"><\/span><img loading=\"lazy\" decoding=\"async\" width=\"150\" height=\"150\" src=\"https:\/\/zxdoll.com\/wp-content\/uploads\/2024\/09\/sex-doll-lolis-iRj35r16-150x150.jpg\" class=\"attachment-thumbnail size-thumbnail\" alt=\"\" title=\"\"><\/a><\/li><li><a data-fancybox=\"gallery519\" href=\"https:\/\/zxdoll.com\/wp-content\/uploads\/2024\/09\/sex-doll-lolis-iRj35r17-533x800.jpg\" class=\"eig-popup\" title=\"\" data-caption=\"\" target=\"_blank\"><i class=\"icon-view\"><\/i><span class=\"overlay\"><\/span><img loading=\"lazy\" decoding=\"async\" width=\"150\" height=\"150\" src=\"https:\/\/zxdoll.com\/wp-content\/uploads\/2024\/09\/sex-doll-lolis-iRj35r17-150x150.jpg\" class=\"attachment-thumbnail size-thumbnail\" alt=\"\" title=\"\"><\/a><\/li><li><a data-fancybox=\"gallery519\" href=\"https:\/\/zxdoll.com\/wp-content\/uploads\/2024\/09\/sex-doll-lolis-iRj35r18-533x800.jpg\" class=\"eig-popup\" title=\"\" data-caption=\"\" target=\"_blank\"><i class=\"icon-view\"><\/i><span class=\"overlay\"><\/span><img loading=\"lazy\" decoding=\"async\" width=\"150\" height=\"150\" src=\"https:\/\/zxdoll.com\/wp-content\/uploads\/2024\/09\/sex-doll-lolis-iRj35r18-150x150.jpg\" class=\"attachment-thumbnail size-thumbnail\" alt=\"\" title=\"\"><\/a><\/li><li><a data-fancybox=\"gallery519\" href=\"https:\/\/zxdoll.com\/wp-content\/uploads\/2024\/09\/sex-doll-lolis-iRj35r19-533x800.jpg\" class=\"eig-popup\" title=\"\" data-caption=\"\" target=\"_blank\"><i class=\"icon-view\"><\/i><span class=\"overlay\"><\/span><img loading=\"lazy\" decoding=\"async\" width=\"150\" height=\"150\" src=\"https:\/\/zxdoll.com\/wp-content\/uploads\/2024\/09\/sex-doll-lolis-iRj35r19-150x150.jpg\" class=\"attachment-thumbnail size-thumbnail\" alt=\"\" title=\"\"><\/a><\/li><\/ul>\n<h4>Tablas de tallas<\/h4>\n<table width=\"221\">\n<tbody>\n<tr>\n<td width=\"127\">Material<\/td>\n<td width=\"94\">TPE<\/td>\n<\/tr>\n<tr>\n<td>Altura<\/td>\n<td width=\"94\">161cm<\/td>\n<\/tr>\n<tr>\n<td>Tama\u00f1o del busto<\/td>\n<td width=\"94\">28F<\/td>\n<\/tr>\n<tr>\n<td>Busto Completo<\/td>\n<td width=\"94\">83cm<\/td>\n<\/tr>\n<tr>\n<td>Cintura<\/td>\n<td width=\"94\">50cm<\/td>\n<\/tr>\n<tr>\n<td>Cadera<\/td>\n<td width=\"94\">89cm<\/td>\n<\/tr>\n<tr>\n<td>Pie<\/td>\n<td width=\"94\">21cm<\/td>\n<\/tr>\n<tr>\n<td>Profundidad bucal<\/td>\n<td width=\"94\">15cm<\/td>\n<\/tr>\n<tr>\n<td>Profundidad de la vagina<\/td>\n<td width=\"94\">17cm<\/td>\n<\/tr>\n<tr>\n<td>Profundidad anal<\/td>\n<td width=\"94\">17cm<\/td>\n<\/tr>\n<tr>\n<td width=\"127\">Peso neto<\/td>\n<td width=\"94\">35kg<\/td>\n<\/tr>\n<\/tbody>\n<\/table>\n<h4>Acerca de la mu\u00f1eca sexual<\/h4>\n<p>&nbsp;<\/p>","protected":false},"excerpt":{"rendered":"<p>Im\u00e1genes de mu\u00f1ecas sexuales Tablas de tallas Material TPE Altura 161 cm Tama\u00f1o de busto 28F Busto completo 83 cm Cintura 50 cm Cadera 89 cm Pie<\/p>","protected":false},"featured_media":165530,"comment_status":"open","ping_status":"closed","template":"","meta":[],"product_brand":[],"product_cat":[234,75,229,80,116,167,107,119],"product_tag":[],"class_list":{"0":"post-165506","1":"product","2":"type-product","3":"status-publish","4":"has-post-thumbnail","6":"product_cat-234","7":"product_cat-160cm-170cm-sex-dolls","8":"product_cat-31kg-35kg","9":"product_cat-asian-sex-doll","10":"product_cat-big-boobs-sex-doll","11":"product_cat-life-like-sex-dolls","12":"product_cat-skinny-sex-dolls","13":"product_cat-tpe-sex-doll","14":"pa_brand-se-doll","15":"tm-has-options","17":"first","18":"instock","19":"sale","20":"shipping-taxable","21":"purchasable","22":"product-type-simple"},"_links":{"self":[{"href":"https:\/\/zxdoll.com\/es\/wp-json\/wp\/v2\/product\/165506","targetHints":{"allow":["GET"]}}],"collection":[{"href":"https:\/\/zxdoll.com\/es\/wp-json\/wp\/v2\/product"}],"about":[{"href":"https:\/\/zxdoll.com\/es\/wp-json\/wp\/v2\/types\/product"}],"replies":[{"embeddable":true,"href":"https:\/\/zxdoll.com\/es\/wp-json\/wp\/v2\/comments?post=165506"}],"version-history":[{"count":2,"href":"https:\/\/zxdoll.com\/es\/wp-json\/wp\/v2\/product\/165506\/revisions"}],"predecessor-version":[{"id":186487,"href":"https:\/\/zxdoll.com\/es\/wp-json\/wp\/v2\/product\/165506\/revisions\/186487"}],"wp:featuredmedia":[{"embeddable":true,"href":"https:\/\/zxdoll.com\/es\/wp-json\/wp\/v2\/media\/165530"}],"wp:attachment":[{"href":"https:\/\/zxdoll.com\/es\/wp-json\/wp\/v2\/media?parent=165506"}],"wp:term":[{"taxonomy":"product_brand","embeddable":true,"href":"https:\/\/zxdoll.com\/es\/wp-json\/wp\/v2\/product_brand?post=165506"},{"taxonomy":"product_cat","embeddable":true,"href":"https:\/\/zxdoll.com\/es\/wp-json\/wp\/v2\/product_cat?post=165506"},{"taxonomy":"product_tag","embeddable":true,"href":"https:\/\/zxdoll.com\/es\/wp-json\/wp\/v2\/product_tag?post=165506"}],"curies":[{"name":"wp","href":"https:\/\/api.w.org\/{rel}","templated":true}]}}