{"id":16544,"date":"2023-03-01T01:32:30","date_gmt":"2023-02-28T17:32:30","guid":{"rendered":"https:\/\/zxdoll.com\/?post_type=product&#038;p=16544"},"modified":"2025-09-17T00:59:09","modified_gmt":"2025-09-16T16:59:09","slug":"cheap-top-rated-orient-industry-love-doll","status":"publish","type":"product","link":"https:\/\/zxdoll.com\/es\/product\/cheap-top-rated-orient-industry-love-doll\/","title":{"rendered":"Cheap Top Rated Orient Industry Love Doll Arvilla 160cm"},"content":{"rendered":"<h4><strong>Im\u00e1genes de mu\u00f1ecas sexuales<\/strong><\/h4>\n\t                <ul class=\"easy-image-gallery thumbnails-23 linked\">\r\n                    <li><a data-fancybox=\"gallery770\" href=\"https:\/\/zxdoll.com\/wp-content\/uploads\/2023\/03\/love-doll-canada-s6v1-533x800.jpg\" class=\"eig-popup\" title=\"\" data-caption=\"\" target=\"_blank\"><i class=\"icon-view\"><\/i><span class=\"overlay\"><\/span><img decoding=\"async\" width=\"150\" height=\"150\" src=\"https:\/\/zxdoll.com\/wp-content\/uploads\/2023\/03\/love-doll-canada-s6v1-150x150.jpg\" class=\"attachment-thumbnail size-thumbnail\" alt=\"\" title=\"\"><\/a><\/li><li><a data-fancybox=\"gallery770\" href=\"https:\/\/zxdoll.com\/wp-content\/uploads\/2023\/03\/love-doll-canada-s6v2.jpg\" class=\"eig-popup\" title=\"\" data-caption=\"\" target=\"_blank\"><i class=\"icon-view\"><\/i><span class=\"overlay\"><\/span><img decoding=\"async\" width=\"150\" height=\"150\" src=\"https:\/\/zxdoll.com\/wp-content\/uploads\/2023\/03\/love-doll-canada-s6v2-150x150.jpg\" class=\"attachment-thumbnail size-thumbnail\" alt=\"\" title=\"\"><\/a><\/li><li><a data-fancybox=\"gallery770\" href=\"https:\/\/zxdoll.com\/wp-content\/uploads\/2023\/03\/love-doll-canada-s6v3.jpg\" class=\"eig-popup\" title=\"\" data-caption=\"\" target=\"_blank\"><i class=\"icon-view\"><\/i><span class=\"overlay\"><\/span><img decoding=\"async\" width=\"150\" height=\"150\" src=\"https:\/\/zxdoll.com\/wp-content\/uploads\/2023\/03\/love-doll-canada-s6v3-150x150.jpg\" class=\"attachment-thumbnail size-thumbnail\" alt=\"\" title=\"\"><\/a><\/li><li><a data-fancybox=\"gallery770\" href=\"https:\/\/zxdoll.com\/wp-content\/uploads\/2023\/03\/love-doll-canada-s6v4.jpg\" class=\"eig-popup\" title=\"\" data-caption=\"\" target=\"_blank\"><i class=\"icon-view\"><\/i><span class=\"overlay\"><\/span><img loading=\"lazy\" decoding=\"async\" width=\"150\" height=\"150\" src=\"https:\/\/zxdoll.com\/wp-content\/uploads\/2023\/03\/love-doll-canada-s6v4-150x150.jpg\" class=\"attachment-thumbnail size-thumbnail\" alt=\"\" title=\"\"><\/a><\/li><li><a data-fancybox=\"gallery770\" href=\"https:\/\/zxdoll.com\/wp-content\/uploads\/2023\/03\/love-doll-canada-s6v6-533x800.jpg\" class=\"eig-popup\" title=\"\" data-caption=\"\" target=\"_blank\"><i class=\"icon-view\"><\/i><span class=\"overlay\"><\/span><img loading=\"lazy\" decoding=\"async\" width=\"150\" height=\"150\" src=\"https:\/\/zxdoll.com\/wp-content\/uploads\/2023\/03\/love-doll-canada-s6v6-150x150.jpg\" class=\"attachment-thumbnail size-thumbnail\" alt=\"\" title=\"\"><\/a><\/li><li><a data-fancybox=\"gallery770\" href=\"https:\/\/zxdoll.com\/wp-content\/uploads\/2023\/03\/love-doll-canada-s6v7.jpg\" class=\"eig-popup\" title=\"\" data-caption=\"\" target=\"_blank\"><i class=\"icon-view\"><\/i><span class=\"overlay\"><\/span><img loading=\"lazy\" decoding=\"async\" width=\"150\" height=\"150\" src=\"https:\/\/zxdoll.com\/wp-content\/uploads\/2023\/03\/love-doll-canada-s6v7-150x150.jpg\" class=\"attachment-thumbnail size-thumbnail\" alt=\"\" title=\"\"><\/a><\/li><li><a data-fancybox=\"gallery770\" href=\"https:\/\/zxdoll.com\/wp-content\/uploads\/2023\/03\/love-doll-canada-s6v8.jpg\" class=\"eig-popup\" title=\"\" data-caption=\"\" target=\"_blank\"><i class=\"icon-view\"><\/i><span class=\"overlay\"><\/span><img loading=\"lazy\" decoding=\"async\" width=\"150\" height=\"150\" src=\"https:\/\/zxdoll.com\/wp-content\/uploads\/2023\/03\/love-doll-canada-s6v8-150x150.jpg\" class=\"attachment-thumbnail size-thumbnail\" alt=\"\" title=\"\"><\/a><\/li><li><a data-fancybox=\"gallery770\" href=\"https:\/\/zxdoll.com\/wp-content\/uploads\/2023\/03\/love-doll-canada-s6v9.jpg\" class=\"eig-popup\" title=\"\" data-caption=\"\" target=\"_blank\"><i class=\"icon-view\"><\/i><span class=\"overlay\"><\/span><img loading=\"lazy\" decoding=\"async\" width=\"150\" height=\"150\" src=\"https:\/\/zxdoll.com\/wp-content\/uploads\/2023\/03\/love-doll-canada-s6v9-150x150.jpg\" class=\"attachment-thumbnail size-thumbnail\" alt=\"\" title=\"\"><\/a><\/li><li><a data-fancybox=\"gallery770\" href=\"https:\/\/zxdoll.com\/wp-content\/uploads\/2023\/03\/love-doll-canada-s6v10.jpg\" class=\"eig-popup\" title=\"\" data-caption=\"\" target=\"_blank\"><i class=\"icon-view\"><\/i><span class=\"overlay\"><\/span><img loading=\"lazy\" decoding=\"async\" width=\"150\" height=\"150\" src=\"https:\/\/zxdoll.com\/wp-content\/uploads\/2023\/03\/love-doll-canada-s6v10-150x150.jpg\" class=\"attachment-thumbnail size-thumbnail\" alt=\"\" title=\"\"><\/a><\/li><li><a data-fancybox=\"gallery770\" href=\"https:\/\/zxdoll.com\/wp-content\/uploads\/2023\/03\/love-doll-canada-s6v11.jpg\" class=\"eig-popup\" title=\"\" data-caption=\"\" target=\"_blank\"><i class=\"icon-view\"><\/i><span class=\"overlay\"><\/span><img loading=\"lazy\" decoding=\"async\" width=\"150\" height=\"100\" src=\"https:\/\/zxdoll.com\/wp-content\/uploads\/2023\/03\/love-doll-canada-s6v11.jpg\" class=\"attachment-thumbnail size-thumbnail\" alt=\"\" title=\"\"><\/a><\/li><li><a data-fancybox=\"gallery770\" href=\"https:\/\/zxdoll.com\/wp-content\/uploads\/2023\/03\/love-doll-canada-s6v12-1.jpg\" class=\"eig-popup\" title=\"\" data-caption=\"\" target=\"_blank\"><i class=\"icon-view\"><\/i><span class=\"overlay\"><\/span><img loading=\"lazy\" decoding=\"async\" width=\"150\" height=\"150\" src=\"https:\/\/zxdoll.com\/wp-content\/uploads\/2023\/03\/love-doll-canada-s6v12-1-150x150.jpg\" class=\"attachment-thumbnail size-thumbnail\" alt=\"\" title=\"\"><\/a><\/li><li><a data-fancybox=\"gallery770\" href=\"https:\/\/zxdoll.com\/wp-content\/uploads\/2023\/03\/love-doll-canada-s6v13-533x800.jpg\" class=\"eig-popup\" title=\"\" data-caption=\"\" target=\"_blank\"><i class=\"icon-view\"><\/i><span class=\"overlay\"><\/span><img loading=\"lazy\" decoding=\"async\" width=\"150\" height=\"150\" src=\"https:\/\/zxdoll.com\/wp-content\/uploads\/2023\/03\/love-doll-canada-s6v13-150x150.jpg\" class=\"attachment-thumbnail size-thumbnail\" alt=\"\" title=\"\"><\/a><\/li><li><a data-fancybox=\"gallery770\" href=\"https:\/\/zxdoll.com\/wp-content\/uploads\/2023\/03\/love-doll-canada-s6v14.jpg\" class=\"eig-popup\" title=\"\" data-caption=\"\" target=\"_blank\"><i class=\"icon-view\"><\/i><span class=\"overlay\"><\/span><img loading=\"lazy\" decoding=\"async\" width=\"150\" height=\"150\" src=\"https:\/\/zxdoll.com\/wp-content\/uploads\/2023\/03\/love-doll-canada-s6v14-150x150.jpg\" class=\"attachment-thumbnail size-thumbnail\" alt=\"\" title=\"\"><\/a><\/li><li><a data-fancybox=\"gallery770\" href=\"https:\/\/zxdoll.com\/wp-content\/uploads\/2023\/03\/love-doll-canada-s6v15.jpg\" class=\"eig-popup\" title=\"\" data-caption=\"\" target=\"_blank\"><i class=\"icon-view\"><\/i><span class=\"overlay\"><\/span><img loading=\"lazy\" decoding=\"async\" width=\"150\" height=\"150\" src=\"https:\/\/zxdoll.com\/wp-content\/uploads\/2023\/03\/love-doll-canada-s6v15-150x150.jpg\" class=\"attachment-thumbnail size-thumbnail\" alt=\"\" title=\"\"><\/a><\/li><li><a data-fancybox=\"gallery770\" href=\"https:\/\/zxdoll.com\/wp-content\/uploads\/2023\/03\/love-doll-canada-s6v16.jpg\" class=\"eig-popup\" title=\"\" data-caption=\"\" target=\"_blank\"><i class=\"icon-view\"><\/i><span class=\"overlay\"><\/span><img loading=\"lazy\" decoding=\"async\" width=\"150\" height=\"150\" src=\"https:\/\/zxdoll.com\/wp-content\/uploads\/2023\/03\/love-doll-canada-s6v16-150x150.jpg\" class=\"attachment-thumbnail size-thumbnail\" alt=\"\" title=\"\"><\/a><\/li><li><a data-fancybox=\"gallery770\" href=\"https:\/\/zxdoll.com\/wp-content\/uploads\/2023\/03\/love-doll-canada-s6v17-533x800.jpg\" class=\"eig-popup\" title=\"\" data-caption=\"\" target=\"_blank\"><i class=\"icon-view\"><\/i><span class=\"overlay\"><\/span><img loading=\"lazy\" decoding=\"async\" width=\"150\" height=\"150\" src=\"https:\/\/zxdoll.com\/wp-content\/uploads\/2023\/03\/love-doll-canada-s6v17-150x150.jpg\" class=\"attachment-thumbnail size-thumbnail\" alt=\"\" title=\"\"><\/a><\/li><li><a data-fancybox=\"gallery770\" href=\"https:\/\/zxdoll.com\/wp-content\/uploads\/2023\/03\/love-doll-canada-s6v18.jpg\" class=\"eig-popup\" title=\"\" data-caption=\"\" target=\"_blank\"><i class=\"icon-view\"><\/i><span class=\"overlay\"><\/span><img loading=\"lazy\" decoding=\"async\" width=\"150\" height=\"150\" src=\"https:\/\/zxdoll.com\/wp-content\/uploads\/2023\/03\/love-doll-canada-s6v18-150x150.jpg\" class=\"attachment-thumbnail size-thumbnail\" alt=\"\" title=\"\"><\/a><\/li><li><a data-fancybox=\"gallery770\" href=\"https:\/\/zxdoll.com\/wp-content\/uploads\/2023\/03\/love-doll-canada-s6v19-533x800.jpg\" class=\"eig-popup\" title=\"\" data-caption=\"\" target=\"_blank\"><i class=\"icon-view\"><\/i><span class=\"overlay\"><\/span><img loading=\"lazy\" decoding=\"async\" width=\"150\" height=\"150\" src=\"https:\/\/zxdoll.com\/wp-content\/uploads\/2023\/03\/love-doll-canada-s6v19-150x150.jpg\" class=\"attachment-thumbnail size-thumbnail\" alt=\"\" title=\"\"><\/a><\/li><li><a data-fancybox=\"gallery770\" href=\"https:\/\/zxdoll.com\/wp-content\/uploads\/2023\/03\/love-doll-canada-s6v20.jpg\" class=\"eig-popup\" title=\"\" data-caption=\"\" target=\"_blank\"><i class=\"icon-view\"><\/i><span class=\"overlay\"><\/span><img loading=\"lazy\" decoding=\"async\" width=\"100\" height=\"150\" src=\"https:\/\/zxdoll.com\/wp-content\/uploads\/2023\/03\/love-doll-canada-s6v20.jpg\" class=\"attachment-thumbnail size-thumbnail\" alt=\"\" title=\"\"><\/a><\/li><li><a data-fancybox=\"gallery770\" href=\"https:\/\/zxdoll.com\/wp-content\/uploads\/2023\/03\/love-doll-canada-s6v21-533x800.jpg\" class=\"eig-popup\" title=\"\" data-caption=\"\" target=\"_blank\"><i class=\"icon-view\"><\/i><span class=\"overlay\"><\/span><img loading=\"lazy\" decoding=\"async\" width=\"150\" height=\"150\" src=\"https:\/\/zxdoll.com\/wp-content\/uploads\/2023\/03\/love-doll-canada-s6v21-150x150.jpg\" class=\"attachment-thumbnail size-thumbnail\" alt=\"\" title=\"\"><\/a><\/li><li><a data-fancybox=\"gallery770\" href=\"https:\/\/zxdoll.com\/wp-content\/uploads\/2023\/03\/love-doll-canada-s6v22-533x800.jpg\" class=\"eig-popup\" title=\"\" data-caption=\"\" target=\"_blank\"><i class=\"icon-view\"><\/i><span class=\"overlay\"><\/span><img loading=\"lazy\" decoding=\"async\" width=\"150\" height=\"150\" src=\"https:\/\/zxdoll.com\/wp-content\/uploads\/2023\/03\/love-doll-canada-s6v22-150x150.jpg\" class=\"attachment-thumbnail size-thumbnail\" alt=\"\" title=\"\"><\/a><\/li><li><a data-fancybox=\"gallery770\" href=\"https:\/\/zxdoll.com\/wp-content\/uploads\/2023\/03\/love-doll-canada-s6v24-533x800.jpg\" class=\"eig-popup\" title=\"\" data-caption=\"\" target=\"_blank\"><i class=\"icon-view\"><\/i><span class=\"overlay\"><\/span><img loading=\"lazy\" decoding=\"async\" width=\"150\" height=\"150\" src=\"https:\/\/zxdoll.com\/wp-content\/uploads\/2023\/03\/love-doll-canada-s6v24-150x150.jpg\" class=\"attachment-thumbnail size-thumbnail\" alt=\"\" title=\"\"><\/a><\/li><li><a data-fancybox=\"gallery770\" href=\"https:\/\/zxdoll.com\/wp-content\/uploads\/2023\/03\/love-doll-canada-s6v25.jpg\" class=\"eig-popup\" title=\"\" data-caption=\"\" target=\"_blank\"><i class=\"icon-view\"><\/i><span class=\"overlay\"><\/span><img loading=\"lazy\" decoding=\"async\" width=\"150\" height=\"150\" src=\"https:\/\/zxdoll.com\/wp-content\/uploads\/2023\/03\/love-doll-canada-s6v25-150x150.jpg\" class=\"attachment-thumbnail size-thumbnail\" alt=\"\" title=\"\"><\/a><\/li><\/ul>\n<h4>Tablas de tallas<\/h4>\n<table width=\"269\">\n<tbody>\n<tr>\n<td width=\"130\">Material<\/td>\n<td width=\"139\">TPE<\/td>\n<\/tr>\n<tr>\n<td width=\"130\">Altura<\/td>\n<td width=\"139\">160cm<\/td>\n<\/tr>\n<tr>\n<td>Mama<\/td>\n<td>83cm<\/td>\n<\/tr>\n<tr>\n<td>Cintura<\/td>\n<td>60cm<\/td>\n<\/tr>\n<tr>\n<td>Cadera<\/td>\n<td>88cm<\/td>\n<\/tr>\n<tr>\n<td>Hombro<\/td>\n<td>35cm<\/td>\n<\/tr>\n<tr>\n<td>Largo del brazo<\/td>\n<td>60cm<\/td>\n<\/tr>\n<tr>\n<td>Largo del pie<\/td>\n<td>21cm<\/td>\n<\/tr>\n<tr>\n<td>Peso neto<\/td>\n<td>40KG<\/td>\n<\/tr>\n<tr>\n<td>Profundidad bucal<\/td>\n<td>13cm<\/td>\n<\/tr>\n<tr>\n<td>Profundidad vaginal<\/td>\n<td>17cm<\/td>\n<\/tr>\n<tr>\n<td>Profundidad anal<\/td>\n<td>16cm<\/td>\n<\/tr>\n<\/tbody>\n<\/table>\n<h4>Acerca de la mu\u00f1eca sexual<\/h4>\n<p>Nuestras mu\u00f1ecas sexuales m\u00e1s nuevas brindan una cascada de felicidad m\u00e1xima, lo que resulta en una euforia org\u00e1smica prometedora. \u00bfAlguna vez ha buscado en los sitios web de mu\u00f1ecas sexuales mejor calificados una mu\u00f1eca sexual barata personalizada que coincida con su imaginaci\u00f3n m\u00e1s salvaje? \u00a1Sinceramente, le sugiero que detenga su b\u00fasqueda porque est\u00e1 a punto de tener la mejor experiencia de su vida!<\/p>\n<p>Orient Industry Love Doll es un producto fant\u00e1stico. El material TPE del que est\u00e1n hechas nuestras mu\u00f1ecas de amor m\u00e1s nuevas se siente muy realista y satisfactorio al tacto. El interior te hace desear m\u00e1s. Puedes sentir cada tirantez, costilla y protuberancia; las tetas son llenas y suaves, mientras que las piernas brindan f\u00e1cil acceso para abrirse y dar un golpe apropiado que en \u00faltima instancia conduce a la m\u00e1xima satisfacci\u00f3n y una percepci\u00f3n positiva del rendimiento.<\/p>\n<p>La sensaci\u00f3n placentera de nuestras \u00faltimas mu\u00f1ecas sexuales har\u00e1 que tengas tu momento hasta el contenido de tu coraz\u00f3n. Puedes tomarte tu tiempo mientras disfrutas de estos placeres.<\/p>\n<p>Es f\u00e1cil de usar. Da vida a las fantas\u00edas que dan nacimiento a m\u00e1s fantas\u00edas. La mu\u00f1eca sexual de tama\u00f1o natural es bastante f\u00e1cil de limpiar y mantener porque est\u00e1 fabricada con un material que no se desgasta. Estas mejores mu\u00f1ecas sexuales pueden permanecer durante un largo per\u00edodo de tiempo.<\/p>","protected":false},"excerpt":{"rendered":"<p>Im\u00e1genes de mu\u00f1ecas sexuales Tablas de tallas Material TPE Altura 160 cm Pecho 83 cm Cintura 60 cm Cadera 88 cm Hombro 35 cm Longitud del brazo 60 cm<\/p>","protected":false},"featured_media":16564,"comment_status":"open","ping_status":"closed","template":"","meta":[],"product_brand":[],"product_cat":[75,230,80,99,107,117,119],"product_tag":[],"class_list":{"0":"post-16544","1":"product","2":"type-product","3":"status-publish","4":"has-post-thumbnail","6":"product_cat-160cm-170cm-sex-dolls","7":"product_cat-36kg-40kg","8":"product_cat-asian-sex-doll","9":"product_cat-life-size-sex-dolls","10":"product_cat-skinny-sex-dolls","11":"product_cat-small-breast-sex-doll","12":"product_cat-tpe-sex-doll","13":"pa_brand-6ye-doll","14":"tm-has-options","16":"first","17":"instock","18":"sale","19":"shipping-taxable","20":"purchasable","21":"product-type-simple"},"_links":{"self":[{"href":"https:\/\/zxdoll.com\/es\/wp-json\/wp\/v2\/product\/16544","targetHints":{"allow":["GET"]}}],"collection":[{"href":"https:\/\/zxdoll.com\/es\/wp-json\/wp\/v2\/product"}],"about":[{"href":"https:\/\/zxdoll.com\/es\/wp-json\/wp\/v2\/types\/product"}],"replies":[{"embeddable":true,"href":"https:\/\/zxdoll.com\/es\/wp-json\/wp\/v2\/comments?post=16544"}],"version-history":[{"count":1,"href":"https:\/\/zxdoll.com\/es\/wp-json\/wp\/v2\/product\/16544\/revisions"}],"predecessor-version":[{"id":197878,"href":"https:\/\/zxdoll.com\/es\/wp-json\/wp\/v2\/product\/16544\/revisions\/197878"}],"wp:featuredmedia":[{"embeddable":true,"href":"https:\/\/zxdoll.com\/es\/wp-json\/wp\/v2\/media\/16564"}],"wp:attachment":[{"href":"https:\/\/zxdoll.com\/es\/wp-json\/wp\/v2\/media?parent=16544"}],"wp:term":[{"taxonomy":"product_brand","embeddable":true,"href":"https:\/\/zxdoll.com\/es\/wp-json\/wp\/v2\/product_brand?post=16544"},{"taxonomy":"product_cat","embeddable":true,"href":"https:\/\/zxdoll.com\/es\/wp-json\/wp\/v2\/product_cat?post=16544"},{"taxonomy":"product_tag","embeddable":true,"href":"https:\/\/zxdoll.com\/es\/wp-json\/wp\/v2\/product_tag?post=16544"}],"curies":[{"name":"wp","href":"https:\/\/api.w.org\/{rel}","templated":true}]}}