{"id":16119,"date":"2023-02-28T04:57:59","date_gmt":"2023-02-27T20:57:59","guid":{"rendered":"https:\/\/zxdoll.com\/?post_type=product&#038;p=16119"},"modified":"2025-09-17T00:32:38","modified_gmt":"2025-09-16T16:32:38","slug":"perfect-durable-inexpensive-sex-dolls","status":"publish","type":"product","link":"https:\/\/zxdoll.com\/es\/product\/perfect-durable-inexpensive-sex-dolls\/","title":{"rendered":"Mu\u00f1ecas sexuales econ\u00f3micas y duraderas perfectas Johnie 150cm"},"content":{"rendered":"<h4><strong>Im\u00e1genes de mu\u00f1ecas sexuales<\/strong><\/h4>\n\t                <ul class=\"easy-image-gallery thumbnails-9 linked\">\r\n                    <li><a data-fancybox=\"gallery770\" href=\"https:\/\/zxdoll.com\/wp-content\/uploads\/2023\/02\/bunny-sex-doll-s4r1-533x800.jpg\" class=\"eig-popup\" title=\"\" data-caption=\"\" target=\"_blank\"><i class=\"icon-view\"><\/i><span class=\"overlay\"><\/span><img decoding=\"async\" width=\"150\" height=\"150\" src=\"https:\/\/zxdoll.com\/wp-content\/uploads\/2023\/02\/bunny-sex-doll-s4r1-150x150.jpg\" class=\"attachment-thumbnail size-thumbnail\" alt=\"\" title=\"\"><\/a><\/li><li><a data-fancybox=\"gallery770\" href=\"https:\/\/zxdoll.com\/wp-content\/uploads\/2023\/02\/bunny-sex-doll-s4r2-1-533x800.jpg\" class=\"eig-popup\" title=\"\" data-caption=\"\" target=\"_blank\"><i class=\"icon-view\"><\/i><span class=\"overlay\"><\/span><img decoding=\"async\" width=\"150\" height=\"150\" src=\"https:\/\/zxdoll.com\/wp-content\/uploads\/2023\/02\/bunny-sex-doll-s4r2-1-150x150.jpg\" class=\"attachment-thumbnail size-thumbnail\" alt=\"\" title=\"\"><\/a><\/li><li><a data-fancybox=\"gallery770\" href=\"https:\/\/zxdoll.com\/wp-content\/uploads\/2023\/02\/bunny-sex-doll-s4r3-533x800.jpg\" class=\"eig-popup\" title=\"\" data-caption=\"\" target=\"_blank\"><i class=\"icon-view\"><\/i><span class=\"overlay\"><\/span><img decoding=\"async\" width=\"150\" height=\"150\" src=\"https:\/\/zxdoll.com\/wp-content\/uploads\/2023\/02\/bunny-sex-doll-s4r3-150x150.jpg\" class=\"attachment-thumbnail size-thumbnail\" alt=\"\" title=\"\"><\/a><\/li><li><a data-fancybox=\"gallery770\" href=\"https:\/\/zxdoll.com\/wp-content\/uploads\/2023\/02\/bunny-sex-doll-s4r4-800x800.jpg\" class=\"eig-popup\" title=\"\" data-caption=\"\" target=\"_blank\"><i class=\"icon-view\"><\/i><span class=\"overlay\"><\/span><img loading=\"lazy\" decoding=\"async\" width=\"150\" height=\"150\" src=\"https:\/\/zxdoll.com\/wp-content\/uploads\/2023\/02\/bunny-sex-doll-s4r4-150x150.jpg\" class=\"attachment-thumbnail size-thumbnail\" alt=\"\" srcset=\"https:\/\/zxdoll.com\/wp-content\/uploads\/2023\/02\/bunny-sex-doll-s4r4-150x150.jpg 150w, https:\/\/zxdoll.com\/wp-content\/uploads\/2023\/02\/bunny-sex-doll-s4r4-300x300.jpg 300w, https:\/\/zxdoll.com\/wp-content\/uploads\/2023\/02\/bunny-sex-doll-s4r4-800x800.jpg 800w, https:\/\/zxdoll.com\/wp-content\/uploads\/2023\/02\/bunny-sex-doll-s4r4-768x768.jpg 768w, https:\/\/zxdoll.com\/wp-content\/uploads\/2023\/02\/bunny-sex-doll-s4r4-12x12.jpg 12w, https:\/\/zxdoll.com\/wp-content\/uploads\/2023\/02\/bunny-sex-doll-s4r4-860x860.jpg 860w, https:\/\/zxdoll.com\/wp-content\/uploads\/2023\/02\/bunny-sex-doll-s4r4-430x430.jpg 430w, https:\/\/zxdoll.com\/wp-content\/uploads\/2023\/02\/bunny-sex-doll-s4r4-700x700.jpg 700w, https:\/\/zxdoll.com\/wp-content\/uploads\/2023\/02\/bunny-sex-doll-s4r4.jpg 900w\" sizes=\"(max-width: 150px) 100vw, 150px\" title=\"\"><\/a><\/li><li><a data-fancybox=\"gallery770\" href=\"https:\/\/zxdoll.com\/wp-content\/uploads\/2023\/02\/bunny-sex-doll-s4r5-800x800.jpg\" class=\"eig-popup\" title=\"\" data-caption=\"\" target=\"_blank\"><i class=\"icon-view\"><\/i><span class=\"overlay\"><\/span><img loading=\"lazy\" decoding=\"async\" width=\"150\" height=\"150\" src=\"https:\/\/zxdoll.com\/wp-content\/uploads\/2023\/02\/bunny-sex-doll-s4r5-150x150.jpg\" class=\"attachment-thumbnail size-thumbnail\" alt=\"\" srcset=\"https:\/\/zxdoll.com\/wp-content\/uploads\/2023\/02\/bunny-sex-doll-s4r5-150x150.jpg 150w, https:\/\/zxdoll.com\/wp-content\/uploads\/2023\/02\/bunny-sex-doll-s4r5-300x300.jpg 300w, https:\/\/zxdoll.com\/wp-content\/uploads\/2023\/02\/bunny-sex-doll-s4r5-800x800.jpg 800w, https:\/\/zxdoll.com\/wp-content\/uploads\/2023\/02\/bunny-sex-doll-s4r5-768x768.jpg 768w, https:\/\/zxdoll.com\/wp-content\/uploads\/2023\/02\/bunny-sex-doll-s4r5-12x12.jpg 12w, https:\/\/zxdoll.com\/wp-content\/uploads\/2023\/02\/bunny-sex-doll-s4r5-860x860.jpg 860w, https:\/\/zxdoll.com\/wp-content\/uploads\/2023\/02\/bunny-sex-doll-s4r5-430x430.jpg 430w, https:\/\/zxdoll.com\/wp-content\/uploads\/2023\/02\/bunny-sex-doll-s4r5-700x700.jpg 700w, https:\/\/zxdoll.com\/wp-content\/uploads\/2023\/02\/bunny-sex-doll-s4r5.jpg 900w\" sizes=\"(max-width: 150px) 100vw, 150px\" title=\"\"><\/a><\/li><li><a data-fancybox=\"gallery770\" href=\"https:\/\/zxdoll.com\/wp-content\/uploads\/2023\/02\/bunny-sex-doll-s4r6-533x800.jpg\" class=\"eig-popup\" title=\"\" data-caption=\"\" target=\"_blank\"><i class=\"icon-view\"><\/i><span class=\"overlay\"><\/span><img loading=\"lazy\" decoding=\"async\" width=\"150\" height=\"150\" src=\"https:\/\/zxdoll.com\/wp-content\/uploads\/2023\/02\/bunny-sex-doll-s4r6-150x150.jpg\" class=\"attachment-thumbnail size-thumbnail\" alt=\"\" title=\"\"><\/a><\/li><li><a data-fancybox=\"gallery770\" href=\"https:\/\/zxdoll.com\/wp-content\/uploads\/2023\/02\/bunny-sex-doll-s4r7-800x800.jpg\" class=\"eig-popup\" title=\"\" data-caption=\"\" target=\"_blank\"><i class=\"icon-view\"><\/i><span class=\"overlay\"><\/span><img loading=\"lazy\" decoding=\"async\" width=\"150\" height=\"150\" src=\"https:\/\/zxdoll.com\/wp-content\/uploads\/2023\/02\/bunny-sex-doll-s4r7-150x150.jpg\" class=\"attachment-thumbnail size-thumbnail\" alt=\"\" srcset=\"https:\/\/zxdoll.com\/wp-content\/uploads\/2023\/02\/bunny-sex-doll-s4r7-150x150.jpg 150w, https:\/\/zxdoll.com\/wp-content\/uploads\/2023\/02\/bunny-sex-doll-s4r7-300x300.jpg 300w, https:\/\/zxdoll.com\/wp-content\/uploads\/2023\/02\/bunny-sex-doll-s4r7-800x800.jpg 800w, https:\/\/zxdoll.com\/wp-content\/uploads\/2023\/02\/bunny-sex-doll-s4r7-768x768.jpg 768w, https:\/\/zxdoll.com\/wp-content\/uploads\/2023\/02\/bunny-sex-doll-s4r7-12x12.jpg 12w, https:\/\/zxdoll.com\/wp-content\/uploads\/2023\/02\/bunny-sex-doll-s4r7-860x860.jpg 860w, https:\/\/zxdoll.com\/wp-content\/uploads\/2023\/02\/bunny-sex-doll-s4r7-430x430.jpg 430w, https:\/\/zxdoll.com\/wp-content\/uploads\/2023\/02\/bunny-sex-doll-s4r7-700x700.jpg 700w, https:\/\/zxdoll.com\/wp-content\/uploads\/2023\/02\/bunny-sex-doll-s4r7.jpg 900w\" sizes=\"(max-width: 150px) 100vw, 150px\" title=\"\"><\/a><\/li><li><a data-fancybox=\"gallery770\" href=\"https:\/\/zxdoll.com\/wp-content\/uploads\/2023\/02\/bunny-sex-doll-s4r8-800x800.jpg\" class=\"eig-popup\" title=\"\" data-caption=\"\" target=\"_blank\"><i class=\"icon-view\"><\/i><span class=\"overlay\"><\/span><img loading=\"lazy\" decoding=\"async\" width=\"150\" height=\"150\" src=\"https:\/\/zxdoll.com\/wp-content\/uploads\/2023\/02\/bunny-sex-doll-s4r8-150x150.jpg\" class=\"attachment-thumbnail size-thumbnail\" alt=\"\" srcset=\"https:\/\/zxdoll.com\/wp-content\/uploads\/2023\/02\/bunny-sex-doll-s4r8-150x150.jpg 150w, https:\/\/zxdoll.com\/wp-content\/uploads\/2023\/02\/bunny-sex-doll-s4r8-300x300.jpg 300w, https:\/\/zxdoll.com\/wp-content\/uploads\/2023\/02\/bunny-sex-doll-s4r8-800x800.jpg 800w, https:\/\/zxdoll.com\/wp-content\/uploads\/2023\/02\/bunny-sex-doll-s4r8-768x768.jpg 768w, https:\/\/zxdoll.com\/wp-content\/uploads\/2023\/02\/bunny-sex-doll-s4r8-12x12.jpg 12w, https:\/\/zxdoll.com\/wp-content\/uploads\/2023\/02\/bunny-sex-doll-s4r8-860x860.jpg 860w, https:\/\/zxdoll.com\/wp-content\/uploads\/2023\/02\/bunny-sex-doll-s4r8-430x430.jpg 430w, https:\/\/zxdoll.com\/wp-content\/uploads\/2023\/02\/bunny-sex-doll-s4r8-700x700.jpg 700w, https:\/\/zxdoll.com\/wp-content\/uploads\/2023\/02\/bunny-sex-doll-s4r8.jpg 900w\" sizes=\"(max-width: 150px) 100vw, 150px\" title=\"\"><\/a><\/li><li><a data-fancybox=\"gallery770\" href=\"https:\/\/zxdoll.com\/wp-content\/uploads\/2023\/02\/bunny-sex-doll-s4r9.jpg\" class=\"eig-popup\" title=\"\" data-caption=\"\" target=\"_blank\"><i class=\"icon-view\"><\/i><span class=\"overlay\"><\/span><img loading=\"lazy\" decoding=\"async\" width=\"100\" height=\"150\" src=\"https:\/\/zxdoll.com\/wp-content\/uploads\/2023\/02\/bunny-sex-doll-s4r9.jpg\" class=\"attachment-thumbnail size-thumbnail\" alt=\"\" title=\"\"><\/a><\/li><\/ul>\n<h4>Tablas de tallas<\/h4>\n<table width=\"269\">\n<tbody>\n<tr>\n<td width=\"130\">Material<\/td>\n<td width=\"139\">TPE<\/td>\n<\/tr>\n<tr>\n<td width=\"130\">Altura<\/td>\n<td width=\"139\">150cm<\/td>\n<\/tr>\n<tr>\n<td>Mama<\/td>\n<td>75cm<\/td>\n<\/tr>\n<tr>\n<td>Cintura<\/td>\n<td>54cm<\/td>\n<\/tr>\n<tr>\n<td>Cadera<\/td>\n<td>77cm<\/td>\n<\/tr>\n<tr>\n<td>Hombro<\/td>\n<td>32cm<\/td>\n<\/tr>\n<tr>\n<td>Longitud de las piernas<\/td>\n<td>89cm<\/td>\n<\/tr>\n<tr>\n<td>Largo del brazo<\/td>\n<td>54cm<\/td>\n<\/tr>\n<tr>\n<td>Largo del pie<\/td>\n<td>19cm<\/td>\n<\/tr>\n<tr>\n<td>Peso neto<\/td>\n<td>27 kg<\/td>\n<\/tr>\n<tr>\n<td>Profundidad bucal<\/td>\n<td>13cm<\/td>\n<\/tr>\n<tr>\n<td>Profundidad vaginal<\/td>\n<td>17cm<\/td>\n<\/tr>\n<tr>\n<td>Profundidad anal<\/td>\n<td>16cm<\/td>\n<\/tr>\n<\/tbody>\n<\/table>\n<h4>Acerca de la mu\u00f1eca sexual<\/h4>\n<p>Tener una pareja que se queje de lo mucho que dura o de no encontrar los puntos perfectos puede disminuir su autoestima. \u00bfQu\u00e9 tal conseguir mu\u00f1ecas sexuales para adultos para que los hombres ayuden?<\/p>\n<p>Puedes convertirte en un maestro y aumentar tu ego en el camino. Conseguir la mu\u00f1eca sexual perfecta puede ser un suplicio, pero puedes visitar el mejor sitio de mu\u00f1ecas sexuales para encontrar la mejor f\u00e1brica de mu\u00f1ecas sexuales para hacer tu elecci\u00f3n con las especificaciones. Todo el mundo tiene diferentes opciones, y t\u00fa tambi\u00e9n. Si te gustan las mu\u00f1ecas sexuales culturistas o modelos m\u00e1s delgados como estos, creemos en la variedad.<\/p>\n<p>Las mu\u00f1ecas sexuales econ\u00f3micas son duraderas. Tambi\u00e9n puedes tener sexo con ellos sin miedo a las ITS o al embarazo. Estas mu\u00f1ecas sexuales parecidas a humanos a\u00f1aden una sensaci\u00f3n de emoci\u00f3n a tu vida sexual. La libertad de practicar tantas posiciones como quieras y hacer muchas rondas es insustituible.<\/p>\n<p>Puedes obtener una vida como una mu\u00f1eca sexual como pareja para siempre. No hay absolutamente ning\u00fan temor de que ella sea una trampa. La mu\u00f1eca sexual de tama\u00f1o natural es solo tuya. Aqu\u00ed tienes un consejo: si te confundes sobre c\u00f3mo disfrutar correctamente de una sesi\u00f3n con tu mu\u00f1eca sexual, existen v\u00eddeos de mu\u00f1ecas sexuales reales para echarte una mano.<\/p>","protected":false},"excerpt":{"rendered":"<p>Im\u00e1genes de mu\u00f1ecas sexuales Tablas de tallas Material TPE Altura 150 cm Pecho 75 cm Cintura 54 cm Cadera 77 cm Hombro 32 cm Longitud de la pierna 89 cm<\/p>","protected":false},"featured_media":16129,"comment_status":"open","ping_status":"closed","template":"","meta":[],"product_brand":[],"product_cat":[112,228,99,107,117,119],"product_tag":[],"class_list":{"0":"post-16119","1":"product","2":"type-product","3":"status-publish","4":"has-post-thumbnail","6":"product_cat-150cm-159cm-sex-dolls","7":"product_cat-26kg-30kg","8":"product_cat-life-size-sex-dolls","9":"product_cat-skinny-sex-dolls","10":"product_cat-small-breast-sex-doll","11":"product_cat-tpe-sex-doll","12":"pa_brand-6ye-doll","13":"tm-has-options","15":"first","16":"instock","17":"sale","18":"shipping-taxable","19":"purchasable","20":"product-type-simple"},"_links":{"self":[{"href":"https:\/\/zxdoll.com\/es\/wp-json\/wp\/v2\/product\/16119","targetHints":{"allow":["GET"]}}],"collection":[{"href":"https:\/\/zxdoll.com\/es\/wp-json\/wp\/v2\/product"}],"about":[{"href":"https:\/\/zxdoll.com\/es\/wp-json\/wp\/v2\/types\/product"}],"replies":[{"embeddable":true,"href":"https:\/\/zxdoll.com\/es\/wp-json\/wp\/v2\/comments?post=16119"}],"version-history":[{"count":1,"href":"https:\/\/zxdoll.com\/es\/wp-json\/wp\/v2\/product\/16119\/revisions"}],"predecessor-version":[{"id":197837,"href":"https:\/\/zxdoll.com\/es\/wp-json\/wp\/v2\/product\/16119\/revisions\/197837"}],"wp:featuredmedia":[{"embeddable":true,"href":"https:\/\/zxdoll.com\/es\/wp-json\/wp\/v2\/media\/16129"}],"wp:attachment":[{"href":"https:\/\/zxdoll.com\/es\/wp-json\/wp\/v2\/media?parent=16119"}],"wp:term":[{"taxonomy":"product_brand","embeddable":true,"href":"https:\/\/zxdoll.com\/es\/wp-json\/wp\/v2\/product_brand?post=16119"},{"taxonomy":"product_cat","embeddable":true,"href":"https:\/\/zxdoll.com\/es\/wp-json\/wp\/v2\/product_cat?post=16119"},{"taxonomy":"product_tag","embeddable":true,"href":"https:\/\/zxdoll.com\/es\/wp-json\/wp\/v2\/product_tag?post=16119"}],"curies":[{"name":"wp","href":"https:\/\/api.w.org\/{rel}","templated":true}]}}