{"id":157921,"date":"2024-09-13T20:36:28","date_gmt":"2024-09-13T12:36:28","guid":{"rendered":"https:\/\/zxdoll.com\/?post_type=product&#038;p=157921"},"modified":"2024-10-01T02:33:07","modified_gmt":"2024-09-30T18:33:07","slug":"karley-sciortino-sex-doll-porn","status":"publish","type":"product","link":"https:\/\/zxdoll.com\/es\/product\/karley-sciortino-sex-doll-porn\/","title":{"rendered":"Mu\u00f1eca sexual porno Karley Sciortino Alexi 49,5 cm"},"content":{"rendered":"<h4><strong>Im\u00e1genes de mu\u00f1ecas sexuales<\/strong><\/h4>\n\t                <ul class=\"easy-image-gallery thumbnails-11 linked\">\r\n                    <li><a data-fancybox=\"gallery835\" href=\"https:\/\/zxdoll.com\/wp-content\/uploads\/2024\/09\/renamon-sex-doll-wTu39s1.jpg\" class=\"eig-popup\" title=\"\" data-caption=\"\" target=\"_blank\"><i class=\"icon-view\"><\/i><span class=\"overlay\"><\/span><img decoding=\"async\" width=\"150\" height=\"150\" src=\"https:\/\/zxdoll.com\/wp-content\/uploads\/2024\/09\/renamon-sex-doll-wTu39s1-150x150.jpg\" class=\"attachment-thumbnail size-thumbnail\" alt=\"\" srcset=\"https:\/\/zxdoll.com\/wp-content\/uploads\/2024\/09\/renamon-sex-doll-wTu39s1-150x150.jpg 150w, https:\/\/zxdoll.com\/wp-content\/uploads\/2024\/09\/renamon-sex-doll-wTu39s1-300x300.jpg 300w, https:\/\/zxdoll.com\/wp-content\/uploads\/2024\/09\/renamon-sex-doll-wTu39s1-768x768.jpg 768w, https:\/\/zxdoll.com\/wp-content\/uploads\/2024\/09\/renamon-sex-doll-wTu39s1-12x12.jpg 12w, https:\/\/zxdoll.com\/wp-content\/uploads\/2024\/09\/renamon-sex-doll-wTu39s1-430x430.jpg 430w, https:\/\/zxdoll.com\/wp-content\/uploads\/2024\/09\/renamon-sex-doll-wTu39s1-700x700.jpg 700w, https:\/\/zxdoll.com\/wp-content\/uploads\/2024\/09\/renamon-sex-doll-wTu39s1.jpg 800w\" sizes=\"(max-width: 150px) 100vw, 150px\" title=\"\"><\/a><\/li><li><a data-fancybox=\"gallery835\" href=\"https:\/\/zxdoll.com\/wp-content\/uploads\/2024\/09\/renamon-sex-doll-wTu39s2.jpg\" class=\"eig-popup\" title=\"\" data-caption=\"\" target=\"_blank\"><i class=\"icon-view\"><\/i><span class=\"overlay\"><\/span><img decoding=\"async\" width=\"150\" height=\"150\" src=\"https:\/\/zxdoll.com\/wp-content\/uploads\/2024\/09\/renamon-sex-doll-wTu39s2-150x150.jpg\" class=\"attachment-thumbnail size-thumbnail\" alt=\"\" srcset=\"https:\/\/zxdoll.com\/wp-content\/uploads\/2024\/09\/renamon-sex-doll-wTu39s2-150x150.jpg 150w, https:\/\/zxdoll.com\/wp-content\/uploads\/2024\/09\/renamon-sex-doll-wTu39s2-300x300.jpg 300w, https:\/\/zxdoll.com\/wp-content\/uploads\/2024\/09\/renamon-sex-doll-wTu39s2-768x768.jpg 768w, https:\/\/zxdoll.com\/wp-content\/uploads\/2024\/09\/renamon-sex-doll-wTu39s2-12x12.jpg 12w, https:\/\/zxdoll.com\/wp-content\/uploads\/2024\/09\/renamon-sex-doll-wTu39s2-430x430.jpg 430w, https:\/\/zxdoll.com\/wp-content\/uploads\/2024\/09\/renamon-sex-doll-wTu39s2-700x700.jpg 700w, https:\/\/zxdoll.com\/wp-content\/uploads\/2024\/09\/renamon-sex-doll-wTu39s2.jpg 800w\" sizes=\"(max-width: 150px) 100vw, 150px\" title=\"\"><\/a><\/li><li><a data-fancybox=\"gallery835\" href=\"https:\/\/zxdoll.com\/wp-content\/uploads\/2024\/09\/renamon-sex-doll-wTu39s3.jpg\" class=\"eig-popup\" title=\"\" data-caption=\"\" target=\"_blank\"><i class=\"icon-view\"><\/i><span class=\"overlay\"><\/span><img decoding=\"async\" width=\"150\" height=\"150\" src=\"https:\/\/zxdoll.com\/wp-content\/uploads\/2024\/09\/renamon-sex-doll-wTu39s3-150x150.jpg\" class=\"attachment-thumbnail size-thumbnail\" alt=\"\" srcset=\"https:\/\/zxdoll.com\/wp-content\/uploads\/2024\/09\/renamon-sex-doll-wTu39s3-150x150.jpg 150w, https:\/\/zxdoll.com\/wp-content\/uploads\/2024\/09\/renamon-sex-doll-wTu39s3-300x300.jpg 300w, https:\/\/zxdoll.com\/wp-content\/uploads\/2024\/09\/renamon-sex-doll-wTu39s3-768x768.jpg 768w, https:\/\/zxdoll.com\/wp-content\/uploads\/2024\/09\/renamon-sex-doll-wTu39s3-12x12.jpg 12w, https:\/\/zxdoll.com\/wp-content\/uploads\/2024\/09\/renamon-sex-doll-wTu39s3-430x430.jpg 430w, https:\/\/zxdoll.com\/wp-content\/uploads\/2024\/09\/renamon-sex-doll-wTu39s3-700x700.jpg 700w, https:\/\/zxdoll.com\/wp-content\/uploads\/2024\/09\/renamon-sex-doll-wTu39s3.jpg 800w\" sizes=\"(max-width: 150px) 100vw, 150px\" title=\"\"><\/a><\/li><li><a data-fancybox=\"gallery835\" href=\"https:\/\/zxdoll.com\/wp-content\/uploads\/2024\/09\/renamon-sex-doll-wTu39s5.jpg\" class=\"eig-popup\" title=\"\" data-caption=\"\" target=\"_blank\"><i class=\"icon-view\"><\/i><span class=\"overlay\"><\/span><img loading=\"lazy\" decoding=\"async\" width=\"150\" height=\"150\" src=\"https:\/\/zxdoll.com\/wp-content\/uploads\/2024\/09\/renamon-sex-doll-wTu39s5-150x150.jpg\" class=\"attachment-thumbnail size-thumbnail\" alt=\"\" srcset=\"https:\/\/zxdoll.com\/wp-content\/uploads\/2024\/09\/renamon-sex-doll-wTu39s5-150x150.jpg 150w, https:\/\/zxdoll.com\/wp-content\/uploads\/2024\/09\/renamon-sex-doll-wTu39s5-300x300.jpg 300w, https:\/\/zxdoll.com\/wp-content\/uploads\/2024\/09\/renamon-sex-doll-wTu39s5-768x768.jpg 768w, https:\/\/zxdoll.com\/wp-content\/uploads\/2024\/09\/renamon-sex-doll-wTu39s5-12x12.jpg 12w, https:\/\/zxdoll.com\/wp-content\/uploads\/2024\/09\/renamon-sex-doll-wTu39s5-430x430.jpg 430w, https:\/\/zxdoll.com\/wp-content\/uploads\/2024\/09\/renamon-sex-doll-wTu39s5-700x700.jpg 700w, https:\/\/zxdoll.com\/wp-content\/uploads\/2024\/09\/renamon-sex-doll-wTu39s5.jpg 800w\" sizes=\"(max-width: 150px) 100vw, 150px\" title=\"\"><\/a><\/li><li><a data-fancybox=\"gallery835\" href=\"https:\/\/zxdoll.com\/wp-content\/uploads\/2024\/09\/renamon-sex-doll-wTu39s6.jpg\" class=\"eig-popup\" title=\"\" data-caption=\"\" target=\"_blank\"><i class=\"icon-view\"><\/i><span class=\"overlay\"><\/span><img loading=\"lazy\" decoding=\"async\" width=\"150\" height=\"150\" src=\"https:\/\/zxdoll.com\/wp-content\/uploads\/2024\/09\/renamon-sex-doll-wTu39s6-150x150.jpg\" class=\"attachment-thumbnail size-thumbnail\" alt=\"\" srcset=\"https:\/\/zxdoll.com\/wp-content\/uploads\/2024\/09\/renamon-sex-doll-wTu39s6-150x150.jpg 150w, https:\/\/zxdoll.com\/wp-content\/uploads\/2024\/09\/renamon-sex-doll-wTu39s6-300x300.jpg 300w, https:\/\/zxdoll.com\/wp-content\/uploads\/2024\/09\/renamon-sex-doll-wTu39s6-768x768.jpg 768w, https:\/\/zxdoll.com\/wp-content\/uploads\/2024\/09\/renamon-sex-doll-wTu39s6-12x12.jpg 12w, https:\/\/zxdoll.com\/wp-content\/uploads\/2024\/09\/renamon-sex-doll-wTu39s6-430x430.jpg 430w, https:\/\/zxdoll.com\/wp-content\/uploads\/2024\/09\/renamon-sex-doll-wTu39s6-700x700.jpg 700w, https:\/\/zxdoll.com\/wp-content\/uploads\/2024\/09\/renamon-sex-doll-wTu39s6.jpg 800w\" sizes=\"(max-width: 150px) 100vw, 150px\" title=\"\"><\/a><\/li><li><a data-fancybox=\"gallery835\" href=\"https:\/\/zxdoll.com\/wp-content\/uploads\/2024\/09\/renamon-sex-doll-wTu39s7.jpg\" class=\"eig-popup\" title=\"\" data-caption=\"\" target=\"_blank\"><i class=\"icon-view\"><\/i><span class=\"overlay\"><\/span><img loading=\"lazy\" decoding=\"async\" width=\"150\" height=\"150\" src=\"https:\/\/zxdoll.com\/wp-content\/uploads\/2024\/09\/renamon-sex-doll-wTu39s7-150x150.jpg\" class=\"attachment-thumbnail size-thumbnail\" alt=\"\" srcset=\"https:\/\/zxdoll.com\/wp-content\/uploads\/2024\/09\/renamon-sex-doll-wTu39s7-150x150.jpg 150w, https:\/\/zxdoll.com\/wp-content\/uploads\/2024\/09\/renamon-sex-doll-wTu39s7-300x300.jpg 300w, https:\/\/zxdoll.com\/wp-content\/uploads\/2024\/09\/renamon-sex-doll-wTu39s7-768x768.jpg 768w, https:\/\/zxdoll.com\/wp-content\/uploads\/2024\/09\/renamon-sex-doll-wTu39s7-12x12.jpg 12w, https:\/\/zxdoll.com\/wp-content\/uploads\/2024\/09\/renamon-sex-doll-wTu39s7-430x430.jpg 430w, https:\/\/zxdoll.com\/wp-content\/uploads\/2024\/09\/renamon-sex-doll-wTu39s7-700x700.jpg 700w, https:\/\/zxdoll.com\/wp-content\/uploads\/2024\/09\/renamon-sex-doll-wTu39s7.jpg 800w\" sizes=\"(max-width: 150px) 100vw, 150px\" title=\"\"><\/a><\/li><li><a data-fancybox=\"gallery835\" href=\"https:\/\/zxdoll.com\/wp-content\/uploads\/2024\/09\/renamon-sex-doll-wTu39s8.jpg\" class=\"eig-popup\" title=\"\" data-caption=\"\" target=\"_blank\"><i class=\"icon-view\"><\/i><span class=\"overlay\"><\/span><img loading=\"lazy\" decoding=\"async\" width=\"150\" height=\"150\" src=\"https:\/\/zxdoll.com\/wp-content\/uploads\/2024\/09\/renamon-sex-doll-wTu39s8-150x150.jpg\" class=\"attachment-thumbnail size-thumbnail\" alt=\"\" srcset=\"https:\/\/zxdoll.com\/wp-content\/uploads\/2024\/09\/renamon-sex-doll-wTu39s8-150x150.jpg 150w, https:\/\/zxdoll.com\/wp-content\/uploads\/2024\/09\/renamon-sex-doll-wTu39s8-300x300.jpg 300w, https:\/\/zxdoll.com\/wp-content\/uploads\/2024\/09\/renamon-sex-doll-wTu39s8-768x768.jpg 768w, https:\/\/zxdoll.com\/wp-content\/uploads\/2024\/09\/renamon-sex-doll-wTu39s8-12x12.jpg 12w, https:\/\/zxdoll.com\/wp-content\/uploads\/2024\/09\/renamon-sex-doll-wTu39s8-430x430.jpg 430w, https:\/\/zxdoll.com\/wp-content\/uploads\/2024\/09\/renamon-sex-doll-wTu39s8-700x700.jpg 700w, https:\/\/zxdoll.com\/wp-content\/uploads\/2024\/09\/renamon-sex-doll-wTu39s8.jpg 800w\" sizes=\"(max-width: 150px) 100vw, 150px\" title=\"\"><\/a><\/li><li><a data-fancybox=\"gallery835\" href=\"https:\/\/zxdoll.com\/wp-content\/uploads\/2024\/09\/renamon-sex-doll-wTu39s10.jpg\" class=\"eig-popup\" title=\"\" data-caption=\"\" target=\"_blank\"><i class=\"icon-view\"><\/i><span class=\"overlay\"><\/span><img loading=\"lazy\" decoding=\"async\" width=\"150\" height=\"150\" src=\"https:\/\/zxdoll.com\/wp-content\/uploads\/2024\/09\/renamon-sex-doll-wTu39s10-150x150.jpg\" class=\"attachment-thumbnail size-thumbnail\" alt=\"\" srcset=\"https:\/\/zxdoll.com\/wp-content\/uploads\/2024\/09\/renamon-sex-doll-wTu39s10-150x150.jpg 150w, https:\/\/zxdoll.com\/wp-content\/uploads\/2024\/09\/renamon-sex-doll-wTu39s10-300x300.jpg 300w, https:\/\/zxdoll.com\/wp-content\/uploads\/2024\/09\/renamon-sex-doll-wTu39s10-768x768.jpg 768w, https:\/\/zxdoll.com\/wp-content\/uploads\/2024\/09\/renamon-sex-doll-wTu39s10-12x12.jpg 12w, https:\/\/zxdoll.com\/wp-content\/uploads\/2024\/09\/renamon-sex-doll-wTu39s10-430x430.jpg 430w, https:\/\/zxdoll.com\/wp-content\/uploads\/2024\/09\/renamon-sex-doll-wTu39s10-700x700.jpg 700w, https:\/\/zxdoll.com\/wp-content\/uploads\/2024\/09\/renamon-sex-doll-wTu39s10.jpg 785w\" sizes=\"(max-width: 150px) 100vw, 150px\" title=\"\"><\/a><\/li><li><a data-fancybox=\"gallery835\" href=\"https:\/\/zxdoll.com\/wp-content\/uploads\/2024\/09\/renamon-sex-doll-wTu39s11.jpg\" class=\"eig-popup\" title=\"\" data-caption=\"\" target=\"_blank\"><i class=\"icon-view\"><\/i><span class=\"overlay\"><\/span><img loading=\"lazy\" decoding=\"async\" width=\"150\" height=\"150\" src=\"https:\/\/zxdoll.com\/wp-content\/uploads\/2024\/09\/renamon-sex-doll-wTu39s11-150x150.jpg\" class=\"attachment-thumbnail size-thumbnail\" alt=\"\" srcset=\"https:\/\/zxdoll.com\/wp-content\/uploads\/2024\/09\/renamon-sex-doll-wTu39s11-150x150.jpg 150w, https:\/\/zxdoll.com\/wp-content\/uploads\/2024\/09\/renamon-sex-doll-wTu39s11-300x300.jpg 300w, https:\/\/zxdoll.com\/wp-content\/uploads\/2024\/09\/renamon-sex-doll-wTu39s11-768x768.jpg 768w, https:\/\/zxdoll.com\/wp-content\/uploads\/2024\/09\/renamon-sex-doll-wTu39s11-12x12.jpg 12w, https:\/\/zxdoll.com\/wp-content\/uploads\/2024\/09\/renamon-sex-doll-wTu39s11-430x430.jpg 430w, https:\/\/zxdoll.com\/wp-content\/uploads\/2024\/09\/renamon-sex-doll-wTu39s11-700x700.jpg 700w, https:\/\/zxdoll.com\/wp-content\/uploads\/2024\/09\/renamon-sex-doll-wTu39s11.jpg 800w\" sizes=\"(max-width: 150px) 100vw, 150px\" title=\"\"><\/a><\/li><li><a data-fancybox=\"gallery835\" href=\"https:\/\/zxdoll.com\/wp-content\/uploads\/2024\/09\/renamon-sex-doll-wTu39s12.jpg\" class=\"eig-popup\" title=\"\" data-caption=\"\" target=\"_blank\"><i class=\"icon-view\"><\/i><span class=\"overlay\"><\/span><img loading=\"lazy\" decoding=\"async\" width=\"150\" height=\"150\" src=\"https:\/\/zxdoll.com\/wp-content\/uploads\/2024\/09\/renamon-sex-doll-wTu39s12-150x150.jpg\" class=\"attachment-thumbnail size-thumbnail\" alt=\"\" srcset=\"https:\/\/zxdoll.com\/wp-content\/uploads\/2024\/09\/renamon-sex-doll-wTu39s12-150x150.jpg 150w, https:\/\/zxdoll.com\/wp-content\/uploads\/2024\/09\/renamon-sex-doll-wTu39s12-300x300.jpg 300w, https:\/\/zxdoll.com\/wp-content\/uploads\/2024\/09\/renamon-sex-doll-wTu39s12-768x768.jpg 768w, https:\/\/zxdoll.com\/wp-content\/uploads\/2024\/09\/renamon-sex-doll-wTu39s12-12x12.jpg 12w, https:\/\/zxdoll.com\/wp-content\/uploads\/2024\/09\/renamon-sex-doll-wTu39s12-430x430.jpg 430w, https:\/\/zxdoll.com\/wp-content\/uploads\/2024\/09\/renamon-sex-doll-wTu39s12-700x700.jpg 700w, https:\/\/zxdoll.com\/wp-content\/uploads\/2024\/09\/renamon-sex-doll-wTu39s12.jpg 800w\" sizes=\"(max-width: 150px) 100vw, 150px\" title=\"\"><\/a><\/li><li><a data-fancybox=\"gallery835\" href=\"https:\/\/zxdoll.com\/wp-content\/uploads\/2024\/09\/renamon-sex-doll-wTu39s13.jpg\" class=\"eig-popup\" title=\"\" data-caption=\"\" target=\"_blank\"><i class=\"icon-view\"><\/i><span class=\"overlay\"><\/span><img loading=\"lazy\" decoding=\"async\" width=\"150\" height=\"150\" src=\"https:\/\/zxdoll.com\/wp-content\/uploads\/2024\/09\/renamon-sex-doll-wTu39s13-150x150.jpg\" class=\"attachment-thumbnail size-thumbnail\" alt=\"\" srcset=\"https:\/\/zxdoll.com\/wp-content\/uploads\/2024\/09\/renamon-sex-doll-wTu39s13-150x150.jpg 150w, https:\/\/zxdoll.com\/wp-content\/uploads\/2024\/09\/renamon-sex-doll-wTu39s13-300x300.jpg 300w, https:\/\/zxdoll.com\/wp-content\/uploads\/2024\/09\/renamon-sex-doll-wTu39s13-768x768.jpg 768w, https:\/\/zxdoll.com\/wp-content\/uploads\/2024\/09\/renamon-sex-doll-wTu39s13-12x12.jpg 12w, https:\/\/zxdoll.com\/wp-content\/uploads\/2024\/09\/renamon-sex-doll-wTu39s13-430x430.jpg 430w, https:\/\/zxdoll.com\/wp-content\/uploads\/2024\/09\/renamon-sex-doll-wTu39s13-700x700.jpg 700w, https:\/\/zxdoll.com\/wp-content\/uploads\/2024\/09\/renamon-sex-doll-wTu39s13.jpg 800w\" sizes=\"(max-width: 150px) 100vw, 150px\" title=\"\"><\/a><\/li><\/ul>\n<h4>Tablas de tallas<\/h4>\n<table width=\"332\">\n<tbody>\n<tr>\n<td width=\"143\">Peso neto<\/td>\n<td width=\"189\">40,7 libras\/18,5 kg<\/td>\n<\/tr>\n<tr>\n<td>Peso bruto<\/td>\n<td>50,6 libras\/22,95 kg<\/td>\n<\/tr>\n<tr>\n<td>Longitud vaginal<\/td>\n<td>6,3 pulgadas\/16 cm<\/td>\n<\/tr>\n<tr>\n<td>Longitud del ano<\/td>\n<td>5,9 pulgadas\/15 cm<\/td>\n<\/tr>\n<tr>\n<td>Busto superior<\/td>\n<td>33,4 pulgadas\/85 cm<\/td>\n<\/tr>\n<tr>\n<td>Debajo del busto<\/td>\n<td>20,47 pulgadas\/52 cm<\/td>\n<\/tr>\n<tr>\n<td>Circunferencia de la cadera<\/td>\n<td>34,25 pulgadas\/87 cm<\/td>\n<\/tr>\n<tr>\n<td>Circunferencia de la cintura<\/td>\n<td>17,72 pulgadas\/45 cm<\/td>\n<\/tr>\n<tr>\n<td>Circunferencia de la pierna<\/td>\n<td>18,7 pulgadas\/47,5 cm<\/td>\n<\/tr>\n<tr>\n<td>Longitud de las piernas<\/td>\n<td>9,45 pulgadas\/24 cm<\/td>\n<\/tr>\n<tr>\n<td>Altura del asiento<\/td>\n<td>19,49 pulgadas\/49,5 cm<\/td>\n<\/tr>\n<\/tbody>\n<\/table>\n<h4>Acerca de la mu\u00f1eca sexual<\/h4>\n<p>&nbsp;<\/p>","protected":false},"excerpt":{"rendered":"<p>Tablas de tallas de im\u00e1genes de mu\u00f1ecas sexuales Peso neto 40,7 libras\/18,5 kg Peso bruto 50,6 libras\/22,95 kg Longitud vaginal 6,3 pulgadas\/16 cm<\/p>","protected":false},"featured_media":157923,"comment_status":"open","ping_status":"closed","template":"","meta":[],"product_brand":[],"product_cat":[234,149,116,195,107,227],"product_tag":[],"class_list":{"0":"post-157921","1":"product","2":"type-product","3":"status-publish","4":"has-post-thumbnail","6":"product_cat-234","7":"product_cat-below-139cm-sex-dolls","8":"product_cat-big-boobs-sex-doll","9":"product_cat-half-torso-sex-doll","10":"product_cat-skinny-sex-dolls","11":"product_cat-under-25kg","12":"pa_brand-tantaly-doll","13":"tm-has-options","15":"first","16":"instock","17":"shipping-taxable","18":"purchasable","19":"product-type-simple"},"_links":{"self":[{"href":"https:\/\/zxdoll.com\/es\/wp-json\/wp\/v2\/product\/157921","targetHints":{"allow":["GET"]}}],"collection":[{"href":"https:\/\/zxdoll.com\/es\/wp-json\/wp\/v2\/product"}],"about":[{"href":"https:\/\/zxdoll.com\/es\/wp-json\/wp\/v2\/types\/product"}],"replies":[{"embeddable":true,"href":"https:\/\/zxdoll.com\/es\/wp-json\/wp\/v2\/comments?post=157921"}],"version-history":[{"count":2,"href":"https:\/\/zxdoll.com\/es\/wp-json\/wp\/v2\/product\/157921\/revisions"}],"predecessor-version":[{"id":157941,"href":"https:\/\/zxdoll.com\/es\/wp-json\/wp\/v2\/product\/157921\/revisions\/157941"}],"wp:featuredmedia":[{"embeddable":true,"href":"https:\/\/zxdoll.com\/es\/wp-json\/wp\/v2\/media\/157923"}],"wp:attachment":[{"href":"https:\/\/zxdoll.com\/es\/wp-json\/wp\/v2\/media?parent=157921"}],"wp:term":[{"taxonomy":"product_brand","embeddable":true,"href":"https:\/\/zxdoll.com\/es\/wp-json\/wp\/v2\/product_brand?post=157921"},{"taxonomy":"product_cat","embeddable":true,"href":"https:\/\/zxdoll.com\/es\/wp-json\/wp\/v2\/product_cat?post=157921"},{"taxonomy":"product_tag","embeddable":true,"href":"https:\/\/zxdoll.com\/es\/wp-json\/wp\/v2\/product_tag?post=157921"}],"curies":[{"name":"wp","href":"https:\/\/api.w.org\/{rel}","templated":true}]}}