{"id":154000,"date":"2023-08-09T03:29:58","date_gmt":"2023-08-08T19:29:58","guid":{"rendered":"https:\/\/zxdoll.com\/?post_type=product&#038;p=154000"},"modified":"2025-09-09T00:47:10","modified_gmt":"2025-09-08T16:47:10","slug":"toy-story-andy-sex-doll-ass","status":"publish","type":"product","link":"https:\/\/zxdoll.com\/es\/product\/toy-story-andy-sex-doll-ass\/","title":{"rendered":"Toy Story Andy Mu\u00f1eca Sexual Culo Carie 170cm"},"content":{"rendered":"<h4><strong>Im\u00e1genes de mu\u00f1ecas sexuales<\/strong><\/h4>\n\t                <ul class=\"easy-image-gallery thumbnails-19 linked\">\r\n                    <li><a data-fancybox=\"gallery859\" href=\"https:\/\/zxdoll.com\/wp-content\/uploads\/2023\/08\/sex-doll-pov-g78b1-600x800.jpg\" class=\"eig-popup\" title=\"\" data-caption=\"\" target=\"_blank\"><i class=\"icon-view\"><\/i><span class=\"overlay\"><\/span><img decoding=\"async\" width=\"150\" height=\"150\" src=\"https:\/\/zxdoll.com\/wp-content\/uploads\/2023\/08\/sex-doll-pov-g78b1-150x150.jpg\" class=\"attachment-thumbnail size-thumbnail\" alt=\"mu\u00f1eca-sexual-pov-g78b1\" title=\"\"><\/a><\/li><li><a data-fancybox=\"gallery859\" href=\"https:\/\/zxdoll.com\/wp-content\/uploads\/2023\/08\/sex-doll-pov-g78b2-600x800.jpg\" class=\"eig-popup\" title=\"\" data-caption=\"\" target=\"_blank\"><i class=\"icon-view\"><\/i><span class=\"overlay\"><\/span><img decoding=\"async\" width=\"150\" height=\"150\" src=\"https:\/\/zxdoll.com\/wp-content\/uploads\/2023\/08\/sex-doll-pov-g78b2-150x150.jpg\" class=\"attachment-thumbnail size-thumbnail\" alt=\"mu\u00f1eca-sexual-pov-g78b2\" title=\"\"><\/a><\/li><li><a data-fancybox=\"gallery859\" href=\"https:\/\/zxdoll.com\/wp-content\/uploads\/2023\/08\/sex-doll-pov-g78b3-471x800.jpg\" class=\"eig-popup\" title=\"\" data-caption=\"\" target=\"_blank\"><i class=\"icon-view\"><\/i><span class=\"overlay\"><\/span><img decoding=\"async\" width=\"150\" height=\"150\" src=\"https:\/\/zxdoll.com\/wp-content\/uploads\/2023\/08\/sex-doll-pov-g78b3-150x150.jpg\" class=\"attachment-thumbnail size-thumbnail\" alt=\"mu\u00f1eca-sexual-pov-g78b3\" title=\"\"><\/a><\/li><li><a data-fancybox=\"gallery859\" href=\"https:\/\/zxdoll.com\/wp-content\/uploads\/2023\/08\/sex-doll-pov-g78b4-600x800.jpg\" class=\"eig-popup\" title=\"\" data-caption=\"\" target=\"_blank\"><i class=\"icon-view\"><\/i><span class=\"overlay\"><\/span><img loading=\"lazy\" decoding=\"async\" width=\"150\" height=\"150\" src=\"https:\/\/zxdoll.com\/wp-content\/uploads\/2023\/08\/sex-doll-pov-g78b4-150x150.jpg\" class=\"attachment-thumbnail size-thumbnail\" alt=\"mu\u00f1eca-sexual-pov-g78b4\" title=\"\"><\/a><\/li><li><a data-fancybox=\"gallery859\" href=\"https:\/\/zxdoll.com\/wp-content\/uploads\/2023\/08\/sex-doll-pov-g78b5-450x800.jpg\" class=\"eig-popup\" title=\"\" data-caption=\"\" target=\"_blank\"><i class=\"icon-view\"><\/i><span class=\"overlay\"><\/span><img loading=\"lazy\" decoding=\"async\" width=\"150\" height=\"150\" src=\"https:\/\/zxdoll.com\/wp-content\/uploads\/2023\/08\/sex-doll-pov-g78b5-150x150.jpg\" class=\"attachment-thumbnail size-thumbnail\" alt=\"mu\u00f1eca-sexual-pov-g78b5\" title=\"\"><\/a><\/li><li><a data-fancybox=\"gallery859\" href=\"https:\/\/zxdoll.com\/wp-content\/uploads\/2023\/08\/sex-doll-pov-g78b6.jpg\" class=\"eig-popup\" title=\"\" data-caption=\"\" target=\"_blank\"><i class=\"icon-view\"><\/i><span class=\"overlay\"><\/span><img loading=\"lazy\" decoding=\"async\" width=\"150\" height=\"150\" src=\"https:\/\/zxdoll.com\/wp-content\/uploads\/2023\/08\/sex-doll-pov-g78b6-150x150.jpg\" class=\"attachment-thumbnail size-thumbnail\" alt=\"mu\u00f1eca-sexual-pov-g78b6\" title=\"\"><\/a><\/li><li><a data-fancybox=\"gallery859\" href=\"https:\/\/zxdoll.com\/wp-content\/uploads\/2023\/08\/sex-doll-pov-g78b7-600x800.jpg\" class=\"eig-popup\" title=\"\" data-caption=\"\" target=\"_blank\"><i class=\"icon-view\"><\/i><span class=\"overlay\"><\/span><img loading=\"lazy\" decoding=\"async\" width=\"150\" height=\"150\" src=\"https:\/\/zxdoll.com\/wp-content\/uploads\/2023\/08\/sex-doll-pov-g78b7-150x150.jpg\" class=\"attachment-thumbnail size-thumbnail\" alt=\"mu\u00f1eca-sexual-pov-g78b7\" title=\"\"><\/a><\/li><li><a data-fancybox=\"gallery859\" href=\"https:\/\/zxdoll.com\/wp-content\/uploads\/2023\/08\/sex-doll-pov-g78b8.jpg\" class=\"eig-popup\" title=\"\" data-caption=\"\" target=\"_blank\"><i class=\"icon-view\"><\/i><span class=\"overlay\"><\/span><img loading=\"lazy\" decoding=\"async\" width=\"150\" height=\"150\" src=\"https:\/\/zxdoll.com\/wp-content\/uploads\/2023\/08\/sex-doll-pov-g78b8-150x150.jpg\" class=\"attachment-thumbnail size-thumbnail\" alt=\"mu\u00f1eca-sexual-pov-g78b8\" title=\"\"><\/a><\/li><li><a data-fancybox=\"gallery859\" href=\"https:\/\/zxdoll.com\/wp-content\/uploads\/2023\/08\/sex-doll-pov-g78b9-600x800.jpg\" class=\"eig-popup\" title=\"\" data-caption=\"\" target=\"_blank\"><i class=\"icon-view\"><\/i><span class=\"overlay\"><\/span><img loading=\"lazy\" decoding=\"async\" width=\"150\" height=\"150\" src=\"https:\/\/zxdoll.com\/wp-content\/uploads\/2023\/08\/sex-doll-pov-g78b9-150x150.jpg\" class=\"attachment-thumbnail size-thumbnail\" alt=\"mu\u00f1eca-sexual-pov-g78b9\" title=\"\"><\/a><\/li><li><a data-fancybox=\"gallery859\" href=\"https:\/\/zxdoll.com\/wp-content\/uploads\/2023\/08\/sex-doll-pov-g78b10-600x800.jpg\" class=\"eig-popup\" title=\"\" data-caption=\"\" target=\"_blank\"><i class=\"icon-view\"><\/i><span class=\"overlay\"><\/span><img loading=\"lazy\" decoding=\"async\" width=\"150\" height=\"150\" src=\"https:\/\/zxdoll.com\/wp-content\/uploads\/2023\/08\/sex-doll-pov-g78b10-150x150.jpg\" class=\"attachment-thumbnail size-thumbnail\" alt=\"mu\u00f1eca-sexual-pov-g78b10\" title=\"\"><\/a><\/li><li><a data-fancybox=\"gallery859\" href=\"https:\/\/zxdoll.com\/wp-content\/uploads\/2023\/08\/sex-doll-pov-g78b11.jpg\" class=\"eig-popup\" title=\"\" data-caption=\"\" target=\"_blank\"><i class=\"icon-view\"><\/i><span class=\"overlay\"><\/span><img loading=\"lazy\" decoding=\"async\" width=\"150\" height=\"150\" src=\"https:\/\/zxdoll.com\/wp-content\/uploads\/2023\/08\/sex-doll-pov-g78b11-150x150.jpg\" class=\"attachment-thumbnail size-thumbnail\" alt=\"mu\u00f1eca-sexual-pov-g78b11\" title=\"\"><\/a><\/li><li><a data-fancybox=\"gallery859\" href=\"https:\/\/zxdoll.com\/wp-content\/uploads\/2023\/08\/sex-doll-pov-g78b12-890x800.jpg\" class=\"eig-popup\" title=\"\" data-caption=\"\" target=\"_blank\"><i class=\"icon-view\"><\/i><span class=\"overlay\"><\/span><img loading=\"lazy\" decoding=\"async\" width=\"150\" height=\"150\" src=\"https:\/\/zxdoll.com\/wp-content\/uploads\/2023\/08\/sex-doll-pov-g78b12-150x150.jpg\" class=\"attachment-thumbnail size-thumbnail\" alt=\"mu\u00f1eca-sexual-pov-g78b12\" srcset=\"https:\/\/zxdoll.com\/wp-content\/uploads\/2023\/08\/sex-doll-pov-g78b12-150x150.jpg 150w, https:\/\/zxdoll.com\/wp-content\/uploads\/2023\/08\/sex-doll-pov-g78b12-13x12.jpg 13w\" sizes=\"(max-width: 150px) 100vw, 150px\" title=\"\"><\/a><\/li><li><a data-fancybox=\"gallery859\" href=\"https:\/\/zxdoll.com\/wp-content\/uploads\/2023\/08\/sex-doll-pov-g78b13-450x800.jpg\" class=\"eig-popup\" title=\"\" data-caption=\"\" target=\"_blank\"><i class=\"icon-view\"><\/i><span class=\"overlay\"><\/span><img loading=\"lazy\" decoding=\"async\" width=\"150\" height=\"150\" src=\"https:\/\/zxdoll.com\/wp-content\/uploads\/2023\/08\/sex-doll-pov-g78b13-150x150.jpg\" class=\"attachment-thumbnail size-thumbnail\" alt=\"mu\u00f1eca-sexual-pov-g78b13\" title=\"\"><\/a><\/li><li><a data-fancybox=\"gallery859\" href=\"https:\/\/zxdoll.com\/wp-content\/uploads\/2023\/08\/sex-doll-pov-g78b14-419x800.jpg\" class=\"eig-popup\" title=\"\" data-caption=\"\" target=\"_blank\"><i class=\"icon-view\"><\/i><span class=\"overlay\"><\/span><img loading=\"lazy\" decoding=\"async\" width=\"150\" height=\"150\" src=\"https:\/\/zxdoll.com\/wp-content\/uploads\/2023\/08\/sex-doll-pov-g78b14-150x150.jpg\" class=\"attachment-thumbnail size-thumbnail\" alt=\"mu\u00f1eca-sexual-pov-g78b14\" title=\"\"><\/a><\/li><li><a data-fancybox=\"gallery859\" href=\"https:\/\/zxdoll.com\/wp-content\/uploads\/2023\/08\/sex-doll-pov-g78b15-450x800.jpg\" class=\"eig-popup\" title=\"\" data-caption=\"\" target=\"_blank\"><i class=\"icon-view\"><\/i><span class=\"overlay\"><\/span><img loading=\"lazy\" decoding=\"async\" width=\"150\" height=\"150\" src=\"https:\/\/zxdoll.com\/wp-content\/uploads\/2023\/08\/sex-doll-pov-g78b15-150x150.jpg\" class=\"attachment-thumbnail size-thumbnail\" alt=\"mu\u00f1eca-sexual-pov-g78b15\" title=\"\"><\/a><\/li><li><a data-fancybox=\"gallery859\" href=\"https:\/\/zxdoll.com\/wp-content\/uploads\/2023\/08\/sex-doll-pov-g78b16-450x800.jpg\" class=\"eig-popup\" title=\"\" data-caption=\"\" target=\"_blank\"><i class=\"icon-view\"><\/i><span class=\"overlay\"><\/span><img loading=\"lazy\" decoding=\"async\" width=\"150\" height=\"150\" src=\"https:\/\/zxdoll.com\/wp-content\/uploads\/2023\/08\/sex-doll-pov-g78b16-150x150.jpg\" class=\"attachment-thumbnail size-thumbnail\" alt=\"mu\u00f1eca-sexual-pov-g78b16\" title=\"\"><\/a><\/li><li><a data-fancybox=\"gallery859\" href=\"https:\/\/zxdoll.com\/wp-content\/uploads\/2023\/08\/sex-doll-pov-g78b17-800x800.jpg\" class=\"eig-popup\" title=\"\" data-caption=\"\" target=\"_blank\"><i class=\"icon-view\"><\/i><span class=\"overlay\"><\/span><img loading=\"lazy\" decoding=\"async\" width=\"150\" height=\"150\" src=\"https:\/\/zxdoll.com\/wp-content\/uploads\/2023\/08\/sex-doll-pov-g78b17-150x150.jpg\" class=\"attachment-thumbnail size-thumbnail\" alt=\"mu\u00f1eca-sexual-pov-g78b17\" srcset=\"https:\/\/zxdoll.com\/wp-content\/uploads\/2023\/08\/sex-doll-pov-g78b17-150x150.jpg 150w, https:\/\/zxdoll.com\/wp-content\/uploads\/2023\/08\/sex-doll-pov-g78b17-300x300.jpg 300w, https:\/\/zxdoll.com\/wp-content\/uploads\/2023\/08\/sex-doll-pov-g78b17-800x800.jpg 800w, https:\/\/zxdoll.com\/wp-content\/uploads\/2023\/08\/sex-doll-pov-g78b17-768x768.jpg 768w, https:\/\/zxdoll.com\/wp-content\/uploads\/2023\/08\/sex-doll-pov-g78b17-12x12.jpg 12w, https:\/\/zxdoll.com\/wp-content\/uploads\/2023\/08\/sex-doll-pov-g78b17-860x860.jpg 860w, https:\/\/zxdoll.com\/wp-content\/uploads\/2023\/08\/sex-doll-pov-g78b17-430x430.jpg 430w, https:\/\/zxdoll.com\/wp-content\/uploads\/2023\/08\/sex-doll-pov-g78b17-700x700.jpg 700w, https:\/\/zxdoll.com\/wp-content\/uploads\/2023\/08\/sex-doll-pov-g78b17.jpg 900w\" sizes=\"(max-width: 150px) 100vw, 150px\" title=\"\"><\/a><\/li><li><a data-fancybox=\"gallery859\" href=\"https:\/\/zxdoll.com\/wp-content\/uploads\/2023\/08\/sex-doll-pov-g78b19-600x800.jpg\" class=\"eig-popup\" title=\"\" data-caption=\"\" target=\"_blank\"><i class=\"icon-view\"><\/i><span class=\"overlay\"><\/span><img loading=\"lazy\" decoding=\"async\" width=\"150\" height=\"150\" src=\"https:\/\/zxdoll.com\/wp-content\/uploads\/2023\/08\/sex-doll-pov-g78b19-150x150.jpg\" class=\"attachment-thumbnail size-thumbnail\" alt=\"mu\u00f1eca-sexual-pov-g78b19\" title=\"\"><\/a><\/li><li><a data-fancybox=\"gallery859\" href=\"https:\/\/zxdoll.com\/wp-content\/uploads\/2023\/08\/sex-doll-pov-g78b20-600x800.jpg\" class=\"eig-popup\" title=\"\" data-caption=\"\" target=\"_blank\"><i class=\"icon-view\"><\/i><span class=\"overlay\"><\/span><img loading=\"lazy\" decoding=\"async\" width=\"150\" height=\"150\" src=\"https:\/\/zxdoll.com\/wp-content\/uploads\/2023\/08\/sex-doll-pov-g78b20-150x150.jpg\" class=\"attachment-thumbnail size-thumbnail\" alt=\"mu\u00f1eca-sexual-pov-g78b20\" title=\"\"><\/a><\/li><\/ul>\n<h4>Tablas de tallas<\/h4>\n<table width=\"333\">\n<tbody>\n<tr>\n<td width=\"145\">Material<\/td>\n<td width=\"188\">TPE<\/td>\n<\/tr>\n<tr>\n<td>Altura<\/td>\n<td width=\"188\">170cm<\/td>\n<\/tr>\n<tr>\n<td width=\"145\">Parte superior del pecho<\/td>\n<td>97cm<\/td>\n<\/tr>\n<tr>\n<td width=\"145\">Pecho inferior<\/td>\n<td>72cm<\/td>\n<\/tr>\n<tr>\n<td width=\"145\">Cintura<\/td>\n<td>68cm<\/td>\n<\/tr>\n<tr>\n<td width=\"145\">Cadera<\/td>\n<td>115cm<\/td>\n<\/tr>\n<tr>\n<td width=\"145\">Hombro<\/td>\n<td>42cm<\/td>\n<\/tr>\n<tr>\n<td width=\"145\">Longitud de las piernas<\/td>\n<td>104cm<\/td>\n<\/tr>\n<tr>\n<td width=\"145\">Herm\u00e9tico<\/td>\n<td>56cm<\/td>\n<\/tr>\n<tr>\n<td width=\"145\">Largo del brazo<\/td>\n<td>66cm<\/td>\n<\/tr>\n<tr>\n<td width=\"145\">\u00danico<\/td>\n<td>24cm<\/td>\n<\/tr>\n<tr>\n<td width=\"145\">Profundidad vaginal<\/td>\n<td>18 cm<\/td>\n<\/tr>\n<tr>\n<td width=\"145\">Profundidad bucal<\/td>\n<td>10cm<\/td>\n<\/tr>\n<tr>\n<td width=\"145\">Profundidad anal<\/td>\n<td>15cm<\/td>\n<\/tr>\n<tr>\n<td width=\"145\">Peso neto<\/td>\n<td>56 kilos<\/td>\n<\/tr>\n<\/tbody>\n<\/table>\n<h4>Acerca de la mu\u00f1eca sexual<\/h4>\n<p>&nbsp;<\/p>","protected":false},"excerpt":{"rendered":"<p>Im\u00e1genes de mu\u00f1ecas sexuales Tablas de tallas Material TPE Altura 170 cm Pecho superior 97 cm Pecho inferior 72 cm Cintura 68 cm Cadera 115 cm Hombro<\/p>","protected":false},"featured_media":154151,"comment_status":"open","ping_status":"closed","template":"","meta":[],"product_brand":[],"product_cat":[119,75,170,77,233,107,117],"product_tag":[],"class_list":{"0":"post-154000","1":"product","2":"type-product","3":"status-publish","4":"has-post-thumbnail","6":"product_cat-tpe-sex-doll","7":"product_cat-160cm-170cm-sex-dolls","8":"product_cat-adult-sex-doll","9":"product_cat-bbw-sex-doll","10":"product_cat-over-51kg","11":"product_cat-skinny-sex-dolls","12":"product_cat-small-breast-sex-doll","13":"pa_brand-climax-doll","14":"tm-has-options","16":"first","17":"instock","18":"sale","19":"shipping-taxable","20":"purchasable","21":"product-type-simple"},"_links":{"self":[{"href":"https:\/\/zxdoll.com\/es\/wp-json\/wp\/v2\/product\/154000","targetHints":{"allow":["GET"]}}],"collection":[{"href":"https:\/\/zxdoll.com\/es\/wp-json\/wp\/v2\/product"}],"about":[{"href":"https:\/\/zxdoll.com\/es\/wp-json\/wp\/v2\/types\/product"}],"replies":[{"embeddable":true,"href":"https:\/\/zxdoll.com\/es\/wp-json\/wp\/v2\/comments?post=154000"}],"version-history":[{"count":1,"href":"https:\/\/zxdoll.com\/es\/wp-json\/wp\/v2\/product\/154000\/revisions"}],"predecessor-version":[{"id":154057,"href":"https:\/\/zxdoll.com\/es\/wp-json\/wp\/v2\/product\/154000\/revisions\/154057"}],"wp:featuredmedia":[{"embeddable":true,"href":"https:\/\/zxdoll.com\/es\/wp-json\/wp\/v2\/media\/154151"}],"wp:attachment":[{"href":"https:\/\/zxdoll.com\/es\/wp-json\/wp\/v2\/media?parent=154000"}],"wp:term":[{"taxonomy":"product_brand","embeddable":true,"href":"https:\/\/zxdoll.com\/es\/wp-json\/wp\/v2\/product_brand?post=154000"},{"taxonomy":"product_cat","embeddable":true,"href":"https:\/\/zxdoll.com\/es\/wp-json\/wp\/v2\/product_cat?post=154000"},{"taxonomy":"product_tag","embeddable":true,"href":"https:\/\/zxdoll.com\/es\/wp-json\/wp\/v2\/product_tag?post=154000"}],"curies":[{"name":"wp","href":"https:\/\/api.w.org\/{rel}","templated":true}]}}