{"id":153221,"date":"2023-08-09T02:20:10","date_gmt":"2023-08-08T18:20:10","guid":{"rendered":"https:\/\/zxdoll.com\/?post_type=product&#038;p=153221"},"modified":"2025-09-09T00:08:28","modified_gmt":"2025-09-08T16:08:28","slug":"real-love-soft-sex-doll-boobs","status":"publish","type":"product","link":"https:\/\/zxdoll.com\/es\/product\/real-love-soft-sex-doll-boobs\/","title":{"rendered":"Real Love Mu\u00f1eca Sexual Suave tetas Billi 158cm"},"content":{"rendered":"<h4><strong>Im\u00e1genes de mu\u00f1ecas sexuales<\/strong><\/h4>\n\t                <ul class=\"easy-image-gallery thumbnails-21 linked\">\r\n                    <li><a data-fancybox=\"gallery169\" href=\"https:\/\/zxdoll.com\/wp-content\/uploads\/2023\/08\/real-rubber-doll-f56t2-533x800.jpg\" class=\"eig-popup\" title=\"\" data-caption=\"\" target=\"_blank\"><i class=\"icon-view\"><\/i><span class=\"overlay\"><\/span><img decoding=\"async\" width=\"150\" height=\"150\" src=\"https:\/\/zxdoll.com\/wp-content\/uploads\/2023\/08\/real-rubber-doll-f56t2-150x150.jpg\" class=\"attachment-thumbnail size-thumbnail\" alt=\"\" title=\"\"><\/a><\/li><li><a data-fancybox=\"gallery169\" href=\"https:\/\/zxdoll.com\/wp-content\/uploads\/2023\/08\/real-rubber-doll-f56t6-533x800.jpg\" class=\"eig-popup\" title=\"\" data-caption=\"\" target=\"_blank\"><i class=\"icon-view\"><\/i><span class=\"overlay\"><\/span><img decoding=\"async\" width=\"150\" height=\"150\" src=\"https:\/\/zxdoll.com\/wp-content\/uploads\/2023\/08\/real-rubber-doll-f56t6-150x150.jpg\" class=\"attachment-thumbnail size-thumbnail\" alt=\"\" title=\"\"><\/a><\/li><li><a data-fancybox=\"gallery169\" href=\"https:\/\/zxdoll.com\/wp-content\/uploads\/2023\/08\/real-rubber-doll-f56t7-533x800.jpg\" class=\"eig-popup\" title=\"\" data-caption=\"\" target=\"_blank\"><i class=\"icon-view\"><\/i><span class=\"overlay\"><\/span><img decoding=\"async\" width=\"150\" height=\"150\" src=\"https:\/\/zxdoll.com\/wp-content\/uploads\/2023\/08\/real-rubber-doll-f56t7-150x150.jpg\" class=\"attachment-thumbnail size-thumbnail\" alt=\"\" title=\"\"><\/a><\/li><li><a data-fancybox=\"gallery169\" href=\"https:\/\/zxdoll.com\/wp-content\/uploads\/2023\/08\/real-rubber-doll-f56t11-533x800.jpg\" class=\"eig-popup\" title=\"\" data-caption=\"\" target=\"_blank\"><i class=\"icon-view\"><\/i><span class=\"overlay\"><\/span><img loading=\"lazy\" decoding=\"async\" width=\"150\" height=\"150\" src=\"https:\/\/zxdoll.com\/wp-content\/uploads\/2023\/08\/real-rubber-doll-f56t11-150x150.jpg\" class=\"attachment-thumbnail size-thumbnail\" alt=\"\" title=\"\"><\/a><\/li><li><a data-fancybox=\"gallery169\" href=\"https:\/\/zxdoll.com\/wp-content\/uploads\/2023\/08\/real-rubber-doll-f56t12-533x800.jpg\" class=\"eig-popup\" title=\"\" data-caption=\"\" target=\"_blank\"><i class=\"icon-view\"><\/i><span class=\"overlay\"><\/span><img loading=\"lazy\" decoding=\"async\" width=\"150\" height=\"150\" src=\"https:\/\/zxdoll.com\/wp-content\/uploads\/2023\/08\/real-rubber-doll-f56t12-150x150.jpg\" class=\"attachment-thumbnail size-thumbnail\" alt=\"\" title=\"\"><\/a><\/li><li><a data-fancybox=\"gallery169\" href=\"https:\/\/zxdoll.com\/wp-content\/uploads\/2023\/08\/real-rubber-doll-f56t13-533x800.jpg\" class=\"eig-popup\" title=\"\" data-caption=\"\" target=\"_blank\"><i class=\"icon-view\"><\/i><span class=\"overlay\"><\/span><img loading=\"lazy\" decoding=\"async\" width=\"150\" height=\"150\" src=\"https:\/\/zxdoll.com\/wp-content\/uploads\/2023\/08\/real-rubber-doll-f56t13-150x150.jpg\" class=\"attachment-thumbnail size-thumbnail\" alt=\"\" title=\"\"><\/a><\/li><li><a data-fancybox=\"gallery169\" href=\"https:\/\/zxdoll.com\/wp-content\/uploads\/2023\/08\/real-rubber-doll-f56t14-533x800.jpg\" class=\"eig-popup\" title=\"\" data-caption=\"\" target=\"_blank\"><i class=\"icon-view\"><\/i><span class=\"overlay\"><\/span><img loading=\"lazy\" decoding=\"async\" width=\"150\" height=\"150\" src=\"https:\/\/zxdoll.com\/wp-content\/uploads\/2023\/08\/real-rubber-doll-f56t14-150x150.jpg\" class=\"attachment-thumbnail size-thumbnail\" alt=\"\" title=\"\"><\/a><\/li><li><a data-fancybox=\"gallery169\" href=\"https:\/\/zxdoll.com\/wp-content\/uploads\/2023\/08\/real-rubber-doll-f56t16-533x800.jpg\" class=\"eig-popup\" title=\"\" data-caption=\"\" target=\"_blank\"><i class=\"icon-view\"><\/i><span class=\"overlay\"><\/span><img loading=\"lazy\" decoding=\"async\" width=\"150\" height=\"150\" src=\"https:\/\/zxdoll.com\/wp-content\/uploads\/2023\/08\/real-rubber-doll-f56t16-150x150.jpg\" class=\"attachment-thumbnail size-thumbnail\" alt=\"\" title=\"\"><\/a><\/li><li><a data-fancybox=\"gallery169\" href=\"https:\/\/zxdoll.com\/wp-content\/uploads\/2023\/08\/real-rubber-doll-f56t18-533x800.jpg\" class=\"eig-popup\" title=\"\" data-caption=\"\" target=\"_blank\"><i class=\"icon-view\"><\/i><span class=\"overlay\"><\/span><img loading=\"lazy\" decoding=\"async\" width=\"150\" height=\"150\" src=\"https:\/\/zxdoll.com\/wp-content\/uploads\/2023\/08\/real-rubber-doll-f56t18-150x150.jpg\" class=\"attachment-thumbnail size-thumbnail\" alt=\"\" title=\"\"><\/a><\/li><li><a data-fancybox=\"gallery169\" href=\"https:\/\/zxdoll.com\/wp-content\/uploads\/2023\/08\/real-rubber-doll-f56t19-533x800.jpg\" class=\"eig-popup\" title=\"\" data-caption=\"\" target=\"_blank\"><i class=\"icon-view\"><\/i><span class=\"overlay\"><\/span><img loading=\"lazy\" decoding=\"async\" width=\"150\" height=\"150\" src=\"https:\/\/zxdoll.com\/wp-content\/uploads\/2023\/08\/real-rubber-doll-f56t19-150x150.jpg\" class=\"attachment-thumbnail size-thumbnail\" alt=\"\" title=\"\"><\/a><\/li><li><a data-fancybox=\"gallery169\" href=\"https:\/\/zxdoll.com\/wp-content\/uploads\/2023\/08\/real-rubber-doll-f56t23-533x800.jpg\" class=\"eig-popup\" title=\"\" data-caption=\"\" target=\"_blank\"><i class=\"icon-view\"><\/i><span class=\"overlay\"><\/span><img loading=\"lazy\" decoding=\"async\" width=\"150\" height=\"150\" src=\"https:\/\/zxdoll.com\/wp-content\/uploads\/2023\/08\/real-rubber-doll-f56t23-150x150.jpg\" class=\"attachment-thumbnail size-thumbnail\" alt=\"\" title=\"\"><\/a><\/li><li><a data-fancybox=\"gallery169\" href=\"https:\/\/zxdoll.com\/wp-content\/uploads\/2023\/08\/real-rubber-doll-f56t26-533x800.jpg\" class=\"eig-popup\" title=\"\" data-caption=\"\" target=\"_blank\"><i class=\"icon-view\"><\/i><span class=\"overlay\"><\/span><img loading=\"lazy\" decoding=\"async\" width=\"150\" height=\"150\" src=\"https:\/\/zxdoll.com\/wp-content\/uploads\/2023\/08\/real-rubber-doll-f56t26-150x150.jpg\" class=\"attachment-thumbnail size-thumbnail\" alt=\"\" title=\"\"><\/a><\/li><li><a data-fancybox=\"gallery169\" href=\"https:\/\/zxdoll.com\/wp-content\/uploads\/2023\/08\/real-rubber-doll-f56t28-533x800.jpg\" class=\"eig-popup\" title=\"\" data-caption=\"\" target=\"_blank\"><i class=\"icon-view\"><\/i><span class=\"overlay\"><\/span><img loading=\"lazy\" decoding=\"async\" width=\"150\" height=\"150\" src=\"https:\/\/zxdoll.com\/wp-content\/uploads\/2023\/08\/real-rubber-doll-f56t28-150x150.jpg\" class=\"attachment-thumbnail size-thumbnail\" alt=\"\" title=\"\"><\/a><\/li><li><a data-fancybox=\"gallery169\" href=\"https:\/\/zxdoll.com\/wp-content\/uploads\/2023\/08\/real-rubber-doll-f56t33-533x800.jpg\" class=\"eig-popup\" title=\"\" data-caption=\"\" target=\"_blank\"><i class=\"icon-view\"><\/i><span class=\"overlay\"><\/span><img loading=\"lazy\" decoding=\"async\" width=\"150\" height=\"150\" src=\"https:\/\/zxdoll.com\/wp-content\/uploads\/2023\/08\/real-rubber-doll-f56t33-150x150.jpg\" class=\"attachment-thumbnail size-thumbnail\" alt=\"\" title=\"\"><\/a><\/li><li><a data-fancybox=\"gallery169\" href=\"https:\/\/zxdoll.com\/wp-content\/uploads\/2023\/08\/real-rubber-doll-f56t43-533x800.jpg\" class=\"eig-popup\" title=\"\" data-caption=\"\" target=\"_blank\"><i class=\"icon-view\"><\/i><span class=\"overlay\"><\/span><img loading=\"lazy\" decoding=\"async\" width=\"150\" height=\"150\" src=\"https:\/\/zxdoll.com\/wp-content\/uploads\/2023\/08\/real-rubber-doll-f56t43-150x150.jpg\" class=\"attachment-thumbnail size-thumbnail\" alt=\"\" title=\"\"><\/a><\/li><li><a data-fancybox=\"gallery169\" href=\"https:\/\/zxdoll.com\/wp-content\/uploads\/2023\/08\/real-rubber-doll-f56t45-533x800.jpg\" class=\"eig-popup\" title=\"\" data-caption=\"\" target=\"_blank\"><i class=\"icon-view\"><\/i><span class=\"overlay\"><\/span><img loading=\"lazy\" decoding=\"async\" width=\"150\" height=\"150\" src=\"https:\/\/zxdoll.com\/wp-content\/uploads\/2023\/08\/real-rubber-doll-f56t45-150x150.jpg\" class=\"attachment-thumbnail size-thumbnail\" alt=\"\" title=\"\"><\/a><\/li><li><a data-fancybox=\"gallery169\" href=\"https:\/\/zxdoll.com\/wp-content\/uploads\/2023\/08\/real-rubber-doll-f56t46-533x800.jpg\" class=\"eig-popup\" title=\"\" data-caption=\"\" target=\"_blank\"><i class=\"icon-view\"><\/i><span class=\"overlay\"><\/span><img loading=\"lazy\" decoding=\"async\" width=\"150\" height=\"150\" src=\"https:\/\/zxdoll.com\/wp-content\/uploads\/2023\/08\/real-rubber-doll-f56t46-150x150.jpg\" class=\"attachment-thumbnail size-thumbnail\" alt=\"\" title=\"\"><\/a><\/li><li><a data-fancybox=\"gallery169\" href=\"https:\/\/zxdoll.com\/wp-content\/uploads\/2023\/08\/real-rubber-doll-f56t47-533x800.jpg\" class=\"eig-popup\" title=\"\" data-caption=\"\" target=\"_blank\"><i class=\"icon-view\"><\/i><span class=\"overlay\"><\/span><img loading=\"lazy\" decoding=\"async\" width=\"150\" height=\"150\" src=\"https:\/\/zxdoll.com\/wp-content\/uploads\/2023\/08\/real-rubber-doll-f56t47-150x150.jpg\" class=\"attachment-thumbnail size-thumbnail\" alt=\"\" title=\"\"><\/a><\/li><li><a data-fancybox=\"gallery169\" href=\"https:\/\/zxdoll.com\/wp-content\/uploads\/2023\/08\/real-rubber-doll-f56t50-533x800.jpg\" class=\"eig-popup\" title=\"\" data-caption=\"\" target=\"_blank\"><i class=\"icon-view\"><\/i><span class=\"overlay\"><\/span><img loading=\"lazy\" decoding=\"async\" width=\"150\" height=\"150\" src=\"https:\/\/zxdoll.com\/wp-content\/uploads\/2023\/08\/real-rubber-doll-f56t50-150x150.jpg\" class=\"attachment-thumbnail size-thumbnail\" alt=\"\" title=\"\"><\/a><\/li><li><a data-fancybox=\"gallery169\" href=\"https:\/\/zxdoll.com\/wp-content\/uploads\/2023\/08\/real-rubber-doll-f56t53-533x800.jpg\" class=\"eig-popup\" title=\"\" data-caption=\"\" target=\"_blank\"><i class=\"icon-view\"><\/i><span class=\"overlay\"><\/span><img loading=\"lazy\" decoding=\"async\" width=\"150\" height=\"150\" src=\"https:\/\/zxdoll.com\/wp-content\/uploads\/2023\/08\/real-rubber-doll-f56t53-150x150.jpg\" class=\"attachment-thumbnail size-thumbnail\" alt=\"\" title=\"\"><\/a><\/li><li><a data-fancybox=\"gallery169\" href=\"https:\/\/zxdoll.com\/wp-content\/uploads\/2023\/08\/real-rubber-doll-f56t56-533x800.jpg\" class=\"eig-popup\" title=\"\" data-caption=\"\" target=\"_blank\"><i class=\"icon-view\"><\/i><span class=\"overlay\"><\/span><img loading=\"lazy\" decoding=\"async\" width=\"150\" height=\"150\" src=\"https:\/\/zxdoll.com\/wp-content\/uploads\/2023\/08\/real-rubber-doll-f56t56-150x150.jpg\" class=\"attachment-thumbnail size-thumbnail\" alt=\"\" title=\"\"><\/a><\/li><\/ul>\n<h4>Tablas de tallas<\/h4>\n<table width=\"333\">\n<tbody>\n<tr>\n<td width=\"145\">Material<\/td>\n<td width=\"188\">TPE<\/td>\n<\/tr>\n<tr>\n<td>Altura<\/td>\n<td width=\"188\">158cm<\/td>\n<\/tr>\n<tr>\n<td width=\"145\">Parte superior del pecho<\/td>\n<td>98cm<\/td>\n<\/tr>\n<tr>\n<td width=\"145\">Pecho inferior<\/td>\n<td>66cm<\/td>\n<\/tr>\n<tr>\n<td width=\"145\">Cintura<\/td>\n<td>52cm<\/td>\n<\/tr>\n<tr>\n<td width=\"145\">Cadera<\/td>\n<td>86cm<\/td>\n<\/tr>\n<tr>\n<td width=\"145\">Hombro<\/td>\n<td>37cm<\/td>\n<\/tr>\n<tr>\n<td width=\"145\">Longitud de las piernas<\/td>\n<td>84cm<\/td>\n<\/tr>\n<tr>\n<td width=\"145\">Herm\u00e9tico<\/td>\n<td>45cm<\/td>\n<\/tr>\n<tr>\n<td width=\"145\">Largo del brazo<\/td>\n<td>64cm<\/td>\n<\/tr>\n<tr>\n<td width=\"145\">\u00danico<\/td>\n<td>21cm<\/td>\n<\/tr>\n<tr>\n<td width=\"145\">Profundidad vaginal<\/td>\n<td>18 cm<\/td>\n<\/tr>\n<tr>\n<td width=\"145\">Profundidad bucal<\/td>\n<td>10cm<\/td>\n<\/tr>\n<tr>\n<td width=\"145\">Profundidad anal<\/td>\n<td>15cm<\/td>\n<\/tr>\n<tr>\n<td width=\"145\">Peso neto<\/td>\n<td>29,8 kilos<\/td>\n<\/tr>\n<\/tbody>\n<\/table>\n<h4>Acerca de la mu\u00f1eca sexual<\/h4>\n<p>&nbsp;<\/p>","protected":false},"excerpt":{"rendered":"<p>Im\u00e1genes de mu\u00f1ecas sexuales Tablas de tallas Material TPE Altura 158 cm Pecho superior 98 cm Pecho inferior 66 cm Cintura 52 cm Cadera 86 cm Hombro<\/p>","protected":false},"featured_media":153271,"comment_status":"open","ping_status":"closed","template":"","meta":[],"product_brand":[],"product_cat":[119,112,228,170,107,117],"product_tag":[],"class_list":{"0":"post-153221","1":"product","2":"type-product","3":"status-publish","4":"has-post-thumbnail","6":"product_cat-tpe-sex-doll","7":"product_cat-150cm-159cm-sex-dolls","8":"product_cat-26kg-30kg","9":"product_cat-adult-sex-doll","10":"product_cat-skinny-sex-dolls","11":"product_cat-small-breast-sex-doll","12":"pa_brand-climax-doll","13":"tm-has-options","15":"first","16":"instock","17":"sale","18":"shipping-taxable","19":"purchasable","20":"product-type-simple"},"_links":{"self":[{"href":"https:\/\/zxdoll.com\/es\/wp-json\/wp\/v2\/product\/153221","targetHints":{"allow":["GET"]}}],"collection":[{"href":"https:\/\/zxdoll.com\/es\/wp-json\/wp\/v2\/product"}],"about":[{"href":"https:\/\/zxdoll.com\/es\/wp-json\/wp\/v2\/types\/product"}],"replies":[{"embeddable":true,"href":"https:\/\/zxdoll.com\/es\/wp-json\/wp\/v2\/comments?post=153221"}],"version-history":[{"count":2,"href":"https:\/\/zxdoll.com\/es\/wp-json\/wp\/v2\/product\/153221\/revisions"}],"predecessor-version":[{"id":154183,"href":"https:\/\/zxdoll.com\/es\/wp-json\/wp\/v2\/product\/153221\/revisions\/154183"}],"wp:featuredmedia":[{"embeddable":true,"href":"https:\/\/zxdoll.com\/es\/wp-json\/wp\/v2\/media\/153271"}],"wp:attachment":[{"href":"https:\/\/zxdoll.com\/es\/wp-json\/wp\/v2\/media?parent=153221"}],"wp:term":[{"taxonomy":"product_brand","embeddable":true,"href":"https:\/\/zxdoll.com\/es\/wp-json\/wp\/v2\/product_brand?post=153221"},{"taxonomy":"product_cat","embeddable":true,"href":"https:\/\/zxdoll.com\/es\/wp-json\/wp\/v2\/product_cat?post=153221"},{"taxonomy":"product_tag","embeddable":true,"href":"https:\/\/zxdoll.com\/es\/wp-json\/wp\/v2\/product_tag?post=153221"}],"curies":[{"name":"wp","href":"https:\/\/api.w.org\/{rel}","templated":true}]}}