{"id":149848,"date":"2023-08-08T02:15:50","date_gmt":"2023-08-07T18:15:50","guid":{"rendered":"https:\/\/zxdoll.com\/?post_type=product&#038;p=149848"},"modified":"2025-09-14T00:21:15","modified_gmt":"2025-09-13T16:21:15","slug":"big-ass-sex-doll-amazon-horny","status":"publish","type":"product","link":"https:\/\/zxdoll.com\/es\/product\/big-ass-sex-doll-amazon-horny\/","title":{"rendered":"Mu\u00f1eca sexual de gran culo Amazon Horny Bamby 162cm"},"content":{"rendered":"<h4><strong>Im\u00e1genes de mu\u00f1ecas sexuales<\/strong><\/h4>\n\t                <ul class=\"easy-image-gallery thumbnails-35 linked\">\r\n                    <li><a data-fancybox=\"gallery750\" href=\"https:\/\/zxdoll.com\/wp-content\/uploads\/2023\/08\/harmony-real-doll-dr4uh1-533x800.jpg\" class=\"eig-popup\" title=\"\" data-caption=\"\" target=\"_blank\"><i class=\"icon-view\"><\/i><span class=\"overlay\"><\/span><img decoding=\"async\" width=\"150\" height=\"150\" src=\"https:\/\/zxdoll.com\/wp-content\/uploads\/2023\/08\/harmony-real-doll-dr4uh1-150x150.jpg\" class=\"attachment-thumbnail size-thumbnail\" alt=\"\" title=\"\"><\/a><\/li><li><a data-fancybox=\"gallery750\" href=\"https:\/\/zxdoll.com\/wp-content\/uploads\/2023\/08\/harmony-real-doll-dr4uh2-533x800.jpg\" class=\"eig-popup\" title=\"\" data-caption=\"\" target=\"_blank\"><i class=\"icon-view\"><\/i><span class=\"overlay\"><\/span><img decoding=\"async\" width=\"150\" height=\"150\" src=\"https:\/\/zxdoll.com\/wp-content\/uploads\/2023\/08\/harmony-real-doll-dr4uh2-150x150.jpg\" class=\"attachment-thumbnail size-thumbnail\" alt=\"\" title=\"\"><\/a><\/li><li><a data-fancybox=\"gallery750\" href=\"https:\/\/zxdoll.com\/wp-content\/uploads\/2023\/08\/harmony-real-doll-dr4uh3-533x800.jpg\" class=\"eig-popup\" title=\"\" data-caption=\"\" target=\"_blank\"><i class=\"icon-view\"><\/i><span class=\"overlay\"><\/span><img decoding=\"async\" width=\"150\" height=\"150\" src=\"https:\/\/zxdoll.com\/wp-content\/uploads\/2023\/08\/harmony-real-doll-dr4uh3-150x150.jpg\" class=\"attachment-thumbnail size-thumbnail\" alt=\"\" title=\"\"><\/a><\/li><li><a data-fancybox=\"gallery750\" href=\"https:\/\/zxdoll.com\/wp-content\/uploads\/2023\/08\/harmony-real-doll-dr4uh4.jpg\" class=\"eig-popup\" title=\"\" data-caption=\"\" target=\"_blank\"><i class=\"icon-view\"><\/i><span class=\"overlay\"><\/span><img loading=\"lazy\" decoding=\"async\" width=\"150\" height=\"150\" src=\"https:\/\/zxdoll.com\/wp-content\/uploads\/2023\/08\/harmony-real-doll-dr4uh4-150x150.jpg\" class=\"attachment-thumbnail size-thumbnail\" alt=\"\" title=\"\"><\/a><\/li><li><a data-fancybox=\"gallery750\" href=\"https:\/\/zxdoll.com\/wp-content\/uploads\/2023\/08\/harmony-real-doll-dr4uh5.jpg\" class=\"eig-popup\" title=\"\" data-caption=\"\" target=\"_blank\"><i class=\"icon-view\"><\/i><span class=\"overlay\"><\/span><img loading=\"lazy\" decoding=\"async\" width=\"150\" height=\"150\" src=\"https:\/\/zxdoll.com\/wp-content\/uploads\/2023\/08\/harmony-real-doll-dr4uh5-150x150.jpg\" class=\"attachment-thumbnail size-thumbnail\" alt=\"\" title=\"\"><\/a><\/li><li><a data-fancybox=\"gallery750\" href=\"https:\/\/zxdoll.com\/wp-content\/uploads\/2023\/08\/harmony-real-doll-dr4uh6-533x800.jpg\" class=\"eig-popup\" title=\"\" data-caption=\"\" target=\"_blank\"><i class=\"icon-view\"><\/i><span class=\"overlay\"><\/span><img loading=\"lazy\" decoding=\"async\" width=\"150\" height=\"150\" src=\"https:\/\/zxdoll.com\/wp-content\/uploads\/2023\/08\/harmony-real-doll-dr4uh6-150x150.jpg\" class=\"attachment-thumbnail size-thumbnail\" alt=\"\" title=\"\"><\/a><\/li><li><a data-fancybox=\"gallery750\" href=\"https:\/\/zxdoll.com\/wp-content\/uploads\/2023\/08\/harmony-real-doll-dr4uh7-533x800.jpg\" class=\"eig-popup\" title=\"\" data-caption=\"\" target=\"_blank\"><i class=\"icon-view\"><\/i><span class=\"overlay\"><\/span><img loading=\"lazy\" decoding=\"async\" width=\"150\" height=\"150\" src=\"https:\/\/zxdoll.com\/wp-content\/uploads\/2023\/08\/harmony-real-doll-dr4uh7-150x150.jpg\" class=\"attachment-thumbnail size-thumbnail\" alt=\"\" title=\"\"><\/a><\/li><li><a data-fancybox=\"gallery750\" href=\"https:\/\/zxdoll.com\/wp-content\/uploads\/2023\/08\/harmony-real-doll-dr4uh8-533x800.jpg\" class=\"eig-popup\" title=\"\" data-caption=\"\" target=\"_blank\"><i class=\"icon-view\"><\/i><span class=\"overlay\"><\/span><img loading=\"lazy\" decoding=\"async\" width=\"150\" height=\"150\" src=\"https:\/\/zxdoll.com\/wp-content\/uploads\/2023\/08\/harmony-real-doll-dr4uh8-150x150.jpg\" class=\"attachment-thumbnail size-thumbnail\" alt=\"\" title=\"\"><\/a><\/li><li><a data-fancybox=\"gallery750\" href=\"https:\/\/zxdoll.com\/wp-content\/uploads\/2023\/08\/harmony-real-doll-dr4uh9-533x800.jpg\" class=\"eig-popup\" title=\"\" data-caption=\"\" target=\"_blank\"><i class=\"icon-view\"><\/i><span class=\"overlay\"><\/span><img loading=\"lazy\" decoding=\"async\" width=\"150\" height=\"150\" src=\"https:\/\/zxdoll.com\/wp-content\/uploads\/2023\/08\/harmony-real-doll-dr4uh9-150x150.jpg\" class=\"attachment-thumbnail size-thumbnail\" alt=\"\" title=\"\"><\/a><\/li><li><a data-fancybox=\"gallery750\" href=\"https:\/\/zxdoll.com\/wp-content\/uploads\/2023\/08\/harmony-real-doll-dr4uh10-533x800.jpg\" class=\"eig-popup\" title=\"\" data-caption=\"\" target=\"_blank\"><i class=\"icon-view\"><\/i><span class=\"overlay\"><\/span><img loading=\"lazy\" decoding=\"async\" width=\"150\" height=\"150\" src=\"https:\/\/zxdoll.com\/wp-content\/uploads\/2023\/08\/harmony-real-doll-dr4uh10-150x150.jpg\" class=\"attachment-thumbnail size-thumbnail\" alt=\"\" title=\"\"><\/a><\/li><li><a data-fancybox=\"gallery750\" href=\"https:\/\/zxdoll.com\/wp-content\/uploads\/2023\/08\/harmony-real-doll-dr4uh11-533x800.jpg\" class=\"eig-popup\" title=\"\" data-caption=\"\" target=\"_blank\"><i class=\"icon-view\"><\/i><span class=\"overlay\"><\/span><img loading=\"lazy\" decoding=\"async\" width=\"150\" height=\"150\" src=\"https:\/\/zxdoll.com\/wp-content\/uploads\/2023\/08\/harmony-real-doll-dr4uh11-150x150.jpg\" class=\"attachment-thumbnail size-thumbnail\" alt=\"\" title=\"\"><\/a><\/li><li><a data-fancybox=\"gallery750\" href=\"https:\/\/zxdoll.com\/wp-content\/uploads\/2023\/08\/harmony-real-doll-dr4uh12-533x800.jpg\" class=\"eig-popup\" title=\"\" data-caption=\"\" target=\"_blank\"><i class=\"icon-view\"><\/i><span class=\"overlay\"><\/span><img loading=\"lazy\" decoding=\"async\" width=\"150\" height=\"150\" src=\"https:\/\/zxdoll.com\/wp-content\/uploads\/2023\/08\/harmony-real-doll-dr4uh12-150x150.jpg\" class=\"attachment-thumbnail size-thumbnail\" alt=\"\" title=\"\"><\/a><\/li><li><a data-fancybox=\"gallery750\" href=\"https:\/\/zxdoll.com\/wp-content\/uploads\/2023\/08\/harmony-real-doll-dr4uh13.jpg\" class=\"eig-popup\" title=\"\" data-caption=\"\" target=\"_blank\"><i class=\"icon-view\"><\/i><span class=\"overlay\"><\/span><img loading=\"lazy\" decoding=\"async\" width=\"150\" height=\"150\" src=\"https:\/\/zxdoll.com\/wp-content\/uploads\/2023\/08\/harmony-real-doll-dr4uh13-150x150.jpg\" class=\"attachment-thumbnail size-thumbnail\" alt=\"\" title=\"\"><\/a><\/li><li><a data-fancybox=\"gallery750\" href=\"https:\/\/zxdoll.com\/wp-content\/uploads\/2023\/08\/harmony-real-doll-dr4uh14.jpg\" class=\"eig-popup\" title=\"\" data-caption=\"\" target=\"_blank\"><i class=\"icon-view\"><\/i><span class=\"overlay\"><\/span><img loading=\"lazy\" decoding=\"async\" width=\"150\" height=\"150\" src=\"https:\/\/zxdoll.com\/wp-content\/uploads\/2023\/08\/harmony-real-doll-dr4uh14-150x150.jpg\" class=\"attachment-thumbnail size-thumbnail\" alt=\"\" title=\"\"><\/a><\/li><li><a data-fancybox=\"gallery750\" href=\"https:\/\/zxdoll.com\/wp-content\/uploads\/2023\/08\/harmony-real-doll-dr4uh15.jpg\" class=\"eig-popup\" title=\"\" data-caption=\"\" target=\"_blank\"><i class=\"icon-view\"><\/i><span class=\"overlay\"><\/span><img loading=\"lazy\" decoding=\"async\" width=\"150\" height=\"150\" src=\"https:\/\/zxdoll.com\/wp-content\/uploads\/2023\/08\/harmony-real-doll-dr4uh15-150x150.jpg\" class=\"attachment-thumbnail size-thumbnail\" alt=\"\" title=\"\"><\/a><\/li><li><a data-fancybox=\"gallery750\" href=\"https:\/\/zxdoll.com\/wp-content\/uploads\/2023\/08\/harmony-real-doll-dr4uh16-533x800.jpg\" class=\"eig-popup\" title=\"\" data-caption=\"\" target=\"_blank\"><i class=\"icon-view\"><\/i><span class=\"overlay\"><\/span><img loading=\"lazy\" decoding=\"async\" width=\"150\" height=\"150\" src=\"https:\/\/zxdoll.com\/wp-content\/uploads\/2023\/08\/harmony-real-doll-dr4uh16-150x150.jpg\" class=\"attachment-thumbnail size-thumbnail\" alt=\"\" title=\"\"><\/a><\/li><li><a data-fancybox=\"gallery750\" href=\"https:\/\/zxdoll.com\/wp-content\/uploads\/2023\/08\/harmony-real-doll-dr4uh17.jpg\" class=\"eig-popup\" title=\"\" data-caption=\"\" target=\"_blank\"><i class=\"icon-view\"><\/i><span class=\"overlay\"><\/span><img loading=\"lazy\" decoding=\"async\" width=\"150\" height=\"150\" src=\"https:\/\/zxdoll.com\/wp-content\/uploads\/2023\/08\/harmony-real-doll-dr4uh17-150x150.jpg\" class=\"attachment-thumbnail size-thumbnail\" alt=\"\" title=\"\"><\/a><\/li><li><a data-fancybox=\"gallery750\" href=\"https:\/\/zxdoll.com\/wp-content\/uploads\/2023\/08\/harmony-real-doll-dr4uh18-533x800.jpg\" class=\"eig-popup\" title=\"\" data-caption=\"\" target=\"_blank\"><i class=\"icon-view\"><\/i><span class=\"overlay\"><\/span><img loading=\"lazy\" decoding=\"async\" width=\"150\" height=\"150\" src=\"https:\/\/zxdoll.com\/wp-content\/uploads\/2023\/08\/harmony-real-doll-dr4uh18-150x150.jpg\" class=\"attachment-thumbnail size-thumbnail\" alt=\"\" title=\"\"><\/a><\/li><li><a data-fancybox=\"gallery750\" href=\"https:\/\/zxdoll.com\/wp-content\/uploads\/2023\/08\/harmony-real-doll-dr4uh19-533x800.jpg\" class=\"eig-popup\" title=\"\" data-caption=\"\" target=\"_blank\"><i class=\"icon-view\"><\/i><span class=\"overlay\"><\/span><img loading=\"lazy\" decoding=\"async\" width=\"150\" height=\"150\" src=\"https:\/\/zxdoll.com\/wp-content\/uploads\/2023\/08\/harmony-real-doll-dr4uh19-150x150.jpg\" class=\"attachment-thumbnail size-thumbnail\" alt=\"\" title=\"\"><\/a><\/li><li><a data-fancybox=\"gallery750\" href=\"https:\/\/zxdoll.com\/wp-content\/uploads\/2023\/08\/harmony-real-doll-dr4uh20-533x800.jpg\" class=\"eig-popup\" title=\"\" data-caption=\"\" target=\"_blank\"><i class=\"icon-view\"><\/i><span class=\"overlay\"><\/span><img loading=\"lazy\" decoding=\"async\" width=\"150\" height=\"150\" src=\"https:\/\/zxdoll.com\/wp-content\/uploads\/2023\/08\/harmony-real-doll-dr4uh20-150x150.jpg\" class=\"attachment-thumbnail size-thumbnail\" alt=\"\" title=\"\"><\/a><\/li><li><a data-fancybox=\"gallery750\" href=\"https:\/\/zxdoll.com\/wp-content\/uploads\/2023\/08\/harmony-real-doll-dr4uh21-533x800.jpg\" class=\"eig-popup\" title=\"\" data-caption=\"\" target=\"_blank\"><i class=\"icon-view\"><\/i><span class=\"overlay\"><\/span><img loading=\"lazy\" decoding=\"async\" width=\"150\" height=\"150\" src=\"https:\/\/zxdoll.com\/wp-content\/uploads\/2023\/08\/harmony-real-doll-dr4uh21-150x150.jpg\" class=\"attachment-thumbnail size-thumbnail\" alt=\"\" title=\"\"><\/a><\/li><li><a data-fancybox=\"gallery750\" href=\"https:\/\/zxdoll.com\/wp-content\/uploads\/2023\/08\/harmony-real-doll-dr4uh22-533x800.jpg\" class=\"eig-popup\" title=\"\" data-caption=\"\" target=\"_blank\"><i class=\"icon-view\"><\/i><span class=\"overlay\"><\/span><img loading=\"lazy\" decoding=\"async\" width=\"150\" height=\"150\" src=\"https:\/\/zxdoll.com\/wp-content\/uploads\/2023\/08\/harmony-real-doll-dr4uh22-150x150.jpg\" class=\"attachment-thumbnail size-thumbnail\" alt=\"\" title=\"\"><\/a><\/li><li><a data-fancybox=\"gallery750\" href=\"https:\/\/zxdoll.com\/wp-content\/uploads\/2023\/08\/harmony-real-doll-dr4uh23-533x800.jpg\" class=\"eig-popup\" title=\"\" data-caption=\"\" target=\"_blank\"><i class=\"icon-view\"><\/i><span class=\"overlay\"><\/span><img loading=\"lazy\" decoding=\"async\" width=\"150\" height=\"150\" src=\"https:\/\/zxdoll.com\/wp-content\/uploads\/2023\/08\/harmony-real-doll-dr4uh23-150x150.jpg\" class=\"attachment-thumbnail size-thumbnail\" alt=\"\" title=\"\"><\/a><\/li><li><a data-fancybox=\"gallery750\" href=\"https:\/\/zxdoll.com\/wp-content\/uploads\/2023\/08\/harmony-real-doll-dr4uh24-533x800.jpg\" class=\"eig-popup\" title=\"\" data-caption=\"\" target=\"_blank\"><i class=\"icon-view\"><\/i><span class=\"overlay\"><\/span><img loading=\"lazy\" decoding=\"async\" width=\"150\" height=\"150\" src=\"https:\/\/zxdoll.com\/wp-content\/uploads\/2023\/08\/harmony-real-doll-dr4uh24-150x150.jpg\" class=\"attachment-thumbnail size-thumbnail\" alt=\"\" title=\"\"><\/a><\/li><li><a data-fancybox=\"gallery750\" href=\"https:\/\/zxdoll.com\/wp-content\/uploads\/2023\/08\/harmony-real-doll-dr4uh25-533x800.jpg\" class=\"eig-popup\" title=\"\" data-caption=\"\" target=\"_blank\"><i class=\"icon-view\"><\/i><span class=\"overlay\"><\/span><img loading=\"lazy\" decoding=\"async\" width=\"150\" height=\"150\" src=\"https:\/\/zxdoll.com\/wp-content\/uploads\/2023\/08\/harmony-real-doll-dr4uh25-150x150.jpg\" class=\"attachment-thumbnail size-thumbnail\" alt=\"\" title=\"\"><\/a><\/li><li><a data-fancybox=\"gallery750\" href=\"https:\/\/zxdoll.com\/wp-content\/uploads\/2023\/08\/harmony-real-doll-dr4uh26-533x800.jpg\" class=\"eig-popup\" title=\"\" data-caption=\"\" target=\"_blank\"><i class=\"icon-view\"><\/i><span class=\"overlay\"><\/span><img loading=\"lazy\" decoding=\"async\" width=\"150\" height=\"150\" src=\"https:\/\/zxdoll.com\/wp-content\/uploads\/2023\/08\/harmony-real-doll-dr4uh26-150x150.jpg\" class=\"attachment-thumbnail size-thumbnail\" alt=\"\" title=\"\"><\/a><\/li><li><a data-fancybox=\"gallery750\" href=\"https:\/\/zxdoll.com\/wp-content\/uploads\/2023\/08\/harmony-real-doll-dr4uh27-533x800.jpg\" class=\"eig-popup\" title=\"\" data-caption=\"\" target=\"_blank\"><i class=\"icon-view\"><\/i><span class=\"overlay\"><\/span><img loading=\"lazy\" decoding=\"async\" width=\"150\" height=\"150\" src=\"https:\/\/zxdoll.com\/wp-content\/uploads\/2023\/08\/harmony-real-doll-dr4uh27-150x150.jpg\" class=\"attachment-thumbnail size-thumbnail\" alt=\"\" title=\"\"><\/a><\/li><li><a data-fancybox=\"gallery750\" href=\"https:\/\/zxdoll.com\/wp-content\/uploads\/2023\/08\/harmony-real-doll-dr4uh28-533x800.jpg\" class=\"eig-popup\" title=\"\" data-caption=\"\" target=\"_blank\"><i class=\"icon-view\"><\/i><span class=\"overlay\"><\/span><img loading=\"lazy\" decoding=\"async\" width=\"150\" height=\"150\" src=\"https:\/\/zxdoll.com\/wp-content\/uploads\/2023\/08\/harmony-real-doll-dr4uh28-150x150.jpg\" class=\"attachment-thumbnail size-thumbnail\" alt=\"\" title=\"\"><\/a><\/li><li><a data-fancybox=\"gallery750\" href=\"https:\/\/zxdoll.com\/wp-content\/uploads\/2023\/08\/harmony-real-doll-dr4uh29-533x800.jpg\" class=\"eig-popup\" title=\"\" data-caption=\"\" target=\"_blank\"><i class=\"icon-view\"><\/i><span class=\"overlay\"><\/span><img loading=\"lazy\" decoding=\"async\" width=\"150\" height=\"150\" src=\"https:\/\/zxdoll.com\/wp-content\/uploads\/2023\/08\/harmony-real-doll-dr4uh29-150x150.jpg\" class=\"attachment-thumbnail size-thumbnail\" alt=\"\" title=\"\"><\/a><\/li><li><a data-fancybox=\"gallery750\" href=\"https:\/\/zxdoll.com\/wp-content\/uploads\/2023\/08\/harmony-real-doll-dr4uh30-533x800.jpg\" class=\"eig-popup\" title=\"\" data-caption=\"\" target=\"_blank\"><i class=\"icon-view\"><\/i><span class=\"overlay\"><\/span><img loading=\"lazy\" decoding=\"async\" width=\"150\" height=\"150\" src=\"https:\/\/zxdoll.com\/wp-content\/uploads\/2023\/08\/harmony-real-doll-dr4uh30-150x150.jpg\" class=\"attachment-thumbnail size-thumbnail\" alt=\"\" title=\"\"><\/a><\/li><li><a data-fancybox=\"gallery750\" href=\"https:\/\/zxdoll.com\/wp-content\/uploads\/2023\/08\/harmony-real-doll-dr4uh31-533x800.jpg\" class=\"eig-popup\" title=\"\" data-caption=\"\" target=\"_blank\"><i class=\"icon-view\"><\/i><span class=\"overlay\"><\/span><img loading=\"lazy\" decoding=\"async\" width=\"150\" height=\"150\" src=\"https:\/\/zxdoll.com\/wp-content\/uploads\/2023\/08\/harmony-real-doll-dr4uh31-150x150.jpg\" class=\"attachment-thumbnail size-thumbnail\" alt=\"\" title=\"\"><\/a><\/li><li><a data-fancybox=\"gallery750\" href=\"https:\/\/zxdoll.com\/wp-content\/uploads\/2023\/08\/harmony-real-doll-dr4uh32-533x800.jpg\" class=\"eig-popup\" title=\"\" data-caption=\"\" target=\"_blank\"><i class=\"icon-view\"><\/i><span class=\"overlay\"><\/span><img loading=\"lazy\" decoding=\"async\" width=\"150\" height=\"150\" src=\"https:\/\/zxdoll.com\/wp-content\/uploads\/2023\/08\/harmony-real-doll-dr4uh32-150x150.jpg\" class=\"attachment-thumbnail size-thumbnail\" alt=\"\" title=\"\"><\/a><\/li><li><a data-fancybox=\"gallery750\" href=\"https:\/\/zxdoll.com\/wp-content\/uploads\/2023\/08\/harmony-real-doll-dr4uh33-533x800.jpg\" class=\"eig-popup\" title=\"\" data-caption=\"\" target=\"_blank\"><i class=\"icon-view\"><\/i><span class=\"overlay\"><\/span><img loading=\"lazy\" decoding=\"async\" width=\"150\" height=\"150\" src=\"https:\/\/zxdoll.com\/wp-content\/uploads\/2023\/08\/harmony-real-doll-dr4uh33-150x150.jpg\" class=\"attachment-thumbnail size-thumbnail\" alt=\"\" title=\"\"><\/a><\/li><li><a data-fancybox=\"gallery750\" href=\"https:\/\/zxdoll.com\/wp-content\/uploads\/2023\/08\/harmony-real-doll-dr4uh34-533x800.jpg\" class=\"eig-popup\" title=\"\" data-caption=\"\" target=\"_blank\"><i class=\"icon-view\"><\/i><span class=\"overlay\"><\/span><img loading=\"lazy\" decoding=\"async\" width=\"150\" height=\"150\" src=\"https:\/\/zxdoll.com\/wp-content\/uploads\/2023\/08\/harmony-real-doll-dr4uh34-150x150.jpg\" class=\"attachment-thumbnail size-thumbnail\" alt=\"\" title=\"\"><\/a><\/li><li><a data-fancybox=\"gallery750\" href=\"https:\/\/zxdoll.com\/wp-content\/uploads\/2023\/08\/harmony-real-doll-dr4uh35.jpg\" class=\"eig-popup\" title=\"\" data-caption=\"\" target=\"_blank\"><i class=\"icon-view\"><\/i><span class=\"overlay\"><\/span><img loading=\"lazy\" decoding=\"async\" width=\"150\" height=\"150\" src=\"https:\/\/zxdoll.com\/wp-content\/uploads\/2023\/08\/harmony-real-doll-dr4uh35-150x150.jpg\" class=\"attachment-thumbnail size-thumbnail\" alt=\"\" title=\"\"><\/a><\/li><\/ul>\n<h4>Tablas de tallas<\/h4>\n<table width=\"324\">\n<tbody>\n<tr>\n<td width=\"129\">Material<\/td>\n<td width=\"195\">Cabeza de silicona + cuerpo de TPE<\/td>\n<\/tr>\n<tr>\n<td>Altura<\/td>\n<td>163cm<\/td>\n<\/tr>\n<tr>\n<td>Peso neto<\/td>\n<td>37kg<\/td>\n<\/tr>\n<tr>\n<td>Busto Completo<\/td>\n<td>90cm<\/td>\n<\/tr>\n<tr>\n<td>Debajo del busto<\/td>\n<td>67cm<\/td>\n<\/tr>\n<tr>\n<td>Taza<\/td>\n<td>F<\/td>\n<\/tr>\n<tr>\n<td>Cintura<\/td>\n<td>62cm<\/td>\n<\/tr>\n<tr>\n<td>Cadera<\/td>\n<td>95cm<\/td>\n<\/tr>\n<tr>\n<td>Oral<\/td>\n<td>Opcional<\/td>\n<\/tr>\n<tr>\n<td>Vagina<\/td>\n<td>18 cm<\/td>\n<\/tr>\n<tr>\n<td>Ano<\/td>\n<td>18 cm<\/td>\n<\/tr>\n<tr>\n<td>Hombro<\/td>\n<td>39cm<\/td>\n<\/tr>\n<tr>\n<td>Brazo<\/td>\n<td>67cm<\/td>\n<\/tr>\n<tr>\n<td>Pierna<\/td>\n<td>80cm<\/td>\n<\/tr>\n<tr>\n<td>Pie<\/td>\n<td>22,5 cm<\/td>\n<\/tr>\n<\/tbody>\n<\/table>\n<h4>Acerca de la mu\u00f1eca sexual<\/h4>\n<p>&nbsp;<\/p>","protected":false},"excerpt":{"rendered":"<p>Im\u00e1genes de mu\u00f1ecas sexuales Tablas de tallas Material Cabeza de silicona + TPE Altura del cuerpo 163 cm Peso neto 37 kg Busto completo 90 cm debajo<\/p>","protected":false},"featured_media":149892,"comment_status":"open","ping_status":"closed","template":"","meta":[],"product_brand":[],"product_cat":[75,230,192,107,117,213],"product_tag":[],"class_list":{"0":"post-149848","1":"product","2":"type-product","3":"status-publish","4":"has-post-thumbnail","6":"product_cat-160cm-170cm-sex-dolls","7":"product_cat-36kg-40kg","8":"product_cat-hybrid-doll","9":"product_cat-skinny-sex-dolls","10":"product_cat-small-breast-sex-doll","11":"product_cat-solid-sex-doll","12":"pa_brand-jiusheng-doll","13":"tm-has-options","15":"first","16":"instock","17":"sale","18":"shipping-taxable","19":"purchasable","20":"product-type-simple"},"_links":{"self":[{"href":"https:\/\/zxdoll.com\/es\/wp-json\/wp\/v2\/product\/149848","targetHints":{"allow":["GET"]}}],"collection":[{"href":"https:\/\/zxdoll.com\/es\/wp-json\/wp\/v2\/product"}],"about":[{"href":"https:\/\/zxdoll.com\/es\/wp-json\/wp\/v2\/types\/product"}],"replies":[{"embeddable":true,"href":"https:\/\/zxdoll.com\/es\/wp-json\/wp\/v2\/comments?post=149848"}],"version-history":[{"count":4,"href":"https:\/\/zxdoll.com\/es\/wp-json\/wp\/v2\/product\/149848\/revisions"}],"predecessor-version":[{"id":149942,"href":"https:\/\/zxdoll.com\/es\/wp-json\/wp\/v2\/product\/149848\/revisions\/149942"}],"wp:featuredmedia":[{"embeddable":true,"href":"https:\/\/zxdoll.com\/es\/wp-json\/wp\/v2\/media\/149892"}],"wp:attachment":[{"href":"https:\/\/zxdoll.com\/es\/wp-json\/wp\/v2\/media?parent=149848"}],"wp:term":[{"taxonomy":"product_brand","embeddable":true,"href":"https:\/\/zxdoll.com\/es\/wp-json\/wp\/v2\/product_brand?post=149848"},{"taxonomy":"product_cat","embeddable":true,"href":"https:\/\/zxdoll.com\/es\/wp-json\/wp\/v2\/product_cat?post=149848"},{"taxonomy":"product_tag","embeddable":true,"href":"https:\/\/zxdoll.com\/es\/wp-json\/wp\/v2\/product_tag?post=149848"}],"curies":[{"name":"wp","href":"https:\/\/api.w.org\/{rel}","templated":true}]}}