{"id":122544,"date":"2023-07-27T06:29:13","date_gmt":"2023-07-26T22:29:13","guid":{"rendered":"https:\/\/zxdoll.com\/?post_type=product&#038;p=122544"},"modified":"2025-09-10T22:30:26","modified_gmt":"2025-09-10T14:30:26","slug":"fucking-sexy-sex-doll-doggy-style","status":"publish","type":"product","link":"https:\/\/zxdoll.com\/es\/product\/fucking-sexy-sex-doll-doggy-style\/","title":{"rendered":"Follando Mu\u00f1eca Sexual Sexy Estilo Perrito Anstice 150cm"},"content":{"rendered":"<h4><strong>Im\u00e1genes de mu\u00f1ecas sexuales<\/strong><\/h4>\n\t                <ul class=\"easy-image-gallery thumbnails-23 linked\">\r\n                    <li><a data-fancybox=\"gallery129\" href=\"https:\/\/zxdoll.com\/wp-content\/uploads\/2023\/07\/doll-factory-toronto-hrtu1-533x800.jpg\" class=\"eig-popup\" title=\"\" data-caption=\"\" target=\"_blank\"><i class=\"icon-view\"><\/i><span class=\"overlay\"><\/span><img decoding=\"async\" width=\"150\" height=\"150\" src=\"https:\/\/zxdoll.com\/wp-content\/uploads\/2023\/07\/doll-factory-toronto-hrtu1-150x150.jpg\" class=\"attachment-thumbnail size-thumbnail\" alt=\"\" title=\"\"><\/a><\/li><li><a data-fancybox=\"gallery129\" href=\"https:\/\/zxdoll.com\/wp-content\/uploads\/2023\/07\/doll-factory-toronto-hrtu2-533x800.jpg\" class=\"eig-popup\" title=\"\" data-caption=\"\" target=\"_blank\"><i class=\"icon-view\"><\/i><span class=\"overlay\"><\/span><img decoding=\"async\" width=\"150\" height=\"150\" src=\"https:\/\/zxdoll.com\/wp-content\/uploads\/2023\/07\/doll-factory-toronto-hrtu2-150x150.jpg\" class=\"attachment-thumbnail size-thumbnail\" alt=\"\" title=\"\"><\/a><\/li><li><a data-fancybox=\"gallery129\" href=\"https:\/\/zxdoll.com\/wp-content\/uploads\/2023\/07\/doll-factory-toronto-hrtu3-533x800.jpg\" class=\"eig-popup\" title=\"\" data-caption=\"\" target=\"_blank\"><i class=\"icon-view\"><\/i><span class=\"overlay\"><\/span><img decoding=\"async\" width=\"150\" height=\"150\" src=\"https:\/\/zxdoll.com\/wp-content\/uploads\/2023\/07\/doll-factory-toronto-hrtu3-150x150.jpg\" class=\"attachment-thumbnail size-thumbnail\" alt=\"\" title=\"\"><\/a><\/li><li><a data-fancybox=\"gallery129\" href=\"https:\/\/zxdoll.com\/wp-content\/uploads\/2023\/07\/doll-factory-toronto-hrtu4-533x800.jpg\" class=\"eig-popup\" title=\"\" data-caption=\"\" target=\"_blank\"><i class=\"icon-view\"><\/i><span class=\"overlay\"><\/span><img loading=\"lazy\" decoding=\"async\" width=\"150\" height=\"150\" src=\"https:\/\/zxdoll.com\/wp-content\/uploads\/2023\/07\/doll-factory-toronto-hrtu4-150x150.jpg\" class=\"attachment-thumbnail size-thumbnail\" alt=\"\" title=\"\"><\/a><\/li><li><a data-fancybox=\"gallery129\" href=\"https:\/\/zxdoll.com\/wp-content\/uploads\/2023\/07\/doll-factory-toronto-hrtu5-533x800.jpg\" class=\"eig-popup\" title=\"\" data-caption=\"\" target=\"_blank\"><i class=\"icon-view\"><\/i><span class=\"overlay\"><\/span><img loading=\"lazy\" decoding=\"async\" width=\"150\" height=\"150\" src=\"https:\/\/zxdoll.com\/wp-content\/uploads\/2023\/07\/doll-factory-toronto-hrtu5-150x150.jpg\" class=\"attachment-thumbnail size-thumbnail\" alt=\"\" title=\"\"><\/a><\/li><li><a data-fancybox=\"gallery129\" href=\"https:\/\/zxdoll.com\/wp-content\/uploads\/2023\/07\/doll-factory-toronto-hrtu6-533x800.jpg\" class=\"eig-popup\" title=\"\" data-caption=\"\" target=\"_blank\"><i class=\"icon-view\"><\/i><span class=\"overlay\"><\/span><img loading=\"lazy\" decoding=\"async\" width=\"150\" height=\"150\" src=\"https:\/\/zxdoll.com\/wp-content\/uploads\/2023\/07\/doll-factory-toronto-hrtu6-150x150.jpg\" class=\"attachment-thumbnail size-thumbnail\" alt=\"\" title=\"\"><\/a><\/li><li><a data-fancybox=\"gallery129\" href=\"https:\/\/zxdoll.com\/wp-content\/uploads\/2023\/07\/doll-factory-toronto-hrtu7-533x800.jpg\" class=\"eig-popup\" title=\"\" data-caption=\"\" target=\"_blank\"><i class=\"icon-view\"><\/i><span class=\"overlay\"><\/span><img loading=\"lazy\" decoding=\"async\" width=\"150\" height=\"150\" src=\"https:\/\/zxdoll.com\/wp-content\/uploads\/2023\/07\/doll-factory-toronto-hrtu7-150x150.jpg\" class=\"attachment-thumbnail size-thumbnail\" alt=\"\" title=\"\"><\/a><\/li><li><a data-fancybox=\"gallery129\" href=\"https:\/\/zxdoll.com\/wp-content\/uploads\/2023\/07\/doll-factory-toronto-hrtu8-533x800.jpg\" class=\"eig-popup\" title=\"\" data-caption=\"\" target=\"_blank\"><i class=\"icon-view\"><\/i><span class=\"overlay\"><\/span><img loading=\"lazy\" decoding=\"async\" width=\"150\" height=\"150\" src=\"https:\/\/zxdoll.com\/wp-content\/uploads\/2023\/07\/doll-factory-toronto-hrtu8-150x150.jpg\" class=\"attachment-thumbnail size-thumbnail\" alt=\"\" title=\"\"><\/a><\/li><li><a data-fancybox=\"gallery129\" href=\"https:\/\/zxdoll.com\/wp-content\/uploads\/2023\/07\/doll-factory-toronto-hrtu9-533x800.jpg\" class=\"eig-popup\" title=\"\" data-caption=\"\" target=\"_blank\"><i class=\"icon-view\"><\/i><span class=\"overlay\"><\/span><img loading=\"lazy\" decoding=\"async\" width=\"150\" height=\"150\" src=\"https:\/\/zxdoll.com\/wp-content\/uploads\/2023\/07\/doll-factory-toronto-hrtu9-150x150.jpg\" class=\"attachment-thumbnail size-thumbnail\" alt=\"\" title=\"\"><\/a><\/li><li><a data-fancybox=\"gallery129\" href=\"https:\/\/zxdoll.com\/wp-content\/uploads\/2023\/07\/doll-factory-toronto-hrtu10.jpg\" class=\"eig-popup\" title=\"\" data-caption=\"\" target=\"_blank\"><i class=\"icon-view\"><\/i><span class=\"overlay\"><\/span><img loading=\"lazy\" decoding=\"async\" width=\"150\" height=\"150\" src=\"https:\/\/zxdoll.com\/wp-content\/uploads\/2023\/07\/doll-factory-toronto-hrtu10-150x150.jpg\" class=\"attachment-thumbnail size-thumbnail\" alt=\"\" title=\"\"><\/a><\/li><li><a data-fancybox=\"gallery129\" href=\"https:\/\/zxdoll.com\/wp-content\/uploads\/2023\/07\/doll-factory-toronto-hrtu11.jpg\" class=\"eig-popup\" title=\"\" data-caption=\"\" target=\"_blank\"><i class=\"icon-view\"><\/i><span class=\"overlay\"><\/span><img loading=\"lazy\" decoding=\"async\" width=\"150\" height=\"150\" src=\"https:\/\/zxdoll.com\/wp-content\/uploads\/2023\/07\/doll-factory-toronto-hrtu11-150x150.jpg\" class=\"attachment-thumbnail size-thumbnail\" alt=\"\" title=\"\"><\/a><\/li><li><a data-fancybox=\"gallery129\" href=\"https:\/\/zxdoll.com\/wp-content\/uploads\/2023\/07\/doll-factory-toronto-hrtu12-533x800.jpg\" class=\"eig-popup\" title=\"\" data-caption=\"\" target=\"_blank\"><i class=\"icon-view\"><\/i><span class=\"overlay\"><\/span><img loading=\"lazy\" decoding=\"async\" width=\"150\" height=\"150\" src=\"https:\/\/zxdoll.com\/wp-content\/uploads\/2023\/07\/doll-factory-toronto-hrtu12-150x150.jpg\" class=\"attachment-thumbnail size-thumbnail\" alt=\"\" title=\"\"><\/a><\/li><li><a data-fancybox=\"gallery129\" href=\"https:\/\/zxdoll.com\/wp-content\/uploads\/2023\/07\/doll-factory-toronto-hrtu13.jpg\" class=\"eig-popup\" title=\"\" data-caption=\"\" target=\"_blank\"><i class=\"icon-view\"><\/i><span class=\"overlay\"><\/span><img loading=\"lazy\" decoding=\"async\" width=\"150\" height=\"150\" src=\"https:\/\/zxdoll.com\/wp-content\/uploads\/2023\/07\/doll-factory-toronto-hrtu13-150x150.jpg\" class=\"attachment-thumbnail size-thumbnail\" alt=\"\" title=\"\"><\/a><\/li><li><a data-fancybox=\"gallery129\" href=\"https:\/\/zxdoll.com\/wp-content\/uploads\/2023\/07\/doll-factory-toronto-hrtu14-533x800.jpg\" class=\"eig-popup\" title=\"\" data-caption=\"\" target=\"_blank\"><i class=\"icon-view\"><\/i><span class=\"overlay\"><\/span><img loading=\"lazy\" decoding=\"async\" width=\"150\" height=\"150\" src=\"https:\/\/zxdoll.com\/wp-content\/uploads\/2023\/07\/doll-factory-toronto-hrtu14-150x150.jpg\" class=\"attachment-thumbnail size-thumbnail\" alt=\"\" title=\"\"><\/a><\/li><li><a data-fancybox=\"gallery129\" href=\"https:\/\/zxdoll.com\/wp-content\/uploads\/2023\/07\/doll-factory-toronto-hrtu15-533x800.jpg\" class=\"eig-popup\" title=\"\" data-caption=\"\" target=\"_blank\"><i class=\"icon-view\"><\/i><span class=\"overlay\"><\/span><img loading=\"lazy\" decoding=\"async\" width=\"150\" height=\"150\" src=\"https:\/\/zxdoll.com\/wp-content\/uploads\/2023\/07\/doll-factory-toronto-hrtu15-150x150.jpg\" class=\"attachment-thumbnail size-thumbnail\" alt=\"\" title=\"\"><\/a><\/li><li><a data-fancybox=\"gallery129\" href=\"https:\/\/zxdoll.com\/wp-content\/uploads\/2023\/07\/doll-factory-toronto-hrtu16.jpg\" class=\"eig-popup\" title=\"\" data-caption=\"\" target=\"_blank\"><i class=\"icon-view\"><\/i><span class=\"overlay\"><\/span><img loading=\"lazy\" decoding=\"async\" width=\"150\" height=\"150\" src=\"https:\/\/zxdoll.com\/wp-content\/uploads\/2023\/07\/doll-factory-toronto-hrtu16-150x150.jpg\" class=\"attachment-thumbnail size-thumbnail\" alt=\"\" title=\"\"><\/a><\/li><li><a data-fancybox=\"gallery129\" href=\"https:\/\/zxdoll.com\/wp-content\/uploads\/2023\/07\/doll-factory-toronto-hrtu17-533x800.jpg\" class=\"eig-popup\" title=\"\" data-caption=\"\" target=\"_blank\"><i class=\"icon-view\"><\/i><span class=\"overlay\"><\/span><img loading=\"lazy\" decoding=\"async\" width=\"150\" height=\"150\" src=\"https:\/\/zxdoll.com\/wp-content\/uploads\/2023\/07\/doll-factory-toronto-hrtu17-150x150.jpg\" class=\"attachment-thumbnail size-thumbnail\" alt=\"\" title=\"\"><\/a><\/li><li><a data-fancybox=\"gallery129\" href=\"https:\/\/zxdoll.com\/wp-content\/uploads\/2023\/07\/doll-factory-toronto-hrtu18-533x800.jpg\" class=\"eig-popup\" title=\"\" data-caption=\"\" target=\"_blank\"><i class=\"icon-view\"><\/i><span class=\"overlay\"><\/span><img loading=\"lazy\" decoding=\"async\" width=\"150\" height=\"150\" src=\"https:\/\/zxdoll.com\/wp-content\/uploads\/2023\/07\/doll-factory-toronto-hrtu18-150x150.jpg\" class=\"attachment-thumbnail size-thumbnail\" alt=\"\" title=\"\"><\/a><\/li><li><a data-fancybox=\"gallery129\" href=\"https:\/\/zxdoll.com\/wp-content\/uploads\/2023\/07\/doll-factory-toronto-hrtu19-533x800.jpg\" class=\"eig-popup\" title=\"\" data-caption=\"\" target=\"_blank\"><i class=\"icon-view\"><\/i><span class=\"overlay\"><\/span><img loading=\"lazy\" decoding=\"async\" width=\"150\" height=\"150\" src=\"https:\/\/zxdoll.com\/wp-content\/uploads\/2023\/07\/doll-factory-toronto-hrtu19-150x150.jpg\" class=\"attachment-thumbnail size-thumbnail\" alt=\"\" title=\"\"><\/a><\/li><li><a data-fancybox=\"gallery129\" href=\"https:\/\/zxdoll.com\/wp-content\/uploads\/2023\/07\/doll-factory-toronto-hrtu20.jpg\" class=\"eig-popup\" title=\"\" data-caption=\"\" target=\"_blank\"><i class=\"icon-view\"><\/i><span class=\"overlay\"><\/span><img loading=\"lazy\" decoding=\"async\" width=\"150\" height=\"150\" src=\"https:\/\/zxdoll.com\/wp-content\/uploads\/2023\/07\/doll-factory-toronto-hrtu20-150x150.jpg\" class=\"attachment-thumbnail size-thumbnail\" alt=\"\" title=\"\"><\/a><\/li><li><a data-fancybox=\"gallery129\" href=\"https:\/\/zxdoll.com\/wp-content\/uploads\/2023\/07\/doll-factory-toronto-hrtu21-533x800.jpg\" class=\"eig-popup\" title=\"\" data-caption=\"\" target=\"_blank\"><i class=\"icon-view\"><\/i><span class=\"overlay\"><\/span><img loading=\"lazy\" decoding=\"async\" width=\"150\" height=\"150\" src=\"https:\/\/zxdoll.com\/wp-content\/uploads\/2023\/07\/doll-factory-toronto-hrtu21-150x150.jpg\" class=\"attachment-thumbnail size-thumbnail\" alt=\"\" title=\"\"><\/a><\/li><li><a data-fancybox=\"gallery129\" href=\"https:\/\/zxdoll.com\/wp-content\/uploads\/2023\/07\/doll-factory-toronto-hrtu22.jpg\" class=\"eig-popup\" title=\"\" data-caption=\"\" target=\"_blank\"><i class=\"icon-view\"><\/i><span class=\"overlay\"><\/span><img loading=\"lazy\" decoding=\"async\" width=\"150\" height=\"150\" src=\"https:\/\/zxdoll.com\/wp-content\/uploads\/2023\/07\/doll-factory-toronto-hrtu22-150x150.jpg\" class=\"attachment-thumbnail size-thumbnail\" alt=\"\" title=\"\"><\/a><\/li><li><a data-fancybox=\"gallery129\" href=\"https:\/\/zxdoll.com\/wp-content\/uploads\/2023\/07\/doll-factory-toronto-hrtu23-533x800.jpg\" class=\"eig-popup\" title=\"\" data-caption=\"\" target=\"_blank\"><i class=\"icon-view\"><\/i><span class=\"overlay\"><\/span><img loading=\"lazy\" decoding=\"async\" width=\"150\" height=\"150\" src=\"https:\/\/zxdoll.com\/wp-content\/uploads\/2023\/07\/doll-factory-toronto-hrtu23-150x150.jpg\" class=\"attachment-thumbnail size-thumbnail\" alt=\"\" title=\"\"><\/a><\/li><\/ul>\n<h4>Tablas de tallas<\/h4>\n<table width=\"345\">\n<tbody>\n<tr>\n<td width=\"145\">Material<\/td>\n<td width=\"200\">Cabeza de silicona + cuerpo de TPE<\/td>\n<\/tr>\n<tr>\n<td>Altura<\/td>\n<td>150cm<\/td>\n<\/tr>\n<tr>\n<td>Busto<\/td>\n<td>72cm<\/td>\n<\/tr>\n<tr>\n<td>Cintura<\/td>\n<td>52cm<\/td>\n<\/tr>\n<tr>\n<td>Cadera<\/td>\n<td>79cm<\/td>\n<\/tr>\n<tr>\n<td>Ancho del brazo<\/td>\n<td>55cm<\/td>\n<\/tr>\n<tr>\n<td>Ancho de hombro<\/td>\n<td>32cm<\/td>\n<\/tr>\n<tr>\n<td>Longitud de las piernas<\/td>\n<td>74,5 cm<\/td>\n<\/tr>\n<tr>\n<td>Largo del pie<\/td>\n<td>20 cent\u00edmetros<\/td>\n<\/tr>\n<tr>\n<td>Profundidad de la vagina<\/td>\n<td>18 cm<\/td>\n<\/tr>\n<tr>\n<td>Profundidad anal<\/td>\n<td>14cm<\/td>\n<\/tr>\n<tr>\n<td>Peso neto<\/td>\n<td>32kg<\/td>\n<\/tr>\n<\/tbody>\n<\/table>\n<h4>Acerca de la mu\u00f1eca sexual<\/h4>\n<p>&nbsp;<\/p>","protected":false},"excerpt":{"rendered":"<p>Im\u00e1genes de mu\u00f1ecas sexuales Tablas de tallas Material Silicona Cabeza + TPE Altura del cuerpo 150 cm Busto 72 cm Cintura 52 cm Cadera 79 cm Brazo<\/p>","protected":false},"featured_media":122740,"comment_status":"open","ping_status":"closed","template":"","meta":[],"product_brand":[],"product_cat":[112,229,192,107,117,161],"product_tag":[],"class_list":{"0":"post-122544","1":"product","2":"type-product","3":"status-publish","4":"has-post-thumbnail","6":"product_cat-150cm-159cm-sex-dolls","7":"product_cat-31kg-35kg","8":"product_cat-hybrid-doll","9":"product_cat-skinny-sex-dolls","10":"product_cat-small-breast-sex-doll","11":"product_cat-xxx-dolls","12":"pa_brand-fu-doll","13":"tm-has-options","15":"first","16":"instock","17":"sale","18":"shipping-taxable","19":"purchasable","20":"product-type-simple"},"_links":{"self":[{"href":"https:\/\/zxdoll.com\/es\/wp-json\/wp\/v2\/product\/122544","targetHints":{"allow":["GET"]}}],"collection":[{"href":"https:\/\/zxdoll.com\/es\/wp-json\/wp\/v2\/product"}],"about":[{"href":"https:\/\/zxdoll.com\/es\/wp-json\/wp\/v2\/types\/product"}],"replies":[{"embeddable":true,"href":"https:\/\/zxdoll.com\/es\/wp-json\/wp\/v2\/comments?post=122544"}],"version-history":[{"count":2,"href":"https:\/\/zxdoll.com\/es\/wp-json\/wp\/v2\/product\/122544\/revisions"}],"predecessor-version":[{"id":155214,"href":"https:\/\/zxdoll.com\/es\/wp-json\/wp\/v2\/product\/122544\/revisions\/155214"}],"wp:featuredmedia":[{"embeddable":true,"href":"https:\/\/zxdoll.com\/es\/wp-json\/wp\/v2\/media\/122740"}],"wp:attachment":[{"href":"https:\/\/zxdoll.com\/es\/wp-json\/wp\/v2\/media?parent=122544"}],"wp:term":[{"taxonomy":"product_brand","embeddable":true,"href":"https:\/\/zxdoll.com\/es\/wp-json\/wp\/v2\/product_brand?post=122544"},{"taxonomy":"product_cat","embeddable":true,"href":"https:\/\/zxdoll.com\/es\/wp-json\/wp\/v2\/product_cat?post=122544"},{"taxonomy":"product_tag","embeddable":true,"href":"https:\/\/zxdoll.com\/es\/wp-json\/wp\/v2\/product_tag?post=122544"}],"curies":[{"name":"wp","href":"https:\/\/api.w.org\/{rel}","templated":true}]}}