{"id":117772,"date":"2023-07-26T06:51:28","date_gmt":"2023-07-25T22:51:28","guid":{"rendered":"https:\/\/zxdoll.com\/?post_type=product&#038;p=117772"},"modified":"2025-09-09T22:09:36","modified_gmt":"2025-09-09T14:09:36","slug":"sexy-sex-doll-looks-like-actress","status":"publish","type":"product","link":"https:\/\/zxdoll.com\/es\/product\/sexy-sex-doll-looks-like-actress\/","title":{"rendered":"Mu\u00f1eca sexual sexy que parece la actriz Havivah 165 cm"},"content":{"rendered":"<h4><strong>Im\u00e1genes de mu\u00f1ecas sexuales<\/strong><\/h4>\n\t                <ul class=\"easy-image-gallery thumbnails-27 linked\">\r\n                    <li><a data-fancybox=\"gallery745\" href=\"https:\/\/zxdoll.com\/wp-content\/uploads\/2023\/07\/sakura-sex-doll-4r7yh1.jpg\" class=\"eig-popup\" title=\"\" data-caption=\"\" target=\"_blank\"><i class=\"icon-view\"><\/i><span class=\"overlay\"><\/span><img decoding=\"async\" width=\"150\" height=\"150\" src=\"https:\/\/zxdoll.com\/wp-content\/uploads\/2023\/07\/sakura-sex-doll-4r7yh1-150x150.jpg\" class=\"attachment-thumbnail size-thumbnail\" alt=\"\" title=\"\"><\/a><\/li><li><a data-fancybox=\"gallery745\" href=\"https:\/\/zxdoll.com\/wp-content\/uploads\/2023\/07\/sakura-sex-doll-4r7yh2.jpg\" class=\"eig-popup\" title=\"\" data-caption=\"\" target=\"_blank\"><i class=\"icon-view\"><\/i><span class=\"overlay\"><\/span><img decoding=\"async\" width=\"150\" height=\"150\" src=\"https:\/\/zxdoll.com\/wp-content\/uploads\/2023\/07\/sakura-sex-doll-4r7yh2-150x150.jpg\" class=\"attachment-thumbnail size-thumbnail\" alt=\"\" title=\"\"><\/a><\/li><li><a data-fancybox=\"gallery745\" href=\"https:\/\/zxdoll.com\/wp-content\/uploads\/2023\/07\/sakura-sex-doll-4r7yh3.jpg\" class=\"eig-popup\" title=\"\" data-caption=\"\" target=\"_blank\"><i class=\"icon-view\"><\/i><span class=\"overlay\"><\/span><img decoding=\"async\" width=\"150\" height=\"150\" src=\"https:\/\/zxdoll.com\/wp-content\/uploads\/2023\/07\/sakura-sex-doll-4r7yh3-150x150.jpg\" class=\"attachment-thumbnail size-thumbnail\" alt=\"\" title=\"\"><\/a><\/li><li><a data-fancybox=\"gallery745\" href=\"https:\/\/zxdoll.com\/wp-content\/uploads\/2023\/07\/sakura-sex-doll-4r7yh4.jpg\" class=\"eig-popup\" title=\"\" data-caption=\"\" target=\"_blank\"><i class=\"icon-view\"><\/i><span class=\"overlay\"><\/span><img loading=\"lazy\" decoding=\"async\" width=\"101\" height=\"150\" src=\"https:\/\/zxdoll.com\/wp-content\/uploads\/2023\/07\/sakura-sex-doll-4r7yh4.jpg\" class=\"attachment-thumbnail size-thumbnail\" alt=\"\" title=\"\"><\/a><\/li><li><a data-fancybox=\"gallery745\" href=\"https:\/\/zxdoll.com\/wp-content\/uploads\/2023\/07\/sakura-sex-doll-4r7yh5-536x800.jpg\" class=\"eig-popup\" title=\"\" data-caption=\"\" target=\"_blank\"><i class=\"icon-view\"><\/i><span class=\"overlay\"><\/span><img loading=\"lazy\" decoding=\"async\" width=\"150\" height=\"150\" src=\"https:\/\/zxdoll.com\/wp-content\/uploads\/2023\/07\/sakura-sex-doll-4r7yh5-150x150.jpg\" class=\"attachment-thumbnail size-thumbnail\" alt=\"\" title=\"\"><\/a><\/li><li><a data-fancybox=\"gallery745\" href=\"https:\/\/zxdoll.com\/wp-content\/uploads\/2023\/07\/sakura-sex-doll-4r7yh6.jpg\" class=\"eig-popup\" title=\"\" data-caption=\"\" target=\"_blank\"><i class=\"icon-view\"><\/i><span class=\"overlay\"><\/span><img loading=\"lazy\" decoding=\"async\" width=\"150\" height=\"150\" src=\"https:\/\/zxdoll.com\/wp-content\/uploads\/2023\/07\/sakura-sex-doll-4r7yh6-150x150.jpg\" class=\"attachment-thumbnail size-thumbnail\" alt=\"\" title=\"\"><\/a><\/li><li><a data-fancybox=\"gallery745\" href=\"https:\/\/zxdoll.com\/wp-content\/uploads\/2023\/07\/sakura-sex-doll-4r7yh7.jpg\" class=\"eig-popup\" title=\"\" data-caption=\"\" target=\"_blank\"><i class=\"icon-view\"><\/i><span class=\"overlay\"><\/span><img loading=\"lazy\" decoding=\"async\" width=\"150\" height=\"150\" src=\"https:\/\/zxdoll.com\/wp-content\/uploads\/2023\/07\/sakura-sex-doll-4r7yh7-150x150.jpg\" class=\"attachment-thumbnail size-thumbnail\" alt=\"\" title=\"\"><\/a><\/li><li><a data-fancybox=\"gallery745\" href=\"https:\/\/zxdoll.com\/wp-content\/uploads\/2023\/07\/sakura-sex-doll-4r7yh8.jpg\" class=\"eig-popup\" title=\"\" data-caption=\"\" target=\"_blank\"><i class=\"icon-view\"><\/i><span class=\"overlay\"><\/span><img loading=\"lazy\" decoding=\"async\" width=\"150\" height=\"150\" src=\"https:\/\/zxdoll.com\/wp-content\/uploads\/2023\/07\/sakura-sex-doll-4r7yh8-150x150.jpg\" class=\"attachment-thumbnail size-thumbnail\" alt=\"\" title=\"\"><\/a><\/li><li><a data-fancybox=\"gallery745\" href=\"https:\/\/zxdoll.com\/wp-content\/uploads\/2023\/07\/sakura-sex-doll-4r7yh9.jpg\" class=\"eig-popup\" title=\"\" data-caption=\"\" target=\"_blank\"><i class=\"icon-view\"><\/i><span class=\"overlay\"><\/span><img loading=\"lazy\" decoding=\"async\" width=\"150\" height=\"150\" src=\"https:\/\/zxdoll.com\/wp-content\/uploads\/2023\/07\/sakura-sex-doll-4r7yh9-150x150.jpg\" class=\"attachment-thumbnail size-thumbnail\" alt=\"\" title=\"\"><\/a><\/li><li><a data-fancybox=\"gallery745\" href=\"https:\/\/zxdoll.com\/wp-content\/uploads\/2023\/07\/sakura-sex-doll-4r7yh10-436x800.jpg\" class=\"eig-popup\" title=\"\" data-caption=\"\" target=\"_blank\"><i class=\"icon-view\"><\/i><span class=\"overlay\"><\/span><img loading=\"lazy\" decoding=\"async\" width=\"150\" height=\"150\" src=\"https:\/\/zxdoll.com\/wp-content\/uploads\/2023\/07\/sakura-sex-doll-4r7yh10-150x150.jpg\" class=\"attachment-thumbnail size-thumbnail\" alt=\"\" title=\"\"><\/a><\/li><li><a data-fancybox=\"gallery745\" href=\"https:\/\/zxdoll.com\/wp-content\/uploads\/2023\/07\/sakura-sex-doll-4r7yh11-518x800.jpg\" class=\"eig-popup\" title=\"\" data-caption=\"\" target=\"_blank\"><i class=\"icon-view\"><\/i><span class=\"overlay\"><\/span><img loading=\"lazy\" decoding=\"async\" width=\"150\" height=\"150\" src=\"https:\/\/zxdoll.com\/wp-content\/uploads\/2023\/07\/sakura-sex-doll-4r7yh11-150x150.jpg\" class=\"attachment-thumbnail size-thumbnail\" alt=\"\" title=\"\"><\/a><\/li><li><a data-fancybox=\"gallery745\" href=\"https:\/\/zxdoll.com\/wp-content\/uploads\/2023\/07\/sakura-sex-doll-4r7yh12.jpg\" class=\"eig-popup\" title=\"\" data-caption=\"\" target=\"_blank\"><i class=\"icon-view\"><\/i><span class=\"overlay\"><\/span><img loading=\"lazy\" decoding=\"async\" width=\"150\" height=\"150\" src=\"https:\/\/zxdoll.com\/wp-content\/uploads\/2023\/07\/sakura-sex-doll-4r7yh12-150x150.jpg\" class=\"attachment-thumbnail size-thumbnail\" alt=\"\" title=\"\"><\/a><\/li><li><a data-fancybox=\"gallery745\" href=\"https:\/\/zxdoll.com\/wp-content\/uploads\/2023\/07\/sakura-sex-doll-4r7yh13.jpg\" class=\"eig-popup\" title=\"\" data-caption=\"\" target=\"_blank\"><i class=\"icon-view\"><\/i><span class=\"overlay\"><\/span><img loading=\"lazy\" decoding=\"async\" width=\"150\" height=\"150\" src=\"https:\/\/zxdoll.com\/wp-content\/uploads\/2023\/07\/sakura-sex-doll-4r7yh13-150x150.jpg\" class=\"attachment-thumbnail size-thumbnail\" alt=\"\" title=\"\"><\/a><\/li><li><a data-fancybox=\"gallery745\" href=\"https:\/\/zxdoll.com\/wp-content\/uploads\/2023\/07\/sakura-sex-doll-4r7yh14.jpg\" class=\"eig-popup\" title=\"\" data-caption=\"\" target=\"_blank\"><i class=\"icon-view\"><\/i><span class=\"overlay\"><\/span><img loading=\"lazy\" decoding=\"async\" width=\"150\" height=\"150\" src=\"https:\/\/zxdoll.com\/wp-content\/uploads\/2023\/07\/sakura-sex-doll-4r7yh14-150x150.jpg\" class=\"attachment-thumbnail size-thumbnail\" alt=\"\" title=\"\"><\/a><\/li><li><a data-fancybox=\"gallery745\" href=\"https:\/\/zxdoll.com\/wp-content\/uploads\/2023\/07\/sakura-sex-doll-4r7yh15.jpg\" class=\"eig-popup\" title=\"\" data-caption=\"\" target=\"_blank\"><i class=\"icon-view\"><\/i><span class=\"overlay\"><\/span><img loading=\"lazy\" decoding=\"async\" width=\"150\" height=\"150\" src=\"https:\/\/zxdoll.com\/wp-content\/uploads\/2023\/07\/sakura-sex-doll-4r7yh15-150x150.jpg\" class=\"attachment-thumbnail size-thumbnail\" alt=\"\" title=\"\"><\/a><\/li><li><a data-fancybox=\"gallery745\" href=\"https:\/\/zxdoll.com\/wp-content\/uploads\/2023\/07\/sakura-sex-doll-4r7yh24.jpg\" class=\"eig-popup\" title=\"\" data-caption=\"\" target=\"_blank\"><i class=\"icon-view\"><\/i><span class=\"overlay\"><\/span><img loading=\"lazy\" decoding=\"async\" width=\"150\" height=\"150\" src=\"https:\/\/zxdoll.com\/wp-content\/uploads\/2023\/07\/sakura-sex-doll-4r7yh24-150x150.jpg\" class=\"attachment-thumbnail size-thumbnail\" alt=\"\" title=\"\"><\/a><\/li><li><a data-fancybox=\"gallery745\" href=\"https:\/\/zxdoll.com\/wp-content\/uploads\/2023\/07\/sakura-sex-doll-4r7yh29-518x800.jpg\" class=\"eig-popup\" title=\"\" data-caption=\"\" target=\"_blank\"><i class=\"icon-view\"><\/i><span class=\"overlay\"><\/span><img loading=\"lazy\" decoding=\"async\" width=\"150\" height=\"150\" src=\"https:\/\/zxdoll.com\/wp-content\/uploads\/2023\/07\/sakura-sex-doll-4r7yh29-150x150.jpg\" class=\"attachment-thumbnail size-thumbnail\" alt=\"\" title=\"\"><\/a><\/li><li><a data-fancybox=\"gallery745\" href=\"https:\/\/zxdoll.com\/wp-content\/uploads\/2023\/07\/sakura-sex-doll-4r7yh30-647x800.jpg\" class=\"eig-popup\" title=\"\" data-caption=\"\" target=\"_blank\"><i class=\"icon-view\"><\/i><span class=\"overlay\"><\/span><img loading=\"lazy\" decoding=\"async\" width=\"150\" height=\"150\" src=\"https:\/\/zxdoll.com\/wp-content\/uploads\/2023\/07\/sakura-sex-doll-4r7yh30-150x150.jpg\" class=\"attachment-thumbnail size-thumbnail\" alt=\"\" title=\"\"><\/a><\/li><li><a data-fancybox=\"gallery745\" href=\"https:\/\/zxdoll.com\/wp-content\/uploads\/2023\/07\/sakura-sex-doll-4r7yh33-525x800.jpg\" class=\"eig-popup\" title=\"\" data-caption=\"\" target=\"_blank\"><i class=\"icon-view\"><\/i><span class=\"overlay\"><\/span><img loading=\"lazy\" decoding=\"async\" width=\"150\" height=\"150\" src=\"https:\/\/zxdoll.com\/wp-content\/uploads\/2023\/07\/sakura-sex-doll-4r7yh33-150x150.jpg\" class=\"attachment-thumbnail size-thumbnail\" alt=\"\" title=\"\"><\/a><\/li><li><a data-fancybox=\"gallery745\" href=\"https:\/\/zxdoll.com\/wp-content\/uploads\/2023\/07\/sakura-sex-doll-4r7yh34-510x800.jpg\" class=\"eig-popup\" title=\"\" data-caption=\"\" target=\"_blank\"><i class=\"icon-view\"><\/i><span class=\"overlay\"><\/span><img loading=\"lazy\" decoding=\"async\" width=\"150\" height=\"150\" src=\"https:\/\/zxdoll.com\/wp-content\/uploads\/2023\/07\/sakura-sex-doll-4r7yh34-150x150.jpg\" class=\"attachment-thumbnail size-thumbnail\" alt=\"\" title=\"\"><\/a><\/li><li><a data-fancybox=\"gallery745\" href=\"https:\/\/zxdoll.com\/wp-content\/uploads\/2023\/07\/sakura-sex-doll-4r7yh47.jpg\" class=\"eig-popup\" title=\"\" data-caption=\"\" target=\"_blank\"><i class=\"icon-view\"><\/i><span class=\"overlay\"><\/span><img loading=\"lazy\" decoding=\"async\" width=\"150\" height=\"150\" src=\"https:\/\/zxdoll.com\/wp-content\/uploads\/2023\/07\/sakura-sex-doll-4r7yh47-150x150.jpg\" class=\"attachment-thumbnail size-thumbnail\" alt=\"\" title=\"\"><\/a><\/li><li><a data-fancybox=\"gallery745\" href=\"https:\/\/zxdoll.com\/wp-content\/uploads\/2023\/07\/sakura-sex-doll-4r7yh48.jpg\" class=\"eig-popup\" title=\"\" data-caption=\"\" target=\"_blank\"><i class=\"icon-view\"><\/i><span class=\"overlay\"><\/span><img loading=\"lazy\" decoding=\"async\" width=\"150\" height=\"150\" src=\"https:\/\/zxdoll.com\/wp-content\/uploads\/2023\/07\/sakura-sex-doll-4r7yh48-150x150.jpg\" class=\"attachment-thumbnail size-thumbnail\" alt=\"\" title=\"\"><\/a><\/li><li><a data-fancybox=\"gallery745\" href=\"https:\/\/zxdoll.com\/wp-content\/uploads\/2023\/07\/sakura-sex-doll-4r7yh64.jpg\" class=\"eig-popup\" title=\"\" data-caption=\"\" target=\"_blank\"><i class=\"icon-view\"><\/i><span class=\"overlay\"><\/span><img loading=\"lazy\" decoding=\"async\" width=\"150\" height=\"150\" src=\"https:\/\/zxdoll.com\/wp-content\/uploads\/2023\/07\/sakura-sex-doll-4r7yh64-150x150.jpg\" class=\"attachment-thumbnail size-thumbnail\" alt=\"\" title=\"\"><\/a><\/li><li><a data-fancybox=\"gallery745\" href=\"https:\/\/zxdoll.com\/wp-content\/uploads\/2023\/07\/sakura-sex-doll-4r7yh65.jpg\" class=\"eig-popup\" title=\"\" data-caption=\"\" target=\"_blank\"><i class=\"icon-view\"><\/i><span class=\"overlay\"><\/span><img loading=\"lazy\" decoding=\"async\" width=\"150\" height=\"150\" src=\"https:\/\/zxdoll.com\/wp-content\/uploads\/2023\/07\/sakura-sex-doll-4r7yh65-150x150.jpg\" class=\"attachment-thumbnail size-thumbnail\" alt=\"\" title=\"\"><\/a><\/li><li><a data-fancybox=\"gallery745\" href=\"https:\/\/zxdoll.com\/wp-content\/uploads\/2023\/07\/sakura-sex-doll-4r7yh66.jpg\" class=\"eig-popup\" title=\"\" data-caption=\"\" target=\"_blank\"><i class=\"icon-view\"><\/i><span class=\"overlay\"><\/span><img loading=\"lazy\" decoding=\"async\" width=\"150\" height=\"150\" src=\"https:\/\/zxdoll.com\/wp-content\/uploads\/2023\/07\/sakura-sex-doll-4r7yh66-150x150.jpg\" class=\"attachment-thumbnail size-thumbnail\" alt=\"\" title=\"\"><\/a><\/li><li><a data-fancybox=\"gallery745\" href=\"https:\/\/zxdoll.com\/wp-content\/uploads\/2023\/07\/sakura-sex-doll-4r7yh67.jpg\" class=\"eig-popup\" title=\"\" data-caption=\"\" target=\"_blank\"><i class=\"icon-view\"><\/i><span class=\"overlay\"><\/span><img loading=\"lazy\" decoding=\"async\" width=\"150\" height=\"150\" src=\"https:\/\/zxdoll.com\/wp-content\/uploads\/2023\/07\/sakura-sex-doll-4r7yh67-150x150.jpg\" class=\"attachment-thumbnail size-thumbnail\" alt=\"\" title=\"\"><\/a><\/li><li><a data-fancybox=\"gallery745\" href=\"https:\/\/zxdoll.com\/wp-content\/uploads\/2023\/07\/sakura-sex-doll-4r7yh68.jpg\" class=\"eig-popup\" title=\"\" data-caption=\"\" target=\"_blank\"><i class=\"icon-view\"><\/i><span class=\"overlay\"><\/span><img loading=\"lazy\" decoding=\"async\" width=\"150\" height=\"150\" src=\"https:\/\/zxdoll.com\/wp-content\/uploads\/2023\/07\/sakura-sex-doll-4r7yh68-150x150.jpg\" class=\"attachment-thumbnail size-thumbnail\" alt=\"\" title=\"\"><\/a><\/li><\/ul>\n<h4>Tablas de tallas<\/h4>\n<table width=\"278\">\n<tbody>\n<tr>\n<td width=\"129\">Material<\/td>\n<td width=\"149\">Silicona completa<\/td>\n<\/tr>\n<tr>\n<td>Altura<\/td>\n<td>165cm<\/td>\n<\/tr>\n<tr>\n<td>Peso neto<\/td>\n<td>35kg<\/td>\n<\/tr>\n<tr>\n<td>Busto<\/td>\n<td>Peque\u00f1o: 74cm<\/td>\n<\/tr>\n<tr>\n<td><\/td>\n<td>Mediano: 83cm<\/td>\n<\/tr>\n<tr>\n<td><\/td>\n<td>Grande: 90cm<\/td>\n<\/tr>\n<tr>\n<td>Cintura<\/td>\n<td>52cm<\/td>\n<\/tr>\n<tr>\n<td>Cadera<\/td>\n<td>81cm<\/td>\n<\/tr>\n<tr>\n<td>Largo del brazo<\/td>\n<td>64cm<\/td>\n<\/tr>\n<tr>\n<td>Hombro<\/td>\n<td>32cm<\/td>\n<\/tr>\n<tr>\n<td>Pierna<\/td>\n<td>84cm<\/td>\n<\/tr>\n<tr>\n<td>Largo del pie<\/td>\n<td>23cm<\/td>\n<\/tr>\n<tr>\n<td>Profundidad de la vagina<\/td>\n<td>16cm<\/td>\n<\/tr>\n<tr>\n<td>Profundidad del ano<\/td>\n<td>12cm<\/td>\n<\/tr>\n<tr>\n<td>Profundidad bucal<\/td>\n<td>12cm<\/td>\n<\/tr>\n<\/tbody>\n<\/table>\n<h4>Acerca de la mu\u00f1eca sexual<\/h4>\n<p>&nbsp;<\/p>","protected":false},"excerpt":{"rendered":"<p>Im\u00e1genes de mu\u00f1ecas sexuales Tablas de tallas Material Silicona completa Altura 165 cm Peso neto 35 kg Busto Peque\u00f1o: 74 cm Mediano: 83 cm Grande: 90 cm<\/p>","protected":false},"featured_media":118332,"comment_status":"open","ping_status":"closed","template":"","meta":[],"product_brand":[],"product_cat":[110,75,229,76,116,160,107],"product_tag":[],"class_list":{"0":"post-117772","1":"product","2":"type-product","3":"status-publish","4":"has-post-thumbnail","6":"product_cat-silicone-sex-doll","7":"product_cat-160cm-170cm-sex-dolls","8":"product_cat-31kg-35kg","9":"product_cat-anime-sex-doll","10":"product_cat-big-boobs-sex-doll","11":"product_cat-love-doll","12":"product_cat-skinny-sex-dolls","13":"pa_brand-elsababe-doll","14":"tm-has-options","16":"first","17":"instock","18":"sale","19":"shipping-taxable","20":"purchasable","21":"product-type-simple"},"_links":{"self":[{"href":"https:\/\/zxdoll.com\/es\/wp-json\/wp\/v2\/product\/117772","targetHints":{"allow":["GET"]}}],"collection":[{"href":"https:\/\/zxdoll.com\/es\/wp-json\/wp\/v2\/product"}],"about":[{"href":"https:\/\/zxdoll.com\/es\/wp-json\/wp\/v2\/types\/product"}],"replies":[{"embeddable":true,"href":"https:\/\/zxdoll.com\/es\/wp-json\/wp\/v2\/comments?post=117772"}],"version-history":[{"count":2,"href":"https:\/\/zxdoll.com\/es\/wp-json\/wp\/v2\/product\/117772\/revisions"}],"predecessor-version":[{"id":118384,"href":"https:\/\/zxdoll.com\/es\/wp-json\/wp\/v2\/product\/117772\/revisions\/118384"}],"wp:featuredmedia":[{"embeddable":true,"href":"https:\/\/zxdoll.com\/es\/wp-json\/wp\/v2\/media\/118332"}],"wp:attachment":[{"href":"https:\/\/zxdoll.com\/es\/wp-json\/wp\/v2\/media?parent=117772"}],"wp:term":[{"taxonomy":"product_brand","embeddable":true,"href":"https:\/\/zxdoll.com\/es\/wp-json\/wp\/v2\/product_brand?post=117772"},{"taxonomy":"product_cat","embeddable":true,"href":"https:\/\/zxdoll.com\/es\/wp-json\/wp\/v2\/product_cat?post=117772"},{"taxonomy":"product_tag","embeddable":true,"href":"https:\/\/zxdoll.com\/es\/wp-json\/wp\/v2\/product_tag?post=117772"}],"curies":[{"name":"wp","href":"https:\/\/api.w.org\/{rel}","templated":true}]}}