{"id":8534,"date":"2022-12-07T07:19:14","date_gmt":"2022-12-07T07:19:14","guid":{"rendered":"https:\/\/hoxdoll.com\/?page_id=8534"},"modified":"2024-04-03T14:00:52","modified_gmt":"2024-04-03T06:00:52","slug":"terms-and-conditions","status":"publish","type":"page","link":"https:\/\/zxdoll.com\/es\/terms-and-conditions\/","title":{"rendered":"T\u00e9rminos y condiciones"},"content":{"rendered":"<div data-elementor-type=\"wp-page\" data-elementor-id=\"8534\" class=\"elementor elementor-8534\" data-elementor-post-type=\"page\">\n\t\t\t\t\t\t<section class=\"wd-negative-gap elementor-section elementor-top-section elementor-element elementor-element-6c754541 elementor-section-boxed elementor-section-height-default elementor-section-height-default\" data-id=\"6c754541\" data-element_type=\"section\" data-e-type=\"section\">\n\t\t\t\t\t\t<div class=\"elementor-container elementor-column-gap-default\">\n\t\t\t\t\t<div class=\"elementor-column elementor-col-100 elementor-top-column elementor-element elementor-element-7446fdb\" data-id=\"7446fdb\" data-element_type=\"column\" data-e-type=\"column\">\n\t\t\t<div class=\"elementor-widget-wrap elementor-element-populated\">\n\t\t\t\t\t\t<div class=\"elementor-element elementor-element-4d0f3a76 color-scheme-inherit text-left elementor-widget elementor-widget-text-editor\" data-id=\"4d0f3a76\" data-element_type=\"widget\" data-e-type=\"widget\" data-widget_type=\"text-editor.default\">\n\t\t\t\t<div class=\"elementor-widget-container\">\n\t\t\t\t\t\t\t\t\t\n<h2 class=\"wp-block-heading\">Descripci\u00f3n general<\/h2>\n\n<p>Los siguientes t\u00e9rminos y condiciones presiden su uso de este sitio web. Al hacer uso del sitio web, usted acepta estos t\u00e9rminos y condiciones en su totalidad. Si por casualidad no est\u00e1 de acuerdo con alguno de estos t\u00e9rminos y condiciones o con alguna parte de ellos, no debe usar este sitio web.<\/p>\n<p>Este sitio web utiliza cookies, y al usar este sitio web y aceptar nuestros t\u00e9rminos y condiciones, usted acepta el uso de cookies por parte de zxdoll.com en t\u00e9rminos de la pol\u00edtica de privacidad\/cookies de zxdoll.com.<\/p>\n<p>Debe tener en cuenta que la direcci\u00f3n del sitio web zxdoll.com puede tener contenido que algunos usuarios pueden no encontrar agradable, y est\u00e1 destinado \u00fanicamente a personas maduras. Solo puede hacer uso del sitio web si tiene 18 a\u00f1os o m\u00e1s.<\/p>\n\t\t\t\t\t\t\t\t<\/div>\n\t\t\t\t<\/div>\n\t\t\t\t<div class=\"elementor-element elementor-element-f327b42 color-scheme-inherit text-left elementor-widget elementor-widget-text-editor\" data-id=\"f327b42\" data-element_type=\"widget\" data-e-type=\"widget\" data-widget_type=\"text-editor.default\">\n\t\t\t\t<div class=\"elementor-widget-container\">\n\t\t\t\t\t\t\t\t\t\n<h2 class=\"wp-block-heading\">No debes:<\/h2>\n\n\n\n<ul>\n<li>Redacte o reutilice cualquier material nuestro (incluida la duplicaci\u00f3n en un sitio web de imitaci\u00f3n).<\/li>\n<li>\nVender, alquilar o piratear cualquier material de nuestro sitio web.\n<\/li>\n<li>\nMostrar cualquier material de nuestro sitio web p\u00fablicamente.\n<\/li>\n<li>\nReplicar, copiar o reproducir o aprovechar cualquier material de este sitio web con fines comerciales.\n<\/li>\n<li>\nEdite o cambie de alguna manera cualquier cosa en el sitio.\n<\/li>\n<li>\nRecicle el material del sitio web a menos que su contenido est\u00e9 disponible para su redistribuci\u00f3n.\n<\/li>\n<\/ul>\n\t\t\t\t\t\t\t\t<\/div>\n\t\t\t\t<\/div>\n\t\t\t\t<div class=\"elementor-element elementor-element-9f37b95 color-scheme-inherit text-left elementor-widget elementor-widget-text-editor\" data-id=\"9f37b95\" data-element_type=\"widget\" data-e-type=\"widget\" data-widget_type=\"text-editor.default\">\n\t\t\t\t<div class=\"elementor-widget-container\">\n\t\t\t\t\t\t\t\t\t\n<h2 class=\"wp-block-heading\">Contenido del usuario:<\/h2>\n\n<ul>\n<li>En los t\u00e9rminos y condiciones, el &quot;contenido propiedad del usuario&quot; significa detalles (incluidos, entre otros, texto, im\u00e1genes, detalles de audio, detalles de video e informaci\u00f3n audiovisual) enviados al sitio web en cualquier momento.<\/li>\n<li>Usted otorga a zxdoll.com licencias mundiales, expl\u00edcitas y libres de regal\u00edas para usar, reproducir, modificar, traducir y tambi\u00e9n distribuir su contenido propiedad del usuario en medios existentes o futuros.<\/li>\n<li>Tambi\u00e9n otorga a zxdoll.com el derecho a sublicenciar los derechos y el derecho a emprender acciones por infracciones de cualquier tipo de estos derechos.<\/li>\n<li>Su contenido de usuario debe estar dentro de los l\u00edmites de la ley y no debe infringir los derechos legales de terceros. Adem\u00e1s, no debe ser del tipo que pueda dar lugar a una batalla legal contra usted, zxdoll.com o un tercero seg\u00fan todas las leyes aplicables.<\/li>\n<li>No puede enviar ning\u00fan contenido que haya sido objeto de amenazas o denuncias legales en el sitio web.<\/li>\n<li>Zdoll.com se reserva los derechos de editar o eliminar cualquier material enviado o almacenado en nuestros servidores, alojado o publicado en nuestro sitio web.<\/li>\n<li>Independientemente de los derechos de zxdoll.com bajo los t\u00e9rminos y condiciones sobre el contenido del usuario, nunca nos comprometemos a monitorear el env\u00edo o publicaci\u00f3n de dicho contenido en nuestro sitio web.<\/li>\n<\/ul>\n\t\t\t\t\t\t\t\t<\/div>\n\t\t\t\t<\/div>\n\t\t\t\t<div class=\"elementor-element elementor-element-9cc508b color-scheme-inherit text-left elementor-widget elementor-widget-text-editor\" data-id=\"9cc508b\" data-element_type=\"widget\" data-e-type=\"widget\" data-widget_type=\"text-editor.default\">\n\t\t\t\t<div class=\"elementor-widget-container\">\n\t\t\t\t\t\t\t\t\t\n<h2 class=\"wp-block-heading\">Otros partidos:<\/h2>\n\n<p>Usted acepta que, como entidad de responsabilidad limitada, zxdoll.com tiene inter\u00e9s en limitar las responsabilidades personales de todos sus funcionarios y empleados. Estamos de acuerdo en que no presentar\u00e1 ning\u00fan reclamo personalmente a nuestros funcionarios o empleados con respecto a las p\u00e9rdidas que pueda sufrir en relaci\u00f3n con el sitio web.<\/p>\n<p>Sin perjuicio del p\u00e1rrafo anterior, usted acepta que las garant\u00edas y responsabilidades descritas en el descargo de responsabilidad de este sitio web proteger\u00e1n a los funcionarios, empleados, agentes, subsidiarias, cesionarios, sucesores, subcontratistas y a zxdoll.com de zxdoll.com.<\/p>\n\t\t\t\t\t\t\t\t<\/div>\n\t\t\t\t<\/div>\n\t\t\t\t<div class=\"elementor-element elementor-element-1357fd3 color-scheme-inherit text-left elementor-widget elementor-widget-text-editor\" data-id=\"1357fd3\" data-element_type=\"widget\" data-e-type=\"widget\" data-widget_type=\"text-editor.default\">\n\t\t\t\t<div class=\"elementor-widget-container\">\n\t\t\t\t\t\t\t\t\t\n<h2 class=\"wp-block-heading\">Incumplimiento de estos t\u00e9rminos y condiciones:<\/h2>\n\n<p>Sin predisposici\u00f3n a otros derechos de zxdoll.com bajo los t\u00e9rminos y condiciones, si hay un incumplimiento de su parte de cualquier manera, zxdoll.com puede tomar cualquier acci\u00f3n que considere apropiada para tratar el incumplimiento, incluyendo:<\/p>\n<p>ya sea suspendiendo su acceso al sitio web o prohibi\u00e9ndole la entrada, bloqueando las computadoras con su direcci\u00f3n IP para que no ingresen al sitio web, solicitando a su proveedor de servicios que bloquee su acceso al sitio web o iniciando procedimientos judiciales en su contra.<\/p>\n\t\t\t\t\t\t\t\t<\/div>\n\t\t\t\t<\/div>\n\t\t\t\t<div class=\"elementor-element elementor-element-1a84d8e color-scheme-inherit text-left elementor-widget elementor-widget-text-editor\" data-id=\"1a84d8e\" data-element_type=\"widget\" data-e-type=\"widget\" data-widget_type=\"text-editor.default\">\n\t\t\t\t<div class=\"elementor-widget-container\">\n\t\t\t\t\t\t\t\t\t\n<h2 class=\"wp-block-heading\">Asignaci\u00f3n:<\/h2>\n\n<p>zxdoll.com se reserva los derechos de transferir, subarrendar o tratar de otro modo los derechos y\/u obligaciones de zxdoll.com seg\u00fan los t\u00e9rminos de la condici\u00f3n sin necesidad de notificarle o solicitar su permiso.<\/p>\n<p>No se le permite transferir, subarrendar o negociar de otro modo los derechos y\/u obligaciones de zxdoll en virtud de estos t\u00e9rminos y condiciones.<\/p>\n\t\t\t\t\t\t\t\t<\/div>\n\t\t\t\t<\/div>\n\t\t\t\t<div class=\"elementor-element elementor-element-6ce1024 color-scheme-inherit text-left elementor-widget elementor-widget-text-editor\" data-id=\"6ce1024\" data-element_type=\"widget\" data-e-type=\"widget\" data-widget_type=\"text-editor.default\">\n\t\t\t\t<div class=\"elementor-widget-container\">\n\t\t\t\t\t\t\t\t\t\n<h2 class=\"wp-block-heading\">Acuerdo completo:<\/h2>\n\n<p>Estos t\u00e9rminos y condiciones junto con la Pol\u00edtica de privacidad de zxdoll constituyen el acuerdo completo entre usted y zxdoll.com en relaci\u00f3n con su uso de este sitio web e imponen sobre todos los acuerdos anteriores relacionados con su uso del sitio web.<\/p>\n\t\t\t\t\t\t\t\t<\/div>\n\t\t\t\t<\/div>\n\t\t\t\t<div class=\"elementor-element elementor-element-5a0ea1b color-scheme-inherit text-left elementor-widget elementor-widget-text-editor\" data-id=\"5a0ea1b\" data-element_type=\"widget\" data-e-type=\"widget\" data-widget_type=\"text-editor.default\">\n\t\t\t\t<div class=\"elementor-widget-container\">\n\t\t\t\t\t\t\t\t\t\n<h2 class=\"wp-block-heading\">Licencia de uso del sitio web:<\/h2>\n\n<p>A menos que se defina lo contrario, www.zxdoll.com y sus licenciantes poseen los materiales y todos los derechos de propiedad intelectual en el sitio web. Sujeto a licencia, se mantienen todos estos derechos de propiedad intelectual.<\/p>\n<p>Solo puede descargar y ver con fines de almacenamiento en cach\u00e9 (\u00a1solo!), imprimir p\u00e1ginas, manuales de usuario y otra informaci\u00f3n del producto para uso personal, si est\u00e1 sujeto a las restricciones establecidas a continuaci\u00f3n en estos t\u00e9rminos y condiciones.<\/p>\n\t\t\t\t\t\t\t\t<\/div>\n\t\t\t\t<\/div>\n\t\t\t\t<div class=\"elementor-element elementor-element-58dcb3e color-scheme-inherit text-left elementor-widget elementor-widget-text-editor\" data-id=\"58dcb3e\" data-element_type=\"widget\" data-e-type=\"widget\" data-widget_type=\"text-editor.default\">\n\t\t\t\t<div class=\"elementor-widget-container\">\n\t\t\t\t\t\t\t\t\t\n<h2 class=\"wp-block-heading\">Uso aceptable:<\/h2>\n<ul>\n<li>No debe usar el sitio web de una manera que cause o pueda causar da\u00f1o al sitio web o menoscabo de la accesibilidad o disponibilidad del sitio web o de cualquier manera que est\u00e9 o est\u00e9 relacionada con actividades il\u00edcitas, ilegales, fraudulentas o prop\u00f3sitos o actividades perjudiciales<\/li>\n<li>No debe usar el sitio web para duplicar, almacenar, alojar, enviar, usar, recibir, publicar o distribuir datos que tengan (o est\u00e9n vinculados a) spyware, virus inform\u00e1ticos, caballos de Troya, gusanos, rootkits, registradores de pulsaciones de teclas u otros programas inform\u00e1ticos maliciosos. software.<\/li>\n<li>No debe realizar un servicio de recopilaci\u00f3n de datos sistem\u00e1tico o automatizado (incluidos, entre otros, el raspado, la miner\u00eda de datos, la extracci\u00f3n y la recolecci\u00f3n) en relaci\u00f3n con este sitio web sin nuestro permiso expreso por escrito.<\/li>\n<li>No debe hacer uso de este sitio web para transmitir o enviar conversaciones comerciales no solicitadas.<\/li>\n<li>No debe utilizar este sitio web para fines relacionados con el marketing sin el consentimiento absoluto por escrito de zxdoll.com.<\/li>\n<\/ul>\n\t\t\t\t\t\t\t\t<\/div>\n\t\t\t\t<\/div>\n\t\t\t\t<div class=\"elementor-element elementor-element-d382a76 color-scheme-inherit text-left elementor-widget elementor-widget-text-editor\" data-id=\"d382a76\" data-element_type=\"widget\" data-e-type=\"widget\" data-widget_type=\"text-editor.default\">\n\t\t\t\t<div class=\"elementor-widget-container\">\n\t\t\t\t\t\t\t\t\t\n<h2 class=\"wp-block-heading\">Limitaciones de responsabilidad:<\/h2>\n\n<p>Zxdoll no ser\u00e1 responsable ante usted (seg\u00fan la ley de agravios, la ley de contacto o de otra manera) en asociaci\u00f3n con los contenidos o de otra manera en relaci\u00f3n con este sitio web, especialmente porque el sitio se proporciona sin cargo por p\u00e9rdidas directas.<\/p>\n<p>Por cualquier p\u00e9rdida indirecta, especial o sustancial o por cualquier p\u00e9rdida comercial, p\u00e9rdida de ingresos, ingresos, ganancias o ahorros anticipados, p\u00e9rdida de contratos o relaciones comerciales, un empa\u00f1amiento de la reputaci\u00f3n o el fondo de comercio, p\u00e9rdida o da\u00f1o de informaci\u00f3n o datos.<\/p>\n<p>Estas limitaciones se aplican a las responsabilidades incluso si zxdoll.com ha sido informado clara y honestamente de la p\u00e9rdida potencial.<\/p>\n\t\t\t\t\t\t\t\t<\/div>\n\t\t\t\t<\/div>\n\t\t\t\t<div class=\"elementor-element elementor-element-092f8a7 color-scheme-inherit text-left elementor-widget elementor-widget-text-editor\" data-id=\"092f8a7\" data-element_type=\"widget\" data-e-type=\"widget\" data-widget_type=\"text-editor.default\">\n\t\t\t\t<div class=\"elementor-widget-container\">\n\t\t\t\t\t\t\t\t\t\n<h2 class=\"wp-block-heading\">Sensatez:<\/h2>\n\n\n\n<p>Al utilizar este sitio web, usted acepta que las exclusiones y limitaciones de responsabilidad establecidas en el descargo de responsabilidad del sitio web son razonables.<\/p>\n<p>Si no est\u00e1 de acuerdo con eso, no debe usar este sitio web. <\/p>\n\t\t\t\t\t\t\t\t<\/div>\n\t\t\t\t<\/div>\n\t\t\t\t<div class=\"elementor-element elementor-element-9900a6d color-scheme-inherit text-left elementor-widget elementor-widget-text-editor\" data-id=\"9900a6d\" data-element_type=\"widget\" data-e-type=\"widget\" data-widget_type=\"text-editor.default\">\n\t\t\t\t<div class=\"elementor-widget-container\">\n\t\t\t\t\t\t\t\t\t\n<h2 class=\"wp-block-heading\">Disposiciones inaplicables:<\/h2>\n\n\n\n<p>Si se determina que alguna disposici\u00f3n del descargo de responsabilidad del sitio web es inaplicable seg\u00fan las leyes aplicables, las dem\u00e1s disposiciones del descargo de responsabilidad del sitio web funcionar\u00e1n, ya que no se ver\u00e1n afectadas.<\/p>\n\t\t\t\t\t\t\t\t<\/div>\n\t\t\t\t<\/div>\n\t\t\t\t<div class=\"elementor-element elementor-element-81b2ecb color-scheme-inherit text-left elementor-widget elementor-widget-text-editor\" data-id=\"81b2ecb\" data-element_type=\"widget\" data-e-type=\"widget\" data-widget_type=\"text-editor.default\">\n\t\t\t\t<div class=\"elementor-widget-container\">\n\t\t\t\t\t\t\t\t\t\n<h2 class=\"wp-block-heading\">Indemnidad:<\/h2>\n\n<p>En el futuro, usted indemniza a zxdoll.com y se compromete a mantener a zxdoll.com indemnizado contra toda p\u00e9rdida, da\u00f1o, costo, responsabilidad y gasto (sin l\u00edmites a los gastos legales o montos pagados por zxdoll.com a un tercero para resolver reclamos o disputas). siguiendo el consejo de los asesores legales de zxdoll.com) adquirida o sufrida por zxdoll.com debido a cualquier paso en falso de su parte con respecto a estos t\u00e9rminos y condiciones, o que surja debido a cualquier reclamo de usted por incumplimiento de cualquiera de estos t\u00e9rminos y condiciones.<\/p>\n\t\t\t\t\t\t\t\t<\/div>\n\t\t\t\t<\/div>\n\t\t\t\t<div class=\"elementor-element elementor-element-2c7d2f2 color-scheme-inherit text-left elementor-widget elementor-widget-text-editor\" data-id=\"2c7d2f2\" data-element_type=\"widget\" data-e-type=\"widget\" data-widget_type=\"text-editor.default\">\n\t\t\t\t<div class=\"elementor-widget-container\">\n\t\t\t\t\t\t\t\t\t\n<h2 class=\"wp-block-heading\">Variaci\u00f3n:<\/h2>\n\n<p>Zxdoll.com puede cambiar estos t\u00e9rminos y condiciones ocasionalmente. Los t\u00e9rminos y condiciones revisados comenzar\u00e1n a partir de la fecha de publicaci\u00f3n de los t\u00e9rminos y condiciones revisados en este sitio. Consulte peri\u00f3dicamente la p\u00e1gina para asegurarse de estar siempre familiarizado con las versiones actuales.<\/p>\n\t\t\t\t\t\t\t\t<\/div>\n\t\t\t\t<\/div>\n\t\t\t\t<div class=\"elementor-element elementor-element-e355b0c color-scheme-inherit text-left elementor-widget elementor-widget-text-editor\" data-id=\"e355b0c\" data-element_type=\"widget\" data-e-type=\"widget\" data-widget_type=\"text-editor.default\">\n\t\t\t\t<div class=\"elementor-widget-container\">\n\t\t\t\t\t\t\t\t\t\n<h2 class=\"wp-block-heading\">Divisibilidad:<\/h2>\n\n\n\n<p>Si un tribunal o una autoridad encargada de hacer cumplir la ley considera que un suministro de estos t\u00e9rminos y condiciones es ilegal o inaplicable, los dem\u00e1s codicilos seguir\u00e1n funcionando. Si alguna parte del mismo se considerara no funcional o ilegal, esa parte se considerar\u00eda eliminada, pero el resto de la disposici\u00f3n seguir\u00e1 vigente.<\/p>\n\t\t\t\t\t\t\t\t<\/div>\n\t\t\t\t<\/div>\n\t\t\t\t<div class=\"elementor-element elementor-element-800a0e3 color-scheme-inherit text-left elementor-widget elementor-widget-text-editor\" data-id=\"800a0e3\" data-element_type=\"widget\" data-e-type=\"widget\" data-widget_type=\"text-editor.default\">\n\t\t\t\t<div class=\"elementor-widget-container\">\n\t\t\t\t\t\t\t\t\t\n<h2 class=\"wp-block-heading\">Ley y jurisdicci\u00f3n:<\/h2>\n\n\n\n<p>Estos T\u00e9rminos de servicio y cualquier otro acuerdo que le proporcionemos se regir\u00e1n y ejecutar\u00e1n seg\u00fan las leyes del Reino Unido, y cualquier disputa relacionada con estos t\u00e9rminos y condiciones ahora estar\u00e1 sujeta a la jurisdicci\u00f3n distintiva de los tribunales locales.<\/p>\n\t\t\t\t\t\t\t\t<\/div>\n\t\t\t\t<\/div>\n\t\t\t\t\t<\/div>\n\t\t<\/div>\n\t\t\t\t\t<\/div>\n\t\t<\/section>\n\t\t\t\t<\/div>","protected":false},"excerpt":{"rendered":"<p>Descripci\u00f3n general Los siguientes t\u00e9rminos y condiciones presiden el uso de este sitio web. Al hacer uso del sitio web, Ud.<\/p>","protected":false},"author":4,"featured_media":0,"parent":0,"menu_order":0,"comment_status":"closed","ping_status":"closed","template":"","meta":{"footnotes":""},"class_list":["post-8534","page","type-page","status-publish","hentry"],"_links":{"self":[{"href":"https:\/\/zxdoll.com\/es\/wp-json\/wp\/v2\/pages\/8534","targetHints":{"allow":["GET"]}}],"collection":[{"href":"https:\/\/zxdoll.com\/es\/wp-json\/wp\/v2\/pages"}],"about":[{"href":"https:\/\/zxdoll.com\/es\/wp-json\/wp\/v2\/types\/page"}],"author":[{"embeddable":true,"href":"https:\/\/zxdoll.com\/es\/wp-json\/wp\/v2\/users\/4"}],"replies":[{"embeddable":true,"href":"https:\/\/zxdoll.com\/es\/wp-json\/wp\/v2\/comments?post=8534"}],"version-history":[{"count":1,"href":"https:\/\/zxdoll.com\/es\/wp-json\/wp\/v2\/pages\/8534\/revisions"}],"predecessor-version":[{"id":155674,"href":"https:\/\/zxdoll.com\/es\/wp-json\/wp\/v2\/pages\/8534\/revisions\/155674"}],"wp:attachment":[{"href":"https:\/\/zxdoll.com\/es\/wp-json\/wp\/v2\/media?parent=8534"}],"curies":[{"name":"wp","href":"https:\/\/api.w.org\/{rel}","templated":true}]}}