{"id":12,"date":"2022-12-08T13:39:14","date_gmt":"2022-12-08T13:39:14","guid":{"rendered":"https:\/\/hoxdoll.com\/?page_id=12"},"modified":"2024-04-03T13:55:38","modified_gmt":"2024-04-03T05:55:38","slug":"payment-guide","status":"publish","type":"page","link":"https:\/\/zxdoll.com\/es\/payment-guide\/","title":{"rendered":"Gu\u00eda de pago"},"content":{"rendered":"<div data-elementor-type=\"wp-page\" data-elementor-id=\"12\" class=\"elementor elementor-12\" data-elementor-post-type=\"page\">\n\t\t\t\t\t\t<section class=\"wd-negative-gap elementor-section elementor-top-section elementor-element elementor-element-5d010537 elementor-section-boxed elementor-section-height-default elementor-section-height-default\" data-id=\"5d010537\" data-element_type=\"section\" data-e-type=\"section\">\n\t\t\t\t\t\t<div class=\"elementor-container elementor-column-gap-default\">\n\t\t\t\t\t<div class=\"elementor-column elementor-col-100 elementor-top-column elementor-element elementor-element-26fff623\" data-id=\"26fff623\" data-element_type=\"column\" data-e-type=\"column\">\n\t\t\t<div class=\"elementor-widget-wrap elementor-element-populated\">\n\t\t\t\t\t\t<div class=\"elementor-element elementor-element-4b8f7ed1 color-scheme-inherit text-left elementor-widget elementor-widget-text-editor\" data-id=\"4b8f7ed1\" data-element_type=\"widget\" data-e-type=\"widget\" data-widget_type=\"text-editor.default\">\n\t\t\t\t<div class=\"elementor-widget-container\">\n\t\t\t\t\t\t\t\t\t\n<h3>Hacer compras de zx doll es seguro, r\u00e1pido y conveniente. Los m\u00e9todos de pago se enumeran a continuaci\u00f3n:<\/h3>\n\n<p>\u00a0<\/p>\t\t\t\t\t\t\t\t<\/div>\n\t\t\t\t<\/div>\n\t\t\t\t<div class=\"elementor-element elementor-element-2383ab1 wd-width-100 elementor-widget elementor-widget-wd_title\" data-id=\"2383ab1\" data-element_type=\"widget\" data-e-type=\"widget\" data-widget_type=\"wd_title.default\">\n\t\t\t\t<div class=\"elementor-widget-container\">\n\t\t\t\t\t\t\t<div class=\"title-wrapper wd-set-mb reset-last-child wd-title-color-primary wd-title-style-underlined wd-title-size-custom text-left\">\n\n\t\t\t\n\t\t\t<div class=\"liner-continer\">\n\t\t\t\t<h4 class=\"woodmart-title-container title\">1.Paypal<\/h4> \n\t\t\t\t\t\t\t<\/div>\n\n\t\t\t\t\t<\/div>\n\t\t\t\t\t\t<\/div>\n\t\t\t\t<\/div>\n\t\t\t\t<div class=\"elementor-element elementor-element-05a5752 elementor-widget elementor-widget-wd_text_block\" data-id=\"05a5752\" data-element_type=\"widget\" data-e-type=\"widget\" data-widget_type=\"wd_text_block.default\">\n\t\t\t\t<div class=\"elementor-widget-container\">\n\t\t\t\t\t\t\t<div class=\"wd-text-block reset-last-child text-left\">\n\t\t\t\n\t\t\t<p>Puede realizar pagos a trav\u00e9s de PayPal; a trav\u00e9s de PayPal, puede pagar con su tarjeta de d\u00e9bito\/cr\u00e9dito incluso sin abrir una cuenta en la plataforma.<\/p>\n<p>Tenga en cuenta que si el pago falla, puede transferirlo a nuestra cuenta de PayPal. Para que esto funcione, deber\u00e1 anotar su n\u00famero de pedido, ya que no pueden aparecer palabras sensibles relacionadas con mu\u00f1ecas sexuales.<\/p>\n<p>Es seguro y est\u00e1 protegido por la pol\u00edtica de protecci\u00f3n del comprador ejercida por PayPal.<\/p>\n\t\t\t\t\t<\/div>\n\t\t\t\t\t\t<\/div>\n\t\t\t\t<\/div>\n\t\t\t\t<div class=\"elementor-element elementor-element-284b90e wd-width-100 elementor-widget elementor-widget-wd_title\" data-id=\"284b90e\" data-element_type=\"widget\" data-e-type=\"widget\" data-widget_type=\"wd_title.default\">\n\t\t\t\t<div class=\"elementor-widget-container\">\n\t\t\t\t\t\t\t<div class=\"title-wrapper wd-set-mb reset-last-child wd-title-color-primary wd-title-style-underlined wd-title-size-custom text-left\">\n\n\t\t\t\n\t\t\t<div class=\"liner-continer\">\n\t\t\t\t<h4 class=\"woodmart-title-container title\">2. Tarjeta de cr\u00e9dito<\/h4> \n\t\t\t\t\t\t\t<\/div>\n\n\t\t\t\t\t<\/div>\n\t\t\t\t\t\t<\/div>\n\t\t\t\t<\/div>\n\t\t\t\t<div class=\"elementor-element elementor-element-50a1f1a elementor-widget elementor-widget-wd_text_block\" data-id=\"50a1f1a\" data-element_type=\"widget\" data-e-type=\"widget\" data-widget_type=\"wd_text_block.default\">\n\t\t\t\t<div class=\"elementor-widget-container\">\n\t\t\t\t\t\t\t<div class=\"wd-text-block reset-last-child text-left\">\n\t\t\t\n\t\t\t<p>Aceptamos pagos a trav\u00e9s de algunas de las principales tarjetas de cr\u00e9dito: MasterCard, Visa, American Express, Verve, etc. Utilizamos los protocolos de seguridad SSL m\u00e1s avanzados para el cifrado, as\u00ed que puede estar seguro de que su pago es seguro.<\/p>\n<h5>Consejos que podr\u00edan ayudar en su proceso:<\/h5>\n<p>Si los pagos fallan, nuestro servicio de atenci\u00f3n al cliente se pondr\u00e1 en contacto contigo y buscar\u00e1 una posible soluci\u00f3n para que puedas volver a intentarlo. <br \/>O <br \/>Puede elegir PayPal para completar su pago. Este m\u00e9todo es muy conveniente y tiene una tasa de \u00e9xito de 100%.<\/p>\n\t\t\t\t\t<\/div>\n\t\t\t\t\t\t<\/div>\n\t\t\t\t<\/div>\n\t\t\t\t<div class=\"elementor-element elementor-element-901f0a3 wd-width-100 elementor-widget elementor-widget-wd_title\" data-id=\"901f0a3\" data-element_type=\"widget\" data-e-type=\"widget\" data-widget_type=\"wd_title.default\">\n\t\t\t\t<div class=\"elementor-widget-container\">\n\t\t\t\t\t\t\t<div class=\"title-wrapper wd-set-mb reset-last-child wd-title-color-primary wd-title-style-underlined wd-title-size-custom text-left\">\n\n\t\t\t\n\t\t\t<div class=\"liner-continer\">\n\t\t\t\t<h4 class=\"woodmart-title-container title\">3. Transferencia bancaria en euros.<\/h4> \n\t\t\t\t\t\t\t<\/div>\n\n\t\t\t\t\t<\/div>\n\t\t\t\t\t\t<\/div>\n\t\t\t\t<\/div>\n\t\t\t\t<div class=\"elementor-element elementor-element-0734c77 elementor-widget elementor-widget-wd_text_block\" data-id=\"0734c77\" data-element_type=\"widget\" data-e-type=\"widget\" data-widget_type=\"wd_text_block.default\">\n\t\t\t\t<div class=\"elementor-widget-container\">\n\t\t\t\t\t\t\t<div class=\"wd-text-block reset-last-child text-left\">\n\t\t\t\n\t\t\t<p>Despu\u00e9s de realizar un pedido, nuestro sistema le enviar\u00e1 los detalles bancarios del pedido por correo electr\u00f3nico.<\/p>\n\t\t\t\t\t<\/div>\n\t\t\t\t\t\t<\/div>\n\t\t\t\t<\/div>\n\t\t\t\t<div class=\"elementor-element elementor-element-c84a550 wd-width-100 elementor-widget elementor-widget-wd_title\" data-id=\"c84a550\" data-element_type=\"widget\" data-e-type=\"widget\" data-widget_type=\"wd_title.default\">\n\t\t\t\t<div class=\"elementor-widget-container\">\n\t\t\t\t\t\t\t<div class=\"title-wrapper wd-set-mb reset-last-child wd-title-color-primary wd-title-style-underlined wd-title-size-custom text-left\">\n\n\t\t\t\n\t\t\t<div class=\"liner-continer\">\n\t\t\t\t<h4 class=\"woodmart-title-container title\">\u00bfQu\u00e9 hacer si el pago falla?<\/h4> \n\t\t\t\t\t\t\t<\/div>\n\n\t\t\t\t\t<\/div>\n\t\t\t\t\t\t<\/div>\n\t\t\t\t<\/div>\n\t\t\t\t<div class=\"elementor-element elementor-element-41d0db2 elementor-widget elementor-widget-wd_text_block\" data-id=\"41d0db2\" data-element_type=\"widget\" data-e-type=\"widget\" data-widget_type=\"wd_text_block.default\">\n\t\t\t\t<div class=\"elementor-widget-container\">\n\t\t\t\t\t\t\t<div class=\"wd-text-block reset-last-child text-left\">\n\t\t\t\n\t\t\t<p>P\u00f3ngase en contacto con su banco para realizar consultas e int\u00e9ntelo de nuevo, o utilice nuestro sistema de pago PayPal.<\/p>\n\t\t\t\t\t<\/div>\n\t\t\t\t\t\t<\/div>\n\t\t\t\t<\/div>\n\t\t\t\t<div class=\"elementor-element elementor-element-5bcaa8d wd-width-100 elementor-widget elementor-widget-wd_title\" data-id=\"5bcaa8d\" data-element_type=\"widget\" data-e-type=\"widget\" data-widget_type=\"wd_title.default\">\n\t\t\t\t<div class=\"elementor-widget-container\">\n\t\t\t\t\t\t\t<div class=\"title-wrapper wd-set-mb reset-last-child wd-title-color-primary wd-title-style-underlined wd-title-size-custom text-left\">\n\n\t\t\t\n\t\t\t<div class=\"liner-continer\">\n\t\t\t\t<h4 class=\"woodmart-title-container title\">Internet Explorer no es compatible.<\/h4> \n\t\t\t\t\t\t\t<\/div>\n\n\t\t\t\t\t\t\t<div class=\"title-after_title reset-last-child\">\n\t\t\t\t\tTenga en cuenta que, por el momento, nuestro sistema no funciona bien con un navegador Internet Explorer. Si lo est\u00e1 utilizando, es posible que el sitio web no se cargue. Firefox y Google Chrome son las mejores opciones para usar el sitio web. Si surge el mismo problema, consulte los siguientes detalles.\t\t\t\t<\/div>\n\t\t\t\t\t<\/div>\n\t\t\t\t\t\t<\/div>\n\t\t\t\t<\/div>\n\t\t\t\t<div class=\"elementor-element elementor-element-696735a wd-width-100 elementor-widget elementor-widget-wd_title\" data-id=\"696735a\" data-element_type=\"widget\" data-e-type=\"widget\" data-widget_type=\"wd_title.default\">\n\t\t\t\t<div class=\"elementor-widget-container\">\n\t\t\t\t\t\t\t<div class=\"title-wrapper wd-set-mb reset-last-child wd-title-color-primary wd-title-style-underlined wd-title-size-custom text-left\">\n\n\t\t\t\n\t\t\t<div class=\"liner-continer\">\n\t\t\t\t<h4 class=\"woodmart-title-container title\">PayPal est\u00e1 bloqueando la compra.<\/h4> \n\t\t\t\t\t\t\t<\/div>\n\n\t\t\t\t\t<\/div>\n\t\t\t\t\t\t<\/div>\n\t\t\t\t<\/div>\n\t\t\t\t\t<\/div>\n\t\t<\/div>\n\t\t\t\t\t<\/div>\n\t\t<\/section>\n\t\t\t\t<section class=\"wd-negative-gap elementor-section elementor-top-section elementor-element elementor-element-efd7b2e elementor-section-boxed elementor-section-height-default elementor-section-height-default\" data-id=\"efd7b2e\" data-element_type=\"section\" data-e-type=\"section\">\n\t\t\t\t\t\t<div class=\"elementor-container elementor-column-gap-default\">\n\t\t\t\t\t<div class=\"elementor-column elementor-col-100 elementor-top-column elementor-element elementor-element-5484bf5\" data-id=\"5484bf5\" data-element_type=\"column\" data-e-type=\"column\">\n\t\t\t<div class=\"elementor-widget-wrap elementor-element-populated\">\n\t\t\t\t\t\t<div class=\"elementor-element elementor-element-0ba4f96 elementor-widget elementor-widget-wd_text_block\" data-id=\"0ba4f96\" data-element_type=\"widget\" data-e-type=\"widget\" data-widget_type=\"wd_text_block.default\">\n\t\t\t\t<div class=\"elementor-widget-container\">\n\t\t\t\t\t\t\t<div class=\"wd-text-block reset-last-child text-left\">\n\t\t\t\n\t\t\tSu tarjeta de cr\u00e9dito o tarjeta de d\u00e9bito no es v\u00e1lida. Ejemplos de <p>este escenario son tarjetas no v\u00e1lidas, tarjetas vencidas, tarjetas inhabilitadas o tarjetas sobregiradas. <\/p>\n<p>\nSu tarjeta de cr\u00e9dito o d\u00e9bito no est\u00e1 autorizada para transacciones internacionales. Aseg\u00farese de que sus tarjetas puedan comprar art\u00edculos de comerciantes en el extranjero.<\/p>\n<p>Si recibe un error de recibo de PayPal, hay un error de su fuente de financiaci\u00f3n. P\u00f3ngase en contacto con el soporte de PayPal.com para obtener m\u00e1s informaci\u00f3n.<\/p>\n\n\t\t\t\t\t<\/div>\n\t\t\t\t\t\t<\/div>\n\t\t\t\t<\/div>\n\t\t\t\t<div class=\"elementor-element elementor-element-feac807 wd-width-100 elementor-widget elementor-widget-wd_title\" data-id=\"feac807\" data-element_type=\"widget\" data-e-type=\"widget\" data-widget_type=\"wd_title.default\">\n\t\t\t\t<div class=\"elementor-widget-container\">\n\t\t\t\t\t\t\t<div class=\"title-wrapper wd-set-mb reset-last-child wd-title-color-primary wd-title-style-underlined wd-title-size-custom text-left\">\n\n\t\t\t\n\t\t\t<div class=\"liner-continer\">\n\t\t\t\t<h4 class=\"woodmart-title-container title\">Consulta tu tarjeta.<\/h4> \n\t\t\t\t\t\t\t<\/div>\n\n\t\t\t\t\t<\/div>\n\t\t\t\t\t\t<\/div>\n\t\t\t\t<\/div>\n\t\t\t\t<div class=\"elementor-element elementor-element-8ebe305 elementor-widget elementor-widget-wd_text_block\" data-id=\"8ebe305\" data-element_type=\"widget\" data-e-type=\"widget\" data-widget_type=\"wd_text_block.default\">\n\t\t\t\t<div class=\"elementor-widget-container\">\n\t\t\t\t\t\t\t<div class=\"wd-text-block reset-last-child text-left\">\n\t\t\t\n\t\t\t<p><strong>No honrar:<\/strong> El banco no est\u00e1 dispuesto a permitir la transacci\u00f3n. Llame a su banco si el pago falla y explique por qu\u00e9 se rechaz\u00f3 el pago y exija su liberaci\u00f3n. Despu\u00e9s de eso, notif\u00edquenos y volveremos a enviar el cargo para que sea aprobado.<\/p>\n<p><strong>Alto riesgo:<\/strong> El banco requiere confirmaci\u00f3n adicional para evitar riesgos. Tome una foto de su tarjeta y env\u00edenos un correo electr\u00f3nico, luego se la daremos al banco para que la verifique e intentaremos cobrar por el servicio. Puede bloquear el n\u00famero en el medio, pero aseg\u00farese de que los \u00faltimos cuatro d\u00edgitos est\u00e9n visibles.<\/p>\n<p><strong>Fondos insuficientes:<\/strong> La cuenta no proporciona fondos suficientes para cubrir la transacci\u00f3n en ese momento.<\/p>\n<p><strong>L\u00edmite excedido:<\/strong> La transacci\u00f3n que intent\u00f3 excede el l\u00edmite de retiro de la cuenta.<\/p>\n<p><strong>Tarjeta expirada:<\/strong> Utilice una tarjeta diferente, la tarjeta est\u00e1 caducada.<\/p>\n<p><strong>N\u00famero de tarjeta de cr\u00e9dito no v\u00e1lido:<\/strong> Ingres\u00f3 un m\u00e9todo de pago no v\u00e1lido o presion\u00f3 los d\u00edgitos de la tarjeta incorrectos.<\/p>\n<p><strong>Fecha de expiracion inv\u00e1lida:<\/strong> Un m\u00e9todo de pago no v\u00e1lido o cometi\u00f3 un error tipogr\u00e1fico al escribir la fecha de vencimiento de la tarjeta. Corrija la informaci\u00f3n de pago y haga otro intento. Si se trata de un problema persistente, p\u00f3ngase en contacto con su banco.<\/p>\n<p><strong>Seg\u00fan la ubicaci\u00f3n:<\/strong> La transacci\u00f3n fue rechazada debido a la ubicaci\u00f3n.<\/p>\n<p><strong>Reglas de fraude del banco:<\/strong> Las regulaciones de fraude del banco bloquearon la transacci\u00f3n.<\/p>\n\t\t\t\t\t<\/div>\n\t\t\t\t\t\t<\/div>\n\t\t\t\t<\/div>\n\t\t\t\t<div class=\"elementor-element elementor-element-769c870 wd-width-100 elementor-widget elementor-widget-wd_title\" data-id=\"769c870\" data-element_type=\"widget\" data-e-type=\"widget\" data-widget_type=\"wd_title.default\">\n\t\t\t\t<div class=\"elementor-widget-container\">\n\t\t\t\t\t\t\t<div class=\"title-wrapper wd-set-mb reset-last-child wd-title-color-primary wd-title-style-underlined wd-title-size-custom text-left\">\n\n\t\t\t\n\t\t\t<div class=\"liner-continer\">\n\t\t\t\t<h4 class=\"woodmart-title-container title\">Si estos problemas contin\u00faan o su pago no se procesa a trav\u00e9s de PayPal, intente: <\/h4> \n\t\t\t\t\t\t\t<\/div>\n\n\t\t\t\t\t<\/div>\n\t\t\t\t\t\t<\/div>\n\t\t\t\t<\/div>\n\t\t\t\t<div class=\"elementor-element elementor-element-1b81e5f elementor-widget elementor-widget-wd_text_block\" data-id=\"1b81e5f\" data-element_type=\"widget\" data-e-type=\"widget\" data-widget_type=\"wd_text_block.default\">\n\t\t\t\t<div class=\"elementor-widget-container\">\n\t\t\t\t\t\t\t<div class=\"wd-text-block reset-last-child text-left\">\n\t\t\t\n\t\t\t<p>Realizando de nuevo el pago en un navegador que est\u00e9 en modo inc\u00f3gnito. <\/p>\n<p>O cambiando su m\u00e9todo de pago al finalizar la compra, o usando una tarjeta diferente o cuenta de PayPal. <\/p>\n<p>Si ninguno de estos problemas se aplica, cont\u00e1ctenos con su n\u00famero de pedido, nombre y direcci\u00f3n, con una captura de pantalla de la notificaci\u00f3n de error para que podamos ayudarlo a continuar con el pedido y confirmar el problema del error. <\/p>\n<p>Finalmente, tenga en cuenta que tiene derecho a recibir detalles de cualquier transacci\u00f3n fallida o exitosa de su banco. No obstante, si alg\u00fan pago no se realiza, comun\u00edquese con su banco o con nosotros.<\/p>\n\t\t\t\t\t<\/div>\n\t\t\t\t\t\t<\/div>\n\t\t\t\t<\/div>\n\t\t\t\t\t<\/div>\n\t\t<\/div>\n\t\t\t\t\t<\/div>\n\t\t<\/section>\n\t\t\t\t<\/div>","protected":false},"excerpt":{"rendered":"<p>Hacer compras de zx doll es seguro, r\u00e1pido y conveniente. Los m\u00e9todos de pago se enumeran a continuaci\u00f3n: 1. Paypal Puede<\/p>","protected":false},"author":4,"featured_media":0,"parent":0,"menu_order":0,"comment_status":"closed","ping_status":"closed","template":"","meta":{"footnotes":""},"class_list":["post-12","page","type-page","status-publish","hentry"],"_links":{"self":[{"href":"https:\/\/zxdoll.com\/es\/wp-json\/wp\/v2\/pages\/12","targetHints":{"allow":["GET"]}}],"collection":[{"href":"https:\/\/zxdoll.com\/es\/wp-json\/wp\/v2\/pages"}],"about":[{"href":"https:\/\/zxdoll.com\/es\/wp-json\/wp\/v2\/types\/page"}],"author":[{"embeddable":true,"href":"https:\/\/zxdoll.com\/es\/wp-json\/wp\/v2\/users\/4"}],"replies":[{"embeddable":true,"href":"https:\/\/zxdoll.com\/es\/wp-json\/wp\/v2\/comments?post=12"}],"version-history":[{"count":1,"href":"https:\/\/zxdoll.com\/es\/wp-json\/wp\/v2\/pages\/12\/revisions"}],"predecessor-version":[{"id":155668,"href":"https:\/\/zxdoll.com\/es\/wp-json\/wp\/v2\/pages\/12\/revisions\/155668"}],"wp:attachment":[{"href":"https:\/\/zxdoll.com\/es\/wp-json\/wp\/v2\/media?parent=12"}],"curies":[{"name":"wp","href":"https:\/\/api.w.org\/{rel}","templated":true}]}}